{"id":369,"date":"2020-11-19T08:53:55","date_gmt":"2020-11-19T08:53:55","guid":{"rendered":"https:\/\/elfsight.com\/pl\/?page_id=369"},"modified":"2021-04-21T13:41:33","modified_gmt":"2021-04-21T13:41:33","slug":"yola-apps","status":"publish","type":"page","link":"https:\/\/elfsight.com\/pl\/yola-apps\/","title":{"rendered":"Yola apps"},"content":{"rendered":"\n<h2>Najdoskonalsze widgety Elfsight dla wszystkich potrzeb\u00f3w twojej strony internetowej Yola<\/h2>\n\n<p>Przez 9 lat nasz zesp\u00f3\u0142 programist\u00f3w Elfsight produkuje \u0142atwe w obs\u0142udze i dostosowywane wtyczki chmurowe dla Twojej firmy. Nasz zesp\u00f3\u0142 gwarantuj\u0105 obs\u0142ug\u0119 techniczn\u0105 oraz szybko\u015b\u0107 wczytywania. Pluginy Elfsight wespraj\u0105 w\u0142a\u015bcicielom serwis\u00f3w www, edukacyjnych oraz wielu innym na \u015bwiecie poradzi\u0107 sobie z powa\u017cnymi problemami efektywniej. \n<\/p>\n\n<p>Mo\u017cesz powi\u0119kszy\u0107 liczb\u0119 potencjalnych klient\u00f3w, pokaza\u0107 5-gwiazdkow\u0105 ocen\u0119 na Pa\u0144stwa us\u0142ugi, zwi\u0119kszy\u0107 zaufanie do swojej marki, poprzez wbudowanie wtyczki do swojej strony internetowej. Nasze plany abonamentowe s\u0105 w zakresie od bezp\u0142atnych do premium. Spr\u00f3buj w\u0142\u0105czy\u0107 wszelkie odpowiednie aplikacji u\u017cywaj\u0105c naszej wersji demonstracyjnej i poznaj jak bardzo mo\u017ce to by\u0107 przydatne w kwestii rozwoju strony Web biznesu. <\/p>\n\n<h2>Czemu widgety Yola s\u0105 wyj\u0105tkowymi instrumentami dla Twojej strony www? <\/h2>\n\n<p> Zobacz spis g\u0142\u00f3wny cech naszych wid\u017cet\u00f3w, kt\u00f3re umo\u017cliwiaj\u0105 nam by\u0107 lepszymi, ni\u017c nasi konkurenci: <\/p>\n\n\n<ul>\n<li> Bezp\u0142atna i natychmiastowa wsparcie przy wbudowaniu lub customizacji rozszerze\u0144; <\/li>\n<li> W pe\u0142ni responsywne do wszystkich rozdzielczo\u015bci stron internetowych i dostosowane do urz\u0105dze\u0144 mobilnych; <\/li>\n<li> Nie trzeba mie\u0107 \u015brodk\u00f3w programowania lub umiej\u0119tno\u015bci; <\/li>\n<li> Bogaty wyb\u00f3r funkcji stylizacji; <\/li>\n<li> Przechowywanie danych chmurze pomagaj\u0105 zwi\u0119kszy\u0107 szybko\u015b\u0107 wczytywania witryny; <\/li>\n<li> Wszystkie przysz\u0142e poprawki s\u0105 nieodp\u0142atne i regularne; <\/li>\n<li> Rozs\u0105dny zakres cen; <\/li>\n<li> Sta\u0142a pomoc w przypadku problem\u00f3w. <\/li>\n<\/ul>\n\n<p> Poznaj bezp\u0142atne opcje naszych aplikacji i zrozumiej jej potencja\u0142 lub kup dowolne wymagane aplikacje z 20% obni\u017ck\u0105. <\/p>\n\n\n<h2> Jak wstawi\u0107 Twoje wtyczki Elfsight na swojej witrynie Yola <\/h2>\n\n<p> Aby doda\u0107 rozszerzenia, zobacz wszystkie etapy z \u0142atwej wskaz\u00f3wki: <\/p>\n\n\n<ol>\n<li> Kliknij przydatny plugin; <\/li>\n<li> Skonfiguruj potrzebne ustawienia; <\/li>\n<li> Zastosuj zmiany; <\/li>\n<li> Otrzymaj otrzymany kod; <\/li>\n<li> Dodaj go w potrzebnym miejscu Pa\u0144stwa strony lub szablonu; <\/li>\n<li> Gotowe! Pomy\u015blnie zako\u0144czy\u0142e\u015b dodawanie wid\u017cet. <\/li>\n<\/ol>\n\n<p> Je\u015bli potrzebujesz pomocy, zapraszamy napisa\u0107 do zespo\u0142u wspieraj\u0105cego Elfsight. <\/p>\n","protected":false},"excerpt":{"rendered":"Najdoskonalsze widgety Elfsight dla wszystkich potrzeb\u00f3w twojej strony internetowej Yola Przez 9 lat nasz zesp\u00f3\u0142 programist\u00f3w Elfsight produkuje \u0142atwe w obs\u0142udze i dostosowywane wtyczki chmurowe dla Twojej firmy. Nasz zesp\u00f3\u0142 gwarantuj\u0105 obs\u0142ug\u0119 techniczn\u0105 oraz szybko\u015b\u0107 wczytywania. Pluginy Elfsight wespraj\u0105 w\u0142a\u015bcicielom serwis\u00f3w www, edukacyjnych oraz wielu innym na \u015bwiecie poradzi\u0107 sobie&#8230;","protected":false},"author":13,"featured_media":0,"parent":0,"menu_order":0,"comment_status":"closed","ping_status":"closed","template":"templates\/template-platform.php","meta":{"publish_to_discourse":"","publish_post_category":"","wpdc_auto_publish_overridden":"","wpdc_topic_tags":"","wpdc_pin_topic":"","wpdc_pin_until":"","discourse_post_id":"","discourse_permalink":"","wpdc_publishing_response":"","wpdc_publishing_error":"","footnotes":""},"class_list":["post-369","page","type-page","status-publish","hentry"],"yoast_head":"<!-- This site is optimized with the Yoast SEO plugin v25.3.1 - https:\/\/yoast.com\/wordpress\/plugins\/seo\/ -->\n<title>Ponad 80 najlepszych darmowych Yola apps dla strony internetowej<\/title>\n<meta name=\"description\" content=\"Spis najlepszych nieodp\u0142atnych wtyczek dla twojej witryny internetowej Yola. Pom\u00f3c w dostosowanie i szeroka funkcjonalno\u015b\u0107.\" \/>\n<meta name=\"robots\" content=\"index, follow, max-snippet:-1, max-image-preview:large, max-video-preview:-1\" \/>\n<link rel=\"canonical\" href=\"https:\/\/elfsight.com\/pl\/yola-apps\/\" \/>\n<meta property=\"og:locale\" content=\"pl_PL\" \/>\n<meta property=\"og:type\" content=\"article\" \/>\n<meta property=\"og:title\" content=\"Ponad 80 najlepszych darmowych Yola apps dla strony internetowej\" \/>\n<meta property=\"og:description\" content=\"Spis najlepszych nieodp\u0142atnych wtyczek dla twojej witryny internetowej Yola. Pom\u00f3c w dostosowanie i szeroka funkcjonalno\u015b\u0107.\" \/>\n<meta property=\"og:url\" content=\"https:\/\/elfsight.com\/pl\/yola-apps\/\" \/>\n<meta property=\"og:site_name\" content=\"Elfsight PL\" \/>\n<meta property=\"article:modified_time\" content=\"2021-04-21T13:41:33+00:00\" \/>\n<meta name=\"twitter:card\" content=\"summary_large_image\" \/>\n<meta name=\"twitter:label1\" content=\"Szacowany czas czytania\" \/>\n\t<meta name=\"twitter:data1\" content=\"2 minuty\" \/>\n<!-- \/ Yoast SEO plugin. -->","yoast_head_json":{"title":"Ponad 80 najlepszych darmowych Yola apps dla strony internetowej","description":"Spis najlepszych nieodp\u0142atnych wtyczek dla twojej witryny internetowej Yola. Pom\u00f3c w dostosowanie i szeroka funkcjonalno\u015b\u0107.","robots":{"index":"index","follow":"follow","max-snippet":"max-snippet:-1","max-image-preview":"max-image-preview:large","max-video-preview":"max-video-preview:-1"},"canonical":"https:\/\/elfsight.com\/pl\/yola-apps\/","og_locale":"pl_PL","og_type":"article","og_title":"Ponad 80 najlepszych darmowych Yola apps dla strony internetowej","og_description":"Spis najlepszych nieodp\u0142atnych wtyczek dla twojej witryny internetowej Yola. Pom\u00f3c w dostosowanie i szeroka funkcjonalno\u015b\u0107.","og_url":"https:\/\/elfsight.com\/pl\/yola-apps\/","og_site_name":"Elfsight PL","article_modified_time":"2021-04-21T13:41:33+00:00","twitter_card":"summary_large_image","twitter_misc":{"Szacowany czas czytania":"2 minuty"},"schema":{"@context":"https:\/\/schema.org","@graph":[{"@type":"WebPage","@id":"https:\/\/elfsight.com\/pl\/yola-apps\/","url":"https:\/\/elfsight.com\/pl\/yola-apps\/","name":"Ponad 80 najlepszych darmowych Yola apps dla strony internetowej","isPartOf":{"@id":"https:\/\/elfsight.com\/pl\/#website"},"datePublished":"2020-11-19T08:53:55+00:00","dateModified":"2021-04-21T13:41:33+00:00","description":"Spis najlepszych nieodp\u0142atnych wtyczek dla twojej witryny internetowej Yola. Pom\u00f3c w dostosowanie i szeroka funkcjonalno\u015b\u0107.","breadcrumb":{"@id":"https:\/\/elfsight.com\/pl\/yola-apps\/#breadcrumb"},"inLanguage":"pl-PL","potentialAction":[{"@type":"ReadAction","target":["https:\/\/elfsight.com\/pl\/yola-apps\/"]}]},{"@type":"BreadcrumbList","@id":"https:\/\/elfsight.com\/pl\/yola-apps\/#breadcrumb","itemListElement":[{"@type":"ListItem","position":1,"name":"Home","item":"https:\/\/elfsight.com\/pl\/"},{"@type":"ListItem","position":2,"name":"Yola apps"}]},{"@type":"WebSite","@id":"https:\/\/elfsight.com\/pl\/#website","url":"https:\/\/elfsight.com\/pl\/","name":"Elfsight PL","description":"Just another Elfsight Sites site","potentialAction":[{"@type":"SearchAction","target":{"@type":"EntryPoint","urlTemplate":"https:\/\/elfsight.com\/pl\/?s={search_term_string}"},"query-input":{"@type":"PropertyValueSpecification","valueRequired":true,"valueName":"search_term_string"}}],"inLanguage":"pl-PL"}]}},"meta_box":{"industry":"","seo_heading":"","heading":"","description":"","cta_heading":"","cta_description":"","application":"","h1":"Najlepsze aplikacje Yola","h1_caption":"Nieodp\u0142atny pakiet Plug&Play element\u00f3w interfejsu pierwszej klasy z szerokim wachlarzem funkcjonalno\u015bci dla zwi\u0119kszenia sprzeda\u017cy i realizacji wszystkich r\u00f3\u017cnych cel\u00f3w handlowych. Nieskomplikowana implementacja, obszerny wyb\u00f3r mo\u017cliwo\u015bci konfiguracji i profesjonalne wsparcie klienta.","application_category":[],"applications_title":"Przetestuj najlepsze aplikacji dla twojej strony internetowej w\u015br\u00f3d wszystkich dodatk\u00f3w nieodp\u0142atnych w demonstracje online","applications_request_title":"Nie mo\u017cesz znale\u017a\u0107 odpowiedniej aplikacji?","applications_request_button_text":"Zam\u00f3w aplikacje","hero_text":"","hero_video":"","hero_video_schema_markup":"","selling_points_title":"","selling_points_caption":"","selling_points":[],"selling_points_cta_text":"","features_title":"","features":"","ed_cta_examples_text":"","ed_cta_examples_hidden":"","ed_cta_demo_text":"","ed_cta_demo_hidden":"","why_caption":"","why_editor_title":"","why_editor_text":"","why_team_title":"","why_team_text":"","why_service_title":"","why_service_text":"","template_catalog_visible":"","template_catalog_title":"","template_catalog_text":"","template_catalog_categories_visible":"","demo_title":"","demo_caption":"","default_faq_hidden":"","app_template_category":[],"platform":"366","template_public_id":"","codecanyon_url":"","codecanyon_item_id":"","codecanyon_price":"","pricing_caption":"","pricing_elfsight_apps_hide_column":"","pricing_elfsight_apps_url":"","pricing_codecanyon_price_caption":"","integration_category":[],"integration_request_title":"","integration_request_cta":"","integration_platform":"","integrations":[],"platform_category":[],"video_schema_markup":"","price":"","trial":"","benefits":[],"button_url":"","button_target_blank":"","button_nofollow":"","attributes":[],"tags":[],"tags_disable_links":"","hide_more_platforms":"","video_object":"","demo_hide_cta":"","demo_hide_cloud_options":"","pricing_title":"","pricing":[],"related_apps_title":"","related_apps_hidden":"","author":"","image":[],"title":"","job":"","social_networks":[]},"_links":{"self":[{"href":"https:\/\/elfsight.com\/pl\/wp-json\/wp\/v2\/pages\/369","targetHints":{"allow":["GET"]}}],"collection":[{"href":"https:\/\/elfsight.com\/pl\/wp-json\/wp\/v2\/pages"}],"about":[{"href":"https:\/\/elfsight.com\/pl\/wp-json\/wp\/v2\/types\/page"}],"author":[{"embeddable":true,"href":"https:\/\/elfsight.com\/pl\/wp-json\/wp\/v2\/users\/13"}],"replies":[{"embeddable":true,"href":"https:\/\/elfsight.com\/pl\/wp-json\/wp\/v2\/comments?post=369"}],"version-history":[{"count":2,"href":"https:\/\/elfsight.com\/pl\/wp-json\/wp\/v2\/pages\/369\/revisions"}],"predecessor-version":[{"id":371,"href":"https:\/\/elfsight.com\/pl\/wp-json\/wp\/v2\/pages\/369\/revisions\/371"}],"wp:attachment":[{"href":"https:\/\/elfsight.com\/pl\/wp-json\/wp\/v2\/media?parent=369"}],"curies":[{"name":"wp","href":"https:\/\/api.w.org\/{rel}","templated":true}]}}