{"id":363,"date":"2020-11-17T13:35:16","date_gmt":"2020-11-17T13:35:16","guid":{"rendered":"https:\/\/elfsight.com\/pl\/?page_id=363"},"modified":"2021-04-21T13:41:22","modified_gmt":"2021-04-21T13:41:22","slug":"wp-engine-plugins","status":"publish","type":"page","link":"https:\/\/elfsight.com\/pl\/wp-engine-plugins\/","title":{"rendered":"WP Engine plugins"},"content":{"rendered":"\n<h2>Najdoskonalsze pluginy Elfsight dla unowocze\u015bnienia twojej strony internetowej WP Engine<\/h2>\n\n<p>Przez dziewi\u0119\u0107 lat nasza dru\u017cyna deweloper\u00f3w Elfsight buduje korzystne i modyfikowalne rozwi\u0105zania chmurowe dla Twojej firmy. Elfsight zapewnia wsparcie premium i szybkie \u0142adowanie. Wid\u017cety Elfsight wspomagaj\u0105 w\u0142a\u015bcicielom stron internetowych, edukacyjnych oraz innym na \u015bwiecie poradzi\u0107 sobie z kluczowymi celami wydajniej. \n<\/p>\n\n<p>Aby zwi\u0119kszy\u0107 liczb\u0119 potencjalnych klient\u00f3w, wykaza\u0107 pozytywny feedback na Pa\u0144stwa produkty, zwi\u0119kszy\u0107 zaufanie do swojej marki, poprzez osadzanie dodatka do swojej strony internetowej. Nasze plany abonamentowe wahaj\u0105 si\u0119 od bezp\u0142atnych do premium. Spr\u00f3buj w\u0142\u0105czy\u0107 wszelkie wybrane rozszerzenia za pomoc\u0105 naszej wersji Live Demo i poznaj jak bardzo mo\u017ce to by\u0107 przydatne w kwestii rozwoju serwisu www firmy. <\/p>\n\n<h2>Czemu rozszerzenia WP Engine s\u0105 jednymi z najlepszych narz\u0119dziami dla Twojej witryny? <\/h2>\n\n<p> Oto spis kluczowych charakterystyk naszych wid\u017cet\u00f3w, kt\u00f3re pomagaj\u0105 nam by\u0107 lepszymi, ni\u017c nasi konkurenci: <\/p>\n\n\n<ul>\n<li> Bezp\u0142atna i sprawna obs\u0142uga przy wbudowaniu lub personalizacji rozszerze\u0144; <\/li>\n<li> Zdolno\u015b\u0107 dostosowywania do wszystkich rozdzielczo\u015bci witryn internetowych i dostosowane do urz\u0105dze\u0144 mobilnych; <\/li>\n<li> Nie trzeba mie\u0107 \u015brodk\u00f3w programowania lub umiej\u0119tno\u015bci; <\/li>\n<li> Szeroka gama ustawie\u0144 dostosowywania; <\/li>\n<li> Przechowywanie danych chmurze pomagaj\u0105 zwi\u0119kszy\u0107 szybko\u015b\u0107 \u0142adowania serwisu; <\/li>\n<li> Wszystkie dost\u0119pne aktualizacje s\u0105 gratisowe i regularnie publikowane; <\/li>\n<li> Rozs\u0105dny zakres cen; <\/li>\n<li> Szybka pomoc z problemami klient\u00f3w. <\/li>\n<\/ul>\n\n<p> Poznaj bezp\u0142atne opcje naszych widget\u00f3w i osi\u0105gnij jej potencja\u0142 lub zainstaluj dowolne wymagane wtyczk\u0119 z 20% obni\u017ck\u0105. <\/p>\n\n\n<h2> Jak w\u0142\u0105czy\u0107 Pa\u0144stwa dodatki Elfsight na Pa\u0144stwa witrynie WP Engine <\/h2>\n\n<p> Aby doda\u0107 dodatki, wykonaj kroki z oczywistej instrukcji: <\/p>\n\n\n<ol>\n<li> Wybierz potrzebn\u0105 wtyczk\u0119; <\/li>\n<li> Dostosuj wszystkie konieczne ustawienia; <\/li>\n<li> Nie zapomnijcie, aby zapisa\u0107 zmiany; <\/li>\n<li> Skopiuj otrzymany kod; <\/li>\n<li> Dodaj go w odpowiednim miejscu Pa\u0144stwa strony lub szablonu; <\/li>\n<li> Gotowe! Zainstalowa\u0142e\u015b dodatek. <\/li>\n<\/ol>\n\n<p> W razie pyta\u0144, nie wahaj si\u0119 wys\u0142a\u0107 wiadomo\u015b\u0107 do zespo\u0142u wsparcia Elfsight. <\/p>\n","protected":false},"excerpt":{"rendered":"Najdoskonalsze pluginy Elfsight dla unowocze\u015bnienia twojej strony internetowej WP Engine Przez dziewi\u0119\u0107 lat nasza dru\u017cyna deweloper\u00f3w Elfsight buduje korzystne i modyfikowalne rozwi\u0105zania chmurowe dla Twojej firmy. Elfsight zapewnia wsparcie premium i szybkie \u0142adowanie. Wid\u017cety Elfsight wspomagaj\u0105 w\u0142a\u015bcicielom stron internetowych, edukacyjnych oraz innym na \u015bwiecie poradzi\u0107 sobie z kluczowymi celami wydajniej&#8230;.","protected":false},"author":13,"featured_media":0,"parent":0,"menu_order":0,"comment_status":"closed","ping_status":"closed","template":"templates\/template-platform.php","meta":{"publish_to_discourse":"","publish_post_category":"","wpdc_auto_publish_overridden":"","wpdc_topic_tags":"","wpdc_pin_topic":"","wpdc_pin_until":"","discourse_post_id":"","discourse_permalink":"","wpdc_publishing_response":"","wpdc_publishing_error":"","footnotes":""},"class_list":["post-363","page","type-page","status-publish","hentry"],"yoast_head":"<!-- This site is optimized with the Yoast SEO plugin v25.3.1 - https:\/\/yoast.com\/wordpress\/plugins\/seo\/ -->\n<title>Ponad 80 najlepszych WP Engine plugin\u00f3w dla strony internetowej<\/title>\n<meta name=\"description\" content=\"Odbi\u00f3r doskona\u0142ych darmowych dodatk\u00f3w najwy\u017cszej klasy dla twojej witryny internetowej WP Engine. Pom\u00f3c w dostosowanie i bogata gama opcji.\" \/>\n<meta name=\"robots\" content=\"index, follow, max-snippet:-1, max-image-preview:large, max-video-preview:-1\" \/>\n<link rel=\"canonical\" href=\"https:\/\/elfsight.com\/pl\/wp-engine-plugins\/\" \/>\n<meta property=\"og:locale\" content=\"pl_PL\" \/>\n<meta property=\"og:type\" content=\"article\" \/>\n<meta property=\"og:title\" content=\"Ponad 80 najlepszych WP Engine plugin\u00f3w dla strony internetowej\" \/>\n<meta property=\"og:description\" content=\"Odbi\u00f3r doskona\u0142ych darmowych dodatk\u00f3w najwy\u017cszej klasy dla twojej witryny internetowej WP Engine. Pom\u00f3c w dostosowanie i bogata gama opcji.\" \/>\n<meta property=\"og:url\" content=\"https:\/\/elfsight.com\/pl\/wp-engine-plugins\/\" \/>\n<meta property=\"og:site_name\" content=\"Elfsight PL\" \/>\n<meta property=\"article:modified_time\" content=\"2021-04-21T13:41:22+00:00\" \/>\n<meta name=\"twitter:card\" content=\"summary_large_image\" \/>\n<meta name=\"twitter:label1\" content=\"Szacowany czas czytania\" \/>\n\t<meta name=\"twitter:data1\" content=\"2 minuty\" \/>\n<!-- \/ Yoast SEO plugin. -->","yoast_head_json":{"title":"Ponad 80 najlepszych WP Engine plugin\u00f3w dla strony internetowej","description":"Odbi\u00f3r doskona\u0142ych darmowych dodatk\u00f3w najwy\u017cszej klasy dla twojej witryny internetowej WP Engine. Pom\u00f3c w dostosowanie i bogata gama opcji.","robots":{"index":"index","follow":"follow","max-snippet":"max-snippet:-1","max-image-preview":"max-image-preview:large","max-video-preview":"max-video-preview:-1"},"canonical":"https:\/\/elfsight.com\/pl\/wp-engine-plugins\/","og_locale":"pl_PL","og_type":"article","og_title":"Ponad 80 najlepszych WP Engine plugin\u00f3w dla strony internetowej","og_description":"Odbi\u00f3r doskona\u0142ych darmowych dodatk\u00f3w najwy\u017cszej klasy dla twojej witryny internetowej WP Engine. Pom\u00f3c w dostosowanie i bogata gama opcji.","og_url":"https:\/\/elfsight.com\/pl\/wp-engine-plugins\/","og_site_name":"Elfsight PL","article_modified_time":"2021-04-21T13:41:22+00:00","twitter_card":"summary_large_image","twitter_misc":{"Szacowany czas czytania":"2 minuty"},"schema":{"@context":"https:\/\/schema.org","@graph":[{"@type":"WebPage","@id":"https:\/\/elfsight.com\/pl\/wp-engine-plugins\/","url":"https:\/\/elfsight.com\/pl\/wp-engine-plugins\/","name":"Ponad 80 najlepszych WP Engine plugin\u00f3w dla strony internetowej","isPartOf":{"@id":"https:\/\/elfsight.com\/pl\/#website"},"datePublished":"2020-11-17T13:35:16+00:00","dateModified":"2021-04-21T13:41:22+00:00","description":"Odbi\u00f3r doskona\u0142ych darmowych dodatk\u00f3w najwy\u017cszej klasy dla twojej witryny internetowej WP Engine. Pom\u00f3c w dostosowanie i bogata gama opcji.","breadcrumb":{"@id":"https:\/\/elfsight.com\/pl\/wp-engine-plugins\/#breadcrumb"},"inLanguage":"pl-PL","potentialAction":[{"@type":"ReadAction","target":["https:\/\/elfsight.com\/pl\/wp-engine-plugins\/"]}]},{"@type":"BreadcrumbList","@id":"https:\/\/elfsight.com\/pl\/wp-engine-plugins\/#breadcrumb","itemListElement":[{"@type":"ListItem","position":1,"name":"Home","item":"https:\/\/elfsight.com\/pl\/"},{"@type":"ListItem","position":2,"name":"WP Engine plugins"}]},{"@type":"WebSite","@id":"https:\/\/elfsight.com\/pl\/#website","url":"https:\/\/elfsight.com\/pl\/","name":"Elfsight PL","description":"Just another Elfsight Sites site","potentialAction":[{"@type":"SearchAction","target":{"@type":"EntryPoint","urlTemplate":"https:\/\/elfsight.com\/pl\/?s={search_term_string}"},"query-input":{"@type":"PropertyValueSpecification","valueRequired":true,"valueName":"search_term_string"}}],"inLanguage":"pl-PL"}]}},"meta_box":{"industry":"","seo_heading":"","heading":"","description":"","cta_heading":"","cta_description":"","application":"","h1":"Najlepsze pluginy WP Engine","h1_caption":"Nieodp\u0142atny zestaw rewelacyjnych plugin\u00f3w wysokiej klasy z szerokim zakresem mo\u017cliwo\u015bci dla powi\u0119kszania zaanga\u017cowania u\u017cytkownika oraz realizacji wszystkich pozosta\u0142ych dzia\u0142a\u0144 marketingowych. Szybka instalacja, szeroki wyb\u00f3r mo\u017cliwo\u015bci personalizacji a tak\u017ce profesjonalna obs\u0142uga klienta.","application_category":[],"applications_title":"Sprawd\u017a najodpowiedniejsze pluginy dla twojej witryny internetowej w\u015br\u00f3d wszystkich widget\u00f3w nieodp\u0142atnych w demonstracje online","applications_request_title":"Nie mo\u017cesz znale\u017a\u0107 odpowiedni plugin?","applications_request_button_text":"Zam\u00f3w plugin","hero_text":"","hero_video":"","hero_video_schema_markup":"","selling_points_title":"","selling_points_caption":"","selling_points":[],"selling_points_cta_text":"","features_title":"","features":"","ed_cta_examples_text":"","ed_cta_examples_hidden":"","ed_cta_demo_text":"","ed_cta_demo_hidden":"","why_caption":"","why_editor_title":"","why_editor_text":"","why_team_title":"","why_team_text":"","why_service_title":"","why_service_text":"","template_catalog_visible":"","template_catalog_title":"","template_catalog_text":"","template_catalog_categories_visible":"","demo_title":"","demo_caption":"","default_faq_hidden":"","app_template_category":[],"platform":"360","template_public_id":"","codecanyon_url":"","codecanyon_item_id":"","codecanyon_price":"","pricing_caption":"","pricing_elfsight_apps_hide_column":"","pricing_elfsight_apps_url":"","pricing_codecanyon_price_caption":"","integration_category":[],"integration_request_title":"","integration_request_cta":"","integration_platform":"","integrations":[],"platform_category":[],"video_schema_markup":"","price":"","trial":"","benefits":[],"button_url":"","button_target_blank":"","button_nofollow":"","attributes":[],"tags":[],"tags_disable_links":"","hide_more_platforms":"","video_object":"","demo_hide_cta":"","demo_hide_cloud_options":"","pricing_title":"","pricing":[],"related_apps_title":"","related_apps_hidden":"","author":"","image":[],"title":"","job":"","social_networks":[]},"_links":{"self":[{"href":"https:\/\/elfsight.com\/pl\/wp-json\/wp\/v2\/pages\/363","targetHints":{"allow":["GET"]}}],"collection":[{"href":"https:\/\/elfsight.com\/pl\/wp-json\/wp\/v2\/pages"}],"about":[{"href":"https:\/\/elfsight.com\/pl\/wp-json\/wp\/v2\/types\/page"}],"author":[{"embeddable":true,"href":"https:\/\/elfsight.com\/pl\/wp-json\/wp\/v2\/users\/13"}],"replies":[{"embeddable":true,"href":"https:\/\/elfsight.com\/pl\/wp-json\/wp\/v2\/comments?post=363"}],"version-history":[{"count":2,"href":"https:\/\/elfsight.com\/pl\/wp-json\/wp\/v2\/pages\/363\/revisions"}],"predecessor-version":[{"id":365,"href":"https:\/\/elfsight.com\/pl\/wp-json\/wp\/v2\/pages\/363\/revisions\/365"}],"wp:attachment":[{"href":"https:\/\/elfsight.com\/pl\/wp-json\/wp\/v2\/media?parent=363"}],"curies":[{"name":"wp","href":"https:\/\/api.w.org\/{rel}","templated":true}]}}