{"id":356,"date":"2020-11-17T13:27:11","date_gmt":"2020-11-17T13:27:11","guid":{"rendered":"https:\/\/elfsight.com\/pl\/?page_id=356"},"modified":"2021-04-21T13:41:14","modified_gmt":"2021-04-21T13:41:14","slug":"americommerce-apps","status":"publish","type":"page","link":"https:\/\/elfsight.com\/pl\/americommerce-apps\/","title":{"rendered":"AmeriCommerce apps"},"content":{"rendered":"\n<h2>Najbardziej optymalne dodatki Elfsight dla unowocze\u015bnienia twojej strony internetowej AmeriCommerce<\/h2>\n\n<p>W ci\u0105gu 9 lat nasz team programist\u00f3w Elfsight wypuszcza korzystne i wszechstronne pluginy chmurowe dla Twojej strony www. Mo\u017cemy zagwarantowa\u0107 obs\u0142ug\u0119 techniczn\u0105 i du\u017c\u0105 szybko\u015b\u0107 \u0142adowania. Elementy interfejsu Elfsight wspomagaj\u0105 w\u0142a\u015bcicielom witryn e-commerce, edukacyjnych i wielu innym na ca\u0142ym \u015bwiecie zaradzi\u0107 podstawowymi kwestiami bardziej racjonalnie. \n<\/p>\n\n<p>Aby podnie\u015b\u0107 sprzeda\u017c, przedstawi\u0107 5-gwiazdkow\u0105 ocen\u0119 na swoje oferty, zwi\u0119kszy\u0107 zaufanie do swojej marki, wystarczy zainstalowa\u0107 aplikacje do Twojej witryny. Nasze plany abonamentowe wahaj\u0105 si\u0119 od bezp\u0142atnych do premium. Spr\u00f3buj do\u0142\u0105czy\u0107 dowolnie wybrane wtyczki korzystaj\u0105c z naszej wersji Live Demo i spotkaj jak bardzo mo\u017ce to by\u0107 istotne w kwestii rozwoju strony internetowej Pa\u0144stwa przedsi\u0119biorstwa. <\/p>\n\n<h2>Co powoduje, \u017ce nasze wid\u017cety Elfsight s\u0105 jednymi z najlepszych instrumentami dla was? <\/h2>\n\n<p> Oto spis g\u0142\u00f3wny charakterystyk naszych widget\u00f3w, kt\u00f3re umo\u017cliwiaj\u0105 nam by\u0107 lepszymi, ni\u017c nasi konkurenci: <\/p>\n\n\n<ul>\n<li> Nieodp\u0142atna i natychmiastowa obs\u0142uga przy wbudowaniu lub personalizacji aplikacji; <\/li>\n<li> Automatyczne dostosowanie do wszystkich rozdzielczo\u015bci stron internetowych i przyjazne dla urz\u0105dze\u0144 mobilnych; <\/li>\n<li> Nie musisz programowa\u0107; <\/li>\n<li> Szeroki wyb\u00f3r opcji dostosowywania; <\/li>\n<li> Przechowywanie danych chmurze pomagaj\u0105 zwi\u0119kszy\u0107 pr\u0119dko\u015b\u0107 witryny; <\/li>\n<li> Wszystkie aktualizacje s\u0105 bezp\u0142atne i regularnie publikowane; <\/li>\n<li> Przyst\u0119pne ceny; <\/li>\n<li> Sta\u0142a pomoc w przypadku problem\u00f3w. <\/li>\n<\/ul>\n\n<p> Zbadaj bezp\u0142atne opcje naszych aplikacji i wykorzystaj jej potencja\u0142 lub kup dowolne wymagane wtyczk\u0119 z 20% zni\u017ck\u0105. <\/p>\n\n\n<h2> Jak do\u0142\u0105czy\u0107 Pa\u0144stwa rozszerzenia na stronie internetowej AmeriCommerce <\/h2>\n\n<p> A\u017ceby wbudowa\u0107 nasze rozszerzenia, zobacz wszystkie kroki z \u0142atwej instrukcji: <\/p>\n\n\n<ol>\n<li> Kliknij na wymagan\u0105 wtyczk\u0119; <\/li>\n<li> Zmodyfikuj konieczne konfiguracji; <\/li>\n<li> Zapisz zmiany; <\/li>\n<li> Otrzymaj generowany kod; <\/li>\n<li> Zainstaluj kod instalacyjny w przydatnym miejscu Twojej witryny lub szablonu; <\/li>\n<li> Sko\u0144czone! Pomy\u015blnie zako\u0144czy\u0142e\u015b dodawanie widgetu. <\/li>\n<\/ol>\n\n<p> Je\u015bli potrzebujesz pomocy, zapraszamy skontaktowa\u0107 si\u0119 z zespo\u0142em pomocy technicznej Elfsight. <\/p>\n","protected":false},"excerpt":{"rendered":"Najbardziej optymalne dodatki Elfsight dla unowocze\u015bnienia twojej strony internetowej AmeriCommerce W ci\u0105gu 9 lat nasz team programist\u00f3w Elfsight wypuszcza korzystne i wszechstronne pluginy chmurowe dla Twojej strony www. Mo\u017cemy zagwarantowa\u0107 obs\u0142ug\u0119 techniczn\u0105 i du\u017c\u0105 szybko\u015b\u0107 \u0142adowania. Elementy interfejsu Elfsight wspomagaj\u0105 w\u0142a\u015bcicielom witryn e-commerce, edukacyjnych i wielu innym na ca\u0142ym \u015bwiecie&#8230;","protected":false},"author":13,"featured_media":0,"parent":0,"menu_order":0,"comment_status":"closed","ping_status":"closed","template":"templates\/template-platform.php","meta":{"publish_to_discourse":"","publish_post_category":"","wpdc_auto_publish_overridden":"","wpdc_topic_tags":"","wpdc_pin_topic":"","wpdc_pin_until":"","discourse_post_id":"","discourse_permalink":"","wpdc_publishing_response":"","wpdc_publishing_error":"","footnotes":""},"class_list":["post-356","page","type-page","status-publish","hentry"],"yoast_head":"<!-- This site is optimized with the Yoast SEO plugin v25.3.1 - https:\/\/yoast.com\/wordpress\/plugins\/seo\/ -->\n<title>Ponad 80 darmowych AmeriCommerce apps dla strony internetowej<\/title>\n<meta name=\"description\" content=\"Spis testowanych dodatk\u00f3w pierwszej klasy dla twojej witryny sieci Web AmeriCommerce. Pom\u00f3c przy personalizacji oraz bogata funkcjonalno\u015b\u0107.\" \/>\n<meta name=\"robots\" content=\"index, follow, max-snippet:-1, max-image-preview:large, max-video-preview:-1\" \/>\n<link rel=\"canonical\" href=\"https:\/\/elfsight.com\/pl\/americommerce-apps\/\" \/>\n<meta property=\"og:locale\" content=\"pl_PL\" \/>\n<meta property=\"og:type\" content=\"article\" \/>\n<meta property=\"og:title\" content=\"Ponad 80 darmowych AmeriCommerce apps dla strony internetowej\" \/>\n<meta property=\"og:description\" content=\"Spis testowanych dodatk\u00f3w pierwszej klasy dla twojej witryny sieci Web AmeriCommerce. Pom\u00f3c przy personalizacji oraz bogata funkcjonalno\u015b\u0107.\" \/>\n<meta property=\"og:url\" content=\"https:\/\/elfsight.com\/pl\/americommerce-apps\/\" \/>\n<meta property=\"og:site_name\" content=\"Elfsight PL\" \/>\n<meta property=\"article:modified_time\" content=\"2021-04-21T13:41:14+00:00\" \/>\n<meta name=\"twitter:card\" content=\"summary_large_image\" \/>\n<meta name=\"twitter:label1\" content=\"Szacowany czas czytania\" \/>\n\t<meta name=\"twitter:data1\" content=\"2 minuty\" \/>\n<!-- \/ Yoast SEO plugin. -->","yoast_head_json":{"title":"Ponad 80 darmowych AmeriCommerce apps dla strony internetowej","description":"Spis testowanych dodatk\u00f3w pierwszej klasy dla twojej witryny sieci Web AmeriCommerce. Pom\u00f3c przy personalizacji oraz bogata funkcjonalno\u015b\u0107.","robots":{"index":"index","follow":"follow","max-snippet":"max-snippet:-1","max-image-preview":"max-image-preview:large","max-video-preview":"max-video-preview:-1"},"canonical":"https:\/\/elfsight.com\/pl\/americommerce-apps\/","og_locale":"pl_PL","og_type":"article","og_title":"Ponad 80 darmowych AmeriCommerce apps dla strony internetowej","og_description":"Spis testowanych dodatk\u00f3w pierwszej klasy dla twojej witryny sieci Web AmeriCommerce. Pom\u00f3c przy personalizacji oraz bogata funkcjonalno\u015b\u0107.","og_url":"https:\/\/elfsight.com\/pl\/americommerce-apps\/","og_site_name":"Elfsight PL","article_modified_time":"2021-04-21T13:41:14+00:00","twitter_card":"summary_large_image","twitter_misc":{"Szacowany czas czytania":"2 minuty"},"schema":{"@context":"https:\/\/schema.org","@graph":[{"@type":"WebPage","@id":"https:\/\/elfsight.com\/pl\/americommerce-apps\/","url":"https:\/\/elfsight.com\/pl\/americommerce-apps\/","name":"Ponad 80 darmowych AmeriCommerce apps dla strony internetowej","isPartOf":{"@id":"https:\/\/elfsight.com\/pl\/#website"},"datePublished":"2020-11-17T13:27:11+00:00","dateModified":"2021-04-21T13:41:14+00:00","description":"Spis testowanych dodatk\u00f3w pierwszej klasy dla twojej witryny sieci Web AmeriCommerce. Pom\u00f3c przy personalizacji oraz bogata funkcjonalno\u015b\u0107.","breadcrumb":{"@id":"https:\/\/elfsight.com\/pl\/americommerce-apps\/#breadcrumb"},"inLanguage":"pl-PL","potentialAction":[{"@type":"ReadAction","target":["https:\/\/elfsight.com\/pl\/americommerce-apps\/"]}]},{"@type":"BreadcrumbList","@id":"https:\/\/elfsight.com\/pl\/americommerce-apps\/#breadcrumb","itemListElement":[{"@type":"ListItem","position":1,"name":"Home","item":"https:\/\/elfsight.com\/pl\/"},{"@type":"ListItem","position":2,"name":"AmeriCommerce apps"}]},{"@type":"WebSite","@id":"https:\/\/elfsight.com\/pl\/#website","url":"https:\/\/elfsight.com\/pl\/","name":"Elfsight PL","description":"Just another Elfsight Sites site","potentialAction":[{"@type":"SearchAction","target":{"@type":"EntryPoint","urlTemplate":"https:\/\/elfsight.com\/pl\/?s={search_term_string}"},"query-input":{"@type":"PropertyValueSpecification","valueRequired":true,"valueName":"search_term_string"}}],"inLanguage":"pl-PL"}]}},"meta_box":{"industry":"","seo_heading":"","heading":"","description":"","cta_heading":"","cta_description":"","application":"","h1":"Najlepsze aplikacje AmeriCommerce","h1_caption":"Darmowy pakiet rewelacyjnych wid\u017cet\u00f3w najwy\u017cszej klasy z szerok\u0105 gam\u0105 funkcjonalno\u015bci dla powi\u0119kszania sprzeda\u017cy oraz realizacji wszystkich podstawowych zada\u0144 o charakterze handlowym. Nieskomplikowane integrowanie, obszerny asortyment opcji konfiguracji oraz szybki serwis pomocy klienta.","application_category":[],"applications_title":"Wypr\u00f3buj najbardziej odpowiednie aplikacje dla twojej witryny sieci Web w\u015br\u00f3d wszystkich wid\u017cet\u00f3w gratisowych w wersji demonstracyjnej","applications_request_title":"Nie mo\u017cesz znale\u017a\u0107 odpowiedniej aplikacji?","applications_request_button_text":"Zam\u00f3w aplikacje","hero_text":"","hero_video":"","hero_video_schema_markup":"","selling_points_title":"","selling_points_caption":"","selling_points":[],"selling_points_cta_text":"","features_title":"","features":"","ed_cta_examples_text":"","ed_cta_examples_hidden":"","ed_cta_demo_text":"","ed_cta_demo_hidden":"","why_caption":"","why_editor_title":"","why_editor_text":"","why_team_title":"","why_team_text":"","why_service_title":"","why_service_text":"","template_catalog_visible":"","template_catalog_title":"","template_catalog_text":"","template_catalog_categories_visible":"","demo_title":"","demo_caption":"","default_faq_hidden":"","app_template_category":[],"platform":"353","template_public_id":"","codecanyon_url":"","codecanyon_item_id":"","codecanyon_price":"","pricing_caption":"","pricing_elfsight_apps_hide_column":"","pricing_elfsight_apps_url":"","pricing_codecanyon_price_caption":"","integration_category":[],"integration_request_title":"","integration_request_cta":"","integration_platform":"","integrations":[],"platform_category":[],"video_schema_markup":"","price":"","trial":"","benefits":[],"button_url":"","button_target_blank":"","button_nofollow":"","attributes":[],"tags":[],"tags_disable_links":"","hide_more_platforms":"","video_object":"","demo_hide_cta":"","demo_hide_cloud_options":"","pricing_title":"","pricing":[],"related_apps_title":"","related_apps_hidden":"","author":"","image":[],"title":"","job":"","social_networks":[]},"_links":{"self":[{"href":"https:\/\/elfsight.com\/pl\/wp-json\/wp\/v2\/pages\/356","targetHints":{"allow":["GET"]}}],"collection":[{"href":"https:\/\/elfsight.com\/pl\/wp-json\/wp\/v2\/pages"}],"about":[{"href":"https:\/\/elfsight.com\/pl\/wp-json\/wp\/v2\/types\/page"}],"author":[{"embeddable":true,"href":"https:\/\/elfsight.com\/pl\/wp-json\/wp\/v2\/users\/13"}],"replies":[{"embeddable":true,"href":"https:\/\/elfsight.com\/pl\/wp-json\/wp\/v2\/comments?post=356"}],"version-history":[{"count":3,"href":"https:\/\/elfsight.com\/pl\/wp-json\/wp\/v2\/pages\/356\/revisions"}],"predecessor-version":[{"id":359,"href":"https:\/\/elfsight.com\/pl\/wp-json\/wp\/v2\/pages\/356\/revisions\/359"}],"wp:attachment":[{"href":"https:\/\/elfsight.com\/pl\/wp-json\/wp\/v2\/media?parent=356"}],"curies":[{"name":"wp","href":"https:\/\/api.w.org\/{rel}","templated":true}]}}