{"id":350,"date":"2020-11-17T13:17:44","date_gmt":"2020-11-17T13:17:44","guid":{"rendered":"https:\/\/elfsight.com\/pl\/?page_id=350"},"modified":"2021-04-21T13:41:06","modified_gmt":"2021-04-21T13:41:06","slug":"webself-widgets","status":"publish","type":"page","link":"https:\/\/elfsight.com\/pl\/webself-widgets\/","title":{"rendered":"Webself widgets"},"content":{"rendered":"\n<h2>Najbardziej optymalne widgety Elfsight dla aktualizacji twojej witryny Webself<\/h2>\n\n<p>W ci\u0105gu kilku lat nasz team programist\u00f3w Elfsight tworzy proste i modyfikowalne dodatki chmurowe dla Twojej strony www. Elfsight zapewnia serwis wsparcia oraz szybko\u015b\u0107 wczytywania. Rozszerzenia Elfsight s\u0142u\u017c\u0105 w\u0142a\u015bcicielom serwis\u00f3w e-commerce, non-profit i wielu innym z ca\u0142ego \u015bwiata sprosta\u0107 podstawowymi celami wydajniej. \n<\/p>\n\n<p>Mo\u017cesz podnie\u015b\u0107 liczb\u0119 potencjalnych klient\u00f3w, zademonstrowa\u0107 5-gwiazdkow\u0105 ocen\u0119 na Pa\u0144stwa us\u0142ugi, zwi\u0119kszy\u0107 zaufanie do swojej marki, przez wbudowanie element\u00f3w interfejsu do Pa\u0144stwa strony internetowej. Nasze plany subskrypcji wahaj\u0105 si\u0119 od bezp\u0142atnych do premium. Spr\u00f3buj zainstalowa\u0107 wszelkie wybrane pluginy u\u017cywaj\u0105c naszej wersji Live Demo i zobacz jak bardzo mo\u017ce to by\u0107 istotne w kwestii rozwoju strony Web Pa\u0144stwa firmy. <\/p>\n\n<h2>Co powoduje, \u017ce nasze rozszerzenia Elfsight s\u0105 najlepszymi rozwi\u0105zaniami dla Twojej witryny? <\/h2>\n\n<p> Oto spis wa\u017cnych charakterystyk naszych dodatk\u00f3w, kt\u00f3re umo\u017cliwiaj\u0105 nam wyprzedzi\u0107 konkurencj\u0119: <\/p>\n\n\n<ul>\n<li> Bezp\u0142atna i sprawna pomoc przy instalacje lub personalizacji rozszerze\u0144; <\/li>\n<li> W pe\u0142ni responsywne do wszystkich rozdzielczo\u015bci stron internetowych i przyjazne dla urz\u0105dze\u0144 mobilnych; <\/li>\n<li> Nie ma potrzeby uczysz si\u0119 kodowania; <\/li>\n<li> Bogaty wyb\u00f3r mo\u017cliwo\u015bci personalizacji; <\/li>\n<li> Przechowywanie danych chmurze pomagaj\u0105 zwi\u0119kszy\u0107 pr\u0119dko\u015b\u0107 wczytywania strony; <\/li>\n<li> Wszystkie aktualizacje s\u0105 nieodp\u0142atne i regularne; <\/li>\n<li> Sprawiedliwe ceny; <\/li>\n<li> Profesjonalna pomoc w przypadku problem\u00f3w. <\/li>\n<\/ul>\n\n<p> Zbadaj wolne wersje Lite naszych widget\u00f3w i zastosuj jej potencja\u0142 lub zainstaluj dowolne wymagane wtyczk\u0119 z 20% rabatem. <\/p>\n\n\n<h2> W jaki spos\u00f3b umie\u015bci\u0107 Pa\u0144stwa wtyczki Elfsight na swojej stronie Web Webself <\/h2>\n\n<p> Aby wbudowa\u0107 nasze pluginy, wykonaj kroki z oczywistej wskaz\u00f3wki: <\/p>\n\n\n<ol>\n<li> Wybierz wymagany widget; <\/li>\n<li> Dostosuj niekt\u00f3re wa\u017cne zmiany; <\/li>\n<li> Zastosuj zmiany; <\/li>\n<li> Otrzymaj wygenerowany kod; <\/li>\n<li> Dodaj ten kod w wymaganym miejscu swojej witryny lub szablonu; <\/li>\n<li> Zrobione! Z powodzeniem doda\u0142e\u015b wid\u017cet. <\/li>\n<\/ol>\n\n<p> Je\u015bli potrzebujesz pomocy, prosimy poinformowa\u0107 o tym zespo\u0142u pomocy technicznej Elfsight. <\/p>\n","protected":false},"excerpt":{"rendered":"Najbardziej optymalne widgety Elfsight dla aktualizacji twojej witryny Webself W ci\u0105gu kilku lat nasz team programist\u00f3w Elfsight tworzy proste i modyfikowalne dodatki chmurowe dla Twojej strony www. Elfsight zapewnia serwis wsparcia oraz szybko\u015b\u0107 wczytywania. Rozszerzenia Elfsight s\u0142u\u017c\u0105 w\u0142a\u015bcicielom serwis\u00f3w e-commerce, non-profit i wielu innym z ca\u0142ego \u015bwiata sprosta\u0107 podstawowymi celami&#8230;","protected":false},"author":13,"featured_media":0,"parent":0,"menu_order":0,"comment_status":"closed","ping_status":"closed","template":"templates\/template-platform.php","meta":{"publish_to_discourse":"","publish_post_category":"","wpdc_auto_publish_overridden":"","wpdc_topic_tags":"","wpdc_pin_topic":"","wpdc_pin_until":"","discourse_post_id":"","discourse_permalink":"","wpdc_publishing_response":"","wpdc_publishing_error":"","footnotes":""},"class_list":["post-350","page","type-page","status-publish","hentry"],"yoast_head":"<!-- This site is optimized with the Yoast SEO plugin v25.3.1 - https:\/\/yoast.com\/wordpress\/plugins\/seo\/ -->\n<title>Ponad 80 darmowych Webself wid\u017cet\u00f3w dla strony internetowej<\/title>\n<meta name=\"description\" content=\"Lista testowanych darmowych wid\u017cet\u00f3w pierwszej klasy dla twojej witryny sieci Web Webself. Pom\u00f3c z dostosowaniem oraz szeroka funkcjonalno\u015b\u0107.\" \/>\n<meta name=\"robots\" content=\"index, follow, max-snippet:-1, max-image-preview:large, max-video-preview:-1\" \/>\n<link rel=\"canonical\" href=\"https:\/\/elfsight.com\/pl\/webself-widgets\/\" \/>\n<meta property=\"og:locale\" content=\"pl_PL\" \/>\n<meta property=\"og:type\" content=\"article\" \/>\n<meta property=\"og:title\" content=\"Ponad 80 darmowych Webself wid\u017cet\u00f3w dla strony internetowej\" \/>\n<meta property=\"og:description\" content=\"Lista testowanych darmowych wid\u017cet\u00f3w pierwszej klasy dla twojej witryny sieci Web Webself. Pom\u00f3c z dostosowaniem oraz szeroka funkcjonalno\u015b\u0107.\" \/>\n<meta property=\"og:url\" content=\"https:\/\/elfsight.com\/pl\/webself-widgets\/\" \/>\n<meta property=\"og:site_name\" content=\"Elfsight PL\" \/>\n<meta property=\"article:modified_time\" content=\"2021-04-21T13:41:06+00:00\" \/>\n<meta name=\"twitter:card\" content=\"summary_large_image\" \/>\n<meta name=\"twitter:label1\" content=\"Szacowany czas czytania\" \/>\n\t<meta name=\"twitter:data1\" content=\"2 minuty\" \/>\n<!-- \/ Yoast SEO plugin. -->","yoast_head_json":{"title":"Ponad 80 darmowych Webself wid\u017cet\u00f3w dla strony internetowej","description":"Lista testowanych darmowych wid\u017cet\u00f3w pierwszej klasy dla twojej witryny sieci Web Webself. Pom\u00f3c z dostosowaniem oraz szeroka funkcjonalno\u015b\u0107.","robots":{"index":"index","follow":"follow","max-snippet":"max-snippet:-1","max-image-preview":"max-image-preview:large","max-video-preview":"max-video-preview:-1"},"canonical":"https:\/\/elfsight.com\/pl\/webself-widgets\/","og_locale":"pl_PL","og_type":"article","og_title":"Ponad 80 darmowych Webself wid\u017cet\u00f3w dla strony internetowej","og_description":"Lista testowanych darmowych wid\u017cet\u00f3w pierwszej klasy dla twojej witryny sieci Web Webself. Pom\u00f3c z dostosowaniem oraz szeroka funkcjonalno\u015b\u0107.","og_url":"https:\/\/elfsight.com\/pl\/webself-widgets\/","og_site_name":"Elfsight PL","article_modified_time":"2021-04-21T13:41:06+00:00","twitter_card":"summary_large_image","twitter_misc":{"Szacowany czas czytania":"2 minuty"},"schema":{"@context":"https:\/\/schema.org","@graph":[{"@type":"WebPage","@id":"https:\/\/elfsight.com\/pl\/webself-widgets\/","url":"https:\/\/elfsight.com\/pl\/webself-widgets\/","name":"Ponad 80 darmowych Webself wid\u017cet\u00f3w dla strony internetowej","isPartOf":{"@id":"https:\/\/elfsight.com\/pl\/#website"},"datePublished":"2020-11-17T13:17:44+00:00","dateModified":"2021-04-21T13:41:06+00:00","description":"Lista testowanych darmowych wid\u017cet\u00f3w pierwszej klasy dla twojej witryny sieci Web Webself. Pom\u00f3c z dostosowaniem oraz szeroka funkcjonalno\u015b\u0107.","breadcrumb":{"@id":"https:\/\/elfsight.com\/pl\/webself-widgets\/#breadcrumb"},"inLanguage":"pl-PL","potentialAction":[{"@type":"ReadAction","target":["https:\/\/elfsight.com\/pl\/webself-widgets\/"]}]},{"@type":"BreadcrumbList","@id":"https:\/\/elfsight.com\/pl\/webself-widgets\/#breadcrumb","itemListElement":[{"@type":"ListItem","position":1,"name":"Home","item":"https:\/\/elfsight.com\/pl\/"},{"@type":"ListItem","position":2,"name":"Webself widgets"}]},{"@type":"WebSite","@id":"https:\/\/elfsight.com\/pl\/#website","url":"https:\/\/elfsight.com\/pl\/","name":"Elfsight PL","description":"Just another Elfsight Sites site","potentialAction":[{"@type":"SearchAction","target":{"@type":"EntryPoint","urlTemplate":"https:\/\/elfsight.com\/pl\/?s={search_term_string}"},"query-input":{"@type":"PropertyValueSpecification","valueRequired":true,"valueName":"search_term_string"}}],"inLanguage":"pl-PL"}]}},"meta_box":{"industry":"","seo_heading":"","heading":"","description":"","cta_heading":"","cta_description":"","application":"","h1":"Najlepsze widgety Webself","h1_caption":"Gratisowy spis rewelacyjnych widget\u00f3w wysokiej klasy z szerokim zakresem funkcjonalno\u015bci dla powi\u0119kszania sprzeda\u017cy i wype\u0142nienia wszystkich podstawowych dzia\u0142a\u0144 handlowych. Nieskomplikowane w\u0142\u0105czanie, obszerny zakres mo\u017cliwo\u015bci modyfikacji a tak\u017ce szybki serwis pomocy klienta.","application_category":[],"applications_title":"Przetestuj najodpowiedniejsze widgety dla twojej witryny sieci Web w\u015br\u00f3d wszystkich plugin\u00f3w darmowych w demonstracje online","applications_request_title":"Nie mo\u017cesz znale\u017a\u0107 odpowiedni widget?","applications_request_button_text":"Zam\u00f3w widget","hero_text":"","hero_video":"","hero_video_schema_markup":"","selling_points_title":"","selling_points_caption":"","selling_points":[],"selling_points_cta_text":"","features_title":"","features":"","ed_cta_examples_text":"","ed_cta_examples_hidden":"","ed_cta_demo_text":"","ed_cta_demo_hidden":"","why_caption":"","why_editor_title":"","why_editor_text":"","why_team_title":"","why_team_text":"","why_service_title":"","why_service_text":"","template_catalog_visible":"","template_catalog_title":"","template_catalog_text":"","template_catalog_categories_visible":"","demo_title":"","demo_caption":"","default_faq_hidden":"","app_template_category":[],"platform":"347","template_public_id":"","codecanyon_url":"","codecanyon_item_id":"","codecanyon_price":"","pricing_caption":"","pricing_elfsight_apps_hide_column":"","pricing_elfsight_apps_url":"","pricing_codecanyon_price_caption":"","integration_category":[],"integration_request_title":"","integration_request_cta":"","integration_platform":"","integrations":[],"platform_category":[],"video_schema_markup":"","price":"","trial":"","benefits":[],"button_url":"","button_target_blank":"","button_nofollow":"","attributes":[],"tags":[],"tags_disable_links":"","hide_more_platforms":"","video_object":"","demo_hide_cta":"","demo_hide_cloud_options":"","pricing_title":"","pricing":[],"related_apps_title":"","related_apps_hidden":"","author":"","image":[],"title":"","job":"","social_networks":[]},"_links":{"self":[{"href":"https:\/\/elfsight.com\/pl\/wp-json\/wp\/v2\/pages\/350","targetHints":{"allow":["GET"]}}],"collection":[{"href":"https:\/\/elfsight.com\/pl\/wp-json\/wp\/v2\/pages"}],"about":[{"href":"https:\/\/elfsight.com\/pl\/wp-json\/wp\/v2\/types\/page"}],"author":[{"embeddable":true,"href":"https:\/\/elfsight.com\/pl\/wp-json\/wp\/v2\/users\/13"}],"replies":[{"embeddable":true,"href":"https:\/\/elfsight.com\/pl\/wp-json\/wp\/v2\/comments?post=350"}],"version-history":[{"count":2,"href":"https:\/\/elfsight.com\/pl\/wp-json\/wp\/v2\/pages\/350\/revisions"}],"predecessor-version":[{"id":352,"href":"https:\/\/elfsight.com\/pl\/wp-json\/wp\/v2\/pages\/350\/revisions\/352"}],"wp:attachment":[{"href":"https:\/\/elfsight.com\/pl\/wp-json\/wp\/v2\/media?parent=350"}],"curies":[{"name":"wp","href":"https:\/\/api.w.org\/{rel}","templated":true}]}}