{"id":3473,"date":"2019-12-03T14:20:54","date_gmt":"2019-12-03T14:20:54","guid":{"rendered":"https:\/\/elfsight.com\/pl\/?page_id=3473"},"modified":"2024-05-06T17:26:00","modified_gmt":"2024-05-06T17:26:00","slug":"examples","status":"publish","type":"page","link":"https:\/\/elfsight.com\/pl\/background-music-widget\/examples\/","title":{"rendered":"Background Music &#8211; Examples"},"content":{"rendered":"\n<div class=\"application-examples-item application-examples-item-loading\">\n                            <div class=\"col-row\">\n                                <div class=\"col-6 col-m-8 col-s-12\"><h3 class=\"application-examples-item-title\">Przyk\u0142ad 1. D\u017awi\u0119ki natury<\/h3><div class=\"application-examples-item-description\">Ten ma\u0142y odtwarzacz zawiera tylko ikony kontrolne i obraz t\u0142a. Przyci\u0105ga uwag\u0119, pozostaj\u0105c skromny, i pozwala odwiedzaj\u0105cym witryn\u0119 prze\u0142\u0105cza\u0107 si\u0119 mi\u0119dzy \u015bcie\u017ckami, kt\u00f3re przes\u0142a\u0142e\u015b.<\/div><\/div>\n                <\/div>\n\n                <div class=\"application-examples-item-iframe-container browser-frame\">\n                    <div class=\"application-examples-item-iframe-wrapper\">\n                        <iframe class=\"application-examples-item-iframe application-examples-item-iframe-fixed-height\" data-src=\"https:\/\/elfsight.com\/examples?widget_id=86d8cb29-6a95-43b5-bbec-d498dac23c2\" width=\"100%\" height=\"500\" allow=\"autoplay; fullscreen\"><\/iframe>\n                    <\/div>\n\n                    <div class=\"application-examples-item-loader\"><\/div>\n                <\/div>\n            <\/div><div class=\"application-examples-item application-examples-item-loading\">\n                            <div class=\"col-row\">\n                                <div class=\"col-6 col-m-8 col-s-12\"><h3 class=\"application-examples-item-title\">Przyk\u0142ad 2. Muzyka spa<\/h3><div class=\"application-examples-item-description\">Ten odtwarzacz zapewnia u\u017cytkownikom tylko dwa przyciski kontrolne. Lista odtwarzania jest zap\u0119tlona, dzi\u0119ki czemu odwiedzaj\u0105cy witryn\u0119 mog\u0105 bez przerwy cieszy\u0107 si\u0119 relaksuj\u0105c\u0105 muzyk\u0105.<\/div><\/div>\n                <\/div>\n\n                <div class=\"application-examples-item-iframe-container browser-frame\">\n                    <div class=\"application-examples-item-iframe-wrapper\">\n                        <iframe class=\"application-examples-item-iframe application-examples-item-iframe-fixed-height\" data-src=\"https:\/\/elfsight.com\/examples?widget_id=28c55a1c-1be7-4c54-b8aa-d66e2a71b953\" width=\"100%\" height=\"500\" allow=\"autoplay; fullscreen\"><\/iframe>\n                    <\/div>\n\n                    <div class=\"application-examples-item-loader\"><\/div>\n                <\/div>\n            <\/div><div class=\"application-examples-item application-examples-item-loading\">\n                            <div class=\"col-row\">\n                                <div class=\"col-6 col-m-8 col-s-12\"><h3 class=\"application-examples-item-title\">Przyk\u0142ad 3. Odtwarzacz \u015bwi\u0105teczny<\/h3><div class=\"application-examples-item-description\">Odtwarzacz tutaj jest przedstawiony w formie ozdoby choinkowej. \u015awietne rozwi\u0105zanie dla witryny e-commerce przygotowuj\u0105cej si\u0119 do nadchodz\u0105cej \u015bwi\u0105tecznej wyprzeda\u017cy.<\/div><\/div>\n                <\/div>\n\n                <div class=\"application-examples-item-iframe-container browser-frame\">\n                    <div class=\"application-examples-item-iframe-wrapper\">\n                        <iframe class=\"application-examples-item-iframe application-examples-item-iframe-fixed-height\" data-src=\"https:\/\/elfsight.com\/examples?widget_id=fd9be5a0-7031-4178-acbb-ec89bec3fc35\" width=\"100%\" height=\"500\" allow=\"autoplay; fullscreen\"><\/iframe>\n                    <\/div>\n\n                    <div class=\"application-examples-item-loader\"><\/div>\n                <\/div>\n            <\/div><div class=\"application-cta-create\">\n                    <div class=\"application-cta-create-bg\">\n                        <div class=\"application-cta-create-bg-left\"><\/div>\n\n                        <div class=\"application-cta-create-bg-right\">\n                            <img decoding=\"async\" src=\"https:\/\/elfsight.com\/pl\/wp-content\/themes\/elfsight\/frontend\/assets\/img\/application-cta-create.jpg\" alt=\"Zacznij od stworzenia swojego wid\u017cetu\">\n                        <\/div>\n                    <\/div>\n\n                    <div class=\"application-cta-create-content inner\">\n                        <div class=\"application-cta-create-content-inner\">\n                            <div class=\"application-cta-create-content-icon\">\n                                <svg viewBox=\"0 0 25 25\" width=\"100%\" height=\"100%\">\n                                    <use xlink:href=\"#icon-settings\"><\/use>\n                                <\/svg>\n                            <\/div>\n\n                            <div class=\"application-cta-create-content-title\">Zacznij od stworzenia swojego wid\u017cetu<\/div>\n\n                            <div class=\"application-cta-create-content-text\">Szybko. \u0141atwo. Bez kodowania.<\/div>\n\n                            <a class=\"application-cta-create-content-button button-48 button-has-right-icon button-black button\" href=\"\">\n                                <span class=\"button-label\">Utw\u00f3rz wid\u017cet<\/span>\n\n                                <svg class=\"button-icon\">\n                                    <use xlink:href=\"#icon-arrow-link\"><\/use>\n                                <\/svg>\n                            <\/a>\n                        <\/div>\n                    <\/div>\n                <\/div><div class=\"application-examples-item application-examples-item-loading\">\n                            <div class=\"col-row\">\n                                <div class=\"col-6 col-m-8 col-s-12\"><h3 class=\"application-examples-item-title\">Przyk\u0142ad 4. Halloween<\/h3><div class=\"application-examples-item-description\">Odtwarzacz muzyki w tle to doskona\u0142e rozwi\u0105zanie dla w\u0142a\u015bcicieli witryn, kt\u00f3rzy chc\u0105 celebrowa\u0107 nadchodz\u0105ce wydarzenie z wielkim rozmachem. Wszystko, czego tu potrzebujesz, to tematyczna lista odtwarzania i odpowiedni obraz t\u0142a.<\/div><\/div>\n                <\/div>\n\n                <div class=\"application-examples-item-iframe-container browser-frame\">\n                    <div class=\"application-examples-item-iframe-wrapper\">\n                        <iframe class=\"application-examples-item-iframe application-examples-item-iframe-fixed-height\" data-src=\"https:\/\/elfsight.com\/examples?widget_id=c083f61c-36a0-453d-b4bc-60fcd91c1e48\" width=\"100%\" height=\"500\" allow=\"autoplay; fullscreen\"><\/iframe>\n                    <\/div>\n\n                    <div class=\"application-examples-item-loader\"><\/div>\n                <\/div>\n            <\/div><div class=\"application-examples-item application-examples-item-loading\">\n                            <div class=\"col-row\">\n                                <div class=\"col-6 col-m-8 col-s-12\"><h3 class=\"application-examples-item-title\">Przyk\u0142ad 5. G\u0142o\u015bno\u015b\u0107<\/h3><div class=\"application-examples-item-description\">Masz mo\u017cliwo\u015b\u0107 dodania odtwarzacza w dowolne miejsce na stronie. Tutaj zawiera tylko przycisk g\u0142o\u015bno\u015bci, aby nie rozprasza\u0107 u\u017cytkownik\u00f3w od zawarto\u015bci witryny.<\/div><\/div>\n                <\/div>\n\n                <div class=\"application-examples-item-iframe-container browser-frame\">\n                    <div class=\"application-examples-item-iframe-wrapper\">\n                        <iframe class=\"application-examples-item-iframe application-examples-item-iframe-fixed-height\" data-src=\"https:\/\/elfsight.com\/examples?widget_id=565338c5-5798-4495-8f2e-2b216e844387\" width=\"100%\" height=\"300\" allow=\"autoplay; fullscreen\"><\/iframe>\n                    <\/div>\n\n                    <div class=\"application-examples-item-loader\"><\/div>\n                <\/div>\n            <\/div><div class=\"application-examples-item application-examples-item-loading\">\n                            <div class=\"col-row\">\n                                <div class=\"col-6 col-m-8 col-s-12\"><h3 class=\"application-examples-item-title\">Przyk\u0142ad 6. Odtwarzacz osadzany<\/h3><div class=\"application-examples-item-description\">Dla wi\u0119kszej wygody u\u017cytkownik\u00f3w, lista odtwarzania jest tutaj wy\u015bwietlana domy\u015blnie. U\u017cytkownicy mog\u0105 prze\u0142\u0105cza\u0107 si\u0119 mi\u0119dzy \u015bcie\u017ckami, regulowa\u0107 g\u0142o\u015bno\u015b\u0107 w g\u00f3r\u0119 i w d\u00f3\u0142. Sam odtwarzacz wygl\u0105da zwi\u0119\u017ale.<\/div><\/div>\n                <\/div>\n\n                <div class=\"application-examples-item-iframe-container browser-frame\">\n                    <div class=\"application-examples-item-iframe-wrapper\">\n                        <iframe class=\"application-examples-item-iframe application-examples-item-iframe-fixed-height\" data-src=\"https:\/\/elfsight.com\/examples?widget_id=d9c111a0-b25b-4796-a5da-5890b76bbef9\" width=\"100%\" height=\"500\" allow=\"autoplay; fullscreen\"><\/iframe>\n                    <\/div>\n\n                    <div class=\"application-examples-item-loader\"><\/div>\n                <\/div>\n            <\/div>\n\n","protected":false},"excerpt":{"rendered":"","protected":false},"author":9,"featured_media":0,"parent":3419,"menu_order":0,"comment_status":"closed","ping_status":"closed","template":"templates\/template-application-examples.php","meta":{"publish_to_discourse":"","publish_post_category":"","wpdc_auto_publish_overridden":"","wpdc_topic_tags":"","wpdc_pin_topic":"","wpdc_pin_until":"","discourse_post_id":"","discourse_permalink":"","wpdc_publishing_response":"","wpdc_publishing_error":"","footnotes":""},"class_list":["post-3473","page","type-page","status-publish","hentry"],"yoast_head":"<!-- This site is optimized with the Yoast SEO plugin v25.3.1 - https:\/\/yoast.com\/wordpress\/plugins\/seo\/ -->\n<title>The best Background Music widget examples on a Website<\/title>\n<meta name=\"description\" content=\"TOP 6 website Background Music examples: Embeddable player, Spa Music and other templates. Sample music widget for your website.\" \/>\n<meta name=\"robots\" content=\"index, follow, max-snippet:-1, max-image-preview:large, max-video-preview:-1\" \/>\n<link rel=\"canonical\" href=\"https:\/\/elfsight.com\/pl\/background-music-widget\/examples\/\" \/>\n<meta property=\"og:locale\" content=\"pl_PL\" \/>\n<meta property=\"og:type\" content=\"article\" \/>\n<meta property=\"og:title\" content=\"The best Background Music widget examples on a Website\" \/>\n<meta property=\"og:description\" content=\"TOP 6 website Background Music examples: Embeddable player, Spa Music and other templates. Sample music widget for your website.\" \/>\n<meta property=\"og:url\" content=\"https:\/\/elfsight.com\/pl\/background-music-widget\/examples\/\" \/>\n<meta property=\"og:site_name\" content=\"Elfsight PL\" \/>\n<meta property=\"article:modified_time\" content=\"2024-05-06T17:26:00+00:00\" \/>\n<meta name=\"twitter:card\" content=\"summary_large_image\" \/>\n<meta name=\"twitter:label1\" content=\"Szacowany czas czytania\" \/>\n\t<meta name=\"twitter:data1\" content=\"2 minuty\" \/>\n<!-- \/ Yoast SEO plugin. -->","yoast_head_json":{"title":"The best Background Music widget examples on a Website","description":"TOP 6 website Background Music examples: Embeddable player, Spa Music and other templates. Sample music widget for your website.","robots":{"index":"index","follow":"follow","max-snippet":"max-snippet:-1","max-image-preview":"max-image-preview:large","max-video-preview":"max-video-preview:-1"},"canonical":"https:\/\/elfsight.com\/pl\/background-music-widget\/examples\/","og_locale":"pl_PL","og_type":"article","og_title":"The best Background Music widget examples on a Website","og_description":"TOP 6 website Background Music examples: Embeddable player, Spa Music and other templates. Sample music widget for your website.","og_url":"https:\/\/elfsight.com\/pl\/background-music-widget\/examples\/","og_site_name":"Elfsight PL","article_modified_time":"2024-05-06T17:26:00+00:00","twitter_card":"summary_large_image","twitter_misc":{"Szacowany czas czytania":"2 minuty"},"schema":{"@context":"https:\/\/schema.org","@graph":[{"@type":"WebPage","@id":"https:\/\/elfsight.com\/pl\/background-music-widget\/examples\/","url":"https:\/\/elfsight.com\/pl\/background-music-widget\/examples\/","name":"The best Background Music widget examples on a Website","isPartOf":{"@id":"https:\/\/elfsight.com\/pl\/#website"},"datePublished":"2019-12-03T14:20:54+00:00","dateModified":"2024-05-06T17:26:00+00:00","description":"TOP 6 website Background Music examples: Embeddable player, Spa Music and other templates. Sample music widget for your website.","breadcrumb":{"@id":"https:\/\/elfsight.com\/pl\/background-music-widget\/examples\/#breadcrumb"},"inLanguage":"pl-PL","potentialAction":[{"@type":"ReadAction","target":["https:\/\/elfsight.com\/pl\/background-music-widget\/examples\/"]}]},{"@type":"BreadcrumbList","@id":"https:\/\/elfsight.com\/pl\/background-music-widget\/examples\/#breadcrumb","itemListElement":[{"@type":"ListItem","position":1,"name":"Home","item":"https:\/\/elfsight.com\/pl\/"},{"@type":"ListItem","position":2,"name":"Background Music","item":"https:\/\/elfsight.com\/pl\/background-music-widget\/"},{"@type":"ListItem","position":3,"name":"Background Music &#8211; Examples"}]},{"@type":"WebSite","@id":"https:\/\/elfsight.com\/pl\/#website","url":"https:\/\/elfsight.com\/pl\/","name":"Elfsight PL","description":"Just another Elfsight Sites site","potentialAction":[{"@type":"SearchAction","target":{"@type":"EntryPoint","urlTemplate":"https:\/\/elfsight.com\/pl\/?s={search_term_string}"},"query-input":{"@type":"PropertyValueSpecification","valueRequired":true,"valueName":"search_term_string"}}],"inLanguage":"pl-PL"}]}},"meta_box":{"industry":"","seo_heading":"","heading":"","description":"","cta_heading":"","cta_description":"","application":"3335","h1":"","h1_caption":"","application_category":[],"applications_title":"","applications_request_title":"","applications_request_button_text":"","hero_text":"","hero_video":"","hero_video_schema_markup":"","selling_points_title":"","selling_points_caption":"","selling_points":[],"selling_points_cta_text":"","features_title":"","features":"","ed_cta_examples_text":"","ed_cta_examples_hidden":"","ed_cta_demo_text":"","ed_cta_demo_hidden":"","why_caption":"","why_editor_title":"","why_editor_text":"","why_team_title":"","why_team_text":"","why_service_title":"","why_service_text":"","template_catalog_visible":"","template_catalog_title":"","template_catalog_text":"","template_catalog_categories_visible":"","demo_title":"","demo_caption":"","default_faq_hidden":"","app_template_category":[],"platform":"","template_public_id":"","codecanyon_url":"","codecanyon_item_id":"","codecanyon_price":"","pricing_caption":"","pricing_elfsight_apps_hide_column":"","pricing_elfsight_apps_url":"","pricing_codecanyon_price_caption":"","integration_category":[],"integration_request_title":"","integration_request_cta":"","integration_platform":"","integrations":[],"platform_category":[],"video_schema_markup":"","price":"","trial":"","benefits":[],"button_url":"","button_target_blank":"","button_nofollow":"","attributes":[],"tags":[],"tags_disable_links":"","hide_more_platforms":"","video_object":"","demo_hide_cta":"","demo_hide_cloud_options":"","pricing_title":"","pricing":[],"related_apps_title":"","related_apps_hidden":"","author":"","image":[],"title":"","job":"","social_networks":[]},"_links":{"self":[{"href":"https:\/\/elfsight.com\/pl\/wp-json\/wp\/v2\/pages\/3473","targetHints":{"allow":["GET"]}}],"collection":[{"href":"https:\/\/elfsight.com\/pl\/wp-json\/wp\/v2\/pages"}],"about":[{"href":"https:\/\/elfsight.com\/pl\/wp-json\/wp\/v2\/types\/page"}],"author":[{"embeddable":true,"href":"https:\/\/elfsight.com\/pl\/wp-json\/wp\/v2\/users\/9"}],"replies":[{"embeddable":true,"href":"https:\/\/elfsight.com\/pl\/wp-json\/wp\/v2\/comments?post=3473"}],"version-history":[{"count":2,"href":"https:\/\/elfsight.com\/pl\/wp-json\/wp\/v2\/pages\/3473\/revisions"}],"predecessor-version":[{"id":3767,"href":"https:\/\/elfsight.com\/pl\/wp-json\/wp\/v2\/pages\/3473\/revisions\/3767"}],"up":[{"embeddable":true,"href":"https:\/\/elfsight.com\/pl\/wp-json\/wp\/v2\/pages\/3419"}],"wp:attachment":[{"href":"https:\/\/elfsight.com\/pl\/wp-json\/wp\/v2\/media?parent=3473"}],"curies":[{"name":"wp","href":"https:\/\/api.w.org\/{rel}","templated":true}]}}