{"id":3470,"date":"2019-12-25T11:58:52","date_gmt":"2019-12-25T11:58:52","guid":{"rendered":"https:\/\/elfsight.com\/pl\/?page_id=3470"},"modified":"2024-05-06T12:52:39","modified_gmt":"2024-05-06T12:52:39","slug":"examples","status":"publish","type":"page","link":"https:\/\/elfsight.com\/pl\/restaurant-menu-widget\/examples\/","title":{"rendered":"Restaurant Menu &#8211; Examples"},"content":{"rendered":"\n<div class=\"application-examples-item application-examples-item-loading\">\n                            <div class=\"col-row\">\n                                <div class=\"col-6 col-m-8 col-s-12\"><h3 class=\"application-examples-item-title\">Przyk\u0142ad 1. Restauracja<\/h3><div class=\"application-examples-item-description\"><p><b>Co wy\u015bwietli\u0107:<\/b> <span>przystawki, dania g\u0142\u00f3wne, desery, sa\u0142atki, lunch, specja\u0142y, menu dla dzieci, karta win<\/span>.<\/p><p>Nie ma ju\u017c problemu z tworzeniem skomplikowanego menu bezpo\u015brednio na swojej stronie w najbardziej czytelny spos\u00f3b. Oto przyk\u0142ad dla Menu Restauracji. Istniej\u0105 4 rodzaje menu: lunch, obiad, menu dla dzieci i napoje, kt\u00f3re s\u0105 podzielone na sekcje zgodnie z ich rodzajami - przystawki, dania g\u0142\u00f3wne, dodatki i inne. Klikalne karty dla menu pomagaj\u0105 Twoim odwiedzaj\u0105cym znale\u017a\u0107 dok\u0142adne danie, kt\u00f3rego potrzebuj\u0105. Dla ka\u017cdego elementu jest kr\u00f3tki opis i cena.<\/p><\/div><\/div>\n                <\/div>\n\n                <div class=\"application-examples-item-iframe-container browser-frame\">\n                    <div class=\"application-examples-item-iframe-wrapper\">\n                        <iframe class=\"application-examples-item-iframe application-examples-item-iframe-fixed-height\" data-src=\"https:\/\/elfsight.com\/examples?widget_id=0f43a6bc-67c7-40cd-819d-a681ad2ba6b6\" width=\"100%\" height=\"600\" allow=\"autoplay; fullscreen\"><\/iframe>\n                    <\/div>\n\n                    <div class=\"application-examples-item-loader\"><\/div>\n                <\/div>\n            <\/div><div class=\"application-examples-item application-examples-item-loading\">\n                            <div class=\"col-row\">\n                                <div class=\"col-6 col-m-8 col-s-12\"><h3 class=\"application-examples-item-title\">Przyk\u0142ad 2. Restauracja Fast Food<\/h3><div class=\"application-examples-item-description\"><p><b>Co wy\u015bwietli\u0107:<\/b> pizza, burgery, przek\u0105ski, dodatki, sa\u0142atki, napoje bezalkoholowe<\/p><p>Menu restauracji typu fast food jest tutaj przedstawione w naj\u0142atwiejszy do przegl\u0105dania spos\u00f3b. Istniej\u0105 pi\u0119\u0107 najbardziej powszechnych sekcji fast food: pizza, burgery, przek\u0105ski, sa\u0142atki i napoje. Chwytliwe ikony menu i smakowite obrazy jedzenia informuj\u0105 Twoj\u0105 publiczno\u015b\u0107 o r\u00f3\u017cnorodno\u015bci w najbardziej kusz\u0105cy spos\u00f3b. Dobrze zorganizowana struktura prezentuje wszystkie istotne elementy, takie jak ceny i g\u0142\u00f3wne sk\u0142adniki dla ka\u017cdego elementu. Je\u015bli danie jest do\u015b\u0107 pikantne lub ma inne wyra\u017ane cechy, tutaj s\u0105 specjalne odznaki informuj\u0105ce o tym. Je\u015bli chodzi o pizz\u0119 i przek\u0105ski, istnieje mo\u017cliwo\u015b\u0107 okre\u015blenia ceny zgodnie z rozmiarem.<\/p><\/div><\/div>\n                <\/div>\n\n                <div class=\"application-examples-item-iframe-container browser-frame\">\n                    <div class=\"application-examples-item-iframe-wrapper\">\n                        <iframe class=\"application-examples-item-iframe\" data-src=\"https:\/\/elfsight.com\/examples?widget_id=50d36c18-017a-4a44-85e8-212afe5a478b\" width=\"100%\" allow=\"autoplay; fullscreen\"><\/iframe>\n                    <\/div>\n\n                    <div class=\"application-examples-item-loader\"><\/div>\n                <\/div>\n            <\/div><div class=\"application-examples-item application-examples-item-loading\">\n                            <div class=\"col-row\">\n                                <div class=\"col-6 col-m-8 col-s-12\"><h3 class=\"application-examples-item-title\">Przyk\u0142ad 3. Menu Barowe<\/h3><div class=\"application-examples-item-description\"><p><b>Co wy\u015bwietli\u0107:<\/b> koktajle, shoty, wino, godzina happy, piwo, cydr, grill, przystawki.<\/p><p>To przyk\u0142ad Menu Barowego z najpopularniejszymi sekcjami: koktajle, piwo i wino. Ka\u017cda sekcja jest podzielona, aby wy\u015bwietli\u0107 rodzaje napoj\u00f3w. Ponadto, menu zawiera kr\u00f3tk\u0105 list\u0119 przystawek do baru. Je\u015bli chodzi o oferty, godzina happy jest zintegrowana w g\u0142\u00f3wnym wykazie, aby przyci\u0105gn\u0105\u0107 uwag\u0119 u\u017cytkownik\u00f3w. Dla ka\u017cdego elementu menu jest cena i kr\u00f3tka informacja o napojach.<\/p><\/div><\/div>\n                <\/div>\n\n                <div class=\"application-examples-item-iframe-container browser-frame\">\n                    <div class=\"application-examples-item-iframe-wrapper\">\n                        <iframe class=\"application-examples-item-iframe application-examples-item-iframe-fixed-height\" data-src=\"https:\/\/elfsight.com\/examples?widget_id=9d256d8f-6674-441f-a502-63fd660cc290\" width=\"100%\" height=\"600\" allow=\"autoplay; fullscreen\"><\/iframe>\n                    <\/div>\n\n                    <div class=\"application-examples-item-loader\"><\/div>\n                <\/div>\n            <\/div><div class=\"application-cta-create\">\n                    <div class=\"application-cta-create-bg\">\n                        <div class=\"application-cta-create-bg-left\"><\/div>\n\n                        <div class=\"application-cta-create-bg-right\">\n                            <img decoding=\"async\" src=\"https:\/\/elfsight.com\/pl\/wp-content\/themes\/elfsight\/frontend\/assets\/img\/application-cta-create.jpg\" alt=\"Zacznij od stworzenia swojego wid\u017cetu\">\n                        <\/div>\n                    <\/div>\n\n                    <div class=\"application-cta-create-content inner\">\n                        <div class=\"application-cta-create-content-inner\">\n                            <div class=\"application-cta-create-content-icon\">\n                                <svg viewBox=\"0 0 25 25\" width=\"100%\" height=\"100%\">\n                                    <use xlink:href=\"#icon-settings\"><\/use>\n                                <\/svg>\n                            <\/div>\n\n                            <div class=\"application-cta-create-content-title\">Zacznij od stworzenia swojego wid\u017cetu<\/div>\n\n                            <div class=\"application-cta-create-content-text\">Szybko. \u0141atwo. Bez kodowania.<\/div>\n\n                            <a class=\"application-cta-create-content-button button-48 button-has-right-icon button-black button\" href=\"\">\n                                <span class=\"button-label\">Utw\u00f3rz wid\u017cet<\/span>\n\n                                <svg class=\"button-icon\">\n                                    <use xlink:href=\"#icon-arrow-link\"><\/use>\n                                <\/svg>\n                            <\/a>\n                        <\/div>\n                    <\/div>\n                <\/div><div class=\"application-examples-item application-examples-item-loading\">\n                            <div class=\"col-row\">\n                                <div class=\"col-6 col-m-8 col-s-12\"><h3 class=\"application-examples-item-title\">Przyk\u0142ad 4. Kawiarnia<\/h3><div class=\"application-examples-item-description\"><p><b>Co wy\u015bwietli\u0107:<\/b> kawa, smaki, mleczne koktajle, napoje bezalkoholowe, wyroby cukiernicze i desery<\/p><p>Poznaj menu dla kawiarni. Dobrze zorganizowana kr\u00f3tka lista jest podzielona na kilka kolumn, dostarczaj\u0105c odwiedzaj\u0105cym tylko niezb\u0119dnych informacji: rodzaje kaw i ich ceny. Zawsze istnieje mo\u017cliwo\u015b\u0107 wzbogacenia jej o dodatkowe sekcje z jedzeniem, takie jak wyroby cukiernicze lub desery.<\/p><\/div><\/div>\n                <\/div>\n\n                <div class=\"application-examples-item-iframe-container browser-frame\">\n                    <div class=\"application-examples-item-iframe-wrapper\">\n                        <iframe class=\"application-examples-item-iframe\" data-src=\"https:\/\/elfsight.com\/examples?widget_id=a16a9aee-b253-47fd-a554-088c5f0b7ca9\" width=\"100%\" allow=\"autoplay; fullscreen\"><\/iframe>\n                    <\/div>\n\n                    <div class=\"application-examples-item-loader\"><\/div>\n                <\/div>\n            <\/div><div class=\"application-examples-item application-examples-item-loading\">\n                            <div class=\"col-row\">\n                                <div class=\"col-6 col-m-8 col-s-12\"><h3 class=\"application-examples-item-title\">Przyk\u0142ad 5. Restauracja Ze Zdrow\u0105 \u017bywno\u015bci\u0105<\/h3><div class=\"application-examples-item-description\"><p><b>Co wy\u015bwietli\u0107:<\/b> ekologiczne sk\u0142adniki, kalorie, t\u0142uszcze, w\u0119glowodany, bia\u0142ka, nietolerancja glutenu, produkty bez laktozy, wega\u0144skie produkty<\/p><p>To menu dla restauracji zdrowej lub ekologicznej. Jest tu czytelna lista, zorganizowana w powszechnie u\u017cywanych sekcjach, takich jak miski, dania sezonowe, dodatki i napoje bezalkoholowe. Aby zaspokoi\u0107 wszystkie \u017cyczenia docelowej grupy odbiorc\u00f3w, jest tutaj szczeg\u00f3\u0142owa informacja, kt\u00f3rej zazwyczaj potrzebuj\u0105. Ka\u017cdy opis elementu zawiera nazwy sk\u0142adnik\u00f3w, elementy od\u017cywcze (bia\u0142ka, t\u0142uszcze i w\u0119glowodany) oraz jest oznaczony specjalnymi odznakami, takimi jak \u201ewegetaria\u0144skie\u201d lub \u201ebezglutenowe\u201d.<\/p><\/div><\/div>\n                <\/div>\n\n                <div class=\"application-examples-item-iframe-container browser-frame\">\n                    <div class=\"application-examples-item-iframe-wrapper\">\n                        <iframe class=\"application-examples-item-iframe application-examples-item-iframe-fixed-height\" data-src=\"https:\/\/elfsight.com\/examples?widget_id=6ab27832-5e8e-44fa-a477-671e89baf32f\" width=\"100%\" height=\"600\" allow=\"autoplay; fullscreen\"><\/iframe>\n                    <\/div>\n\n                    <div class=\"application-examples-item-loader\"><\/div>\n                <\/div>\n            <\/div>\n\n","protected":false},"excerpt":{"rendered":"","protected":false},"author":9,"featured_media":0,"parent":3408,"menu_order":0,"comment_status":"closed","ping_status":"closed","template":"templates\/template-application-examples.php","meta":{"publish_to_discourse":"","publish_post_category":"","wpdc_auto_publish_overridden":"","wpdc_topic_tags":"","wpdc_pin_topic":"","wpdc_pin_until":"","discourse_post_id":"","discourse_permalink":"","wpdc_publishing_response":"","wpdc_publishing_error":"","footnotes":""},"class_list":["post-3470","page","type-page","status-publish","hentry"],"yoast_head":"<!-- This site is optimized with the Yoast SEO plugin v25.3.1 - https:\/\/yoast.com\/wordpress\/plugins\/seo\/ -->\n<title>The best Restaurant Menu widget examples on a Website (TOP 5)<\/title>\n<meta name=\"description\" content=\"TOP 5 website Restaurant Menu examples: Family Restaurant, Coffee House and other templates. Sample menu widget for your website.\" \/>\n<meta name=\"robots\" content=\"index, follow, max-snippet:-1, max-image-preview:large, max-video-preview:-1\" \/>\n<link rel=\"canonical\" href=\"https:\/\/elfsight.com\/pl\/restaurant-menu-widget\/examples\/\" \/>\n<meta property=\"og:locale\" content=\"pl_PL\" \/>\n<meta property=\"og:type\" content=\"article\" \/>\n<meta property=\"og:title\" content=\"The best Restaurant Menu widget examples on a Website (TOP 5)\" \/>\n<meta property=\"og:description\" content=\"TOP 5 website Restaurant Menu examples: Family Restaurant, Coffee House and other templates. Sample menu widget for your website.\" \/>\n<meta property=\"og:url\" content=\"https:\/\/elfsight.com\/pl\/restaurant-menu-widget\/examples\/\" \/>\n<meta property=\"og:site_name\" content=\"Elfsight PL\" \/>\n<meta property=\"article:modified_time\" content=\"2024-05-06T12:52:39+00:00\" \/>\n<meta name=\"twitter:card\" content=\"summary_large_image\" \/>\n<meta name=\"twitter:label1\" content=\"Szacowany czas czytania\" \/>\n\t<meta name=\"twitter:data1\" content=\"3 minuty\" \/>\n<!-- \/ Yoast SEO plugin. -->","yoast_head_json":{"title":"The best Restaurant Menu widget examples on a Website (TOP 5)","description":"TOP 5 website Restaurant Menu examples: Family Restaurant, Coffee House and other templates. Sample menu widget for your website.","robots":{"index":"index","follow":"follow","max-snippet":"max-snippet:-1","max-image-preview":"max-image-preview:large","max-video-preview":"max-video-preview:-1"},"canonical":"https:\/\/elfsight.com\/pl\/restaurant-menu-widget\/examples\/","og_locale":"pl_PL","og_type":"article","og_title":"The best Restaurant Menu widget examples on a Website (TOP 5)","og_description":"TOP 5 website Restaurant Menu examples: Family Restaurant, Coffee House and other templates. Sample menu widget for your website.","og_url":"https:\/\/elfsight.com\/pl\/restaurant-menu-widget\/examples\/","og_site_name":"Elfsight PL","article_modified_time":"2024-05-06T12:52:39+00:00","twitter_card":"summary_large_image","twitter_misc":{"Szacowany czas czytania":"3 minuty"},"schema":{"@context":"https:\/\/schema.org","@graph":[{"@type":"WebPage","@id":"https:\/\/elfsight.com\/pl\/restaurant-menu-widget\/examples\/","url":"https:\/\/elfsight.com\/pl\/restaurant-menu-widget\/examples\/","name":"The best Restaurant Menu widget examples on a Website (TOP 5)","isPartOf":{"@id":"https:\/\/elfsight.com\/pl\/#website"},"datePublished":"2019-12-25T11:58:52+00:00","dateModified":"2024-05-06T12:52:39+00:00","description":"TOP 5 website Restaurant Menu examples: Family Restaurant, Coffee House and other templates. Sample menu widget for your website.","breadcrumb":{"@id":"https:\/\/elfsight.com\/pl\/restaurant-menu-widget\/examples\/#breadcrumb"},"inLanguage":"pl-PL","potentialAction":[{"@type":"ReadAction","target":["https:\/\/elfsight.com\/pl\/restaurant-menu-widget\/examples\/"]}]},{"@type":"BreadcrumbList","@id":"https:\/\/elfsight.com\/pl\/restaurant-menu-widget\/examples\/#breadcrumb","itemListElement":[{"@type":"ListItem","position":1,"name":"Home","item":"https:\/\/elfsight.com\/pl\/"},{"@type":"ListItem","position":2,"name":"Restaurant Menu","item":"https:\/\/elfsight.com\/pl\/restaurant-menu-widget\/"},{"@type":"ListItem","position":3,"name":"Restaurant Menu &#8211; Examples"}]},{"@type":"WebSite","@id":"https:\/\/elfsight.com\/pl\/#website","url":"https:\/\/elfsight.com\/pl\/","name":"Elfsight PL","description":"Just another Elfsight Sites site","potentialAction":[{"@type":"SearchAction","target":{"@type":"EntryPoint","urlTemplate":"https:\/\/elfsight.com\/pl\/?s={search_term_string}"},"query-input":{"@type":"PropertyValueSpecification","valueRequired":true,"valueName":"search_term_string"}}],"inLanguage":"pl-PL"}]}},"meta_box":{"industry":"","seo_heading":"","heading":"","description":"","cta_heading":"","cta_description":"","application":"3358","h1":"","h1_caption":"","application_category":[],"applications_title":"","applications_request_title":"","applications_request_button_text":"","hero_text":"","hero_video":"","hero_video_schema_markup":"","selling_points_title":"","selling_points_caption":"","selling_points":[],"selling_points_cta_text":"","features_title":"","features":"","ed_cta_examples_text":"","ed_cta_examples_hidden":"","ed_cta_demo_text":"","ed_cta_demo_hidden":"","why_caption":"","why_editor_title":"","why_editor_text":"","why_team_title":"","why_team_text":"","why_service_title":"","why_service_text":"","template_catalog_visible":"","template_catalog_title":"","template_catalog_text":"","template_catalog_categories_visible":"","demo_title":"","demo_caption":"","default_faq_hidden":"","app_template_category":[],"platform":"","template_public_id":"","codecanyon_url":"","codecanyon_item_id":"","codecanyon_price":"","pricing_caption":"","pricing_elfsight_apps_hide_column":"","pricing_elfsight_apps_url":"","pricing_codecanyon_price_caption":"","integration_category":[],"integration_request_title":"","integration_request_cta":"","integration_platform":"","integrations":[],"platform_category":[],"video_schema_markup":"","price":"","trial":"","benefits":[],"button_url":"","button_target_blank":"","button_nofollow":"","attributes":[],"tags":[],"tags_disable_links":"","hide_more_platforms":"","video_object":"","demo_hide_cta":"","demo_hide_cloud_options":"","pricing_title":"","pricing":[],"related_apps_title":"","related_apps_hidden":"","author":"","image":[],"title":"","job":"","social_networks":[]},"_links":{"self":[{"href":"https:\/\/elfsight.com\/pl\/wp-json\/wp\/v2\/pages\/3470","targetHints":{"allow":["GET"]}}],"collection":[{"href":"https:\/\/elfsight.com\/pl\/wp-json\/wp\/v2\/pages"}],"about":[{"href":"https:\/\/elfsight.com\/pl\/wp-json\/wp\/v2\/types\/page"}],"author":[{"embeddable":true,"href":"https:\/\/elfsight.com\/pl\/wp-json\/wp\/v2\/users\/9"}],"replies":[{"embeddable":true,"href":"https:\/\/elfsight.com\/pl\/wp-json\/wp\/v2\/comments?post=3470"}],"version-history":[{"count":2,"href":"https:\/\/elfsight.com\/pl\/wp-json\/wp\/v2\/pages\/3470\/revisions"}],"predecessor-version":[{"id":3742,"href":"https:\/\/elfsight.com\/pl\/wp-json\/wp\/v2\/pages\/3470\/revisions\/3742"}],"up":[{"embeddable":true,"href":"https:\/\/elfsight.com\/pl\/wp-json\/wp\/v2\/pages\/3408"}],"wp:attachment":[{"href":"https:\/\/elfsight.com\/pl\/wp-json\/wp\/v2\/media?parent=3470"}],"curies":[{"name":"wp","href":"https:\/\/api.w.org\/{rel}","templated":true}]}}