{"id":3455,"date":"2021-02-04T08:32:48","date_gmt":"2021-02-04T08:32:48","guid":{"rendered":"https:\/\/elfsight.com\/pl\/?page_id=3455"},"modified":"2024-05-03T13:41:07","modified_gmt":"2024-05-03T13:41:07","slug":"examples","status":"publish","type":"page","link":"https:\/\/elfsight.com\/pl\/tumblr-feed-widget\/examples\/","title":{"rendered":"Tumblr Feed &#8211; Examples"},"content":{"rendered":"\n<div class=\"application-examples-item application-examples-item-loading\">\n                            <div class=\"col-row\">\n                                <div class=\"col-6 col-m-8 col-s-12\"><h3 class=\"application-examples-item-title\">Przyk\u0142ad 1. Murarski<\/h3><div class=\"application-examples-item-description\">Tutaj wid\u017cet jest pokazany w formie siatki murarskiej, daj\u0105c Ci opcj\u0119 szybkiego zintegrowania go w czystej przestrzeni na stronie internetowej. Akcentowy kolor wid\u017cetu to niebieski, aby podkre\u015bli\u0107 hashtagi.<\/div><\/div>\n                <\/div>\n\n                <div class=\"application-examples-item-iframe-container browser-frame\">\n                    <div class=\"application-examples-item-iframe-wrapper\">\n                        <iframe class=\"application-examples-item-iframe application-examples-item-iframe-fixed-height\" data-src=\"https:\/\/elfsight.com\/examples?widget_id=7b97d521-2951-4468-bdff-e1db4609ef34\" width=\"100%\" height=\"600\" allow=\"autoplay; fullscreen\"><\/iframe>\n                    <\/div>\n\n                    <div class=\"application-examples-item-loader\"><\/div>\n                <\/div>\n            <\/div><div class=\"application-examples-item application-examples-item-loading\">\n                            <div class=\"col-row\">\n                                <div class=\"col-6 col-m-8 col-s-12\"><h3 class=\"application-examples-item-title\">Przyk\u0142ad 2. Murarski Ciemny<\/h3><div class=\"application-examples-item-description\">Zak\u0142adaj\u0105c, \u017ce chcesz nada\u0107 swojemu kana\u0142owi elegancki wygl\u0105d, u\u017cyj ciemnej tematyki po\u0142\u0105czonej z uk\u0142adem murarskim.<\/div><\/div>\n                <\/div>\n\n                <div class=\"application-examples-item-iframe-container browser-frame\">\n                    <div class=\"application-examples-item-iframe-wrapper\">\n                        <iframe class=\"application-examples-item-iframe application-examples-item-iframe-fixed-height\" data-src=\"https:\/\/elfsight.com\/examples?widget_id=bdb610dd-1314-4de3-a0c1-9dafdb8b78ff\" width=\"100%\" height=\"600\" allow=\"autoplay; fullscreen\"><\/iframe>\n                    <\/div>\n\n                    <div class=\"application-examples-item-loader\"><\/div>\n                <\/div>\n            <\/div><div class=\"application-examples-item application-examples-item-loading\">\n                            <div class=\"col-row\">\n                                <div class=\"col-6 col-m-8 col-s-12\"><h3 class=\"application-examples-item-title\">Przyk\u0142ad 3. Linia Czasowa<\/h3><div class=\"application-examples-item-description\">Dzi\u0119ki szablonowi Listy mo\u017cesz stworzy\u0107 kana\u0142 z wiadomo\u015bciami ze wszystkich \u017ar\u00f3de\u0142, kt\u00f3rych Twoi u\u017cytkownicy na pewno nie przeocz\u0105.<\/div><\/div>\n                <\/div>\n\n                <div class=\"application-examples-item-iframe-container browser-frame\">\n                    <div class=\"application-examples-item-iframe-wrapper\">\n                        <iframe class=\"application-examples-item-iframe application-examples-item-iframe-fixed-height\" data-src=\"https:\/\/elfsight.com\/examples?widget_id=396ef304-2b59-4507-8ed5-d7df64489e3e\" width=\"100%\" height=\"600\" allow=\"autoplay; fullscreen\"><\/iframe>\n                    <\/div>\n\n                    <div class=\"application-examples-item-loader\"><\/div>\n                <\/div>\n            <\/div><div class=\"application-cta-create\">\n                    <div class=\"application-cta-create-bg\">\n                        <div class=\"application-cta-create-bg-left\"><\/div>\n\n                        <div class=\"application-cta-create-bg-right\">\n                            <img decoding=\"async\" src=\"https:\/\/elfsight.com\/pl\/wp-content\/themes\/elfsight\/frontend\/assets\/img\/application-cta-create.jpg\" alt=\"Zacznij od stworzenia swojego wid\u017cetu\">\n                        <\/div>\n                    <\/div>\n\n                    <div class=\"application-cta-create-content inner\">\n                        <div class=\"application-cta-create-content-inner\">\n                            <div class=\"application-cta-create-content-icon\">\n                                <svg viewBox=\"0 0 25 25\" width=\"100%\" height=\"100%\">\n                                    <use xlink:href=\"#icon-settings\"><\/use>\n                                <\/svg>\n                            <\/div>\n\n                            <div class=\"application-cta-create-content-title\">Zacznij od stworzenia swojego wid\u017cetu<\/div>\n\n                            <div class=\"application-cta-create-content-text\">Szybko. \u0141atwo. Bez kodowania.<\/div>\n\n                            <a class=\"application-cta-create-content-button button-48 button-has-right-icon button-black button\" href=\"\">\n                                <span class=\"button-label\">Utw\u00f3rz wid\u017cet<\/span>\n\n                                <svg class=\"button-icon\">\n                                    <use xlink:href=\"#icon-arrow-link\"><\/use>\n                                <\/svg>\n                            <\/a>\n                        <\/div>\n                    <\/div>\n                <\/div><div class=\"application-examples-item application-examples-item-loading\">\n                            <div class=\"col-row\">\n                                <div class=\"col-6 col-m-8 col-s-12\"><h3 class=\"application-examples-item-title\">Przyk\u0142ad 4. Siatka<\/h3><div class=\"application-examples-item-description\">Je\u015bli szukasz czystych i wyra\u017anych kszta\u0142t\u00f3w, powiniene\u015b koniecznie przejrze\u0107 szablon Siatki. Korzystaj\u0105c z niego, zaprojektujesz sekcj\u0119 z publikacjami z r\u00f3\u017cnych \u017ar\u00f3de\u0142.<\/div><\/div>\n                <\/div>\n\n                <div class=\"application-examples-item-iframe-container browser-frame\">\n                    <div class=\"application-examples-item-iframe-wrapper\">\n                        <iframe class=\"application-examples-item-iframe application-examples-item-iframe-fixed-height\" data-src=\"https:\/\/elfsight.com\/examples?widget_id=5bab4a4a-e609-469e-a27d-627a0061fcea\" width=\"100%\" height=\"600\" allow=\"autoplay; fullscreen\"><\/iframe>\n                    <\/div>\n\n                    <div class=\"application-examples-item-loader\"><\/div>\n                <\/div>\n            <\/div><div class=\"application-examples-item application-examples-item-loading\">\n                            <div class=\"col-row\">\n                                <div class=\"col-6 col-m-8 col-s-12\"><h3 class=\"application-examples-item-title\">Przyk\u0142ad 5. Murarski Kolorowy<\/h3><div class=\"application-examples-item-description\">Nadaj swojemu projektowi stron internetowych jasny kolor, sprawiaj\u0105c, \u017ce Tw\u00f3j wid\u017cet b\u0119dzie niebieski i u\u017cywaj\u0105c uk\u0142adu murarskiego.<\/div><\/div>\n                <\/div>\n\n                <div class=\"application-examples-item-iframe-container browser-frame\">\n                    <div class=\"application-examples-item-iframe-wrapper\">\n                        <iframe class=\"application-examples-item-iframe application-examples-item-iframe-fixed-height\" data-src=\"https:\/\/elfsight.com\/examples?widget_id=e4e81e54-b30c-45bd-bd79-b94bceed4e8d\" width=\"100%\" height=\"400\" allow=\"autoplay; fullscreen\"><\/iframe>\n                    <\/div>\n\n                    <div class=\"application-examples-item-loader\"><\/div>\n                <\/div>\n            <\/div><div class=\"application-examples-item application-examples-item-loading\">\n                            <div class=\"col-row\">\n                                <div class=\"col-6 col-m-8 col-s-12\"><h3 class=\"application-examples-item-title\">Przyk\u0142ad 6. Pe\u0142ny Karuzela<\/h3><div class=\"application-examples-item-description\">Wid\u017cet Karuzela pe\u0142nej szeroko\u015bci pozwoli Twoim u\u017cytkownikom dowiedzie\u0107 si\u0119 wszystkiego o publikacjach na Twoim aktywnym kanale i zapobiegnie im szybkiemu opuszczeniu Twojej strony internetowej.<\/div><\/div>\n                <\/div>\n\n                <div class=\"application-examples-item-iframe-container browser-frame\">\n                    <div class=\"application-examples-item-iframe-wrapper\">\n                        <iframe class=\"application-examples-item-iframe application-examples-item-iframe-fixed-height\" data-src=\"https:\/\/elfsight.com\/examples?widget_id=4cc82153-566d-483e-9376-4c1489e4f8d4\" width=\"100%\" height=\"600\" allow=\"autoplay; fullscreen\"><\/iframe>\n                    <\/div>\n\n                    <div class=\"application-examples-item-loader\"><\/div>\n                <\/div>\n            <\/div><div class=\"application-examples-item application-examples-item-loading\">\n                            <div class=\"col-row\">\n                                <div class=\"col-6 col-m-8 col-s-12\"><h3 class=\"application-examples-item-title\">Przyk\u0142ad 7. Karuzela<\/h3><div class=\"application-examples-item-description\">\u017bywa karuzela przyci\u0105gnie uwag\u0119 odwiedzaj\u0105cych i zainspiruje ich do przewijania Twojej strony internetowej przez d\u0142u\u017cszy czas.<\/div><\/div>\n                <\/div>\n\n                <div class=\"application-examples-item-iframe-container browser-frame\">\n                    <div class=\"application-examples-item-iframe-wrapper\">\n                        <iframe class=\"application-examples-item-iframe application-examples-item-iframe-fixed-height\" data-src=\"https:\/\/elfsight.com\/examples?widget_id=ab7491f0-9b13-457f-a47a-d98dbcf6b38e\" width=\"100%\" height=\"600\" allow=\"autoplay; fullscreen\"><\/iframe>\n                    <\/div>\n\n                    <div class=\"application-examples-item-loader\"><\/div>\n                <\/div>\n            <\/div><div class=\"application-examples-item application-examples-item-loading\">\n                            <div class=\"col-row\">\n                                <div class=\"col-6 col-m-8 col-s-12\"><h3 class=\"application-examples-item-title\">Przyk\u0142ad 8. Ma\u0142y wid\u017cet<\/h3><div class=\"application-examples-item-description\">To doskona\u0142a okazja dla tych, kt\u00f3rzy nie mog\u0105 przeznaczy\u0107 wystarczaj\u0105co du\u017co miejsca na pe\u0142nowymiarowe narz\u0119dzie na stronie internetowej. Uk\u0142ad Suwaka jest tutaj po to, aby pom\u00f3c u\u017cytkownikom zobaczy\u0107 wi\u0119cej.<\/div><\/div>\n                <\/div>\n\n                <div class=\"application-examples-item-iframe-container browser-frame\">\n                    <div class=\"application-examples-item-iframe-wrapper\">\n                        <iframe class=\"application-examples-item-iframe application-examples-item-iframe-fixed-height\" data-src=\"https:\/\/elfsight.com\/examples?widget_id=9cab7e0c-17fa-483d-b8f6-f144d2d96c45\" width=\"100%\" height=\"600\" allow=\"autoplay; fullscreen\"><\/iframe>\n                    <\/div>\n\n                    <div class=\"application-examples-item-loader\"><\/div>\n                <\/div>\n            <\/div><div class=\"application-examples-item application-examples-item-loading\">\n                            <div class=\"col-row\">\n                                <div class=\"col-6 col-m-8 col-s-12\"><h3 class=\"application-examples-item-title\">Przyk\u0142ad 9. Suwak<\/h3><div class=\"application-examples-item-description\">Szablon Suwaka to doskona\u0142a opcja, aby skupi\u0107 si\u0119 na aspekcie wizualnym. Je\u015bli masz jakie\u015b interesuj\u0105ce wiadomo\u015bci, kt\u00f3rymi chcesz si\u0119 pochwali\u0107 przed swoj\u0105 publiczno\u015bci\u0105, skorzystaj z tej opcji.<\/div><\/div>\n                <\/div>\n\n                <div class=\"application-examples-item-iframe-container browser-frame\">\n                    <div class=\"application-examples-item-iframe-wrapper\">\n                        <iframe class=\"application-examples-item-iframe application-examples-item-iframe-fixed-height\" data-src=\"https:\/\/elfsight.com\/examples?widget_id=89a3dc33-e73a-4d63-81da-c00b2e03345d\" width=\"100%\" height=\"600\" allow=\"autoplay; fullscreen\"><\/iframe>\n                    <\/div>\n\n                    <div class=\"application-examples-item-loader\"><\/div>\n                <\/div>\n            <\/div>\n\n","protected":false},"excerpt":{"rendered":"","protected":false},"author":9,"featured_media":0,"parent":3374,"menu_order":0,"comment_status":"closed","ping_status":"closed","template":"templates\/template-application-examples.php","meta":{"publish_to_discourse":"","publish_post_category":"","wpdc_auto_publish_overridden":"","wpdc_topic_tags":"","wpdc_pin_topic":"","wpdc_pin_until":"","discourse_post_id":"","discourse_permalink":"","wpdc_publishing_response":"","wpdc_publishing_error":"","footnotes":""},"class_list":["post-3455","page","type-page","status-publish","hentry"],"yoast_head":"<!-- This site is optimized with the Yoast SEO plugin v25.3.1 - https:\/\/yoast.com\/wordpress\/plugins\/seo\/ -->\n<title>TOP 9 Tumblr Feed widget examples for your website (2025)<\/title>\n<meta name=\"description\" content=\"Tumblr Feed widget examples: Masonry, Masonry dark, Timeline, Slider and many other social wall templates for your website.\" \/>\n<meta name=\"robots\" content=\"index, follow, max-snippet:-1, max-image-preview:large, max-video-preview:-1\" \/>\n<link rel=\"canonical\" href=\"https:\/\/elfsight.com\/pl\/tumblr-feed-widget\/examples\/\" \/>\n<meta property=\"og:locale\" content=\"pl_PL\" \/>\n<meta property=\"og:type\" content=\"article\" \/>\n<meta property=\"og:title\" content=\"TOP 9 Tumblr Feed widget examples for your website (2025)\" \/>\n<meta property=\"og:description\" content=\"Tumblr Feed widget examples: Masonry, Masonry dark, Timeline, Slider and many other social wall templates for your website.\" \/>\n<meta property=\"og:url\" content=\"https:\/\/elfsight.com\/pl\/tumblr-feed-widget\/examples\/\" \/>\n<meta property=\"og:site_name\" content=\"Elfsight PL\" \/>\n<meta property=\"article:modified_time\" content=\"2024-05-03T13:41:07+00:00\" \/>\n<meta name=\"twitter:card\" content=\"summary_large_image\" \/>\n<meta name=\"twitter:label1\" content=\"Szacowany czas czytania\" \/>\n\t<meta name=\"twitter:data1\" content=\"2 minuty\" \/>\n<!-- \/ Yoast SEO plugin. -->","yoast_head_json":{"title":"TOP 9 Tumblr Feed widget examples for your website (2025)","description":"Tumblr Feed widget examples: Masonry, Masonry dark, Timeline, Slider and many other social wall templates for your website.","robots":{"index":"index","follow":"follow","max-snippet":"max-snippet:-1","max-image-preview":"max-image-preview:large","max-video-preview":"max-video-preview:-1"},"canonical":"https:\/\/elfsight.com\/pl\/tumblr-feed-widget\/examples\/","og_locale":"pl_PL","og_type":"article","og_title":"TOP 9 Tumblr Feed widget examples for your website (2025)","og_description":"Tumblr Feed widget examples: Masonry, Masonry dark, Timeline, Slider and many other social wall templates for your website.","og_url":"https:\/\/elfsight.com\/pl\/tumblr-feed-widget\/examples\/","og_site_name":"Elfsight PL","article_modified_time":"2024-05-03T13:41:07+00:00","twitter_card":"summary_large_image","twitter_misc":{"Szacowany czas czytania":"2 minuty"},"schema":{"@context":"https:\/\/schema.org","@graph":[{"@type":"WebPage","@id":"https:\/\/elfsight.com\/pl\/tumblr-feed-widget\/examples\/","url":"https:\/\/elfsight.com\/pl\/tumblr-feed-widget\/examples\/","name":"TOP 9 Tumblr Feed widget examples for your website (2025)","isPartOf":{"@id":"https:\/\/elfsight.com\/pl\/#website"},"datePublished":"2021-02-04T08:32:48+00:00","dateModified":"2024-05-03T13:41:07+00:00","description":"Tumblr Feed widget examples: Masonry, Masonry dark, Timeline, Slider and many other social wall templates for your website.","breadcrumb":{"@id":"https:\/\/elfsight.com\/pl\/tumblr-feed-widget\/examples\/#breadcrumb"},"inLanguage":"pl-PL","potentialAction":[{"@type":"ReadAction","target":["https:\/\/elfsight.com\/pl\/tumblr-feed-widget\/examples\/"]}]},{"@type":"BreadcrumbList","@id":"https:\/\/elfsight.com\/pl\/tumblr-feed-widget\/examples\/#breadcrumb","itemListElement":[{"@type":"ListItem","position":1,"name":"Home","item":"https:\/\/elfsight.com\/pl\/"},{"@type":"ListItem","position":2,"name":"Tumblr Feed","item":"https:\/\/elfsight.com\/pl\/tumblr-feed-widget\/"},{"@type":"ListItem","position":3,"name":"Tumblr Feed &#8211; Examples"}]},{"@type":"WebSite","@id":"https:\/\/elfsight.com\/pl\/#website","url":"https:\/\/elfsight.com\/pl\/","name":"Elfsight PL","description":"Just another Elfsight Sites site","potentialAction":[{"@type":"SearchAction","target":{"@type":"EntryPoint","urlTemplate":"https:\/\/elfsight.com\/pl\/?s={search_term_string}"},"query-input":{"@type":"PropertyValueSpecification","valueRequired":true,"valueName":"search_term_string"}}],"inLanguage":"pl-PL"}]}},"meta_box":{"industry":"","seo_heading":"","heading":"","description":"","cta_heading":"","cta_description":"","application":"3346","h1":"","h1_caption":"","application_category":[],"applications_title":"","applications_request_title":"","applications_request_button_text":"","hero_text":"","hero_video":"","hero_video_schema_markup":"","selling_points_title":"","selling_points_caption":"","selling_points":[],"selling_points_cta_text":"","features_title":"","features":"","ed_cta_examples_text":"","ed_cta_examples_hidden":"","ed_cta_demo_text":"","ed_cta_demo_hidden":"","why_caption":"","why_editor_title":"","why_editor_text":"","why_team_title":"","why_team_text":"","why_service_title":"","why_service_text":"","template_catalog_visible":"","template_catalog_title":"","template_catalog_text":"","template_catalog_categories_visible":"","demo_title":"","demo_caption":"","default_faq_hidden":"","app_template_category":[],"platform":"","template_public_id":"","codecanyon_url":"","codecanyon_item_id":"","codecanyon_price":"","pricing_caption":"","pricing_elfsight_apps_hide_column":"","pricing_elfsight_apps_url":"","pricing_codecanyon_price_caption":"","integration_category":[],"integration_request_title":"","integration_request_cta":"","integration_platform":"","integrations":[],"platform_category":[],"video_schema_markup":"","price":"","trial":"","benefits":[],"button_url":"","button_target_blank":"","button_nofollow":"","attributes":[],"tags":[],"tags_disable_links":"","hide_more_platforms":"","video_object":"","demo_hide_cta":"","demo_hide_cloud_options":"","pricing_title":"","pricing":[],"related_apps_title":"","related_apps_hidden":"","author":"","image":[],"title":"","job":"","social_networks":[]},"_links":{"self":[{"href":"https:\/\/elfsight.com\/pl\/wp-json\/wp\/v2\/pages\/3455","targetHints":{"allow":["GET"]}}],"collection":[{"href":"https:\/\/elfsight.com\/pl\/wp-json\/wp\/v2\/pages"}],"about":[{"href":"https:\/\/elfsight.com\/pl\/wp-json\/wp\/v2\/types\/page"}],"author":[{"embeddable":true,"href":"https:\/\/elfsight.com\/pl\/wp-json\/wp\/v2\/users\/9"}],"replies":[{"embeddable":true,"href":"https:\/\/elfsight.com\/pl\/wp-json\/wp\/v2\/comments?post=3455"}],"version-history":[{"count":2,"href":"https:\/\/elfsight.com\/pl\/wp-json\/wp\/v2\/pages\/3455\/revisions"}],"predecessor-version":[{"id":3683,"href":"https:\/\/elfsight.com\/pl\/wp-json\/wp\/v2\/pages\/3455\/revisions\/3683"}],"up":[{"embeddable":true,"href":"https:\/\/elfsight.com\/pl\/wp-json\/wp\/v2\/pages\/3374"}],"wp:attachment":[{"href":"https:\/\/elfsight.com\/pl\/wp-json\/wp\/v2\/media?parent=3455"}],"curies":[{"name":"wp","href":"https:\/\/api.w.org\/{rel}","templated":true}]}}