{"id":3448,"date":"2021-05-18T15:26:46","date_gmt":"2021-05-18T15:26:46","guid":{"rendered":"https:\/\/elfsight.com\/pl\/?page_id=3448"},"modified":"2024-05-03T11:20:17","modified_gmt":"2024-05-03T11:20:17","slug":"examples","status":"publish","type":"page","link":"https:\/\/elfsight.com\/pl\/banner-widget\/examples\/","title":{"rendered":"Banner &#8211; Examples"},"content":{"rendered":"\n<div class=\"application-examples-item application-examples-item-loading\">\n                            <div class=\"col-row\">\n                                <div class=\"col-6 col-m-8 col-s-12\"><h3 class=\"application-examples-item-title\">Przyk\u0142ad 1. Prosty banner<\/h3><div class=\"application-examples-item-description\">Ten prosty banner zawiera obraz t\u0142a w towarzystwie prostego przycisku CTA promuj\u0105cego ostatni rabat. Czyste i p\u0142ynne rozwi\u0105zanie.<\/div><\/div>\n                <\/div>\n\n                <div class=\"application-examples-item-iframe-container browser-frame\">\n                    <div class=\"application-examples-item-iframe-wrapper\">\n                        <iframe class=\"application-examples-item-iframe application-examples-item-iframe-fixed-height\" data-src=\"https:\/\/elfsight.com\/examples?widget_id=867abb8e-55be-4607-9d1b-0ac88830ca70\" width=\"100%\" height=\"450\" allow=\"autoplay; fullscreen\"><\/iframe>\n                    <\/div>\n\n                    <div class=\"application-examples-item-loader\"><\/div>\n                <\/div>\n            <\/div><div class=\"application-examples-item application-examples-item-loading\">\n                            <div class=\"col-row\">\n                                <div class=\"col-6 col-m-8 col-s-12\"><h3 class=\"application-examples-item-title\">Przyk\u0142ad 2. Pionowy<\/h3><div class=\"application-examples-item-description\">Ten pionowy banner z atrakcyjnym obrazem t\u0142a b\u0119dzie doskona\u0142ym dodatkiem do Twojej belki bocznej. Promuj swoje oferty \u0142atwo!<\/div><\/div>\n                <\/div>\n\n                <div class=\"application-examples-item-iframe-container browser-frame\">\n                    <div class=\"application-examples-item-iframe-wrapper\">\n                        <iframe class=\"application-examples-item-iframe application-examples-item-iframe-fixed-height\" data-src=\"https:\/\/elfsight.com\/examples?widget_id=3bd7a35b-59db-42c6-beea-71113dffefe5\" width=\"100%\" height=\"700\" allow=\"autoplay; fullscreen\"><\/iframe>\n                    <\/div>\n\n                    <div class=\"application-examples-item-loader\"><\/div>\n                <\/div>\n            <\/div><div class=\"application-examples-item application-examples-item-loading\">\n                            <div class=\"col-row\">\n                                <div class=\"col-6 col-m-8 col-s-12\"><h3 class=\"application-examples-item-title\">Przyk\u0142ad 3. T\u0142o wideo<\/h3><div class=\"application-examples-item-description\">Oto przyk\u0142ad prostego, ale przekonuj\u0105cego bannera z t\u0142em wideo, kt\u00f3re przyci\u0105ga uwag\u0119 od razu, jak tylko u\u017cytkownik je zobaczy.<\/div><\/div>\n                <\/div>\n\n                <div class=\"application-examples-item-iframe-container browser-frame\">\n                    <div class=\"application-examples-item-iframe-wrapper\">\n                        <iframe class=\"application-examples-item-iframe application-examples-item-iframe-fixed-height\" data-src=\"https:\/\/elfsight.com\/examples?widget_id=9499b757-83bd-43c0-aea1-90d6da7ef84c\" width=\"100%\" height=\"400\" allow=\"autoplay; fullscreen\"><\/iframe>\n                    <\/div>\n\n                    <div class=\"application-examples-item-loader\"><\/div>\n                <\/div>\n            <\/div><div class=\"application-examples-item application-examples-item-loading\">\n                            <div class=\"col-row\">\n                                <div class=\"col-6 col-m-8 col-s-12\"><h3 class=\"application-examples-item-title\">Przyk\u0142ad 4. Obraz po prawej stronie<\/h3><div class=\"application-examples-item-description\">Ten banner wyr\u00f3\u017cnia si\u0119 nietypowym umiejscowieniem obrazu. Akcent koloru przycisku rzuca si\u0119 w oczy, ale doskonale komponuje si\u0119 z projektem.<\/div><\/div>\n                <\/div>\n\n                <div class=\"application-examples-item-iframe-container browser-frame\">\n                    <div class=\"application-examples-item-iframe-wrapper\">\n                        <iframe class=\"application-examples-item-iframe application-examples-item-iframe-fixed-height\" data-src=\"https:\/\/elfsight.com\/examples?widget_id=c20d4b2f-cc8a-4ffc-9b76-ebf9120e463a\" width=\"100%\" height=\"400\" allow=\"autoplay; fullscreen\"><\/iframe>\n                    <\/div>\n\n                    <div class=\"application-examples-item-loader\"><\/div>\n                <\/div>\n            <\/div><div class=\"application-examples-item application-examples-item-loading\">\n                            <div class=\"col-row\">\n                                <div class=\"col-6 col-m-8 col-s-12\"><h3 class=\"application-examples-item-title\">Przyk\u0142ad 5. Media spo\u0142eczno\u015bciowe<\/h3><div class=\"application-examples-item-description\">\u015awietnym sposobem na przyci\u0105gni\u0119cie nowych obserwuj\u0105cych na swoje media spo\u0142eczno\u015bciowe jest dodanie kolorowych przycisk\u00f3w do pionowego bannera! Subskrypcja nigdy nie by\u0142a \u0142atwiejsza.<\/div><\/div>\n                <\/div>\n\n                <div class=\"application-examples-item-iframe-container browser-frame\">\n                    <div class=\"application-examples-item-iframe-wrapper\">\n                        <iframe class=\"application-examples-item-iframe application-examples-item-iframe-fixed-height\" data-src=\"https:\/\/elfsight.com\/examples?widget_id=c450a373-f226-49a3-a63b-3e383f8e410b\" width=\"100%\" height=\"450\" allow=\"autoplay; fullscreen\"><\/iframe>\n                    <\/div>\n\n                    <div class=\"application-examples-item-loader\"><\/div>\n                <\/div>\n            <\/div><div class=\"application-cta-create\">\n                    <div class=\"application-cta-create-bg\">\n                        <div class=\"application-cta-create-bg-left\"><\/div>\n\n                        <div class=\"application-cta-create-bg-right\">\n                            <img decoding=\"async\" src=\"https:\/\/elfsight.com\/pl\/wp-content\/themes\/elfsight\/frontend\/assets\/img\/application-cta-create.jpg\" alt=\"Zacznij od stworzenia swojego wid\u017cetu\">\n                        <\/div>\n                    <\/div>\n\n                    <div class=\"application-cta-create-content inner\">\n                        <div class=\"application-cta-create-content-inner\">\n                            <div class=\"application-cta-create-content-icon\">\n                                <svg viewBox=\"0 0 25 25\" width=\"100%\" height=\"100%\">\n                                    <use xlink:href=\"#icon-settings\"><\/use>\n                                <\/svg>\n                            <\/div>\n\n                            <div class=\"application-cta-create-content-title\">Zacznij od stworzenia swojego wid\u017cetu<\/div>\n\n                            <div class=\"application-cta-create-content-text\">Szybko. \u0141atwo. Bez kodowania.<\/div>\n\n                            <a class=\"application-cta-create-content-button button-48 button-has-right-icon button-black button\" href=\"\">\n                                <span class=\"button-label\">Utw\u00f3rz wid\u017cet<\/span>\n\n                                <svg class=\"button-icon\">\n                                    <use xlink:href=\"#icon-arrow-link\"><\/use>\n                                <\/svg>\n                            <\/a>\n                        <\/div>\n                    <\/div>\n                <\/div><div class=\"application-examples-item application-examples-item-loading\">\n                            <div class=\"col-row\">\n                                <div class=\"col-6 col-m-8 col-s-12\"><h3 class=\"application-examples-item-title\">Przyk\u0142ad 6. Og\u0142oszenie webinaru<\/h3><div class=\"application-examples-item-description\">Banner mo\u017ce by\u0107 nie tylko wezwaniem do dzia\u0142ania, ale tak\u017ce bardzo informacyjnym elementem zawieraj\u0105cym wszystkie niezb\u0119dne szczeg\u00f3\u0142y dla u\u017cytkownik\u00f3w. Musz\u0105 tylko zdecydowa\u0107, czy korzystanie z Twojej aplikacji jest dla nich wygodne.<\/div><\/div>\n                <\/div>\n\n                <div class=\"application-examples-item-iframe-container browser-frame\">\n                    <div class=\"application-examples-item-iframe-wrapper\">\n                        <iframe class=\"application-examples-item-iframe application-examples-item-iframe-fixed-height\" data-src=\"https:\/\/elfsight.com\/examples?widget_id=bb00952b-461a-4e5f-9840-b29eda31a474\" width=\"100%\" height=\"600\" allow=\"autoplay; fullscreen\"><\/iframe>\n                    <\/div>\n\n                    <div class=\"application-examples-item-loader\"><\/div>\n                <\/div>\n            <\/div><div class=\"application-examples-item application-examples-item-loading\">\n                            <div class=\"col-row\">\n                                <div class=\"col-6 col-m-8 col-s-12\"><h3 class=\"application-examples-item-title\">Przyk\u0142ad 7. Produkt<\/h3><div class=\"application-examples-item-description\">A tutaj mo\u017cesz zobaczy\u0107 \u015bwietny przyk\u0142ad bannera do promowania r\u00f3\u017cnorodnych kategorii produkt\u00f3w. Wystarczy wybra\u0107 gradientowe wype\u0142nienie, doda\u0107 obraz i tekst opisuj\u0105cy dost\u0119pne rozmiary, a zanim si\u0119 obejrzysz, Tw\u00f3j produkt b\u0119dzie wyprzedany w\u0142a\u015bnie tam!<\/div><\/div>\n                <\/div>\n\n                <div class=\"application-examples-item-iframe-container browser-frame\">\n                    <div class=\"application-examples-item-iframe-wrapper\">\n                        <iframe class=\"application-examples-item-iframe application-examples-item-iframe-fixed-height\" data-src=\"https:\/\/elfsight.com\/examples?widget_id=656ddf64-5b8d-4867-824e-93188dd230f5\" width=\"100%\" height=\"350\" allow=\"autoplay; fullscreen\"><\/iframe>\n                    <\/div>\n\n                    <div class=\"application-examples-item-loader\"><\/div>\n                <\/div>\n            <\/div><div class=\"application-examples-item application-examples-item-loading\">\n                            <div class=\"col-row\">\n                                <div class=\"col-6 col-m-8 col-s-12\"><h3 class=\"application-examples-item-title\">Przyk\u0142ad 8. Nowe menu restauracji<\/h3><div class=\"application-examples-item-description\">Chcesz, aby wszyscy zobaczyli na pewno zaktualizowane menu Twojej restauracji? U\u017cyj jasnego zielonego t\u0142a i przyci\u0105gaj\u0105cego uwag\u0119 obrazu!<\/div><\/div>\n                <\/div>\n\n                <div class=\"application-examples-item-iframe-container browser-frame\">\n                    <div class=\"application-examples-item-iframe-wrapper\">\n                        <iframe class=\"application-examples-item-iframe application-examples-item-iframe-fixed-height\" data-src=\"https:\/\/elfsight.com\/examples?widget_id=7ef409e0-5f24-4b33-9f53-12b34dbd7c26\" width=\"100%\" height=\"650\" allow=\"autoplay; fullscreen\"><\/iframe>\n                    <\/div>\n\n                    <div class=\"application-examples-item-loader\"><\/div>\n                <\/div>\n            <\/div><div class=\"application-examples-item application-examples-item-loading\">\n                            <div class=\"col-row\">\n                                <div class=\"col-6 col-m-8 col-s-12\"><h3 class=\"application-examples-item-title\">Przyk\u0142ad 9. Rabat w podr\u00f3\u017cy<\/h3><div class=\"application-examples-item-description\">Dla tych, kt\u00f3rzy s\u0105 w bran\u017cy turystycznej, ten banner z wymarzonym obrazem t\u0142a i nienachalnym wezwaniem do dzia\u0142ania mo\u017ce by\u0107 doskona\u0142\u0105 inspiracj\u0105.<\/div><\/div>\n                <\/div>\n\n                <div class=\"application-examples-item-iframe-container browser-frame\">\n                    <div class=\"application-examples-item-iframe-wrapper\">\n                        <iframe class=\"application-examples-item-iframe application-examples-item-iframe-fixed-height\" data-src=\"https:\/\/elfsight.com\/examples?widget_id=8bb7a69e-825c-4746-8469-3df1428c3735\" width=\"100%\" height=\"400\" allow=\"autoplay; fullscreen\"><\/iframe>\n                    <\/div>\n\n                    <div class=\"application-examples-item-loader\"><\/div>\n                <\/div>\n            <\/div><div class=\"application-examples-item application-examples-item-loading\">\n                            <div class=\"col-row\">\n                                <div class=\"col-6 col-m-8 col-s-12\"><h3 class=\"application-examples-item-title\">Przyk\u0142ad 10. Ma\u0142y banner<\/h3><div class=\"application-examples-item-description\">Je\u015bli nie mo\u017cesz sobie pozwoli\u0107 na du\u017co miejsca na swojej stronie internetowej na pe\u0142noprawny banner, to ten przyk\u0142ad jest dla Ciebie. Wystarczy \u017cywy kolor t\u0142a i przekonuj\u0105ce wezwanie do dzia\u0142ania!<\/div><\/div>\n                <\/div>\n\n                <div class=\"application-examples-item-iframe-container browser-frame\">\n                    <div class=\"application-examples-item-iframe-wrapper\">\n                        <iframe class=\"application-examples-item-iframe application-examples-item-iframe-fixed-height\" data-src=\"https:\/\/elfsight.com\/examples?widget_id=93fdf6a8-7490-4de4-86c1-0d708a81fa75\" width=\"100%\" height=\"300\" allow=\"autoplay; fullscreen\"><\/iframe>\n                    <\/div>\n\n                    <div class=\"application-examples-item-loader\"><\/div>\n                <\/div>\n            <\/div>\n\n","protected":false},"excerpt":{"rendered":"","protected":false},"author":9,"featured_media":0,"parent":3372,"menu_order":0,"comment_status":"closed","ping_status":"closed","template":"templates\/template-application-examples.php","meta":{"publish_to_discourse":"","publish_post_category":"","wpdc_auto_publish_overridden":"","wpdc_topic_tags":"","wpdc_pin_topic":"","wpdc_pin_until":"","discourse_post_id":"","discourse_permalink":"","wpdc_publishing_response":"","wpdc_publishing_error":"","footnotes":""},"class_list":["post-3448","page","type-page","status-publish","hentry"],"yoast_head":"<!-- This site is optimized with the Yoast SEO plugin v25.3.1 - https:\/\/yoast.com\/wordpress\/plugins\/seo\/ -->\n<title>The TOP 10 Banner widget examples for your website (2025)<\/title>\n<meta name=\"description\" content=\"Banner widget examples: Simple Banner, Product, Travel Discount and many other promotion banner templates for your website.\" \/>\n<meta name=\"robots\" content=\"index, follow, max-snippet:-1, max-image-preview:large, max-video-preview:-1\" \/>\n<link rel=\"canonical\" href=\"https:\/\/elfsight.com\/pl\/banner-widget\/examples\/\" \/>\n<meta property=\"og:locale\" content=\"pl_PL\" \/>\n<meta property=\"og:type\" content=\"article\" \/>\n<meta property=\"og:title\" content=\"The TOP 10 Banner widget examples for your website (2025)\" \/>\n<meta property=\"og:description\" content=\"Banner widget examples: Simple Banner, Product, Travel Discount and many other promotion banner templates for your website.\" \/>\n<meta property=\"og:url\" content=\"https:\/\/elfsight.com\/pl\/banner-widget\/examples\/\" \/>\n<meta property=\"og:site_name\" content=\"Elfsight PL\" \/>\n<meta property=\"article:modified_time\" content=\"2024-05-03T11:20:17+00:00\" \/>\n<meta name=\"twitter:card\" content=\"summary_large_image\" \/>\n<meta name=\"twitter:label1\" content=\"Szacowany czas czytania\" \/>\n\t<meta name=\"twitter:data1\" content=\"2 minuty\" \/>\n<!-- \/ Yoast SEO plugin. -->","yoast_head_json":{"title":"The TOP 10 Banner widget examples for your website (2025)","description":"Banner widget examples: Simple Banner, Product, Travel Discount and many other promotion banner templates for your website.","robots":{"index":"index","follow":"follow","max-snippet":"max-snippet:-1","max-image-preview":"max-image-preview:large","max-video-preview":"max-video-preview:-1"},"canonical":"https:\/\/elfsight.com\/pl\/banner-widget\/examples\/","og_locale":"pl_PL","og_type":"article","og_title":"The TOP 10 Banner widget examples for your website (2025)","og_description":"Banner widget examples: Simple Banner, Product, Travel Discount and many other promotion banner templates for your website.","og_url":"https:\/\/elfsight.com\/pl\/banner-widget\/examples\/","og_site_name":"Elfsight PL","article_modified_time":"2024-05-03T11:20:17+00:00","twitter_card":"summary_large_image","twitter_misc":{"Szacowany czas czytania":"2 minuty"},"schema":{"@context":"https:\/\/schema.org","@graph":[{"@type":"WebPage","@id":"https:\/\/elfsight.com\/pl\/banner-widget\/examples\/","url":"https:\/\/elfsight.com\/pl\/banner-widget\/examples\/","name":"The TOP 10 Banner widget examples for your website (2025)","isPartOf":{"@id":"https:\/\/elfsight.com\/pl\/#website"},"datePublished":"2021-05-18T15:26:46+00:00","dateModified":"2024-05-03T11:20:17+00:00","description":"Banner widget examples: Simple Banner, Product, Travel Discount and many other promotion banner templates for your website.","breadcrumb":{"@id":"https:\/\/elfsight.com\/pl\/banner-widget\/examples\/#breadcrumb"},"inLanguage":"pl-PL","potentialAction":[{"@type":"ReadAction","target":["https:\/\/elfsight.com\/pl\/banner-widget\/examples\/"]}]},{"@type":"BreadcrumbList","@id":"https:\/\/elfsight.com\/pl\/banner-widget\/examples\/#breadcrumb","itemListElement":[{"@type":"ListItem","position":1,"name":"Home","item":"https:\/\/elfsight.com\/pl\/"},{"@type":"ListItem","position":2,"name":"Banner","item":"https:\/\/elfsight.com\/pl\/banner-widget\/"},{"@type":"ListItem","position":3,"name":"Banner &#8211; Examples"}]},{"@type":"WebSite","@id":"https:\/\/elfsight.com\/pl\/#website","url":"https:\/\/elfsight.com\/pl\/","name":"Elfsight PL","description":"Just another Elfsight Sites site","potentialAction":[{"@type":"SearchAction","target":{"@type":"EntryPoint","urlTemplate":"https:\/\/elfsight.com\/pl\/?s={search_term_string}"},"query-input":{"@type":"PropertyValueSpecification","valueRequired":true,"valueName":"search_term_string"}}],"inLanguage":"pl-PL"}]}},"meta_box":{"industry":"","seo_heading":"","heading":"","description":"","cta_heading":"","cta_description":"","application":"3337","h1":"","h1_caption":"","application_category":[],"applications_title":"","applications_request_title":"","applications_request_button_text":"","hero_text":"","hero_video":"","hero_video_schema_markup":"","selling_points_title":"","selling_points_caption":"","selling_points":[],"selling_points_cta_text":"","features_title":"","features":"","ed_cta_examples_text":"","ed_cta_examples_hidden":"","ed_cta_demo_text":"","ed_cta_demo_hidden":"","why_caption":"","why_editor_title":"","why_editor_text":"","why_team_title":"","why_team_text":"","why_service_title":"","why_service_text":"","template_catalog_visible":"","template_catalog_title":"","template_catalog_text":"","template_catalog_categories_visible":"","demo_title":"","demo_caption":"","default_faq_hidden":"","app_template_category":[],"platform":"","template_public_id":"","codecanyon_url":"","codecanyon_item_id":"","codecanyon_price":"","pricing_caption":"","pricing_elfsight_apps_hide_column":"","pricing_elfsight_apps_url":"","pricing_codecanyon_price_caption":"","integration_category":[],"integration_request_title":"","integration_request_cta":"","integration_platform":"","integrations":[],"platform_category":[],"video_schema_markup":"","price":"","trial":"","benefits":[],"button_url":"","button_target_blank":"","button_nofollow":"","attributes":[],"tags":[],"tags_disable_links":"","hide_more_platforms":"","video_object":"","demo_hide_cta":"","demo_hide_cloud_options":"","pricing_title":"","pricing":[],"related_apps_title":"","related_apps_hidden":"","author":"","image":[],"title":"","job":"","social_networks":[]},"_links":{"self":[{"href":"https:\/\/elfsight.com\/pl\/wp-json\/wp\/v2\/pages\/3448","targetHints":{"allow":["GET"]}}],"collection":[{"href":"https:\/\/elfsight.com\/pl\/wp-json\/wp\/v2\/pages"}],"about":[{"href":"https:\/\/elfsight.com\/pl\/wp-json\/wp\/v2\/types\/page"}],"author":[{"embeddable":true,"href":"https:\/\/elfsight.com\/pl\/wp-json\/wp\/v2\/users\/9"}],"replies":[{"embeddable":true,"href":"https:\/\/elfsight.com\/pl\/wp-json\/wp\/v2\/comments?post=3448"}],"version-history":[{"count":2,"href":"https:\/\/elfsight.com\/pl\/wp-json\/wp\/v2\/pages\/3448\/revisions"}],"predecessor-version":[{"id":3673,"href":"https:\/\/elfsight.com\/pl\/wp-json\/wp\/v2\/pages\/3448\/revisions\/3673"}],"up":[{"embeddable":true,"href":"https:\/\/elfsight.com\/pl\/wp-json\/wp\/v2\/pages\/3372"}],"wp:attachment":[{"href":"https:\/\/elfsight.com\/pl\/wp-json\/wp\/v2\/media?parent=3448"}],"curies":[{"name":"wp","href":"https:\/\/api.w.org\/{rel}","templated":true}]}}