{"id":3441,"date":"2023-06-29T08:55:46","date_gmt":"2023-06-29T08:55:46","guid":{"rendered":"https:\/\/elfsight.com\/pl\/?page_id=3441"},"modified":"2024-05-06T10:20:52","modified_gmt":"2024-05-06T10:20:52","slug":"examples","status":"publish","type":"page","link":"https:\/\/elfsight.com\/pl\/linkedin-feed-widget\/examples\/","title":{"rendered":"LinkedIn Feed &#8211; Examples"},"content":{"rendered":"\n<div class=\"application-examples-item application-examples-item-loading\">\n                            <div class=\"col-row\">\n                                <div class=\"col-6 col-m-8 col-s-12\"><h3 class=\"application-examples-item-title\">Przyk\u0142ad 1: Karuzela<\/h3><div class=\"application-examples-item-description\">Wy\u015bwietl swoje posty na LinkedIn w eleganckim formacie karuzeli, kt\u00f3ry przewija si\u0119 za pomoc\u0105 dotkni\u0119cia przycisku strza\u0142ki. Strumie\u0144 jest w pe\u0142ni zoptymalizowany pod k\u0105tem ka\u017cdego urz\u0105dzenia i obiecuje by\u0107 bardzo responsywny z dynamiczn\u0105 nawigacj\u0105.<\/div><\/div>\n                <\/div>\n\n                <div class=\"application-examples-item-iframe-container browser-frame\">\n                    <div class=\"application-examples-item-iframe-wrapper\">\n                        <iframe class=\"application-examples-item-iframe application-examples-item-iframe-fixed-height\" data-src=\"https:\/\/widget-d244be276704455896491a3f0ca3e413.elfsig.ht?padding=40\" width=\"100%\" height=\"550\" allow=\"autoplay; fullscreen\"><\/iframe>\n                    <\/div>\n\n                    <div class=\"application-examples-item-loader\"><\/div>\n                <\/div>\n            <\/div><div class=\"application-examples-item application-examples-item-loading\">\n                            <div class=\"col-row\">\n                                <div class=\"col-6 col-m-8 col-s-12\"><h3 class=\"application-examples-item-title\">Przyk\u0142ad 2: Murarstwo<\/h3><div class=\"application-examples-item-description\">Ten szablon prezentuje tre\u015bci LinkedIn w modnej strukturze, uk\u0142adaj\u0105c posty w mozaikow\u0105 siatk\u0119\u2014ka\u017cdy z nich idealnie wpasowuje si\u0119 w dost\u0119pn\u0105 przestrze\u0144 Twojej strefy tre\u015bci. Nadaj swojej stronie \u015bwie\u017cy i wsp\u00f3\u0142czesny wygl\u0105d z asymetrycznym urokiem.<\/div><\/div>\n                <\/div>\n\n                <div class=\"application-examples-item-iframe-container browser-frame\">\n                    <div class=\"application-examples-item-iframe-wrapper\">\n                        <iframe class=\"application-examples-item-iframe application-examples-item-iframe-fixed-height\" data-src=\"https:\/\/widget-2505684abc6f440788837432b3d0956c.elfsig.ht?padding=40\" width=\"100%\" height=\"800\" allow=\"autoplay; fullscreen\"><\/iframe>\n                    <\/div>\n\n                    <div class=\"application-examples-item-loader\"><\/div>\n                <\/div>\n            <\/div><div class=\"application-examples-item application-examples-item-loading\">\n                            <div class=\"col-row\">\n                                <div class=\"col-6 col-m-8 col-s-12\"><h3 class=\"application-examples-item-title\">Przyk\u0142ad 3: O\u015b czasu<\/h3><div class=\"application-examples-item-description\">Dzi\u0119ki chronologicznemu uk\u0142adowi ten szablon pozwala u\u017cytkownikom witryny przewija\u0107 Twoje poprzednie tre\u015bci na LinkedIn, daj\u0105c im kompleksowy widok na Twoj\u0105 zawodow\u0105 drog\u0119. Ka\u017cdy post w strumieniu pokazuje szczeg\u00f3\u0142owy opis, multimedia i przyciski CTA.<\/div><\/div>\n                <\/div>\n\n                <div class=\"application-examples-item-iframe-container browser-frame\">\n                    <div class=\"application-examples-item-iframe-wrapper\">\n                        <iframe class=\"application-examples-item-iframe application-examples-item-iframe-fixed-height\" data-src=\"https:\/\/widget-a72e4733b0c444febbff80efd569587e.elfsig.ht?padding=40\" width=\"100%\" height=\"800\" allow=\"autoplay; fullscreen\"><\/iframe>\n                    <\/div>\n\n                    <div class=\"application-examples-item-loader\"><\/div>\n                <\/div>\n            <\/div><div class=\"application-examples-item application-examples-item-loading\">\n                            <div class=\"col-row\">\n                                <div class=\"col-6 col-m-8 col-s-12\"><h3 class=\"application-examples-item-title\">Przyk\u0142ad 4: Siatka<\/h3><div class=\"application-examples-item-description\">Czysty, zorganizowany i wizualnie atrakcyjny\u2014taki w\u0142a\u015bnie jest szablon Siatka. Poka\u017c swoje tre\u015bci na LinkedIn w schludnym uk\u0142adzie siatki, wybierz liczb\u0119 kolumn i rz\u0119d\u00f3w oraz wyr\u00f3\u017cnij przycisk Za\u0142aduj wi\u0119cej jasnym kolorem.<\/div><\/div>\n                <\/div>\n\n                <div class=\"application-examples-item-iframe-container browser-frame\">\n                    <div class=\"application-examples-item-iframe-wrapper\">\n                        <iframe class=\"application-examples-item-iframe application-examples-item-iframe-fixed-height\" data-src=\"https:\/\/widget-87a1123df0d6404f917cce769927a12f.elfsig.ht?padding=40\" width=\"100%\" height=\"800\" allow=\"autoplay; fullscreen\"><\/iframe>\n                    <\/div>\n\n                    <div class=\"application-examples-item-loader\"><\/div>\n                <\/div>\n            <\/div><div class=\"application-cta-create\">\n                    <div class=\"application-cta-create-bg\">\n                        <div class=\"application-cta-create-bg-left\"><\/div>\n\n                        <div class=\"application-cta-create-bg-right\">\n                            <img decoding=\"async\" src=\"https:\/\/elfsight.com\/pl\/wp-content\/themes\/elfsight\/frontend\/assets\/img\/application-cta-create.jpg\" alt=\"Zacznij od stworzenia swojego wid\u017cetu\">\n                        <\/div>\n                    <\/div>\n\n                    <div class=\"application-cta-create-content inner\">\n                        <div class=\"application-cta-create-content-inner\">\n                            <div class=\"application-cta-create-content-icon\">\n                                <svg viewBox=\"0 0 25 25\" width=\"100%\" height=\"100%\">\n                                    <use xlink:href=\"#icon-settings\"><\/use>\n                                <\/svg>\n                            <\/div>\n\n                            <div class=\"application-cta-create-content-title\">Zacznij od stworzenia swojego wid\u017cetu<\/div>\n\n                            <div class=\"application-cta-create-content-text\">Szybko. \u0141atwo. Bez kodowania.<\/div>\n\n                            <a class=\"application-cta-create-content-button button-48 button-has-right-icon button-black button\" href=\"\">\n                                <span class=\"button-label\">Utw\u00f3rz wid\u017cet<\/span>\n\n                                <svg class=\"button-icon\">\n                                    <use xlink:href=\"#icon-arrow-link\"><\/use>\n                                <\/svg>\n                            <\/a>\n                        <\/div>\n                    <\/div>\n                <\/div><div class=\"application-examples-item application-examples-item-loading\">\n                            <div class=\"col-row\">\n                                <div class=\"col-6 col-m-8 col-s-12\"><h3 class=\"application-examples-item-title\">Przyk\u0142ad 5: Suwak<\/h3><div class=\"application-examples-item-description\">Poka\u017c jeden post na raz, aby przyci\u0105gn\u0105\u0107 ca\u0142\u0105 potrzebn\u0105 uwag\u0119 i osi\u0105gn\u0105\u0107 wy\u017csz\u0105 konwersacj\u0119. Obejmuje nie tylko szczeg\u00f3\u0142y posta, ale tak\u017ce filmy i zdj\u0119cia. Mimo kompaktowego rozmiaru szablonu, nadal mo\u017cesz doda\u0107 elegancj\u0119 i interaktywno\u015b\u0107 na swojej stronie internetowej.<\/div><\/div>\n                <\/div>\n\n                <div class=\"application-examples-item-iframe-container browser-frame\">\n                    <div class=\"application-examples-item-iframe-wrapper\">\n                        <iframe class=\"application-examples-item-iframe application-examples-item-iframe-fixed-height\" data-src=\"https:\/\/widget-bb6a5086cb2c4d6e924effa474493920.elfsig.ht?padding=40\" width=\"100%\" height=\"600\" allow=\"autoplay; fullscreen\"><\/iframe>\n                    <\/div>\n\n                    <div class=\"application-examples-item-loader\"><\/div>\n                <\/div>\n            <\/div><div class=\"application-examples-item application-examples-item-loading\">\n                            <div class=\"col-row\">\n                                <div class=\"col-6 col-m-8 col-s-12\"><h3 class=\"application-examples-item-title\">Przyk\u0142ad 6: Ma\u0142y Widget<\/h3><div class=\"application-examples-item-description\">Niezale\u017cnie od ma\u0142ego rozmiaru i minimalistycznego designu, ten szablon pozwala nadawa\u0107 Twoje posty na LinkedIn w skondensowanym formacie, co czyni go idealnym do pask\u00f3w bocznych, stopki lub jakiejkolwiek ograniczonej przestrzeni na Twojej stronie internetowej. Nadal oferuje mocne uderzenie pod wzgl\u0119dem funkcjonalno\u015bci i wizualnego uroku, takiego jak opis, wizualizacje oraz przyciski udost\u0119pniania i polubienia.<\/div><\/div>\n                <\/div>\n\n                <div class=\"application-examples-item-iframe-container browser-frame\">\n                    <div class=\"application-examples-item-iframe-wrapper\">\n                        <iframe class=\"application-examples-item-iframe application-examples-item-iframe-fixed-height\" data-src=\"https:\/\/widget-ec95070134a8422dadfce1eeee641d60.elfsig.ht?padding=40\" width=\"100%\" height=\"600\" allow=\"autoplay; fullscreen\"><\/iframe>\n                    <\/div>\n\n                    <div class=\"application-examples-item-loader\"><\/div>\n                <\/div>\n            <\/div>\n","protected":false},"excerpt":{"rendered":"","protected":false},"author":9,"featured_media":0,"parent":3395,"menu_order":0,"comment_status":"closed","ping_status":"closed","template":"templates\/template-application-examples.php","meta":{"publish_to_discourse":"","publish_post_category":"","wpdc_auto_publish_overridden":"","wpdc_topic_tags":"","wpdc_pin_topic":"","wpdc_pin_until":"","discourse_post_id":"","discourse_permalink":"","wpdc_publishing_response":"","wpdc_publishing_error":"","footnotes":""},"class_list":["post-3441","page","type-page","status-publish","hentry"],"yoast_head":"<!-- This site is optimized with the Yoast SEO plugin v25.3.1 - https:\/\/yoast.com\/wordpress\/plugins\/seo\/ -->\n<title>The best LinkedIn Feed widget examples for your website<\/title>\n<meta name=\"description\" content=\"TOP 6 LinkedIn Feed examples: Carousel, Masonry, Timeline, Grid, Slider, and Small Widget. No coding-free integration. Try them out today!\" \/>\n<meta name=\"robots\" content=\"index, follow, max-snippet:-1, max-image-preview:large, max-video-preview:-1\" \/>\n<link rel=\"canonical\" href=\"https:\/\/elfsight.com\/pl\/linkedin-feed-widget\/examples\/\" \/>\n<meta property=\"og:locale\" content=\"pl_PL\" \/>\n<meta property=\"og:type\" content=\"article\" \/>\n<meta property=\"og:title\" content=\"The best LinkedIn Feed widget examples for your website\" \/>\n<meta property=\"og:description\" content=\"TOP 6 LinkedIn Feed examples: Carousel, Masonry, Timeline, Grid, Slider, and Small Widget. No coding-free integration. Try them out today!\" \/>\n<meta property=\"og:url\" content=\"https:\/\/elfsight.com\/pl\/linkedin-feed-widget\/examples\/\" \/>\n<meta property=\"og:site_name\" content=\"Elfsight PL\" \/>\n<meta property=\"article:modified_time\" content=\"2024-05-06T10:20:52+00:00\" \/>\n<meta name=\"twitter:card\" content=\"summary_large_image\" \/>\n<meta name=\"twitter:label1\" content=\"Szacowany czas czytania\" \/>\n\t<meta name=\"twitter:data1\" content=\"2 minuty\" \/>\n<!-- \/ Yoast SEO plugin. -->","yoast_head_json":{"title":"The best LinkedIn Feed widget examples for your website","description":"TOP 6 LinkedIn Feed examples: Carousel, Masonry, Timeline, Grid, Slider, and Small Widget. No coding-free integration. Try them out today!","robots":{"index":"index","follow":"follow","max-snippet":"max-snippet:-1","max-image-preview":"max-image-preview:large","max-video-preview":"max-video-preview:-1"},"canonical":"https:\/\/elfsight.com\/pl\/linkedin-feed-widget\/examples\/","og_locale":"pl_PL","og_type":"article","og_title":"The best LinkedIn Feed widget examples for your website","og_description":"TOP 6 LinkedIn Feed examples: Carousel, Masonry, Timeline, Grid, Slider, and Small Widget. No coding-free integration. Try them out today!","og_url":"https:\/\/elfsight.com\/pl\/linkedin-feed-widget\/examples\/","og_site_name":"Elfsight PL","article_modified_time":"2024-05-06T10:20:52+00:00","twitter_card":"summary_large_image","twitter_misc":{"Szacowany czas czytania":"2 minuty"},"schema":{"@context":"https:\/\/schema.org","@graph":[{"@type":"WebPage","@id":"https:\/\/elfsight.com\/pl\/linkedin-feed-widget\/examples\/","url":"https:\/\/elfsight.com\/pl\/linkedin-feed-widget\/examples\/","name":"The best LinkedIn Feed widget examples for your website","isPartOf":{"@id":"https:\/\/elfsight.com\/pl\/#website"},"datePublished":"2023-06-29T08:55:46+00:00","dateModified":"2024-05-06T10:20:52+00:00","description":"TOP 6 LinkedIn Feed examples: Carousel, Masonry, Timeline, Grid, Slider, and Small Widget. No coding-free integration. Try them out today!","breadcrumb":{"@id":"https:\/\/elfsight.com\/pl\/linkedin-feed-widget\/examples\/#breadcrumb"},"inLanguage":"pl-PL","potentialAction":[{"@type":"ReadAction","target":["https:\/\/elfsight.com\/pl\/linkedin-feed-widget\/examples\/"]}]},{"@type":"BreadcrumbList","@id":"https:\/\/elfsight.com\/pl\/linkedin-feed-widget\/examples\/#breadcrumb","itemListElement":[{"@type":"ListItem","position":1,"name":"Home","item":"https:\/\/elfsight.com\/pl\/"},{"@type":"ListItem","position":2,"name":"LinkedIn Feed","item":"https:\/\/elfsight.com\/pl\/linkedin-feed-widget\/"},{"@type":"ListItem","position":3,"name":"LinkedIn Feed &#8211; Examples"}]},{"@type":"WebSite","@id":"https:\/\/elfsight.com\/pl\/#website","url":"https:\/\/elfsight.com\/pl\/","name":"Elfsight PL","description":"Just another Elfsight Sites site","potentialAction":[{"@type":"SearchAction","target":{"@type":"EntryPoint","urlTemplate":"https:\/\/elfsight.com\/pl\/?s={search_term_string}"},"query-input":{"@type":"PropertyValueSpecification","valueRequired":true,"valueName":"search_term_string"}}],"inLanguage":"pl-PL"}]}},"meta_box":{"industry":"","seo_heading":"","heading":"","description":"","cta_heading":"","cta_description":"","application":"3348","h1":"LinkedIn Feed Examples","h1_caption":"Check LinkedIn Feed examples to reveal the full potential of the widget. Make sure it will suit your any goals.","application_category":[],"applications_title":"","applications_request_title":"","applications_request_button_text":"","hero_text":"","hero_video":"","hero_video_schema_markup":"","selling_points_title":"","selling_points_caption":"","selling_points":[],"selling_points_cta_text":"","features_title":"","features":"","ed_cta_examples_text":"","ed_cta_examples_hidden":"","ed_cta_demo_text":"","ed_cta_demo_hidden":"","why_caption":"","why_editor_title":"","why_editor_text":"","why_team_title":"","why_team_text":"","why_service_title":"","why_service_text":"","template_catalog_visible":"","template_catalog_title":"","template_catalog_text":"","template_catalog_categories_visible":"","demo_title":"","demo_caption":"","default_faq_hidden":"","app_template_category":[],"platform":"","template_public_id":"","codecanyon_url":"","codecanyon_item_id":"","codecanyon_price":"","pricing_caption":"","pricing_elfsight_apps_hide_column":"","pricing_elfsight_apps_url":"","pricing_codecanyon_price_caption":"","integration_category":[],"integration_request_title":"","integration_request_cta":"","integration_platform":"","integrations":[],"platform_category":[],"video_schema_markup":"","price":"","trial":"","benefits":[],"button_url":"","button_target_blank":"","button_nofollow":"","attributes":[],"tags":[],"tags_disable_links":"","hide_more_platforms":"","video_object":"","demo_hide_cta":"","demo_hide_cloud_options":"","pricing_title":"","pricing":[],"related_apps_title":"","related_apps_hidden":"","author":"","image":[],"title":"","job":"","social_networks":[]},"_links":{"self":[{"href":"https:\/\/elfsight.com\/pl\/wp-json\/wp\/v2\/pages\/3441","targetHints":{"allow":["GET"]}}],"collection":[{"href":"https:\/\/elfsight.com\/pl\/wp-json\/wp\/v2\/pages"}],"about":[{"href":"https:\/\/elfsight.com\/pl\/wp-json\/wp\/v2\/types\/page"}],"author":[{"embeddable":true,"href":"https:\/\/elfsight.com\/pl\/wp-json\/wp\/v2\/users\/9"}],"replies":[{"embeddable":true,"href":"https:\/\/elfsight.com\/pl\/wp-json\/wp\/v2\/comments?post=3441"}],"version-history":[{"count":2,"href":"https:\/\/elfsight.com\/pl\/wp-json\/wp\/v2\/pages\/3441\/revisions"}],"predecessor-version":[{"id":3713,"href":"https:\/\/elfsight.com\/pl\/wp-json\/wp\/v2\/pages\/3441\/revisions\/3713"}],"up":[{"embeddable":true,"href":"https:\/\/elfsight.com\/pl\/wp-json\/wp\/v2\/pages\/3395"}],"wp:attachment":[{"href":"https:\/\/elfsight.com\/pl\/wp-json\/wp\/v2\/media?parent=3441"}],"curies":[{"name":"wp","href":"https:\/\/api.w.org\/{rel}","templated":true}]}}