{"id":344,"date":"2020-11-17T12:59:40","date_gmt":"2020-11-17T12:59:40","guid":{"rendered":"https:\/\/elfsight.com\/pl\/?page_id=344"},"modified":"2021-04-21T13:40:37","modified_gmt":"2021-04-21T13:40:37","slug":"epages-apps","status":"publish","type":"page","link":"https:\/\/elfsight.com\/pl\/epages-apps\/","title":{"rendered":"ePages apps"},"content":{"rendered":"\n<h2>Najskuteczniejsze wtyczki Elfsight dla aktualizacji twojej witryny internetowej ePages<\/h2>\n\n<p>Przez dziewi\u0119\u0107 lat nasza dru\u017cyna deweloper\u00f3w Elfsight wytwarza przyjazne dla u\u017cytkownika i personalizowane elementy interfejsu chmurowe dla Twojej strony www. Nasz zesp\u00f3\u0142 gwarantuj\u0105 najwy\u017cszej klasy pomoc techniczn\u0105 oraz du\u017c\u0105 szybko\u015b\u0107 \u0142adowania. Pluginy Elfsight wspomagaj\u0105 w\u0142a\u015bcicielom serwis\u00f3w internetowych, niekomercyjnych i wielu innym na ca\u0142ym \u015bwiecie poradzi\u0107 sobie z g\u0142\u00f3wnymi kwestiami efektywniej. \n<\/p>\n\n<p>A\u017ceby zwi\u0119kszy\u0107 sprzeda\u017c, pokaza\u0107 pozytywny feedback na swoje us\u0142ugi, zwi\u0119kszy\u0107 zaufanie do swojej marki, po prostu dodaj\u0105c dodatek do swojej serwisu www. Nasze plany taryfowe wahaj\u0105 si\u0119 od bezp\u0142atnych do premium. Spr\u00f3buj zainstalowa\u0107 dowolnie wybrane widgety korzystaj\u0105c z naszej wersji demonstracyjnej i sprawd\u017a jak bardzo mo\u017ce to by\u0107 po\u017cyteczne w kwestii rozwoju serwisu www Twojego biznesu. <\/p>\n\n<h2>Co czyni nasze pluginy Elfsight s\u0105 tak wyj\u0105tkowymi instrumentami dla Twojej witryny? <\/h2>\n\n<p> Zobacz spis istotnych cech naszych plugin\u00f3w, kt\u00f3re umo\u017cliwiaj\u0105 nam wyprzedzi\u0107 konkurencj\u0119: <\/p>\n\n\n<ul>\n<li> Bezp\u0142atna i szybka obs\u0142uga przy dodaniu lub dostosowywanie plugin\u00f3w; <\/li>\n<li> Zdolno\u015b\u0107 dostosowywania do wszystkich rozdzielczo\u015bci witryn internetowych i dostosowane do urz\u0105dze\u0144 mobilnych; <\/li>\n<li> Nie trzeba uczy\u0107 si\u0119 programowa\u0107; <\/li>\n<li> Bogata oferta ustawie\u0144 dostosowywania; <\/li>\n<li> Oparte na chmurze aplikacji pomagaj\u0105 zwi\u0119kszy\u0107 pr\u0119dko\u015b\u0107 wczytywania witryny; <\/li>\n<li> Wszystkie dost\u0119pne poprawki s\u0105 nieodp\u0142atne i systematyczne; <\/li>\n<li> Uczciwe ceny; <\/li>\n<li> Sta\u0142a pomoc z problemami klient\u00f3w. <\/li>\n<\/ul>\n\n<p> Zbadaj wolne wersje Lite naszych rozszerze\u0144 i osi\u0105gnij jej potencja\u0142 lub kup dowolne wymagane wtyczk\u0119 z 20% zni\u017ck\u0105. <\/p>\n\n\n<h2> W jaki spos\u00f3b integrowa\u0107 Twoje wtyczki na stronie internetowej ePages <\/h2>\n\n<p> Aby do\u0142\u0105czy\u0107 nasze pluginy, zobacz nast\u0119pnie kroki z prostej wskaz\u00f3wki: <\/p>\n\n\n<ol>\n<li> Naci\u015bnij potrzebn\u0105 wtyczk\u0119; <\/li>\n<li> Wprowad\u017a niekt\u00f3re konieczne zmiany; <\/li>\n<li> Nie zapomnij zapisa\u0107 zmiany; <\/li>\n<li> Otrzymaj generowany kod; <\/li>\n<li> Wstaw go w potrzebnym miejscu Twojej strony lub szablonu; <\/li>\n<li> Gotowe! Uda\u0142o Ci si\u0119 zintegrowa\u0107 plugin. <\/li>\n<\/ol>\n\n<p> Je\u015bli potrzebujesz porady, zapraszamy skontaktowa\u0107 si\u0119 z zespo\u0142em pomocy technicznej Elfsight. <\/p>\n","protected":false},"excerpt":{"rendered":"Najskuteczniejsze wtyczki Elfsight dla aktualizacji twojej witryny internetowej ePages Przez dziewi\u0119\u0107 lat nasza dru\u017cyna deweloper\u00f3w Elfsight wytwarza przyjazne dla u\u017cytkownika i personalizowane elementy interfejsu chmurowe dla Twojej strony www. Nasz zesp\u00f3\u0142 gwarantuj\u0105 najwy\u017cszej klasy pomoc techniczn\u0105 oraz du\u017c\u0105 szybko\u015b\u0107 \u0142adowania. Pluginy Elfsight wspomagaj\u0105 w\u0142a\u015bcicielom serwis\u00f3w internetowych, niekomercyjnych i wielu innym&#8230;","protected":false},"author":13,"featured_media":0,"parent":0,"menu_order":0,"comment_status":"closed","ping_status":"closed","template":"templates\/template-platform.php","meta":{"publish_to_discourse":"","publish_post_category":"","wpdc_auto_publish_overridden":"","wpdc_topic_tags":"","wpdc_pin_topic":"","wpdc_pin_until":"","discourse_post_id":"","discourse_permalink":"","wpdc_publishing_response":"","wpdc_publishing_error":"","footnotes":""},"class_list":["post-344","page","type-page","status-publish","hentry"],"yoast_head":"<!-- This site is optimized with the Yoast SEO plugin v25.3.1 - https:\/\/yoast.com\/wordpress\/plugins\/seo\/ -->\n<title>Ponad 80 najlepszych darmowych ePages apps dla strony internetowej<\/title>\n<meta name=\"description\" content=\"Pakiet testowanych aplikacji pierwszej klasy dla twojej strony internetowej ePages. Pom\u00f3c z dostosowaniem i rozbudowana funkcjonalno\u015b\u0107.\" \/>\n<meta name=\"robots\" content=\"index, follow, max-snippet:-1, max-image-preview:large, max-video-preview:-1\" \/>\n<link rel=\"canonical\" href=\"https:\/\/elfsight.com\/pl\/epages-apps\/\" \/>\n<meta property=\"og:locale\" content=\"pl_PL\" \/>\n<meta property=\"og:type\" content=\"article\" \/>\n<meta property=\"og:title\" content=\"Ponad 80 najlepszych darmowych ePages apps dla strony internetowej\" \/>\n<meta property=\"og:description\" content=\"Pakiet testowanych aplikacji pierwszej klasy dla twojej strony internetowej ePages. Pom\u00f3c z dostosowaniem i rozbudowana funkcjonalno\u015b\u0107.\" \/>\n<meta property=\"og:url\" content=\"https:\/\/elfsight.com\/pl\/epages-apps\/\" \/>\n<meta property=\"og:site_name\" content=\"Elfsight PL\" \/>\n<meta property=\"article:modified_time\" content=\"2021-04-21T13:40:37+00:00\" \/>\n<meta name=\"twitter:card\" content=\"summary_large_image\" \/>\n<meta name=\"twitter:label1\" content=\"Szacowany czas czytania\" \/>\n\t<meta name=\"twitter:data1\" content=\"2 minuty\" \/>\n<!-- \/ Yoast SEO plugin. -->","yoast_head_json":{"title":"Ponad 80 najlepszych darmowych ePages apps dla strony internetowej","description":"Pakiet testowanych aplikacji pierwszej klasy dla twojej strony internetowej ePages. Pom\u00f3c z dostosowaniem i rozbudowana funkcjonalno\u015b\u0107.","robots":{"index":"index","follow":"follow","max-snippet":"max-snippet:-1","max-image-preview":"max-image-preview:large","max-video-preview":"max-video-preview:-1"},"canonical":"https:\/\/elfsight.com\/pl\/epages-apps\/","og_locale":"pl_PL","og_type":"article","og_title":"Ponad 80 najlepszych darmowych ePages apps dla strony internetowej","og_description":"Pakiet testowanych aplikacji pierwszej klasy dla twojej strony internetowej ePages. Pom\u00f3c z dostosowaniem i rozbudowana funkcjonalno\u015b\u0107.","og_url":"https:\/\/elfsight.com\/pl\/epages-apps\/","og_site_name":"Elfsight PL","article_modified_time":"2021-04-21T13:40:37+00:00","twitter_card":"summary_large_image","twitter_misc":{"Szacowany czas czytania":"2 minuty"},"schema":{"@context":"https:\/\/schema.org","@graph":[{"@type":"WebPage","@id":"https:\/\/elfsight.com\/pl\/epages-apps\/","url":"https:\/\/elfsight.com\/pl\/epages-apps\/","name":"Ponad 80 najlepszych darmowych ePages apps dla strony internetowej","isPartOf":{"@id":"https:\/\/elfsight.com\/pl\/#website"},"datePublished":"2020-11-17T12:59:40+00:00","dateModified":"2021-04-21T13:40:37+00:00","description":"Pakiet testowanych aplikacji pierwszej klasy dla twojej strony internetowej ePages. Pom\u00f3c z dostosowaniem i rozbudowana funkcjonalno\u015b\u0107.","breadcrumb":{"@id":"https:\/\/elfsight.com\/pl\/epages-apps\/#breadcrumb"},"inLanguage":"pl-PL","potentialAction":[{"@type":"ReadAction","target":["https:\/\/elfsight.com\/pl\/epages-apps\/"]}]},{"@type":"BreadcrumbList","@id":"https:\/\/elfsight.com\/pl\/epages-apps\/#breadcrumb","itemListElement":[{"@type":"ListItem","position":1,"name":"Home","item":"https:\/\/elfsight.com\/pl\/"},{"@type":"ListItem","position":2,"name":"ePages apps"}]},{"@type":"WebSite","@id":"https:\/\/elfsight.com\/pl\/#website","url":"https:\/\/elfsight.com\/pl\/","name":"Elfsight PL","description":"Just another Elfsight Sites site","potentialAction":[{"@type":"SearchAction","target":{"@type":"EntryPoint","urlTemplate":"https:\/\/elfsight.com\/pl\/?s={search_term_string}"},"query-input":{"@type":"PropertyValueSpecification","valueRequired":true,"valueName":"search_term_string"}}],"inLanguage":"pl-PL"}]}},"meta_box":{"industry":"","seo_heading":"","heading":"","description":"","cta_heading":"","cta_description":"","application":"","h1":"Najlepsze aplikacje ePages","h1_caption":"Darmowy katalog rewelacyjnych aplikacji pierwszej klasy z szerok\u0105 gam\u0105 mo\u017cliwo\u015bci dla zwi\u0119kszenia pozioma sprzeda\u017cy i osi\u0105gni\u0119cia wszystkich kluczowych zada\u0144 biznesowych. Nieskomplikowane wdro\u017cenie, szeroka oferta opcji dostosowywania i szybkie wsparcie klienta.","application_category":[],"applications_title":"Wypr\u00f3buj najodpowiedniejsze aplikacji dla twojej strony internetowej w\u015br\u00f3d wszystkich darmowych rozwi\u0105za\u0144 w demonstracje online","applications_request_title":"Nie mo\u017cesz znale\u017a\u0107 odpowiedniej aplikacji?","applications_request_button_text":"Zam\u00f3w aplikacje","hero_text":"","hero_video":"","hero_video_schema_markup":"","selling_points_title":"","selling_points_caption":"","selling_points":[],"selling_points_cta_text":"","features_title":"","features":"","ed_cta_examples_text":"","ed_cta_examples_hidden":"","ed_cta_demo_text":"","ed_cta_demo_hidden":"","why_caption":"","why_editor_title":"","why_editor_text":"","why_team_title":"","why_team_text":"","why_service_title":"","why_service_text":"","template_catalog_visible":"","template_catalog_title":"","template_catalog_text":"","template_catalog_categories_visible":"","demo_title":"","demo_caption":"","default_faq_hidden":"","app_template_category":[],"platform":"341","template_public_id":"","codecanyon_url":"","codecanyon_item_id":"","codecanyon_price":"","pricing_caption":"","pricing_elfsight_apps_hide_column":"","pricing_elfsight_apps_url":"","pricing_codecanyon_price_caption":"","integration_category":[],"integration_request_title":"","integration_request_cta":"","integration_platform":"","integrations":[],"platform_category":[],"video_schema_markup":"","price":"","trial":"","benefits":[],"button_url":"","button_target_blank":"","button_nofollow":"","attributes":[],"tags":[],"tags_disable_links":"","hide_more_platforms":"","video_object":"","demo_hide_cta":"","demo_hide_cloud_options":"","pricing_title":"","pricing":[],"related_apps_title":"","related_apps_hidden":"","author":"","image":[],"title":"","job":"","social_networks":[]},"_links":{"self":[{"href":"https:\/\/elfsight.com\/pl\/wp-json\/wp\/v2\/pages\/344","targetHints":{"allow":["GET"]}}],"collection":[{"href":"https:\/\/elfsight.com\/pl\/wp-json\/wp\/v2\/pages"}],"about":[{"href":"https:\/\/elfsight.com\/pl\/wp-json\/wp\/v2\/types\/page"}],"author":[{"embeddable":true,"href":"https:\/\/elfsight.com\/pl\/wp-json\/wp\/v2\/users\/13"}],"replies":[{"embeddable":true,"href":"https:\/\/elfsight.com\/pl\/wp-json\/wp\/v2\/comments?post=344"}],"version-history":[{"count":2,"href":"https:\/\/elfsight.com\/pl\/wp-json\/wp\/v2\/pages\/344\/revisions"}],"predecessor-version":[{"id":346,"href":"https:\/\/elfsight.com\/pl\/wp-json\/wp\/v2\/pages\/344\/revisions\/346"}],"wp:attachment":[{"href":"https:\/\/elfsight.com\/pl\/wp-json\/wp\/v2\/media?parent=344"}],"curies":[{"name":"wp","href":"https:\/\/api.w.org\/{rel}","templated":true}]}}