{"id":3438,"date":"2023-09-26T07:27:58","date_gmt":"2023-09-26T07:27:58","guid":{"rendered":"https:\/\/elfsight.com\/pl\/?page_id=3438"},"modified":"2024-05-06T10:03:56","modified_gmt":"2024-05-06T10:03:56","slug":"examples","status":"publish","type":"page","link":"https:\/\/elfsight.com\/pl\/announcement-bar-widget\/examples\/","title":{"rendered":"Announcement Bar &#8211; Examples"},"content":{"rendered":"\n<div class=\"application-examples-item application-examples-item-loading\">\n                            <div class=\"col-row\">\n                                <div class=\"col-6 col-m-8 col-s-12\"><h3 class=\"application-examples-item-title\">Przyk\u0142ad 1. Og\u0142oszenie o wyprzeda\u017cy<\/h3><div class=\"application-examples-item-description\">Nagradzaj u\u017cytkownik\u00f3w, kt\u00f3rzy odwiedzaj\u0105 stron\u0119 w odpowiednich terminach. Wykorzystaj t\u0119 belk\u0119 jako pilny spos\u00f3b na zwi\u0119kszenie sprzeda\u017cy po\u017c\u0105danych produkt\u00f3w. Mo\u017cesz poprawi\u0107 wska\u017aniki sprzeda\u017cy jednego produktu lub ca\u0142ego dzia\u0142u swojego asortymentu.<\/div><\/div>\n                <\/div>\n\n                <div class=\"application-examples-item-iframe-container browser-frame\">\n                    <div class=\"application-examples-item-iframe-wrapper\">\n                        <iframe class=\"application-examples-item-iframe application-examples-item-iframe-fixed-height\" data-src=\"https:\/\/elfsight.com\/examples?widget_id=25dcf513-9a4f-4a53-9867-62e487f209c9\" width=\"100%\" height=\"500\" allow=\"autoplay; fullscreen\"><\/iframe>\n                    <\/div>\n\n                    <div class=\"application-examples-item-loader\"><\/div>\n                <\/div>\n            <\/div><div class=\"application-examples-item application-examples-item-loading\">\n                            <div class=\"col-row\">\n                                <div class=\"col-6 col-m-8 col-s-12\"><h3 class=\"application-examples-item-title\">Przyk\u0142ad 2. Og\u0142oszenie o nowym produkcie<\/h3><div class=\"application-examples-item-description\">Daj wszystkim zna\u0107 o swoich aktualizacjach i nowo\u015bciach w najszybszy mo\u017cliwy spos\u00f3b. Zapewniasz maksymaln\u0105 uwag\u0119 swojemu nowemu produktowi lub us\u0142udze, og\u0142aszaj\u0105c go w widocznym miejscu.<\/div><\/div>\n                <\/div>\n\n                <div class=\"application-examples-item-iframe-container browser-frame\">\n                    <div class=\"application-examples-item-iframe-wrapper\">\n                        <iframe class=\"application-examples-item-iframe application-examples-item-iframe-fixed-height\" data-src=\"https:\/\/elfsight.com\/examples?widget_id=b460aa86-0712-4187-a598-ffeb39c3e9a2\" width=\"100%\" height=\"500\" allow=\"autoplay; fullscreen\"><\/iframe>\n                    <\/div>\n\n                    <div class=\"application-examples-item-loader\"><\/div>\n                <\/div>\n            <\/div><div class=\"application-examples-item application-examples-item-loading\">\n                            <div class=\"col-row\">\n                                <div class=\"col-6 col-m-8 col-s-12\"><h3 class=\"application-examples-item-title\">Przyk\u0142ad 3. Og\u0142oszenie o nowym sklepie<\/h3><div class=\"application-examples-item-description\">Je\u015bli chodzi o sklepy stacjonarne, powiadom swoich klient\u00f3w o otwarciu nowego punktu sprzeda\u017cy. W ten spos\u00f3b nie tylko przyci\u0105gasz nowych klient\u00f3w, ale by\u0107 mo\u017ce zapewnisz starym lepsze mo\u017cliwo\u015bci logistyczne.<\/div><\/div>\n                <\/div>\n\n                <div class=\"application-examples-item-iframe-container browser-frame\">\n                    <div class=\"application-examples-item-iframe-wrapper\">\n                        <iframe class=\"application-examples-item-iframe application-examples-item-iframe-fixed-height\" data-src=\"https:\/\/elfsight.com\/examples?widget_id=f6c90439-9a35-422b-8e48-9fbbc7e08f5f\" width=\"100%\" height=\"500\" allow=\"autoplay; fullscreen\"><\/iframe>\n                    <\/div>\n\n                    <div class=\"application-examples-item-loader\"><\/div>\n                <\/div>\n            <\/div><div class=\"application-examples-item application-examples-item-loading\">\n                            <div class=\"col-row\">\n                                <div class=\"col-6 col-m-8 col-s-12\"><h3 class=\"application-examples-item-title\">Przyk\u0142ad 4. Og\u0142oszenie o darmowej dostawie<\/h3><div class=\"application-examples-item-description\">Brak dodatkowych op\u0142at zawsze jest inspiruj\u0105cy podczas dokonywania zakupu. W tym przyk\u0142adzie mo\u017cemy zobaczy\u0107, jak \u0142atwo mo\u017cna zaoszcz\u0119dzi\u0107 pieni\u0105dze dla swoich klient\u00f3w, promuj\u0105c darmow\u0105 dostaw\u0119. Poniewa\u017c ludzie nie lubi\u0105 p\u0142aci\u0107 za co\u015b poza swoim zam\u00f3wieniem, mo\u017ce to ich zmotywowa\u0107 do zakupu.<\/div><\/div>\n                <\/div>\n\n                <div class=\"application-examples-item-iframe-container browser-frame\">\n                    <div class=\"application-examples-item-iframe-wrapper\">\n                        <iframe class=\"application-examples-item-iframe application-examples-item-iframe-fixed-height\" data-src=\"https:\/\/elfsight.com\/examples?widget_id=3ea8b92a-33aa-4591-aedc-7467e6b2bc38\" width=\"100%\" height=\"500\" allow=\"autoplay; fullscreen\"><\/iframe>\n                    <\/div>\n\n                    <div class=\"application-examples-item-loader\"><\/div>\n                <\/div>\n            <\/div><div class=\"application-examples-item application-examples-item-loading\">\n                            <div class=\"col-row\">\n                                <div class=\"col-6 col-m-8 col-s-12\"><h3 class=\"application-examples-item-title\">Przyk\u0142ad 5. Og\u0142oszenie o nowo\u015bciach<\/h3><div class=\"application-examples-item-description\">U\u017cywanie belki jako narz\u0119dzia informacyjnego mo\u017ce by\u0107 wygodne dla tych witryn, kt\u00f3re nie posiadaj\u0105 sekcji z informacjami. W przeciwnym razie mo\u017cesz zaprosi\u0107 ludzi do przeczytania Twojego kana\u0142u informacyjnego lub zwr\u00f3ci\u0107 uwag\u0119 na najwa\u017cniejsze najnowsze aktualizacje.<\/div><\/div>\n                <\/div>\n\n                <div class=\"application-examples-item-iframe-container browser-frame\">\n                    <div class=\"application-examples-item-iframe-wrapper\">\n                        <iframe class=\"application-examples-item-iframe application-examples-item-iframe-fixed-height\" data-src=\"https:\/\/elfsight.com\/examples?widget_id=785cf92c-f75d-4713-834f-748d057312ee\" width=\"100%\" height=\"500\" allow=\"autoplay; fullscreen\"><\/iframe>\n                    <\/div>\n\n                    <div class=\"application-examples-item-loader\"><\/div>\n                <\/div>\n            <\/div><div class=\"application-cta-create\">\n                    <div class=\"application-cta-create-bg\">\n                        <div class=\"application-cta-create-bg-left\"><\/div>\n\n                        <div class=\"application-cta-create-bg-right\">\n                            <img decoding=\"async\" src=\"https:\/\/elfsight.com\/pl\/wp-content\/themes\/elfsight\/frontend\/assets\/img\/application-cta-create.jpg\" alt=\"Zacznij od stworzenia swojego wid\u017cetu\">\n                        <\/div>\n                    <\/div>\n\n                    <div class=\"application-cta-create-content inner\">\n                        <div class=\"application-cta-create-content-inner\">\n                            <div class=\"application-cta-create-content-icon\">\n                                <svg viewBox=\"0 0 25 25\" width=\"100%\" height=\"100%\">\n                                    <use xlink:href=\"#icon-settings\"><\/use>\n                                <\/svg>\n                            <\/div>\n\n                            <div class=\"application-cta-create-content-title\">Zacznij od stworzenia swojego wid\u017cetu<\/div>\n\n                            <div class=\"application-cta-create-content-text\">Szybko. \u0141atwo. Bez kodowania.<\/div>\n\n                            <a class=\"application-cta-create-content-button button-48 button-has-right-icon button-black button\" href=\"\">\n                                <span class=\"button-label\">Utw\u00f3rz wid\u017cet<\/span>\n\n                                <svg class=\"button-icon\">\n                                    <use xlink:href=\"#icon-arrow-link\"><\/use>\n                                <\/svg>\n                            <\/a>\n                        <\/div>\n                    <\/div>\n                <\/div><div class=\"application-examples-item application-examples-item-loading\">\n                            <div class=\"col-row\">\n                                <div class=\"col-6 col-m-8 col-s-12\"><h3 class=\"application-examples-item-title\">Przyk\u0142ad 6. Og\u0142oszenie o aktualizacji<\/h3><div class=\"application-examples-item-description\">Elfsight stale aktualizuje swoje produkty. Czy to r\u00f3wnie\u017c dotyczy Twojego biznesu? \u015awietnie! Mo\u017cesz poinformowa\u0107 klient\u00f3w o aktualizacjach, poprawkach lub ulepszeniach wprowadzonych do okre\u015blonego produktu lub kategorii. Jest to r\u00f3wnie\u017c dobry spos\u00f3b, aby przypomnie\u0107 ludziom o Twoich starszych produktach.<\/div><\/div>\n                <\/div>\n\n                <div class=\"application-examples-item-iframe-container browser-frame\">\n                    <div class=\"application-examples-item-iframe-wrapper\">\n                        <iframe class=\"application-examples-item-iframe application-examples-item-iframe-fixed-height\" data-src=\"https:\/\/elfsight.com\/examples?widget_id=8342e26c-d5f7-450b-b2c5-754c44c782a5\" width=\"100%\" height=\"500\" allow=\"autoplay; fullscreen\"><\/iframe>\n                    <\/div>\n\n                    <div class=\"application-examples-item-loader\"><\/div>\n                <\/div>\n            <\/div><div class=\"application-examples-item application-examples-item-loading\">\n                            <div class=\"col-row\">\n                                <div class=\"col-6 col-m-8 col-s-12\"><h3 class=\"application-examples-item-title\">Przyk\u0142ad 7. Og\u0142oszenie o wyprzeda\u017cy z okazji Czarnego Pi\u0105tku<\/h3><div class=\"application-examples-item-description\">Nie przegap okazji og\u0142oszenia wielkiej wyprzeda\u017cy w Czarny Pi\u0105tek. To idealny czas, aby udzieli\u0107 zni\u017cek na okre\u015blone kategorie produkt\u00f3w i pokaza\u0107 swoje zaanga\u017cowanie w takie wydarzenia.<\/div><\/div>\n                <\/div>\n\n                <div class=\"application-examples-item-iframe-container browser-frame\">\n                    <div class=\"application-examples-item-iframe-wrapper\">\n                        <iframe class=\"application-examples-item-iframe application-examples-item-iframe-fixed-height\" data-src=\"https:\/\/elfsight.com\/examples?widget_id=133eea16-d1f0-4b32-9276-a4f1dba07c17\" width=\"100%\" height=\"500\" allow=\"autoplay; fullscreen\"><\/iframe>\n                    <\/div>\n\n                    <div class=\"application-examples-item-loader\"><\/div>\n                <\/div>\n            <\/div><div class=\"application-examples-item application-examples-item-loading\">\n                            <div class=\"col-row\">\n                                <div class=\"col-6 col-m-8 col-s-12\"><h3 class=\"application-examples-item-title\">Przyk\u0142ad 8. Og\u0142oszenie o wyprzeda\u017cy bo\u017conarodzeniowej<\/h3><div class=\"application-examples-item-description\">Jeste\u015bmy pewni, \u017ce nie pozostawisz swoich klient\u00f3w bez zni\u017cek i bonus\u00f3w na Bo\u017ce Narodzenie. Dlaczego wi\u0119c nie poinformowa\u0107 ich o wyprzeda\u017cy bo\u017conarodzeniowej w pi\u0119kny i \u015bwi\u0105teczny spos\u00f3b? Ludzie lubi\u0105 robi\u0107 zakupy w tym okresie czasu, a Ty mo\u017cesz pom\u00f3c im wybra\u0107 Twoje produkty jako prezenty dla ich bliskich.<\/div><\/div>\n                <\/div>\n\n                <div class=\"application-examples-item-iframe-container browser-frame\">\n                    <div class=\"application-examples-item-iframe-wrapper\">\n                        <iframe class=\"application-examples-item-iframe application-examples-item-iframe-fixed-height\" data-src=\"https:\/\/elfsight.com\/examples?widget_id=ffa9d45d-f484-499a-90e3-a5d2ca68ff84\" width=\"100%\" height=\"500\" allow=\"autoplay; fullscreen\"><\/iframe>\n                    <\/div>\n\n                    <div class=\"application-examples-item-loader\"><\/div>\n                <\/div>\n            <\/div><div class=\"application-examples-item application-examples-item-loading\">\n                            <div class=\"col-row\">\n                                <div class=\"col-6 col-m-8 col-s-12\"><h3 class=\"application-examples-item-title\">Przyk\u0142ad 9. Og\u0142oszenie o kuponie rabatowym<\/h3><div class=\"application-examples-item-description\">Mo\u017cesz skorzysta\u0107 z r\u00f3\u017cnych wydarze\u0144 i specyficznych zachowa\u0144 klient\u00f3w, aby zwi\u0119kszy\u0107 sprzeda\u017c. Wystarczy umie\u015bci\u0107 kupon w swojej belce og\u0142osze\u0144, aby aktywowa\u0107 zakupy. Kupon jest cz\u0119sto traktowany jako osobista oferta, aby uzyska\u0107 lepsz\u0105 cen\u0119.<\/div><\/div>\n                <\/div>\n\n                <div class=\"application-examples-item-iframe-container browser-frame\">\n                    <div class=\"application-examples-item-iframe-wrapper\">\n                        <iframe class=\"application-examples-item-iframe application-examples-item-iframe-fixed-height\" data-src=\"https:\/\/elfsight.com\/examples?widget_id=acfe7ece-265b-4077-847c-a780bf7b530f\" width=\"100%\" height=\"500\" allow=\"autoplay; fullscreen\"><\/iframe>\n                    <\/div>\n\n                    <div class=\"application-examples-item-loader\"><\/div>\n                <\/div>\n            <\/div><div class=\"application-examples-item application-examples-item-loading\">\n                            <div class=\"col-row\">\n                                <div class=\"col-6 col-m-8 col-s-12\"><h3 class=\"application-examples-item-title\">Przyk\u0142ad 10. Og\u0142oszenie o wydarzeniu<\/h3><div class=\"application-examples-item-description\">Zwi\u0119ksz uczestnictwo w swoich wydarzeniach, og\u0142aszaj\u0105c nadchodz\u0105ce spotkanie z wyprzedzeniem. Ludzie b\u0119d\u0105 mogli zaplanowa\u0107 swoje plany, aby wzi\u0105\u0107 udzia\u0142 w Twoim wydarzeniu, gdy zauwa\u017c\u0105 widoczne og\u0142oszenie na stronie internetowej.<\/div><\/div>\n                <\/div>\n\n                <div class=\"application-examples-item-iframe-container browser-frame\">\n                    <div class=\"application-examples-item-iframe-wrapper\">\n                        <iframe class=\"application-examples-item-iframe application-examples-item-iframe-fixed-height\" data-src=\"https:\/\/elfsight.com\/examples?widget_id=7b3ae6d7-f539-473f-9fd7-776898302349\" width=\"100%\" height=\"500\" allow=\"autoplay; fullscreen\"><\/iframe>\n                    <\/div>\n\n                    <div class=\"application-examples-item-loader\"><\/div>\n                <\/div>\n            <\/div><div class=\"application-examples-item application-examples-item-loading\">\n                            <div class=\"col-row\">\n                                <div class=\"col-6 col-m-8 col-s-12\"><h3 class=\"application-examples-item-title\">Przyk\u0142ad 11. Og\u0142oszenie o webinarze<\/h3><div class=\"application-examples-item-description\">Pom\u00f3\u017c swoim klientom znale\u017a\u0107 czas i odpowiednie urz\u0105dzenia techniczne, aby wzi\u0105\u0107 udzia\u0142 w Twoim webinarze. Zawiadom o swoim wydarzeniu online na czas, aby zobaczy\u0107 wzrost uczestnictwa i zaanga\u017cowania. Trudno jest przeoczy\u0107 wydarzenie, kt\u00f3re jest wy\u015bwietlane w widocznym pasku og\u0142osze\u0144.<\/div><\/div>\n                <\/div>\n\n                <div class=\"application-examples-item-iframe-container browser-frame\">\n                    <div class=\"application-examples-item-iframe-wrapper\">\n                        <iframe class=\"application-examples-item-iframe application-examples-item-iframe-fixed-height\" data-src=\"https:\/\/elfsight.com\/examples?widget_id=1b60abdd-f98f-4771-97f9-bb2abbe64c08\" width=\"100%\" height=\"500\" allow=\"autoplay; fullscreen\"><\/iframe>\n                    <\/div>\n\n                    <div class=\"application-examples-item-loader\"><\/div>\n                <\/div>\n            <\/div>\n","protected":false},"excerpt":{"rendered":"","protected":false},"author":9,"featured_media":0,"parent":3386,"menu_order":0,"comment_status":"closed","ping_status":"closed","template":"templates\/template-application-examples.php","meta":{"publish_to_discourse":"","publish_post_category":"","wpdc_auto_publish_overridden":"","wpdc_topic_tags":"","wpdc_pin_topic":"","wpdc_pin_until":"","discourse_post_id":"","discourse_permalink":"","wpdc_publishing_response":"","wpdc_publishing_error":"","footnotes":""},"class_list":["post-3438","page","type-page","status-publish","hentry"],"yoast_head":"<!-- This site is optimized with the Yoast SEO plugin v25.3.1 - https:\/\/yoast.com\/wordpress\/plugins\/seo\/ -->\n<title>Announcement Bar widget&#039;s 11 examples for various scenarios<\/title>\n<meta name=\"description\" content=\"Examples of Anouncement Bar widget usage: communicate news, promote new products, invite customers to events using catchy announcements.\" \/>\n<meta name=\"robots\" content=\"index, follow, max-snippet:-1, max-image-preview:large, max-video-preview:-1\" \/>\n<link rel=\"canonical\" href=\"https:\/\/elfsight.com\/pl\/announcement-bar-widget\/examples\/\" \/>\n<meta property=\"og:locale\" content=\"pl_PL\" \/>\n<meta property=\"og:type\" content=\"article\" \/>\n<meta property=\"og:title\" content=\"Announcement Bar widget&#039;s 11 examples for various scenarios\" \/>\n<meta property=\"og:description\" content=\"Examples of Anouncement Bar widget usage: communicate news, promote new products, invite customers to events using catchy announcements.\" \/>\n<meta property=\"og:url\" content=\"https:\/\/elfsight.com\/pl\/announcement-bar-widget\/examples\/\" \/>\n<meta property=\"og:site_name\" content=\"Elfsight PL\" \/>\n<meta property=\"article:modified_time\" content=\"2024-05-06T10:03:56+00:00\" \/>\n<meta name=\"twitter:card\" content=\"summary_large_image\" \/>\n<meta name=\"twitter:label1\" content=\"Szacowany czas czytania\" \/>\n\t<meta name=\"twitter:data1\" content=\"3 minuty\" \/>\n<!-- \/ Yoast SEO plugin. -->","yoast_head_json":{"title":"Announcement Bar widget's 11 examples for various scenarios","description":"Examples of Anouncement Bar widget usage: communicate news, promote new products, invite customers to events using catchy announcements.","robots":{"index":"index","follow":"follow","max-snippet":"max-snippet:-1","max-image-preview":"max-image-preview:large","max-video-preview":"max-video-preview:-1"},"canonical":"https:\/\/elfsight.com\/pl\/announcement-bar-widget\/examples\/","og_locale":"pl_PL","og_type":"article","og_title":"Announcement Bar widget's 11 examples for various scenarios","og_description":"Examples of Anouncement Bar widget usage: communicate news, promote new products, invite customers to events using catchy announcements.","og_url":"https:\/\/elfsight.com\/pl\/announcement-bar-widget\/examples\/","og_site_name":"Elfsight PL","article_modified_time":"2024-05-06T10:03:56+00:00","twitter_card":"summary_large_image","twitter_misc":{"Szacowany czas czytania":"3 minuty"},"schema":{"@context":"https:\/\/schema.org","@graph":[{"@type":"WebPage","@id":"https:\/\/elfsight.com\/pl\/announcement-bar-widget\/examples\/","url":"https:\/\/elfsight.com\/pl\/announcement-bar-widget\/examples\/","name":"Announcement Bar widget's 11 examples for various scenarios","isPartOf":{"@id":"https:\/\/elfsight.com\/pl\/#website"},"datePublished":"2023-09-26T07:27:58+00:00","dateModified":"2024-05-06T10:03:56+00:00","description":"Examples of Anouncement Bar widget usage: communicate news, promote new products, invite customers to events using catchy announcements.","breadcrumb":{"@id":"https:\/\/elfsight.com\/pl\/announcement-bar-widget\/examples\/#breadcrumb"},"inLanguage":"pl-PL","potentialAction":[{"@type":"ReadAction","target":["https:\/\/elfsight.com\/pl\/announcement-bar-widget\/examples\/"]}]},{"@type":"BreadcrumbList","@id":"https:\/\/elfsight.com\/pl\/announcement-bar-widget\/examples\/#breadcrumb","itemListElement":[{"@type":"ListItem","position":1,"name":"Home","item":"https:\/\/elfsight.com\/pl\/"},{"@type":"ListItem","position":2,"name":"Announcement Bar","item":"https:\/\/elfsight.com\/pl\/announcement-bar-widget\/"},{"@type":"ListItem","position":3,"name":"Announcement Bar &#8211; Examples"}]},{"@type":"WebSite","@id":"https:\/\/elfsight.com\/pl\/#website","url":"https:\/\/elfsight.com\/pl\/","name":"Elfsight PL","description":"Just another Elfsight Sites site","potentialAction":[{"@type":"SearchAction","target":{"@type":"EntryPoint","urlTemplate":"https:\/\/elfsight.com\/pl\/?s={search_term_string}"},"query-input":{"@type":"PropertyValueSpecification","valueRequired":true,"valueName":"search_term_string"}}],"inLanguage":"pl-PL"}]}},"meta_box":{"industry":"","seo_heading":"","heading":"","description":"","cta_heading":"","cta_description":"","application":"3339","h1":"","h1_caption":"","application_category":[],"applications_title":"","applications_request_title":"","applications_request_button_text":"","hero_text":"","hero_video":"","hero_video_schema_markup":"","selling_points_title":"","selling_points_caption":"","selling_points":[],"selling_points_cta_text":"","features_title":"","features":"","ed_cta_examples_text":"","ed_cta_examples_hidden":"","ed_cta_demo_text":"","ed_cta_demo_hidden":"","why_caption":"","why_editor_title":"","why_editor_text":"","why_team_title":"","why_team_text":"","why_service_title":"","why_service_text":"","template_catalog_visible":"","template_catalog_title":"","template_catalog_text":"","template_catalog_categories_visible":"","demo_title":"","demo_caption":"","default_faq_hidden":"","app_template_category":[],"platform":"","template_public_id":"","codecanyon_url":"","codecanyon_item_id":"","codecanyon_price":"","pricing_caption":"","pricing_elfsight_apps_hide_column":"","pricing_elfsight_apps_url":"","pricing_codecanyon_price_caption":"","integration_category":[],"integration_request_title":"","integration_request_cta":"","integration_platform":"","integrations":[],"platform_category":[],"video_schema_markup":"","price":"","trial":"","benefits":[],"button_url":"","button_target_blank":"","button_nofollow":"","attributes":[],"tags":[],"tags_disable_links":"","hide_more_platforms":"","video_object":"","demo_hide_cta":"","demo_hide_cloud_options":"","pricing_title":"","pricing":[],"related_apps_title":"","related_apps_hidden":"","author":"","image":[],"title":"","job":"","social_networks":[]},"_links":{"self":[{"href":"https:\/\/elfsight.com\/pl\/wp-json\/wp\/v2\/pages\/3438","targetHints":{"allow":["GET"]}}],"collection":[{"href":"https:\/\/elfsight.com\/pl\/wp-json\/wp\/v2\/pages"}],"about":[{"href":"https:\/\/elfsight.com\/pl\/wp-json\/wp\/v2\/types\/page"}],"author":[{"embeddable":true,"href":"https:\/\/elfsight.com\/pl\/wp-json\/wp\/v2\/users\/9"}],"replies":[{"embeddable":true,"href":"https:\/\/elfsight.com\/pl\/wp-json\/wp\/v2\/comments?post=3438"}],"version-history":[{"count":2,"href":"https:\/\/elfsight.com\/pl\/wp-json\/wp\/v2\/pages\/3438\/revisions"}],"predecessor-version":[{"id":3706,"href":"https:\/\/elfsight.com\/pl\/wp-json\/wp\/v2\/pages\/3438\/revisions\/3706"}],"up":[{"embeddable":true,"href":"https:\/\/elfsight.com\/pl\/wp-json\/wp\/v2\/pages\/3386"}],"wp:attachment":[{"href":"https:\/\/elfsight.com\/pl\/wp-json\/wp\/v2\/media?parent=3438"}],"curies":[{"name":"wp","href":"https:\/\/api.w.org\/{rel}","templated":true}]}}