{"id":338,"date":"2020-11-17T12:47:53","date_gmt":"2020-11-17T12:47:53","guid":{"rendered":"https:\/\/elfsight.com\/pl\/?page_id=338"},"modified":"2021-04-21T13:40:47","modified_gmt":"2021-04-21T13:40:47","slug":"woocommerce-plugins","status":"publish","type":"page","link":"https:\/\/elfsight.com\/pl\/woocommerce-plugins\/","title":{"rendered":"WooCommerce plugins"},"content":{"rendered":"\n<h2>Najskuteczniejsze elementy interfejsu Elfsight dla udoskonalenia twojej witryny Woo\u0421ommerce<\/h2>\n\n<p>Przez kilka lat nasza dru\u017cyna specjalist\u00f3w Elfsight projektuje korzystne i modyfikowalne rozwi\u0105zania chmurowe dla Twojej witryny. Gwarantujemy us\u0142ugi wsparcia oraz szybko\u015b\u0107 wczytywania. Wtyczki Elfsight wspomagaj\u0105 w\u0142a\u015bcicielom witryn internetowych, edukacyjnych i wielu innym z ca\u0142ego \u015bwiata upora\u0107 si\u0119 z kluczowymi problemami bardziej skutecznie. \n<\/p>\n\n<p>Aby zwi\u0119kszy\u0107 sprzeda\u017c, pokaza\u0107 pozytywne odzewy na swoje produkty, zwi\u0119kszy\u0107 zaufanie do swojej marki, po prostu dodaj\u0105c rozszerzenie do swojej witryny. Nasze plany subskrypcji wahaj\u0105 si\u0119 od bezp\u0142atnych do premium. \u0141atwo do\u0142\u0105czy\u0107 wszelkie wybrane widgety u\u017cywaj\u0105c naszej demonstracji i poznaj jak bardzo to b\u0119dzie istotne w kwestii rozwoju strony Web Twojego firmy. <\/p>\n\n<h2>Co powoduje, \u017ce nasze pluginy Elfsight s\u0105 wyj\u0105tkowymi narz\u0119dziami dla Ciebie? <\/h2>\n\n<p> Zobacz spis powa\u017cnych jako\u015bci naszych wid\u017cet\u00f3w, kt\u00f3re pomagaj\u0105 nam wyprzedzi\u0107 konkurencj\u0119: <\/p>\n\n\n<ul>\n<li> Bezp\u0142atna i sprawna obs\u0142uga przy wbudowaniu lub dostosowywanie wtyczek; <\/li>\n<li> Automatyczne dostosowanie do wszystkich rozdzielczo\u015bci stron internetowych i dostosowane do urz\u0105dze\u0144 mobilnych; <\/li>\n<li> Nie musicie zatrudnia\u0107 deweloper\u00f3w; <\/li>\n<li> Szeroki wyb\u00f3r opcji dostosowywania; <\/li>\n<li> Przechowywanie danych chmurze pomagaj\u0105 zwi\u0119kszy\u0107 pr\u0119dko\u015b\u0107 \u0142adowania strony; <\/li>\n<li> Wszystkie dost\u0119pne aktualizacje s\u0105 darmowe i regularnie publikowane; <\/li>\n<li> Sprawiedliwe ceny; <\/li>\n<li> Sta\u0142a pomoc w przypadku problem\u00f3w. <\/li>\n<\/ul>\n\n<p> Zbadaj wolne wersje Lite naszych plugin\u00f3w i wykorzystaj jej potencja\u0142 lub zainstaluj dowolne wymagane wtyczk\u0119 z 20% rabatem. <\/p>\n\n\n<h2> Jak zamie\u015bci\u0107 Twoje pluginy na Pa\u0144stwa stronie Web Woo\u0421ommerce <\/h2>\n\n<p> A\u017ceby wbudowa\u0107 nasze wid\u017cety, wykonaj wszystkie czynno\u015bci z \u0142atwej instrukcji: <\/p>\n\n\n<ol>\n<li> Wybierz wymagany wid\u017cet; <\/li>\n<li> Dostosuj wszystkie wa\u017cne zmiany; <\/li>\n<li> Zapisz zmiany; <\/li>\n<li> Skopiuj generowany kod; <\/li>\n<li> Zainstaluj go w przydatnym miejscu Twojej witryny lub szablonu; <\/li>\n<li> Sko\u0144czone! Zainstalowa\u0142e\u015b dodatek. <\/li>\n<\/ol>\n\n<p> Je\u015bli b\u0119dziesz potrzebowa\u0142 pomocy, nie wahaj si\u0119 poinformowa\u0107 o tym zespo\u0142u wsparcia Elfsight. <\/p>\n","protected":false},"excerpt":{"rendered":"Najskuteczniejsze elementy interfejsu Elfsight dla udoskonalenia twojej witryny Woo\u0421ommerce Przez kilka lat nasza dru\u017cyna specjalist\u00f3w Elfsight projektuje korzystne i modyfikowalne rozwi\u0105zania chmurowe dla Twojej witryny. Gwarantujemy us\u0142ugi wsparcia oraz szybko\u015b\u0107 wczytywania. Wtyczki Elfsight wspomagaj\u0105 w\u0142a\u015bcicielom witryn internetowych, edukacyjnych i wielu innym z ca\u0142ego \u015bwiata upora\u0107 si\u0119 z kluczowymi problemami bardziej&#8230;","protected":false},"author":13,"featured_media":0,"parent":0,"menu_order":0,"comment_status":"closed","ping_status":"closed","template":"templates\/template-platform.php","meta":{"publish_to_discourse":"","publish_post_category":"","wpdc_auto_publish_overridden":"","wpdc_topic_tags":"","wpdc_pin_topic":"","wpdc_pin_until":"","discourse_post_id":"","discourse_permalink":"","wpdc_publishing_response":"","wpdc_publishing_error":"","footnotes":""},"class_list":["post-338","page","type-page","status-publish","hentry"],"yoast_head":"<!-- This site is optimized with the Yoast SEO plugin v25.3.1 - https:\/\/yoast.com\/wordpress\/plugins\/seo\/ -->\n<title>Ponad 80 najlepszych WooCommerce plugin\u00f3w dla strony internetowej<\/title>\n<meta name=\"description\" content=\"Kolekcja najlepszych nieodp\u0142atnych plugin\u00f3w dla twojej witryny sieci Web Woo\u0421ommerce. Pom\u00f3c z dostosowywaniem oraz bogata funkcjonalno\u015b\u0107.\" \/>\n<meta name=\"robots\" content=\"index, follow, max-snippet:-1, max-image-preview:large, max-video-preview:-1\" \/>\n<link rel=\"canonical\" href=\"https:\/\/elfsight.com\/pl\/woocommerce-plugins\/\" \/>\n<meta property=\"og:locale\" content=\"pl_PL\" \/>\n<meta property=\"og:type\" content=\"article\" \/>\n<meta property=\"og:title\" content=\"Ponad 80 najlepszych WooCommerce plugin\u00f3w dla strony internetowej\" \/>\n<meta property=\"og:description\" content=\"Kolekcja najlepszych nieodp\u0142atnych plugin\u00f3w dla twojej witryny sieci Web Woo\u0421ommerce. Pom\u00f3c z dostosowywaniem oraz bogata funkcjonalno\u015b\u0107.\" \/>\n<meta property=\"og:url\" content=\"https:\/\/elfsight.com\/pl\/woocommerce-plugins\/\" \/>\n<meta property=\"og:site_name\" content=\"Elfsight PL\" \/>\n<meta property=\"article:modified_time\" content=\"2021-04-21T13:40:47+00:00\" \/>\n<meta name=\"twitter:card\" content=\"summary_large_image\" \/>\n<meta name=\"twitter:label1\" content=\"Szacowany czas czytania\" \/>\n\t<meta name=\"twitter:data1\" content=\"1 minuta\" \/>\n<!-- \/ Yoast SEO plugin. -->","yoast_head_json":{"title":"Ponad 80 najlepszych WooCommerce plugin\u00f3w dla strony internetowej","description":"Kolekcja najlepszych nieodp\u0142atnych plugin\u00f3w dla twojej witryny sieci Web Woo\u0421ommerce. Pom\u00f3c z dostosowywaniem oraz bogata funkcjonalno\u015b\u0107.","robots":{"index":"index","follow":"follow","max-snippet":"max-snippet:-1","max-image-preview":"max-image-preview:large","max-video-preview":"max-video-preview:-1"},"canonical":"https:\/\/elfsight.com\/pl\/woocommerce-plugins\/","og_locale":"pl_PL","og_type":"article","og_title":"Ponad 80 najlepszych WooCommerce plugin\u00f3w dla strony internetowej","og_description":"Kolekcja najlepszych nieodp\u0142atnych plugin\u00f3w dla twojej witryny sieci Web Woo\u0421ommerce. Pom\u00f3c z dostosowywaniem oraz bogata funkcjonalno\u015b\u0107.","og_url":"https:\/\/elfsight.com\/pl\/woocommerce-plugins\/","og_site_name":"Elfsight PL","article_modified_time":"2021-04-21T13:40:47+00:00","twitter_card":"summary_large_image","twitter_misc":{"Szacowany czas czytania":"1 minuta"},"schema":{"@context":"https:\/\/schema.org","@graph":[{"@type":"WebPage","@id":"https:\/\/elfsight.com\/pl\/woocommerce-plugins\/","url":"https:\/\/elfsight.com\/pl\/woocommerce-plugins\/","name":"Ponad 80 najlepszych WooCommerce plugin\u00f3w dla strony internetowej","isPartOf":{"@id":"https:\/\/elfsight.com\/pl\/#website"},"datePublished":"2020-11-17T12:47:53+00:00","dateModified":"2021-04-21T13:40:47+00:00","description":"Kolekcja najlepszych nieodp\u0142atnych plugin\u00f3w dla twojej witryny sieci Web Woo\u0421ommerce. Pom\u00f3c z dostosowywaniem oraz bogata funkcjonalno\u015b\u0107.","breadcrumb":{"@id":"https:\/\/elfsight.com\/pl\/woocommerce-plugins\/#breadcrumb"},"inLanguage":"pl-PL","potentialAction":[{"@type":"ReadAction","target":["https:\/\/elfsight.com\/pl\/woocommerce-plugins\/"]}]},{"@type":"BreadcrumbList","@id":"https:\/\/elfsight.com\/pl\/woocommerce-plugins\/#breadcrumb","itemListElement":[{"@type":"ListItem","position":1,"name":"Home","item":"https:\/\/elfsight.com\/pl\/"},{"@type":"ListItem","position":2,"name":"WooCommerce plugins"}]},{"@type":"WebSite","@id":"https:\/\/elfsight.com\/pl\/#website","url":"https:\/\/elfsight.com\/pl\/","name":"Elfsight PL","description":"Just another Elfsight Sites site","potentialAction":[{"@type":"SearchAction","target":{"@type":"EntryPoint","urlTemplate":"https:\/\/elfsight.com\/pl\/?s={search_term_string}"},"query-input":{"@type":"PropertyValueSpecification","valueRequired":true,"valueName":"search_term_string"}}],"inLanguage":"pl-PL"}]}},"meta_box":{"industry":"","seo_heading":"","heading":"","description":"","cta_heading":"","cta_description":"","application":"","h1":"Najlepsze pluginy WooCommerce","h1_caption":"Gratisowy zestaw nowych plugin\u00f3w pierwszej klasy z szerok\u0105 gam\u0105 mo\u017cliwo\u015bci dla powi\u0119kszania aktywno\u015bci u\u017cytkownik\u00f3w i wype\u0142nienia wszystkich kluczowych zada\u0144 marketingowych. \u0141atwe instalowanie, obszerny asortyment opcji modyfikacji i wysoko wykwalifikowana obs\u0142uga klienta.","application_category":[],"applications_title":"Spotkaj najbardziej odpowiednie pluginy dla twojej witryny sieci Web w\u015br\u00f3d wszystkich widget\u00f3w darmowych w edytorze internetowym","applications_request_title":"Nie mo\u017cesz znale\u017a\u0107 odpowiedni plugin?","applications_request_button_text":"Zam\u00f3w plugin","hero_text":"","hero_video":"","hero_video_schema_markup":"","selling_points_title":"","selling_points_caption":"","selling_points":[],"selling_points_cta_text":"","features_title":"","features":"","ed_cta_examples_text":"","ed_cta_examples_hidden":"","ed_cta_demo_text":"","ed_cta_demo_hidden":"","why_caption":"","why_editor_title":"","why_editor_text":"","why_team_title":"","why_team_text":"","why_service_title":"","why_service_text":"","template_catalog_visible":"","template_catalog_title":"","template_catalog_text":"","template_catalog_categories_visible":"","demo_title":"","demo_caption":"","default_faq_hidden":"","app_template_category":[],"platform":"335","template_public_id":"","codecanyon_url":"","codecanyon_item_id":"","codecanyon_price":"","pricing_caption":"","pricing_elfsight_apps_hide_column":"","pricing_elfsight_apps_url":"","pricing_codecanyon_price_caption":"","integration_category":[],"integration_request_title":"","integration_request_cta":"","integration_platform":"","integrations":[],"platform_category":[],"video_schema_markup":"","price":"","trial":"","benefits":[],"button_url":"","button_target_blank":"","button_nofollow":"","attributes":[],"tags":[],"tags_disable_links":"","hide_more_platforms":"","video_object":"","demo_hide_cta":"","demo_hide_cloud_options":"","pricing_title":"","pricing":[],"related_apps_title":"","related_apps_hidden":"","author":"","image":[],"title":"","job":"","social_networks":[]},"_links":{"self":[{"href":"https:\/\/elfsight.com\/pl\/wp-json\/wp\/v2\/pages\/338","targetHints":{"allow":["GET"]}}],"collection":[{"href":"https:\/\/elfsight.com\/pl\/wp-json\/wp\/v2\/pages"}],"about":[{"href":"https:\/\/elfsight.com\/pl\/wp-json\/wp\/v2\/types\/page"}],"author":[{"embeddable":true,"href":"https:\/\/elfsight.com\/pl\/wp-json\/wp\/v2\/users\/13"}],"replies":[{"embeddable":true,"href":"https:\/\/elfsight.com\/pl\/wp-json\/wp\/v2\/comments?post=338"}],"version-history":[{"count":2,"href":"https:\/\/elfsight.com\/pl\/wp-json\/wp\/v2\/pages\/338\/revisions"}],"predecessor-version":[{"id":340,"href":"https:\/\/elfsight.com\/pl\/wp-json\/wp\/v2\/pages\/338\/revisions\/340"}],"wp:attachment":[{"href":"https:\/\/elfsight.com\/pl\/wp-json\/wp\/v2\/media?parent=338"}],"curies":[{"name":"wp","href":"https:\/\/api.w.org\/{rel}","templated":true}]}}