{"id":327,"date":"2020-11-17T12:22:27","date_gmt":"2020-11-17T12:22:27","guid":{"rendered":"https:\/\/elfsight.com\/pl\/?page_id=327"},"modified":"2021-04-21T13:40:15","modified_gmt":"2021-04-21T13:40:15","slug":"jumpseller-apps","status":"publish","type":"page","link":"https:\/\/elfsight.com\/pl\/jumpseller-apps\/","title":{"rendered":"Jumpseller apps"},"content":{"rendered":"\n<h2>Najdoskonalsze elementy interfejsu Elfsight dla udoskonalenia twojej witryny internetowej Jumpseller<\/h2>\n\n<p>W ci\u0105gu kilku lat nasz team ekspert\u00f3w Elfsight produkuje przyjazne dla u\u017cytkownika i dostosowywane dodatki chmurowe dla Twojej witryny. Zapewniamy serwis wsparcia oraz szybko\u015b\u0107 wczytywania. Widgety Elfsight pomagaj\u0105 w\u0142a\u015bcicielom witryn internetowych, non-profit oraz innym z r\u00f3\u017cnych kraj\u00f3w \u015bwiata sprosta\u0107 g\u0142\u00f3wnymi celami bardziej efektywnie. \n<\/p>\n\n<p>Aby zwi\u0119kszy\u0107 sprzeda\u017c, przedstawi\u0107 pozytywne odzewy na swoje us\u0142ugi, zwi\u0119kszy\u0107 zaufanie do swojej marki, po prostu dodaj\u0105c plugin do swojej strony Web. Nasze plany subskrypcji s\u0105 w zakresie od bezp\u0142atnych do premium. Szybko doda\u0107 wszelkie wybrane pluginy przy u\u017cyciu naszej wersji Live Demo i zobacz jak bardzo to b\u0119dzie istotne w kwestii rozwoju witryny Pa\u0144stwa przedsi\u0119biorstwa. <\/p>\n\n<h2>Co powoduje, \u017ce pluginy Jumpseller s\u0105 jednymi z najlepszych instrumentami dla Ciebie? <\/h2>\n\n<p> Oto list\u0119 podstawowych charakterystyk naszych rozszerze\u0144, kt\u00f3re pomagaj\u0105 nam wyprzedzi\u0107 konkurencj\u0119: <\/p>\n\n\n<ul>\n<li> Nieodp\u0142atna i natychmiastowa obs\u0142uga przy wbudowaniu lub customizacji plugin\u00f3w; <\/li>\n<li> Zdolne do adaptacji do wszystkich rozdzielczo\u015bci witryn internetowych i dostosowane do urz\u0105dze\u0144 mobilnych; <\/li>\n<li> Nie ma potrzeby uczy\u0107 si\u0119 programowa\u0107; <\/li>\n<li> Bogaty wyb\u00f3r opcji dostosowywania; <\/li>\n<li> Oparte na chmurze wtyczki pomagaj\u0105 zwi\u0119kszy\u0107 szybko\u015b\u0107 witryny; <\/li>\n<li> Wszystkie przysz\u0142e aktualizacje s\u0105 bezp\u0142atne i regularne; <\/li>\n<li> Rozs\u0105dny zakres cen; <\/li>\n<li> Sta\u0142a pomoc z problemami klient\u00f3w. <\/li>\n<\/ul>\n\n<p> Sprawd\u017a bezp\u0142atne opcje naszych wtyczek i zrozumiej jej potencja\u0142 lub kup dowolne wymagane wtyczk\u0119 z 20% rabatem. <\/p>\n\n\n<h2> Jak integrowa\u0107 Pa\u0144stwa rozszerzenia Elfsight na serwisie www Jumpseller <\/h2>\n\n<p> A\u017ceby osadzi\u0107 nasze wid\u017cety, zobacz etapy z nieskomplikowanej wskaz\u00f3wki: <\/p>\n\n\n<ol>\n<li> Kliknij na przydatn\u0105 wtyczk\u0119; <\/li>\n<li> Skonfiguruj potrzebne ustawienia; <\/li>\n<li> Zastosuj zmiany; <\/li>\n<li> Otrzymaj otrzymany kod; <\/li>\n<li> Zainstaluj ten kod instalacji w potrzebnym miejscu swojej witryny lub szablonu; <\/li>\n<li> Gotowe! Pomy\u015blnie zako\u0144czy\u0142e\u015b dodawanie widget. <\/li>\n<\/ol>\n\n<p> Je\u015bli chcesz uzyska\u0107 pomoc, nie wahaj si\u0119 zwr\u00f3ci\u0107 si\u0119 do zespo\u0142u wsparcia Elfsight. <\/p>\n","protected":false},"excerpt":{"rendered":"Najdoskonalsze elementy interfejsu Elfsight dla udoskonalenia twojej witryny internetowej Jumpseller W ci\u0105gu kilku lat nasz team ekspert\u00f3w Elfsight produkuje przyjazne dla u\u017cytkownika i dostosowywane dodatki chmurowe dla Twojej witryny. Zapewniamy serwis wsparcia oraz szybko\u015b\u0107 wczytywania. Widgety Elfsight pomagaj\u0105 w\u0142a\u015bcicielom witryn internetowych, non-profit oraz innym z r\u00f3\u017cnych kraj\u00f3w \u015bwiata sprosta\u0107 g\u0142\u00f3wnymi&#8230;","protected":false},"author":13,"featured_media":0,"parent":0,"menu_order":0,"comment_status":"closed","ping_status":"closed","template":"templates\/template-platform.php","meta":{"publish_to_discourse":"","publish_post_category":"","wpdc_auto_publish_overridden":"","wpdc_topic_tags":"","wpdc_pin_topic":"","wpdc_pin_until":"","discourse_post_id":"","discourse_permalink":"","wpdc_publishing_response":"","wpdc_publishing_error":"","footnotes":""},"class_list":["post-327","page","type-page","status-publish","hentry"],"yoast_head":"<!-- This site is optimized with the Yoast SEO plugin v25.3.1 - https:\/\/yoast.com\/wordpress\/plugins\/seo\/ -->\n<title>Ponad 80 najlepszych darmowych Jumpseller apps dla strony internetowej<\/title>\n<meta name=\"description\" content=\"Odbi\u00f3r wypr\u00f3bowanych nieodp\u0142atnych aplikacji dla twojej strony www Jumpseller. Pom\u00f3c z personalizacj\u0105 oraz szeroka gama opcji.\" \/>\n<meta name=\"robots\" content=\"index, follow, max-snippet:-1, max-image-preview:large, max-video-preview:-1\" \/>\n<link rel=\"canonical\" href=\"https:\/\/elfsight.com\/pl\/jumpseller-apps\/\" \/>\n<meta property=\"og:locale\" content=\"pl_PL\" \/>\n<meta property=\"og:type\" content=\"article\" \/>\n<meta property=\"og:title\" content=\"Ponad 80 najlepszych darmowych Jumpseller apps dla strony internetowej\" \/>\n<meta property=\"og:description\" content=\"Odbi\u00f3r wypr\u00f3bowanych nieodp\u0142atnych aplikacji dla twojej strony www Jumpseller. Pom\u00f3c z personalizacj\u0105 oraz szeroka gama opcji.\" \/>\n<meta property=\"og:url\" content=\"https:\/\/elfsight.com\/pl\/jumpseller-apps\/\" \/>\n<meta property=\"og:site_name\" content=\"Elfsight PL\" \/>\n<meta property=\"article:modified_time\" content=\"2021-04-21T13:40:15+00:00\" \/>\n<meta name=\"twitter:card\" content=\"summary_large_image\" \/>\n<meta name=\"twitter:label1\" content=\"Szacowany czas czytania\" \/>\n\t<meta name=\"twitter:data1\" content=\"2 minuty\" \/>\n<!-- \/ Yoast SEO plugin. -->","yoast_head_json":{"title":"Ponad 80 najlepszych darmowych Jumpseller apps dla strony internetowej","description":"Odbi\u00f3r wypr\u00f3bowanych nieodp\u0142atnych aplikacji dla twojej strony www Jumpseller. Pom\u00f3c z personalizacj\u0105 oraz szeroka gama opcji.","robots":{"index":"index","follow":"follow","max-snippet":"max-snippet:-1","max-image-preview":"max-image-preview:large","max-video-preview":"max-video-preview:-1"},"canonical":"https:\/\/elfsight.com\/pl\/jumpseller-apps\/","og_locale":"pl_PL","og_type":"article","og_title":"Ponad 80 najlepszych darmowych Jumpseller apps dla strony internetowej","og_description":"Odbi\u00f3r wypr\u00f3bowanych nieodp\u0142atnych aplikacji dla twojej strony www Jumpseller. Pom\u00f3c z personalizacj\u0105 oraz szeroka gama opcji.","og_url":"https:\/\/elfsight.com\/pl\/jumpseller-apps\/","og_site_name":"Elfsight PL","article_modified_time":"2021-04-21T13:40:15+00:00","twitter_card":"summary_large_image","twitter_misc":{"Szacowany czas czytania":"2 minuty"},"schema":{"@context":"https:\/\/schema.org","@graph":[{"@type":"WebPage","@id":"https:\/\/elfsight.com\/pl\/jumpseller-apps\/","url":"https:\/\/elfsight.com\/pl\/jumpseller-apps\/","name":"Ponad 80 najlepszych darmowych Jumpseller apps dla strony internetowej","isPartOf":{"@id":"https:\/\/elfsight.com\/pl\/#website"},"datePublished":"2020-11-17T12:22:27+00:00","dateModified":"2021-04-21T13:40:15+00:00","description":"Odbi\u00f3r wypr\u00f3bowanych nieodp\u0142atnych aplikacji dla twojej strony www Jumpseller. Pom\u00f3c z personalizacj\u0105 oraz szeroka gama opcji.","breadcrumb":{"@id":"https:\/\/elfsight.com\/pl\/jumpseller-apps\/#breadcrumb"},"inLanguage":"pl-PL","potentialAction":[{"@type":"ReadAction","target":["https:\/\/elfsight.com\/pl\/jumpseller-apps\/"]}]},{"@type":"BreadcrumbList","@id":"https:\/\/elfsight.com\/pl\/jumpseller-apps\/#breadcrumb","itemListElement":[{"@type":"ListItem","position":1,"name":"Home","item":"https:\/\/elfsight.com\/pl\/"},{"@type":"ListItem","position":2,"name":"Jumpseller apps"}]},{"@type":"WebSite","@id":"https:\/\/elfsight.com\/pl\/#website","url":"https:\/\/elfsight.com\/pl\/","name":"Elfsight PL","description":"Just another Elfsight Sites site","potentialAction":[{"@type":"SearchAction","target":{"@type":"EntryPoint","urlTemplate":"https:\/\/elfsight.com\/pl\/?s={search_term_string}"},"query-input":{"@type":"PropertyValueSpecification","valueRequired":true,"valueName":"search_term_string"}}],"inLanguage":"pl-PL"}]}},"meta_box":{"industry":"","seo_heading":"","heading":"","description":"","cta_heading":"","cta_description":"","application":"","h1":"Najlepsze aplikacje Jumpseller","h1_caption":"Gratisowy zestaw Plug&Play plugin\u00f3w najwy\u017cszej klasy z szerok\u0105 gam\u0105 funkcji dla zwi\u0119kszenia poziomu sprzeda\u017cy i osi\u0105gni\u0119cia wszystkich r\u00f3\u017cnych dzia\u0142a\u0144 handlowych. Szybkie wdro\u017cenie, obszerny wyb\u00f3r opcji dostosowywania i do\u017cywotni serwis pomocy klienta.","application_category":[],"applications_title":"Spr\u00f3buj najodpowiedniejsze aplikacje dla twojej witryny internetowej w\u015br\u00f3d wszystkich dodatk\u00f3w gratisowych w demonstracje online","applications_request_title":"Nie mo\u017cesz znale\u017a\u0107 odpowiedniej aplikacji?","applications_request_button_text":"Zam\u00f3w aplikacje","hero_text":"","hero_video":"","hero_video_schema_markup":"","selling_points_title":"","selling_points_caption":"","selling_points":[],"selling_points_cta_text":"","features_title":"","features":"","ed_cta_examples_text":"","ed_cta_examples_hidden":"","ed_cta_demo_text":"","ed_cta_demo_hidden":"","why_caption":"","why_editor_title":"","why_editor_text":"","why_team_title":"","why_team_text":"","why_service_title":"","why_service_text":"","template_catalog_visible":"","template_catalog_title":"","template_catalog_text":"","template_catalog_categories_visible":"","demo_title":"","demo_caption":"","default_faq_hidden":"","app_template_category":[],"platform":"324","template_public_id":"","codecanyon_url":"","codecanyon_item_id":"","codecanyon_price":"","pricing_caption":"","pricing_elfsight_apps_hide_column":"","pricing_elfsight_apps_url":"","pricing_codecanyon_price_caption":"","integration_category":[],"integration_request_title":"","integration_request_cta":"","integration_platform":"","integrations":[],"platform_category":[],"video_schema_markup":"","price":"","trial":"","benefits":[],"button_url":"","button_target_blank":"","button_nofollow":"","attributes":[],"tags":[],"tags_disable_links":"","hide_more_platforms":"","video_object":"","demo_hide_cta":"","demo_hide_cloud_options":"","pricing_title":"","pricing":[],"related_apps_title":"","related_apps_hidden":"","author":"","image":[],"title":"","job":"","social_networks":[]},"_links":{"self":[{"href":"https:\/\/elfsight.com\/pl\/wp-json\/wp\/v2\/pages\/327","targetHints":{"allow":["GET"]}}],"collection":[{"href":"https:\/\/elfsight.com\/pl\/wp-json\/wp\/v2\/pages"}],"about":[{"href":"https:\/\/elfsight.com\/pl\/wp-json\/wp\/v2\/types\/page"}],"author":[{"embeddable":true,"href":"https:\/\/elfsight.com\/pl\/wp-json\/wp\/v2\/users\/13"}],"replies":[{"embeddable":true,"href":"https:\/\/elfsight.com\/pl\/wp-json\/wp\/v2\/comments?post=327"}],"version-history":[{"count":1,"href":"https:\/\/elfsight.com\/pl\/wp-json\/wp\/v2\/pages\/327\/revisions"}],"predecessor-version":[{"id":328,"href":"https:\/\/elfsight.com\/pl\/wp-json\/wp\/v2\/pages\/327\/revisions\/328"}],"wp:attachment":[{"href":"https:\/\/elfsight.com\/pl\/wp-json\/wp\/v2\/media?parent=327"}],"curies":[{"name":"wp","href":"https:\/\/api.w.org\/{rel}","templated":true}]}}