{"id":322,"date":"2020-11-17T12:04:09","date_gmt":"2020-11-17T12:04:09","guid":{"rendered":"https:\/\/elfsight.com\/pl\/?page_id=322"},"modified":"2021-04-21T13:40:05","modified_gmt":"2021-04-21T13:40:05","slug":"facebook-page-widgets","status":"publish","type":"page","link":"https:\/\/elfsight.com\/pl\/facebook-page-widgets\/","title":{"rendered":"Facebook Page widgets"},"content":{"rendered":"\n<h2>Najdoskonalsze rozszerzenia Elfsight dla wszystkich potrzeb\u00f3w twojej witryny internetowej Facebook Page<\/h2>\n\n<p>Przez 9 lat nasz team deweloper\u00f3w Elfsight wypuszcza przyjazne dla u\u017cytkownika i uniwersalne elementy interfejsu chmurowe dla Twojej strony internetowej. Elfsight gwarantuje szybkie wsparcie oraz szybko\u015b\u0107 wczytywania. Aplikacji Elfsight pomagaj\u0105 w\u0142a\u015bcicielom witryn e-commerce, niekomercyjnych oraz wielu innym na ca\u0142ym \u015bwiecie upora\u0107 si\u0119 z powa\u017cnymi celami wydajniej. \n<\/p>\n\n<p>Mo\u017cesz podnie\u015b\u0107 dochody, zademonstrowa\u0107 pozytywny feedback na Pa\u0144stwa oferty, zwi\u0119kszy\u0107 zaufanie do swojej marki, po prostu dodaj\u0105c widget do Twojej serwisu www. Nasze plany taryfowe wahaj\u0105 si\u0119 od bezp\u0142atnych do premium. Spr\u00f3buj zintegrowa\u0107 dowolnie wybrane widgety przy u\u017cyciu naszej demonstracji i przekonaj si\u0119 jak bardzo mo\u017ce to by\u0107 przydatne w kwestii rozwoju serwisu www firmy. <\/p>\n\n<h2>Czemu nasze pluginy Elfsight s\u0105 tak wyj\u0105tkowymi rozwi\u0105zaniami dla Ciebie? <\/h2>\n\n<p> Poznaj spis powa\u017cnych charakterystyk naszych aplikacji, kt\u00f3re pomagaj\u0105 nam wyprzedzi\u0107 konkurencj\u0119: <\/p>\n\n\n<ul>\n<li> Bezp\u0142atna i sprawna wsparcie przy dodaniu lub personalizacji aplikacji; <\/li>\n<li> W pe\u0142ni responsywne do wszystkich rozdzielczo\u015bci stron internetowych i przyjazne dla urz\u0105dze\u0144 mobilnych; <\/li>\n<li> Nie musicie zatrudnia\u0107 programist\u00f3w; <\/li>\n<li> Bogaty wyb\u00f3r ustawie\u0144 dostosowywania; <\/li>\n<li> Oparte na chmurze dodatki pomagaj\u0105 zwi\u0119kszy\u0107 pr\u0119dko\u015b\u0107 \u0142adowania witryny; <\/li>\n<li> Wszystkie poprawki s\u0105 nieodp\u0142atne i systematyczne; <\/li>\n<li> Rozs\u0105dny zakres cen; <\/li>\n<li> Profesjonalna pomoc z problemami klient\u00f3w. <\/li>\n<\/ul>\n\n<p> Poznaj wolne wersje Lite naszych aplikacji i zastosuj jej potencja\u0142 lub kup dowolne wymagane aplikacje z 20% obni\u017ck\u0105. <\/p>\n\n\n<h2> Jak wstawi\u0107 Twoje aplikacji Elfsight na swojej stronie Web Facebook Page <\/h2>\n\n<p> A\u017ceby integrowa\u0107 wtyczki, wykonaj czynno\u015bci z kr\u00f3tkiej wskaz\u00f3wki: <\/p>\n\n\n<ol>\n<li> Wybierz przydatn\u0105 wtyczk\u0119; <\/li>\n<li> Zmodyfikuj wa\u017cne konfiguracji; <\/li>\n<li> Nie zapomnijcie, aby zapisa\u0107 zmiany; <\/li>\n<li> Skopiuj wygenerowany kod; <\/li>\n<li> Zainstaluj go w przydatnym miejscu swojej witryny lub szablonu; <\/li>\n<li> Zrobione! Z powodzeniem doda\u0142e\u015b plugin. <\/li>\n<\/ol>\n\n<p> W przypadku jakichkolwiek problem\u00f3w, prosimy zwr\u00f3ci\u0107 si\u0119 do zespo\u0142u wspieraj\u0105cego Elfsight. <\/p>\n","protected":false},"excerpt":{"rendered":"Najdoskonalsze rozszerzenia Elfsight dla wszystkich potrzeb\u00f3w twojej witryny internetowej Facebook Page Przez 9 lat nasz team deweloper\u00f3w Elfsight wypuszcza przyjazne dla u\u017cytkownika i uniwersalne elementy interfejsu chmurowe dla Twojej strony internetowej. Elfsight gwarantuje szybkie wsparcie oraz szybko\u015b\u0107 wczytywania. Aplikacji Elfsight pomagaj\u0105 w\u0142a\u015bcicielom witryn e-commerce, niekomercyjnych oraz wielu innym na ca\u0142ym&#8230;","protected":false},"author":13,"featured_media":0,"parent":0,"menu_order":0,"comment_status":"closed","ping_status":"closed","template":"templates\/template-platform.php","meta":{"publish_to_discourse":"","publish_post_category":"","wpdc_auto_publish_overridden":"","wpdc_topic_tags":"","wpdc_pin_topic":"","wpdc_pin_until":"","discourse_post_id":"","discourse_permalink":"","wpdc_publishing_response":"","wpdc_publishing_error":"","footnotes":""},"class_list":["post-322","page","type-page","status-publish","hentry"],"yoast_head":"<!-- This site is optimized with the Yoast SEO plugin v25.3.1 - https:\/\/yoast.com\/wordpress\/plugins\/seo\/ -->\n<title>Ponad 80 najlepszych Facebook Page widget\u00f3w dla strony internetowej<\/title>\n<meta name=\"description\" content=\"Zestaw gratisowych widget\u00f3w pierwszej klasy dla twojej witryny sieci Web Facebook Page. Pom\u00f3c z dostosowaniem oraz szeroka gama opcji.\" \/>\n<meta name=\"robots\" content=\"index, follow, max-snippet:-1, max-image-preview:large, max-video-preview:-1\" \/>\n<link rel=\"canonical\" href=\"https:\/\/elfsight.com\/pl\/facebook-page-widgets\/\" \/>\n<meta property=\"og:locale\" content=\"pl_PL\" \/>\n<meta property=\"og:type\" content=\"article\" \/>\n<meta property=\"og:title\" content=\"Ponad 80 najlepszych Facebook Page widget\u00f3w dla strony internetowej\" \/>\n<meta property=\"og:description\" content=\"Zestaw gratisowych widget\u00f3w pierwszej klasy dla twojej witryny sieci Web Facebook Page. Pom\u00f3c z dostosowaniem oraz szeroka gama opcji.\" \/>\n<meta property=\"og:url\" content=\"https:\/\/elfsight.com\/pl\/facebook-page-widgets\/\" \/>\n<meta property=\"og:site_name\" content=\"Elfsight PL\" \/>\n<meta property=\"article:modified_time\" content=\"2021-04-21T13:40:05+00:00\" \/>\n<meta name=\"twitter:card\" content=\"summary_large_image\" \/>\n<meta name=\"twitter:label1\" content=\"Szacowany czas czytania\" \/>\n\t<meta name=\"twitter:data1\" content=\"2 minuty\" \/>\n<!-- \/ Yoast SEO plugin. -->","yoast_head_json":{"title":"Ponad 80 najlepszych Facebook Page widget\u00f3w dla strony internetowej","description":"Zestaw gratisowych widget\u00f3w pierwszej klasy dla twojej witryny sieci Web Facebook Page. Pom\u00f3c z dostosowaniem oraz szeroka gama opcji.","robots":{"index":"index","follow":"follow","max-snippet":"max-snippet:-1","max-image-preview":"max-image-preview:large","max-video-preview":"max-video-preview:-1"},"canonical":"https:\/\/elfsight.com\/pl\/facebook-page-widgets\/","og_locale":"pl_PL","og_type":"article","og_title":"Ponad 80 najlepszych Facebook Page widget\u00f3w dla strony internetowej","og_description":"Zestaw gratisowych widget\u00f3w pierwszej klasy dla twojej witryny sieci Web Facebook Page. Pom\u00f3c z dostosowaniem oraz szeroka gama opcji.","og_url":"https:\/\/elfsight.com\/pl\/facebook-page-widgets\/","og_site_name":"Elfsight PL","article_modified_time":"2021-04-21T13:40:05+00:00","twitter_card":"summary_large_image","twitter_misc":{"Szacowany czas czytania":"2 minuty"},"schema":{"@context":"https:\/\/schema.org","@graph":[{"@type":"WebPage","@id":"https:\/\/elfsight.com\/pl\/facebook-page-widgets\/","url":"https:\/\/elfsight.com\/pl\/facebook-page-widgets\/","name":"Ponad 80 najlepszych Facebook Page widget\u00f3w dla strony internetowej","isPartOf":{"@id":"https:\/\/elfsight.com\/pl\/#website"},"datePublished":"2020-11-17T12:04:09+00:00","dateModified":"2021-04-21T13:40:05+00:00","description":"Zestaw gratisowych widget\u00f3w pierwszej klasy dla twojej witryny sieci Web Facebook Page. Pom\u00f3c z dostosowaniem oraz szeroka gama opcji.","breadcrumb":{"@id":"https:\/\/elfsight.com\/pl\/facebook-page-widgets\/#breadcrumb"},"inLanguage":"pl-PL","potentialAction":[{"@type":"ReadAction","target":["https:\/\/elfsight.com\/pl\/facebook-page-widgets\/"]}]},{"@type":"BreadcrumbList","@id":"https:\/\/elfsight.com\/pl\/facebook-page-widgets\/#breadcrumb","itemListElement":[{"@type":"ListItem","position":1,"name":"Home","item":"https:\/\/elfsight.com\/pl\/"},{"@type":"ListItem","position":2,"name":"Facebook Page widgets"}]},{"@type":"WebSite","@id":"https:\/\/elfsight.com\/pl\/#website","url":"https:\/\/elfsight.com\/pl\/","name":"Elfsight PL","description":"Just another Elfsight Sites site","potentialAction":[{"@type":"SearchAction","target":{"@type":"EntryPoint","urlTemplate":"https:\/\/elfsight.com\/pl\/?s={search_term_string}"},"query-input":{"@type":"PropertyValueSpecification","valueRequired":true,"valueName":"search_term_string"}}],"inLanguage":"pl-PL"}]}},"meta_box":{"industry":"","seo_heading":"","heading":"","description":"","cta_heading":"","cta_description":"","application":"","h1":"Najlepsze widgety Facebook Page","h1_caption":"Nieodp\u0142atny katalog gotowych do u\u017cycia widget\u00f3w wysokiej klasy z szerok\u0105 gam\u0105 funkcjonalno\u015bci dla zwi\u0119kszenia sprzeda\u017cy oraz realizacji wszystkich podstawowych dzia\u0142a\u0144 handlowych. Nieskomplikowane zainstalowanie, szeroki wyb\u00f3r opcji modyfikacji i do\u017cywotnia obs\u0142uga klienta.","application_category":[],"applications_title":"Spr\u00f3buj najbardziej odpowiednie widgety dla twojej witryny internetowej w\u015br\u00f3d wszystkich dodatk\u00f3w gratisowych w wersji demonstracyjnej","applications_request_title":"Nie mo\u017cesz znale\u017a\u0107 odpowiedni widget?","applications_request_button_text":"Zam\u00f3w widget","hero_text":"","hero_video":"","hero_video_schema_markup":"","selling_points_title":"","selling_points_caption":"","selling_points":[],"selling_points_cta_text":"","features_title":"","features":"","ed_cta_examples_text":"","ed_cta_examples_hidden":"","ed_cta_demo_text":"","ed_cta_demo_hidden":"","why_caption":"","why_editor_title":"","why_editor_text":"","why_team_title":"","why_team_text":"","why_service_title":"","why_service_text":"","template_catalog_visible":"","template_catalog_title":"","template_catalog_text":"","template_catalog_categories_visible":"","demo_title":"","demo_caption":"","default_faq_hidden":"","app_template_category":[],"platform":"319","template_public_id":"","codecanyon_url":"","codecanyon_item_id":"","codecanyon_price":"","pricing_caption":"","pricing_elfsight_apps_hide_column":"","pricing_elfsight_apps_url":"","pricing_codecanyon_price_caption":"","integration_category":[],"integration_request_title":"","integration_request_cta":"","integration_platform":"","integrations":[],"platform_category":[],"video_schema_markup":"","price":"","trial":"","benefits":[],"button_url":"","button_target_blank":"","button_nofollow":"","attributes":[],"tags":[],"tags_disable_links":"","hide_more_platforms":"","video_object":"","demo_hide_cta":"","demo_hide_cloud_options":"","pricing_title":"","pricing":[],"related_apps_title":"","related_apps_hidden":"","author":"","image":[],"title":"","job":"","social_networks":[]},"_links":{"self":[{"href":"https:\/\/elfsight.com\/pl\/wp-json\/wp\/v2\/pages\/322","targetHints":{"allow":["GET"]}}],"collection":[{"href":"https:\/\/elfsight.com\/pl\/wp-json\/wp\/v2\/pages"}],"about":[{"href":"https:\/\/elfsight.com\/pl\/wp-json\/wp\/v2\/types\/page"}],"author":[{"embeddable":true,"href":"https:\/\/elfsight.com\/pl\/wp-json\/wp\/v2\/users\/13"}],"replies":[{"embeddable":true,"href":"https:\/\/elfsight.com\/pl\/wp-json\/wp\/v2\/comments?post=322"}],"version-history":[{"count":1,"href":"https:\/\/elfsight.com\/pl\/wp-json\/wp\/v2\/pages\/322\/revisions"}],"predecessor-version":[{"id":323,"href":"https:\/\/elfsight.com\/pl\/wp-json\/wp\/v2\/pages\/322\/revisions\/323"}],"wp:attachment":[{"href":"https:\/\/elfsight.com\/pl\/wp-json\/wp\/v2\/media?parent=322"}],"curies":[{"name":"wp","href":"https:\/\/api.w.org\/{rel}","templated":true}]}}