{"id":317,"date":"2020-11-17T11:37:19","date_gmt":"2020-11-17T11:37:19","guid":{"rendered":"https:\/\/elfsight.com\/pl\/?page_id=317"},"modified":"2021-04-21T13:39:56","modified_gmt":"2021-04-21T13:39:56","slug":"tilda-widgets","status":"publish","type":"page","link":"https:\/\/elfsight.com\/pl\/tilda-widgets\/","title":{"rendered":"Tilda widgets"},"content":{"rendered":"\n<h2>Najskuteczniejsze pluginy Elfsight dla unowocze\u015bnienia twojej strony internetowej Tilda<\/h2>\n\n<p>Na przestrzeni wielu lat nasza dru\u017cyna deweloper\u00f3w Elfsight stwarza proste i modyfikowalne dodatki chmurowe dla Twojej witryny. Zapewniamy natychmiastow\u0105 obs\u0142ug\u0119 techniczn\u0105 i du\u017c\u0105 szybko\u015b\u0107 \u0142adowania. Aplikacji Elfsight pomagaj\u0105 w\u0142a\u015bcicielom sklep\u00f3w online, niekomercyjnych i wielu innym z r\u00f3\u017cnych cz\u0119\u015bci \u015bwiata sprosta\u0107 powa\u017cnymi zadaniami skuteczniej. \n<\/p>\n\n<p>Mo\u017cesz zwi\u0119kszy\u0107 liczb\u0119 lead\u00f3w, pokaza\u0107 pozytywne referencje na swoje us\u0142ugi, zwi\u0119kszy\u0107 zaufanie do swojej marki, wystarczy zainstalowa\u0107 aplikacje do Pa\u0144stwa strony Web. Nasze plany abonamentowe s\u0105 w zakresie od bezp\u0142atnych do premium. Spr\u00f3buj w\u0142\u0105czy\u0107 dowolnie odpowiednie widgety korzystaj\u0105c z naszej wersji demonstracyjnej i sprawd\u017a jak bardzo to b\u0119dzie przydatne w kwestii rozwoju strony Web Pa\u0144stwa biznesu. <\/p>\n\n<h2>Co sprawia, \u017ce nasze wid\u017cety Elfsight s\u0105 jednymi z najlepszych instrumentami dla Ciebie? <\/h2>\n\n<p> Oto spis istotnych charakterystyk naszych dodatk\u00f3w, kt\u00f3re pomagaj\u0105 nam wyprzedzi\u0107 konkurencj\u0119: <\/p>\n\n\n<ul>\n<li> Darmowa i natychmiastowa pomoc przy wbudowaniu lub personalizacji widget\u00f3w; <\/li>\n<li> Adaptacja do wszystkich rozdzielczo\u015bci stron internetowych i dostosowane do urz\u0105dze\u0144 mobilnych; <\/li>\n<li> Nie ma potrzeby programowa\u0107; <\/li>\n<li> Szeroki wyb\u00f3r ustawie\u0144 dostosowywania; <\/li>\n<li> Oparte na chmurze wid\u017cety pomagaj\u0105 zwi\u0119kszy\u0107 pr\u0119dko\u015b\u0107 witryny; <\/li>\n<li> Wszystkie przysz\u0142e aktualizacje s\u0105 gratisowe i regularne; <\/li>\n<li> Przyst\u0119pne ceny; <\/li>\n<li> Profesjonalna pomoc w przypadku problem\u00f3w. <\/li>\n<\/ul>\n\n<p> Zbadaj bezp\u0142atne opcje naszych dodatk\u00f3w i wykorzystaj jej potencja\u0142 lub zainstaluj dowolne wymagane rozwi\u0105zanie z 20% obni\u017ck\u0105. <\/p>\n\n\n<h2> W jaki spos\u00f3b zamie\u015bci\u0107 Pa\u0144stwa rozszerzenia na witrynie Tilda <\/h2>\n\n<p> A\u017ceby zamie\u015bci\u0107 nasze wtyczki, wykonaj nast\u0119pnie etapy z nieskomplikowanej instrukcji: <\/p>\n\n\n<ol>\n<li> Kliknij na potrzebny plugin; <\/li>\n<li> Zmodyfikuj niekt\u00f3re potrzebne ustawienia; <\/li>\n<li> Zapisz zmiany; <\/li>\n<li> Skopiuj wygenerowany kod; <\/li>\n<li> Zainstaluj ten kod w potrzebnym miejscu Twojej strony lub szablonu; <\/li>\n<li> Sko\u0144czone! Uda\u0142o Ci si\u0119 zintegrowa\u0107 wid\u017cet. <\/li>\n<\/ol>\n\n<p> W przypadku problem\u00f3w, nie wahaj si\u0119 napisa\u0107 do zespo\u0142u pomocy technicznej Elfsight. <\/p>\n","protected":false},"excerpt":{"rendered":"Najskuteczniejsze pluginy Elfsight dla unowocze\u015bnienia twojej strony internetowej Tilda Na przestrzeni wielu lat nasza dru\u017cyna deweloper\u00f3w Elfsight stwarza proste i modyfikowalne dodatki chmurowe dla Twojej witryny. Zapewniamy natychmiastow\u0105 obs\u0142ug\u0119 techniczn\u0105 i du\u017c\u0105 szybko\u015b\u0107 \u0142adowania. Aplikacji Elfsight pomagaj\u0105 w\u0142a\u015bcicielom sklep\u00f3w online, niekomercyjnych i wielu innym z r\u00f3\u017cnych cz\u0119\u015bci \u015bwiata sprosta\u0107 powa\u017cnymi&#8230;","protected":false},"author":13,"featured_media":0,"parent":0,"menu_order":0,"comment_status":"closed","ping_status":"closed","template":"templates\/template-platform.php","meta":{"publish_to_discourse":"","publish_post_category":"","wpdc_auto_publish_overridden":"","wpdc_topic_tags":"","wpdc_pin_topic":"","wpdc_pin_until":"","discourse_post_id":"","discourse_permalink":"","wpdc_publishing_response":"","wpdc_publishing_error":"","footnotes":""},"class_list":["post-317","page","type-page","status-publish","hentry"],"yoast_head":"<!-- This site is optimized with the Yoast SEO plugin v25.3.1 - https:\/\/yoast.com\/wordpress\/plugins\/seo\/ -->\n<title>Ponad 80 najlepszych darmowych Tilda wid\u017cet\u00f3w dla strony internetowej<\/title>\n<meta name=\"description\" content=\"Zestaw sprawdzonych wid\u017cet\u00f3w najwy\u017cszej klasy dla twojej strony internetowej Tilda. Pom\u00f3c z dostosowywaniem oraz szeroka funkcjonalno\u015b\u0107.\" \/>\n<meta name=\"robots\" content=\"index, follow, max-snippet:-1, max-image-preview:large, max-video-preview:-1\" \/>\n<link rel=\"canonical\" href=\"https:\/\/elfsight.com\/pl\/tilda-widgets\/\" \/>\n<meta property=\"og:locale\" content=\"pl_PL\" \/>\n<meta property=\"og:type\" content=\"article\" \/>\n<meta property=\"og:title\" content=\"Ponad 80 najlepszych darmowych Tilda wid\u017cet\u00f3w dla strony internetowej\" \/>\n<meta property=\"og:description\" content=\"Zestaw sprawdzonych wid\u017cet\u00f3w najwy\u017cszej klasy dla twojej strony internetowej Tilda. Pom\u00f3c z dostosowywaniem oraz szeroka funkcjonalno\u015b\u0107.\" \/>\n<meta property=\"og:url\" content=\"https:\/\/elfsight.com\/pl\/tilda-widgets\/\" \/>\n<meta property=\"og:site_name\" content=\"Elfsight PL\" \/>\n<meta property=\"article:modified_time\" content=\"2021-04-21T13:39:56+00:00\" \/>\n<meta name=\"twitter:card\" content=\"summary_large_image\" \/>\n<meta name=\"twitter:label1\" content=\"Szacowany czas czytania\" \/>\n\t<meta name=\"twitter:data1\" content=\"2 minuty\" \/>\n<!-- \/ Yoast SEO plugin. -->","yoast_head_json":{"title":"Ponad 80 najlepszych darmowych Tilda wid\u017cet\u00f3w dla strony internetowej","description":"Zestaw sprawdzonych wid\u017cet\u00f3w najwy\u017cszej klasy dla twojej strony internetowej Tilda. Pom\u00f3c z dostosowywaniem oraz szeroka funkcjonalno\u015b\u0107.","robots":{"index":"index","follow":"follow","max-snippet":"max-snippet:-1","max-image-preview":"max-image-preview:large","max-video-preview":"max-video-preview:-1"},"canonical":"https:\/\/elfsight.com\/pl\/tilda-widgets\/","og_locale":"pl_PL","og_type":"article","og_title":"Ponad 80 najlepszych darmowych Tilda wid\u017cet\u00f3w dla strony internetowej","og_description":"Zestaw sprawdzonych wid\u017cet\u00f3w najwy\u017cszej klasy dla twojej strony internetowej Tilda. Pom\u00f3c z dostosowywaniem oraz szeroka funkcjonalno\u015b\u0107.","og_url":"https:\/\/elfsight.com\/pl\/tilda-widgets\/","og_site_name":"Elfsight PL","article_modified_time":"2021-04-21T13:39:56+00:00","twitter_card":"summary_large_image","twitter_misc":{"Szacowany czas czytania":"2 minuty"},"schema":{"@context":"https:\/\/schema.org","@graph":[{"@type":"WebPage","@id":"https:\/\/elfsight.com\/pl\/tilda-widgets\/","url":"https:\/\/elfsight.com\/pl\/tilda-widgets\/","name":"Ponad 80 najlepszych darmowych Tilda wid\u017cet\u00f3w dla strony internetowej","isPartOf":{"@id":"https:\/\/elfsight.com\/pl\/#website"},"datePublished":"2020-11-17T11:37:19+00:00","dateModified":"2021-04-21T13:39:56+00:00","description":"Zestaw sprawdzonych wid\u017cet\u00f3w najwy\u017cszej klasy dla twojej strony internetowej Tilda. Pom\u00f3c z dostosowywaniem oraz szeroka funkcjonalno\u015b\u0107.","breadcrumb":{"@id":"https:\/\/elfsight.com\/pl\/tilda-widgets\/#breadcrumb"},"inLanguage":"pl-PL","potentialAction":[{"@type":"ReadAction","target":["https:\/\/elfsight.com\/pl\/tilda-widgets\/"]}]},{"@type":"BreadcrumbList","@id":"https:\/\/elfsight.com\/pl\/tilda-widgets\/#breadcrumb","itemListElement":[{"@type":"ListItem","position":1,"name":"Home","item":"https:\/\/elfsight.com\/pl\/"},{"@type":"ListItem","position":2,"name":"Tilda widgets"}]},{"@type":"WebSite","@id":"https:\/\/elfsight.com\/pl\/#website","url":"https:\/\/elfsight.com\/pl\/","name":"Elfsight PL","description":"Just another Elfsight Sites site","potentialAction":[{"@type":"SearchAction","target":{"@type":"EntryPoint","urlTemplate":"https:\/\/elfsight.com\/pl\/?s={search_term_string}"},"query-input":{"@type":"PropertyValueSpecification","valueRequired":true,"valueName":"search_term_string"}}],"inLanguage":"pl-PL"}]}},"meta_box":{"industry":"","seo_heading":"","heading":"","description":"","cta_heading":"","cta_description":"","application":"","h1":"Najlepsze widgety Tilda","h1_caption":"Nieodp\u0142atny zestaw nowych dodatk\u00f3w najwy\u017cszej klasy z szerok\u0105 gam\u0105 mo\u017cliwo\u015bci dla powi\u0119kszania pozioma sprzeda\u017cy oraz dokonania wszystkich innych dzia\u0142a\u0144 promocyjnych. Szybkie instalowanie, szeroki asortyment opcji personalizacji i kompetentne wsparcie klienta.","application_category":[],"applications_title":"Sprawd\u017a najlepsze wtyczki dla twojej strony internetowej w\u015br\u00f3d wszystkich widget\u00f3w nieodp\u0142atnych w demonstracje online","applications_request_title":"Nie mo\u017cesz znale\u017a\u0107 odpowiedni widget?","applications_request_button_text":"Zam\u00f3w widget","hero_text":"","hero_video":"","hero_video_schema_markup":"","selling_points_title":"","selling_points_caption":"","selling_points":[],"selling_points_cta_text":"","features_title":"","features":"","ed_cta_examples_text":"","ed_cta_examples_hidden":"","ed_cta_demo_text":"","ed_cta_demo_hidden":"","why_caption":"","why_editor_title":"","why_editor_text":"","why_team_title":"","why_team_text":"","why_service_title":"","why_service_text":"","template_catalog_visible":"","template_catalog_title":"","template_catalog_text":"","template_catalog_categories_visible":"","demo_title":"","demo_caption":"","default_faq_hidden":"","app_template_category":[],"platform":"314","template_public_id":"","codecanyon_url":"","codecanyon_item_id":"","codecanyon_price":"","pricing_caption":"","pricing_elfsight_apps_hide_column":"","pricing_elfsight_apps_url":"","pricing_codecanyon_price_caption":"","integration_category":[],"integration_request_title":"","integration_request_cta":"","integration_platform":"","integrations":[],"platform_category":[],"video_schema_markup":"","price":"","trial":"","benefits":[],"button_url":"","button_target_blank":"","button_nofollow":"","attributes":[],"tags":[],"tags_disable_links":"","hide_more_platforms":"","video_object":"","demo_hide_cta":"","demo_hide_cloud_options":"","pricing_title":"","pricing":[],"related_apps_title":"","related_apps_hidden":"","author":"","image":[],"title":"","job":"","social_networks":[]},"_links":{"self":[{"href":"https:\/\/elfsight.com\/pl\/wp-json\/wp\/v2\/pages\/317","targetHints":{"allow":["GET"]}}],"collection":[{"href":"https:\/\/elfsight.com\/pl\/wp-json\/wp\/v2\/pages"}],"about":[{"href":"https:\/\/elfsight.com\/pl\/wp-json\/wp\/v2\/types\/page"}],"author":[{"embeddable":true,"href":"https:\/\/elfsight.com\/pl\/wp-json\/wp\/v2\/users\/13"}],"replies":[{"embeddable":true,"href":"https:\/\/elfsight.com\/pl\/wp-json\/wp\/v2\/comments?post=317"}],"version-history":[{"count":1,"href":"https:\/\/elfsight.com\/pl\/wp-json\/wp\/v2\/pages\/317\/revisions"}],"predecessor-version":[{"id":318,"href":"https:\/\/elfsight.com\/pl\/wp-json\/wp\/v2\/pages\/317\/revisions\/318"}],"wp:attachment":[{"href":"https:\/\/elfsight.com\/pl\/wp-json\/wp\/v2\/media?parent=317"}],"curies":[{"name":"wp","href":"https:\/\/api.w.org\/{rel}","templated":true}]}}