{"id":307,"date":"2020-11-17T11:01:44","date_gmt":"2020-11-17T11:01:44","guid":{"rendered":"https:\/\/elfsight.com\/pl\/?page_id=307"},"modified":"2021-04-21T13:39:36","modified_gmt":"2021-04-21T13:39:36","slug":"optimizepress-plugins","status":"publish","type":"page","link":"https:\/\/elfsight.com\/pl\/optimizepress-plugins\/","title":{"rendered":"Optimizepress plugins"},"content":{"rendered":"\n<h2>Najdoskonalsze elementy interfejsu Elfsight dla aktualizacji twojej witryny internetowej Optimizepress<\/h2>\n\n<p>Przez wiele lat nasz zesp\u00f3\u0142 programist\u00f3w Elfsight buduje proste i wszechstronne aplikacji chmurowe dla Twojej strony internetowej. Zapewniamy najwy\u017cszej klasy pomoc techniczn\u0105 i szybkie \u0142adowanie. Narz\u0119dzia Elfsight pomagaj\u0105 w\u0142a\u015bcicielom stron internetowych, niekomercyjnych i innym z r\u00f3\u017cnych cz\u0119\u015bci \u015bwiata zaradzi\u0107 g\u0142\u00f3wnymi problemami wydajniej. \n<\/p>\n\n<p>Mo\u017cesz powi\u0119kszy\u0107 liczb\u0119 lead\u00f3w, zademonstrowa\u0107 pozytywny feedback na Pa\u0144stwa oferty, zwi\u0119kszy\u0107 zaufanie do swojej marki, po prostu dodaj\u0105c widget do Pa\u0144stwa witryny. Nasze plany subskrypcji wahaj\u0105 si\u0119 od bezp\u0142atnych do premium. Szybko w\u0142\u0105czy\u0107 wszelkie wybrane dodatki u\u017cywaj\u0105c naszej wersji demonstracyjnej i sprawd\u017a jak bardzo to b\u0119dzie istotne w kwestii rozwoju strony internetowej Pa\u0144stwa firmy. <\/p>\n\n<h2>Co czyni wid\u017cety Elfsight s\u0105 najlepszymi instrumentami dla Twojej strony www? <\/h2>\n\n<p> Zobacz list\u0119 powa\u017cnych cech naszych aplikacji, kt\u00f3re pomagaj\u0105 nam wyprzedzi\u0107 konkurencj\u0119: <\/p>\n\n\n<ul>\n<li> Bezp\u0142atna i szybka obs\u0142uga przy instalacje lub personalizacji widget\u00f3w; <\/li>\n<li> Adaptacja do wszystkich rozdzielczo\u015bci witryn internetowych i przyjazne dla urz\u0105dze\u0144 mobilnych; <\/li>\n<li> Nie ma potrzeby mie\u0107 \u015brodk\u00f3w programowania lub umiej\u0119tno\u015bci; <\/li>\n<li> Szeroki wyb\u00f3r mo\u017cliwo\u015bci personalizacji; <\/li>\n<li> Przechowywanie danych chmurze pomagaj\u0105 zwi\u0119kszy\u0107 pr\u0119dko\u015b\u0107 \u0142adowania serwisu; <\/li>\n<li> Wszystkie dost\u0119pne poprawki s\u0105 nieodp\u0142atne i regularne; <\/li>\n<li> Rozs\u0105dny zakres cen; <\/li>\n<li> Kompetentna pomoc w przypadku problem\u00f3w. <\/li>\n<\/ul>\n\n<p> Sprawd\u017a bezp\u0142atne opcje naszych aplikacji i osi\u0105gnij jej potencja\u0142 lub kup dowolne wymagane rozwi\u0105zanie z 20% rabatem. <\/p>\n\n\n<h2> W jaki spos\u00f3b wbudowa\u0107 widgety na serwisie www Optimizepress <\/h2>\n\n<p> Aby wbudowa\u0107 wid\u017cety, zobacz wszystkie czynno\u015bci z \u0142atwej instrukcji: <\/p>\n\n\n<ol>\n<li> Kliknij na przydatny plugin; <\/li>\n<li> Wprowad\u017a niekt\u00f3re potrzebne zmiany; <\/li>\n<li> Kliknij przycisk &#8222;Zapisz Zmiany&#8221;; <\/li>\n<li> Skopiuj wygenerowany kod; <\/li>\n<li> Dodaj kod instalacji w dost\u0119pnym miejscu Twojej strony lub szablonu; <\/li>\n<li> Zrobione! Pomy\u015blnie zako\u0144czy\u0142e\u015b dodawanie wid\u017cet. <\/li>\n<\/ol>\n\n<p> Je\u015bli potrzebujesz pomocy, prosimy poinformowa\u0107 o tym zespo\u0142 obs\u0142ugi Elfsight. <\/p>\n","protected":false},"excerpt":{"rendered":"Najdoskonalsze elementy interfejsu Elfsight dla aktualizacji twojej witryny internetowej Optimizepress Przez wiele lat nasz zesp\u00f3\u0142 programist\u00f3w Elfsight buduje proste i wszechstronne aplikacji chmurowe dla Twojej strony internetowej. Zapewniamy najwy\u017cszej klasy pomoc techniczn\u0105 i szybkie \u0142adowanie. Narz\u0119dzia Elfsight pomagaj\u0105 w\u0142a\u015bcicielom stron internetowych, niekomercyjnych i innym z r\u00f3\u017cnych cz\u0119\u015bci \u015bwiata zaradzi\u0107 g\u0142\u00f3wnymi&#8230;","protected":false},"author":13,"featured_media":0,"parent":0,"menu_order":0,"comment_status":"closed","ping_status":"closed","template":"templates\/template-platform.php","meta":{"publish_to_discourse":"","publish_post_category":"","wpdc_auto_publish_overridden":"","wpdc_topic_tags":"","wpdc_pin_topic":"","wpdc_pin_until":"","discourse_post_id":"","discourse_permalink":"","wpdc_publishing_response":"","wpdc_publishing_error":"","footnotes":""},"class_list":["post-307","page","type-page","status-publish","hentry"],"yoast_head":"<!-- This site is optimized with the Yoast SEO plugin v25.3.1 - https:\/\/yoast.com\/wordpress\/plugins\/seo\/ -->\n<title>Ponad 80 darmowych Optimizepress plugin\u00f3w dla strony internetowej<\/title>\n<meta name=\"description\" content=\"Katalog testowanych gratisowych wtyczek pierwszej klasy dla twojej strony www Optimizepress. Pom\u00f3c z dostosowywaniem i bogata funkcjonalno\u015b\u0107.\" \/>\n<meta name=\"robots\" content=\"index, follow, max-snippet:-1, max-image-preview:large, max-video-preview:-1\" \/>\n<link rel=\"canonical\" href=\"https:\/\/elfsight.com\/pl\/optimizepress-plugins\/\" \/>\n<meta property=\"og:locale\" content=\"pl_PL\" \/>\n<meta property=\"og:type\" content=\"article\" \/>\n<meta property=\"og:title\" content=\"Ponad 80 darmowych Optimizepress plugin\u00f3w dla strony internetowej\" \/>\n<meta property=\"og:description\" content=\"Katalog testowanych gratisowych wtyczek pierwszej klasy dla twojej strony www Optimizepress. Pom\u00f3c z dostosowywaniem i bogata funkcjonalno\u015b\u0107.\" \/>\n<meta property=\"og:url\" content=\"https:\/\/elfsight.com\/pl\/optimizepress-plugins\/\" \/>\n<meta property=\"og:site_name\" content=\"Elfsight PL\" \/>\n<meta property=\"article:modified_time\" content=\"2021-04-21T13:39:36+00:00\" \/>\n<meta name=\"twitter:card\" content=\"summary_large_image\" \/>\n<meta name=\"twitter:label1\" content=\"Szacowany czas czytania\" \/>\n\t<meta name=\"twitter:data1\" content=\"2 minuty\" \/>\n<!-- \/ Yoast SEO plugin. -->","yoast_head_json":{"title":"Ponad 80 darmowych Optimizepress plugin\u00f3w dla strony internetowej","description":"Katalog testowanych gratisowych wtyczek pierwszej klasy dla twojej strony www Optimizepress. Pom\u00f3c z dostosowywaniem i bogata funkcjonalno\u015b\u0107.","robots":{"index":"index","follow":"follow","max-snippet":"max-snippet:-1","max-image-preview":"max-image-preview:large","max-video-preview":"max-video-preview:-1"},"canonical":"https:\/\/elfsight.com\/pl\/optimizepress-plugins\/","og_locale":"pl_PL","og_type":"article","og_title":"Ponad 80 darmowych Optimizepress plugin\u00f3w dla strony internetowej","og_description":"Katalog testowanych gratisowych wtyczek pierwszej klasy dla twojej strony www Optimizepress. Pom\u00f3c z dostosowywaniem i bogata funkcjonalno\u015b\u0107.","og_url":"https:\/\/elfsight.com\/pl\/optimizepress-plugins\/","og_site_name":"Elfsight PL","article_modified_time":"2021-04-21T13:39:36+00:00","twitter_card":"summary_large_image","twitter_misc":{"Szacowany czas czytania":"2 minuty"},"schema":{"@context":"https:\/\/schema.org","@graph":[{"@type":"WebPage","@id":"https:\/\/elfsight.com\/pl\/optimizepress-plugins\/","url":"https:\/\/elfsight.com\/pl\/optimizepress-plugins\/","name":"Ponad 80 darmowych Optimizepress plugin\u00f3w dla strony internetowej","isPartOf":{"@id":"https:\/\/elfsight.com\/pl\/#website"},"datePublished":"2020-11-17T11:01:44+00:00","dateModified":"2021-04-21T13:39:36+00:00","description":"Katalog testowanych gratisowych wtyczek pierwszej klasy dla twojej strony www Optimizepress. Pom\u00f3c z dostosowywaniem i bogata funkcjonalno\u015b\u0107.","breadcrumb":{"@id":"https:\/\/elfsight.com\/pl\/optimizepress-plugins\/#breadcrumb"},"inLanguage":"pl-PL","potentialAction":[{"@type":"ReadAction","target":["https:\/\/elfsight.com\/pl\/optimizepress-plugins\/"]}]},{"@type":"BreadcrumbList","@id":"https:\/\/elfsight.com\/pl\/optimizepress-plugins\/#breadcrumb","itemListElement":[{"@type":"ListItem","position":1,"name":"Home","item":"https:\/\/elfsight.com\/pl\/"},{"@type":"ListItem","position":2,"name":"Optimizepress plugins"}]},{"@type":"WebSite","@id":"https:\/\/elfsight.com\/pl\/#website","url":"https:\/\/elfsight.com\/pl\/","name":"Elfsight PL","description":"Just another Elfsight Sites site","potentialAction":[{"@type":"SearchAction","target":{"@type":"EntryPoint","urlTemplate":"https:\/\/elfsight.com\/pl\/?s={search_term_string}"},"query-input":{"@type":"PropertyValueSpecification","valueRequired":true,"valueName":"search_term_string"}}],"inLanguage":"pl-PL"}]}},"meta_box":{"industry":"","seo_heading":"","heading":"","description":"","cta_heading":"","cta_description":"","application":"","h1":"Najlepsze pluginy Optimizepress","h1_caption":"Nieodp\u0142atny katalog rewelacyjnych wtyczek wysokiej klasy z szerokim wachlarzem funkcji dla zwi\u0119kszenia sprzeda\u017cy oraz realizacji wszystkich podstawowych dzia\u0142a\u0144 handlowych. Nieskomplikowana implementacja, szeroka oferta mo\u017cliwo\u015bci personalizacji i wysoko wykwalifikowany serwis pomocy klienta.","application_category":[],"applications_title":"Zbadaj najlepsi dopasowania dla twojej strony internetowej w\u015br\u00f3d wszystkich widget\u00f3w nieodp\u0142atnych w edytorze internetowym","applications_request_title":"Nie mo\u017cesz znale\u017a\u0107 odpowiedni plugin?","applications_request_button_text":"Zam\u00f3w plugin","hero_text":"","hero_video":"","hero_video_schema_markup":"","selling_points_title":"","selling_points_caption":"","selling_points":[],"selling_points_cta_text":"","features_title":"","features":"","ed_cta_examples_text":"","ed_cta_examples_hidden":"","ed_cta_demo_text":"","ed_cta_demo_hidden":"","why_caption":"","why_editor_title":"","why_editor_text":"","why_team_title":"","why_team_text":"","why_service_title":"","why_service_text":"","template_catalog_visible":"","template_catalog_title":"","template_catalog_text":"","template_catalog_categories_visible":"","demo_title":"","demo_caption":"","default_faq_hidden":"","app_template_category":[],"platform":"304","template_public_id":"","codecanyon_url":"","codecanyon_item_id":"","codecanyon_price":"","pricing_caption":"","pricing_elfsight_apps_hide_column":"","pricing_elfsight_apps_url":"","pricing_codecanyon_price_caption":"","integration_category":[],"integration_request_title":"","integration_request_cta":"","integration_platform":"","integrations":[],"platform_category":[],"video_schema_markup":"","price":"","trial":"","benefits":[],"button_url":"","button_target_blank":"","button_nofollow":"","attributes":[],"tags":[],"tags_disable_links":"","hide_more_platforms":"","video_object":"","demo_hide_cta":"","demo_hide_cloud_options":"","pricing_title":"","pricing":[],"related_apps_title":"","related_apps_hidden":"","author":"","image":[],"title":"","job":"","social_networks":[]},"_links":{"self":[{"href":"https:\/\/elfsight.com\/pl\/wp-json\/wp\/v2\/pages\/307","targetHints":{"allow":["GET"]}}],"collection":[{"href":"https:\/\/elfsight.com\/pl\/wp-json\/wp\/v2\/pages"}],"about":[{"href":"https:\/\/elfsight.com\/pl\/wp-json\/wp\/v2\/types\/page"}],"author":[{"embeddable":true,"href":"https:\/\/elfsight.com\/pl\/wp-json\/wp\/v2\/users\/13"}],"replies":[{"embeddable":true,"href":"https:\/\/elfsight.com\/pl\/wp-json\/wp\/v2\/comments?post=307"}],"version-history":[{"count":1,"href":"https:\/\/elfsight.com\/pl\/wp-json\/wp\/v2\/pages\/307\/revisions"}],"predecessor-version":[{"id":308,"href":"https:\/\/elfsight.com\/pl\/wp-json\/wp\/v2\/pages\/307\/revisions\/308"}],"wp:attachment":[{"href":"https:\/\/elfsight.com\/pl\/wp-json\/wp\/v2\/media?parent=307"}],"curies":[{"name":"wp","href":"https:\/\/api.w.org\/{rel}","templated":true}]}}