{"id":301,"date":"2020-11-17T10:48:01","date_gmt":"2020-11-17T10:48:01","guid":{"rendered":"https:\/\/elfsight.com\/pl\/?page_id=301"},"modified":"2021-04-21T13:39:25","modified_gmt":"2021-04-21T13:39:25","slug":"pivot-plugins","status":"publish","type":"page","link":"https:\/\/elfsight.com\/pl\/pivot-plugins\/","title":{"rendered":"Pivot plugins"},"content":{"rendered":"\n<h2>Najskuteczniejsze rozwi\u0105zania Elfsight dla aktualizacji twojej witryny internetowej Pivot<\/h2>\n\n<p>Od szeregu lat nasz team specjalist\u00f3w Elfsight konstruuje \u0142atwe w u\u017cyciu i dostosowywane aplikacji chmurowe dla Twojej firmy. Mo\u017cemy zagwarantowa\u0107 najwy\u017cszej klasy pomoc techniczn\u0105 i du\u017c\u0105 szybko\u015b\u0107 \u0142adowania. Elementy interfejsu Elfsight pomagaj\u0105 w\u0142a\u015bcicielom sklep\u00f3w internetowych, niekomercyjnych oraz wielu innym na ca\u0142ym \u015bwiecie poradzi\u0107 sobie z powa\u017cnymi kwestiami bardziej wydajnie. \n<\/p>\n\n<p>A\u017ceby zwi\u0119kszy\u0107 liczb\u0119 lead\u00f3w, pokaza\u0107 pozytywny feedback na swoje oferty, zwi\u0119kszy\u0107 zaufanie do swojej marki, po prostu dodaj\u0105c dodatek do Pa\u0144stwa strony internetowej. Nasze plany taryfowe s\u0105 w zakresie od bezp\u0142atnych do premium. Szybko do\u0142\u0105czy\u0107 wszelkie wybrane elementy interfejsu u\u017cywaj\u0105c naszej wersji Live Demo i sprawd\u017a jak bardzo mo\u017ce to by\u0107 przydatne w kwestii rozwoju strony internetowej Pa\u0144stwa biznesu. <\/p>\n\n<h2>Co sprawia, \u017ce nasze rozszerzenia Pivot s\u0105 jednymi z najlepszych instrumentami dla Twojej witryny? <\/h2>\n\n<p> Zobacz list\u0119 podstawowych charakterystyk naszych wtyczek, kt\u00f3re pomagaj\u0105 nam wyprzedzi\u0107 konkurencj\u0119: <\/p>\n\n\n<ul>\n<li> Bezp\u0142atna i natychmiastowa pomoc przy instalacje lub dostosowywanie aplikacji; <\/li>\n<li> W pe\u0142ni responsywne do wszystkich rozdzielczo\u015bci witryn internetowych i przyjazne dla urz\u0105dze\u0144 mobilnych; <\/li>\n<li> Nie musicie zatrudnia\u0107 deweloper\u00f3w; <\/li>\n<li> Szeroki wyb\u00f3r opcji dostosowywania; <\/li>\n<li> Oparte na chmurze pluginy pomagaj\u0105 zwi\u0119kszy\u0107 szybko\u015b\u0107 \u0142adowania witryny; <\/li>\n<li> Wszystkie aktualizacje s\u0105 bezp\u0142atne i regularnie publikowane; <\/li>\n<li> Przyst\u0119pne ceny; <\/li>\n<li> Profesjonalna pomoc z problemami klient\u00f3w. <\/li>\n<\/ul>\n\n<p> Sprawd\u017a bezp\u0142atne opcje naszych aplikacji i zastosuj jej potencja\u0142 lub zainstaluj dowolne wymagane aplikacje z 20% obni\u017ck\u0105. <\/p>\n\n\n<h2> W jaki spos\u00f3b wstawi\u0107 Pa\u0144stwa wtyczki Elfsight na serwisie www Pivot <\/h2>\n\n<p> Aby w\u0142\u0105czy\u0107 dodatki, zobacz czynno\u015bci z oczywistej wskaz\u00f3wki: <\/p>\n\n\n<ol>\n<li> Naci\u015bnij wymagan\u0105 wtyczk\u0119; <\/li>\n<li> Zmodyfikuj wszystkie potrzebne zmiany; <\/li>\n<li> Nie zapomnij zapisa\u0107 zmiany; <\/li>\n<li> Kliknij otrzymany kod; <\/li>\n<li> Wstaw go w przydatnym miejscu Pa\u0144stwa strony lub szablonu; <\/li>\n<li> Sko\u0144czone! Masz zainstalowany dodatek. <\/li>\n<\/ol>\n\n<p> W przypadku problem\u00f3w, zapraszamy zwr\u00f3ci\u0107 si\u0119 do zespo\u0142u wspieraj\u0105cego Elfsight. <\/p>\n","protected":false},"excerpt":{"rendered":"Najskuteczniejsze rozwi\u0105zania Elfsight dla aktualizacji twojej witryny internetowej Pivot Od szeregu lat nasz team specjalist\u00f3w Elfsight konstruuje \u0142atwe w u\u017cyciu i dostosowywane aplikacji chmurowe dla Twojej firmy. Mo\u017cemy zagwarantowa\u0107 najwy\u017cszej klasy pomoc techniczn\u0105 i du\u017c\u0105 szybko\u015b\u0107 \u0142adowania. Elementy interfejsu Elfsight pomagaj\u0105 w\u0142a\u015bcicielom sklep\u00f3w internetowych, niekomercyjnych oraz wielu innym na ca\u0142ym&#8230;","protected":false},"author":13,"featured_media":0,"parent":0,"menu_order":0,"comment_status":"closed","ping_status":"closed","template":"templates\/template-platform.php","meta":{"publish_to_discourse":"","publish_post_category":"","wpdc_auto_publish_overridden":"","wpdc_topic_tags":"","wpdc_pin_topic":"","wpdc_pin_until":"","discourse_post_id":"","discourse_permalink":"","wpdc_publishing_response":"","wpdc_publishing_error":"","footnotes":""},"class_list":["post-301","page","type-page","status-publish","hentry"],"yoast_head":"<!-- This site is optimized with the Yoast SEO plugin v25.3.1 - https:\/\/yoast.com\/wordpress\/plugins\/seo\/ -->\n<title>Ponad 80 najlepszych darmowych Pivot plugin\u00f3w dla strony internetowej<\/title>\n<meta name=\"description\" content=\"Odbi\u00f3r sprawdzonych darmowych plugin\u00f3w pierwszej klasy dla twojej witryny sieci Web Pivot. Pom\u00f3c z personalizacj\u0105 i szeroka gama opcji.\" \/>\n<meta name=\"robots\" content=\"index, follow, max-snippet:-1, max-image-preview:large, max-video-preview:-1\" \/>\n<link rel=\"canonical\" href=\"https:\/\/elfsight.com\/pl\/pivot-plugins\/\" \/>\n<meta property=\"og:locale\" content=\"pl_PL\" \/>\n<meta property=\"og:type\" content=\"article\" \/>\n<meta property=\"og:title\" content=\"Ponad 80 najlepszych darmowych Pivot plugin\u00f3w dla strony internetowej\" \/>\n<meta property=\"og:description\" content=\"Odbi\u00f3r sprawdzonych darmowych plugin\u00f3w pierwszej klasy dla twojej witryny sieci Web Pivot. Pom\u00f3c z personalizacj\u0105 i szeroka gama opcji.\" \/>\n<meta property=\"og:url\" content=\"https:\/\/elfsight.com\/pl\/pivot-plugins\/\" \/>\n<meta property=\"og:site_name\" content=\"Elfsight PL\" \/>\n<meta property=\"article:modified_time\" content=\"2021-04-21T13:39:25+00:00\" \/>\n<meta name=\"twitter:card\" content=\"summary_large_image\" \/>\n<meta name=\"twitter:label1\" content=\"Szacowany czas czytania\" \/>\n\t<meta name=\"twitter:data1\" content=\"2 minuty\" \/>\n<!-- \/ Yoast SEO plugin. -->","yoast_head_json":{"title":"Ponad 80 najlepszych darmowych Pivot plugin\u00f3w dla strony internetowej","description":"Odbi\u00f3r sprawdzonych darmowych plugin\u00f3w pierwszej klasy dla twojej witryny sieci Web Pivot. Pom\u00f3c z personalizacj\u0105 i szeroka gama opcji.","robots":{"index":"index","follow":"follow","max-snippet":"max-snippet:-1","max-image-preview":"max-image-preview:large","max-video-preview":"max-video-preview:-1"},"canonical":"https:\/\/elfsight.com\/pl\/pivot-plugins\/","og_locale":"pl_PL","og_type":"article","og_title":"Ponad 80 najlepszych darmowych Pivot plugin\u00f3w dla strony internetowej","og_description":"Odbi\u00f3r sprawdzonych darmowych plugin\u00f3w pierwszej klasy dla twojej witryny sieci Web Pivot. Pom\u00f3c z personalizacj\u0105 i szeroka gama opcji.","og_url":"https:\/\/elfsight.com\/pl\/pivot-plugins\/","og_site_name":"Elfsight PL","article_modified_time":"2021-04-21T13:39:25+00:00","twitter_card":"summary_large_image","twitter_misc":{"Szacowany czas czytania":"2 minuty"},"schema":{"@context":"https:\/\/schema.org","@graph":[{"@type":"WebPage","@id":"https:\/\/elfsight.com\/pl\/pivot-plugins\/","url":"https:\/\/elfsight.com\/pl\/pivot-plugins\/","name":"Ponad 80 najlepszych darmowych Pivot plugin\u00f3w dla strony internetowej","isPartOf":{"@id":"https:\/\/elfsight.com\/pl\/#website"},"datePublished":"2020-11-17T10:48:01+00:00","dateModified":"2021-04-21T13:39:25+00:00","description":"Odbi\u00f3r sprawdzonych darmowych plugin\u00f3w pierwszej klasy dla twojej witryny sieci Web Pivot. Pom\u00f3c z personalizacj\u0105 i szeroka gama opcji.","breadcrumb":{"@id":"https:\/\/elfsight.com\/pl\/pivot-plugins\/#breadcrumb"},"inLanguage":"pl-PL","potentialAction":[{"@type":"ReadAction","target":["https:\/\/elfsight.com\/pl\/pivot-plugins\/"]}]},{"@type":"BreadcrumbList","@id":"https:\/\/elfsight.com\/pl\/pivot-plugins\/#breadcrumb","itemListElement":[{"@type":"ListItem","position":1,"name":"Home","item":"https:\/\/elfsight.com\/pl\/"},{"@type":"ListItem","position":2,"name":"Pivot plugins"}]},{"@type":"WebSite","@id":"https:\/\/elfsight.com\/pl\/#website","url":"https:\/\/elfsight.com\/pl\/","name":"Elfsight PL","description":"Just another Elfsight Sites site","potentialAction":[{"@type":"SearchAction","target":{"@type":"EntryPoint","urlTemplate":"https:\/\/elfsight.com\/pl\/?s={search_term_string}"},"query-input":{"@type":"PropertyValueSpecification","valueRequired":true,"valueName":"search_term_string"}}],"inLanguage":"pl-PL"}]}},"meta_box":{"industry":"","seo_heading":"","heading":"","description":"","cta_heading":"","cta_description":"","application":"","h1":"Najlepsze pluginy Pivot","h1_caption":"Nieodp\u0142atny odbi\u00f3r gotowych do u\u017cycia widget\u00f3w wysokiej klasy z szerokim zakresem mo\u017cliwo\u015bci dla powi\u0119kszania zaanga\u017cowania u\u017cytkownik\u00f3w oraz realizacji wszystkich innych zada\u0144 marketingowych. Nieskomplikowana integracja, bogata oferta opcji konfiguracji a tak\u017ce profesjonalny serwis pomocy klienta.","application_category":[],"applications_title":"Sprawd\u017a najlepsze pluginy dla twojej witryny internetowej w\u015br\u00f3d wszystkich wtyczek nieodp\u0142atnych w edytorze internetowym","applications_request_title":"Nie mo\u017cesz znale\u017a\u0107 odpowiedniego plugina?","applications_request_button_text":"Zam\u00f3w plugin","hero_text":"","hero_video":"","hero_video_schema_markup":"","selling_points_title":"","selling_points_caption":"","selling_points":[],"selling_points_cta_text":"","features_title":"","features":"","ed_cta_examples_text":"","ed_cta_examples_hidden":"","ed_cta_demo_text":"","ed_cta_demo_hidden":"","why_caption":"","why_editor_title":"","why_editor_text":"","why_team_title":"","why_team_text":"","why_service_title":"","why_service_text":"","template_catalog_visible":"","template_catalog_title":"","template_catalog_text":"","template_catalog_categories_visible":"","demo_title":"","demo_caption":"","default_faq_hidden":"","app_template_category":[],"platform":"298","template_public_id":"","codecanyon_url":"","codecanyon_item_id":"","codecanyon_price":"","pricing_caption":"","pricing_elfsight_apps_hide_column":"","pricing_elfsight_apps_url":"","pricing_codecanyon_price_caption":"","integration_category":[],"integration_request_title":"","integration_request_cta":"","integration_platform":"","integrations":[],"platform_category":[],"video_schema_markup":"","price":"","trial":"","benefits":[],"button_url":"","button_target_blank":"","button_nofollow":"","attributes":[],"tags":[],"tags_disable_links":"","hide_more_platforms":"","video_object":"","demo_hide_cta":"","demo_hide_cloud_options":"","pricing_title":"","pricing":[],"related_apps_title":"","related_apps_hidden":"","author":"","image":[],"title":"","job":"","social_networks":[]},"_links":{"self":[{"href":"https:\/\/elfsight.com\/pl\/wp-json\/wp\/v2\/pages\/301","targetHints":{"allow":["GET"]}}],"collection":[{"href":"https:\/\/elfsight.com\/pl\/wp-json\/wp\/v2\/pages"}],"about":[{"href":"https:\/\/elfsight.com\/pl\/wp-json\/wp\/v2\/types\/page"}],"author":[{"embeddable":true,"href":"https:\/\/elfsight.com\/pl\/wp-json\/wp\/v2\/users\/13"}],"replies":[{"embeddable":true,"href":"https:\/\/elfsight.com\/pl\/wp-json\/wp\/v2\/comments?post=301"}],"version-history":[{"count":2,"href":"https:\/\/elfsight.com\/pl\/wp-json\/wp\/v2\/pages\/301\/revisions"}],"predecessor-version":[{"id":303,"href":"https:\/\/elfsight.com\/pl\/wp-json\/wp\/v2\/pages\/301\/revisions\/303"}],"wp:attachment":[{"href":"https:\/\/elfsight.com\/pl\/wp-json\/wp\/v2\/media?parent=301"}],"curies":[{"name":"wp","href":"https:\/\/api.w.org\/{rel}","templated":true}]}}