{"id":2980,"date":"2021-05-11T11:27:32","date_gmt":"2021-05-11T11:27:32","guid":{"rendered":"https:\/\/elfsight.com\/pl\/?page_id=2980"},"modified":"2021-05-11T11:28:18","modified_gmt":"2021-05-11T11:28:18","slug":"webador-widgets","status":"publish","type":"page","link":"https:\/\/elfsight.com\/pl\/webador-widgets\/","title":{"rendered":"Webador widgets"},"content":{"rendered":"\n<h2>Najbardziej optymalne aplikacji Elfsight dla wszystkich potrzeb\u00f3w twojej strony internetowej Webador<\/h2>\n\n<p>Przez wiele lat nasz zesp\u00f3\u0142 ekspert\u00f3w Elfsight tworzy \u0142atwe w u\u017cyciu i w pe\u0142ni responsywne wid\u017cety chmurowe dla Twojej strony internetowej. Nasz zesp\u00f3\u0142 gwarantuj\u0105 szybkie wsparcie oraz du\u017c\u0105 szybko\u015b\u0107 \u0142adowania. Rozszerzenia Elfsight pomagaj\u0105 w\u0142a\u015bcicielom witryn online, niekomercyjnych oraz innym z r\u00f3\u017cnych cz\u0119\u015bci \u015bwiata zaradzi\u0107 g\u0142\u00f3wnymi kwestiami bardziej skutecznie. \n<\/p>\n\n<p>A\u017ceby powi\u0119kszy\u0107 poziom sprzeda\u017cy, wykaza\u0107 5-gwiazdkow\u0105 ocen\u0119 na swoje produkty, zwi\u0119kszy\u0107 zaufanie do swojej marki, po prostu dodaj\u0105c rozszerzenie do Twojej serwisu www. Nasze plany taryfowe wahaj\u0105 si\u0119 od bezp\u0142atnych do premium. Szybko do\u0142\u0105czy\u0107 wszelkie wybrane dodatki przy u\u017cyciu naszej demonstracji i spotkaj jak bardzo mo\u017ce to by\u0107 przydatne w kwestii rozwoju strony Web Twojego firmy. <\/p>\n\n<h2>Czemu nasze wtyczki Webador s\u0105 tak wyj\u0105tkowymi rozwi\u0105zaniami dla Twojej witryny? <\/h2>\n\n<p> Tu jest spis g\u0142\u00f3wny cech naszych dodatk\u00f3w, kt\u00f3re pomagaj\u0105 nam by\u0107 lepszymi, ni\u017c nasi konkurenci: <\/p>\n\n\n<ul>\n<li> Darmowe i szybkie wsparcie przy instalacje lub dostosowywanie aplikacji; <\/li>\n<li> Zdolne do adaptacji do wszystkich rozdzielczo\u015bci stron internetowych i przyjazne dla urz\u0105dze\u0144 mobilnych; <\/li>\n<li> Nie musicie programowa\u0107; <\/li>\n<li> Bogaty wyb\u00f3r mo\u017cliwo\u015bci personalizacji; <\/li>\n<li> Rozwi\u0105zania w chmurze pomagaj\u0105 zwi\u0119kszy\u0107 pr\u0119dko\u015b\u0107 \u0142adowania witryny; <\/li>\n<li> Wszystkie aktualizacje s\u0105 bezp\u0142atne i regularne; <\/li>\n<li> Sprawiedliwe ceny; <\/li>\n<li> Profesjonalna pomoc z problemami klient\u00f3w. <\/li>\n<\/ul>\n\n<p> Zbadaj bezp\u0142atne opcje naszych rozszerze\u0144 i zastosuj jej potencja\u0142 lub zainstaluj dowolne wymagane wtyczk\u0119 z 20% zni\u017ck\u0105. <\/p>\n\n\n<h2> W jaki spos\u00f3b integrowa\u0107 pluginy na serwisie www Webador <\/h2>\n\n<p> Mo\u017cesz zintegrowa\u0107 aplikacji, zobacz wszystkie czynno\u015bci z dok\u0142adnej instrukcji: <\/p>\n\n\n<ol>\n<li> Naci\u015bnij przydatn\u0105 wtyczk\u0119; <\/li>\n<li> Dostosuj wszystkie przydatne ustawienia; <\/li>\n<li> Zapisz zmiany; <\/li>\n<li> Otrzymaj otrzymany kod; <\/li>\n<li> Dodaj go w dost\u0119pnym miejscu Twojej strony lub szablonu; <\/li>\n<li> Sko\u0144czone! Zainstalowa\u0142e\u015b plugin. <\/li>\n<\/ol>\n\n<p> Je\u015bli potrzebujesz pomocy, nie wahaj si\u0119 skontaktowa\u0107 si\u0119 z zespo\u0142em pomocy technicznej Elfsight. <\/p>\n","protected":false},"excerpt":{"rendered":"Najbardziej optymalne aplikacji Elfsight dla wszystkich potrzeb\u00f3w twojej strony internetowej Webador Przez wiele lat nasz zesp\u00f3\u0142 ekspert\u00f3w Elfsight tworzy \u0142atwe w u\u017cyciu i w pe\u0142ni responsywne wid\u017cety chmurowe dla Twojej strony internetowej. Nasz zesp\u00f3\u0142 gwarantuj\u0105 szybkie wsparcie oraz du\u017c\u0105 szybko\u015b\u0107 \u0142adowania. Rozszerzenia Elfsight pomagaj\u0105 w\u0142a\u015bcicielom witryn online, niekomercyjnych oraz innym&#8230;","protected":false},"author":13,"featured_media":0,"parent":0,"menu_order":0,"comment_status":"closed","ping_status":"closed","template":"templates\/template-platform.php","meta":{"publish_to_discourse":"","publish_post_category":"","wpdc_auto_publish_overridden":"","wpdc_topic_tags":"","wpdc_pin_topic":"","wpdc_pin_until":"","discourse_post_id":"","discourse_permalink":"","wpdc_publishing_response":"","wpdc_publishing_error":"","footnotes":""},"class_list":["post-2980","page","type-page","status-publish","hentry"],"yoast_head":"<!-- This site is optimized with the Yoast SEO plugin v25.3.1 - https:\/\/yoast.com\/wordpress\/plugins\/seo\/ -->\n<title>Wid\u017cety Webador - jedne z najlepszych rozwi\u0105za\u0144 dla strony Webador<\/title>\n<meta name=\"description\" content=\"Kolekcja gratisowych dodatk\u00f3w pierwszej klasy dla twojej strony www Webador. Pom\u00f3c przy personalizacji i rozbudowana gama mo\u017cliwo\u015bci.\" \/>\n<meta name=\"robots\" content=\"index, follow, max-snippet:-1, max-image-preview:large, max-video-preview:-1\" \/>\n<link rel=\"canonical\" href=\"https:\/\/elfsight.com\/pl\/webador-widgets\/\" \/>\n<meta property=\"og:locale\" content=\"pl_PL\" \/>\n<meta property=\"og:type\" content=\"article\" \/>\n<meta property=\"og:title\" content=\"Wid\u017cety Webador - jedne z najlepszych rozwi\u0105za\u0144 dla strony Webador\" \/>\n<meta property=\"og:description\" content=\"Kolekcja gratisowych dodatk\u00f3w pierwszej klasy dla twojej strony www Webador. Pom\u00f3c przy personalizacji i rozbudowana gama mo\u017cliwo\u015bci.\" \/>\n<meta property=\"og:url\" content=\"https:\/\/elfsight.com\/pl\/webador-widgets\/\" \/>\n<meta property=\"og:site_name\" content=\"Elfsight PL\" \/>\n<meta property=\"article:modified_time\" content=\"2021-05-11T11:28:18+00:00\" \/>\n<meta name=\"twitter:card\" content=\"summary_large_image\" \/>\n<meta name=\"twitter:label1\" content=\"Szacowany czas czytania\" \/>\n\t<meta name=\"twitter:data1\" content=\"2 minuty\" \/>\n<!-- \/ Yoast SEO plugin. -->","yoast_head_json":{"title":"Wid\u017cety Webador - jedne z najlepszych rozwi\u0105za\u0144 dla strony Webador","description":"Kolekcja gratisowych dodatk\u00f3w pierwszej klasy dla twojej strony www Webador. Pom\u00f3c przy personalizacji i rozbudowana gama mo\u017cliwo\u015bci.","robots":{"index":"index","follow":"follow","max-snippet":"max-snippet:-1","max-image-preview":"max-image-preview:large","max-video-preview":"max-video-preview:-1"},"canonical":"https:\/\/elfsight.com\/pl\/webador-widgets\/","og_locale":"pl_PL","og_type":"article","og_title":"Wid\u017cety Webador - jedne z najlepszych rozwi\u0105za\u0144 dla strony Webador","og_description":"Kolekcja gratisowych dodatk\u00f3w pierwszej klasy dla twojej strony www Webador. Pom\u00f3c przy personalizacji i rozbudowana gama mo\u017cliwo\u015bci.","og_url":"https:\/\/elfsight.com\/pl\/webador-widgets\/","og_site_name":"Elfsight PL","article_modified_time":"2021-05-11T11:28:18+00:00","twitter_card":"summary_large_image","twitter_misc":{"Szacowany czas czytania":"2 minuty"},"schema":{"@context":"https:\/\/schema.org","@graph":[{"@type":"WebPage","@id":"https:\/\/elfsight.com\/pl\/webador-widgets\/","url":"https:\/\/elfsight.com\/pl\/webador-widgets\/","name":"Wid\u017cety Webador - jedne z najlepszych rozwi\u0105za\u0144 dla strony Webador","isPartOf":{"@id":"https:\/\/elfsight.com\/pl\/#website"},"datePublished":"2021-05-11T11:27:32+00:00","dateModified":"2021-05-11T11:28:18+00:00","description":"Kolekcja gratisowych dodatk\u00f3w pierwszej klasy dla twojej strony www Webador. Pom\u00f3c przy personalizacji i rozbudowana gama mo\u017cliwo\u015bci.","breadcrumb":{"@id":"https:\/\/elfsight.com\/pl\/webador-widgets\/#breadcrumb"},"inLanguage":"pl-PL","potentialAction":[{"@type":"ReadAction","target":["https:\/\/elfsight.com\/pl\/webador-widgets\/"]}]},{"@type":"BreadcrumbList","@id":"https:\/\/elfsight.com\/pl\/webador-widgets\/#breadcrumb","itemListElement":[{"@type":"ListItem","position":1,"name":"Home","item":"https:\/\/elfsight.com\/pl\/"},{"@type":"ListItem","position":2,"name":"Webador widgets"}]},{"@type":"WebSite","@id":"https:\/\/elfsight.com\/pl\/#website","url":"https:\/\/elfsight.com\/pl\/","name":"Elfsight PL","description":"Just another Elfsight Sites site","potentialAction":[{"@type":"SearchAction","target":{"@type":"EntryPoint","urlTemplate":"https:\/\/elfsight.com\/pl\/?s={search_term_string}"},"query-input":{"@type":"PropertyValueSpecification","valueRequired":true,"valueName":"search_term_string"}}],"inLanguage":"pl-PL"}]}},"meta_box":{"industry":"","seo_heading":"","heading":"","description":"","cta_heading":"","cta_description":"","application":"","h1":"Najlepsze wid\u017cety Webador","h1_caption":"Gratisowy spis Plug&Play wid\u017cet\u00f3w pierwszej klasy z szerok\u0105 gam\u0105 funkcji dla zwi\u0119kszenia pozioma sprzeda\u017cy i realizacji wszystkich kluczowych cel\u00f3w marketingowych. Proste integrowanie, obszerny asortyment mo\u017cliwo\u015bci personalizacji oraz do\u017cywotnie wsparcie klienta.","application_category":[],"applications_title":"Zbadaj najodpowiedniejsze dla twojej witryny internetowej w\u015br\u00f3d wszystkich plugin\u00f3w gratisowych w wersji Live Demo","applications_request_title":"Nie mo\u017cesz znale\u017a\u0107 odpowiedniego wid\u017cetu?","applications_request_button_text":"Popro\u015b o wid\u017cet","hero_text":"","hero_video":"","hero_video_schema_markup":"","selling_points_title":"","selling_points_caption":"","selling_points":[],"selling_points_cta_text":"","features_title":"","features":"","ed_cta_examples_text":"","ed_cta_examples_hidden":"","ed_cta_demo_text":"","ed_cta_demo_hidden":"","why_caption":"","why_editor_title":"","why_editor_text":"","why_team_title":"","why_team_text":"","why_service_title":"","why_service_text":"","template_catalog_visible":"","template_catalog_title":"","template_catalog_text":"","template_catalog_categories_visible":"","demo_title":"","demo_caption":"","default_faq_hidden":"","app_template_category":[],"platform":"2964","template_public_id":"","codecanyon_url":"","codecanyon_item_id":"","codecanyon_price":"","pricing_caption":"","pricing_elfsight_apps_hide_column":"","pricing_elfsight_apps_url":"","pricing_codecanyon_price_caption":"","integration_category":[],"integration_request_title":"","integration_request_cta":"","integration_platform":"","integrations":[],"platform_category":[],"video_schema_markup":"","price":"","trial":"","benefits":[],"button_url":"","button_target_blank":"","button_nofollow":"","attributes":[],"tags":[],"tags_disable_links":"","hide_more_platforms":"","video_object":"","demo_hide_cta":"","demo_hide_cloud_options":"","pricing_title":"","pricing":[],"related_apps_title":"","related_apps_hidden":"","author":"","image":[],"title":"","job":"","social_networks":[]},"_links":{"self":[{"href":"https:\/\/elfsight.com\/pl\/wp-json\/wp\/v2\/pages\/2980","targetHints":{"allow":["GET"]}}],"collection":[{"href":"https:\/\/elfsight.com\/pl\/wp-json\/wp\/v2\/pages"}],"about":[{"href":"https:\/\/elfsight.com\/pl\/wp-json\/wp\/v2\/types\/page"}],"author":[{"embeddable":true,"href":"https:\/\/elfsight.com\/pl\/wp-json\/wp\/v2\/users\/13"}],"replies":[{"embeddable":true,"href":"https:\/\/elfsight.com\/pl\/wp-json\/wp\/v2\/comments?post=2980"}],"version-history":[{"count":2,"href":"https:\/\/elfsight.com\/pl\/wp-json\/wp\/v2\/pages\/2980\/revisions"}],"predecessor-version":[{"id":2982,"href":"https:\/\/elfsight.com\/pl\/wp-json\/wp\/v2\/pages\/2980\/revisions\/2982"}],"wp:attachment":[{"href":"https:\/\/elfsight.com\/pl\/wp-json\/wp\/v2\/media?parent=2980"}],"curies":[{"name":"wp","href":"https:\/\/api.w.org\/{rel}","templated":true}]}}