{"id":2977,"date":"2021-05-11T11:22:45","date_gmt":"2021-05-11T11:22:45","guid":{"rendered":"https:\/\/elfsight.com\/pl\/?page_id=2977"},"modified":"2021-05-11T11:28:04","modified_gmt":"2021-05-11T11:28:04","slug":"ceros-widgets","status":"publish","type":"page","link":"https:\/\/elfsight.com\/pl\/ceros-widgets\/","title":{"rendered":"Ceros widgets"},"content":{"rendered":"\n<h2>Najdoskonalsze rozszerzenia Elfsight dla udoskonalenia twojej strony www Ceros<\/h2>\n\n<p>Przez 9 lat nasz team programist\u00f3w Elfsight wytwarza korzystne i w pe\u0142ni responsywne rozszerzenia chmurowe dla Twojej strony www. Elfsight gwarantuje us\u0142ugi wsparcia i du\u017c\u0105 szybko\u015b\u0107 \u0142adowania. Narz\u0119dzia Elfsight pomagaj\u0105 w\u0142a\u015bcicielom serwis\u00f3w internetowych, edukacyjnych oraz wielu innym na \u015bwiecie upora\u0107 si\u0119 z kluczowymi zadaniami skuteczniej. \n<\/p>\n\n<p>Mo\u017cesz powi\u0119kszy\u0107 liczb\u0119 potencjalnych klient\u00f3w, zademonstrowa\u0107 5-gwiazdkow\u0105 ocen\u0119 na Pa\u0144stwa produkty, zwi\u0119kszy\u0107 zaufanie do swojej marki, wystarczy zainstalowa\u0107 element interfejsu do swojej strony internetowej. Nasze plany abonamentowe s\u0105 w zakresie od bezp\u0142atnych do premium. Szybko zainstalowa\u0107 dowolnie wybrane wid\u017cety przy u\u017cyciu naszej wersji Live Demo i przekonaj si\u0119 jak bardzo to b\u0119dzie po\u017cyteczne w kwestii rozwoju serwisu www przedsi\u0119biorstwa. <\/p>\n\n<h2>Co czyni nasze aplikacji Elfsight s\u0105 jednymi z najlepszych narz\u0119dziami dla Ciebie? <\/h2>\n\n<p> Poznaj list\u0119 silnych charakterystyk naszych aplikacji, kt\u00f3re umo\u017cliwiaj\u0105 nam by\u0107 lepszymi, ni\u017c nasi konkurenci: <\/p>\n\n\n<ul>\n<li> Darmowa i szybka pomoc przy wbudowaniu lub customizacji widget\u00f3w; <\/li>\n<li> Zdolno\u015b\u0107 dostosowywania do wszystkich rozdzielczo\u015bci stron internetowych i dostosowane do urz\u0105dze\u0144 mobilnych; <\/li>\n<li> Nie trzeba uczysz si\u0119 kodowania; <\/li>\n<li> Bogaty wyb\u00f3r funkcji stylizacji; <\/li>\n<li> Oparte na chmurze wtyczki pomagaj\u0105 zwi\u0119kszy\u0107 szybko\u015b\u0107 \u0142adowania strony; <\/li>\n<li> Wszystkie poprawki s\u0105 darmowe i regularnie publikowane; <\/li>\n<li> Rozs\u0105dny zakres cen; <\/li>\n<li> Szybka pomoc z problemami klient\u00f3w. <\/li>\n<\/ul>\n\n<p> Zbadaj wolne wersje Lite naszych plugin\u00f3w i zrozumiej jej potencja\u0142 lub kup dowolne wymagane rozwi\u0105zanie z 20% zni\u017ck\u0105. <\/p>\n\n\n<h2> Jak zintegrowa\u0107 aplikacji Elfsight na Pa\u0144stwa witrynie Ceros <\/h2>\n\n<p> Mo\u017cesz zintegrowa\u0107 wid\u017cety, wykonaj poni\u017csze kroki z dok\u0142adnej wskaz\u00f3wki: <\/p>\n\n\n<ol>\n<li> Wybierz przydatny widget; <\/li>\n<li> Dostosuj wszystkie potrzebne ustawienia; <\/li>\n<li> Kliknij przycisk &#8222;Zapisz Zmiany&#8221;; <\/li>\n<li> Kliknij generowany kod; <\/li>\n<li> Zainstaluj kod w przydatnym miejscu Pa\u0144stwa strony lub szablonu; <\/li>\n<li> Gotowe! Uda\u0142o Ci si\u0119 zintegrowa\u0107 wid\u017cet. <\/li>\n<\/ol>\n\n<p> Je\u015bli b\u0119dziesz potrzebowa\u0142 pomocy, zapraszamy skontaktowa\u0107 si\u0119 z zespo\u0142em wspieraj\u0105cego Elfsight. <\/p>\n","protected":false},"excerpt":{"rendered":"Najdoskonalsze rozszerzenia Elfsight dla udoskonalenia twojej strony www Ceros Przez 9 lat nasz team programist\u00f3w Elfsight wytwarza korzystne i w pe\u0142ni responsywne rozszerzenia chmurowe dla Twojej strony www. Elfsight gwarantuje us\u0142ugi wsparcia i du\u017c\u0105 szybko\u015b\u0107 \u0142adowania. Narz\u0119dzia Elfsight pomagaj\u0105 w\u0142a\u015bcicielom serwis\u00f3w internetowych, edukacyjnych oraz wielu innym na \u015bwiecie upora\u0107 si\u0119&#8230;","protected":false},"author":13,"featured_media":0,"parent":0,"menu_order":0,"comment_status":"closed","ping_status":"closed","template":"templates\/template-platform.php","meta":{"publish_to_discourse":"","publish_post_category":"","wpdc_auto_publish_overridden":"","wpdc_topic_tags":"","wpdc_pin_topic":"","wpdc_pin_until":"","discourse_post_id":"","discourse_permalink":"","wpdc_publishing_response":"","wpdc_publishing_error":"","footnotes":""},"class_list":["post-2977","page","type-page","status-publish","hentry"],"yoast_head":"<!-- This site is optimized with the Yoast SEO plugin v25.3.1 - https:\/\/yoast.com\/wordpress\/plugins\/seo\/ -->\n<title>Wid\u017cety Ceros - Zobacz najlepsze rozwi\u0105zania dla strony www Ceros<\/title>\n<meta name=\"description\" content=\"Pakiet sprawdzonych darmowych rozszerze\u0144 dla twojej witryny internetowej Ceros. Pom\u00f3c przy personalizacji oraz szeroka funkcjonalno\u015b\u0107.\" \/>\n<meta name=\"robots\" content=\"index, follow, max-snippet:-1, max-image-preview:large, max-video-preview:-1\" \/>\n<link rel=\"canonical\" href=\"https:\/\/elfsight.com\/pl\/ceros-widgets\/\" \/>\n<meta property=\"og:locale\" content=\"pl_PL\" \/>\n<meta property=\"og:type\" content=\"article\" \/>\n<meta property=\"og:title\" content=\"Wid\u017cety Ceros - Zobacz najlepsze rozwi\u0105zania dla strony www Ceros\" \/>\n<meta property=\"og:description\" content=\"Pakiet sprawdzonych darmowych rozszerze\u0144 dla twojej witryny internetowej Ceros. Pom\u00f3c przy personalizacji oraz szeroka funkcjonalno\u015b\u0107.\" \/>\n<meta property=\"og:url\" content=\"https:\/\/elfsight.com\/pl\/ceros-widgets\/\" \/>\n<meta property=\"og:site_name\" content=\"Elfsight PL\" \/>\n<meta property=\"article:modified_time\" content=\"2021-05-11T11:28:04+00:00\" \/>\n<meta name=\"twitter:card\" content=\"summary_large_image\" \/>\n<meta name=\"twitter:label1\" content=\"Szacowany czas czytania\" \/>\n\t<meta name=\"twitter:data1\" content=\"2 minuty\" \/>\n<!-- \/ Yoast SEO plugin. -->","yoast_head_json":{"title":"Wid\u017cety Ceros - Zobacz najlepsze rozwi\u0105zania dla strony www Ceros","description":"Pakiet sprawdzonych darmowych rozszerze\u0144 dla twojej witryny internetowej Ceros. Pom\u00f3c przy personalizacji oraz szeroka funkcjonalno\u015b\u0107.","robots":{"index":"index","follow":"follow","max-snippet":"max-snippet:-1","max-image-preview":"max-image-preview:large","max-video-preview":"max-video-preview:-1"},"canonical":"https:\/\/elfsight.com\/pl\/ceros-widgets\/","og_locale":"pl_PL","og_type":"article","og_title":"Wid\u017cety Ceros - Zobacz najlepsze rozwi\u0105zania dla strony www Ceros","og_description":"Pakiet sprawdzonych darmowych rozszerze\u0144 dla twojej witryny internetowej Ceros. Pom\u00f3c przy personalizacji oraz szeroka funkcjonalno\u015b\u0107.","og_url":"https:\/\/elfsight.com\/pl\/ceros-widgets\/","og_site_name":"Elfsight PL","article_modified_time":"2021-05-11T11:28:04+00:00","twitter_card":"summary_large_image","twitter_misc":{"Szacowany czas czytania":"2 minuty"},"schema":{"@context":"https:\/\/schema.org","@graph":[{"@type":"WebPage","@id":"https:\/\/elfsight.com\/pl\/ceros-widgets\/","url":"https:\/\/elfsight.com\/pl\/ceros-widgets\/","name":"Wid\u017cety Ceros - Zobacz najlepsze rozwi\u0105zania dla strony www Ceros","isPartOf":{"@id":"https:\/\/elfsight.com\/pl\/#website"},"datePublished":"2021-05-11T11:22:45+00:00","dateModified":"2021-05-11T11:28:04+00:00","description":"Pakiet sprawdzonych darmowych rozszerze\u0144 dla twojej witryny internetowej Ceros. Pom\u00f3c przy personalizacji oraz szeroka funkcjonalno\u015b\u0107.","breadcrumb":{"@id":"https:\/\/elfsight.com\/pl\/ceros-widgets\/#breadcrumb"},"inLanguage":"pl-PL","potentialAction":[{"@type":"ReadAction","target":["https:\/\/elfsight.com\/pl\/ceros-widgets\/"]}]},{"@type":"BreadcrumbList","@id":"https:\/\/elfsight.com\/pl\/ceros-widgets\/#breadcrumb","itemListElement":[{"@type":"ListItem","position":1,"name":"Home","item":"https:\/\/elfsight.com\/pl\/"},{"@type":"ListItem","position":2,"name":"Ceros widgets"}]},{"@type":"WebSite","@id":"https:\/\/elfsight.com\/pl\/#website","url":"https:\/\/elfsight.com\/pl\/","name":"Elfsight PL","description":"Just another Elfsight Sites site","potentialAction":[{"@type":"SearchAction","target":{"@type":"EntryPoint","urlTemplate":"https:\/\/elfsight.com\/pl\/?s={search_term_string}"},"query-input":{"@type":"PropertyValueSpecification","valueRequired":true,"valueName":"search_term_string"}}],"inLanguage":"pl-PL"}]}},"meta_box":{"industry":"","seo_heading":"","heading":"","description":"","cta_heading":"","cta_description":"","application":"","h1":"Najlepsze wid\u017cety Ceros","h1_caption":"Gratisowy pakiet Plug&Play element\u00f3w interfejsu wysokiej klasy z szerok\u0105 gam\u0105 funkcji dla zwi\u0119kszenia aktywno\u015bci u\u017cytkownik\u00f3w i osi\u0105gni\u0119cia wszystkich r\u00f3\u017cnych cel\u00f3w o charakterze handlowym. Prosta integracja, bogata oferta opcji dostosowywania a tak\u017ce zawodowy serwis pomocy klienta.","application_category":[],"applications_title":"Sprawd\u017a najbardziej odpowiednie dla twojej strony internetowej w\u015br\u00f3d wszystkich element\u00f3w interfejsu darmowych w edytorze internetowym","applications_request_title":"Nie mo\u017cesz znale\u017a\u0107 odpowiedniego wid\u017cetu?","applications_request_button_text":"Popro\u015b o wid\u017cet","hero_text":"","hero_video":"","hero_video_schema_markup":"","selling_points_title":"","selling_points_caption":"","selling_points":[],"selling_points_cta_text":"","features_title":"","features":"","ed_cta_examples_text":"","ed_cta_examples_hidden":"","ed_cta_demo_text":"","ed_cta_demo_hidden":"","why_caption":"","why_editor_title":"","why_editor_text":"","why_team_title":"","why_team_text":"","why_service_title":"","why_service_text":"","template_catalog_visible":"","template_catalog_title":"","template_catalog_text":"","template_catalog_categories_visible":"","demo_title":"","demo_caption":"","default_faq_hidden":"","app_template_category":[],"platform":"2969","template_public_id":"","codecanyon_url":"","codecanyon_item_id":"","codecanyon_price":"","pricing_caption":"","pricing_elfsight_apps_hide_column":"","pricing_elfsight_apps_url":"","pricing_codecanyon_price_caption":"","integration_category":[],"integration_request_title":"","integration_request_cta":"","integration_platform":"","integrations":[],"platform_category":[],"video_schema_markup":"","price":"","trial":"","benefits":[],"button_url":"","button_target_blank":"","button_nofollow":"","attributes":[],"tags":[],"tags_disable_links":"","hide_more_platforms":"","video_object":"","demo_hide_cta":"","demo_hide_cloud_options":"","pricing_title":"","pricing":[],"related_apps_title":"","related_apps_hidden":"","author":"","image":[],"title":"","job":"","social_networks":[]},"_links":{"self":[{"href":"https:\/\/elfsight.com\/pl\/wp-json\/wp\/v2\/pages\/2977","targetHints":{"allow":["GET"]}}],"collection":[{"href":"https:\/\/elfsight.com\/pl\/wp-json\/wp\/v2\/pages"}],"about":[{"href":"https:\/\/elfsight.com\/pl\/wp-json\/wp\/v2\/types\/page"}],"author":[{"embeddable":true,"href":"https:\/\/elfsight.com\/pl\/wp-json\/wp\/v2\/users\/13"}],"replies":[{"embeddable":true,"href":"https:\/\/elfsight.com\/pl\/wp-json\/wp\/v2\/comments?post=2977"}],"version-history":[{"count":2,"href":"https:\/\/elfsight.com\/pl\/wp-json\/wp\/v2\/pages\/2977\/revisions"}],"predecessor-version":[{"id":2979,"href":"https:\/\/elfsight.com\/pl\/wp-json\/wp\/v2\/pages\/2977\/revisions\/2979"}],"wp:attachment":[{"href":"https:\/\/elfsight.com\/pl\/wp-json\/wp\/v2\/media?parent=2977"}],"curies":[{"name":"wp","href":"https:\/\/api.w.org\/{rel}","templated":true}]}}