{"id":2975,"date":"2021-05-11T11:11:55","date_gmt":"2021-05-11T11:11:55","guid":{"rendered":"https:\/\/elfsight.com\/pl\/?page_id=2975"},"modified":"2021-05-11T11:27:53","modified_gmt":"2021-05-11T11:27:53","slug":"square-apps","status":"publish","type":"page","link":"https:\/\/elfsight.com\/pl\/square-apps\/","title":{"rendered":"Square apps"},"content":{"rendered":"\n<h2>Najbardziej optymalne pluginy Elfsight dla wszystkich potrzeb\u00f3w twojej strony www Square<\/h2>\n\n<p>Przez dziewi\u0119\u0107 lat nasz zesp\u00f3\u0142 programist\u00f3w Elfsight tworzy \u0142atwe w u\u017cyciu i w pe\u0142ni responsywne aplikacji chmurowe dla Twojej strony internetowej. Mo\u017cemy zagwarantowa\u0107 szybkie wsparcie i szybko\u015b\u0107 wczytywania. Us\u0142ugi aplikacyjne Elfsight wspomagaj\u0105 w\u0142a\u015bcicielom serwis\u00f3w online, niekomercyjnych oraz innym z r\u00f3\u017cnych kraj\u00f3w \u015bwiata upora\u0107 si\u0119 z powa\u017cnymi kwestiami bardziej wydajnie. \n<\/p>\n\n<p>Mo\u017cesz powi\u0119kszy\u0107 sprzeda\u017c, wykaza\u0107 pozytywny feedback na swoje produkty, zwi\u0119kszy\u0107 zaufanie do swojej marki, wystarczy zainstalowa\u0107 element interfejsu do Pa\u0144stwa strony Web. Nasze plany abonamentowe wahaj\u0105 si\u0119 od bezp\u0142atnych do premium. Szybko zainstalowa\u0107 dowolnie wybrane elementy interfejsu korzystaj\u0105c z naszej demonstracji i zobacz jak bardzo mo\u017ce to by\u0107 korzystne w kwestii rozwoju witryny biznesu. <\/p>\n\n<h2>Co czyni nasze aplikacji Elfsight s\u0105 jednymi z najlepszych rozwi\u0105zaniami dla Twojej strony www? <\/h2>\n\n<p> Zobacz spis g\u0142\u00f3wny charakterystyk naszych rozszerze\u0144, kt\u00f3re umo\u017cliwiaj\u0105 nam wyprzedzi\u0107 konkurencj\u0119: <\/p>\n\n\n<ul>\n<li> Nieodp\u0142atna i natychmiastowa obs\u0142uga przy dodaniu lub dostosowywanie widget\u00f3w; <\/li>\n<li> Zdolne do adaptacji do wszystkich rozdzielczo\u015bci stron internetowych i przyjazne dla urz\u0105dze\u0144 mobilnych; <\/li>\n<li> Nie musisz umiej\u0119tno\u015bci programowania; <\/li>\n<li> Bogaty wyb\u00f3r opcji dostosowywania; <\/li>\n<li> Rozwi\u0105zania w chmurze pomagaj\u0105 zwi\u0119kszy\u0107 pr\u0119dko\u015b\u0107 witryny; <\/li>\n<li> Wszystkie dost\u0119pne aktualizacje s\u0105 gratisowe i regularne; <\/li>\n<li> Przyst\u0119pne ceny; <\/li>\n<li> Sta\u0142a pomoc w przypadku problem\u00f3w. <\/li>\n<\/ul>\n\n<p> Sprawd\u017a bezp\u0142atne opcje naszych plugin\u00f3w i zastosuj jej potencja\u0142 lub zainstaluj dowolne wymagane aplikacje z 20% rabatem. <\/p>\n\n\n<h2> Jak wbudowa\u0107 Twoje dodatki Elfsight na swojej witrynie Square<\/h2>\n\n<p> A\u017ceby umie\u015bci\u0107 nasze aplikacji, wykonaj poni\u017csze etapy z prostej wskaz\u00f3wki: <\/p>\n\n\n<ol>\n<li> Wybierz wymagany dodatek; <\/li>\n<li> Zmodyfikuj niekt\u00f3re wa\u017cne zmiany; <\/li>\n<li> Zastosuj zmiany; <\/li>\n<li> Kliknij wygenerowany kod; <\/li>\n<li> Zainstaluj kod w wymaganym miejscu swojej strony lub szablonu; <\/li>\n<li> Gotowe! Uda\u0142o Ci si\u0119 zintegrowa\u0107 widget. <\/li>\n<\/ol>\n\n<p> W przypadku jakichkolwiek pyta\u0144, prosimy wys\u0142a\u0107 wiadomo\u015b\u0107 do zespo\u0142u obs\u0142ugi Elfsight. <\/p>\n","protected":false},"excerpt":{"rendered":"Najbardziej optymalne pluginy Elfsight dla wszystkich potrzeb\u00f3w twojej strony www Square Przez dziewi\u0119\u0107 lat nasz zesp\u00f3\u0142 programist\u00f3w Elfsight tworzy \u0142atwe w u\u017cyciu i w pe\u0142ni responsywne aplikacji chmurowe dla Twojej strony internetowej. Mo\u017cemy zagwarantowa\u0107 szybkie wsparcie i szybko\u015b\u0107 wczytywania. Us\u0142ugi aplikacyjne Elfsight wspomagaj\u0105 w\u0142a\u015bcicielom serwis\u00f3w online, niekomercyjnych oraz innym z&#8230;","protected":false},"author":13,"featured_media":0,"parent":0,"menu_order":0,"comment_status":"closed","ping_status":"closed","template":"templates\/template-platform.php","meta":{"publish_to_discourse":"","publish_post_category":"","wpdc_auto_publish_overridden":"","wpdc_topic_tags":"","wpdc_pin_topic":"","wpdc_pin_until":"","discourse_post_id":"","discourse_permalink":"","wpdc_publishing_response":"","wpdc_publishing_error":"","footnotes":""},"class_list":["post-2975","page","type-page","status-publish","hentry"],"yoast_head":"<!-- This site is optimized with the Yoast SEO plugin v25.3.1 - https:\/\/yoast.com\/wordpress\/plugins\/seo\/ -->\n<title>Square Apps - zobacz jedne z najlepszych rozwi\u0105za\u0144 dla strony Square<\/title>\n<meta name=\"description\" content=\"Najlepsze gratisowe widgety najwy\u017cszej klasy dla twojej strony internetowej Square. Pom\u00f3c z dostosowywaniem a tak\u017ce szeroka gama mo\u017cliwo\u015bci.\" \/>\n<meta name=\"robots\" content=\"index, follow, max-snippet:-1, max-image-preview:large, max-video-preview:-1\" \/>\n<link rel=\"canonical\" href=\"https:\/\/elfsight.com\/pl\/square-apps\/\" \/>\n<meta property=\"og:locale\" content=\"pl_PL\" \/>\n<meta property=\"og:type\" content=\"article\" \/>\n<meta property=\"og:title\" content=\"Square Apps - zobacz jedne z najlepszych rozwi\u0105za\u0144 dla strony Square\" \/>\n<meta property=\"og:description\" content=\"Najlepsze gratisowe widgety najwy\u017cszej klasy dla twojej strony internetowej Square. Pom\u00f3c z dostosowywaniem a tak\u017ce szeroka gama mo\u017cliwo\u015bci.\" \/>\n<meta property=\"og:url\" content=\"https:\/\/elfsight.com\/pl\/square-apps\/\" \/>\n<meta property=\"og:site_name\" content=\"Elfsight PL\" \/>\n<meta property=\"article:modified_time\" content=\"2021-05-11T11:27:53+00:00\" \/>\n<meta name=\"twitter:card\" content=\"summary_large_image\" \/>\n<meta name=\"twitter:label1\" content=\"Szacowany czas czytania\" \/>\n\t<meta name=\"twitter:data1\" content=\"2 minuty\" \/>\n<!-- \/ Yoast SEO plugin. -->","yoast_head_json":{"title":"Square Apps - zobacz jedne z najlepszych rozwi\u0105za\u0144 dla strony Square","description":"Najlepsze gratisowe widgety najwy\u017cszej klasy dla twojej strony internetowej Square. Pom\u00f3c z dostosowywaniem a tak\u017ce szeroka gama mo\u017cliwo\u015bci.","robots":{"index":"index","follow":"follow","max-snippet":"max-snippet:-1","max-image-preview":"max-image-preview:large","max-video-preview":"max-video-preview:-1"},"canonical":"https:\/\/elfsight.com\/pl\/square-apps\/","og_locale":"pl_PL","og_type":"article","og_title":"Square Apps - zobacz jedne z najlepszych rozwi\u0105za\u0144 dla strony Square","og_description":"Najlepsze gratisowe widgety najwy\u017cszej klasy dla twojej strony internetowej Square. Pom\u00f3c z dostosowywaniem a tak\u017ce szeroka gama mo\u017cliwo\u015bci.","og_url":"https:\/\/elfsight.com\/pl\/square-apps\/","og_site_name":"Elfsight PL","article_modified_time":"2021-05-11T11:27:53+00:00","twitter_card":"summary_large_image","twitter_misc":{"Szacowany czas czytania":"2 minuty"},"schema":{"@context":"https:\/\/schema.org","@graph":[{"@type":"WebPage","@id":"https:\/\/elfsight.com\/pl\/square-apps\/","url":"https:\/\/elfsight.com\/pl\/square-apps\/","name":"Square Apps - zobacz jedne z najlepszych rozwi\u0105za\u0144 dla strony Square","isPartOf":{"@id":"https:\/\/elfsight.com\/pl\/#website"},"datePublished":"2021-05-11T11:11:55+00:00","dateModified":"2021-05-11T11:27:53+00:00","description":"Najlepsze gratisowe widgety najwy\u017cszej klasy dla twojej strony internetowej Square. Pom\u00f3c z dostosowywaniem a tak\u017ce szeroka gama mo\u017cliwo\u015bci.","breadcrumb":{"@id":"https:\/\/elfsight.com\/pl\/square-apps\/#breadcrumb"},"inLanguage":"pl-PL","potentialAction":[{"@type":"ReadAction","target":["https:\/\/elfsight.com\/pl\/square-apps\/"]}]},{"@type":"BreadcrumbList","@id":"https:\/\/elfsight.com\/pl\/square-apps\/#breadcrumb","itemListElement":[{"@type":"ListItem","position":1,"name":"Home","item":"https:\/\/elfsight.com\/pl\/"},{"@type":"ListItem","position":2,"name":"Square apps"}]},{"@type":"WebSite","@id":"https:\/\/elfsight.com\/pl\/#website","url":"https:\/\/elfsight.com\/pl\/","name":"Elfsight PL","description":"Just another Elfsight Sites site","potentialAction":[{"@type":"SearchAction","target":{"@type":"EntryPoint","urlTemplate":"https:\/\/elfsight.com\/pl\/?s={search_term_string}"},"query-input":{"@type":"PropertyValueSpecification","valueRequired":true,"valueName":"search_term_string"}}],"inLanguage":"pl-PL"}]}},"meta_box":{"industry":"","seo_heading":"","heading":"","description":"","cta_heading":"","cta_description":"","application":"","h1":"Najlepsze aplikacje Square","h1_caption":"Darmowy pakiet nowych widget\u00f3w wysokiej klasy z szerokim zakresem funkcji dla zwi\u0119kszenia pozioma sprzeda\u017cy oraz wykonania wszystkich r\u00f3\u017cnych zada\u0144 o charakterze handlowym. Szybkie integrowanie, szeroka oferta opcji modyfikacji a tak\u017ce profesjonalne wsparcie klienta.","application_category":[],"applications_title":"Zobacz najlepszi dopasowania dla twojej witryny internetowej w\u015br\u00f3d wszystkich plugin\u00f3w gratisowych w wersji Live Demo","applications_request_title":"Nie mo\u017cesz znale\u017a\u0107 odpowiedniej aplikacji?","applications_request_button_text":"Popro\u015b o aplikacj\u0119","hero_text":"","hero_video":"","hero_video_schema_markup":"","selling_points_title":"","selling_points_caption":"","selling_points":[],"selling_points_cta_text":"","features_title":"","features":"","ed_cta_examples_text":"","ed_cta_examples_hidden":"","ed_cta_demo_text":"","ed_cta_demo_hidden":"","why_caption":"","why_editor_title":"","why_editor_text":"","why_team_title":"","why_team_text":"","why_service_title":"","why_service_text":"","template_catalog_visible":"","template_catalog_title":"","template_catalog_text":"","template_catalog_categories_visible":"","demo_title":"","demo_caption":"","default_faq_hidden":"","app_template_category":[],"platform":"2972","template_public_id":"","codecanyon_url":"","codecanyon_item_id":"","codecanyon_price":"","pricing_caption":"","pricing_elfsight_apps_hide_column":"","pricing_elfsight_apps_url":"","pricing_codecanyon_price_caption":"","integration_category":[],"integration_request_title":"","integration_request_cta":"","integration_platform":"","integrations":[],"platform_category":[],"video_schema_markup":"","price":"","trial":"","benefits":[],"button_url":"","button_target_blank":"","button_nofollow":"","attributes":[],"tags":[],"tags_disable_links":"","hide_more_platforms":"","video_object":"","demo_hide_cta":"","demo_hide_cloud_options":"","pricing_title":"","pricing":[],"related_apps_title":"","related_apps_hidden":"","author":"","image":[],"title":"","job":"","social_networks":[]},"_links":{"self":[{"href":"https:\/\/elfsight.com\/pl\/wp-json\/wp\/v2\/pages\/2975","targetHints":{"allow":["GET"]}}],"collection":[{"href":"https:\/\/elfsight.com\/pl\/wp-json\/wp\/v2\/pages"}],"about":[{"href":"https:\/\/elfsight.com\/pl\/wp-json\/wp\/v2\/types\/page"}],"author":[{"embeddable":true,"href":"https:\/\/elfsight.com\/pl\/wp-json\/wp\/v2\/users\/13"}],"replies":[{"embeddable":true,"href":"https:\/\/elfsight.com\/pl\/wp-json\/wp\/v2\/comments?post=2975"}],"version-history":[{"count":1,"href":"https:\/\/elfsight.com\/pl\/wp-json\/wp\/v2\/pages\/2975\/revisions"}],"predecessor-version":[{"id":2976,"href":"https:\/\/elfsight.com\/pl\/wp-json\/wp\/v2\/pages\/2975\/revisions\/2976"}],"wp:attachment":[{"href":"https:\/\/elfsight.com\/pl\/wp-json\/wp\/v2\/media?parent=2975"}],"curies":[{"name":"wp","href":"https:\/\/api.w.org\/{rel}","templated":true}]}}