{"id":295,"date":"2020-11-17T08:43:42","date_gmt":"2020-11-17T08:43:42","guid":{"rendered":"https:\/\/elfsight.com\/pl\/?page_id=295"},"modified":"2021-04-21T13:39:14","modified_gmt":"2021-04-21T13:39:14","slug":"splash-extensions","status":"publish","type":"page","link":"https:\/\/elfsight.com\/pl\/splash-extensions\/","title":{"rendered":"Splash extensions"},"content":{"rendered":"\n<h2>Najskuteczniejsze rozszerzenia Elfsight dla wszelkich zada\u0144 twojej witryny Splash<\/h2>\n\n<p>Na przestrzeni wielu lat nasz team specjalist\u00f3w Elfsight wypuszcza przyjazne dla u\u017cytkownika i uniwersalne dodatki chmurowe dla Twojej strony www. Elfsight zapewnia us\u0142ugi wsparcia oraz szybkie \u0142adowanie. Pluginy Elfsight pomagaj\u0105 w\u0142a\u015bcicielom serwis\u00f3w internetowych, niekomercyjnych oraz wielu innym z r\u00f3\u017cnych cz\u0119\u015bci \u015bwiata upora\u0107 si\u0119 z r\u00f3\u017cnymi problemami bardziej wydajnie. \n<\/p>\n\n<p>Mo\u017cesz zwi\u0119kszy\u0107 poziom sprzeda\u017cy, zademonstrowa\u0107 pozytywny feedback na swoje oferty, zwi\u0119kszy\u0107 zaufanie do swojej marki, przez instalacj\u0119 aplikacji do Pa\u0144stwa witryny. Nasze plany taryfowe s\u0105 w zakresie od bezp\u0142atnych do premium. Spr\u00f3buj w\u0142\u0105czy\u0107 dowolnie wybrane dodatki przy u\u017cyciu naszej wersji demonstracyjnej i przekonaj si\u0119 jak bardzo to b\u0119dzie przydatne w kwestii rozwoju strony internetowej Twojego przedsi\u0119biorstwa. <\/p>\n\n<h2>Co czyni pluginy Elfsight s\u0105 tak wyj\u0105tkowymi rozwi\u0105zaniami dla Twojej strony www? <\/h2>\n\n<p> Zobacz spis istotnych charakterystyk naszych aplikacji, kt\u00f3re pomagaj\u0105 nam wyprzedzi\u0107 konkurencj\u0119: <\/p>\n\n\n<ul>\n<li> Bezp\u0142atna i natychmiastowa wsparcie przy dodaniu lub dostosowywanie widget\u00f3w; <\/li>\n<li> Zdolno\u015b\u0107 dostosowywania do wszystkich rozdzielczo\u015bci stron internetowych i przyjazne dla urz\u0105dze\u0144 mobilnych; <\/li>\n<li> Nie trzeba mie\u0107 \u015brodk\u00f3w programowania lub umiej\u0119tno\u015bci; <\/li>\n<li> Bogaty wyb\u00f3r mo\u017cliwo\u015bci personalizacji; <\/li>\n<li> Oparte na chmurze aplikacji pomagaj\u0105 zwi\u0119kszy\u0107 pr\u0119dko\u015b\u0107 strony; <\/li>\n<li> Wszystkie poprawki s\u0105 gratisowe i systematyczne; <\/li>\n<li> Przyst\u0119pne ceny; <\/li>\n<li> Szybka pomoc z problemami klient\u00f3w. <\/li>\n<\/ul>\n\n<p> Sprawd\u017a bezp\u0142atne opcje naszych wtyczek i osi\u0105gnij jej potencja\u0142 lub kup dowolne wymagane aplikacje z 20% zni\u017ck\u0105. <\/p>\n\n\n<h2> W jaki spos\u00f3b do\u0142\u0105czy\u0107 Pa\u0144stwa pluginy Elfsight na swojej serwisie www Splash <\/h2>\n\n<p> A\u017ceby integrowa\u0107 rozszerzenia, zobacz wszystkie czynno\u015bci z kr\u00f3tkiej wskaz\u00f3wki: <\/p>\n\n\n<ol>\n<li> Naci\u015bnij na przydatny dodatek; <\/li>\n<li> Skonfiguruj niekt\u00f3re przydatne zmiany; <\/li>\n<li> Kliknij przycisk &#8222;Zapisz Zmiany&#8221;; <\/li>\n<li> Kliknij otrzymany kod; <\/li>\n<li> Zainstaluj go w odpowiednim miejscu Twojej witryny lub szablonu; <\/li>\n<li> Gotowe! Masz zainstalowany plugin. <\/li>\n<\/ol>\n\n<p> Je\u015bli b\u0119dziesz potrzebowa\u0142 pomocy, prosimy skontaktuj si\u0119 z zespo\u0142em obs\u0142ugi Elfsight. <\/p>\n","protected":false},"excerpt":{"rendered":"Najskuteczniejsze rozszerzenia Elfsight dla wszelkich zada\u0144 twojej witryny Splash Na przestrzeni wielu lat nasz team specjalist\u00f3w Elfsight wypuszcza przyjazne dla u\u017cytkownika i uniwersalne dodatki chmurowe dla Twojej strony www. Elfsight zapewnia us\u0142ugi wsparcia oraz szybkie \u0142adowanie. Pluginy Elfsight pomagaj\u0105 w\u0142a\u015bcicielom serwis\u00f3w internetowych, niekomercyjnych oraz wielu innym z r\u00f3\u017cnych cz\u0119\u015bci \u015bwiata&#8230;","protected":false},"author":13,"featured_media":0,"parent":0,"menu_order":0,"comment_status":"closed","ping_status":"closed","template":"templates\/template-platform.php","meta":{"publish_to_discourse":"","publish_post_category":"","wpdc_auto_publish_overridden":"","wpdc_topic_tags":"","wpdc_pin_topic":"","wpdc_pin_until":"","discourse_post_id":"","discourse_permalink":"","wpdc_publishing_response":"","wpdc_publishing_error":"","footnotes":""},"class_list":["post-295","page","type-page","status-publish","hentry"],"yoast_head":"<!-- This site is optimized with the Yoast SEO plugin v25.3.1 - https:\/\/yoast.com\/wordpress\/plugins\/seo\/ -->\n<title>Ponad 80 najlepszych Splash extensions dla strony internetowej<\/title>\n<meta name=\"description\" content=\"Pakiet najlepszych nieodp\u0142atnych rozszerze\u0144 dla twojej strony www Splash. Pom\u00f3c w dostosowywanie oraz szeroka gama mo\u017cliwo\u015bci.\" \/>\n<meta name=\"robots\" content=\"index, follow, max-snippet:-1, max-image-preview:large, max-video-preview:-1\" \/>\n<link rel=\"canonical\" href=\"https:\/\/elfsight.com\/pl\/splash-extensions\/\" \/>\n<meta property=\"og:locale\" content=\"pl_PL\" \/>\n<meta property=\"og:type\" content=\"article\" \/>\n<meta property=\"og:title\" content=\"Ponad 80 najlepszych Splash extensions dla strony internetowej\" \/>\n<meta property=\"og:description\" content=\"Pakiet najlepszych nieodp\u0142atnych rozszerze\u0144 dla twojej strony www Splash. Pom\u00f3c w dostosowywanie oraz szeroka gama mo\u017cliwo\u015bci.\" \/>\n<meta property=\"og:url\" content=\"https:\/\/elfsight.com\/pl\/splash-extensions\/\" \/>\n<meta property=\"og:site_name\" content=\"Elfsight PL\" \/>\n<meta property=\"article:modified_time\" content=\"2021-04-21T13:39:14+00:00\" \/>\n<meta name=\"twitter:card\" content=\"summary_large_image\" \/>\n<meta name=\"twitter:label1\" content=\"Szacowany czas czytania\" \/>\n\t<meta name=\"twitter:data1\" content=\"2 minuty\" \/>\n<!-- \/ Yoast SEO plugin. -->","yoast_head_json":{"title":"Ponad 80 najlepszych Splash extensions dla strony internetowej","description":"Pakiet najlepszych nieodp\u0142atnych rozszerze\u0144 dla twojej strony www Splash. Pom\u00f3c w dostosowywanie oraz szeroka gama mo\u017cliwo\u015bci.","robots":{"index":"index","follow":"follow","max-snippet":"max-snippet:-1","max-image-preview":"max-image-preview:large","max-video-preview":"max-video-preview:-1"},"canonical":"https:\/\/elfsight.com\/pl\/splash-extensions\/","og_locale":"pl_PL","og_type":"article","og_title":"Ponad 80 najlepszych Splash extensions dla strony internetowej","og_description":"Pakiet najlepszych nieodp\u0142atnych rozszerze\u0144 dla twojej strony www Splash. Pom\u00f3c w dostosowywanie oraz szeroka gama mo\u017cliwo\u015bci.","og_url":"https:\/\/elfsight.com\/pl\/splash-extensions\/","og_site_name":"Elfsight PL","article_modified_time":"2021-04-21T13:39:14+00:00","twitter_card":"summary_large_image","twitter_misc":{"Szacowany czas czytania":"2 minuty"},"schema":{"@context":"https:\/\/schema.org","@graph":[{"@type":"WebPage","@id":"https:\/\/elfsight.com\/pl\/splash-extensions\/","url":"https:\/\/elfsight.com\/pl\/splash-extensions\/","name":"Ponad 80 najlepszych Splash extensions dla strony internetowej","isPartOf":{"@id":"https:\/\/elfsight.com\/pl\/#website"},"datePublished":"2020-11-17T08:43:42+00:00","dateModified":"2021-04-21T13:39:14+00:00","description":"Pakiet najlepszych nieodp\u0142atnych rozszerze\u0144 dla twojej strony www Splash. Pom\u00f3c w dostosowywanie oraz szeroka gama mo\u017cliwo\u015bci.","breadcrumb":{"@id":"https:\/\/elfsight.com\/pl\/splash-extensions\/#breadcrumb"},"inLanguage":"pl-PL","potentialAction":[{"@type":"ReadAction","target":["https:\/\/elfsight.com\/pl\/splash-extensions\/"]}]},{"@type":"BreadcrumbList","@id":"https:\/\/elfsight.com\/pl\/splash-extensions\/#breadcrumb","itemListElement":[{"@type":"ListItem","position":1,"name":"Home","item":"https:\/\/elfsight.com\/pl\/"},{"@type":"ListItem","position":2,"name":"Splash extensions"}]},{"@type":"WebSite","@id":"https:\/\/elfsight.com\/pl\/#website","url":"https:\/\/elfsight.com\/pl\/","name":"Elfsight PL","description":"Just another Elfsight Sites site","potentialAction":[{"@type":"SearchAction","target":{"@type":"EntryPoint","urlTemplate":"https:\/\/elfsight.com\/pl\/?s={search_term_string}"},"query-input":{"@type":"PropertyValueSpecification","valueRequired":true,"valueName":"search_term_string"}}],"inLanguage":"pl-PL"}]}},"meta_box":{"industry":"","seo_heading":"","heading":"","description":"","cta_heading":"","cta_description":"","application":"","h1":"Najlepsze rozszerzenia Strikingly","h1_caption":"Darmowy katalog Plug&Play plugin\u00f3w pierwszej klasy z szerokim wachlarzem funkcjonalno\u015bci dla zwi\u0119kszenia sprzeda\u017cy oraz realizacji wszystkich r\u00f3\u017cnych cel\u00f3w biznesowych. Szybkie w\u0142\u0105czanie, bogata oferta opcji dostosowywania a tak\u017ce wysoko wykwalifikowane wsparcie klienta.","application_category":[],"applications_title":"Spotkaj najlepsze rozszerzenia dla twojej strony www w\u015br\u00f3d wszystkich aplikacji gratisowych w demonstracje online","applications_request_title":"Nie mo\u017cesz znale\u017a\u0107 odpowiedniego rozszerzenia?","applications_request_button_text":"Zam\u00f3w rozszerzenie","hero_text":"","hero_video":"","hero_video_schema_markup":"","selling_points_title":"","selling_points_caption":"","selling_points":[],"selling_points_cta_text":"","features_title":"","features":"","ed_cta_examples_text":"","ed_cta_examples_hidden":"","ed_cta_demo_text":"","ed_cta_demo_hidden":"","why_caption":"","why_editor_title":"","why_editor_text":"","why_team_title":"","why_team_text":"","why_service_title":"","why_service_text":"","template_catalog_visible":"","template_catalog_title":"","template_catalog_text":"","template_catalog_categories_visible":"","demo_title":"","demo_caption":"","default_faq_hidden":"","app_template_category":[],"platform":"280","template_public_id":"","codecanyon_url":"","codecanyon_item_id":"","codecanyon_price":"","pricing_caption":"","pricing_elfsight_apps_hide_column":"","pricing_elfsight_apps_url":"","pricing_codecanyon_price_caption":"","integration_category":[],"integration_request_title":"","integration_request_cta":"","integration_platform":"","integrations":[],"platform_category":[],"video_schema_markup":"","price":"","trial":"","benefits":[],"button_url":"","button_target_blank":"","button_nofollow":"","attributes":[],"tags":[],"tags_disable_links":"","hide_more_platforms":"","video_object":"","demo_hide_cta":"","demo_hide_cloud_options":"","pricing_title":"","pricing":[],"related_apps_title":"","related_apps_hidden":"","author":"","image":[],"title":"","job":"","social_networks":[]},"_links":{"self":[{"href":"https:\/\/elfsight.com\/pl\/wp-json\/wp\/v2\/pages\/295","targetHints":{"allow":["GET"]}}],"collection":[{"href":"https:\/\/elfsight.com\/pl\/wp-json\/wp\/v2\/pages"}],"about":[{"href":"https:\/\/elfsight.com\/pl\/wp-json\/wp\/v2\/types\/page"}],"author":[{"embeddable":true,"href":"https:\/\/elfsight.com\/pl\/wp-json\/wp\/v2\/users\/13"}],"replies":[{"embeddable":true,"href":"https:\/\/elfsight.com\/pl\/wp-json\/wp\/v2\/comments?post=295"}],"version-history":[{"count":2,"href":"https:\/\/elfsight.com\/pl\/wp-json\/wp\/v2\/pages\/295\/revisions"}],"predecessor-version":[{"id":297,"href":"https:\/\/elfsight.com\/pl\/wp-json\/wp\/v2\/pages\/295\/revisions\/297"}],"wp:attachment":[{"href":"https:\/\/elfsight.com\/pl\/wp-json\/wp\/v2\/media?parent=295"}],"curies":[{"name":"wp","href":"https:\/\/api.w.org\/{rel}","templated":true}]}}