{"id":2849,"date":"2021-04-13T12:28:38","date_gmt":"2021-04-13T12:28:38","guid":{"rendered":"https:\/\/elfsight.com\/pl\/?page_id=2849"},"modified":"2021-04-13T12:40:08","modified_gmt":"2021-04-13T12:40:08","slug":"examples","status":"publish","type":"page","link":"https:\/\/elfsight.com\/pl\/pinterest-feed-widget\/examples\/","title":{"rendered":"Pinterest Feed &#8211; examples"},"content":{"rendered":"\n<div class=\"application-examples-item application-examples-item-loading\">\n                            <div class=\"col-row\">\n                                <div class=\"col-6 col-m-8 col-s-12\"><h3 class=\"application-examples-item-title\">Przyk\u0142ad 1. Profil Pinterest<\/h3><div class=\"application-examples-item-description\">Zintegruj swoje konto Pinterest ze stron\u0105 internetow\u0105, aby zwi\u0119kszy\u0107 zasi\u0119g tre\u015bci wizualnych.  Wid\u017cet wy\u015bwietla piny i deski z Twojego profilu oraz pokazuje nag\u0142\u00f3wek z nazw\u0105 konta, na kt\u00f3r\u0105 mo\u017cna klikn\u0105\u0107, i autentycznym obrazem. Przycisk \u015aled\u017a zapewni p\u0142ynn\u0105 subskrypcj\u0119 i pomo\u017ce zwi\u0119kszy\u0107 liczb\u0119 obserwuj\u0105cych.<\/div><\/div>\n                <\/div>\n\n                <div class=\"application-examples-item-iframe-container browser-frame\">\n                    <div class=\"application-examples-item-iframe-wrapper\">\n                        <iframe class=\"application-examples-item-iframe\" data-src=\"https:\/\/elfsight.com\/examples?widget_id=9b939323-50f3-488a-8b72-894ed3b121fb&padding=28px+0+40px\" width=\"100%\" allow=\"autoplay; fullscreen\"><\/iframe>\n                    <\/div>\n\n                    <div class=\"application-examples-item-loader\"><\/div>\n                <\/div>\n            <\/div>\n\n<div class=\"application-examples-item application-examples-item-loading\">\n                            <div class=\"col-row\">\n                                <div class=\"col-6 col-m-8 col-s-12\"><h3 class=\"application-examples-item-title\">Przyk\u0142ad 2.  Galeria desek<\/h3><div class=\"application-examples-item-description\">Dodaj deski do swojego kana\u0142u za pomoc\u0105 adres\u00f3w URL i zamie\u0144 je w pi\u0119kn\u0105 galeri\u0119 motyw\u00f3w. Deski pokazuj\u0105 obrazy podgl\u0105du i otwieraj\u0105 si\u0119, aby ujawni\u0107 wszystkie piny po klikni\u0119ciu. Tytu\u0142 wid\u017cetu odzwierciedla istot\u0119 kolekcji. Szeroko\u015b\u0107 wid\u017cetu zosta\u0142a zwi\u0119kszona i u\u0142atwi\u0142o to prezentacj\u0119 wszystkich desek w jednym rz\u0119dzie.<\/div><\/div>\n                <\/div>\n\n                <div class=\"application-examples-item-iframe-container browser-frame\">\n                    <div class=\"application-examples-item-iframe-wrapper\">\n                        <iframe class=\"application-examples-item-iframe\" data-src=\"https:\/\/elfsight.com\/examples?widget_id=44257f7b-0e1c-4037-9ac6-fd5455f34735&padding=28px+0+40px\" width=\"100%\" allow=\"autoplay; fullscreen\"><\/iframe>\n                    <\/div>\n\n                    <div class=\"application-examples-item-loader\"><\/div>\n                <\/div>\n            <\/div>\n\n<div class=\"application-examples-item application-examples-item-loading\">\n                            <div class=\"col-row\">\n                                <div class=\"col-6 col-m-8 col-s-12\"><h3 class=\"application-examples-item-title\">Przyk\u0142ad 3. Galeria pin\u00f3w<\/h3><div class=\"application-examples-item-description\">Oto przyk\u0142ad, jak mo\u017cesz uporz\u0105dkowa\u0107 wybrane piny w dobrze zaprojektowanej siatce na swojej stronie www. Wszystkie piny s\u0105 wy\u015bwietlane z dodatkowymi informacjami: autor, test, ikona Pinterest i ikona Udost\u0119pnij. Ta ostatnia oferuje kilka sposob\u00f3w udost\u0119pniania po najechaniu kursorem. Klikni\u0119cie na ka\u017cdy pin otworzy go na Pinterest w nowej karcie przegl\u0105darki.<\/div><\/div>\n                <\/div>\n\n                <div class=\"application-examples-item-iframe-container browser-frame\">\n                    <div class=\"application-examples-item-iframe-wrapper\">\n                        <iframe class=\"application-examples-item-iframe\" data-src=\"https:\/\/elfsight.com\/examples?widget_id=a4b7ef2a-0982-4102-9cc0-edf64817228c&padding=28px+0+40px\" width=\"100%\" allow=\"autoplay; fullscreen\"><\/iframe>\n                    <\/div>\n\n                    <div class=\"application-examples-item-loader\"><\/div>\n                <\/div>\n            <\/div>\n\n<div class=\"application-cta-create\">\n                    <div class=\"application-cta-create-bg\">\n                        <div class=\"application-cta-create-bg-left\"><\/div>\n\n                        <div class=\"application-cta-create-bg-right\">\n                            <img decoding=\"async\" src=\"https:\/\/elfsight.com\/pl\/wp-content\/themes\/elfsight\/frontend\/assets\/img\/application-cta-create.jpg\" alt=\"Zacznij od stworzenia swojego wid\u017cetu\">\n                        <\/div>\n                    <\/div>\n\n                    <div class=\"application-cta-create-content inner\">\n                        <div class=\"application-cta-create-content-inner\">\n                            <div class=\"application-cta-create-content-icon\">\n                                <svg viewBox=\"0 0 25 25\" width=\"100%\" height=\"100%\">\n                                    <use xlink:href=\"#icon-settings\"><\/use>\n                                <\/svg>\n                            <\/div>\n\n                            <div class=\"application-cta-create-content-title\">Zacznij od stworzenia swojego wid\u017cetu<\/div>\n\n                            <div class=\"application-cta-create-content-text\">Szybko. \u0141atwo. Bez kodowania.<\/div>\n\n                            <a class=\"application-cta-create-content-button button-48 button-has-right-icon button-black button\" href=\"\">\n                                <span class=\"button-label\">Utw\u00f3rz wid\u017cet<\/span>\n\n                                <svg class=\"button-icon\">\n                                    <use xlink:href=\"#icon-arrow-link\"><\/use>\n                                <\/svg>\n                            <\/a>\n                        <\/div>\n                    <\/div>\n                <\/div>\n\n<div class=\"application-examples-item application-examples-item-loading\">\n                            <div class=\"col-row\">\n                                <div class=\"col-6 col-m-8 col-s-12\"><h3 class=\"application-examples-item-title\">Przyk\u0142ad 4.  Widget na panelu bocznym<\/h3><div class=\"application-examples-item-description\">Dzi\u0119ki responsywnej szeroko\u015bci i wysoko\u015bci wid\u017cet zmienia si\u0119 tutaj w boczny pasek o \u015bredniej wielko\u015bci. Pokazuje piny w czysty spos\u00f3b, bez tekstu i szczeg\u00f3\u0142\u00f3w, tylko zdj\u0119cia z ikon\u0105 Pinterest. Przycisk Follow w nag\u0142\u00f3wku jest pomalowany na czarno, aby pasowa\u0142 do koncepcji kolorystycznej strony i wygl\u0105da\u0142 stylowo.<\/div><\/div>\n                <\/div>\n\n                <div class=\"application-examples-item-iframe-container browser-frame\">\n                    <div class=\"application-examples-item-iframe-wrapper\">\n                        <iframe class=\"application-examples-item-iframe\" data-src=\"https:\/\/elfsight.com\/examples?widget_id=9deafb3e-8b02-47f1-922e-ed98d7d21b90&padding=28px+0+40px\" width=\"100%\" allow=\"autoplay; fullscreen\"><\/iframe>\n                    <\/div>\n\n                    <div class=\"application-examples-item-loader\"><\/div>\n                <\/div>\n            <\/div>\n\n<div class=\"application-examples-item application-examples-item-loading\">\n                            <div class=\"col-row\">\n                                <div class=\"col-6 col-m-8 col-s-12\"><h3 class=\"application-examples-item-title\">Przyk\u0142ad 5. Szeroki wid\u017cet<\/h3><div class=\"application-examples-item-description\">Pokazanie pin\u00f3w mo\u017ce zmieni\u0107 si\u0119 w imponuj\u0105c\u0105 prezentacj\u0119. W tym przyk\u0142adzie rozmiar wid\u017cetu jest znacznie zwi\u0119kszony i sprawia, \u017ce jest on dominuj\u0105c\u0105 cz\u0119\u015bci\u0105 strony. Wszystkie piny konta s\u0105 u\u0142o\u017cone w przejrzyst\u0105 i jasn\u0105 galeri\u0119, aby zaimponowa\u0107 widzom i sprawi\u0107, by pozostali na stronie d\u0142u\u017cej.<\/div><\/div>\n                <\/div>\n\n                <div class=\"application-examples-item-iframe-container browser-frame\">\n                    <div class=\"application-examples-item-iframe-wrapper\">\n                        <iframe class=\"application-examples-item-iframe\" data-src=\"https:\/\/elfsight.com\/examples?widget_id=60686877-de21-4a85-b726-16adc77a4c08&padding=28px+0+40px\" width=\"100%\" allow=\"autoplay; fullscreen\"><\/iframe>\n                    <\/div>\n\n                    <div class=\"application-examples-item-loader\"><\/div>\n                <\/div>\n            <\/div>\n\n<div class=\"application-examples-item application-examples-item-loading\">\n                            <div class=\"col-row\">\n                                <div class=\"col-6 col-m-8 col-s-12\"><h3 class=\"application-examples-item-title\">Przyk\u0142ad 6. Deska Portfolio<\/h3><div class=\"application-examples-item-description\">Oto, jak mo\u017cesz zaprezentowa\u0107 swoje portfolio projekt\u00f3w i pokaza\u0107 swoje prace w najlepszy spos\u00f3b. Istnieje zbi\u00f3r desek tematycznych, z kt\u00f3rych ka\u017cda jest po\u015bwi\u0119cona konkretnemu projektowi. Dzi\u0119ki podgl\u0105dom desek \u0142atwo jest zobaczy\u0107 istot\u0119 ka\u017cdej z nich. Nag\u0142\u00f3wek wid\u017cetu jest wy\u0142\u0105czony, aby wygl\u0105da\u0142 na przejrzysty i uporz\u0105dkowany.<\/div><\/div>\n                <\/div>\n\n                <div class=\"application-examples-item-iframe-container browser-frame\">\n                    <div class=\"application-examples-item-iframe-wrapper\">\n                        <iframe class=\"application-examples-item-iframe\" data-src=\"https:\/\/elfsight.com\/examples?widget_id=d03b5ac9-4e12-42ef-8081-14f47543535f&padding=28px+0+40px\" width=\"100%\" allow=\"autoplay; fullscreen\"><\/iframe>\n                    <\/div>\n\n                    <div class=\"application-examples-item-loader\"><\/div>\n                <\/div>\n            <\/div>\n","protected":false},"excerpt":{"rendered":"","protected":false},"author":13,"featured_media":0,"parent":2834,"menu_order":0,"comment_status":"closed","ping_status":"closed","template":"templates\/template-application-examples.php","meta":{"publish_to_discourse":"","publish_post_category":"","wpdc_auto_publish_overridden":"","wpdc_topic_tags":"","wpdc_pin_topic":"","wpdc_pin_until":"","discourse_post_id":"","discourse_permalink":"","wpdc_publishing_response":"","wpdc_publishing_error":"","footnotes":""},"class_list":["post-2849","page","type-page","status-publish","hentry"],"yoast_head":"<!-- This site is optimized with the Yoast SEO plugin v25.3.1 - https:\/\/yoast.com\/wordpress\/plugins\/seo\/ -->\n<title>Najlepsze przyk\u0142ady wid\u017cetu Pinterest Feed na stronie (Prezentacja)<\/title>\n<meta name=\"description\" content=\"TOP 6 przyk\u0142ad\u00f3w Pinterest Feeda na stronie: Portfolio, Galeria, Profil, Piny itp. Probny widget Kana\u0142 Pinteresta dla Twojej strony www.\" \/>\n<meta name=\"robots\" content=\"index, follow, max-snippet:-1, max-image-preview:large, max-video-preview:-1\" \/>\n<link rel=\"canonical\" href=\"https:\/\/elfsight.com\/pl\/pinterest-feed-widget\/examples\/\" \/>\n<meta property=\"og:locale\" content=\"pl_PL\" \/>\n<meta property=\"og:type\" content=\"article\" \/>\n<meta property=\"og:title\" content=\"Najlepsze przyk\u0142ady wid\u017cetu Pinterest Feed na stronie (Prezentacja)\" \/>\n<meta property=\"og:description\" content=\"TOP 6 przyk\u0142ad\u00f3w Pinterest Feeda na stronie: Portfolio, Galeria, Profil, Piny itp. Probny widget Kana\u0142 Pinteresta dla Twojej strony www.\" \/>\n<meta property=\"og:url\" content=\"https:\/\/elfsight.com\/pl\/pinterest-feed-widget\/examples\/\" \/>\n<meta property=\"og:site_name\" content=\"Elfsight PL\" \/>\n<meta property=\"article:modified_time\" content=\"2021-04-13T12:40:08+00:00\" \/>\n<meta name=\"twitter:card\" content=\"summary_large_image\" \/>\n<meta name=\"twitter:label1\" content=\"Szacowany czas czytania\" \/>\n\t<meta name=\"twitter:data1\" content=\"3 minuty\" \/>\n<!-- \/ Yoast SEO plugin. -->","yoast_head_json":{"title":"Najlepsze przyk\u0142ady wid\u017cetu Pinterest Feed na stronie (Prezentacja)","description":"TOP 6 przyk\u0142ad\u00f3w Pinterest Feeda na stronie: Portfolio, Galeria, Profil, Piny itp. Probny widget Kana\u0142 Pinteresta dla Twojej strony www.","robots":{"index":"index","follow":"follow","max-snippet":"max-snippet:-1","max-image-preview":"max-image-preview:large","max-video-preview":"max-video-preview:-1"},"canonical":"https:\/\/elfsight.com\/pl\/pinterest-feed-widget\/examples\/","og_locale":"pl_PL","og_type":"article","og_title":"Najlepsze przyk\u0142ady wid\u017cetu Pinterest Feed na stronie (Prezentacja)","og_description":"TOP 6 przyk\u0142ad\u00f3w Pinterest Feeda na stronie: Portfolio, Galeria, Profil, Piny itp. Probny widget Kana\u0142 Pinteresta dla Twojej strony www.","og_url":"https:\/\/elfsight.com\/pl\/pinterest-feed-widget\/examples\/","og_site_name":"Elfsight PL","article_modified_time":"2021-04-13T12:40:08+00:00","twitter_card":"summary_large_image","twitter_misc":{"Szacowany czas czytania":"3 minuty"},"schema":{"@context":"https:\/\/schema.org","@graph":[{"@type":"WebPage","@id":"https:\/\/elfsight.com\/pl\/pinterest-feed-widget\/examples\/","url":"https:\/\/elfsight.com\/pl\/pinterest-feed-widget\/examples\/","name":"Najlepsze przyk\u0142ady wid\u017cetu Pinterest Feed na stronie (Prezentacja)","isPartOf":{"@id":"https:\/\/elfsight.com\/pl\/#website"},"datePublished":"2021-04-13T12:28:38+00:00","dateModified":"2021-04-13T12:40:08+00:00","description":"TOP 6 przyk\u0142ad\u00f3w Pinterest Feeda na stronie: Portfolio, Galeria, Profil, Piny itp. Probny widget Kana\u0142 Pinteresta dla Twojej strony www.","breadcrumb":{"@id":"https:\/\/elfsight.com\/pl\/pinterest-feed-widget\/examples\/#breadcrumb"},"inLanguage":"pl-PL","potentialAction":[{"@type":"ReadAction","target":["https:\/\/elfsight.com\/pl\/pinterest-feed-widget\/examples\/"]}]},{"@type":"BreadcrumbList","@id":"https:\/\/elfsight.com\/pl\/pinterest-feed-widget\/examples\/#breadcrumb","itemListElement":[{"@type":"ListItem","position":1,"name":"Home","item":"https:\/\/elfsight.com\/pl\/"},{"@type":"ListItem","position":2,"name":"Pinterest Feed","item":"https:\/\/elfsight.com\/pl\/pinterest-feed-widget\/"},{"@type":"ListItem","position":3,"name":"Pinterest Feed &#8211; examples"}]},{"@type":"WebSite","@id":"https:\/\/elfsight.com\/pl\/#website","url":"https:\/\/elfsight.com\/pl\/","name":"Elfsight PL","description":"Just another Elfsight Sites site","potentialAction":[{"@type":"SearchAction","target":{"@type":"EntryPoint","urlTemplate":"https:\/\/elfsight.com\/pl\/?s={search_term_string}"},"query-input":{"@type":"PropertyValueSpecification","valueRequired":true,"valueName":"search_term_string"}}],"inLanguage":"pl-PL"}]}},"meta_box":{"industry":"","seo_heading":"","heading":"","description":"","cta_heading":"","cta_description":"","application":"2833","h1":"","h1_caption":"","application_category":[],"applications_title":"","applications_request_title":"","applications_request_button_text":"","hero_text":"","hero_video":"","hero_video_schema_markup":"","selling_points_title":"","selling_points_caption":"","selling_points":[],"selling_points_cta_text":"","features_title":"","features":"","ed_cta_examples_text":"","ed_cta_examples_hidden":"","ed_cta_demo_text":"","ed_cta_demo_hidden":"","why_caption":"","why_editor_title":"","why_editor_text":"","why_team_title":"","why_team_text":"","why_service_title":"","why_service_text":"","template_catalog_visible":"","template_catalog_title":"","template_catalog_text":"","template_catalog_categories_visible":"","demo_title":"","demo_caption":"","default_faq_hidden":"","app_template_category":[],"platform":"","template_public_id":"","codecanyon_url":"","codecanyon_item_id":"","codecanyon_price":"","pricing_caption":"","pricing_elfsight_apps_hide_column":"","pricing_elfsight_apps_url":"","pricing_codecanyon_price_caption":"","integration_category":[],"integration_request_title":"","integration_request_cta":"","integration_platform":"","integrations":[],"platform_category":[],"video_schema_markup":"","price":"","trial":"","benefits":[],"button_url":"","button_target_blank":"","button_nofollow":"","attributes":[],"tags":[],"tags_disable_links":"","hide_more_platforms":"","video_object":"","demo_hide_cta":"","demo_hide_cloud_options":"","pricing_title":"","pricing":[],"related_apps_title":"","related_apps_hidden":"","author":"","image":[],"title":"","job":"","social_networks":[]},"_links":{"self":[{"href":"https:\/\/elfsight.com\/pl\/wp-json\/wp\/v2\/pages\/2849","targetHints":{"allow":["GET"]}}],"collection":[{"href":"https:\/\/elfsight.com\/pl\/wp-json\/wp\/v2\/pages"}],"about":[{"href":"https:\/\/elfsight.com\/pl\/wp-json\/wp\/v2\/types\/page"}],"author":[{"embeddable":true,"href":"https:\/\/elfsight.com\/pl\/wp-json\/wp\/v2\/users\/13"}],"replies":[{"embeddable":true,"href":"https:\/\/elfsight.com\/pl\/wp-json\/wp\/v2\/comments?post=2849"}],"version-history":[{"count":5,"href":"https:\/\/elfsight.com\/pl\/wp-json\/wp\/v2\/pages\/2849\/revisions"}],"predecessor-version":[{"id":2854,"href":"https:\/\/elfsight.com\/pl\/wp-json\/wp\/v2\/pages\/2849\/revisions\/2854"}],"up":[{"embeddable":true,"href":"https:\/\/elfsight.com\/pl\/wp-json\/wp\/v2\/pages\/2834"}],"wp:attachment":[{"href":"https:\/\/elfsight.com\/pl\/wp-json\/wp\/v2\/media?parent=2849"}],"curies":[{"name":"wp","href":"https:\/\/api.w.org\/{rel}","templated":true}]}}