{"id":2805,"date":"2021-03-26T13:00:41","date_gmt":"2021-03-26T13:00:41","guid":{"rendered":"https:\/\/elfsight.com\/pl\/?page_id=2805"},"modified":"2021-03-26T13:12:47","modified_gmt":"2021-03-26T13:12:47","slug":"examples","status":"publish","type":"page","link":"https:\/\/elfsight.com\/pl\/weather-widget\/examples\/","title":{"rendered":"Weather &#8211; Examples"},"content":{"rendered":"\n<div class=\"application-examples-item application-examples-item-loading\">\n                            <div class=\"col-row\">\n                                <div class=\"col-6 col-m-8 col-s-12\"><h3 class=\"application-examples-item-title\">Przyk\u0142ad 1. Szczeg\u00f3\u0142owa prognoza<\/h3><div class=\"application-examples-item-description\">Ta seria wid\u017cet\u00f3w pokazuje, jak \u0142adnie mo\u017ce wygl\u0105da\u0107 szczeg\u00f3\u0142owa prognoza pogody na Twojej stronie. Wszystkie trzy stylowe warianty r\u00f3\u017cni\u0105 si\u0119 kolorem t\u0142a, przy czym pierwszy z nich zawiera obrazy o tematyce pogodowej, kt\u00f3re odzwierciedlaj\u0105 aktualn\u0105 sytuacj\u0119. I mo\u017cesz z \u0142atwo\u015bci\u0105 wybra\u0107 w\u0142asne kolory! Wid\u017cety pokazuj\u0105 nie tylko dzienn\u0105 prognoz\u0119 na nadchodz\u0105cy tydzie\u0144, ale tak\u017ce informacje o aktualnych warunkach: temperaturze, wilgotno\u015bci, ci\u015bnieniu powietrza, pr\u0119dko\u015bci wiatru i nie tylko. Mo\u017cesz wstawi\u0107 dowoln\u0105 lokalizacj\u0119 - widget j\u0105 odnajdzie i wy\u015bwietli dok\u0142adne dane.<\/div><\/div>\n                <\/div>\n\n                <div class=\"application-examples-item-iframe-container browser-frame\">\n                    <div class=\"application-examples-item-iframe-wrapper\">\n                        <iframe class=\"application-examples-item-iframe application-examples-item-iframe-fixed-height\" data-src=\"https:\/\/elfsight.com\/examples?widget_id=c195b709-ba65-4259-b6df-9a2959de690f&padding=28px+40px+40px\" width=\"100%\" height=\"500\" allow=\"autoplay; fullscreen\"><\/iframe>\n                    <\/div>\n\n                    <div class=\"application-examples-item-loader\"><\/div>\n                <\/div>\n            <\/div>\n\n<div class=\"application-examples-item application-examples-item-loading\">\n                            <div class=\"col-row\">\n                                <div class=\"col-6 col-m-8 col-s-12\"><\/div>\n                <\/div>\n\n                <div class=\"application-examples-item-iframe-container browser-frame\">\n                    <div class=\"application-examples-item-iframe-wrapper\">\n                        <iframe class=\"application-examples-item-iframe application-examples-item-iframe-fixed-height\" data-src=\"https:\/\/elfsight.com\/examples?widget_id=f1f5afb7-b32a-4b49-832f-1e1ab6d02e21&padding=28px+40px+40px\" width=\"100%\" height=\"500\" allow=\"autoplay; fullscreen\"><\/iframe>\n                    <\/div>\n\n                    <div class=\"application-examples-item-loader\"><\/div>\n                <\/div>\n            <\/div>\n\n<div class=\"application-examples-item application-examples-item-loading\">\n                            <div class=\"col-row\">\n                                <div class=\"col-6 col-m-8 col-s-12\"><\/div>\n                <\/div>\n\n                <div class=\"application-examples-item-iframe-container browser-frame\">\n                    <div class=\"application-examples-item-iframe-wrapper\">\n                        <iframe class=\"application-examples-item-iframe application-examples-item-iframe-fixed-height\" data-src=\"https:\/\/elfsight.com\/examples?widget_id=609240c1-c6b8-44f8-9b05-ecfe191de7c7&padding=28px+40px+40px\" width=\"100%\" height=\"500\" allow=\"autoplay; fullscreen\"><\/iframe>\n                    <\/div>\n\n                    <div class=\"application-examples-item-loader\"><\/div>\n                <\/div>\n            <\/div>\n\n<div class=\"application-examples-item application-examples-item-loading\">\n                            <div class=\"col-row\">\n                                <div class=\"col-6 col-m-8 col-s-12\"><h3 class=\"application-examples-item-title\">Przyk\u0142ad 2. Prognoza dzienna<\/h3><div class=\"application-examples-item-description\">Widget tego typu \u015bwietnie sprawdzi si\u0119 w serwisach internetowych, kt\u00f3re musz\u0105 pokazywa\u0107 codzienn\u0105 prognoz\u0119 pogody w przejrzysty i jasny spos\u00f3b. Na przyk\u0142ad, aby umo\u017cliwi\u0107 u\u017cytkownikom sprawdzenie pogody przed zarezerwowaniem aktywno\u015bci na \u015bwie\u017cym powietrzu. Ten wid\u017cet przyci\u0105ga wzrok dzi\u0119ki fioletowemu kolorowi. Nie jest prze\u0142adowany dodatkowymi szczeg\u00f3\u0142ami i wyra\u017anie pokazuje aktualn\u0105 pogod\u0119 oraz dzienn\u0105 prognoz\u0119 na tydzie\u0144. Mo\u017cesz wybiera\u0107 mi\u0119dzy stopniami Fahrenheita i Celsjusza i ukry\u0107 jednostk\u0119 temperatury, aby uzyska\u0107 czysty wygl\u0105d.<\/div><\/div>\n                <\/div>\n\n                <div class=\"application-examples-item-iframe-container browser-frame\">\n                    <div class=\"application-examples-item-iframe-wrapper\">\n                        <iframe class=\"application-examples-item-iframe application-examples-item-iframe-fixed-height\" data-src=\"https:\/\/elfsight.com\/examples?widget_id=371ccf0d-4696-4970-a3f4-af72b44a3d00&padding=28px+40px+40px\" width=\"100%\" height=\"500\" allow=\"autoplay; fullscreen\"><\/iframe>\n                    <\/div>\n\n                    <div class=\"application-examples-item-loader\"><\/div>\n                <\/div>\n            <\/div>\n\n<div class=\"application-examples-item application-examples-item-loading\">\n                            <div class=\"col-row\">\n                                <div class=\"col-6 col-m-8 col-s-12\"><h3 class=\"application-examples-item-title\">Przyk\u0142ad 3. Prognoza godzinowa<\/h3><div class=\"application-examples-item-description\">Dzi\u0119ki wid\u017cetowi Elfsight godzinowe dane pogodowe na Twojej stronie b\u0119d\u0105 wygl\u0105da\u0107 \u015bwietnie. Ten przyk\u0142ad to potwierdza. Jest umiarkowany, a jednocze\u015bnie dostarcza wszystkich wa\u017cnych informacji.  U\u017cytkownicy mog\u0105 wizualizowa\u0107 aktualn\u0105 pogod\u0119 dzi\u0119ki motywowi t\u0142a i sprawdza\u0107, jaka b\u0119dzie nast\u0119pnie godzina po godzinie. Przeci\u0105gaj\u0105c lub u\u017cywaj\u0105c strza\u0142ek suwaka, mog\u0105 sprawdza\u0107 pogod\u0119 do samego ko\u0144ca dnia. \u0141adne animowane ikony pogody dodaj\u0105 nieco wyrazisto\u015bci czystemu wygl\u0105dowi wid\u017cetu.<\/div><\/div>\n                <\/div>\n\n                <div class=\"application-examples-item-iframe-container browser-frame\">\n                    <div class=\"application-examples-item-iframe-wrapper\">\n                        <iframe class=\"application-examples-item-iframe application-examples-item-iframe-fixed-height\" data-src=\"https:\/\/elfsight.com\/examples?widget_id=6d14409b-c40e-44e4-9e8c-138d11209ee3&padding=28px+40px+40px\" width=\"100%\" height=\"500\" allow=\"autoplay; fullscreen\"><\/iframe>\n                    <\/div>\n\n                    <div class=\"application-examples-item-loader\"><\/div>\n                <\/div>\n            <\/div>\n\n<div class=\"application-examples-item application-examples-item-loading\">\n                            <div class=\"col-row\">\n                                <div class=\"col-6 col-m-8 col-s-12\"><h3 class=\"application-examples-item-title\">Przyk\u0142ad 4. Obecna pogoda<\/h3><div class=\"application-examples-item-description\">W przypadku stron z ograniczon\u0105 dost\u0119pn\u0105 przestrzeni\u0105 lub gdy nie ma potrzeby zag\u0142\u0119biania si\u0119 w szczeg\u00f3\u0142y, te dwa wid\u017cety idealnie pasuj\u0105. S\u0105 ma\u0142e i \u0142atwo jest zmienia\u0107 rozmiar w ustawieniach, a tak\u017ce dostosowywa\u0107 rozmiar czcionki. Zawiera tylko podstawowe dane: nazwa lokalizacji, aktualna temperatura i elementy pogody. Mo\u017cesz zmieni\u0107 parametry j\u0119zyka i interfejsu, aby dostosowa\u0107 go do swoich odbiorc\u00f3w.<\/div><\/div>\n                <\/div>\n\n                <div class=\"application-examples-item-iframe-container browser-frame\">\n                    <div class=\"application-examples-item-iframe-wrapper\">\n                        <iframe class=\"application-examples-item-iframe application-examples-item-iframe-fixed-height\" data-src=\"https:\/\/elfsight.com\/examples?widget_id=1c68afba-d008-4b15-9485-3db979fabb96&padding=28px+40px+40px\" width=\"100%\" height=\"300\" allow=\"autoplay; fullscreen\"><\/iframe>\n                    <\/div>\n\n                    <div class=\"application-examples-item-loader\"><\/div>\n                <\/div>\n            <\/div>\n\n<div class=\"application-examples-item application-examples-item-loading\">\n                            <div class=\"col-row\">\n                                <div class=\"col-6 col-m-8 col-s-12\"><\/div>\n                <\/div>\n\n                <div class=\"application-examples-item-iframe-container browser-frame\">\n                    <div class=\"application-examples-item-iframe-wrapper\">\n                        <iframe class=\"application-examples-item-iframe application-examples-item-iframe-fixed-height\" data-src=\"https:\/\/elfsight.com\/examples?widget_id=3048f5c4-9870-4b7f-b69a-0fe3c119d662&padding=28px+40px+40px\" width=\"100%\" height=\"300\" allow=\"autoplay; fullscreen\"><\/iframe>\n                    <\/div>\n\n                    <div class=\"application-examples-item-loader\"><\/div>\n                <\/div>\n            <\/div>\n\n<div class=\"application-examples-item application-examples-item-loading\">\n                            <div class=\"col-row\">\n                                <div class=\"col-6 col-m-8 col-s-12\"><h3 class=\"application-examples-item-title\">Przyk\u0142ad 5. Obecna temperatura<\/h3><div class=\"application-examples-item-description\">Ten \u0142adny ma\u0142y wid\u017cet pokazuje tylko temperatur\u0119 i ikon\u0119 pogody. Jest maksymalnie umiarkowany, a mimo to daje u\u017cytkownikom przegl\u0105d pogody na dworze. Je\u015bli chcesz zaoszcz\u0119dzi\u0107 miejsce i nadal informowa\u0107 u\u017cytkownik\u00f3w na bie\u017c\u0105co, ten wariant jest w\u0142a\u015bnie dla Ciebie. Zmie\u0144 kolory, aby lepiej pasowa\u0142y do stylu - i masz tutaj idealny wid\u017cet pogodowy!<\/div><\/div>\n                <\/div>\n\n                <div class=\"application-examples-item-iframe-container browser-frame\">\n                    <div class=\"application-examples-item-iframe-wrapper\">\n                        <iframe class=\"application-examples-item-iframe application-examples-item-iframe-fixed-height\" data-src=\"https:\/\/elfsight.com\/examples?widget_id=4284e2c2-a8cd-4003-809e-058d1e802624&padding=28px+40px+40px\" width=\"100%\" height=\"300\" allow=\"autoplay; fullscreen\"><\/iframe>\n                    <\/div>\n\n                    <div class=\"application-examples-item-loader\"><\/div>\n                <\/div>\n            <\/div>\n","protected":false},"excerpt":{"rendered":"","protected":false},"author":13,"featured_media":0,"parent":2791,"menu_order":0,"comment_status":"closed","ping_status":"closed","template":"templates\/template-application-examples.php","meta":{"publish_to_discourse":"","publish_post_category":"","wpdc_auto_publish_overridden":"","wpdc_topic_tags":"","wpdc_pin_topic":"","wpdc_pin_until":"","discourse_post_id":"","discourse_permalink":"","wpdc_publishing_response":"","wpdc_publishing_error":"","footnotes":""},"class_list":["post-2805","page","type-page","status-publish","hentry"],"yoast_head":"<!-- This site is optimized with the Yoast SEO plugin v25.3.1 - https:\/\/yoast.com\/wordpress\/plugins\/seo\/ -->\n<title>Najlepsze przyk\u0142ady wid\u017cet\u00f3w pogodowych na stronie internetowej (TOP 5)<\/title>\n<meta name=\"description\" content=\"TOP 5 Przyk\u0142ad\u00f3w widgetu pogody: szczeg\u00f3\u0142owa prognoza, prognoza dzienna, prognoza godzinowa, aktualna pogoda, aktualna temperatura i inne.\" \/>\n<meta name=\"robots\" content=\"index, follow, max-snippet:-1, max-image-preview:large, max-video-preview:-1\" \/>\n<link rel=\"canonical\" href=\"https:\/\/elfsight.com\/pl\/weather-widget\/examples\/\" \/>\n<meta property=\"og:locale\" content=\"pl_PL\" \/>\n<meta property=\"og:type\" content=\"article\" \/>\n<meta property=\"og:title\" content=\"Najlepsze przyk\u0142ady wid\u017cet\u00f3w pogodowych na stronie internetowej (TOP 5)\" \/>\n<meta property=\"og:description\" content=\"TOP 5 Przyk\u0142ad\u00f3w widgetu pogody: szczeg\u00f3\u0142owa prognoza, prognoza dzienna, prognoza godzinowa, aktualna pogoda, aktualna temperatura i inne.\" \/>\n<meta property=\"og:url\" content=\"https:\/\/elfsight.com\/pl\/weather-widget\/examples\/\" \/>\n<meta property=\"og:site_name\" content=\"Elfsight PL\" \/>\n<meta property=\"article:modified_time\" content=\"2021-03-26T13:12:47+00:00\" \/>\n<meta name=\"twitter:card\" content=\"summary_large_image\" \/>\n<meta name=\"twitter:label1\" content=\"Szacowany czas czytania\" \/>\n\t<meta name=\"twitter:data1\" content=\"3 minuty\" \/>\n<!-- \/ Yoast SEO plugin. -->","yoast_head_json":{"title":"Najlepsze przyk\u0142ady wid\u017cet\u00f3w pogodowych na stronie internetowej (TOP 5)","description":"TOP 5 Przyk\u0142ad\u00f3w widgetu pogody: szczeg\u00f3\u0142owa prognoza, prognoza dzienna, prognoza godzinowa, aktualna pogoda, aktualna temperatura i inne.","robots":{"index":"index","follow":"follow","max-snippet":"max-snippet:-1","max-image-preview":"max-image-preview:large","max-video-preview":"max-video-preview:-1"},"canonical":"https:\/\/elfsight.com\/pl\/weather-widget\/examples\/","og_locale":"pl_PL","og_type":"article","og_title":"Najlepsze przyk\u0142ady wid\u017cet\u00f3w pogodowych na stronie internetowej (TOP 5)","og_description":"TOP 5 Przyk\u0142ad\u00f3w widgetu pogody: szczeg\u00f3\u0142owa prognoza, prognoza dzienna, prognoza godzinowa, aktualna pogoda, aktualna temperatura i inne.","og_url":"https:\/\/elfsight.com\/pl\/weather-widget\/examples\/","og_site_name":"Elfsight PL","article_modified_time":"2021-03-26T13:12:47+00:00","twitter_card":"summary_large_image","twitter_misc":{"Szacowany czas czytania":"3 minuty"},"schema":{"@context":"https:\/\/schema.org","@graph":[{"@type":"WebPage","@id":"https:\/\/elfsight.com\/pl\/weather-widget\/examples\/","url":"https:\/\/elfsight.com\/pl\/weather-widget\/examples\/","name":"Najlepsze przyk\u0142ady wid\u017cet\u00f3w pogodowych na stronie internetowej (TOP 5)","isPartOf":{"@id":"https:\/\/elfsight.com\/pl\/#website"},"datePublished":"2021-03-26T13:00:41+00:00","dateModified":"2021-03-26T13:12:47+00:00","description":"TOP 5 Przyk\u0142ad\u00f3w widgetu pogody: szczeg\u00f3\u0142owa prognoza, prognoza dzienna, prognoza godzinowa, aktualna pogoda, aktualna temperatura i inne.","breadcrumb":{"@id":"https:\/\/elfsight.com\/pl\/weather-widget\/examples\/#breadcrumb"},"inLanguage":"pl-PL","potentialAction":[{"@type":"ReadAction","target":["https:\/\/elfsight.com\/pl\/weather-widget\/examples\/"]}]},{"@type":"BreadcrumbList","@id":"https:\/\/elfsight.com\/pl\/weather-widget\/examples\/#breadcrumb","itemListElement":[{"@type":"ListItem","position":1,"name":"Home","item":"https:\/\/elfsight.com\/pl\/"},{"@type":"ListItem","position":2,"name":"Weather","item":"https:\/\/elfsight.com\/pl\/weather-widget\/"},{"@type":"ListItem","position":3,"name":"Weather &#8211; Examples"}]},{"@type":"WebSite","@id":"https:\/\/elfsight.com\/pl\/#website","url":"https:\/\/elfsight.com\/pl\/","name":"Elfsight PL","description":"Just another Elfsight Sites site","potentialAction":[{"@type":"SearchAction","target":{"@type":"EntryPoint","urlTemplate":"https:\/\/elfsight.com\/pl\/?s={search_term_string}"},"query-input":{"@type":"PropertyValueSpecification","valueRequired":true,"valueName":"search_term_string"}}],"inLanguage":"pl-PL"}]}},"meta_box":{"industry":"","seo_heading":"","heading":"","description":"","cta_heading":"","cta_description":"","application":"2790","h1":"","h1_caption":"","application_category":[],"applications_title":"","applications_request_title":"","applications_request_button_text":"","hero_text":"","hero_video":"","hero_video_schema_markup":"","selling_points_title":"","selling_points_caption":"","selling_points":[],"selling_points_cta_text":"","features_title":"","features":"","ed_cta_examples_text":"","ed_cta_examples_hidden":"","ed_cta_demo_text":"","ed_cta_demo_hidden":"","why_caption":"","why_editor_title":"","why_editor_text":"","why_team_title":"","why_team_text":"","why_service_title":"","why_service_text":"","template_catalog_visible":"","template_catalog_title":"","template_catalog_text":"","template_catalog_categories_visible":"","demo_title":"","demo_caption":"","default_faq_hidden":"","app_template_category":[],"platform":"","template_public_id":"","codecanyon_url":"","codecanyon_item_id":"","codecanyon_price":"","pricing_caption":"","pricing_elfsight_apps_hide_column":"","pricing_elfsight_apps_url":"","pricing_codecanyon_price_caption":"","integration_category":[],"integration_request_title":"","integration_request_cta":"","integration_platform":"","integrations":[],"platform_category":[],"video_schema_markup":"","price":"","trial":"","benefits":[],"button_url":"","button_target_blank":"","button_nofollow":"","attributes":[],"tags":[],"tags_disable_links":"","hide_more_platforms":"","video_object":"","demo_hide_cta":"","demo_hide_cloud_options":"","pricing_title":"","pricing":[],"related_apps_title":"","related_apps_hidden":"","author":"","image":[],"title":"","job":"","social_networks":[]},"_links":{"self":[{"href":"https:\/\/elfsight.com\/pl\/wp-json\/wp\/v2\/pages\/2805","targetHints":{"allow":["GET"]}}],"collection":[{"href":"https:\/\/elfsight.com\/pl\/wp-json\/wp\/v2\/pages"}],"about":[{"href":"https:\/\/elfsight.com\/pl\/wp-json\/wp\/v2\/types\/page"}],"author":[{"embeddable":true,"href":"https:\/\/elfsight.com\/pl\/wp-json\/wp\/v2\/users\/13"}],"replies":[{"embeddable":true,"href":"https:\/\/elfsight.com\/pl\/wp-json\/wp\/v2\/comments?post=2805"}],"version-history":[{"count":5,"href":"https:\/\/elfsight.com\/pl\/wp-json\/wp\/v2\/pages\/2805\/revisions"}],"predecessor-version":[{"id":2810,"href":"https:\/\/elfsight.com\/pl\/wp-json\/wp\/v2\/pages\/2805\/revisions\/2810"}],"up":[{"embeddable":true,"href":"https:\/\/elfsight.com\/pl\/wp-json\/wp\/v2\/pages\/2791"}],"wp:attachment":[{"href":"https:\/\/elfsight.com\/pl\/wp-json\/wp\/v2\/media?parent=2805"}],"curies":[{"name":"wp","href":"https:\/\/api.w.org\/{rel}","templated":true}]}}