{"id":2779,"date":"2021-03-26T06:12:20","date_gmt":"2021-03-26T06:12:20","guid":{"rendered":"https:\/\/elfsight.com\/pl\/?page_id=2779"},"modified":"2021-03-26T06:22:50","modified_gmt":"2021-03-26T06:22:50","slug":"examples","status":"publish","type":"page","link":"https:\/\/elfsight.com\/pl\/click-to-call-widget\/examples\/","title":{"rendered":"Click to Call &#8211; Examples"},"content":{"rendered":"\n<div class=\"application-examples-item application-examples-item-loading\">\n                            <div class=\"col-row\">\n                                <div class=\"col-6 col-m-8 col-s-12\"><h3 class=\"application-examples-item-title\">Przyk\u0142ad 1. Zadzwo\u0144 do nas<\/h3><div class=\"application-examples-item-description\">Ten wid\u017cet o niewielkich rozmiarach jest w formacie p\u0142ywaj\u0105cym i b\u0119dzie porusza\u0142 si\u0119 po stronie, gdy u\u017cytkownik przewija. Niestandardowy dob\u00f3r kolor\u00f3w sprawi\u0142, \u017ce by\u0142 bardzo kontrastowy, z czarnym t\u0142em i zielonymi cyframi numeru telefonu. Okno po\u0142\u0105czenia pokazuje minimum szczeg\u00f3\u0142\u00f3w - tylko numer i wezwanie do dzia\u0142ania.<\/div><\/div>\n                <\/div>\n\n                <div class=\"application-examples-item-iframe-container browser-frame\">\n                    <div class=\"application-examples-item-iframe-wrapper\">\n                        <iframe class=\"application-examples-item-iframe application-examples-item-iframe-fixed-height\" data-src=\"https:\/\/elfsight.com\/examples?widget_id=2bf94145-5082-4f0a-9dd9-8fba17568d70&padding=28px+40px+40px\" width=\"100%\" height=\"500\" allow=\"autoplay; fullscreen\"><\/iframe>\n                    <\/div>\n\n                    <div class=\"application-examples-item-loader\"><\/div>\n                <\/div>\n            <\/div>\n\n<div class=\"application-examples-item application-examples-item-loading\">\n                            <div class=\"col-row\">\n                                <div class=\"col-6 col-m-8 col-s-12\"><h3 class=\"application-examples-item-title\">Przyk\u0142ad 2. Wyprzeda\u017c<\/h3><div class=\"application-examples-item-description\">Mo\u017cesz sprawi\u0107, \u017ce okno po\u0142\u0105czenia b\u0119dzie wygl\u0105da\u0142o bardziej spersonalizowane, dodaj\u0105c zdj\u0119cie mened\u017cera, kt\u00f3ry rozmawia przez telefon. Ten wid\u017cet pokazuje zdj\u0119cie, nazw\u0119 i pozycj\u0119. Jest te\u017c kr\u00f3tki podpis, kt\u00f3ry s\u0142u\u017cy do przyci\u0105gania nowych po\u0142\u0105cze\u0144. Mo\u017cesz przes\u0142a\u0107 sw\u00f3j obraz lub skorzysta\u0107 z biblioteki zawartej w naszym wid\u017cecie.<\/div><\/div>\n                <\/div>\n\n                <div class=\"application-examples-item-iframe-container browser-frame\">\n                    <div class=\"application-examples-item-iframe-wrapper\">\n                        <iframe class=\"application-examples-item-iframe application-examples-item-iframe-fixed-height\" data-src=\"https:\/\/elfsight.com\/examples?widget_id=b7ecb2c9-fb0e-4c2a-9670-0e439c1d452e&padding=28px+40px+40px\" width=\"100%\" height=\"500\" allow=\"autoplay; fullscreen\"><\/iframe>\n                    <\/div>\n\n                    <div class=\"application-examples-item-loader\"><\/div>\n                <\/div>\n            <\/div>\n\n<div class=\"application-examples-item application-examples-item-loading\">\n                            <div class=\"col-row\">\n                                <div class=\"col-6 col-m-8 col-s-12\"><h3 class=\"application-examples-item-title\">Przyk\u0142ad 3. Doradztwo<\/h3><div class=\"application-examples-item-description\">Promuj wszelkiego rodzaju us\u0142ugi przez telefon za pomoc\u0105 wid\u017cetu \u201eKliknij, aby zadzwoni\u0107\u201d. W tym przyk\u0142adzie u\u017cytkownikom proponuje si\u0119 konsultacj\u0119 z ekspertem. Aby nawi\u0105za\u0107 po\u0142\u0105czenie, wystarczy klikn\u0105\u0107 numer telefonu. Wid\u017cet mo\u017cna ustawi\u0107 tak, aby wyskakiwa\u0142 tylko wtedy, gdy jest to naprawd\u0119 potrzebne: po okre\u015blonym czasie sp\u0119dzonym na stronie, w okre\u015blonej pozycji przewijania lub przy zamiarze wyj\u015bcia.<\/div><\/div>\n                <\/div>\n\n                <div class=\"application-examples-item-iframe-container browser-frame\">\n                    <div class=\"application-examples-item-iframe-wrapper\">\n                        <iframe class=\"application-examples-item-iframe application-examples-item-iframe-fixed-height\" data-src=\"https:\/\/elfsight.com\/examples?widget_id=9e5c02cc-0149-4542-8f55-dfbce7de0968&padding=28px+40px+40px\" width=\"100%\" height=\"500\" allow=\"autoplay; fullscreen\"><\/iframe>\n                    <\/div>\n\n                    <div class=\"application-examples-item-loader\"><\/div>\n                <\/div>\n            <\/div>\n\n\n<div class=\"application-cta-create\">\n                    <div class=\"application-cta-create-bg\">\n                        <div class=\"application-cta-create-bg-left\"><\/div>\n\n                        <div class=\"application-cta-create-bg-right\">\n                            <img decoding=\"async\" src=\"https:\/\/elfsight.com\/pl\/wp-content\/themes\/elfsight\/frontend\/assets\/img\/application-cta-create.jpg\" alt=\"Zacznij od stworzenia swojego wid\u017cetu\">\n                        <\/div>\n                    <\/div>\n\n                    <div class=\"application-cta-create-content inner\">\n                        <div class=\"application-cta-create-content-inner\">\n                            <div class=\"application-cta-create-content-icon\">\n                                <svg viewBox=\"0 0 25 25\" width=\"100%\" height=\"100%\">\n                                    <use xlink:href=\"#icon-settings\"><\/use>\n                                <\/svg>\n                            <\/div>\n\n                            <div class=\"application-cta-create-content-title\">Zacznij od stworzenia swojego wid\u017cetu<\/div>\n\n                            <div class=\"application-cta-create-content-text\">Szybko. \u0141atwo. Bez kodowania.<\/div>\n\n                            <a class=\"application-cta-create-content-button button-48 button-has-right-icon button-black button\" href=\"\">\n                                <span class=\"button-label\">Utw\u00f3rz wid\u017cet<\/span>\n\n                                <svg class=\"button-icon\">\n                                    <use xlink:href=\"#icon-arrow-link\"><\/use>\n                                <\/svg>\n                            <\/a>\n                        <\/div>\n                    <\/div>\n                <\/div>\n\n\n<div class=\"application-examples-item application-examples-item-loading\">\n                            <div class=\"col-row\">\n                                <div class=\"col-6 col-m-8 col-s-12\"><h3 class=\"application-examples-item-title\">Przyk\u0142ad 4. Wsparcie<\/h3><div class=\"application-examples-item-description\">Mo\u017cesz zapewni\u0107 obs\u0142ug\u0119 klienta przez telefon i w takim przypadku wystarczy napisa\u0107 to w okienku rozmowy. Jak w tym przyk\u0142adzie, tekst zach\u0119ca u\u017cytkownik\u00f3w do nawi\u0105zania po\u0142\u0105czenia w przypadku, gdyby potrzebowali pomocy. Mo\u017cesz wybra\u0107 uk\u0142ad swobodny lub niestandardowy, aby zmieni\u0107 po\u0142o\u017cenie wid\u017cetu na stronie<\/div><\/div>\n                <\/div>\n\n                <div class=\"application-examples-item-iframe-container browser-frame\">\n                    <div class=\"application-examples-item-iframe-wrapper\">\n                        <iframe class=\"application-examples-item-iframe application-examples-item-iframe-fixed-height\" data-src=\"https:\/\/elfsight.com\/examples?widget_id=0a8139df-02e0-4fb6-a067-7404b252c196&padding=28px+40px+40px\" width=\"100%\" height=\"500\" allow=\"autoplay; fullscreen\"><\/iframe>\n                    <\/div>\n\n                    <div class=\"application-examples-item-loader\"><\/div>\n                <\/div>\n            <\/div>\n\n<div class=\"application-examples-item application-examples-item-loading\">\n                            <div class=\"col-row\">\n                                <div class=\"col-6 col-m-8 col-s-12\"><h3 class=\"application-examples-item-title\">Przyk\u0142ad 5. Rezerwacja<\/h3><div class=\"application-examples-item-description\">Ten przycisk Zadzwo\u0144 jest dostosowany specjalnie do rodzaju dzia\u0142alno\u015bci. Jest pomalowany na kolory s\u0142ynnego serwisu rezerwacyjnego i tworzy wizualne skojarzenie. Mo\u017cesz osobno wybra\u0107 kolor t\u0142a, tekstu i numeru telefonu oraz zmienia\u0107 rozmiary czcionek.<\/div><\/div>\n                <\/div>\n\n                <div class=\"application-examples-item-iframe-container browser-frame\">\n                    <div class=\"application-examples-item-iframe-wrapper\">\n                        <iframe class=\"application-examples-item-iframe application-examples-item-iframe-fixed-height\" data-src=\"https:\/\/elfsight.com\/examples?widget_id=9c97acb7-77ce-4276-8165-53403fc75410&padding=28px+40px+40px\" width=\"100%\" height=\"500\" allow=\"autoplay; fullscreen\"><\/iframe>\n                    <\/div>\n\n                    <div class=\"application-examples-item-loader\"><\/div>\n                <\/div>\n            <\/div>\n\n<div class=\"application-examples-item application-examples-item-loading\">\n                            <div class=\"col-row\">\n                                <div class=\"col-6 col-m-8 col-s-12\"><h3 class=\"application-examples-item-title\">Przyk\u0142ad 6. P\u0142ywaj\u0105cy przycisk Zadzwo\u0144<\/h3><div class=\"application-examples-item-description\">Ten przycisk jest naprawd\u0119 minimalistyczny: nie zawiera \u017cadnych dodatkowych informacji - tylko numer telefonu i wezwanie do dzia\u0142ania. Format p\u0142ywaj\u0105cy sprawia, \u017ce porusza si\u0119 razem z u\u017cytkownikiem. Mo\u017cesz ustawi\u0107 wid\u017cet tak, aby pojawia\u0142 si\u0119 tylko na okre\u015blonych stronach, na kt\u00f3rych jest naprawd\u0119 potrzebny, lub wykluczy\u0107 go z dowolnej strony.<\/div><\/div>\n                <\/div>\n\n                <div class=\"application-examples-item-iframe-container browser-frame\">\n                    <div class=\"application-examples-item-iframe-wrapper\">\n                        <iframe class=\"application-examples-item-iframe application-examples-item-iframe-fixed-height\" data-src=\"https:\/\/elfsight.com\/examples?widget_id=fe15f5b5-b5cb-4ff1-a502-321b404f278b&padding=28px+40px+40px\" width=\"100%\" height=\"500\" allow=\"autoplay; fullscreen\"><\/iframe>\n                    <\/div>\n\n                    <div class=\"application-examples-item-loader\"><\/div>\n                <\/div>\n            <\/div>\n","protected":false},"excerpt":{"rendered":"","protected":false},"author":13,"featured_media":0,"parent":2764,"menu_order":0,"comment_status":"closed","ping_status":"closed","template":"templates\/template-application-examples.php","meta":{"publish_to_discourse":"","publish_post_category":"","wpdc_auto_publish_overridden":"","wpdc_topic_tags":"","wpdc_pin_topic":"","wpdc_pin_until":"","discourse_post_id":"","discourse_permalink":"","wpdc_publishing_response":"","wpdc_publishing_error":"","footnotes":""},"class_list":["post-2779","page","type-page","status-publish","hentry"],"yoast_head":"<!-- This site is optimized with the Yoast SEO plugin v25.3.1 - https:\/\/yoast.com\/wordpress\/plugins\/seo\/ -->\n<title>Przyk\u0142ady Click to call - aktywny przycisk zadzwo\u0144 na stronie internetowej<\/title>\n<meta name=\"description\" content=\"TOP 6 przyk\u0142ad\u00f3w przycisku Zadzwo\u0144 na stronie www: zadzwo\u0144 do nas, sprzeda\u017c, konsultacje, wsparcie, rezerwacja i inne szablony.\" \/>\n<meta name=\"robots\" content=\"index, follow, max-snippet:-1, max-image-preview:large, max-video-preview:-1\" \/>\n<link rel=\"canonical\" href=\"https:\/\/elfsight.com\/pl\/click-to-call-widget\/examples\/\" \/>\n<meta property=\"og:locale\" content=\"pl_PL\" \/>\n<meta property=\"og:type\" content=\"article\" \/>\n<meta property=\"og:title\" content=\"Przyk\u0142ady Click to call - aktywny przycisk zadzwo\u0144 na stronie internetowej\" \/>\n<meta property=\"og:description\" content=\"TOP 6 przyk\u0142ad\u00f3w przycisku Zadzwo\u0144 na stronie www: zadzwo\u0144 do nas, sprzeda\u017c, konsultacje, wsparcie, rezerwacja i inne szablony.\" \/>\n<meta property=\"og:url\" content=\"https:\/\/elfsight.com\/pl\/click-to-call-widget\/examples\/\" \/>\n<meta property=\"og:site_name\" content=\"Elfsight PL\" \/>\n<meta property=\"article:modified_time\" content=\"2021-03-26T06:22:50+00:00\" \/>\n<meta name=\"twitter:card\" content=\"summary_large_image\" \/>\n<meta name=\"twitter:label1\" content=\"Szacowany czas czytania\" \/>\n\t<meta name=\"twitter:data1\" content=\"3 minuty\" \/>\n<!-- \/ Yoast SEO plugin. -->","yoast_head_json":{"title":"Przyk\u0142ady Click to call - aktywny przycisk zadzwo\u0144 na stronie internetowej","description":"TOP 6 przyk\u0142ad\u00f3w przycisku Zadzwo\u0144 na stronie www: zadzwo\u0144 do nas, sprzeda\u017c, konsultacje, wsparcie, rezerwacja i inne szablony.","robots":{"index":"index","follow":"follow","max-snippet":"max-snippet:-1","max-image-preview":"max-image-preview:large","max-video-preview":"max-video-preview:-1"},"canonical":"https:\/\/elfsight.com\/pl\/click-to-call-widget\/examples\/","og_locale":"pl_PL","og_type":"article","og_title":"Przyk\u0142ady Click to call - aktywny przycisk zadzwo\u0144 na stronie internetowej","og_description":"TOP 6 przyk\u0142ad\u00f3w przycisku Zadzwo\u0144 na stronie www: zadzwo\u0144 do nas, sprzeda\u017c, konsultacje, wsparcie, rezerwacja i inne szablony.","og_url":"https:\/\/elfsight.com\/pl\/click-to-call-widget\/examples\/","og_site_name":"Elfsight PL","article_modified_time":"2021-03-26T06:22:50+00:00","twitter_card":"summary_large_image","twitter_misc":{"Szacowany czas czytania":"3 minuty"},"schema":{"@context":"https:\/\/schema.org","@graph":[{"@type":"WebPage","@id":"https:\/\/elfsight.com\/pl\/click-to-call-widget\/examples\/","url":"https:\/\/elfsight.com\/pl\/click-to-call-widget\/examples\/","name":"Przyk\u0142ady Click to call - aktywny przycisk zadzwo\u0144 na stronie internetowej","isPartOf":{"@id":"https:\/\/elfsight.com\/pl\/#website"},"datePublished":"2021-03-26T06:12:20+00:00","dateModified":"2021-03-26T06:22:50+00:00","description":"TOP 6 przyk\u0142ad\u00f3w przycisku Zadzwo\u0144 na stronie www: zadzwo\u0144 do nas, sprzeda\u017c, konsultacje, wsparcie, rezerwacja i inne szablony.","breadcrumb":{"@id":"https:\/\/elfsight.com\/pl\/click-to-call-widget\/examples\/#breadcrumb"},"inLanguage":"pl-PL","potentialAction":[{"@type":"ReadAction","target":["https:\/\/elfsight.com\/pl\/click-to-call-widget\/examples\/"]}]},{"@type":"BreadcrumbList","@id":"https:\/\/elfsight.com\/pl\/click-to-call-widget\/examples\/#breadcrumb","itemListElement":[{"@type":"ListItem","position":1,"name":"Home","item":"https:\/\/elfsight.com\/pl\/"},{"@type":"ListItem","position":2,"name":"Click to Call","item":"https:\/\/elfsight.com\/pl\/click-to-call-widget\/"},{"@type":"ListItem","position":3,"name":"Click to Call &#8211; Examples"}]},{"@type":"WebSite","@id":"https:\/\/elfsight.com\/pl\/#website","url":"https:\/\/elfsight.com\/pl\/","name":"Elfsight PL","description":"Just another Elfsight Sites site","potentialAction":[{"@type":"SearchAction","target":{"@type":"EntryPoint","urlTemplate":"https:\/\/elfsight.com\/pl\/?s={search_term_string}"},"query-input":{"@type":"PropertyValueSpecification","valueRequired":true,"valueName":"search_term_string"}}],"inLanguage":"pl-PL"}]}},"meta_box":{"industry":"","seo_heading":"","heading":"","description":"","cta_heading":"","cta_description":"","application":"2763","h1":"","h1_caption":"","application_category":[],"applications_title":"","applications_request_title":"","applications_request_button_text":"","hero_text":"","hero_video":"","hero_video_schema_markup":"","selling_points_title":"","selling_points_caption":"","selling_points":[],"selling_points_cta_text":"","features_title":"","features":"","ed_cta_examples_text":"","ed_cta_examples_hidden":"","ed_cta_demo_text":"","ed_cta_demo_hidden":"","why_caption":"","why_editor_title":"","why_editor_text":"","why_team_title":"","why_team_text":"","why_service_title":"","why_service_text":"","template_catalog_visible":"","template_catalog_title":"","template_catalog_text":"","template_catalog_categories_visible":"","demo_title":"","demo_caption":"","default_faq_hidden":"","app_template_category":[],"platform":"","template_public_id":"","codecanyon_url":"","codecanyon_item_id":"","codecanyon_price":"","pricing_caption":"","pricing_elfsight_apps_hide_column":"","pricing_elfsight_apps_url":"","pricing_codecanyon_price_caption":"","integration_category":[],"integration_request_title":"","integration_request_cta":"","integration_platform":"","integrations":[],"platform_category":[],"video_schema_markup":"","price":"","trial":"","benefits":[],"button_url":"","button_target_blank":"","button_nofollow":"","attributes":[],"tags":[],"tags_disable_links":"","hide_more_platforms":"","video_object":"","demo_hide_cta":"","demo_hide_cloud_options":"","pricing_title":"","pricing":[],"related_apps_title":"","related_apps_hidden":"","author":"","image":[],"title":"","job":"","social_networks":[]},"_links":{"self":[{"href":"https:\/\/elfsight.com\/pl\/wp-json\/wp\/v2\/pages\/2779","targetHints":{"allow":["GET"]}}],"collection":[{"href":"https:\/\/elfsight.com\/pl\/wp-json\/wp\/v2\/pages"}],"about":[{"href":"https:\/\/elfsight.com\/pl\/wp-json\/wp\/v2\/types\/page"}],"author":[{"embeddable":true,"href":"https:\/\/elfsight.com\/pl\/wp-json\/wp\/v2\/users\/13"}],"replies":[{"embeddable":true,"href":"https:\/\/elfsight.com\/pl\/wp-json\/wp\/v2\/comments?post=2779"}],"version-history":[{"count":2,"href":"https:\/\/elfsight.com\/pl\/wp-json\/wp\/v2\/pages\/2779\/revisions"}],"predecessor-version":[{"id":2781,"href":"https:\/\/elfsight.com\/pl\/wp-json\/wp\/v2\/pages\/2779\/revisions\/2781"}],"up":[{"embeddable":true,"href":"https:\/\/elfsight.com\/pl\/wp-json\/wp\/v2\/pages\/2764"}],"wp:attachment":[{"href":"https:\/\/elfsight.com\/pl\/wp-json\/wp\/v2\/media?parent=2779"}],"curies":[{"name":"wp","href":"https:\/\/api.w.org\/{rel}","templated":true}]}}