{"id":277,"date":"2020-11-17T08:15:19","date_gmt":"2020-11-17T08:15:19","guid":{"rendered":"https:\/\/elfsight.com\/pl\/?page_id=277"},"modified":"2021-04-21T13:38:44","modified_gmt":"2021-04-21T13:38:44","slug":"ucoz-widgets","status":"publish","type":"page","link":"https:\/\/elfsight.com\/pl\/ucoz-widgets\/","title":{"rendered":"Ucoz widgets"},"content":{"rendered":"\n<h2>Najskuteczniejsze rozszerzenia Elfsight dla udoskonalenia twojej witryny internetowej Ucoz<\/h2>\n\n<p>Od szeregu lat nasz zesp\u00f3\u0142 deweloper\u00f3w Elfsight wypuszcza korzystne i uniwersalne rozwi\u0105zania chmurowe dla Twojej witryny internetowej. Mo\u017cemy zagwarantowa\u0107 najwy\u017cszej klasy pomoc techniczn\u0105 i szybkie \u0142adowanie. Rozszerzenia Elfsight wespraj\u0105 w\u0142a\u015bcicielom stron www, non-profit i wielu innym na \u015bwiecie zaradzi\u0107 podstawowymi dzia\u0142aniami bardziej efektywnie. \n<\/p>\n\n<p>Aby zwi\u0119kszy\u0107 sprzeda\u017c, pokaza\u0107 5-gwiazdkow\u0105 ocen\u0119 na Twoje produkty, zwi\u0119kszy\u0107 zaufanie do swojej marki, wystarczy zainstalowa\u0107 wid\u017cet do swojej serwisu www. Nasze plany subskrypcji s\u0105 w zakresie od bezp\u0142atnych do premium. Szybko wbudowa\u0107 wszelkie odpowiednie pluginy korzystaj\u0105c z naszej demonstracji i przekonaj si\u0119 jak bardzo mo\u017ce to by\u0107 wa\u017cne w kwestii rozwoju serwisu www Twojego firmy. <\/p>\n\n<h2>Co sprawia, \u017ce dodatki Elfsight s\u0105 tak wyj\u0105tkowymi rozwi\u0105zaniami dla Twojej strony www? <\/h2>\n\n<p> Sprawd\u017a spis kluczowych jako\u015bci naszych rozszerze\u0144, kt\u00f3re pomagaj\u0105 nam by\u0107 lepszymi, ni\u017c nasi konkurenci: <\/p>\n\n\n<ul>\n<li> Darmowa i natychmiastowa obs\u0142uga przy instalacje lub dostosowywanie aplikacji; <\/li>\n<li> Automatyczne dostosowanie do wszystkich rozdzielczo\u015bci stron internetowych i przyjazne dla urz\u0105dze\u0144 mobilnych; <\/li>\n<li> Nie trzeba uczy\u0107 si\u0119 programowa\u0107; <\/li>\n<li> Bogata oferta funkcji stylizacji; <\/li>\n<li> Rozwi\u0105zania w chmurze pomagaj\u0105 zwi\u0119kszy\u0107 szybko\u015b\u0107 \u0142adowania serwisu; <\/li>\n<li> Wszystkie dost\u0119pne poprawki s\u0105 bezp\u0142atne i regularnie publikowane; <\/li>\n<li> Sprawiedliwe ceny; <\/li>\n<li> Szybka pomoc z problemami klient\u00f3w. <\/li>\n<\/ul>\n\n<p> Sprawd\u017a bezp\u0142atne opcje naszych rozszerze\u0144 i u\u017cywaj jej potencja\u0142 lub kup dowolne wymagane aplikacje z 20% obni\u017ck\u0105. <\/p>\n\n\n<h2> Jak wstawi\u0107 Pa\u0144stwa pluginy na stronie Web Ucoz <\/h2>\n\n<p> Mo\u017cesz umie\u015bci\u0107 nasze pluginy, wykonuj\u0105c nast\u0119pnie czynno\u015bci z prostej instrukcji: <\/p>\n\n\n<ol>\n<li> Naci\u015bnij potrzebny wid\u017cet; <\/li>\n<li> Skonfiguruj przydatne zmiany; <\/li>\n<li> Kliknij przycisk &#8222;Zapisz Zmiany&#8221;; <\/li>\n<li> Otrzymaj otrzymany kod; <\/li>\n<li> Wstaw go w odpowiednim miejscu Twojej witryny lub szablonu; <\/li>\n<li> Zrobione! Zainstalowa\u0142e\u015b dodatek. <\/li>\n<\/ol>\n\n<p> Je\u015bli b\u0119dziesz potrzebowa\u0142 pomocy, nie wahaj si\u0119 skontaktowa\u0107 si\u0119 z zespo\u0142em obs\u0142ugi Elfsight. <\/p>\n","protected":false},"excerpt":{"rendered":"Najskuteczniejsze rozszerzenia Elfsight dla udoskonalenia twojej witryny internetowej Ucoz Od szeregu lat nasz zesp\u00f3\u0142 deweloper\u00f3w Elfsight wypuszcza korzystne i uniwersalne rozwi\u0105zania chmurowe dla Twojej witryny internetowej. Mo\u017cemy zagwarantowa\u0107 najwy\u017cszej klasy pomoc techniczn\u0105 i szybkie \u0142adowanie. Rozszerzenia Elfsight wespraj\u0105 w\u0142a\u015bcicielom stron www, non-profit i wielu innym na \u015bwiecie zaradzi\u0107 podstawowymi dzia\u0142aniami&#8230;","protected":false},"author":13,"featured_media":0,"parent":0,"menu_order":0,"comment_status":"closed","ping_status":"closed","template":"templates\/template-platform.php","meta":{"publish_to_discourse":"","publish_post_category":"","wpdc_auto_publish_overridden":"","wpdc_topic_tags":"","wpdc_pin_topic":"","wpdc_pin_until":"","discourse_post_id":"","discourse_permalink":"","wpdc_publishing_response":"","wpdc_publishing_error":"","footnotes":""},"class_list":["post-277","page","type-page","status-publish","hentry"],"yoast_head":"<!-- This site is optimized with the Yoast SEO plugin v25.3.1 - https:\/\/yoast.com\/wordpress\/plugins\/seo\/ -->\n<title>Ponad 80 najlepszych darmowych Ucoz widget\u00f3w dla strony internetowej<\/title>\n<meta name=\"description\" content=\"Lista doskona\u0142ych nieodp\u0142atnych rozszerze\u0144 najwy\u017cszej klasy dla twojej strony www Ucoz. Pom\u00f3c w dostosowywanie oraz bogata gama opcji.\" \/>\n<meta name=\"robots\" content=\"index, follow, max-snippet:-1, max-image-preview:large, max-video-preview:-1\" \/>\n<link rel=\"canonical\" href=\"https:\/\/elfsight.com\/pl\/ucoz-widgets\/\" \/>\n<meta property=\"og:locale\" content=\"pl_PL\" \/>\n<meta property=\"og:type\" content=\"article\" \/>\n<meta property=\"og:title\" content=\"Ponad 80 najlepszych darmowych Ucoz widget\u00f3w dla strony internetowej\" \/>\n<meta property=\"og:description\" content=\"Lista doskona\u0142ych nieodp\u0142atnych rozszerze\u0144 najwy\u017cszej klasy dla twojej strony www Ucoz. Pom\u00f3c w dostosowywanie oraz bogata gama opcji.\" \/>\n<meta property=\"og:url\" content=\"https:\/\/elfsight.com\/pl\/ucoz-widgets\/\" \/>\n<meta property=\"og:site_name\" content=\"Elfsight PL\" \/>\n<meta property=\"article:modified_time\" content=\"2021-04-21T13:38:44+00:00\" \/>\n<meta name=\"twitter:card\" content=\"summary_large_image\" \/>\n<meta name=\"twitter:label1\" content=\"Szacowany czas czytania\" \/>\n\t<meta name=\"twitter:data1\" content=\"2 minuty\" \/>\n<!-- \/ Yoast SEO plugin. -->","yoast_head_json":{"title":"Ponad 80 najlepszych darmowych Ucoz widget\u00f3w dla strony internetowej","description":"Lista doskona\u0142ych nieodp\u0142atnych rozszerze\u0144 najwy\u017cszej klasy dla twojej strony www Ucoz. Pom\u00f3c w dostosowywanie oraz bogata gama opcji.","robots":{"index":"index","follow":"follow","max-snippet":"max-snippet:-1","max-image-preview":"max-image-preview:large","max-video-preview":"max-video-preview:-1"},"canonical":"https:\/\/elfsight.com\/pl\/ucoz-widgets\/","og_locale":"pl_PL","og_type":"article","og_title":"Ponad 80 najlepszych darmowych Ucoz widget\u00f3w dla strony internetowej","og_description":"Lista doskona\u0142ych nieodp\u0142atnych rozszerze\u0144 najwy\u017cszej klasy dla twojej strony www Ucoz. Pom\u00f3c w dostosowywanie oraz bogata gama opcji.","og_url":"https:\/\/elfsight.com\/pl\/ucoz-widgets\/","og_site_name":"Elfsight PL","article_modified_time":"2021-04-21T13:38:44+00:00","twitter_card":"summary_large_image","twitter_misc":{"Szacowany czas czytania":"2 minuty"},"schema":{"@context":"https:\/\/schema.org","@graph":[{"@type":"WebPage","@id":"https:\/\/elfsight.com\/pl\/ucoz-widgets\/","url":"https:\/\/elfsight.com\/pl\/ucoz-widgets\/","name":"Ponad 80 najlepszych darmowych Ucoz widget\u00f3w dla strony internetowej","isPartOf":{"@id":"https:\/\/elfsight.com\/pl\/#website"},"datePublished":"2020-11-17T08:15:19+00:00","dateModified":"2021-04-21T13:38:44+00:00","description":"Lista doskona\u0142ych nieodp\u0142atnych rozszerze\u0144 najwy\u017cszej klasy dla twojej strony www Ucoz. Pom\u00f3c w dostosowywanie oraz bogata gama opcji.","breadcrumb":{"@id":"https:\/\/elfsight.com\/pl\/ucoz-widgets\/#breadcrumb"},"inLanguage":"pl-PL","potentialAction":[{"@type":"ReadAction","target":["https:\/\/elfsight.com\/pl\/ucoz-widgets\/"]}]},{"@type":"BreadcrumbList","@id":"https:\/\/elfsight.com\/pl\/ucoz-widgets\/#breadcrumb","itemListElement":[{"@type":"ListItem","position":1,"name":"Home","item":"https:\/\/elfsight.com\/pl\/"},{"@type":"ListItem","position":2,"name":"Ucoz widgets"}]},{"@type":"WebSite","@id":"https:\/\/elfsight.com\/pl\/#website","url":"https:\/\/elfsight.com\/pl\/","name":"Elfsight PL","description":"Just another Elfsight Sites site","potentialAction":[{"@type":"SearchAction","target":{"@type":"EntryPoint","urlTemplate":"https:\/\/elfsight.com\/pl\/?s={search_term_string}"},"query-input":{"@type":"PropertyValueSpecification","valueRequired":true,"valueName":"search_term_string"}}],"inLanguage":"pl-PL"}]}},"meta_box":{"industry":"","seo_heading":"","heading":"","description":"","cta_heading":"","cta_description":"","application":"","h1":"Najlepsze widgety Ucoz","h1_caption":"Nieodp\u0142atny spis rewelacyjnych dodatk\u00f3w najwy\u017cszej klasy z szerokim wachlarzem funkcji dla zwi\u0119kszenia zapotrzebowania u\u017cytkownika i wype\u0142nienia wszystkich r\u00f3\u017cnych zada\u0144 o charakterze handlowym. \u0141atwa instalacja, obszerny asortyment opcji dostosowywania a tak\u017ce do\u017cywotnie wsparcie klienta.","application_category":[],"applications_title":"Sprawd\u017a najlepsze widgety dla twojej witryny internetowej w\u015br\u00f3d wszystkich element\u00f3w interfejsu gratisowych w wersji Live Demo","applications_request_title":"Nie mo\u017cesz znale\u017a\u0107 odpowiedniego widgeta?","applications_request_button_text":"Zam\u00f3w widget","hero_text":"","hero_video":"","hero_video_schema_markup":"","selling_points_title":"","selling_points_caption":"","selling_points":[],"selling_points_cta_text":"","features_title":"","features":"","ed_cta_examples_text":"","ed_cta_examples_hidden":"","ed_cta_demo_text":"","ed_cta_demo_hidden":"","why_caption":"","why_editor_title":"","why_editor_text":"","why_team_title":"","why_team_text":"","why_service_title":"","why_service_text":"","template_catalog_visible":"","template_catalog_title":"","template_catalog_text":"","template_catalog_categories_visible":"","demo_title":"","demo_caption":"","default_faq_hidden":"","app_template_category":[],"platform":"274","template_public_id":"","codecanyon_url":"","codecanyon_item_id":"","codecanyon_price":"","pricing_caption":"","pricing_elfsight_apps_hide_column":"","pricing_elfsight_apps_url":"","pricing_codecanyon_price_caption":"","integration_category":[],"integration_request_title":"","integration_request_cta":"","integration_platform":"","integrations":[],"platform_category":[],"video_schema_markup":"","price":"","trial":"","benefits":[],"button_url":"","button_target_blank":"","button_nofollow":"","attributes":[],"tags":[],"tags_disable_links":"","hide_more_platforms":"","video_object":"","demo_hide_cta":"","demo_hide_cloud_options":"","pricing_title":"","pricing":[],"related_apps_title":"","related_apps_hidden":"","author":"","image":[],"title":"","job":"","social_networks":[]},"_links":{"self":[{"href":"https:\/\/elfsight.com\/pl\/wp-json\/wp\/v2\/pages\/277","targetHints":{"allow":["GET"]}}],"collection":[{"href":"https:\/\/elfsight.com\/pl\/wp-json\/wp\/v2\/pages"}],"about":[{"href":"https:\/\/elfsight.com\/pl\/wp-json\/wp\/v2\/types\/page"}],"author":[{"embeddable":true,"href":"https:\/\/elfsight.com\/pl\/wp-json\/wp\/v2\/users\/13"}],"replies":[{"embeddable":true,"href":"https:\/\/elfsight.com\/pl\/wp-json\/wp\/v2\/comments?post=277"}],"version-history":[{"count":2,"href":"https:\/\/elfsight.com\/pl\/wp-json\/wp\/v2\/pages\/277\/revisions"}],"predecessor-version":[{"id":279,"href":"https:\/\/elfsight.com\/pl\/wp-json\/wp\/v2\/pages\/277\/revisions\/279"}],"wp:attachment":[{"href":"https:\/\/elfsight.com\/pl\/wp-json\/wp\/v2\/media?parent=277"}],"curies":[{"name":"wp","href":"https:\/\/api.w.org\/{rel}","templated":true}]}}