{"id":2723,"date":"2021-03-23T12:51:25","date_gmt":"2021-03-23T12:51:25","guid":{"rendered":"https:\/\/elfsight.com\/pl\/?page_id=2723"},"modified":"2021-03-23T13:04:07","modified_gmt":"2021-03-23T13:04:07","slug":"examples","status":"publish","type":"page","link":"https:\/\/elfsight.com\/pl\/social-media-icons-widget\/examples\/","title":{"rendered":"Social Media Icons &#8211; examples"},"content":{"rendered":"\n<div class=\"application-examples-item application-examples-item-loading\">\n                            <div class=\"col-row\">\n                                <div class=\"col-6 col-m-8 col-s-12\"><h3 class=\"application-examples-item-title\">Przyk\u0142ad 1: Ikony Spo\u0142eczno\u015bciowe<\/h3><div class=\"application-examples-item-description\">Jest to jeden z najpopularniejszych wariant\u00f3w wid\u017cetu. Ikony s\u0105 okr\u0105g\u0142e i u\u0142o\u017cone w jednej poziomej linii - dzi\u0119ki wbudowanemu uk\u0142adowi wid\u017cetu. Chocia\u017c mo\u017cesz wybra\u0107 dowolny kolor t\u0142a, tutaj zachowane s\u0105 oryginalne kolory media, a ich symbole s\u0105 bia\u0142e. Jest to dobry wariant dla obszaru tre\u015bci dowolnej strony internetowej.<\/div><\/div>\n                <\/div>\n\n                <div class=\"application-examples-item-iframe-container browser-frame\">\n                    <div class=\"application-examples-item-iframe-wrapper\">\n                        <iframe class=\"application-examples-item-iframe\" data-src=\"https:\/\/elfsight.com\/examples?widget_id=a39387ab-d9ea-4e51-b176-0238eafc914d&padding=140px+40px+0\" width=\"100%\" allow=\"autoplay; fullscreen\"><\/iframe>\n                    <\/div>\n\n                    <div class=\"application-examples-item-loader\"><\/div>\n                <\/div>\n            <\/div>\n\n<div class=\"application-examples-item application-examples-item-loading\">\n                            <div class=\"col-row\">\n                                <div class=\"col-6 col-m-8 col-s-12\"><h3 class=\"application-examples-item-title\">Przyk\u0142ad 2: P\u0142ywaj\u0105ce ikony<\/h3><div class=\"application-examples-item-description\">Je\u015bli wybierzesz uk\u0142ad p\u0142ywaj\u0105cy, wid\u017cet b\u0119dzie porusza\u0142 si\u0119 po stronie, pod\u0105\u017caj\u0105c za zwojem, dzi\u0119ki czemu b\u0119dzie zawsze pod r\u0119k\u0105. Ten typ uk\u0142adu mo\u017cna wyr\u00f3wna\u0107 do dowolnej strony ekranu i zostanie zmieniony na poziomy, je\u015bli wybierzesz wyr\u00f3wnanie do \u015brodka. Ikony s\u0105 tutaj kwadratowe z domy\u015blnym stylem.<\/div><\/div>\n                <\/div>\n\n                <div class=\"application-examples-item-iframe-container browser-frame\">\n                    <div class=\"application-examples-item-iframe-wrapper\">\n                        <iframe class=\"application-examples-item-iframe\" data-src=\"https:\/\/elfsight.com\/examples?widget_id=4ce734ab-d0a4-47f3-8dd5-f6f544a84c56&padding=140px+40px+0\" width=\"100%\" allow=\"autoplay; fullscreen\"><\/iframe>\n                    <\/div>\n\n                    <div class=\"application-examples-item-loader\"><\/div>\n                <\/div>\n            <\/div>\n\n<div class=\"application-examples-item application-examples-item-loading\">\n                            <div class=\"col-row\">\n                                <div class=\"col-6 col-m-8 col-s-12\"><h3 class=\"application-examples-item-title\">Przyk\u0142ad 3: Ikony czarne<\/h3><div class=\"application-examples-item-description\">Te ikony wygl\u0105daj\u0105 absolutnie niepowtarzalnie dzi\u0119ki czarno-bia\u0142emu rozwi\u0105zaniu kolorystycznemu. W ustawieniach zmieniono kolory t\u0142a i symbol sieci. Ikony s\u0105 wbudowane i wyr\u00f3wnane do \u015brodka. Istnieje r\u00f3wnie\u017c efekt animacji po najechaniu kursorem.<\/div><\/div>\n                <\/div>\n\n                <div class=\"application-examples-item-iframe-container browser-frame\">\n                    <div class=\"application-examples-item-iframe-wrapper\">\n                        <iframe class=\"application-examples-item-iframe application-examples-item-iframe-fixed-height\" data-src=\"https:\/\/elfsight.com\/examples?widget_id=02aa9da1-726c-4323-a731-82b97e0249ac&padding=140px+40px+0\" width=\"100%\" height=\"350\" allow=\"autoplay; fullscreen\"><\/iframe>\n                    <\/div>\n\n                    <div class=\"application-examples-item-loader\"><\/div>\n                <\/div>\n            <\/div>\n\n<div class=\"application-cta-create\">\n                    <div class=\"application-cta-create-bg\">\n                        <div class=\"application-cta-create-bg-left\"><\/div>\n\n                        <div class=\"application-cta-create-bg-right\">\n                            <img decoding=\"async\" src=\"https:\/\/elfsight.com\/pl\/wp-content\/themes\/elfsight\/frontend\/assets\/img\/application-cta-create.jpg\" alt=\"Zacznij od stworzenia swojego wid\u017cetu\">\n                        <\/div>\n                    <\/div>\n\n                    <div class=\"application-cta-create-content inner\">\n                        <div class=\"application-cta-create-content-inner\">\n                            <div class=\"application-cta-create-content-icon\">\n                                <svg viewBox=\"0 0 25 25\" width=\"100%\" height=\"100%\">\n                                    <use xlink:href=\"#icon-settings\"><\/use>\n                                <\/svg>\n                            <\/div>\n\n                            <div class=\"application-cta-create-content-title\">Zacznij od stworzenia swojego wid\u017cetu<\/div>\n\n                            <div class=\"application-cta-create-content-text\">Szybko. \u0141atwo. Bez kodowania.<\/div>\n\n                            <a class=\"application-cta-create-content-button button-48 button-has-right-icon button-black button\" href=\"\">\n                                <span class=\"button-label\">Utw\u00f3rz wid\u017cet<\/span>\n\n                                <svg class=\"button-icon\">\n                                    <use xlink:href=\"#icon-arrow-link\"><\/use>\n                                <\/svg>\n                            <\/a>\n                        <\/div>\n                    <\/div>\n                <\/div>\n\n<div class=\"application-examples-item application-examples-item-loading\">\n                            <div class=\"col-row\">\n                                <div class=\"col-6 col-m-8 col-s-12\"><h3 class=\"application-examples-item-title\">Przyk\u0142ad 4: Ikony bia\u0142e<\/h3><div class=\"application-examples-item-description\">Aby dopasowa\u0107 wid\u017cet do og\u00f3lnej koncepcji stylu, mo\u017cesz ca\u0142kowicie zmieni\u0107 ich wygl\u0105d. Tutaj ikony maj\u0105 bia\u0142e t\u0142o, a symbole medi\u00f3w zachowa\u0142y natywne kolory, aby zachowa\u0107 autentyczno\u015b\u0107. Zaokr\u0105glony kszta\u0142t i niestandardowa szeroko\u015b\u0107 sprawi\u0142y, \u017ce wygl\u0105daj\u0105 na czyste i minimalistyczne.<\/div><\/div>\n                <\/div>\n\n                <div class=\"application-examples-item-iframe-container browser-frame\">\n                    <div class=\"application-examples-item-iframe-wrapper\">\n                        <iframe class=\"application-examples-item-iframe\" data-src=\"https:\/\/elfsight.com\/examples?widget_id=6ac81eff-028d-46dd-91ea-f13a8e0f2286&padding=140px+40px+0\" width=\"100%\" allow=\"autoplay; fullscreen\"><\/iframe>\n                    <\/div>\n\n                    <div class=\"application-examples-item-loader\"><\/div>\n                <\/div>\n            <\/div>\n\n<div class=\"application-examples-item application-examples-item-loading\">\n                            <div class=\"col-row\">\n                                <div class=\"col-6 col-m-8 col-s-12\"><h3 class=\"application-examples-item-title\">Przyk\u0142ad 5: Ikony schludne<\/h3><div class=\"application-examples-item-description\">Dzi\u0119ki stylowi Symbol zastosowanemu do tego wid\u017cetu ikony s\u0105 wy\u015bwietlane bez t\u0142a. Ikony medi\u00f3w zachowa\u0142y natywne kolory i wygl\u0105daj\u0105 maksymalnie minimalistycznie i czysto. Animacja powi\u0119kszenia pojawia si\u0119 po najechaniu kursorem, a do wyboru jest wi\u0119cej wariant\u00f3w animacji.<\/div><\/div>\n                <\/div>\n\n                <div class=\"application-examples-item-iframe-container browser-frame\">\n                    <div class=\"application-examples-item-iframe-wrapper\">\n                        <iframe class=\"application-examples-item-iframe\" data-src=\"https:\/\/elfsight.com\/examples?widget_id=384a754c-c101-4c7d-9ea6-06850e7ba6af&padding=140px+40px+0\" width=\"100%\" allow=\"autoplay; fullscreen\"><\/iframe>\n                    <\/div>\n\n                    <div class=\"application-examples-item-loader\"><\/div>\n                <\/div>\n            <\/div>\n\n<div class=\"application-examples-item application-examples-item-loading\">\n                            <div class=\"col-row\">\n                                <div class=\"col-6 col-m-8 col-s-12\"><h3 class=\"application-examples-item-title\">Przyk\u0142ad 6: Wi\u0119cej ikon<\/h3><div class=\"application-examples-item-description\">Mo\u017cesz wy\u015bwietli\u0107 dowoln\u0105 ilo\u015b\u0107 ikon na stronie, a ten przyk\u0142ad pokazuje, \u017ce b\u0119d\u0105 wygl\u0105da\u0107 \u015bwietnie - niezale\u017cnie od liczby. Tutaj 8 ikon s\u0105 rozmieszczone w jednej linii i wyr\u00f3wnane do \u015brodka. Wszystkie maj\u0105 natywne kolory t\u0142a i symboli oraz wy\u015bwietlaj\u0105 animacj\u0119 odbijania po najechaniu kursorem.<\/div><\/div>\n                <\/div>\n\n                <div class=\"application-examples-item-iframe-container browser-frame\">\n                    <div class=\"application-examples-item-iframe-wrapper\">\n                        <iframe class=\"application-examples-item-iframe\" data-src=\"https:\/\/elfsight.com\/examples?widget_id=28d8a218-1153-4b07-88b8-2debb5da9b3d&padding=140px+40px+0\" width=\"100%\" allow=\"autoplay; fullscreen\"><\/iframe>\n                    <\/div>\n\n                    <div class=\"application-examples-item-loader\"><\/div>\n                <\/div>\n            <\/div>\n\n<div class=\"application-examples-item application-examples-item-loading\">\n                            <div class=\"col-row\">\n                                <div class=\"col-6 col-m-8 col-s-12\"><h3 class=\"application-examples-item-title\">Przyk\u0142ad 7: Komunikatory<\/h3><div class=\"application-examples-item-description\">Ten przyk\u0142ad pokazuje, jak mo\u017cesz kierowa\u0107 u\u017cytkownik\u00f3w do swoich kana\u0142\u00f3w w komunikatorach bezpo\u015brednio ze strony internetowej. Ikony w tym przyk\u0142adzie maj\u0105 \u015bredni rozmiar 32 piksele i kszta\u0142t ko\u0142a. Oryginalne kolory komunikator\u00f3w s\u0105 zapisane w tle, a same symbole s\u0105 bia\u0142e. Te opcje, a tak\u017ce wi\u0119cej ustawie\u0144 dostosowywania mo\u017cna \u0142atwo zmieni\u0107 w edytorze.<\/div><\/div>\n                <\/div>\n\n                <div class=\"application-examples-item-iframe-container browser-frame\">\n                    <div class=\"application-examples-item-iframe-wrapper\">\n                        <iframe class=\"application-examples-item-iframe\" data-src=\"https:\/\/elfsight.com\/examples?widget_id=ba6fb5e7-354a-4852-83ee-9dc55cb498b1&padding=140px+40px+0\" width=\"100%\" allow=\"autoplay; fullscreen\"><\/iframe>\n                    <\/div>\n\n                    <div class=\"application-examples-item-loader\"><\/div>\n                <\/div>\n            <\/div>\n","protected":false},"excerpt":{"rendered":"","protected":false},"author":13,"featured_media":0,"parent":2699,"menu_order":0,"comment_status":"closed","ping_status":"closed","template":"templates\/template-application-examples.php","meta":{"publish_to_discourse":"","publish_post_category":"","wpdc_auto_publish_overridden":"","wpdc_topic_tags":"","wpdc_pin_topic":"","wpdc_pin_until":"","discourse_post_id":"","discourse_permalink":"","wpdc_publishing_response":"","wpdc_publishing_error":"","footnotes":""},"class_list":["post-2723","page","type-page","status-publish","hentry"],"yoast_head":"<!-- This site is optimized with the Yoast SEO plugin v25.3.1 - https:\/\/yoast.com\/wordpress\/plugins\/seo\/ -->\n<title>TOP 7 ikon medi\u00f3w spo\u0142eczno\u015bciowych na przyk\u0142adach stron (Prezentacja)<\/title>\n<meta name=\"description\" content=\"TOP 7 przyk\u0142ad\u00f3w ikon spo\u0142eczno\u015bciowych: klasyczny szablon, minimalistyczny design, p\u0142ywaj\u0105ce lub uniwersalne ikony i inne szablony.\" \/>\n<meta name=\"robots\" content=\"index, follow, max-snippet:-1, max-image-preview:large, max-video-preview:-1\" \/>\n<link rel=\"canonical\" href=\"https:\/\/elfsight.com\/pl\/social-media-icons-widget\/examples\/\" \/>\n<meta property=\"og:locale\" content=\"pl_PL\" \/>\n<meta property=\"og:type\" content=\"article\" \/>\n<meta property=\"og:title\" content=\"TOP 7 ikon medi\u00f3w spo\u0142eczno\u015bciowych na przyk\u0142adach stron (Prezentacja)\" \/>\n<meta property=\"og:description\" content=\"TOP 7 przyk\u0142ad\u00f3w ikon spo\u0142eczno\u015bciowych: klasyczny szablon, minimalistyczny design, p\u0142ywaj\u0105ce lub uniwersalne ikony i inne szablony.\" \/>\n<meta property=\"og:url\" content=\"https:\/\/elfsight.com\/pl\/social-media-icons-widget\/examples\/\" \/>\n<meta property=\"og:site_name\" content=\"Elfsight PL\" \/>\n<meta property=\"article:modified_time\" content=\"2021-03-23T13:04:07+00:00\" \/>\n<meta name=\"twitter:card\" content=\"summary_large_image\" \/>\n<meta name=\"twitter:label1\" content=\"Szacowany czas czytania\" \/>\n\t<meta name=\"twitter:data1\" content=\"3 minuty\" \/>\n<!-- \/ Yoast SEO plugin. -->","yoast_head_json":{"title":"TOP 7 ikon medi\u00f3w spo\u0142eczno\u015bciowych na przyk\u0142adach stron (Prezentacja)","description":"TOP 7 przyk\u0142ad\u00f3w ikon spo\u0142eczno\u015bciowych: klasyczny szablon, minimalistyczny design, p\u0142ywaj\u0105ce lub uniwersalne ikony i inne szablony.","robots":{"index":"index","follow":"follow","max-snippet":"max-snippet:-1","max-image-preview":"max-image-preview:large","max-video-preview":"max-video-preview:-1"},"canonical":"https:\/\/elfsight.com\/pl\/social-media-icons-widget\/examples\/","og_locale":"pl_PL","og_type":"article","og_title":"TOP 7 ikon medi\u00f3w spo\u0142eczno\u015bciowych na przyk\u0142adach stron (Prezentacja)","og_description":"TOP 7 przyk\u0142ad\u00f3w ikon spo\u0142eczno\u015bciowych: klasyczny szablon, minimalistyczny design, p\u0142ywaj\u0105ce lub uniwersalne ikony i inne szablony.","og_url":"https:\/\/elfsight.com\/pl\/social-media-icons-widget\/examples\/","og_site_name":"Elfsight PL","article_modified_time":"2021-03-23T13:04:07+00:00","twitter_card":"summary_large_image","twitter_misc":{"Szacowany czas czytania":"3 minuty"},"schema":{"@context":"https:\/\/schema.org","@graph":[{"@type":"WebPage","@id":"https:\/\/elfsight.com\/pl\/social-media-icons-widget\/examples\/","url":"https:\/\/elfsight.com\/pl\/social-media-icons-widget\/examples\/","name":"TOP 7 ikon medi\u00f3w spo\u0142eczno\u015bciowych na przyk\u0142adach stron (Prezentacja)","isPartOf":{"@id":"https:\/\/elfsight.com\/pl\/#website"},"datePublished":"2021-03-23T12:51:25+00:00","dateModified":"2021-03-23T13:04:07+00:00","description":"TOP 7 przyk\u0142ad\u00f3w ikon spo\u0142eczno\u015bciowych: klasyczny szablon, minimalistyczny design, p\u0142ywaj\u0105ce lub uniwersalne ikony i inne szablony.","breadcrumb":{"@id":"https:\/\/elfsight.com\/pl\/social-media-icons-widget\/examples\/#breadcrumb"},"inLanguage":"pl-PL","potentialAction":[{"@type":"ReadAction","target":["https:\/\/elfsight.com\/pl\/social-media-icons-widget\/examples\/"]}]},{"@type":"BreadcrumbList","@id":"https:\/\/elfsight.com\/pl\/social-media-icons-widget\/examples\/#breadcrumb","itemListElement":[{"@type":"ListItem","position":1,"name":"Home","item":"https:\/\/elfsight.com\/pl\/"},{"@type":"ListItem","position":2,"name":"Social Media Icons","item":"https:\/\/elfsight.com\/pl\/social-media-icons-widget\/"},{"@type":"ListItem","position":3,"name":"Social Media Icons &#8211; examples"}]},{"@type":"WebSite","@id":"https:\/\/elfsight.com\/pl\/#website","url":"https:\/\/elfsight.com\/pl\/","name":"Elfsight PL","description":"Just another Elfsight Sites site","potentialAction":[{"@type":"SearchAction","target":{"@type":"EntryPoint","urlTemplate":"https:\/\/elfsight.com\/pl\/?s={search_term_string}"},"query-input":{"@type":"PropertyValueSpecification","valueRequired":true,"valueName":"search_term_string"}}],"inLanguage":"pl-PL"}]}},"meta_box":{"industry":"","seo_heading":"","heading":"","description":"","cta_heading":"","cta_description":"","application":"2698","h1":"","h1_caption":"","application_category":[],"applications_title":"","applications_request_title":"","applications_request_button_text":"","hero_text":"","hero_video":"","hero_video_schema_markup":"","selling_points_title":"","selling_points_caption":"","selling_points":[],"selling_points_cta_text":"","features_title":"","features":"","ed_cta_examples_text":"","ed_cta_examples_hidden":"","ed_cta_demo_text":"","ed_cta_demo_hidden":"","why_caption":"","why_editor_title":"","why_editor_text":"","why_team_title":"","why_team_text":"","why_service_title":"","why_service_text":"","template_catalog_visible":"","template_catalog_title":"","template_catalog_text":"","template_catalog_categories_visible":"","demo_title":"","demo_caption":"","default_faq_hidden":"","app_template_category":[],"platform":"","template_public_id":"","codecanyon_url":"","codecanyon_item_id":"","codecanyon_price":"","pricing_caption":"","pricing_elfsight_apps_hide_column":"","pricing_elfsight_apps_url":"","pricing_codecanyon_price_caption":"","integration_category":[],"integration_request_title":"","integration_request_cta":"","integration_platform":"","integrations":[],"platform_category":[],"video_schema_markup":"","price":"","trial":"","benefits":[],"button_url":"","button_target_blank":"","button_nofollow":"","attributes":[],"tags":[],"tags_disable_links":"","hide_more_platforms":"","video_object":"","demo_hide_cta":"","demo_hide_cloud_options":"","pricing_title":"","pricing":[],"related_apps_title":"","related_apps_hidden":"","author":"","image":[],"title":"","job":"","social_networks":[]},"_links":{"self":[{"href":"https:\/\/elfsight.com\/pl\/wp-json\/wp\/v2\/pages\/2723","targetHints":{"allow":["GET"]}}],"collection":[{"href":"https:\/\/elfsight.com\/pl\/wp-json\/wp\/v2\/pages"}],"about":[{"href":"https:\/\/elfsight.com\/pl\/wp-json\/wp\/v2\/types\/page"}],"author":[{"embeddable":true,"href":"https:\/\/elfsight.com\/pl\/wp-json\/wp\/v2\/users\/13"}],"replies":[{"embeddable":true,"href":"https:\/\/elfsight.com\/pl\/wp-json\/wp\/v2\/comments?post=2723"}],"version-history":[{"count":2,"href":"https:\/\/elfsight.com\/pl\/wp-json\/wp\/v2\/pages\/2723\/revisions"}],"predecessor-version":[{"id":2725,"href":"https:\/\/elfsight.com\/pl\/wp-json\/wp\/v2\/pages\/2723\/revisions\/2725"}],"up":[{"embeddable":true,"href":"https:\/\/elfsight.com\/pl\/wp-json\/wp\/v2\/pages\/2699"}],"wp:attachment":[{"href":"https:\/\/elfsight.com\/pl\/wp-json\/wp\/v2\/media?parent=2723"}],"curies":[{"name":"wp","href":"https:\/\/api.w.org\/{rel}","templated":true}]}}