{"id":271,"date":"2020-11-17T08:04:20","date_gmt":"2020-11-17T08:04:20","guid":{"rendered":"https:\/\/elfsight.com\/pl\/?page_id=271"},"modified":"2021-04-21T13:38:33","modified_gmt":"2021-04-21T13:38:33","slug":"elementor-widgets","status":"publish","type":"page","link":"https:\/\/elfsight.com\/pl\/elementor-widgets\/","title":{"rendered":"Elementor widgets"},"content":{"rendered":"\n<h2>Najbardziej optymalne wtyczki Elfsight dla aktualizacji twojej witryny Elementor<\/h2>\n\n<p>Przez kilka lat nasz zesp\u00f3\u0142 specjalist\u00f3w Elfsight wynajduje przyjazne dla u\u017cytkownika i uniwersalne rozwi\u0105zania chmurowe dla Twojej strony internetowej. Mo\u017cemy zagwarantowa\u0107 najwy\u017cszej klasy pomoc techniczn\u0105 oraz du\u017c\u0105 szybko\u015b\u0107 \u0142adowania. Us\u0142ugi aplikacyjne Elfsight pomagaj\u0105 w\u0142a\u015bcicielom stron www, niekomercyjnych oraz innym z ca\u0142ego \u015bwiata zaradzi\u0107 r\u00f3\u017cnymi dzia\u0142aniami efektywniej. \n<\/p>\n\n<p>A\u017ceby podnie\u015b\u0107 poziom sprzeda\u017cy, pokaza\u0107 pozytywny feedback na Twoje us\u0142ugi, zwi\u0119kszy\u0107 zaufanie do swojej marki, wystarczy zainstalowa\u0107 widget do Pa\u0144stwa serwisu www. Nasze plany taryfowe wahaj\u0105 si\u0119 od bezp\u0142atnych do premium. Spr\u00f3buj do\u0142\u0105czy\u0107 dowolnie odpowiednie wid\u017cety za pomoc\u0105 naszej wersji Live Demo i poznaj jak bardzo mo\u017ce to by\u0107 po\u017cyteczne w kwestii rozwoju strony Web Pa\u0144stwa przedsi\u0119biorstwa. <\/p>\n\n<h2>Co powoduje, \u017ce aplikacji Elfsight s\u0105 tak wyj\u0105tkowymi rozwi\u0105zaniami dla Twojej witryny? <\/h2>\n\n<p> Oto list\u0119 powa\u017cnych jako\u015bci naszych aplikacji, kt\u00f3re pomagaj\u0105 nam by\u0107 lepszymi, ni\u017c nasi konkurenci: <\/p>\n\n\n<ul>\n<li> Nieodp\u0142atna i sprawna wsparcie przy wbudowaniu lub personalizacji rozszerze\u0144; <\/li>\n<li> Adaptacja do wszystkich rozdzielczo\u015bci witryn internetowych i przyjazne dla urz\u0105dze\u0144 mobilnych; <\/li>\n<li> Nie trzeba mie\u0107 \u015brodk\u00f3w programowania lub umiej\u0119tno\u015bci; <\/li>\n<li> Szeroka gama ustawie\u0144 dostosowywania; <\/li>\n<li> Rozwi\u0105zania w chmurze pomagaj\u0105 zwi\u0119kszy\u0107 pr\u0119dko\u015b\u0107 \u0142adowania witryny; <\/li>\n<li> Wszystkie dost\u0119pne poprawki s\u0105 gratisowe i regularnie publikowane; <\/li>\n<li> Sprawiedliwe ceny; <\/li>\n<li> Profesjonalna pomoc w przypadku problem\u00f3w. <\/li>\n<\/ul>\n\n<p> Sprawd\u017a bezp\u0142atne opcje naszych wtyczek i wykorzystaj jej potencja\u0142 lub zainstaluj dowolne wymagane aplikacje z 20% obni\u017ck\u0105. <\/p>\n\n\n<h2> Jak do\u0142\u0105czy\u0107 widgety Elfsight na witrynie Elementor <\/h2>\n\n<p> Aby zintegrowa\u0107 nasze rozszerzenia, zoba\u0107 wszystkie czynno\u015bci z kr\u00f3tkiej wskaz\u00f3wki: <\/p>\n\n\n<ol>\n<li> Wybierz przydatn\u0105 wtyczk\u0119; <\/li>\n<li> Zmodyfikuj niekt\u00f3re przydatne zmiany; <\/li>\n<li> Nie zapomnij zapisa\u0107 zmiany; <\/li>\n<li> Kliknij wygenerowany kod; <\/li>\n<li> Dodaj go w wymaganym miejscu swojej strony lub szablonu; <\/li>\n<li> Sko\u0144czone! Uda\u0142o Ci si\u0119 zintegrowa\u0107 plugin. <\/li>\n<\/ol>\n\n<p> Je\u015bli potrzebujesz doradztwa, zapraszamy skontaktuj si\u0119 z zespo\u0142em wspieraj\u0105cego Elfsight. <\/p>\n","protected":false},"excerpt":{"rendered":"Najbardziej optymalne wtyczki Elfsight dla aktualizacji twojej witryny Elementor Przez kilka lat nasz zesp\u00f3\u0142 specjalist\u00f3w Elfsight wynajduje przyjazne dla u\u017cytkownika i uniwersalne rozwi\u0105zania chmurowe dla Twojej strony internetowej. Mo\u017cemy zagwarantowa\u0107 najwy\u017cszej klasy pomoc techniczn\u0105 oraz du\u017c\u0105 szybko\u015b\u0107 \u0142adowania. Us\u0142ugi aplikacyjne Elfsight pomagaj\u0105 w\u0142a\u015bcicielom stron www, niekomercyjnych oraz innym z ca\u0142ego&#8230;","protected":false},"author":13,"featured_media":0,"parent":0,"menu_order":0,"comment_status":"closed","ping_status":"closed","template":"templates\/template-platform.php","meta":{"publish_to_discourse":"","publish_post_category":"","wpdc_auto_publish_overridden":"","wpdc_topic_tags":"","wpdc_pin_topic":"","wpdc_pin_until":"","discourse_post_id":"","discourse_permalink":"","wpdc_publishing_response":"","wpdc_publishing_error":"","footnotes":""},"class_list":["post-271","page","type-page","status-publish","hentry"],"yoast_head":"<!-- This site is optimized with the Yoast SEO plugin v25.3.1 - https:\/\/yoast.com\/wordpress\/plugins\/seo\/ -->\n<title>Ponad 80 najlepszych Elementor wid\u017cet\u00f3w dla strony internetowej<\/title>\n<meta name=\"description\" content=\"Zbi\u00f3r testowanych darmowych wid\u017cet\u00f3w najwy\u017cszej klasy dla twojej witryny sieci Web Elementor. Pom\u00f3c w dostosowanie i bogata gama mo\u017cliwo\u015bci.\" \/>\n<meta name=\"robots\" content=\"index, follow, max-snippet:-1, max-image-preview:large, max-video-preview:-1\" \/>\n<link rel=\"canonical\" href=\"https:\/\/elfsight.com\/pl\/elementor-widgets\/\" \/>\n<meta property=\"og:locale\" content=\"pl_PL\" \/>\n<meta property=\"og:type\" content=\"article\" \/>\n<meta property=\"og:title\" content=\"Ponad 80 najlepszych Elementor wid\u017cet\u00f3w dla strony internetowej\" \/>\n<meta property=\"og:description\" content=\"Zbi\u00f3r testowanych darmowych wid\u017cet\u00f3w najwy\u017cszej klasy dla twojej witryny sieci Web Elementor. Pom\u00f3c w dostosowanie i bogata gama mo\u017cliwo\u015bci.\" \/>\n<meta property=\"og:url\" content=\"https:\/\/elfsight.com\/pl\/elementor-widgets\/\" \/>\n<meta property=\"og:site_name\" content=\"Elfsight PL\" \/>\n<meta property=\"article:modified_time\" content=\"2021-04-21T13:38:33+00:00\" \/>\n<meta name=\"twitter:card\" content=\"summary_large_image\" \/>\n<meta name=\"twitter:label1\" content=\"Szacowany czas czytania\" \/>\n\t<meta name=\"twitter:data1\" content=\"2 minuty\" \/>\n<!-- \/ Yoast SEO plugin. -->","yoast_head_json":{"title":"Ponad 80 najlepszych Elementor wid\u017cet\u00f3w dla strony internetowej","description":"Zbi\u00f3r testowanych darmowych wid\u017cet\u00f3w najwy\u017cszej klasy dla twojej witryny sieci Web Elementor. Pom\u00f3c w dostosowanie i bogata gama mo\u017cliwo\u015bci.","robots":{"index":"index","follow":"follow","max-snippet":"max-snippet:-1","max-image-preview":"max-image-preview:large","max-video-preview":"max-video-preview:-1"},"canonical":"https:\/\/elfsight.com\/pl\/elementor-widgets\/","og_locale":"pl_PL","og_type":"article","og_title":"Ponad 80 najlepszych Elementor wid\u017cet\u00f3w dla strony internetowej","og_description":"Zbi\u00f3r testowanych darmowych wid\u017cet\u00f3w najwy\u017cszej klasy dla twojej witryny sieci Web Elementor. Pom\u00f3c w dostosowanie i bogata gama mo\u017cliwo\u015bci.","og_url":"https:\/\/elfsight.com\/pl\/elementor-widgets\/","og_site_name":"Elfsight PL","article_modified_time":"2021-04-21T13:38:33+00:00","twitter_card":"summary_large_image","twitter_misc":{"Szacowany czas czytania":"2 minuty"},"schema":{"@context":"https:\/\/schema.org","@graph":[{"@type":"WebPage","@id":"https:\/\/elfsight.com\/pl\/elementor-widgets\/","url":"https:\/\/elfsight.com\/pl\/elementor-widgets\/","name":"Ponad 80 najlepszych Elementor wid\u017cet\u00f3w dla strony internetowej","isPartOf":{"@id":"https:\/\/elfsight.com\/pl\/#website"},"datePublished":"2020-11-17T08:04:20+00:00","dateModified":"2021-04-21T13:38:33+00:00","description":"Zbi\u00f3r testowanych darmowych wid\u017cet\u00f3w najwy\u017cszej klasy dla twojej witryny sieci Web Elementor. Pom\u00f3c w dostosowanie i bogata gama mo\u017cliwo\u015bci.","breadcrumb":{"@id":"https:\/\/elfsight.com\/pl\/elementor-widgets\/#breadcrumb"},"inLanguage":"pl-PL","potentialAction":[{"@type":"ReadAction","target":["https:\/\/elfsight.com\/pl\/elementor-widgets\/"]}]},{"@type":"BreadcrumbList","@id":"https:\/\/elfsight.com\/pl\/elementor-widgets\/#breadcrumb","itemListElement":[{"@type":"ListItem","position":1,"name":"Home","item":"https:\/\/elfsight.com\/pl\/"},{"@type":"ListItem","position":2,"name":"Elementor widgets"}]},{"@type":"WebSite","@id":"https:\/\/elfsight.com\/pl\/#website","url":"https:\/\/elfsight.com\/pl\/","name":"Elfsight PL","description":"Just another Elfsight Sites site","potentialAction":[{"@type":"SearchAction","target":{"@type":"EntryPoint","urlTemplate":"https:\/\/elfsight.com\/pl\/?s={search_term_string}"},"query-input":{"@type":"PropertyValueSpecification","valueRequired":true,"valueName":"search_term_string"}}],"inLanguage":"pl-PL"}]}},"meta_box":{"industry":"","seo_heading":"","heading":"","description":"","cta_heading":"","cta_description":"","application":"","h1":"Najlepsze widgety Elementor","h1_caption":"Darmowy odbi\u00f3r gotowych do u\u017cycia wtyczek najwy\u017cszej klasy z szerokim zakresem mo\u017cliwo\u015bci dla zwi\u0119kszenia sprzeda\u017cy i wykonania wszystkich innych dzia\u0142a\u0144 w zakresie rozwoju komercyjnego. Nieskomplikowane w\u0142\u0105czanie, bogata oferta opcji konfiguracji oraz kompetentne wsparcie klienta.","application_category":[],"applications_title":"Wypr\u00f3buj najodpowiedniejsze wid\u017cety dla twojej witryny sieci Web w\u015br\u00f3d wszystkich dodatk\u00f3w nieodp\u0142atnych w demonstracje online","applications_request_title":"Nie mo\u017cesz znale\u017a\u0107 odpowiedniego widgeta?","applications_request_button_text":"Zam\u00f3w widget","hero_text":"","hero_video":"","hero_video_schema_markup":"","selling_points_title":"","selling_points_caption":"","selling_points":[],"selling_points_cta_text":"","features_title":"","features":"","ed_cta_examples_text":"","ed_cta_examples_hidden":"","ed_cta_demo_text":"","ed_cta_demo_hidden":"","why_caption":"","why_editor_title":"","why_editor_text":"","why_team_title":"","why_team_text":"","why_service_title":"","why_service_text":"","template_catalog_visible":"","template_catalog_title":"","template_catalog_text":"","template_catalog_categories_visible":"","demo_title":"","demo_caption":"","default_faq_hidden":"","app_template_category":[],"platform":"268","template_public_id":"","codecanyon_url":"","codecanyon_item_id":"","codecanyon_price":"","pricing_caption":"","pricing_elfsight_apps_hide_column":"","pricing_elfsight_apps_url":"","pricing_codecanyon_price_caption":"","integration_category":[],"integration_request_title":"","integration_request_cta":"","integration_platform":"","integrations":[],"platform_category":[],"video_schema_markup":"","price":"","trial":"","benefits":[],"button_url":"","button_target_blank":"","button_nofollow":"","attributes":[],"tags":[],"tags_disable_links":"","hide_more_platforms":"","video_object":"","demo_hide_cta":"","demo_hide_cloud_options":"","pricing_title":"","pricing":[],"related_apps_title":"","related_apps_hidden":"","author":"","image":[],"title":"","job":"","social_networks":[]},"_links":{"self":[{"href":"https:\/\/elfsight.com\/pl\/wp-json\/wp\/v2\/pages\/271","targetHints":{"allow":["GET"]}}],"collection":[{"href":"https:\/\/elfsight.com\/pl\/wp-json\/wp\/v2\/pages"}],"about":[{"href":"https:\/\/elfsight.com\/pl\/wp-json\/wp\/v2\/types\/page"}],"author":[{"embeddable":true,"href":"https:\/\/elfsight.com\/pl\/wp-json\/wp\/v2\/users\/13"}],"replies":[{"embeddable":true,"href":"https:\/\/elfsight.com\/pl\/wp-json\/wp\/v2\/comments?post=271"}],"version-history":[{"count":2,"href":"https:\/\/elfsight.com\/pl\/wp-json\/wp\/v2\/pages\/271\/revisions"}],"predecessor-version":[{"id":273,"href":"https:\/\/elfsight.com\/pl\/wp-json\/wp\/v2\/pages\/271\/revisions\/273"}],"wp:attachment":[{"href":"https:\/\/elfsight.com\/pl\/wp-json\/wp\/v2\/media?parent=271"}],"curies":[{"name":"wp","href":"https:\/\/api.w.org\/{rel}","templated":true}]}}