{"id":2684,"date":"2021-03-23T08:33:37","date_gmt":"2021-03-23T08:33:37","guid":{"rendered":"https:\/\/elfsight.com\/pl\/?page_id=2684"},"modified":"2024-07-16T13:08:24","modified_gmt":"2024-07-16T13:08:24","slug":"examples","status":"publish","type":"page","link":"https:\/\/elfsight.com\/pl\/audio-player-widget\/examples\/","title":{"rendered":"Audio Player &#8211; Examples"},"content":{"rendered":"\n<div class=\"application-examples-item application-examples-item-loading\">\n                            <div class=\"col-row\">\n                                <div class=\"col-6 col-m-8 col-s-12\"><h3 class=\"application-examples-item-title\">Przyk\u0142ad 1. Lista odtwarzania muzyki<\/h3><div class=\"application-examples-item-description\">Tutaj ciemny schemat i uk\u0142ad p\u0142ywaj\u0105cy tworz\u0105 minimalistyczny wysuwany player na strone, kt\u00f3remu towarzyszy prze\u0142\u0105czalna lista odtwarzania. Umieszczony na dole strony, nie zajmuje du\u017co miejsca, ale jest bardzo funkcjonalny.\n<\/div><\/div>\n                <\/div>\n\n                <div class=\"application-examples-item-iframe-container browser-frame\">\n                    <div class=\"application-examples-item-iframe-wrapper\">\n                        <iframe class=\"application-examples-item-iframe application-examples-item-iframe-fixed-height\" data-src=\"https:\/\/elfsight.com\/examples?widget_id=206b3260-aea3-4802-a047-790435f194e9\" width=\"100%\" height=\"500\" allow=\"autoplay; fullscreen\"><\/iframe>\n                    <\/div>\n\n                    <div class=\"application-examples-item-loader\"><\/div>\n                <\/div>\n            <\/div>\n\n<div class=\"application-examples-item application-examples-item-loading\">\n                            <div class=\"col-row\">\n                                <div class=\"col-6 col-m-8 col-s-12\"><h3 class=\"application-examples-item-title\">Przyk\u0142ad 2. Medytacja i atmosfera<\/h3><div class=\"application-examples-item-description\">Niestandardowy schemat kolor\u00f3w pozwoli\u0142 na przes\u0142anie obrazu t\u0142a u\u017cytkownika, kt\u00f3ry najlepiej uzupe\u0142ni og\u00f3lny projekt strony www. Lista odtwarzania jest ukryta, aby zaoszcz\u0119dzi\u0107 miejsce na stronie.<\/div><\/div>\n                <\/div>\n\n                <div class=\"application-examples-item-iframe-container browser-frame\">\n                    <div class=\"application-examples-item-iframe-wrapper\">\n                        <iframe class=\"application-examples-item-iframe application-examples-item-iframe-fixed-height\" data-src=\"https:\/\/elfsight.com\/examples?widget_id=0a46b723-4710-4642-8bb3-e198bf4ada04\" width=\"100%\" height=\"600\" allow=\"autoplay; fullscreen\"><\/iframe>\n                    <\/div>\n\n                    <div class=\"application-examples-item-loader\"><\/div>\n                <\/div>\n            <\/div>\n\n<div class=\"application-examples-item application-examples-item-loading\">\n                            <div class=\"col-row\">\n                                <div class=\"col-6 col-m-8 col-s-12\"><h3 class=\"application-examples-item-title\">Przyk\u0142ad 3. Audiobook<\/h3><div class=\"application-examples-item-description\">W odtwarzaczu znajduje si\u0119 ok\u0142adka ksi\u0105\u017cki i lista odtwarzania zawieraj\u0105ca rozdzia\u0142y ksi\u0105\u017cki. Uk\u0142ad osadzony s\u0142u\u017cy do bezproblemowej integracji widgetu ze stref\u0105 zawarto\u015bci.<\/div><\/div>\n                <\/div>\n\n                <div class=\"application-examples-item-iframe-container browser-frame\">\n                    <div class=\"application-examples-item-iframe-wrapper\">\n                        <iframe class=\"application-examples-item-iframe application-examples-item-iframe-fixed-height\" data-src=\"https:\/\/elfsight.com\/examples?widget_id=298bdf0b-6e5a-4995-a666-c8f6ca000ca2\" width=\"100%\" height=\"500\" allow=\"autoplay; fullscreen\"><\/iframe>\n                    <\/div>\n\n                    <div class=\"application-examples-item-loader\"><\/div>\n                <\/div>\n            <\/div>\n\n<div class=\"application-cta-create\">\n                    <div class=\"application-cta-create-bg\">\n                        <div class=\"application-cta-create-bg-left\"><\/div>\n\n                        <div class=\"application-cta-create-bg-right\">\n                            <img decoding=\"async\" src=\"https:\/\/elfsight.com\/pl\/wp-content\/themes\/elfsight\/frontend\/assets\/img\/application-cta-create.jpg\" alt=\"Zacznij od stworzenia swojego wid\u017cetu\">\n                        <\/div>\n                    <\/div>\n\n                    <div class=\"application-cta-create-content inner\">\n                        <div class=\"application-cta-create-content-inner\">\n                            <div class=\"application-cta-create-content-icon\">\n                                <svg viewBox=\"0 0 25 25\" width=\"100%\" height=\"100%\">\n                                    <use xlink:href=\"#icon-settings\"><\/use>\n                                <\/svg>\n                            <\/div>\n\n                            <div class=\"application-cta-create-content-title\">Zacznij od stworzenia swojego wid\u017cetu<\/div>\n\n                            <div class=\"application-cta-create-content-text\">Szybko. \u0141atwo. Bez kodowania.<\/div>\n\n                            <a class=\"application-cta-create-content-button button-48 button-has-right-icon button-black button\" href=\"\">\n                                <span class=\"button-label\">Utw\u00f3rz wid\u017cet<\/span>\n\n                                <svg class=\"button-icon\">\n                                    <use xlink:href=\"#icon-arrow-link\"><\/use>\n                                <\/svg>\n                            <\/a>\n                        <\/div>\n                    <\/div>\n                <\/div>\n\n<div class=\"application-examples-item application-examples-item-loading\">\n                            <div class=\"col-row\">\n                                <div class=\"col-6 col-m-8 col-s-12\"><h3 class=\"application-examples-item-title\">Przyk\u0142ad 4. D\u017awi\u0119ki natury<\/h3><div class=\"application-examples-item-description\">Odtwarzacz zawiera tylko list\u0119 odtwarzania, pasek post\u0119pu i ikony kontrolne. Tytu\u0142, obraz i artysta s\u0105 wy\u0142\u0105czone, aby nie rozprasza\u0107 uwagi u\u017cytkownik\u00f3w.<\/div><\/div>\n                <\/div>\n\n                <div class=\"application-examples-item-iframe-container browser-frame\">\n                    <div class=\"application-examples-item-iframe-wrapper\">\n                        <iframe class=\"application-examples-item-iframe application-examples-item-iframe-fixed-height\" data-src=\"https:\/\/elfsight.com\/examples?widget_id=51928e21-6649-4ab1-a743-3b1abf9a4215\" width=\"100%\" height=\"500\" allow=\"autoplay; fullscreen\"><\/iframe>\n                    <\/div>\n\n                    <div class=\"application-examples-item-loader\"><\/div>\n                <\/div>\n            <\/div>\n<div class=\"application-examples-item application-examples-item-loading\">\n                            <div class=\"col-row\">\n                                <div class=\"col-6 col-m-8 col-s-12\"><h3 class=\"application-examples-item-title\">Przyk\u0142ad 5. Pojedynczy utw\u00f3r<\/h3><div class=\"application-examples-item-description\">Audio Player Elfsight to doskona\u0142e narz\u0119dzie nie tylko do tworzenia list odtwarzania, ale tak\u017ce do prezentacji pojedynczego utworu. Aby podkre\u015bli\u0107 uwag\u0119, po prostu u\u017cyj uk\u0142adu Osadzony i atrakcyjnego obrazu t\u0142a.<\/div><\/div>\n                <\/div>\n\n                <div class=\"application-examples-item-iframe-container browser-frame\">\n                    <div class=\"application-examples-item-iframe-wrapper\">\n                        <iframe class=\"application-examples-item-iframe application-examples-item-iframe-fixed-height\" data-src=\"https:\/\/elfsight.com\/examples?widget_id=dfd4cda5-756a-4eb4-a11f-0beef78b2f7e\" width=\"100%\" height=\"300\" allow=\"autoplay; fullscreen\"><\/iframe>\n                    <\/div>\n\n                    <div class=\"application-examples-item-loader\"><\/div>\n                <\/div>\n            <\/div>\n<div class=\"application-examples-item application-examples-item-loading\">\n                            <div class=\"col-row\">\n                                <div class=\"col-6 col-m-8 col-s-12\"><h3 class=\"application-examples-item-title\">Przyk\u0142ad 6. Nowy album<\/h3><div class=\"application-examples-item-description\">Zaprezentuj nowe albumy w najbardziej niezwyk\u0142y spos\u00f3b. Korzystaj\u0105c z niestandardowego schematu kolor\u00f3w i atrakcyjnego obrazu t\u0142a, mo\u017cesz stworzy\u0107 niesamowity odtwarzacz, kt\u00f3rego Twoi widzowie nie przegapi\u0105.<\/div><\/div>\n                <\/div>\n\n                <div class=\"application-examples-item-iframe-container browser-frame\">\n                    <div class=\"application-examples-item-iframe-wrapper\">\n                        <iframe class=\"application-examples-item-iframe application-examples-item-iframe-fixed-height\" data-src=\"https:\/\/elfsight.com\/examples?widget_id=8d2469bc-8a09-431d-b383-e4abafd3cb59\" width=\"100%\" height=\"500\" allow=\"autoplay; fullscreen\"><\/iframe>\n                    <\/div>\n\n                    <div class=\"application-examples-item-loader\"><\/div>\n                <\/div>\n            <\/div>\n","protected":false},"excerpt":{"rendered":"","protected":false},"author":13,"featured_media":0,"parent":2674,"menu_order":0,"comment_status":"closed","ping_status":"closed","template":"templates\/template-application-examples.php","meta":{"publish_to_discourse":"","publish_post_category":"","wpdc_auto_publish_overridden":"","wpdc_topic_tags":"","wpdc_pin_topic":"","wpdc_pin_until":"","discourse_post_id":"","discourse_permalink":"","wpdc_publishing_response":"","wpdc_publishing_error":"","footnotes":""},"class_list":["post-2684","page","type-page","status-publish","hentry"],"yoast_head":"<!-- This site is optimized with the Yoast SEO plugin v25.3.1 - https:\/\/yoast.com\/wordpress\/plugins\/seo\/ -->\n<title>Najlepsze przyk\u0142ady odtwarzacza audio na stronie internetowej (TOP 6)<\/title>\n<meta name=\"description\" content=\"TOP 6 przyk\u0142ad\u00f3w odtwarzacza audio na stronie: Nowy album, D\u017awi\u0119ki natury i inne szablony. Probny wid\u017cet odtwarzacza na Twoja strone.\" \/>\n<meta name=\"robots\" content=\"index, follow, max-snippet:-1, max-image-preview:large, max-video-preview:-1\" \/>\n<link rel=\"canonical\" href=\"https:\/\/elfsight.com\/pl\/audio-player-widget\/examples\/\" \/>\n<meta property=\"og:locale\" content=\"pl_PL\" \/>\n<meta property=\"og:type\" content=\"article\" \/>\n<meta property=\"og:title\" content=\"Najlepsze przyk\u0142ady odtwarzacza audio na stronie internetowej (TOP 6)\" \/>\n<meta property=\"og:description\" content=\"TOP 6 przyk\u0142ad\u00f3w odtwarzacza audio na stronie: Nowy album, D\u017awi\u0119ki natury i inne szablony. Probny wid\u017cet odtwarzacza na Twoja strone.\" \/>\n<meta property=\"og:url\" content=\"https:\/\/elfsight.com\/pl\/audio-player-widget\/examples\/\" \/>\n<meta property=\"og:site_name\" content=\"Elfsight PL\" \/>\n<meta property=\"article:modified_time\" content=\"2024-07-16T13:08:24+00:00\" \/>\n<meta name=\"twitter:card\" content=\"summary_large_image\" \/>\n<meta name=\"twitter:label1\" content=\"Szacowany czas czytania\" \/>\n\t<meta name=\"twitter:data1\" content=\"2 minuty\" \/>\n<!-- \/ Yoast SEO plugin. -->","yoast_head_json":{"title":"Najlepsze przyk\u0142ady odtwarzacza audio na stronie internetowej (TOP 6)","description":"TOP 6 przyk\u0142ad\u00f3w odtwarzacza audio na stronie: Nowy album, D\u017awi\u0119ki natury i inne szablony. Probny wid\u017cet odtwarzacza na Twoja strone.","robots":{"index":"index","follow":"follow","max-snippet":"max-snippet:-1","max-image-preview":"max-image-preview:large","max-video-preview":"max-video-preview:-1"},"canonical":"https:\/\/elfsight.com\/pl\/audio-player-widget\/examples\/","og_locale":"pl_PL","og_type":"article","og_title":"Najlepsze przyk\u0142ady odtwarzacza audio na stronie internetowej (TOP 6)","og_description":"TOP 6 przyk\u0142ad\u00f3w odtwarzacza audio na stronie: Nowy album, D\u017awi\u0119ki natury i inne szablony. Probny wid\u017cet odtwarzacza na Twoja strone.","og_url":"https:\/\/elfsight.com\/pl\/audio-player-widget\/examples\/","og_site_name":"Elfsight PL","article_modified_time":"2024-07-16T13:08:24+00:00","twitter_card":"summary_large_image","twitter_misc":{"Szacowany czas czytania":"2 minuty"},"schema":{"@context":"https:\/\/schema.org","@graph":[{"@type":"WebPage","@id":"https:\/\/elfsight.com\/pl\/audio-player-widget\/examples\/","url":"https:\/\/elfsight.com\/pl\/audio-player-widget\/examples\/","name":"Najlepsze przyk\u0142ady odtwarzacza audio na stronie internetowej (TOP 6)","isPartOf":{"@id":"https:\/\/elfsight.com\/pl\/#website"},"datePublished":"2021-03-23T08:33:37+00:00","dateModified":"2024-07-16T13:08:24+00:00","description":"TOP 6 przyk\u0142ad\u00f3w odtwarzacza audio na stronie: Nowy album, D\u017awi\u0119ki natury i inne szablony. Probny wid\u017cet odtwarzacza na Twoja strone.","breadcrumb":{"@id":"https:\/\/elfsight.com\/pl\/audio-player-widget\/examples\/#breadcrumb"},"inLanguage":"pl-PL","potentialAction":[{"@type":"ReadAction","target":["https:\/\/elfsight.com\/pl\/audio-player-widget\/examples\/"]}]},{"@type":"BreadcrumbList","@id":"https:\/\/elfsight.com\/pl\/audio-player-widget\/examples\/#breadcrumb","itemListElement":[{"@type":"ListItem","position":1,"name":"Home","item":"https:\/\/elfsight.com\/pl\/"},{"@type":"ListItem","position":2,"name":"Audio Player","item":"https:\/\/elfsight.com\/pl\/audio-player-widget\/"},{"@type":"ListItem","position":3,"name":"Audio Player &#8211; Examples"}]},{"@type":"WebSite","@id":"https:\/\/elfsight.com\/pl\/#website","url":"https:\/\/elfsight.com\/pl\/","name":"Elfsight PL","description":"Just another Elfsight Sites site","potentialAction":[{"@type":"SearchAction","target":{"@type":"EntryPoint","urlTemplate":"https:\/\/elfsight.com\/pl\/?s={search_term_string}"},"query-input":{"@type":"PropertyValueSpecification","valueRequired":true,"valueName":"search_term_string"}}],"inLanguage":"pl-PL"}]}},"meta_box":{"industry":"","seo_heading":"","heading":"","description":"","cta_heading":"","cta_description":"","application":"2673","h1":"","h1_caption":"","application_category":[],"applications_title":"","applications_request_title":"","applications_request_button_text":"","hero_text":"","hero_video":"","hero_video_schema_markup":"","selling_points_title":"","selling_points_caption":"","selling_points":[],"selling_points_cta_text":"","features_title":"","features":"","ed_cta_examples_text":"","ed_cta_examples_hidden":"","ed_cta_demo_text":"","ed_cta_demo_hidden":"","why_caption":"","why_editor_title":"","why_editor_text":"","why_team_title":"","why_team_text":"","why_service_title":"","why_service_text":"","template_catalog_visible":"","template_catalog_title":"","template_catalog_text":"","template_catalog_categories_visible":"","demo_title":"","demo_caption":"","default_faq_hidden":"","app_template_category":[],"platform":"","template_public_id":"","codecanyon_url":"","codecanyon_item_id":"","codecanyon_price":"","pricing_caption":"","pricing_elfsight_apps_hide_column":"","pricing_elfsight_apps_url":"","pricing_codecanyon_price_caption":"","integration_category":[],"integration_request_title":"","integration_request_cta":"","integration_platform":"","integrations":[],"platform_category":[],"video_schema_markup":"","price":"","trial":"","benefits":[],"button_url":"","button_target_blank":"","button_nofollow":"","attributes":[],"tags":[],"tags_disable_links":"","hide_more_platforms":"","video_object":"","demo_hide_cta":"","demo_hide_cloud_options":"","pricing_title":"","pricing":[],"related_apps_title":"","related_apps_hidden":"","author":"","image":[],"title":"","job":"","social_networks":[]},"_links":{"self":[{"href":"https:\/\/elfsight.com\/pl\/wp-json\/wp\/v2\/pages\/2684","targetHints":{"allow":["GET"]}}],"collection":[{"href":"https:\/\/elfsight.com\/pl\/wp-json\/wp\/v2\/pages"}],"about":[{"href":"https:\/\/elfsight.com\/pl\/wp-json\/wp\/v2\/types\/page"}],"author":[{"embeddable":true,"href":"https:\/\/elfsight.com\/pl\/wp-json\/wp\/v2\/users\/13"}],"replies":[{"embeddable":true,"href":"https:\/\/elfsight.com\/pl\/wp-json\/wp\/v2\/comments?post=2684"}],"version-history":[{"count":6,"href":"https:\/\/elfsight.com\/pl\/wp-json\/wp\/v2\/pages\/2684\/revisions"}],"predecessor-version":[{"id":7544,"href":"https:\/\/elfsight.com\/pl\/wp-json\/wp\/v2\/pages\/2684\/revisions\/7544"}],"up":[{"embeddable":true,"href":"https:\/\/elfsight.com\/pl\/wp-json\/wp\/v2\/pages\/2674"}],"wp:attachment":[{"href":"https:\/\/elfsight.com\/pl\/wp-json\/wp\/v2\/media?parent=2684"}],"curies":[{"name":"wp","href":"https:\/\/api.w.org\/{rel}","templated":true}]}}