{"id":2656,"date":"2021-03-18T14:14:21","date_gmt":"2021-03-18T14:14:21","guid":{"rendered":"https:\/\/elfsight.com\/pl\/?page_id=2656"},"modified":"2024-07-18T12:30:23","modified_gmt":"2024-07-18T12:30:23","slug":"examples","status":"publish","type":"page","link":"https:\/\/elfsight.com\/pl\/number-counter-widget\/examples\/","title":{"rendered":"Number Counter &#8211; Examples"},"content":{"rendered":"\n<div class=\"application-examples-item application-examples-item-loading\">\n                            <div class=\"col-row\">\n                                <div class=\"col-6 col-m-8 col-s-12\"><h3 class=\"application-examples-item-title\">Przyk\u0142ad 1. Sprz\u0105tanie<\/h3><div class=\"application-examples-item-description\">Zapewniasz doskona\u0142\u0105 obs\u0142ug\u0119 w swoim mie\u015bcie? Podziel si\u0119 swoimi niesamowitymi osi\u0105gni\u0119ciami i udowodnij, \u017ce jeste\u015b firm\u0105 godn\u0105 zaufania, dzi\u0119ki zgrabnemu szablonowi Licznik. Dodaj chwytliwe wielokolorowe ikony i odmaluj elementy lub cyfry, je\u015bli potrzebujesz.<\/div><\/div>\n                <\/div>\n\n                <div class=\"application-examples-item-iframe-container browser-frame\">\n                    <div class=\"application-examples-item-iframe-wrapper\">\n                        <iframe class=\"application-examples-item-iframe\" data-src=\"https:\/\/elfsight.com\/examples?widget_id=7268acc2-d138-4570-a9e5-e541e289c87f\" width=\"100%\" allow=\"autoplay; fullscreen\"><\/iframe>\n                    <\/div>\n\n                    <div class=\"application-examples-item-loader\"><\/div>\n                <\/div>\n            <\/div>\n\n<div class=\"application-examples-item application-examples-item-loading\">\n                            <div class=\"col-row\">\n                                <div class=\"col-6 col-m-8 col-s-12\"><h3 class=\"application-examples-item-title\">Przyk\u0142ad 2. Praca pisarza w liczbach<\/h3><div class=\"application-examples-item-description\">Poka\u017c swoim odbiorcom, ile czasu i wysi\u0142ku po\u015bwi\u0119ci\u0142e\u015b. Dodaj szereg licznik\u00f3w w zale\u017cno\u015bci od tego, czym warto si\u0119 pochwali\u0107: opublikowanymi ksi\u0105\u017ckami, godzinami ci\u0119\u017ckiej pracy itp. U\u017cyj szablonu lub niestandardowego obrazu, aby stylizowa\u0107 swoje liczniki.<\/div><\/div>\n                <\/div>\n\n                <div class=\"application-examples-item-iframe-container browser-frame\">\n                    <div class=\"application-examples-item-iframe-wrapper\">\n                        <iframe class=\"application-examples-item-iframe\" data-src=\"https:\/\/elfsight.com\/examples?widget_id=dace77ca-e222-482c-88e8-1faa55a1f8e8\" width=\"100%\" allow=\"autoplay; fullscreen\"><\/iframe>\n                    <\/div>\n\n                    <div class=\"application-examples-item-loader\"><\/div>\n                <\/div>\n            <\/div>\n\n<div class=\"application-examples-item application-examples-item-loading\">\n                            <div class=\"col-row\">\n                                <div class=\"col-6 col-m-8 col-s-12\"><h3 class=\"application-examples-item-title\">Przyk\u0142ad 3. Rozw\u00f3j firmy w 2020 roku<\/h3><div class=\"application-examples-item-description\">Szablon pomaga zaprezentowa\u0107 niesamowite rezultaty: wzrost finans\u00f3w, zako\u0144czone sukcesem projekty i osi\u0105gni\u0119cia. Do\u0142\u0105czaj wielokolorowe lub jednokolorowe ikony i od\u015bwie\u017caj t\u0142o tak, jak chcesz, aby bezproblemowo osadzi\u0107 wid\u017cet bezpo\u015brednio na swojej stronie internetowej.<\/div><\/div>\n                <\/div>\n\n                <div class=\"application-examples-item-iframe-container browser-frame\">\n                    <div class=\"application-examples-item-iframe-wrapper\">\n                        <iframe class=\"application-examples-item-iframe\" data-src=\"https:\/\/elfsight.com\/examples?widget_id=995752d1-84f5-4e20-8855-00f8d6f16103\" width=\"100%\" allow=\"autoplay; fullscreen\"><\/iframe>\n                    <\/div>\n\n                    <div class=\"application-examples-item-loader\"><\/div>\n                <\/div>\n            <\/div>\n\n<div class=\"application-examples-item application-examples-item-loading\">\n                            <div class=\"col-row\">\n                                <div class=\"col-6 col-m-8 col-s-12\"><h3 class=\"application-examples-item-title\">Przyk\u0142ad 4. Sukces w liczbach<\/h3><div class=\"application-examples-item-description\">Najlepszy szablon do pokazania, \u017ce jeste\u015b renomowanym partnerem lub firm\u0105. Dodaj obraz t\u0142a, u\u017cyj du\u017cego rozmiaru czcionki, dodaj przyrostek, aby okre\u015bli\u0107, w czym jeste\u015b \u015bwietny.<\/div><\/div>\n                <\/div>\n\n                <div class=\"application-examples-item-iframe-container browser-frame\">\n                    <div class=\"application-examples-item-iframe-wrapper\">\n                        <iframe class=\"application-examples-item-iframe\" data-src=\"https:\/\/elfsight.com\/examples?widget_id=eec3c716-2dc5-41cd-8170-2c873759b756\" width=\"100%\" allow=\"autoplay; fullscreen\"><\/iframe>\n                    <\/div>\n\n                    <div class=\"application-examples-item-loader\"><\/div>\n                <\/div>\n            <\/div>\n\n<div class=\"application-examples-item application-examples-item-loading\">\n                            <div class=\"col-row\">\n                                <div class=\"col-6 col-m-8 col-s-12\"><h3 class=\"application-examples-item-title\">Przyk\u0142ad 5. Uniwersytet w liczbach<\/h3><div class=\"application-examples-item-description\">Czy jeste\u015b dumny ze swojej presti\u017cowej szko\u0142y lub uniwersytetu? Utw\u00f3rz wid\u017cet Licznik, aby zaprosi\u0107 jeszcze wi\u0119cej uczni\u00f3w na kursy! Pochwal si\u0119 imponuj\u0105c\u0105 liczb\u0105 student\u00f3w, wysoko wykwalifikowan\u0105 kadr\u0105 i opublikowanymi badaniami naukowymi.<\/div><\/div>\n                <\/div>\n\n                <div class=\"application-examples-item-iframe-container browser-frame\">\n                    <div class=\"application-examples-item-iframe-wrapper\">\n                        <iframe class=\"application-examples-item-iframe\" data-src=\"https:\/\/apps.elfsight.com\/template\/80fe11f1-b325-4afd-a48e-16be78e2e040\" width=\"100%\" allow=\"autoplay; fullscreen\"><\/iframe>\n                    <\/div>\n\n                    <div class=\"application-examples-item-loader\"><\/div>\n                <\/div>\n            <\/div>\n<div class=\"application-examples-item application-examples-item-loading\">\n                            <div class=\"col-row\">\n                                <div class=\"col-6 col-m-8 col-s-12\"><h3 class=\"application-examples-item-title\">Przyk\u0142ad 6. Posadzone drzewa<\/h3><div class=\"application-examples-item-description\">Masz ogromn\u0105 liczb\u0119, o kt\u00f3rej chcia\u0142by\u015b opowiedzie\u0107? Sadzenie drzew, budowanie dom\u00f3w dla os\u00f3b potrzebuj\u0105cych lub inna praca wolontariacka. Nie wahaj si\u0119 i podziel si\u0119 tym ze \u015bwiatem!<\/div><\/div>\n                <\/div>\n\n                <div class=\"application-examples-item-iframe-container browser-frame\">\n                    <div class=\"application-examples-item-iframe-wrapper\">\n                        <iframe class=\"application-examples-item-iframe\" data-src=\"https:\/\/elfsight.com\/examples?widget_id=54cb8394-bff1-4161-acbd-724844d2dcae\" width=\"100%\" allow=\"autoplay; fullscreen\"><\/iframe>\n                    <\/div>\n\n                    <div class=\"application-examples-item-loader\"><\/div>\n                <\/div>\n            <\/div>\n<div class=\"application-cta-create\">\n                    <div class=\"application-cta-create-bg\">\n                        <div class=\"application-cta-create-bg-left\"><\/div>\n\n                        <div class=\"application-cta-create-bg-right\">\n                            <img decoding=\"async\" src=\"https:\/\/elfsight.com\/pl\/wp-content\/themes\/elfsight\/frontend\/assets\/img\/application-cta-create.jpg\" alt=\"Zacznij od stworzenia swojego wid\u017cetu\">\n                        <\/div>\n                    <\/div>\n\n                    <div class=\"application-cta-create-content inner\">\n                        <div class=\"application-cta-create-content-inner\">\n                            <div class=\"application-cta-create-content-icon\">\n                                <svg viewBox=\"0 0 25 25\" width=\"100%\" height=\"100%\">\n                                    <use xlink:href=\"#icon-settings\"><\/use>\n                                <\/svg>\n                            <\/div>\n\n                            <div class=\"application-cta-create-content-title\">Zacznij od stworzenia swojego wid\u017cetu<\/div>\n\n                            <div class=\"application-cta-create-content-text\">Szybko. \u0141atwo. Bez kodowania.<\/div>\n\n                            <a class=\"application-cta-create-content-button button-48 button-has-right-icon button-black button\" href=\"\">\n                                <span class=\"button-label\">Utw\u00f3rz wid\u017cet<\/span>\n\n                                <svg class=\"button-icon\">\n                                    <use xlink:href=\"#icon-arrow-link\"><\/use>\n                                <\/svg>\n                            <\/a>\n                        <\/div>\n                    <\/div>\n                <\/div>\n\n<div class=\"application-examples-item application-examples-item-loading\">\n                            <div class=\"col-row\">\n                                <div class=\"col-6 col-m-8 col-s-12\"><h3 class=\"application-examples-item-title\">Przyk\u0142ad 7. 2020 rok w liczbach<\/h3><div class=\"application-examples-item-description\">Poka\u017c swoim klientom, jak ci\u0119\u017ck\u0105 prac\u0119 wykona\u0142e\u015b w tym roku! Wy\u015bwietlaj swoje wyniki za pomoc\u0105 niesamowitej siatki licznik\u00f3w. Dodaj obraz t\u0142a swojego zespo\u0142u i ikony, aby lepiej zaprezentowa\u0107 swoje osi\u0105gni\u0119cia.<\/div><\/div>\n                <\/div>\n\n                <div class=\"application-examples-item-iframe-container browser-frame\">\n                    <div class=\"application-examples-item-iframe-wrapper\">\n                        <iframe class=\"application-examples-item-iframe\" data-src=\"https:\/\/elfsight.com\/examples?widget_id=ad4394c6-54ef-44d4-8141-6b7175ecbfb4\" width=\"100%\" allow=\"autoplay; fullscreen\"><\/iframe>\n                    <\/div>\n\n                    <div class=\"application-examples-item-loader\"><\/div>\n                <\/div>\n            <\/div>\n\n<div class=\"application-examples-item application-examples-item-loading\">\n                            <div class=\"col-row\">\n                                <div class=\"col-6 col-m-8 col-s-12\"><h3 class=\"application-examples-item-title\">Przyk\u0142ad 8. Pobrania aplikacji<\/h3><div class=\"application-examples-item-description\">Ile os\u00f3b polubi\u0142o Tw\u00f3j produkt lub ksi\u0105\u017ck\u0119? Dodaj liczb\u0119, uczy\u0144 j\u0105 ogromn\u0105 i przyci\u0105gaj\u0105c\u0105 uwag\u0119, u\u017cyj jasnego t\u0142a i przyci\u0105gnij uwag\u0119 nowych odbiorc\u00f3w.<\/div><\/div>\n                <\/div>\n\n                <div class=\"application-examples-item-iframe-container browser-frame\">\n                    <div class=\"application-examples-item-iframe-wrapper\">\n                        <iframe class=\"application-examples-item-iframe\" data-src=\"https:\/\/elfsight.com\/examples?widget_id=1badd278-a070-404c-a66f-0ca124a27634\" width=\"100%\" allow=\"autoplay; fullscreen\"><\/iframe>\n                    <\/div>\n\n                    <div class=\"application-examples-item-loader\"><\/div>\n                <\/div>\n            <\/div>\n\n<div class=\"application-examples-item application-examples-item-loading\">\n                            <div class=\"col-row\">\n                                <div class=\"col-6 col-m-8 col-s-12\"><h3 class=\"application-examples-item-title\">Przyk\u0142ad 9. Dobry pocz\u0105tek<\/h3><div class=\"application-examples-item-description\">Skorzystaj z tego szablonu, aby zademonstrowa\u0107 zdumiewaj\u0105ce osi\u0105gni\u0119cia w ci\u0105gu kr\u00f3tkiego czasu, w kt\u00f3rym rozpocz\u0105\u0142e\u015b ten projekt. Zmie\u0144 kolor element\u00f3w i dostosuj liczniki, aby idealnie osadzi\u0107 wid\u017cet na stronie.<\/div><\/div>\n                <\/div>\n\n                <div class=\"application-examples-item-iframe-container browser-frame\">\n                    <div class=\"application-examples-item-iframe-wrapper\">\n                        <iframe class=\"application-examples-item-iframe\" data-src=\"https:\/\/elfsight.com\/examples?widget_id=93e97bf5-2c00-4514-8ce3-8ccce9e40222&padding=50\" width=\"100%\" allow=\"autoplay; fullscreen\"><\/iframe>\n                    <\/div>\n\n                    <div class=\"application-examples-item-loader\"><\/div>\n                <\/div>\n            <\/div>\n\n<div class=\"application-examples-item application-examples-item-loading\">\n                            <div class=\"col-row\">\n                                <div class=\"col-6 col-m-8 col-s-12\"><h3 class=\"application-examples-item-title\">Przyk\u0142ad 10. Kawiarnia<\/h3><div class=\"application-examples-item-description\">Dodaj kusz\u0105ce obrazy kawy lub deseru jako t\u0142o i powiedz go\u015bciom o wysokiej jako\u015bci specja\u0142\u00f3w i zadowolonych klientach w liczbach.<\/div><\/div>\n                <\/div>\n\n                <div class=\"application-examples-item-iframe-container browser-frame\">\n                    <div class=\"application-examples-item-iframe-wrapper\">\n                        <iframe class=\"application-examples-item-iframe application-examples-item-iframe-fixed-height\" data-src=\"https:\/\/elfsight.com\/examples?widget_id=98543119-1fa1-406d-8651-58b6b150052b\" width=\"100%\" height=\"300\" allow=\"autoplay; fullscreen\"><\/iframe>\n                    <\/div>\n\n                    <div class=\"application-examples-item-loader\"><\/div>\n                <\/div>\n            <\/div>\n\n<div class=\"application-examples-item application-examples-item-loading\">\n                            <div class=\"col-row\">\n                                <div class=\"col-6 col-m-8 col-s-12\"><h3 class=\"application-examples-item-title\">Przyk\u0142ad 11. Korzy\u015bci z ro\u015blin<\/h3><div class=\"application-examples-item-description\">Aby przekona\u0107 odbiorc\u00f3w o konieczno\u015bci ro\u015blin, zdrowej diecie lub czymkolwiek chcesz - u\u017cyj licznik\u00f3w. Ludzie bardziej ufaj\u0105 liczbom ni\u017c s\u0142owom.<\/div><\/div>\n                <\/div>\n\n                <div class=\"application-examples-item-iframe-container browser-frame\">\n                    <div class=\"application-examples-item-iframe-wrapper\">\n                        <iframe class=\"application-examples-item-iframe\" data-src=\"https:\/\/elfsight.com\/examples?widget_id=b7e5baec-cc31-4a86-bee5-94d25e10ba07\" width=\"100%\" allow=\"autoplay; fullscreen\"><\/iframe>\n                    <\/div>\n\n                    <div class=\"application-examples-item-loader\"><\/div>\n                <\/div>\n            <\/div>\n\n<div class=\"application-examples-item application-examples-item-loading\">\n                            <div class=\"col-row\">\n                                <div class=\"col-6 col-m-8 col-s-12\"><h3 class=\"application-examples-item-title\">Przyk\u0142ad 12. Sklep internetowy<\/h3><div class=\"application-examples-item-description\">Zdoby\u0107 wi\u0119cej klient\u00f3w i zwi\u0119kszy\u0107 sprzeda\u017c? Korzystaj z licznik\u00f3w, aby og\u0142osi\u0107 swoje mocne strony: szeroki zasi\u0119g geograficzny wysy\u0142ki, \u015bredni czas dostawy, du\u017cy wyb\u00f3r oferowanych produkt\u00f3w, zrealizowane zam\u00f3wienia w ci\u0105gu roku lub wysoki odsetek klient\u00f3w, kt\u00f3rzy Ci\u0119 polecaj\u0105.<\/div><\/div>\n                <\/div>\n\n                <div class=\"application-examples-item-iframe-container browser-frame\">\n                    <div class=\"application-examples-item-iframe-wrapper\">\n                        <iframe class=\"application-examples-item-iframe\" data-src=\"https:\/\/elfsight.com\/examples?widget_id=c3d907a0-3d02-43d0-b372-8212d012bd9b&padding=50\" width=\"100%\" allow=\"autoplay; fullscreen\"><\/iframe>\n                    <\/div>\n\n                    <div class=\"application-examples-item-loader\"><\/div>\n                <\/div>\n            <\/div>\n\n<div class=\"application-examples-item application-examples-item-loading\">\n                            <div class=\"col-row\">\n                                <div class=\"col-6 col-m-8 col-s-12\"><h3 class=\"application-examples-item-title\">Przyk\u0142ad 13. Zadowolenie klienta<\/h3><div class=\"application-examples-item-description\">Jak przekona\u0107 u\u017cytkownik\u00f3w, \u017ce jeste\u015b wiarygodny i godny zaufania? Poka\u017c im liczb\u0119 pi\u0119ciogwiazdkowych recenzji, ocen\u0119 swojej firmy i nagrody, zr\u00f3b wra\u017cenie na nich ze swoimi osi\u0105gni\u0119ciami.<\/div><\/div>\n                <\/div>\n\n                <div class=\"application-examples-item-iframe-container browser-frame\">\n                    <div class=\"application-examples-item-iframe-wrapper\">\n                        <iframe class=\"application-examples-item-iframe\" data-src=\"https:\/\/elfsight.com\/examples?widget_id=fa6cd285-dcca-4634-8c3e-ea5f90431b73\" width=\"100%\" allow=\"autoplay; fullscreen\"><\/iframe>\n                    <\/div>\n\n                    <div class=\"application-examples-item-loader\"><\/div>\n                <\/div>\n            <\/div>\n","protected":false},"excerpt":{"rendered":"","protected":false},"author":13,"featured_media":0,"parent":2633,"menu_order":0,"comment_status":"closed","ping_status":"closed","template":"templates\/template-application-examples.php","meta":{"publish_to_discourse":"","publish_post_category":"","wpdc_auto_publish_overridden":"","wpdc_topic_tags":"","wpdc_pin_topic":"","wpdc_pin_until":"","discourse_post_id":"","discourse_permalink":"","wpdc_publishing_response":"","wpdc_publishing_error":"","footnotes":""},"class_list":["post-2656","page","type-page","status-publish","hentry"],"yoast_head":"<!-- This site is optimized with the Yoast SEO plugin v25.3.1 - https:\/\/yoast.com\/wordpress\/plugins\/seo\/ -->\n<title>Najlepsze przyk\u0142ady licznik\u00f3w na stronie internetowej (Prezentacja)<\/title>\n<meta name=\"description\" content=\"TOP 13 Przyk\u0142ad\u00f3w licznik\u00f3w na strone: sprz\u0105tanie, pisanie pracy w liczbach, firma w liczbach. Probny wid\u017cet Licznika dla Twojej strony.\" \/>\n<meta name=\"robots\" content=\"index, follow, max-snippet:-1, max-image-preview:large, max-video-preview:-1\" \/>\n<link rel=\"canonical\" href=\"https:\/\/elfsight.com\/pl\/number-counter-widget\/examples\/\" \/>\n<meta property=\"og:locale\" content=\"pl_PL\" \/>\n<meta property=\"og:type\" content=\"article\" \/>\n<meta property=\"og:title\" content=\"Najlepsze przyk\u0142ady licznik\u00f3w na stronie internetowej (Prezentacja)\" \/>\n<meta property=\"og:description\" content=\"TOP 13 Przyk\u0142ad\u00f3w licznik\u00f3w na strone: sprz\u0105tanie, pisanie pracy w liczbach, firma w liczbach. Probny wid\u017cet Licznika dla Twojej strony.\" \/>\n<meta property=\"og:url\" content=\"https:\/\/elfsight.com\/pl\/number-counter-widget\/examples\/\" \/>\n<meta property=\"og:site_name\" content=\"Elfsight PL\" \/>\n<meta property=\"article:modified_time\" content=\"2024-07-18T12:30:23+00:00\" \/>\n<meta name=\"twitter:card\" content=\"summary_large_image\" \/>\n<meta name=\"twitter:label1\" content=\"Szacowany czas czytania\" \/>\n\t<meta name=\"twitter:data1\" content=\"3 minuty\" \/>\n<!-- \/ Yoast SEO plugin. -->","yoast_head_json":{"title":"Najlepsze przyk\u0142ady licznik\u00f3w na stronie internetowej (Prezentacja)","description":"TOP 13 Przyk\u0142ad\u00f3w licznik\u00f3w na strone: sprz\u0105tanie, pisanie pracy w liczbach, firma w liczbach. Probny wid\u017cet Licznika dla Twojej strony.","robots":{"index":"index","follow":"follow","max-snippet":"max-snippet:-1","max-image-preview":"max-image-preview:large","max-video-preview":"max-video-preview:-1"},"canonical":"https:\/\/elfsight.com\/pl\/number-counter-widget\/examples\/","og_locale":"pl_PL","og_type":"article","og_title":"Najlepsze przyk\u0142ady licznik\u00f3w na stronie internetowej (Prezentacja)","og_description":"TOP 13 Przyk\u0142ad\u00f3w licznik\u00f3w na strone: sprz\u0105tanie, pisanie pracy w liczbach, firma w liczbach. Probny wid\u017cet Licznika dla Twojej strony.","og_url":"https:\/\/elfsight.com\/pl\/number-counter-widget\/examples\/","og_site_name":"Elfsight PL","article_modified_time":"2024-07-18T12:30:23+00:00","twitter_card":"summary_large_image","twitter_misc":{"Szacowany czas czytania":"3 minuty"},"schema":{"@context":"https:\/\/schema.org","@graph":[{"@type":"WebPage","@id":"https:\/\/elfsight.com\/pl\/number-counter-widget\/examples\/","url":"https:\/\/elfsight.com\/pl\/number-counter-widget\/examples\/","name":"Najlepsze przyk\u0142ady licznik\u00f3w na stronie internetowej (Prezentacja)","isPartOf":{"@id":"https:\/\/elfsight.com\/pl\/#website"},"datePublished":"2021-03-18T14:14:21+00:00","dateModified":"2024-07-18T12:30:23+00:00","description":"TOP 13 Przyk\u0142ad\u00f3w licznik\u00f3w na strone: sprz\u0105tanie, pisanie pracy w liczbach, firma w liczbach. Probny wid\u017cet Licznika dla Twojej strony.","breadcrumb":{"@id":"https:\/\/elfsight.com\/pl\/number-counter-widget\/examples\/#breadcrumb"},"inLanguage":"pl-PL","potentialAction":[{"@type":"ReadAction","target":["https:\/\/elfsight.com\/pl\/number-counter-widget\/examples\/"]}]},{"@type":"BreadcrumbList","@id":"https:\/\/elfsight.com\/pl\/number-counter-widget\/examples\/#breadcrumb","itemListElement":[{"@type":"ListItem","position":1,"name":"Home","item":"https:\/\/elfsight.com\/pl\/"},{"@type":"ListItem","position":2,"name":"Number Counter","item":"https:\/\/elfsight.com\/pl\/number-counter-widget\/"},{"@type":"ListItem","position":3,"name":"Number Counter &#8211; Examples"}]},{"@type":"WebSite","@id":"https:\/\/elfsight.com\/pl\/#website","url":"https:\/\/elfsight.com\/pl\/","name":"Elfsight PL","description":"Just another Elfsight Sites site","potentialAction":[{"@type":"SearchAction","target":{"@type":"EntryPoint","urlTemplate":"https:\/\/elfsight.com\/pl\/?s={search_term_string}"},"query-input":{"@type":"PropertyValueSpecification","valueRequired":true,"valueName":"search_term_string"}}],"inLanguage":"pl-PL"}]}},"meta_box":{"industry":"","seo_heading":"","heading":"","description":"","cta_heading":"","cta_description":"","application":"2632","h1":"","h1_caption":"","application_category":[],"applications_title":"","applications_request_title":"","applications_request_button_text":"","hero_text":"","hero_video":"","hero_video_schema_markup":"","selling_points_title":"","selling_points_caption":"","selling_points":[],"selling_points_cta_text":"","features_title":"","features":"","ed_cta_examples_text":"","ed_cta_examples_hidden":"","ed_cta_demo_text":"","ed_cta_demo_hidden":"","why_caption":"","why_editor_title":"","why_editor_text":"","why_team_title":"","why_team_text":"","why_service_title":"","why_service_text":"","template_catalog_visible":"","template_catalog_title":"","template_catalog_text":"","template_catalog_categories_visible":"","demo_title":"","demo_caption":"","default_faq_hidden":"","app_template_category":[],"platform":"","template_public_id":"","codecanyon_url":"","codecanyon_item_id":"","codecanyon_price":"","pricing_caption":"","pricing_elfsight_apps_hide_column":"","pricing_elfsight_apps_url":"","pricing_codecanyon_price_caption":"","integration_category":[],"integration_request_title":"","integration_request_cta":"","integration_platform":"","integrations":[],"platform_category":[],"video_schema_markup":"","price":"","trial":"","benefits":[],"button_url":"","button_target_blank":"","button_nofollow":"","attributes":[],"tags":[],"tags_disable_links":"","hide_more_platforms":"","video_object":"","demo_hide_cta":"","demo_hide_cloud_options":"","pricing_title":"","pricing":[],"related_apps_title":"","related_apps_hidden":"","author":"","image":[],"title":"","job":"","social_networks":[]},"_links":{"self":[{"href":"https:\/\/elfsight.com\/pl\/wp-json\/wp\/v2\/pages\/2656","targetHints":{"allow":["GET"]}}],"collection":[{"href":"https:\/\/elfsight.com\/pl\/wp-json\/wp\/v2\/pages"}],"about":[{"href":"https:\/\/elfsight.com\/pl\/wp-json\/wp\/v2\/types\/page"}],"author":[{"embeddable":true,"href":"https:\/\/elfsight.com\/pl\/wp-json\/wp\/v2\/users\/13"}],"replies":[{"embeddable":true,"href":"https:\/\/elfsight.com\/pl\/wp-json\/wp\/v2\/comments?post=2656"}],"version-history":[{"count":9,"href":"https:\/\/elfsight.com\/pl\/wp-json\/wp\/v2\/pages\/2656\/revisions"}],"predecessor-version":[{"id":7561,"href":"https:\/\/elfsight.com\/pl\/wp-json\/wp\/v2\/pages\/2656\/revisions\/7561"}],"up":[{"embeddable":true,"href":"https:\/\/elfsight.com\/pl\/wp-json\/wp\/v2\/pages\/2633"}],"wp:attachment":[{"href":"https:\/\/elfsight.com\/pl\/wp-json\/wp\/v2\/media?parent=2656"}],"curies":[{"name":"wp","href":"https:\/\/api.w.org\/{rel}","templated":true}]}}