{"id":265,"date":"2020-11-17T07:52:00","date_gmt":"2020-11-17T07:52:00","guid":{"rendered":"https:\/\/elfsight.com\/pl\/?page_id=265"},"modified":"2021-04-21T13:38:22","modified_gmt":"2021-04-21T13:38:22","slug":"macaw-plugins","status":"publish","type":"page","link":"https:\/\/elfsight.com\/pl\/macaw-plugins\/","title":{"rendered":"Macaw plugins"},"content":{"rendered":"\n<h2>Najbardziej optymalne elementy interfejsu Elfsight dla unowocze\u015bnienia twojej strony www Macaw<\/h2>\n\n<p>Na przestrzeni lat nasz zesp\u00f3\u0142 deweloper\u00f3w Elfsight wynajduje Plug&amp;Play i uniwersalne rozszerzenia chmurowe dla Twojej witryny. Elfsight zapewnia najwy\u017cszej klasy pomoc techniczn\u0105 i du\u017c\u0105 szybko\u015b\u0107 \u0142adowania. Narz\u0119dzia Elfsight pomagaj\u0105 w\u0142a\u015bcicielom witryn www, niekomercyjnych oraz wielu innym na \u015bwiecie zaradzi\u0107 powa\u017cnymi celami bardziej racjonalnie. \n<\/p>\n\n<p>A\u017ceby podnie\u015b\u0107 liczb\u0119 potencjalnych klient\u00f3w, pokaza\u0107 pozytywne referencje na swoje us\u0142ugi, zwi\u0119kszy\u0107 zaufanie do swojej marki, przez wbudowanie widgetu do Pa\u0144stwa strony Web. Nasze plany abonamentowe wahaj\u0105 si\u0119 od bezp\u0142atnych do premium. \u0141atwo w\u0142\u0105czy\u0107 dowolnie wybrane dodatki u\u017cywaj\u0105c naszej wersji Live Demo i spotkaj jak bardzo mo\u017ce to by\u0107 istotne w kwestii rozwoju strony internetowej Twojego biznesu. <\/p>\n\n<h2>Co powoduje, \u017ce rozszerzenia Elfsight s\u0105 tak wyj\u0105tkowymi instrumentami dla Twojej witryny? <\/h2>\n\n<p> Oto spis wa\u017cnych jako\u015bci naszych dodatk\u00f3w, kt\u00f3re pomagaj\u0105 nam by\u0107 lepszymi, ni\u017c nasi konkurenci: <\/p>\n\n\n<ul>\n<li> Nieodp\u0142atna i natychmiastowa obs\u0142uga przy wbudowaniu lub customizacji wid\u017cet\u00f3w; <\/li>\n<li> Zdolne do adaptacji do wszystkich rozdzielczo\u015bci stron internetowych i dostosowane do urz\u0105dze\u0144 mobilnych; <\/li>\n<li> Nie trzeba uczysz si\u0119 kodowania; <\/li>\n<li> Bogata gama ustawie\u0144 dostosowywania; <\/li>\n<li> Oparte na chmurze pluginy pomagaj\u0105 zwi\u0119kszy\u0107 szybko\u015b\u0107 witryny; <\/li>\n<li> Wszystkie poprawki s\u0105 nieodp\u0142atne i regularnie publikowane; <\/li>\n<li> Rozs\u0105dny zakres cen; <\/li>\n<li> Profesjonalna pomoc z problemami klient\u00f3w. <\/li>\n<\/ul>\n\n<p> Poznaj wolne wersje Lite naszych wtyczek i u\u017cywaj jej potencja\u0142 lub kup dowolne wymagane wtyczk\u0119 z 20% rabatem. <\/p>\n\n\n<h2> W jaki spos\u00f3b doda\u0107 Twoje dodatki na Twojej stronie Web Macaw <\/h2>\n\n<p> A\u017ceby umie\u015bci\u0107 nasze dodatki, zoba\u0107 kroki z dok\u0142adnej instrukcji: <\/p>\n\n\n<ol>\n<li> Kliknij na odpowiedni wid\u017cet; <\/li>\n<li> Zmie\u0144 wszystkie odpowiednie konfiguracji; <\/li>\n<li> Zastosuj zmiany; <\/li>\n<li> Skopiuj otrzymany kod; <\/li>\n<li> Wstaw ten kod instalacyjny w przydatnym miejscu Twojej witryny lub szablonu; <\/li>\n<li> Zrobione! Masz zainstalowany plugin. <\/li>\n<\/ol>\n\n<p> Je\u015bli b\u0119dziesz potrzebowa\u0142 pomocy, nie wahaj si\u0119 zwr\u00f3ci\u0107 si\u0119 do zespo\u0142u obs\u0142ugi Elfsight. <\/p>\n","protected":false},"excerpt":{"rendered":"Najbardziej optymalne elementy interfejsu Elfsight dla unowocze\u015bnienia twojej strony www Macaw Na przestrzeni lat nasz zesp\u00f3\u0142 deweloper\u00f3w Elfsight wynajduje Plug&amp;Play i uniwersalne rozszerzenia chmurowe dla Twojej witryny. Elfsight zapewnia najwy\u017cszej klasy pomoc techniczn\u0105 i du\u017c\u0105 szybko\u015b\u0107 \u0142adowania. Narz\u0119dzia Elfsight pomagaj\u0105 w\u0142a\u015bcicielom witryn www, niekomercyjnych oraz wielu innym na \u015bwiecie zaradzi\u0107&#8230;","protected":false},"author":13,"featured_media":0,"parent":0,"menu_order":0,"comment_status":"closed","ping_status":"closed","template":"templates\/template-platform.php","meta":{"publish_to_discourse":"","publish_post_category":"","wpdc_auto_publish_overridden":"","wpdc_topic_tags":"","wpdc_pin_topic":"","wpdc_pin_until":"","discourse_post_id":"","discourse_permalink":"","wpdc_publishing_response":"","wpdc_publishing_error":"","footnotes":""},"class_list":["post-265","page","type-page","status-publish","hentry"],"yoast_head":"<!-- This site is optimized with the Yoast SEO plugin v25.3.1 - https:\/\/yoast.com\/wordpress\/plugins\/seo\/ -->\n<title>Ponad 80 najlepszych darmowych Macaw plugin\u00f3w dla strony internetowej<\/title>\n<meta name=\"description\" content=\"Lista sprawdzonych widget\u00f3w najwy\u017cszej klasy dla twojej strony internetowej Macaw. Pom\u00f3c przy dostosowanie oraz rozbudowana funkcjonalno\u015b\u0107.\" \/>\n<meta name=\"robots\" content=\"index, follow, max-snippet:-1, max-image-preview:large, max-video-preview:-1\" \/>\n<link rel=\"canonical\" href=\"https:\/\/elfsight.com\/pl\/macaw-plugins\/\" \/>\n<meta property=\"og:locale\" content=\"pl_PL\" \/>\n<meta property=\"og:type\" content=\"article\" \/>\n<meta property=\"og:title\" content=\"Ponad 80 najlepszych darmowych Macaw plugin\u00f3w dla strony internetowej\" \/>\n<meta property=\"og:description\" content=\"Lista sprawdzonych widget\u00f3w najwy\u017cszej klasy dla twojej strony internetowej Macaw. Pom\u00f3c przy dostosowanie oraz rozbudowana funkcjonalno\u015b\u0107.\" \/>\n<meta property=\"og:url\" content=\"https:\/\/elfsight.com\/pl\/macaw-plugins\/\" \/>\n<meta property=\"og:site_name\" content=\"Elfsight PL\" \/>\n<meta property=\"article:modified_time\" content=\"2021-04-21T13:38:22+00:00\" \/>\n<meta name=\"twitter:card\" content=\"summary_large_image\" \/>\n<meta name=\"twitter:label1\" content=\"Szacowany czas czytania\" \/>\n\t<meta name=\"twitter:data1\" content=\"2 minuty\" \/>\n<!-- \/ Yoast SEO plugin. -->","yoast_head_json":{"title":"Ponad 80 najlepszych darmowych Macaw plugin\u00f3w dla strony internetowej","description":"Lista sprawdzonych widget\u00f3w najwy\u017cszej klasy dla twojej strony internetowej Macaw. Pom\u00f3c przy dostosowanie oraz rozbudowana funkcjonalno\u015b\u0107.","robots":{"index":"index","follow":"follow","max-snippet":"max-snippet:-1","max-image-preview":"max-image-preview:large","max-video-preview":"max-video-preview:-1"},"canonical":"https:\/\/elfsight.com\/pl\/macaw-plugins\/","og_locale":"pl_PL","og_type":"article","og_title":"Ponad 80 najlepszych darmowych Macaw plugin\u00f3w dla strony internetowej","og_description":"Lista sprawdzonych widget\u00f3w najwy\u017cszej klasy dla twojej strony internetowej Macaw. Pom\u00f3c przy dostosowanie oraz rozbudowana funkcjonalno\u015b\u0107.","og_url":"https:\/\/elfsight.com\/pl\/macaw-plugins\/","og_site_name":"Elfsight PL","article_modified_time":"2021-04-21T13:38:22+00:00","twitter_card":"summary_large_image","twitter_misc":{"Szacowany czas czytania":"2 minuty"},"schema":{"@context":"https:\/\/schema.org","@graph":[{"@type":"WebPage","@id":"https:\/\/elfsight.com\/pl\/macaw-plugins\/","url":"https:\/\/elfsight.com\/pl\/macaw-plugins\/","name":"Ponad 80 najlepszych darmowych Macaw plugin\u00f3w dla strony internetowej","isPartOf":{"@id":"https:\/\/elfsight.com\/pl\/#website"},"datePublished":"2020-11-17T07:52:00+00:00","dateModified":"2021-04-21T13:38:22+00:00","description":"Lista sprawdzonych widget\u00f3w najwy\u017cszej klasy dla twojej strony internetowej Macaw. Pom\u00f3c przy dostosowanie oraz rozbudowana funkcjonalno\u015b\u0107.","breadcrumb":{"@id":"https:\/\/elfsight.com\/pl\/macaw-plugins\/#breadcrumb"},"inLanguage":"pl-PL","potentialAction":[{"@type":"ReadAction","target":["https:\/\/elfsight.com\/pl\/macaw-plugins\/"]}]},{"@type":"BreadcrumbList","@id":"https:\/\/elfsight.com\/pl\/macaw-plugins\/#breadcrumb","itemListElement":[{"@type":"ListItem","position":1,"name":"Home","item":"https:\/\/elfsight.com\/pl\/"},{"@type":"ListItem","position":2,"name":"Macaw plugins"}]},{"@type":"WebSite","@id":"https:\/\/elfsight.com\/pl\/#website","url":"https:\/\/elfsight.com\/pl\/","name":"Elfsight PL","description":"Just another Elfsight Sites site","potentialAction":[{"@type":"SearchAction","target":{"@type":"EntryPoint","urlTemplate":"https:\/\/elfsight.com\/pl\/?s={search_term_string}"},"query-input":{"@type":"PropertyValueSpecification","valueRequired":true,"valueName":"search_term_string"}}],"inLanguage":"pl-PL"}]}},"meta_box":{"industry":"","seo_heading":"","heading":"","description":"","cta_heading":"","cta_description":"","application":"","h1":"Najlepsze pluginy Macaw","h1_caption":"Nieodp\u0142atny odbi\u00f3r Plug&Play dodatk\u00f3w wysokiej klasy z szerok\u0105 gam\u0105 funkcjonalno\u015bci dla powi\u0119kszania poziomu sprzeda\u017cy i osi\u0105gni\u0119cia wszystkich r\u00f3\u017cnych zada\u0144 biznesowych. Szybkie integrowanie, obszerny zakres mo\u017cliwo\u015bci personalizacji a tak\u017ce kompetentny serwis pomocy klienta.","application_category":[],"applications_title":"Wypr\u00f3buj najbardziej odpowiednie pluginy dla twojej witryny internetowej w\u015br\u00f3d wszystkich element\u00f3w interfejsu darmowych w edytorze internetowym","applications_request_title":"Nie mo\u017cesz znale\u017a\u0107 odpowiedniego plugina?","applications_request_button_text":"Zam\u00f3w plugin","hero_text":"","hero_video":"","hero_video_schema_markup":"","selling_points_title":"","selling_points_caption":"","selling_points":[],"selling_points_cta_text":"","features_title":"","features":"","ed_cta_examples_text":"","ed_cta_examples_hidden":"","ed_cta_demo_text":"","ed_cta_demo_hidden":"","why_caption":"","why_editor_title":"","why_editor_text":"","why_team_title":"","why_team_text":"","why_service_title":"","why_service_text":"","template_catalog_visible":"","template_catalog_title":"","template_catalog_text":"","template_catalog_categories_visible":"","demo_title":"","demo_caption":"","default_faq_hidden":"","app_template_category":[],"platform":"262","template_public_id":"","codecanyon_url":"","codecanyon_item_id":"","codecanyon_price":"","pricing_caption":"","pricing_elfsight_apps_hide_column":"","pricing_elfsight_apps_url":"","pricing_codecanyon_price_caption":"","integration_category":[],"integration_request_title":"","integration_request_cta":"","integration_platform":"","integrations":[],"platform_category":[],"video_schema_markup":"","price":"","trial":"","benefits":[],"button_url":"","button_target_blank":"","button_nofollow":"","attributes":[],"tags":[],"tags_disable_links":"","hide_more_platforms":"","video_object":"","demo_hide_cta":"","demo_hide_cloud_options":"","pricing_title":"","pricing":[],"related_apps_title":"","related_apps_hidden":"","author":"","image":[],"title":"","job":"","social_networks":[]},"_links":{"self":[{"href":"https:\/\/elfsight.com\/pl\/wp-json\/wp\/v2\/pages\/265","targetHints":{"allow":["GET"]}}],"collection":[{"href":"https:\/\/elfsight.com\/pl\/wp-json\/wp\/v2\/pages"}],"about":[{"href":"https:\/\/elfsight.com\/pl\/wp-json\/wp\/v2\/types\/page"}],"author":[{"embeddable":true,"href":"https:\/\/elfsight.com\/pl\/wp-json\/wp\/v2\/users\/13"}],"replies":[{"embeddable":true,"href":"https:\/\/elfsight.com\/pl\/wp-json\/wp\/v2\/comments?post=265"}],"version-history":[{"count":2,"href":"https:\/\/elfsight.com\/pl\/wp-json\/wp\/v2\/pages\/265\/revisions"}],"predecessor-version":[{"id":267,"href":"https:\/\/elfsight.com\/pl\/wp-json\/wp\/v2\/pages\/265\/revisions\/267"}],"wp:attachment":[{"href":"https:\/\/elfsight.com\/pl\/wp-json\/wp\/v2\/media?parent=265"}],"curies":[{"name":"wp","href":"https:\/\/api.w.org\/{rel}","templated":true}]}}