{"id":2618,"date":"2021-03-17T09:11:05","date_gmt":"2021-03-17T09:11:05","guid":{"rendered":"https:\/\/elfsight.com\/pl\/?page_id=2618"},"modified":"2021-03-17T09:22:20","modified_gmt":"2021-03-17T09:22:20","slug":"examples","status":"publish","type":"page","link":"https:\/\/elfsight.com\/pl\/paypal-button-widget-generator\/examples\/","title":{"rendered":"PayPal Button &#8211; examples"},"content":{"rendered":"\n<div class=\"application-examples-item application-examples-item-loading\">\n                            <div class=\"col-row\">\n                                <div class=\"col-6 col-m-8 col-s-12\"><h3 class=\"application-examples-item-title\">Przyk\u0142ad 1. PayPal Przycisk Kup Teraz<\/h3><div class=\"application-examples-item-description\">Ten przyk\u0142ad pokazuje, jak mo\u017cna utworzy\u0107 przycisk PayPal do realizacji transakcji w oryginalnych kolorach, kt\u00f3re b\u0119d\u0105 znane u\u017cytkownikom. Etykieta przycisku \u0142\u0105czy niestandardowe wezwanie do dzia\u0142ania i nazw\u0119 PayPal. Pod przyciskiem znajduj\u0105 si\u0119 ikony najpopularniejszych system\u00f3w p\u0142atno\u015bci, takich jak Visa i Mastercard. Ka\u017cdy przycisk kasy mo\u017cna ustawi\u0107 tak, aby zawiera\u0142 podatek i op\u0142at\u0119 za wysy\u0142k\u0119.<\/div><\/div>\n                <\/div>\n\n                <div class=\"application-examples-item-iframe-container browser-frame\">\n                    <div class=\"application-examples-item-iframe-wrapper\">\n                        <iframe class=\"application-examples-item-iframe\" data-src=\"https:\/\/elfsight.com\/examples?widget_id=e02c16d0-e47d-468c-a533-b8b959d603c6&padding=100px+0+0+0\" width=\"100%\" allow=\"autoplay; fullscreen\"><\/iframe>\n                    <\/div>\n\n                    <div class=\"application-examples-item-loader\"><\/div>\n                <\/div>\n            <\/div>\n\n<div class=\"application-examples-item application-examples-item-loading\">\n                            <div class=\"col-row\">\n                                <div class=\"col-6 col-m-8 col-s-12\"><h3 class=\"application-examples-item-title\">Przyk\u0142ad 2. PayPal Przycisk Darowizny<\/h3><div class=\"application-examples-item-description\">\u0141adnie wygl\u0105daj\u0105cy przycisk darowizny to dobry spos\u00f3b na przyci\u0105gni\u0119cie darowizn na Twojej stronie internetowej. Ten przyk\u0142ad przedstawia przycisk z logo PayPal i kr\u00f3tk\u0105 etykiet\u0105 niestandardow\u0105. Nad przyciskiem znajduje si\u0119 r\u00f3wnie\u017c tytu\u0142 z emotikonami, kt\u00f3ry stanowi emocjonalne wezwanie do dzia\u0142ania dla u\u017cytkownik\u00f3w. W przypadku przycisk\u00f3w darowizn mo\u017cesz wybra\u0107 sta\u0142\u0105 lub woln\u0105 kwot\u0119, aby darczy\u0144cy mogli wybra\u0107, ile chc\u0105 przekaza\u0107.<\/div><\/div>\n                <\/div>\n\n                <div class=\"application-examples-item-iframe-container browser-frame\">\n                    <div class=\"application-examples-item-iframe-wrapper\">\n                        <iframe class=\"application-examples-item-iframe\" data-src=\"https:\/\/elfsight.com\/examples?widget_id=93d1d016-c6ed-47b3-8da6-5ae3ccbf585e&padding=100px+0+0+0\" width=\"100%\" allow=\"autoplay; fullscreen\"><\/iframe>\n                    <\/div>\n\n                    <div class=\"application-examples-item-loader\"><\/div>\n                <\/div>\n            <\/div>\n\n<div class=\"application-cta-create\">\n                    <div class=\"application-cta-create-bg\">\n                        <div class=\"application-cta-create-bg-left\"><\/div>\n\n                        <div class=\"application-cta-create-bg-right\">\n                            <img decoding=\"async\" src=\"https:\/\/elfsight.com\/pl\/wp-content\/themes\/elfsight\/frontend\/assets\/img\/application-cta-create.jpg\" alt=\"Zacznij od stworzenia swojego wid\u017cetu\">\n                        <\/div>\n                    <\/div>\n\n                    <div class=\"application-cta-create-content inner\">\n                        <div class=\"application-cta-create-content-inner\">\n                            <div class=\"application-cta-create-content-icon\">\n                                <svg viewBox=\"0 0 25 25\" width=\"100%\" height=\"100%\">\n                                    <use xlink:href=\"#icon-settings\"><\/use>\n                                <\/svg>\n                            <\/div>\n\n                            <div class=\"application-cta-create-content-title\">Zacznij od stworzenia swojego wid\u017cetu<\/div>\n\n                            <div class=\"application-cta-create-content-text\">Szybko. \u0141atwo. Bez kodowania.<\/div>\n\n                            <a class=\"application-cta-create-content-button button-48 button-has-right-icon button-black button\" href=\"\">\n                                <span class=\"button-label\">Utw\u00f3rz wid\u017cet<\/span>\n\n                                <svg class=\"button-icon\">\n                                    <use xlink:href=\"#icon-arrow-link\"><\/use>\n                                <\/svg>\n                            <\/a>\n                        <\/div>\n                    <\/div>\n                <\/div>\n\n<div class=\"application-examples-item application-examples-item-loading\">\n                            <div class=\"col-row\">\n                                <div class=\"col-6 col-m-8 col-s-12\"><h3 class=\"application-examples-item-title\">Przyk\u0142ad 3. PayPal Przycisk Subskrypcji<\/h3><div class=\"application-examples-item-description\">Utw\u00f3rz niestandardowy przycisk do subskrypcji za po\u015brednictwem PayPal, kt\u00f3ry b\u0119dzie pasowa\u0142 do stylu i kolor\u00f3w Twojej strony. Tutaj mo\u017cesz zobaczy\u0107 przycisk w kszta\u0142cie prostok\u0105ta z zaokr\u0105glonymi rogami. Kolor przycisku i etykiety zostanie zmieniony na niebieski i bia\u0142y. Przyciski subskrypcji maj\u0105 elastyczny okres i powtarzaj\u0105c\u0105 si\u0119 opcj\u0119 automatycznego kontynuowania po zako\u0144czeniu okresu.<\/div><\/div>\n                <\/div>\n\n                <div class=\"application-examples-item-iframe-container browser-frame\">\n                    <div class=\"application-examples-item-iframe-wrapper\">\n                        <iframe class=\"application-examples-item-iframe\" data-src=\"https:\/\/elfsight.com\/examples?widget_id=996236c5-fc5c-4386-be14-94f713cb4de3&padding=100px+0+0+0\" width=\"100%\" allow=\"autoplay; fullscreen\"><\/iframe>\n                    <\/div>\n\n                    <div class=\"application-examples-item-loader\"><\/div>\n                <\/div>\n            <\/div>\n","protected":false},"excerpt":{"rendered":"","protected":false},"author":13,"featured_media":0,"parent":2597,"menu_order":0,"comment_status":"closed","ping_status":"closed","template":"templates\/template-application-examples.php","meta":{"publish_to_discourse":"","publish_post_category":"","wpdc_auto_publish_overridden":"","wpdc_topic_tags":"","wpdc_pin_topic":"","wpdc_pin_until":"","discourse_post_id":"","discourse_permalink":"","wpdc_publishing_response":"","wpdc_publishing_error":"","footnotes":""},"class_list":["post-2618","page","type-page","status-publish","hentry"],"yoast_head":"<!-- This site is optimized with the Yoast SEO plugin v25.3.1 - https:\/\/yoast.com\/wordpress\/plugins\/seo\/ -->\n<title>TOP 3 przyk\u0142ady integracji przycisku PayPal na stronie internetowej (2025)<\/title>\n<meta name=\"description\" content=\"TOP 3 przyk\u0142ady integracji wid\u017cetu PayPal: przycisk kasy, przycisk donate lub przycisk subskrypcji i inne szablony na Twojej stronie www.\" \/>\n<meta name=\"robots\" content=\"index, follow, max-snippet:-1, max-image-preview:large, max-video-preview:-1\" \/>\n<link rel=\"canonical\" href=\"https:\/\/elfsight.com\/pl\/paypal-button-widget-generator\/examples\/\" \/>\n<meta property=\"og:locale\" content=\"pl_PL\" \/>\n<meta property=\"og:type\" content=\"article\" \/>\n<meta property=\"og:title\" content=\"TOP 3 przyk\u0142ady integracji przycisku PayPal na stronie internetowej (2025)\" \/>\n<meta property=\"og:description\" content=\"TOP 3 przyk\u0142ady integracji wid\u017cetu PayPal: przycisk kasy, przycisk donate lub przycisk subskrypcji i inne szablony na Twojej stronie www.\" \/>\n<meta property=\"og:url\" content=\"https:\/\/elfsight.com\/pl\/paypal-button-widget-generator\/examples\/\" \/>\n<meta property=\"og:site_name\" content=\"Elfsight PL\" \/>\n<meta property=\"article:modified_time\" content=\"2021-03-17T09:22:20+00:00\" \/>\n<meta name=\"twitter:card\" content=\"summary_large_image\" \/>\n<meta name=\"twitter:label1\" content=\"Szacowany czas czytania\" \/>\n\t<meta name=\"twitter:data1\" content=\"1 minuta\" \/>\n<!-- \/ Yoast SEO plugin. -->","yoast_head_json":{"title":"TOP 3 przyk\u0142ady integracji przycisku PayPal na stronie internetowej (2025)","description":"TOP 3 przyk\u0142ady integracji wid\u017cetu PayPal: przycisk kasy, przycisk donate lub przycisk subskrypcji i inne szablony na Twojej stronie www.","robots":{"index":"index","follow":"follow","max-snippet":"max-snippet:-1","max-image-preview":"max-image-preview:large","max-video-preview":"max-video-preview:-1"},"canonical":"https:\/\/elfsight.com\/pl\/paypal-button-widget-generator\/examples\/","og_locale":"pl_PL","og_type":"article","og_title":"TOP 3 przyk\u0142ady integracji przycisku PayPal na stronie internetowej (2025)","og_description":"TOP 3 przyk\u0142ady integracji wid\u017cetu PayPal: przycisk kasy, przycisk donate lub przycisk subskrypcji i inne szablony na Twojej stronie www.","og_url":"https:\/\/elfsight.com\/pl\/paypal-button-widget-generator\/examples\/","og_site_name":"Elfsight PL","article_modified_time":"2021-03-17T09:22:20+00:00","twitter_card":"summary_large_image","twitter_misc":{"Szacowany czas czytania":"1 minuta"},"schema":{"@context":"https:\/\/schema.org","@graph":[{"@type":"WebPage","@id":"https:\/\/elfsight.com\/pl\/paypal-button-widget-generator\/examples\/","url":"https:\/\/elfsight.com\/pl\/paypal-button-widget-generator\/examples\/","name":"TOP 3 przyk\u0142ady integracji przycisku PayPal na stronie internetowej (2025)","isPartOf":{"@id":"https:\/\/elfsight.com\/pl\/#website"},"datePublished":"2021-03-17T09:11:05+00:00","dateModified":"2021-03-17T09:22:20+00:00","description":"TOP 3 przyk\u0142ady integracji wid\u017cetu PayPal: przycisk kasy, przycisk donate lub przycisk subskrypcji i inne szablony na Twojej stronie www.","breadcrumb":{"@id":"https:\/\/elfsight.com\/pl\/paypal-button-widget-generator\/examples\/#breadcrumb"},"inLanguage":"pl-PL","potentialAction":[{"@type":"ReadAction","target":["https:\/\/elfsight.com\/pl\/paypal-button-widget-generator\/examples\/"]}]},{"@type":"BreadcrumbList","@id":"https:\/\/elfsight.com\/pl\/paypal-button-widget-generator\/examples\/#breadcrumb","itemListElement":[{"@type":"ListItem","position":1,"name":"Home","item":"https:\/\/elfsight.com\/pl\/"},{"@type":"ListItem","position":2,"name":"PayPal Button","item":"https:\/\/elfsight.com\/pl\/paypal-button-widget-generator\/"},{"@type":"ListItem","position":3,"name":"PayPal Button &#8211; examples"}]},{"@type":"WebSite","@id":"https:\/\/elfsight.com\/pl\/#website","url":"https:\/\/elfsight.com\/pl\/","name":"Elfsight PL","description":"Just another Elfsight Sites site","potentialAction":[{"@type":"SearchAction","target":{"@type":"EntryPoint","urlTemplate":"https:\/\/elfsight.com\/pl\/?s={search_term_string}"},"query-input":{"@type":"PropertyValueSpecification","valueRequired":true,"valueName":"search_term_string"}}],"inLanguage":"pl-PL"}]}},"meta_box":{"industry":"","seo_heading":"","heading":"","description":"","cta_heading":"","cta_description":"","application":"2596","h1":"","h1_caption":"","application_category":[],"applications_title":"","applications_request_title":"","applications_request_button_text":"","hero_text":"","hero_video":"","hero_video_schema_markup":"","selling_points_title":"","selling_points_caption":"","selling_points":[],"selling_points_cta_text":"","features_title":"","features":"","ed_cta_examples_text":"","ed_cta_examples_hidden":"","ed_cta_demo_text":"","ed_cta_demo_hidden":"","why_caption":"","why_editor_title":"","why_editor_text":"","why_team_title":"","why_team_text":"","why_service_title":"","why_service_text":"","template_catalog_visible":"","template_catalog_title":"","template_catalog_text":"","template_catalog_categories_visible":"","demo_title":"","demo_caption":"","default_faq_hidden":"","app_template_category":[],"platform":"","template_public_id":"","codecanyon_url":"","codecanyon_item_id":"","codecanyon_price":"","pricing_caption":"","pricing_elfsight_apps_hide_column":"","pricing_elfsight_apps_url":"","pricing_codecanyon_price_caption":"","integration_category":[],"integration_request_title":"","integration_request_cta":"","integration_platform":"","integrations":[],"platform_category":[],"video_schema_markup":"","price":"","trial":"","benefits":[],"button_url":"","button_target_blank":"","button_nofollow":"","attributes":[],"tags":[],"tags_disable_links":"","hide_more_platforms":"","video_object":"","demo_hide_cta":"","demo_hide_cloud_options":"","pricing_title":"","pricing":[],"related_apps_title":"","related_apps_hidden":"","author":"","image":[],"title":"","job":"","social_networks":[]},"_links":{"self":[{"href":"https:\/\/elfsight.com\/pl\/wp-json\/wp\/v2\/pages\/2618","targetHints":{"allow":["GET"]}}],"collection":[{"href":"https:\/\/elfsight.com\/pl\/wp-json\/wp\/v2\/pages"}],"about":[{"href":"https:\/\/elfsight.com\/pl\/wp-json\/wp\/v2\/types\/page"}],"author":[{"embeddable":true,"href":"https:\/\/elfsight.com\/pl\/wp-json\/wp\/v2\/users\/13"}],"replies":[{"embeddable":true,"href":"https:\/\/elfsight.com\/pl\/wp-json\/wp\/v2\/comments?post=2618"}],"version-history":[{"count":4,"href":"https:\/\/elfsight.com\/pl\/wp-json\/wp\/v2\/pages\/2618\/revisions"}],"predecessor-version":[{"id":2622,"href":"https:\/\/elfsight.com\/pl\/wp-json\/wp\/v2\/pages\/2618\/revisions\/2622"}],"up":[{"embeddable":true,"href":"https:\/\/elfsight.com\/pl\/wp-json\/wp\/v2\/pages\/2597"}],"wp:attachment":[{"href":"https:\/\/elfsight.com\/pl\/wp-json\/wp\/v2\/media?parent=2618"}],"curies":[{"name":"wp","href":"https:\/\/api.w.org\/{rel}","templated":true}]}}