{"id":2582,"date":"2021-03-16T10:03:59","date_gmt":"2021-03-16T10:03:59","guid":{"rendered":"https:\/\/elfsight.com\/pl\/?page_id=2582"},"modified":"2024-07-17T12:23:34","modified_gmt":"2024-07-17T12:23:34","slug":"examples","status":"publish","type":"page","link":"https:\/\/elfsight.com\/pl\/before-and-after-slider-widget\/examples\/","title":{"rendered":"Before and After Slider  &#8211; Examples"},"content":{"rendered":"\n<div class=\"application-examples-item application-examples-item-loading\">\n                            <div class=\"col-row\">\n                                <div class=\"col-6 col-m-8 col-s-12\"><h3 class=\"application-examples-item-title\">Przyk\u0142ad 1. Proste por\u00f3wnanie<\/h3><div class=\"application-examples-item-description\">Pozw\u00f3l swoim potencjalnym klientom doceni\u0107 Twoj\u0105 prac\u0119! Pochwal si\u0119 swoimi zdumiewaj\u0105cymi wynikami, korzystaj\u0105c z tego szablonu. Uk\u0142ad listy i zwi\u0119z\u0142y projekt pomagaj\u0105 odbiorcom skupi\u0107 ca\u0142\u0105 uwag\u0119 na obrazach.<\/div><\/div>\n                <\/div>\n\n                <div class=\"application-examples-item-iframe-container browser-frame\">\n                    <div class=\"application-examples-item-iframe-wrapper\">\n                        <iframe class=\"application-examples-item-iframe\" data-src=\"https:\/\/elfsight.com\/examples?widget_id=dc446882-140c-43a9-a24a-0d892bd62f3f\" width=\"100%\" allow=\"autoplay; fullscreen\"><\/iframe>\n                    <\/div>\n\n                    <div class=\"application-examples-item-loader\"><\/div>\n                <\/div>\n            <\/div>\n\n<div class=\"application-examples-item application-examples-item-loading\">\n                            <div class=\"col-row\">\n                                <div class=\"col-6 col-m-8 col-s-12\"><h3 class=\"application-examples-item-title\">Przyk\u0142ad 2. Suwak retuszu<\/h3><div class=\"application-examples-item-description\">Najlepszy spos\u00f3b na pokazanie wszystkich niesamowitych metamorfoz zdj\u0119\u0107 portretowych po retuszu za pomoc\u0105 przesuwania w pionie. Uk\u0142ad Carousel pozwala na za\u0142adowanie nawet szerokiej gamy prac. Zdecydowanie zalecane jest u\u017cywanie tego szablonu dla fotograf\u00f3w lub wiza\u017cyst\u00f3w.<\/div><\/div>\n                <\/div>\n\n                <div class=\"application-examples-item-iframe-container browser-frame\">\n                    <div class=\"application-examples-item-iframe-wrapper\">\n                        <iframe class=\"application-examples-item-iframe\" data-src=\"https:\/\/elfsight.com\/examples?widget_id=e25f7767-1cc3-47e9-bb11-4751c184c23d\" width=\"100%\" allow=\"autoplay; fullscreen\"><\/iframe>\n                    <\/div>\n\n                    <div class=\"application-examples-item-loader\"><\/div>\n                <\/div>\n            <\/div>\n\n<div class=\"application-examples-item application-examples-item-loading\">\n                            <div class=\"col-row\">\n                                <div class=\"col-6 col-m-8 col-s-12\"><h3 class=\"application-examples-item-title\">Przyk\u0142ad 3. Lista prac<\/h3><div class=\"application-examples-item-description\">Wypisz wszystkie wyniki swojej pracy w por\u00f3wnaniu \u201ePrzed-Po\u201d na jednej stronie z uk\u0142adem Lista! Projektowanie wn\u0119trz lub ubra\u0144, wszystkie fascynuj\u0105ce rezultaty, aby znale\u017a\u0107 wi\u0119cej klient\u00f3w i wypromowa\u0107 swoj\u0105 firm\u0119 lub us\u0142ugi.<\/div><\/div>\n                <\/div>\n\n                <div class=\"application-examples-item-iframe-container browser-frame\">\n                    <div class=\"application-examples-item-iframe-wrapper\">\n                        <iframe class=\"application-examples-item-iframe\" data-src=\"https:\/\/elfsight.com\/examples?widget_id=e20b04c5-95c2-453c-9ff1-5c8d43370177\" width=\"100%\" allow=\"autoplay; fullscreen\"><\/iframe>\n                    <\/div>\n\n                    <div class=\"application-examples-item-loader\"><\/div>\n                <\/div>\n            <\/div>\n\n<div class=\"application-cta-create\">\n                    <div class=\"application-cta-create-bg\">\n                        <div class=\"application-cta-create-bg-left\"><\/div>\n\n                        <div class=\"application-cta-create-bg-right\">\n                            <img decoding=\"async\" src=\"https:\/\/elfsight.com\/pl\/wp-content\/themes\/elfsight\/frontend\/assets\/img\/application-cta-create.jpg\" alt=\"Zacznij od stworzenia swojego wid\u017cetu\">\n                        <\/div>\n                    <\/div>\n\n                    <div class=\"application-cta-create-content inner\">\n                        <div class=\"application-cta-create-content-inner\">\n                            <div class=\"application-cta-create-content-icon\">\n                                <svg viewBox=\"0 0 25 25\" width=\"100%\" height=\"100%\">\n                                    <use xlink:href=\"#icon-settings\"><\/use>\n                                <\/svg>\n                            <\/div>\n\n                            <div class=\"application-cta-create-content-title\">Zacznij od stworzenia swojego wid\u017cetu<\/div>\n\n                            <div class=\"application-cta-create-content-text\">Szybko. \u0141atwo. Bez kodowania.<\/div>\n\n                            <a class=\"application-cta-create-content-button button-48 button-has-right-icon button-black button\" href=\"\">\n                                <span class=\"button-label\">Utw\u00f3rz wid\u017cet<\/span>\n\n                                <svg class=\"button-icon\">\n                                    <use xlink:href=\"#icon-arrow-link\"><\/use>\n                                <\/svg>\n                            <\/a>\n                        <\/div>\n                    <\/div>\n                <\/div>\n\n<div class=\"application-examples-item application-examples-item-loading\">\n                            <div class=\"col-row\">\n                                <div class=\"col-6 col-m-8 col-s-12\"><h3 class=\"application-examples-item-title\">Przyk\u0142ad 4. Por\u00f3wnanie produkt\u00f3w<\/h3><div class=\"application-examples-item-description\">Stylowe por\u00f3wnanie dla Twojego sklepu internetowego. Jasne etykiety i zachowanie Hoovera zwr\u00f3c\u0105 uwag\u0119 wszystkich widz\u00f3w na szczeg\u00f3\u0142y produkt\u00f3w. U\u017cyj tego szablonu, aby og\u0142osi\u0107 niezwyk\u0142\u0105 aktualizacj\u0119 lub zapowied\u017a nowej kolekcji. Nadaj mu styl, przemalowuj\u0105c dowolne elementy.<\/div><\/div>\n                <\/div>\n\n                <div class=\"application-examples-item-iframe-container browser-frame\">\n                    <div class=\"application-examples-item-iframe-wrapper\">\n                        <iframe class=\"application-examples-item-iframe\" data-src=\"https:\/\/elfsight.com\/examples?widget_id=e3816528-d1df-4aa6-aef9-e9c4b09c32db\" width=\"100%\" allow=\"autoplay; fullscreen\"><\/iframe>\n                    <\/div>\n\n                    <div class=\"application-examples-item-loader\"><\/div>\n                <\/div>\n            <\/div>\n\n","protected":false},"excerpt":{"rendered":"","protected":false},"author":13,"featured_media":0,"parent":2568,"menu_order":0,"comment_status":"closed","ping_status":"closed","template":"templates\/template-application-examples.php","meta":{"publish_to_discourse":"","publish_post_category":"","wpdc_auto_publish_overridden":"","wpdc_topic_tags":"","wpdc_pin_topic":"","wpdc_pin_until":"","discourse_post_id":"","discourse_permalink":"","wpdc_publishing_response":"","wpdc_publishing_error":"","footnotes":""},"class_list":["post-2582","page","type-page","status-publish","hentry"],"yoast_head":"<!-- This site is optimized with the Yoast SEO plugin v25.3.1 - https:\/\/yoast.com\/wordpress\/plugins\/seo\/ -->\n<title>TOP 5 przyk\u0142ad\u00f3w Slidera zdj\u0119\u0107 przed i po dla Twojej strony www (2026)<\/title>\n<meta name=\"description\" content=\"Stylowe szablony Slidera przed i po dla Twojej strony. Stw\u00f3rz teraz sw\u00f3j wspania\u0142y widget za darmo dzi\u0119ki Elfsight.\" \/>\n<meta name=\"robots\" content=\"index, follow, max-snippet:-1, max-image-preview:large, max-video-preview:-1\" \/>\n<link rel=\"canonical\" href=\"https:\/\/elfsight.com\/pl\/before-and-after-slider-widget\/examples\/\" \/>\n<meta property=\"og:locale\" content=\"pl_PL\" \/>\n<meta property=\"og:type\" content=\"article\" \/>\n<meta property=\"og:title\" content=\"TOP 5 przyk\u0142ad\u00f3w Slidera zdj\u0119\u0107 przed i po dla Twojej strony www (2026)\" \/>\n<meta property=\"og:description\" content=\"Stylowe szablony Slidera przed i po dla Twojej strony. Stw\u00f3rz teraz sw\u00f3j wspania\u0142y widget za darmo dzi\u0119ki Elfsight.\" \/>\n<meta property=\"og:url\" content=\"https:\/\/elfsight.com\/pl\/before-and-after-slider-widget\/examples\/\" \/>\n<meta property=\"og:site_name\" content=\"Elfsight PL\" \/>\n<meta property=\"article:modified_time\" content=\"2024-07-17T12:23:34+00:00\" \/>\n<meta name=\"twitter:card\" content=\"summary_large_image\" \/>\n<meta name=\"twitter:label1\" content=\"Szacowany czas czytania\" \/>\n\t<meta name=\"twitter:data1\" content=\"1 minuta\" \/>\n<!-- \/ Yoast SEO plugin. -->","yoast_head_json":{"title":"TOP 5 przyk\u0142ad\u00f3w Slidera zdj\u0119\u0107 przed i po dla Twojej strony www (2026)","description":"Stylowe szablony Slidera przed i po dla Twojej strony. Stw\u00f3rz teraz sw\u00f3j wspania\u0142y widget za darmo dzi\u0119ki Elfsight.","robots":{"index":"index","follow":"follow","max-snippet":"max-snippet:-1","max-image-preview":"max-image-preview:large","max-video-preview":"max-video-preview:-1"},"canonical":"https:\/\/elfsight.com\/pl\/before-and-after-slider-widget\/examples\/","og_locale":"pl_PL","og_type":"article","og_title":"TOP 5 przyk\u0142ad\u00f3w Slidera zdj\u0119\u0107 przed i po dla Twojej strony www (2026)","og_description":"Stylowe szablony Slidera przed i po dla Twojej strony. Stw\u00f3rz teraz sw\u00f3j wspania\u0142y widget za darmo dzi\u0119ki Elfsight.","og_url":"https:\/\/elfsight.com\/pl\/before-and-after-slider-widget\/examples\/","og_site_name":"Elfsight PL","article_modified_time":"2024-07-17T12:23:34+00:00","twitter_card":"summary_large_image","twitter_misc":{"Szacowany czas czytania":"1 minuta"},"schema":{"@context":"https:\/\/schema.org","@graph":[{"@type":"WebPage","@id":"https:\/\/elfsight.com\/pl\/before-and-after-slider-widget\/examples\/","url":"https:\/\/elfsight.com\/pl\/before-and-after-slider-widget\/examples\/","name":"TOP 5 przyk\u0142ad\u00f3w Slidera zdj\u0119\u0107 przed i po dla Twojej strony www (2026)","isPartOf":{"@id":"https:\/\/elfsight.com\/pl\/#website"},"datePublished":"2021-03-16T10:03:59+00:00","dateModified":"2024-07-17T12:23:34+00:00","description":"Stylowe szablony Slidera przed i po dla Twojej strony. Stw\u00f3rz teraz sw\u00f3j wspania\u0142y widget za darmo dzi\u0119ki Elfsight.","breadcrumb":{"@id":"https:\/\/elfsight.com\/pl\/before-and-after-slider-widget\/examples\/#breadcrumb"},"inLanguage":"pl-PL","potentialAction":[{"@type":"ReadAction","target":["https:\/\/elfsight.com\/pl\/before-and-after-slider-widget\/examples\/"]}]},{"@type":"BreadcrumbList","@id":"https:\/\/elfsight.com\/pl\/before-and-after-slider-widget\/examples\/#breadcrumb","itemListElement":[{"@type":"ListItem","position":1,"name":"Home","item":"https:\/\/elfsight.com\/pl\/"},{"@type":"ListItem","position":2,"name":"Before and After Slider","item":"https:\/\/elfsight.com\/pl\/before-and-after-slider-widget\/"},{"@type":"ListItem","position":3,"name":"Before and After Slider &#8211; Examples"}]},{"@type":"WebSite","@id":"https:\/\/elfsight.com\/pl\/#website","url":"https:\/\/elfsight.com\/pl\/","name":"Elfsight PL","description":"Just another Elfsight Sites site","potentialAction":[{"@type":"SearchAction","target":{"@type":"EntryPoint","urlTemplate":"https:\/\/elfsight.com\/pl\/?s={search_term_string}"},"query-input":{"@type":"PropertyValueSpecification","valueRequired":true,"valueName":"search_term_string"}}],"inLanguage":"pl-PL"}]}},"meta_box":{"industry":"","seo_heading":"","heading":"","description":"","cta_heading":"","cta_description":"","application":"2567","h1":"","h1_caption":"","application_category":[],"applications_title":"","applications_request_title":"","applications_request_button_text":"","hero_text":"","hero_video":"","hero_video_schema_markup":"","selling_points_title":"","selling_points_caption":"","selling_points":[],"selling_points_cta_text":"","features_title":"","features":"","ed_cta_examples_text":"","ed_cta_examples_hidden":"","ed_cta_demo_text":"","ed_cta_demo_hidden":"","why_caption":"","why_editor_title":"","why_editor_text":"","why_team_title":"","why_team_text":"","why_service_title":"","why_service_text":"","template_catalog_visible":"","template_catalog_title":"","template_catalog_text":"","template_catalog_categories_visible":"","demo_title":"","demo_caption":"","default_faq_hidden":"","app_template_category":[],"platform":"","template_public_id":"","codecanyon_url":"","codecanyon_item_id":"","codecanyon_price":"","pricing_caption":"","pricing_elfsight_apps_hide_column":"","pricing_elfsight_apps_url":"","pricing_codecanyon_price_caption":"","integration_category":[],"integration_request_title":"","integration_request_cta":"","integration_platform":"","integrations":[],"platform_category":[],"video_schema_markup":"","price":"","trial":"","benefits":[],"button_url":"","button_target_blank":"","button_nofollow":"","attributes":[],"tags":[],"tags_disable_links":"","hide_more_platforms":"","video_object":"","demo_hide_cta":"","demo_hide_cloud_options":"","pricing_title":"","pricing":[],"related_apps_title":"","related_apps_hidden":"","author":"","image":[],"title":"","job":"","social_networks":[]},"_links":{"self":[{"href":"https:\/\/elfsight.com\/pl\/wp-json\/wp\/v2\/pages\/2582","targetHints":{"allow":["GET"]}}],"collection":[{"href":"https:\/\/elfsight.com\/pl\/wp-json\/wp\/v2\/pages"}],"about":[{"href":"https:\/\/elfsight.com\/pl\/wp-json\/wp\/v2\/types\/page"}],"author":[{"embeddable":true,"href":"https:\/\/elfsight.com\/pl\/wp-json\/wp\/v2\/users\/13"}],"replies":[{"embeddable":true,"href":"https:\/\/elfsight.com\/pl\/wp-json\/wp\/v2\/comments?post=2582"}],"version-history":[{"count":6,"href":"https:\/\/elfsight.com\/pl\/wp-json\/wp\/v2\/pages\/2582\/revisions"}],"predecessor-version":[{"id":7556,"href":"https:\/\/elfsight.com\/pl\/wp-json\/wp\/v2\/pages\/2582\/revisions\/7556"}],"up":[{"embeddable":true,"href":"https:\/\/elfsight.com\/pl\/wp-json\/wp\/v2\/pages\/2568"}],"wp:attachment":[{"href":"https:\/\/elfsight.com\/pl\/wp-json\/wp\/v2\/media?parent=2582"}],"curies":[{"name":"wp","href":"https:\/\/api.w.org\/{rel}","templated":true}]}}