{"id":2552,"date":"2021-03-16T08:31:16","date_gmt":"2021-03-16T08:31:16","guid":{"rendered":"https:\/\/elfsight.com\/pl\/?page_id=2552"},"modified":"2021-03-16T09:11:37","modified_gmt":"2021-03-16T09:11:37","slug":"examples","status":"publish","type":"page","link":"https:\/\/elfsight.com\/pl\/logo-showcase-widget\/examples\/","title":{"rendered":"Logo Showcase &#8211; Examples"},"content":{"rendered":"\n<div class=\"application-examples-item application-examples-item-loading\">\n                            <div class=\"col-row\">\n                                <div class=\"col-6 col-m-8 col-s-12\"><h3 class=\"application-examples-item-title\">Przyk\u0142ad 1: Nasi klienci<\/h3><div class=\"application-examples-item-description\">Ta siatka logo przedstawia ca\u0142\u0105 list\u0119 firm klient\u00f3w, co wynika z tytu\u0142u wid\u017cetu. Dzi\u0119ki adaptacyjno\u015bci wid\u017cetu mo\u017cesz zobaczy\u0107 wszystkie logo na jednej stronie. Wszystkie logo zachowa\u0142y swoje oryginalne kolory, a aby ka\u017cdy z nich wygl\u0105da\u0142 bardziej charakterystycznie, zwi\u0119kszono odst\u0119p mi\u0119dzy logo. Tego rodzaju widget mo\u017ce dobrze pasowa\u0107 do zajmowania do\u015b\u0107 poka\u017anej powierzchni strony i pochwalenia si\u0119 du\u017c\u0105 liczb\u0105 klient\u00f3w.<\/div><\/div>\n                <\/div>\n\n                <div class=\"application-examples-item-iframe-container browser-frame\">\n                    <div class=\"application-examples-item-iframe-wrapper\">\n                        <iframe class=\"application-examples-item-iframe application-examples-item-iframe-fixed-height\" data-src=\"https:\/\/elfsight.com\/examples?widget_id=2a8b993c-c1f1-44ee-b599-6e2ea166fb64&padding=28px+40px+40px\" width=\"100%\" height=\"600\" allow=\"autoplay; fullscreen\"><\/iframe>\n                    <\/div>\n\n                    <div class=\"application-examples-item-loader\"><\/div>\n                <\/div>\n            <\/div>\n\n<div class=\"application-examples-item application-examples-item-loading\">\n                            <div class=\"col-row\">\n                                <div class=\"col-6 col-m-8 col-s-12\"><h3 class=\"application-examples-item-title\">Przyk\u0142ad 2: Slider logo<\/h3><div class=\"application-examples-item-description\">Tworzenie suwaka logo nie mo\u017ce by\u0107 prostsze. Te logo s\u0105 wprawiane w ruch za pomoc\u0105 uk\u0142adu Slider i opcji automatycznego przesuwania. U\u017cytkownicy mog\u0105 r\u00f3wnie\u017c przesuwa\u0107, klikaj\u0105c strza\u0142ki lub przeci\u0105gaj\u0105c. Pr\u0119dko\u015b\u0107 przej\u015bcia mo\u017cna \u0142atwo zmieni\u0107 w ustawieniach. Rozmiar logo okre\u015bla ich liczb\u0119 na slajdzie, wi\u0119c je\u015bli chcesz pokaza\u0107 wi\u0119cej na pierwszy rzut oka, po prostu zmniejsz rozmiar logo.<\/div><\/div>\n                <\/div>\n\n                <div class=\"application-examples-item-iframe-container browser-frame\">\n                    <div class=\"application-examples-item-iframe-wrapper\">\n                        <iframe class=\"application-examples-item-iframe application-examples-item-iframe-fixed-height\" data-src=\"https:\/\/elfsight.com\/examples?widget_id=623b0f78-74db-42b4-be9e-15d8d68d2aa7&padding=28px+40px+40px\" width=\"100%\" height=\"600\" allow=\"autoplay; fullscreen\"><\/iframe>\n                    <\/div>\n\n                    <div class=\"application-examples-item-loader\"><\/div>\n                <\/div>\n            <\/div>\n\n<div class=\"application-examples-item application-examples-item-loading\">\n                            <div class=\"col-row\">\n                                <div class=\"col-6 col-m-8 col-s-12\"><h3 class=\"application-examples-item-title\">Przyk\u0142ad 3: Indeks zaufania<\/h3><div class=\"application-examples-item-description\">W tym wid\u017cecie zwraca si\u0119 uwag\u0119 na logo czterech najwi\u0119kszych klient\u00f3w, kt\u00f3re imponuj\u0105 u\u017cytkownikom swoimi wp\u0142ywowymi nazwiskami. Po klikni\u0119ciu u\u017cytkownicy mog\u0105 przej\u015b\u0107 do strony internetowej ka\u017cdej firmy. Tytu\u0142 wid\u017cetu s\u0142u\u017cy budowaniu zaufania - pokazuje ca\u0142kowit\u0105 liczb\u0119 klient\u00f3w firm i odwo\u0142uje do dowodu spo\u0142ecznego. Czysty, pow\u015bci\u0105gliwy styl wid\u017cetu zosta\u0142 osi\u0105gni\u0119ty dzi\u0119ki filtrowi skali szaro\u015bci zastosowanemu do logo i czarnemu kolorowi czcionki w tytule. Szeroka rynna mi\u0119dzy logo r\u00f3wnie\u017c przyczynia si\u0119 do czystego wygl\u0105du.<\/div><\/div>\n                <\/div>\n\n                <div class=\"application-examples-item-iframe-container browser-frame\">\n                    <div class=\"application-examples-item-iframe-wrapper\">\n                        <iframe class=\"application-examples-item-iframe application-examples-item-iframe-fixed-height\" data-src=\"https:\/\/elfsight.com\/examples?widget_id=bce6bea4-db6e-46bf-8fa5-129ef071a199&padding=28px+40px+40px\" width=\"100%\" height=\"600\" allow=\"autoplay; fullscreen\"><\/iframe>\n                    <\/div>\n\n                    <div class=\"application-examples-item-loader\"><\/div>\n                <\/div>\n            <\/div>\n\n<div class=\"application-examples-item application-examples-item-loading\">\n                            <div class=\"col-row\">\n                                <div class=\"col-6 col-m-8 col-s-12\"><h3 class=\"application-examples-item-title\">Przyk\u0142ad 4: Wezwanie do akcji<\/h3><div class=\"application-examples-item-description\">Aby Tw\u00f3j wid\u017cet wygl\u0105da\u0142 maksymalnie niestandardowo i uzyska\u0142 wygl\u0105d dopasowany do Twojej strony internetowej, mo\u017cesz u\u017cy\u0107 opcji za\u0142adowania obrazu t\u0142a wid\u017cetu. W tym przyk\u0142adzie wid\u017cet ma szeroko\u015b\u0107 automatyczn\u0105, co sprawia, \u017ce zajmuje ca\u0142\u0105 woln\u0105 przestrze\u0144 i wygl\u0105da naprawd\u0119 solidnie. Przycisk CTA s\u0142u\u017cy do przyci\u0105gni\u0119cia wi\u0119kszej liczby kontakt\u00f3w z klientami, mo\u017ce przekierowywa\u0107 u\u017cytkownik\u00f3w na dowolny adres.<\/div><\/div>\n                <\/div>\n\n                <div class=\"application-examples-item-iframe-container browser-frame\">\n                    <div class=\"application-examples-item-iframe-wrapper\">\n                        <iframe class=\"application-examples-item-iframe application-examples-item-iframe-fixed-height\" data-src=\"https:\/\/elfsight.com\/examples?widget_id=b8ef791b-82c7-47be-b0b8-d87aa312409b&padding=28px+40px+40px\" width=\"100%\" height=\"600\" allow=\"autoplay; fullscreen\"><\/iframe>\n                    <\/div>\n\n                    <div class=\"application-examples-item-loader\"><\/div>\n                <\/div>\n            <\/div>\n\n<div class=\"application-examples-item application-examples-item-loading\">\n                            <div class=\"col-row\">\n                                <div class=\"col-6 col-m-8 col-s-12\"><h3 class=\"application-examples-item-title\">Przyk\u0142ad 5: Niesko\u0144czona karuzela<\/h3><div class=\"application-examples-item-description\">Ten przyk\u0142ad pokazuje, jak mo\u017cna utworzy\u0107 karuzel\u0119 z logo, kt\u00f3ra b\u0119dzie komponowa\u0107 si\u0119 ze stron\u0105 i nie b\u0119dzie odwraca\u0107 uwagi od innych tre\u015bci. Karuzela posiada szare t\u0142o i filtr w skali szaro\u015bci z logo, kt\u00f3re nadaj\u0105 ca\u0142o\u015bci dyskretny wygl\u0105d. Taki widget b\u0119dzie idealnym rozwi\u0105zaniem, je\u015bli potrzebujesz prezentacji logo na dolnym pasku. Ruch tworzy niesko\u0144czon\u0105 p\u0119tl\u0119, a je\u015bli opcja Wstrzymaj po najechaniu jest w\u0142\u0105czona, u\u017cytkownicy mog\u0105 wstrzyma\u0107 karuzel\u0119.<\/div><\/div>\n                <\/div>\n\n                <div class=\"application-examples-item-iframe-container browser-frame\">\n                    <div class=\"application-examples-item-iframe-wrapper\">\n                        <iframe class=\"application-examples-item-iframe application-examples-item-iframe-fixed-height\" data-src=\"https:\/\/elfsight.com\/examples?widget_id=2694dc0a-17a6-46a9-8e9b-dfe196d07cc2&padding=28px+40px+40px\" width=\"100%\" height=\"600\" allow=\"autoplay; fullscreen\"><\/iframe>\n                    <\/div>\n\n                    <div class=\"application-examples-item-loader\"><\/div>\n                <\/div>\n            <\/div>\n\n<div class=\"application-examples-item application-examples-item-loading\">\n                            <div class=\"col-row\">\n                                <div class=\"col-6 col-m-8 col-s-12\"><h3 class=\"application-examples-item-title\">Przyk\u0142ad 6: Partnery<\/h3><div class=\"application-examples-item-description\">Mo\u017cesz \u0142atwo zademonstrowa\u0107 logo swoich partner\u00f3w z odrobin\u0105 stylu. Mo\u017cesz uzyska\u0107 dowolny wygl\u0105d, zmieniaj\u0105c kolory logo i jego t\u0142a. W tym przyk\u0142adzie oba s\u0105 w niebieskim spektrum kolor\u00f3w i wygl\u0105daj\u0105 stylowo i czysto. Odst\u0119p mi\u0119dzy logo zosta\u0142 bardzo w\u0105ski, aby stworzy\u0107 wizualn\u0105 integralno\u015b\u0107. Tytu\u0142 wid\u017cetu zawiera r\u00f3wnie\u017c kr\u00f3tki tekst przedstawiaj\u0105cy partner\u00f3w.<\/div><\/div>\n                <\/div>\n\n                <div class=\"application-examples-item-iframe-container browser-frame\">\n                    <div class=\"application-examples-item-iframe-wrapper\">\n                        <iframe class=\"application-examples-item-iframe application-examples-item-iframe-fixed-height\" data-src=\"https:\/\/elfsight.com\/examples?widget_id=8110bd9c-0901-4e00-b6b4-f8f9428de9b6&padding=28px+40px+40px\" width=\"100%\" height=\"600\" allow=\"autoplay; fullscreen\"><\/iframe>\n                    <\/div>\n\n                    <div class=\"application-examples-item-loader\"><\/div>\n                <\/div>\n            <\/div>\n\n<div class=\"application-cta-create\">\n                    <div class=\"application-cta-create-bg\">\n                        <div class=\"application-cta-create-bg-left\"><\/div>\n\n                        <div class=\"application-cta-create-bg-right\">\n                            <img decoding=\"async\" src=\"https:\/\/elfsight.com\/pl\/wp-content\/themes\/elfsight\/frontend\/assets\/img\/application-cta-create.jpg\" alt=\"Zacznij od stworzenia swojego wid\u017cetu\">\n                        <\/div>\n                    <\/div>\n\n                    <div class=\"application-cta-create-content inner\">\n                        <div class=\"application-cta-create-content-inner\">\n                            <div class=\"application-cta-create-content-icon\">\n                                <svg viewBox=\"0 0 25 25\" width=\"100%\" height=\"100%\">\n                                    <use xlink:href=\"#icon-settings\"><\/use>\n                                <\/svg>\n                            <\/div>\n\n                            <div class=\"application-cta-create-content-title\">Zacznij od stworzenia swojego wid\u017cetu<\/div>\n\n                            <div class=\"application-cta-create-content-text\">Szybko. \u0141atwo. Bez kodowania.<\/div>\n\n                            <a class=\"application-cta-create-content-button button-48 button-has-right-icon button-black button\" href=\"\">\n                                <span class=\"button-label\">Utw\u00f3rz wid\u017cet<\/span>\n\n                                <svg class=\"button-icon\">\n                                    <use xlink:href=\"#icon-arrow-link\"><\/use>\n                                <\/svg>\n                            <\/a>\n                        <\/div>\n                    <\/div>\n                <\/div>\n\n<div class=\"application-examples-item application-examples-item-loading\">\n                            <div class=\"col-row\">\n                                <div class=\"col-6 col-m-8 col-s-12\"><h3 class=\"application-examples-item-title\">Przyk\u0142ad 7: Sponsory<\/h3><div class=\"application-examples-item-description\">Ten wid\u017cet tworzy ca\u0142\u0105 jednostk\u0119 tre\u015bci przeznaczon\u0105 dla sponsor\u00f3w firmy. Zwi\u0119kszono rozmiar czcionki w tytule, a tytu\u0142 wygl\u0105da naprawd\u0119 solidnie. Loga sponsor\u00f3w s\u0105 w kolorze bia\u0142ym i razem z bia\u0142ym tytu\u0142em wid\u017cetu tworz\u0105 jedno\u015b\u0107 kolor\u00f3w, umieszczon\u0105 na niestandardowym obrazku t\u0142a. Dzi\u0119ki uk\u0142adowi siatki i umiarkowanemu rozmiarowi logo u\u017cytkownicy mog\u0105 zobaczy\u0107 je wszystkie na pierwszy rzut oka.<\/div><\/div>\n                <\/div>\n\n                <div class=\"application-examples-item-iframe-container browser-frame\">\n                    <div class=\"application-examples-item-iframe-wrapper\">\n                        <iframe class=\"application-examples-item-iframe application-examples-item-iframe-fixed-height\" data-src=\"https:\/\/elfsight.com\/examples?widget_id=11c86b42-0e97-46c2-ba6f-58bacb8c5895&padding=28px+40px+40px\" width=\"100%\" height=\"600\" allow=\"autoplay; fullscreen\"><\/iframe>\n                    <\/div>\n\n                    <div class=\"application-examples-item-loader\"><\/div>\n                <\/div>\n            <\/div>\n\n<div class=\"application-examples-item application-examples-item-loading\">\n                            <div class=\"col-row\">\n                                <div class=\"col-6 col-m-8 col-s-12\"><h3 class=\"application-examples-item-title\">Przyk\u0142ad 8: Przedstawiony w mediach<\/h3><div class=\"application-examples-item-description\">Za pomoc\u0105 wid\u017cetu mo\u017cesz pochwali\u0107 si\u0119 wzmiankami o swojej firmie w r\u00f3\u017cnych mediach. W tym celu wystarczy powi\u0105za\u0107 logo z artyku\u0142ami lub innymi \u017ar\u00f3d\u0142ami, a u\u017cytkownicy b\u0119d\u0105 mogli sprawdzi\u0107, co o Tobie pisz\u0105 w prasie. Ten przypadek zawiera logo o\u015bmiu zasob\u00f3w multimedialnych na czarnym tle wid\u017cetu. W uk\u0142adzie Grid s\u0105 one wbudowane w dwa rz\u0119dy. Tytu\u0142 i tekst zach\u0119caj\u0105 u\u017cytkownik\u00f3w do zapoznania si\u0119 ze wzmiankami.<\/div><\/div>\n                <\/div>\n\n                <div class=\"application-examples-item-iframe-container browser-frame\">\n                    <div class=\"application-examples-item-iframe-wrapper\">\n                        <iframe class=\"application-examples-item-iframe application-examples-item-iframe-fixed-height\" data-src=\"https:\/\/elfsight.com\/examples?widget_id=53c5a40b-0c74-4a9f-a78a-cca4a3f91fe0&padding=28px+40px+40px\" width=\"100%\" height=\"600\" allow=\"autoplay; fullscreen\"><\/iframe>\n                    <\/div>\n\n                    <div class=\"application-examples-item-loader\"><\/div>\n                <\/div>\n            <\/div>\n","protected":false},"excerpt":{"rendered":"","protected":false},"author":13,"featured_media":0,"parent":2536,"menu_order":0,"comment_status":"closed","ping_status":"closed","template":"templates\/template-application-examples.php","meta":{"publish_to_discourse":"","publish_post_category":"","wpdc_auto_publish_overridden":"","wpdc_topic_tags":"","wpdc_pin_topic":"","wpdc_pin_until":"","discourse_post_id":"","discourse_permalink":"","wpdc_publishing_response":"","wpdc_publishing_error":"","footnotes":""},"class_list":["post-2552","page","type-page","status-publish","hentry"],"yoast_head":"<!-- This site is optimized with the Yoast SEO plugin v25.3.1 - https:\/\/yoast.com\/wordpress\/plugins\/seo\/ -->\n<title>TOP 8 najlepszych przyk\u0142ad\u00f3w wid\u017cetu Prezentacja Logo Firm (2025)<\/title>\n<meta name=\"description\" content=\"TOP 8 przyk\u0142ad\u00f3w wid\u017cetu Logotyp\u00f3w: nasi klienci, slider logo, indeks zaufania, wezwanie do dzia\u0142ania, karuzela, partnerzy i sponsorzy.\" \/>\n<meta name=\"robots\" content=\"index, follow, max-snippet:-1, max-image-preview:large, max-video-preview:-1\" \/>\n<link rel=\"canonical\" href=\"https:\/\/elfsight.com\/pl\/logo-showcase-widget\/examples\/\" \/>\n<meta property=\"og:locale\" content=\"pl_PL\" \/>\n<meta property=\"og:type\" content=\"article\" \/>\n<meta property=\"og:title\" content=\"TOP 8 najlepszych przyk\u0142ad\u00f3w wid\u017cetu Prezentacja Logo Firm (2025)\" \/>\n<meta property=\"og:description\" content=\"TOP 8 przyk\u0142ad\u00f3w wid\u017cetu Logotyp\u00f3w: nasi klienci, slider logo, indeks zaufania, wezwanie do dzia\u0142ania, karuzela, partnerzy i sponsorzy.\" \/>\n<meta property=\"og:url\" content=\"https:\/\/elfsight.com\/pl\/logo-showcase-widget\/examples\/\" \/>\n<meta property=\"og:site_name\" content=\"Elfsight PL\" \/>\n<meta property=\"article:modified_time\" content=\"2021-03-16T09:11:37+00:00\" \/>\n<meta name=\"twitter:card\" content=\"summary_large_image\" \/>\n<meta name=\"twitter:label1\" content=\"Szacowany czas czytania\" \/>\n\t<meta name=\"twitter:data1\" content=\"4 minuty\" \/>\n<!-- \/ Yoast SEO plugin. -->","yoast_head_json":{"title":"TOP 8 najlepszych przyk\u0142ad\u00f3w wid\u017cetu Prezentacja Logo Firm (2025)","description":"TOP 8 przyk\u0142ad\u00f3w wid\u017cetu Logotyp\u00f3w: nasi klienci, slider logo, indeks zaufania, wezwanie do dzia\u0142ania, karuzela, partnerzy i sponsorzy.","robots":{"index":"index","follow":"follow","max-snippet":"max-snippet:-1","max-image-preview":"max-image-preview:large","max-video-preview":"max-video-preview:-1"},"canonical":"https:\/\/elfsight.com\/pl\/logo-showcase-widget\/examples\/","og_locale":"pl_PL","og_type":"article","og_title":"TOP 8 najlepszych przyk\u0142ad\u00f3w wid\u017cetu Prezentacja Logo Firm (2025)","og_description":"TOP 8 przyk\u0142ad\u00f3w wid\u017cetu Logotyp\u00f3w: nasi klienci, slider logo, indeks zaufania, wezwanie do dzia\u0142ania, karuzela, partnerzy i sponsorzy.","og_url":"https:\/\/elfsight.com\/pl\/logo-showcase-widget\/examples\/","og_site_name":"Elfsight PL","article_modified_time":"2021-03-16T09:11:37+00:00","twitter_card":"summary_large_image","twitter_misc":{"Szacowany czas czytania":"4 minuty"},"schema":{"@context":"https:\/\/schema.org","@graph":[{"@type":"WebPage","@id":"https:\/\/elfsight.com\/pl\/logo-showcase-widget\/examples\/","url":"https:\/\/elfsight.com\/pl\/logo-showcase-widget\/examples\/","name":"TOP 8 najlepszych przyk\u0142ad\u00f3w wid\u017cetu Prezentacja Logo Firm (2025)","isPartOf":{"@id":"https:\/\/elfsight.com\/pl\/#website"},"datePublished":"2021-03-16T08:31:16+00:00","dateModified":"2021-03-16T09:11:37+00:00","description":"TOP 8 przyk\u0142ad\u00f3w wid\u017cetu Logotyp\u00f3w: nasi klienci, slider logo, indeks zaufania, wezwanie do dzia\u0142ania, karuzela, partnerzy i sponsorzy.","breadcrumb":{"@id":"https:\/\/elfsight.com\/pl\/logo-showcase-widget\/examples\/#breadcrumb"},"inLanguage":"pl-PL","potentialAction":[{"@type":"ReadAction","target":["https:\/\/elfsight.com\/pl\/logo-showcase-widget\/examples\/"]}]},{"@type":"BreadcrumbList","@id":"https:\/\/elfsight.com\/pl\/logo-showcase-widget\/examples\/#breadcrumb","itemListElement":[{"@type":"ListItem","position":1,"name":"Home","item":"https:\/\/elfsight.com\/pl\/"},{"@type":"ListItem","position":2,"name":"Logo Showcase","item":"https:\/\/elfsight.com\/pl\/logo-showcase-widget\/"},{"@type":"ListItem","position":3,"name":"Logo Showcase &#8211; Examples"}]},{"@type":"WebSite","@id":"https:\/\/elfsight.com\/pl\/#website","url":"https:\/\/elfsight.com\/pl\/","name":"Elfsight PL","description":"Just another Elfsight Sites site","potentialAction":[{"@type":"SearchAction","target":{"@type":"EntryPoint","urlTemplate":"https:\/\/elfsight.com\/pl\/?s={search_term_string}"},"query-input":{"@type":"PropertyValueSpecification","valueRequired":true,"valueName":"search_term_string"}}],"inLanguage":"pl-PL"}]}},"meta_box":{"industry":"","seo_heading":"","heading":"","description":"","cta_heading":"","cta_description":"","application":"2535","h1":"","h1_caption":"","application_category":[],"applications_title":"","applications_request_title":"","applications_request_button_text":"","hero_text":"","hero_video":"","hero_video_schema_markup":"","selling_points_title":"","selling_points_caption":"","selling_points":[],"selling_points_cta_text":"","features_title":"","features":"","ed_cta_examples_text":"","ed_cta_examples_hidden":"","ed_cta_demo_text":"","ed_cta_demo_hidden":"","why_caption":"","why_editor_title":"","why_editor_text":"","why_team_title":"","why_team_text":"","why_service_title":"","why_service_text":"","template_catalog_visible":"","template_catalog_title":"","template_catalog_text":"","template_catalog_categories_visible":"","demo_title":"","demo_caption":"","default_faq_hidden":"","app_template_category":[],"platform":"","template_public_id":"","codecanyon_url":"","codecanyon_item_id":"","codecanyon_price":"","pricing_caption":"","pricing_elfsight_apps_hide_column":"","pricing_elfsight_apps_url":"","pricing_codecanyon_price_caption":"","integration_category":[],"integration_request_title":"","integration_request_cta":"","integration_platform":"","integrations":[],"platform_category":[],"video_schema_markup":"","price":"","trial":"","benefits":[],"button_url":"","button_target_blank":"","button_nofollow":"","attributes":[],"tags":[],"tags_disable_links":"","hide_more_platforms":"","video_object":"","demo_hide_cta":"","demo_hide_cloud_options":"","pricing_title":"","pricing":[],"related_apps_title":"","related_apps_hidden":"","author":"","image":[],"title":"","job":"","social_networks":[]},"_links":{"self":[{"href":"https:\/\/elfsight.com\/pl\/wp-json\/wp\/v2\/pages\/2552","targetHints":{"allow":["GET"]}}],"collection":[{"href":"https:\/\/elfsight.com\/pl\/wp-json\/wp\/v2\/pages"}],"about":[{"href":"https:\/\/elfsight.com\/pl\/wp-json\/wp\/v2\/types\/page"}],"author":[{"embeddable":true,"href":"https:\/\/elfsight.com\/pl\/wp-json\/wp\/v2\/users\/13"}],"replies":[{"embeddable":true,"href":"https:\/\/elfsight.com\/pl\/wp-json\/wp\/v2\/comments?post=2552"}],"version-history":[{"count":6,"href":"https:\/\/elfsight.com\/pl\/wp-json\/wp\/v2\/pages\/2552\/revisions"}],"predecessor-version":[{"id":2558,"href":"https:\/\/elfsight.com\/pl\/wp-json\/wp\/v2\/pages\/2552\/revisions\/2558"}],"up":[{"embeddable":true,"href":"https:\/\/elfsight.com\/pl\/wp-json\/wp\/v2\/pages\/2536"}],"wp:attachment":[{"href":"https:\/\/elfsight.com\/pl\/wp-json\/wp\/v2\/media?parent=2552"}],"curies":[{"name":"wp","href":"https:\/\/api.w.org\/{rel}","templated":true}]}}