{"id":255,"date":"2020-11-17T07:34:49","date_gmt":"2020-11-17T07:34:49","guid":{"rendered":"https:\/\/elfsight.com\/pl\/?page_id=255"},"modified":"2021-04-21T13:37:56","modified_gmt":"2021-04-21T13:37:56","slug":"lightcms-plugins","status":"publish","type":"page","link":"https:\/\/elfsight.com\/pl\/lightcms-plugins\/","title":{"rendered":"lightCMS plugins"},"content":{"rendered":"\n<h2>Najdoskonalsze wtyczki Elfsight dla aktualizacji twojej strony www LightCMS<\/h2>\n\n<p>Przez 9 lat nasza dru\u017cyna specjalist\u00f3w Elfsight konstruuje \u0142atwe w u\u017cyciu i dostosowywane wtyczki chmurowe dla Twojej firmy. Nasz zesp\u00f3\u0142 gwarantuj\u0105 serwis wsparcia i szybko\u015b\u0107 wczytywania. Dodatki Elfsight pomagaj\u0105 w\u0142a\u015bcicielom witryn internetowych, edukacyjnych i wielu innym na \u015bwiecie upora\u0107 si\u0119 z powa\u017cnymi zadaniami bardziej efektywnie. \n<\/p>\n\n<p>Aby zwi\u0119kszy\u0107 poziom sprzeda\u017cy, zademonstrowa\u0107 5-gwiazdkow\u0105 ocen\u0119 na swoje oferty, zwi\u0119kszy\u0107 zaufanie do swojej marki, przez wbudowanie widgetu do Twojej witryny. Nasze plany abonamentowe wahaj\u0105 si\u0119 od bezp\u0142atnych do premium. Szybko zintegrowa\u0107 wszelkie odpowiednie pluginy korzystaj\u0105c z naszej demonstracji i zobacz jak bardzo mo\u017ce to by\u0107 istotne w kwestii rozwoju strony internetowej biznesu. <\/p>\n\n<h2>Co powoduje, \u017ce rozszerzenia Elfsight s\u0105 jednymi z najlepszych rozwi\u0105zaniami dla Twojej strony www? <\/h2>\n\n<p> Oto spis istotnych cech naszych plugin\u00f3w, kt\u00f3re umo\u017cliwiaj\u0105 nam wyprzedzi\u0107 konkurencj\u0119: <\/p>\n\n\n<ul>\n<li> Darmowa i szybka pomoc przy instalacje lub personalizacji aplikacji; <\/li>\n<li> Adaptacja do wszystkich rozdzielczo\u015bci stron internetowych i dostosowane do urz\u0105dze\u0144 mobilnych; <\/li>\n<li> Nie ma potrzeby umiej\u0119tno\u015bci programowania; <\/li>\n<li> Bogata r\u00f3\u017cnorodno\u015b\u0107 opcji dostosowywania; <\/li>\n<li> Oparte na chmurze widgety pomagaj\u0105 zwi\u0119kszy\u0107 szybko\u015b\u0107 witryny; <\/li>\n<li> Wszystkie przysz\u0142e aktualizacje s\u0105 gratisowe i regularne; <\/li>\n<li> Rozs\u0105dny zakres cen; <\/li>\n<li> Profesjonalna pomoc z problemami klient\u00f3w. <\/li>\n<\/ul>\n\n<p> Sprawd\u017a wolne wersje Lite naszych aplikacji i u\u017cywaj jej potencja\u0142 lub zainstaluj dowolne wymagane aplikacje z 20% rabatem. <\/p>\n\n\n<h2> W jaki spos\u00f3b wbudowa\u0107 Twoje rozszerzenia na witrynie LightCMS <\/h2>\n\n<p> Mo\u017cesz zintegrowa\u0107 wtyczki, wykonuj\u0105c wszystkie etapy z prostej wskaz\u00f3wki: <\/p>\n\n\n<ol>\n<li> Naci\u015bnij na wymagan\u0105 wtyczk\u0119; <\/li>\n<li> Dostosuj wa\u017cne konfiguracji; <\/li>\n<li> Nie zapomnijcie, aby zapisa\u0107 zmiany; <\/li>\n<li> Otrzymaj otrzymany kod; <\/li>\n<li> Dodaj go w odpowiednim miejscu swojej witryny lub szablonu; <\/li>\n<li> Sko\u0144czone! Uda\u0142o Ci si\u0119 zintegrowa\u0107 wid\u017cet. <\/li>\n<\/ol>\n\n<p> W przypadku pyta\u0144, nie wahaj si\u0119 poinformowa\u0107 o tym zespo\u0142u wspieraj\u0105cego Elfsight. <\/p>\n","protected":false},"excerpt":{"rendered":"Najdoskonalsze wtyczki Elfsight dla aktualizacji twojej strony www LightCMS Przez 9 lat nasza dru\u017cyna specjalist\u00f3w Elfsight konstruuje \u0142atwe w u\u017cyciu i dostosowywane wtyczki chmurowe dla Twojej firmy. Nasz zesp\u00f3\u0142 gwarantuj\u0105 serwis wsparcia i szybko\u015b\u0107 wczytywania. Dodatki Elfsight pomagaj\u0105 w\u0142a\u015bcicielom witryn internetowych, edukacyjnych i wielu innym na \u015bwiecie upora\u0107 si\u0119 z&#8230;","protected":false},"author":13,"featured_media":0,"parent":0,"menu_order":0,"comment_status":"closed","ping_status":"closed","template":"templates\/template-platform.php","meta":{"publish_to_discourse":"","publish_post_category":"","wpdc_auto_publish_overridden":"","wpdc_topic_tags":"","wpdc_pin_topic":"","wpdc_pin_until":"","discourse_post_id":"","discourse_permalink":"","wpdc_publishing_response":"","wpdc_publishing_error":"","footnotes":""},"class_list":["post-255","page","type-page","status-publish","hentry"],"yoast_head":"<!-- This site is optimized with the Yoast SEO plugin v25.3.1 - https:\/\/yoast.com\/wordpress\/plugins\/seo\/ -->\n<title>Ponad 80 najlepszych LightCMS plugin\u00f3w dla strony internetowej<\/title>\n<meta name=\"description\" content=\"Zestaw darmowych plugin\u00f3w najwy\u017cszej klasy dla twojej witryny internetowej LightCMS. Pom\u00f3c z personalizacj\u0105 i bogata gama mo\u017cliwo\u015bci.\" \/>\n<meta name=\"robots\" content=\"index, follow, max-snippet:-1, max-image-preview:large, max-video-preview:-1\" \/>\n<link rel=\"canonical\" href=\"https:\/\/elfsight.com\/pl\/lightcms-plugins\/\" \/>\n<meta property=\"og:locale\" content=\"pl_PL\" \/>\n<meta property=\"og:type\" content=\"article\" \/>\n<meta property=\"og:title\" content=\"Ponad 80 najlepszych LightCMS plugin\u00f3w dla strony internetowej\" \/>\n<meta property=\"og:description\" content=\"Zestaw darmowych plugin\u00f3w najwy\u017cszej klasy dla twojej witryny internetowej LightCMS. Pom\u00f3c z personalizacj\u0105 i bogata gama mo\u017cliwo\u015bci.\" \/>\n<meta property=\"og:url\" content=\"https:\/\/elfsight.com\/pl\/lightcms-plugins\/\" \/>\n<meta property=\"og:site_name\" content=\"Elfsight PL\" \/>\n<meta property=\"article:modified_time\" content=\"2021-04-21T13:37:56+00:00\" \/>\n<meta name=\"twitter:card\" content=\"summary_large_image\" \/>\n<meta name=\"twitter:label1\" content=\"Szacowany czas czytania\" \/>\n\t<meta name=\"twitter:data1\" content=\"1 minuta\" \/>\n<!-- \/ Yoast SEO plugin. -->","yoast_head_json":{"title":"Ponad 80 najlepszych LightCMS plugin\u00f3w dla strony internetowej","description":"Zestaw darmowych plugin\u00f3w najwy\u017cszej klasy dla twojej witryny internetowej LightCMS. Pom\u00f3c z personalizacj\u0105 i bogata gama mo\u017cliwo\u015bci.","robots":{"index":"index","follow":"follow","max-snippet":"max-snippet:-1","max-image-preview":"max-image-preview:large","max-video-preview":"max-video-preview:-1"},"canonical":"https:\/\/elfsight.com\/pl\/lightcms-plugins\/","og_locale":"pl_PL","og_type":"article","og_title":"Ponad 80 najlepszych LightCMS plugin\u00f3w dla strony internetowej","og_description":"Zestaw darmowych plugin\u00f3w najwy\u017cszej klasy dla twojej witryny internetowej LightCMS. Pom\u00f3c z personalizacj\u0105 i bogata gama mo\u017cliwo\u015bci.","og_url":"https:\/\/elfsight.com\/pl\/lightcms-plugins\/","og_site_name":"Elfsight PL","article_modified_time":"2021-04-21T13:37:56+00:00","twitter_card":"summary_large_image","twitter_misc":{"Szacowany czas czytania":"1 minuta"},"schema":{"@context":"https:\/\/schema.org","@graph":[{"@type":"WebPage","@id":"https:\/\/elfsight.com\/pl\/lightcms-plugins\/","url":"https:\/\/elfsight.com\/pl\/lightcms-plugins\/","name":"Ponad 80 najlepszych LightCMS plugin\u00f3w dla strony internetowej","isPartOf":{"@id":"https:\/\/elfsight.com\/pl\/#website"},"datePublished":"2020-11-17T07:34:49+00:00","dateModified":"2021-04-21T13:37:56+00:00","description":"Zestaw darmowych plugin\u00f3w najwy\u017cszej klasy dla twojej witryny internetowej LightCMS. Pom\u00f3c z personalizacj\u0105 i bogata gama mo\u017cliwo\u015bci.","breadcrumb":{"@id":"https:\/\/elfsight.com\/pl\/lightcms-plugins\/#breadcrumb"},"inLanguage":"pl-PL","potentialAction":[{"@type":"ReadAction","target":["https:\/\/elfsight.com\/pl\/lightcms-plugins\/"]}]},{"@type":"BreadcrumbList","@id":"https:\/\/elfsight.com\/pl\/lightcms-plugins\/#breadcrumb","itemListElement":[{"@type":"ListItem","position":1,"name":"Home","item":"https:\/\/elfsight.com\/pl\/"},{"@type":"ListItem","position":2,"name":"lightCMS plugins"}]},{"@type":"WebSite","@id":"https:\/\/elfsight.com\/pl\/#website","url":"https:\/\/elfsight.com\/pl\/","name":"Elfsight PL","description":"Just another Elfsight Sites site","potentialAction":[{"@type":"SearchAction","target":{"@type":"EntryPoint","urlTemplate":"https:\/\/elfsight.com\/pl\/?s={search_term_string}"},"query-input":{"@type":"PropertyValueSpecification","valueRequired":true,"valueName":"search_term_string"}}],"inLanguage":"pl-PL"}]}},"meta_box":{"industry":"","seo_heading":"","heading":"","description":"","cta_heading":"","cta_description":"","application":"","h1":"Najlepsze pluginy LightCMS","h1_caption":"Gratisowy odbi\u00f3r doskona\u0142ych wtyczek najwy\u017cszej klasy z szerokim wachlarzem funkcji dla zwi\u0119kszenia zapotrzebowania u\u017cytkownik\u00f3w oraz osi\u0105gni\u0119cia wszystkich pozosta\u0142ych dzia\u0142a\u0144 o charakterze handlowym. \u0141atwa implementacja, bogata oferta mo\u017cliwo\u015bci modyfikacji i profesjonalne wsparcie klienta.","application_category":[],"applications_title":"Obczaj najlepsze pluginy dla twojej witryny internetowej w\u015br\u00f3d wszystkich element\u00f3w interfejsu nieodp\u0142atnych w demonstracje online","applications_request_title":"Nie mo\u017cesz znale\u017a\u0107 odpowiedniego plugina?","applications_request_button_text":"Zam\u00f3w plugin","hero_text":"","hero_video":"","hero_video_schema_markup":"","selling_points_title":"","selling_points_caption":"","selling_points":[],"selling_points_cta_text":"","features_title":"","features":"","ed_cta_examples_text":"","ed_cta_examples_hidden":"","ed_cta_demo_text":"","ed_cta_demo_hidden":"","why_caption":"","why_editor_title":"","why_editor_text":"","why_team_title":"","why_team_text":"","why_service_title":"","why_service_text":"","template_catalog_visible":"","template_catalog_title":"","template_catalog_text":"","template_catalog_categories_visible":"","demo_title":"","demo_caption":"","default_faq_hidden":"","app_template_category":[],"platform":"252","template_public_id":"","codecanyon_url":"","codecanyon_item_id":"","codecanyon_price":"","pricing_caption":"","pricing_elfsight_apps_hide_column":"","pricing_elfsight_apps_url":"","pricing_codecanyon_price_caption":"","integration_category":[],"integration_request_title":"","integration_request_cta":"","integration_platform":"","integrations":[],"platform_category":[],"video_schema_markup":"","price":"","trial":"","benefits":[],"button_url":"","button_target_blank":"","button_nofollow":"","attributes":[],"tags":[],"tags_disable_links":"","hide_more_platforms":"","video_object":"","demo_hide_cta":"","demo_hide_cloud_options":"","pricing_title":"","pricing":[],"related_apps_title":"","related_apps_hidden":"","author":"","image":[],"title":"","job":"","social_networks":[]},"_links":{"self":[{"href":"https:\/\/elfsight.com\/pl\/wp-json\/wp\/v2\/pages\/255","targetHints":{"allow":["GET"]}}],"collection":[{"href":"https:\/\/elfsight.com\/pl\/wp-json\/wp\/v2\/pages"}],"about":[{"href":"https:\/\/elfsight.com\/pl\/wp-json\/wp\/v2\/types\/page"}],"author":[{"embeddable":true,"href":"https:\/\/elfsight.com\/pl\/wp-json\/wp\/v2\/users\/13"}],"replies":[{"embeddable":true,"href":"https:\/\/elfsight.com\/pl\/wp-json\/wp\/v2\/comments?post=255"}],"version-history":[{"count":1,"href":"https:\/\/elfsight.com\/pl\/wp-json\/wp\/v2\/pages\/255\/revisions"}],"predecessor-version":[{"id":256,"href":"https:\/\/elfsight.com\/pl\/wp-json\/wp\/v2\/pages\/255\/revisions\/256"}],"wp:attachment":[{"href":"https:\/\/elfsight.com\/pl\/wp-json\/wp\/v2\/media?parent=255"}],"curies":[{"name":"wp","href":"https:\/\/api.w.org\/{rel}","templated":true}]}}