{"id":2521,"date":"2021-03-11T09:32:37","date_gmt":"2021-03-11T09:32:37","guid":{"rendered":"https:\/\/elfsight.com\/pl\/?page_id=2521"},"modified":"2024-07-18T13:16:02","modified_gmt":"2024-07-18T13:16:02","slug":"examples","status":"publish","type":"page","link":"https:\/\/elfsight.com\/pl\/photo-gallery-widget\/examples\/","title":{"rendered":"Photo Gallery &#8211; Examples"},"content":{"rendered":"\n<div class=\"application-examples-item application-examples-item-loading\">\n                            <div class=\"col-row\">\n                                <div class=\"col-6 col-m-8 col-s-12\"><h3 class=\"application-examples-item-title\">Przyk\u0142ad 1. Podr\u00f3\u017cnik<\/h3><div class=\"application-examples-item-description\">Zaprojektuj fascynuj\u0105c\u0105 i dok\u0142adn\u0105 galeri\u0119 zdj\u0119\u0107 ze swoimi zdj\u0119ciami z podr\u00f3\u017cy. Uk\u0142ad pozwala na przesuwanie lub wybranie konkretnego zdj\u0119cia z poni\u017cszej listy. Dodaj chwytliwe tytu\u0142y wyskakuj\u0105cych okienek, kr\u00f3tki opis wspania\u0142ej przygody lub malowniczych miejsc i dostosuj typ t\u0142a do motywu kolor\u00f3w Twojego projektu internetowego. Powiedz widzom, jak niesamowite mo\u017ce by\u0107 podr\u00f3\u017cowanie.<\/div><\/div>\n                <\/div>\n\n                <div class=\"application-examples-item-iframe-container browser-frame\">\n                    <div class=\"application-examples-item-iframe-wrapper\">\n                        <iframe class=\"application-examples-item-iframe application-examples-item-iframe-fixed-height\" data-src=\"https:\/\/sandbox.elfsightcdn.com\/?widget_id=aa2d9bba-295c-475f-aa2e-f2e4e865b651\" width=\"100%\" height=\"800\" allow=\"autoplay; fullscreen\"><\/iframe>\n                    <\/div>\n\n                    <div class=\"application-examples-item-loader\"><\/div>\n                <\/div>\n            <\/div>\n\n<div class=\"application-examples-item application-examples-item-loading\">\n                            <div class=\"col-row\">\n                                <div class=\"col-6 col-m-8 col-s-12\"><h3 class=\"application-examples-item-title\">Przyk\u0142ad 2. Sprzedawca produkt\u00f3w<\/h3><div class=\"application-examples-item-description\">Jak mo\u017cesz bez kodowania pokaza\u0107 wszystkie szczeg\u00f3\u0142y swoich produkt\u00f3w najwy\u017cszej jako\u015bci w swoim sklepie internetowym? Ten widget pomaga potencjalnym nabywcom oceni\u0107, jak wspania\u0142e s\u0105 Twoje towary ze wszystkich perspektyw. Idealny uk\u0142ad z pionowymi miniaturami - klient po prostu je kliknie, aby wy\u015bwietli\u0107 wi\u0119ksz\u0105 wersj\u0119 ka\u017cdego obrazu.<\/div><\/div>\n                <\/div>\n\n                <div class=\"application-examples-item-iframe-container browser-frame\">\n                    <div class=\"application-examples-item-iframe-wrapper\">\n                        <iframe class=\"application-examples-item-iframe application-examples-item-iframe-fixed-height\" data-src=\"https:\/\/sandbox.elfsightcdn.com\/?widget_id=251e1a93-953a-4570-ab98-1d6ce10299be\" width=\"100%\" height=\"800\" allow=\"autoplay; fullscreen\"><\/iframe>\n                    <\/div>\n\n                    <div class=\"application-examples-item-loader\"><\/div>\n                <\/div>\n            <\/div>\n\n<div class=\"application-examples-item application-examples-item-loading\">\n                            <div class=\"col-row\">\n                                <div class=\"col-6 col-m-8 col-s-12\"><h3 class=\"application-examples-item-title\">Przyk\u0142ad 3. Sesje zdj\u0119ciowe<\/h3><div class=\"application-examples-item-description\">Najlepszy wyb\u00f3r, aby pokaza\u0107 swoje wspania\u0142e prace, niezale\u017cnie od tego, czy jeste\u015b najlepszym wiza\u017cyst\u0105, fotografem, projektantem mody czy utalentowan\u0105 modelk\u0105. Poziomy suwak zachowuje jako\u015b\u0107 zdj\u0119\u0107 i doskonale pasuje do wszystkich gad\u017cet\u00f3w. Dodaj zgrabny tytu\u0142 i kr\u00f3tki opis - Twoi klienci zdecydowanie oceniaj\u0105 doskona\u0142o\u015b\u0107 Twojego portfolio zar\u00f3wno na miniaturach suwak\u00f3w, jak i na wyskakuj\u0105cym okienku. Ciesz si\u0119 prostot\u0105 i wysok\u0105 wydajno\u015bci\u0105.<\/div><\/div>\n                <\/div>\n\n                <div class=\"application-examples-item-iframe-container browser-frame\">\n                    <div class=\"application-examples-item-iframe-wrapper\">\n                        <iframe class=\"application-examples-item-iframe application-examples-item-iframe-fixed-height\" data-src=\"https:\/\/widget.elfsig.ht\/0161f56b-e54d-4143-8939-7206e9e9d83a\" width=\"100%\" height=\"800\" allow=\"autoplay; fullscreen\"><\/iframe>\n                    <\/div>\n\n                    <div class=\"application-examples-item-loader\"><\/div>\n                <\/div>\n            <\/div>\n\n<div class=\"application-examples-item application-examples-item-loading\">\n                            <div class=\"col-row\">\n                                <div class=\"col-6 col-m-8 col-s-12\"><h3 class=\"application-examples-item-title\">Przyk\u0142ad 4. Fotograf \u015blubny<\/h3><div class=\"application-examples-item-description\">Jak pokaza\u0107 wszystkie najlepsze zdj\u0119cia \u015blubne na jednej stronie? Pionowy uk\u0142ad Masonry umo\u017cliwia dodawanie zdj\u0119\u0107 o r\u00f3\u017cnej wielko\u015bci w dowolnej kolejno\u015bci. Zdj\u0119cia s\u0105 wy\u015bwietlane w siatce po dwa w rz\u0119dzie i poruszaj\u0105 si\u0119 po delikatnym be\u017cowym kolorze, zwi\u0105zanym ze \u015blubem. Pom\u00f3\u017c swojej publiczno\u015bci uchwyci\u0107 nastr\u00f3j najbardziej romantycznej chwili w \u017cyciu.<\/div><\/div>\n                <\/div>\n\n                <div class=\"application-examples-item-iframe-container browser-frame\">\n                    <div class=\"application-examples-item-iframe-wrapper\">\n                        <iframe class=\"application-examples-item-iframe application-examples-item-iframe-fixed-height\" data-src=\"https:\/\/widget.elfsig.ht\/5673986a-6700-4632-acf2-d8a274f5a70a\" width=\"100%\" height=\"800\" allow=\"autoplay; fullscreen\"><\/iframe>\n                    <\/div>\n\n                    <div class=\"application-examples-item-loader\"><\/div>\n                <\/div>\n            <\/div>\n\n<div class=\"application-examples-item application-examples-item-loading\">\n                            <div class=\"col-row\">\n                                <div class=\"col-6 col-m-8 col-s-12\"><h3 class=\"application-examples-item-title\">Przyk\u0142ad 5. Projektowanie wn\u0119trz<\/h3><div class=\"application-examples-item-description\">Promuj sw\u00f3j zadziwiaj\u0105cy design wn\u0119trza za pomoc\u0105 responsywnego i przyjaznego dla urz\u0105dze\u0144 mobilnych wid\u017cetu. Suwak z paginacj\u0105 to proste rozwi\u0105zanie zapewniaj\u0105ce niesamowity podgl\u0105d r\u00f3\u017cnorodno\u015bci wykonanych przez Ciebie prac. Dodaj galeri\u0119 zdj\u0119\u0107 do ka\u017cdej strony i zdob\u0105d\u017a wi\u0119cej potencjalnych klient\u00f3w, kt\u00f3rzy bez w\u0105tpienia ufaj\u0105 Twojej sprawno\u015bci.<\/div><\/div>\n                <\/div>\n\n                <div class=\"application-examples-item-iframe-container browser-frame\">\n                    <div class=\"application-examples-item-iframe-wrapper\">\n                        <iframe class=\"application-examples-item-iframe application-examples-item-iframe-fixed-height\" data-src=\"https:\/\/widget.elfsig.ht\/ac124bb3-2d86-41bd-9ca3-49c8d6331722\" width=\"100%\" height=\"800\" allow=\"autoplay; fullscreen\"><\/iframe>\n                    <\/div>\n\n                    <div class=\"application-examples-item-loader\"><\/div>\n                <\/div>\n            <\/div>\n\n<div class=\"application-cta-create\">\n                    <div class=\"application-cta-create-bg\">\n                        <div class=\"application-cta-create-bg-left\"><\/div>\n\n                        <div class=\"application-cta-create-bg-right\">\n                            <img decoding=\"async\" src=\"https:\/\/elfsight.com\/pl\/wp-content\/themes\/elfsight\/frontend\/assets\/img\/application-cta-create.jpg\" alt=\"Zacznij od stworzenia swojego wid\u017cetu\">\n                        <\/div>\n                    <\/div>\n\n                    <div class=\"application-cta-create-content inner\">\n                        <div class=\"application-cta-create-content-inner\">\n                            <div class=\"application-cta-create-content-icon\">\n                                <svg viewBox=\"0 0 25 25\" width=\"100%\" height=\"100%\">\n                                    <use xlink:href=\"#icon-settings\"><\/use>\n                                <\/svg>\n                            <\/div>\n\n                            <div class=\"application-cta-create-content-title\">Zacznij od stworzenia swojego wid\u017cetu<\/div>\n\n                            <div class=\"application-cta-create-content-text\">Szybko. \u0141atwo. Bez kodowania.<\/div>\n\n                            <a class=\"application-cta-create-content-button button-48 button-has-right-icon button-black button\" href=\"\">\n                                <span class=\"button-label\">Utw\u00f3rz wid\u017cet<\/span>\n\n                                <svg class=\"button-icon\">\n                                    <use xlink:href=\"#icon-arrow-link\"><\/use>\n                                <\/svg>\n                            <\/a>\n                        <\/div>\n                    <\/div>\n                <\/div>\n\n<div class=\"application-examples-item application-examples-item-loading\">\n                            <div class=\"col-row\">\n                                <div class=\"col-6 col-m-8 col-s-12\"><h3 class=\"application-examples-item-title\">Przyk\u0142ad 6. Mened\u017cer produktu<\/h3><div class=\"application-examples-item-description\">To \u015bwietny spos\u00f3b, aby zaoferowa\u0107 swoje towary w \u017cywy i dynamiczny spos\u00f3b. Ten sam rozmiar, \u017cywy kwadratowy kszta\u0142t i kolorystyka, brak pustego miejsca tworzy artystyczn\u0105 jedno\u015b\u0107. Mo\u017cesz zaoferowa\u0107 klientom zupe\u0142nie inne produkty lub \u0142adnie skomponowany jednotematyczny kola\u017c. Co by\u015b wybra\u0142? Ka\u017cdy wariant mo\u017ce zmieni\u0107 odwiedzaj\u0105cych stron\u0119 internetow\u0105 w kupuj\u0105cych i zwi\u0119kszy\u0107 sprzeda\u017c, jak nigdy dot\u0105d.<\/div><\/div>\n                <\/div>\n\n                <div class=\"application-examples-item-iframe-container browser-frame\">\n                    <div class=\"application-examples-item-iframe-wrapper\">\n                        <iframe class=\"application-examples-item-iframe application-examples-item-iframe-fixed-height\" data-src=\"https:\/\/widget.elfsig.ht\/20f0bdf4-9907-40fd-8d15-ffc54a1b8050\" width=\"100%\" height=\"800\" allow=\"autoplay; fullscreen\"><\/iframe>\n                    <\/div>\n\n                    <div class=\"application-examples-item-loader\"><\/div>\n                <\/div>\n            <\/div>\n","protected":false},"excerpt":{"rendered":"","protected":false},"author":13,"featured_media":0,"parent":2503,"menu_order":0,"comment_status":"closed","ping_status":"closed","template":"templates\/template-application-examples.php","meta":{"publish_to_discourse":"","publish_post_category":"","wpdc_auto_publish_overridden":"","wpdc_topic_tags":"","wpdc_pin_topic":"","wpdc_pin_until":"","discourse_post_id":"","discourse_permalink":"","wpdc_publishing_response":"","wpdc_publishing_error":"","footnotes":""},"class_list":["post-2521","page","type-page","status-publish","hentry"],"yoast_head":"<!-- This site is optimized with the Yoast SEO plugin v25.3.1 - https:\/\/yoast.com\/wordpress\/plugins\/seo\/ -->\n<title>Najlepsze przyk\u0142ady wid\u017cetu Galerii Zdj\u0119\u0107 na stronie internetowej (TOP 6)<\/title>\n<meta name=\"description\" content=\"TOP 6 przyk\u0142ad\u00f3w foto galerii na stronie internetowej: sesje zdj\u0119ciowe, fotograf \u015blubny i inne szablony. Probny wid\u017cet na Twoj\u0105 stron\u0119.\" \/>\n<meta name=\"robots\" content=\"index, follow, max-snippet:-1, max-image-preview:large, max-video-preview:-1\" \/>\n<link rel=\"canonical\" href=\"https:\/\/elfsight.com\/pl\/photo-gallery-widget\/examples\/\" \/>\n<meta property=\"og:locale\" content=\"pl_PL\" \/>\n<meta property=\"og:type\" content=\"article\" \/>\n<meta property=\"og:title\" content=\"Najlepsze przyk\u0142ady wid\u017cetu Galerii Zdj\u0119\u0107 na stronie internetowej (TOP 6)\" \/>\n<meta property=\"og:description\" content=\"TOP 6 przyk\u0142ad\u00f3w foto galerii na stronie internetowej: sesje zdj\u0119ciowe, fotograf \u015blubny i inne szablony. Probny wid\u017cet na Twoj\u0105 stron\u0119.\" \/>\n<meta property=\"og:url\" content=\"https:\/\/elfsight.com\/pl\/photo-gallery-widget\/examples\/\" \/>\n<meta property=\"og:site_name\" content=\"Elfsight PL\" \/>\n<meta property=\"article:modified_time\" content=\"2024-07-18T13:16:02+00:00\" \/>\n<meta name=\"twitter:card\" content=\"summary_large_image\" \/>\n<meta name=\"twitter:label1\" content=\"Szacowany czas czytania\" \/>\n\t<meta name=\"twitter:data1\" content=\"3 minuty\" \/>\n<!-- \/ Yoast SEO plugin. -->","yoast_head_json":{"title":"Najlepsze przyk\u0142ady wid\u017cetu Galerii Zdj\u0119\u0107 na stronie internetowej (TOP 6)","description":"TOP 6 przyk\u0142ad\u00f3w foto galerii na stronie internetowej: sesje zdj\u0119ciowe, fotograf \u015blubny i inne szablony. Probny wid\u017cet na Twoj\u0105 stron\u0119.","robots":{"index":"index","follow":"follow","max-snippet":"max-snippet:-1","max-image-preview":"max-image-preview:large","max-video-preview":"max-video-preview:-1"},"canonical":"https:\/\/elfsight.com\/pl\/photo-gallery-widget\/examples\/","og_locale":"pl_PL","og_type":"article","og_title":"Najlepsze przyk\u0142ady wid\u017cetu Galerii Zdj\u0119\u0107 na stronie internetowej (TOP 6)","og_description":"TOP 6 przyk\u0142ad\u00f3w foto galerii na stronie internetowej: sesje zdj\u0119ciowe, fotograf \u015blubny i inne szablony. Probny wid\u017cet na Twoj\u0105 stron\u0119.","og_url":"https:\/\/elfsight.com\/pl\/photo-gallery-widget\/examples\/","og_site_name":"Elfsight PL","article_modified_time":"2024-07-18T13:16:02+00:00","twitter_card":"summary_large_image","twitter_misc":{"Szacowany czas czytania":"3 minuty"},"schema":{"@context":"https:\/\/schema.org","@graph":[{"@type":"WebPage","@id":"https:\/\/elfsight.com\/pl\/photo-gallery-widget\/examples\/","url":"https:\/\/elfsight.com\/pl\/photo-gallery-widget\/examples\/","name":"Najlepsze przyk\u0142ady wid\u017cetu Galerii Zdj\u0119\u0107 na stronie internetowej (TOP 6)","isPartOf":{"@id":"https:\/\/elfsight.com\/pl\/#website"},"datePublished":"2021-03-11T09:32:37+00:00","dateModified":"2024-07-18T13:16:02+00:00","description":"TOP 6 przyk\u0142ad\u00f3w foto galerii na stronie internetowej: sesje zdj\u0119ciowe, fotograf \u015blubny i inne szablony. Probny wid\u017cet na Twoj\u0105 stron\u0119.","breadcrumb":{"@id":"https:\/\/elfsight.com\/pl\/photo-gallery-widget\/examples\/#breadcrumb"},"inLanguage":"pl-PL","potentialAction":[{"@type":"ReadAction","target":["https:\/\/elfsight.com\/pl\/photo-gallery-widget\/examples\/"]}]},{"@type":"BreadcrumbList","@id":"https:\/\/elfsight.com\/pl\/photo-gallery-widget\/examples\/#breadcrumb","itemListElement":[{"@type":"ListItem","position":1,"name":"Home","item":"https:\/\/elfsight.com\/pl\/"},{"@type":"ListItem","position":2,"name":"Photo Gallery","item":"https:\/\/elfsight.com\/pl\/photo-gallery-widget\/"},{"@type":"ListItem","position":3,"name":"Photo Gallery &#8211; Examples"}]},{"@type":"WebSite","@id":"https:\/\/elfsight.com\/pl\/#website","url":"https:\/\/elfsight.com\/pl\/","name":"Elfsight PL","description":"Just another Elfsight Sites site","potentialAction":[{"@type":"SearchAction","target":{"@type":"EntryPoint","urlTemplate":"https:\/\/elfsight.com\/pl\/?s={search_term_string}"},"query-input":{"@type":"PropertyValueSpecification","valueRequired":true,"valueName":"search_term_string"}}],"inLanguage":"pl-PL"}]}},"meta_box":{"industry":"","seo_heading":"","heading":"","description":"","cta_heading":"","cta_description":"","application":"2502","h1":"","h1_caption":"","application_category":[],"applications_title":"","applications_request_title":"","applications_request_button_text":"","hero_text":"","hero_video":"","hero_video_schema_markup":"","selling_points_title":"","selling_points_caption":"","selling_points":[],"selling_points_cta_text":"","features_title":"","features":"","ed_cta_examples_text":"","ed_cta_examples_hidden":"","ed_cta_demo_text":"","ed_cta_demo_hidden":"","why_caption":"","why_editor_title":"","why_editor_text":"","why_team_title":"","why_team_text":"","why_service_title":"","why_service_text":"","template_catalog_visible":"","template_catalog_title":"","template_catalog_text":"","template_catalog_categories_visible":"","demo_title":"","demo_caption":"","default_faq_hidden":"","app_template_category":[],"platform":"","template_public_id":"","codecanyon_url":"","codecanyon_item_id":"","codecanyon_price":"","pricing_caption":"","pricing_elfsight_apps_hide_column":"","pricing_elfsight_apps_url":"","pricing_codecanyon_price_caption":"","integration_category":[],"integration_request_title":"","integration_request_cta":"","integration_platform":"","integrations":[],"platform_category":[],"video_schema_markup":"","price":"","trial":"","benefits":[],"button_url":"","button_target_blank":"","button_nofollow":"","attributes":[],"tags":[],"tags_disable_links":"","hide_more_platforms":"","video_object":"","demo_hide_cta":"","demo_hide_cloud_options":"","pricing_title":"","pricing":[],"related_apps_title":"","related_apps_hidden":"","author":"","image":[],"title":"","job":"","social_networks":[]},"_links":{"self":[{"href":"https:\/\/elfsight.com\/pl\/wp-json\/wp\/v2\/pages\/2521","targetHints":{"allow":["GET"]}}],"collection":[{"href":"https:\/\/elfsight.com\/pl\/wp-json\/wp\/v2\/pages"}],"about":[{"href":"https:\/\/elfsight.com\/pl\/wp-json\/wp\/v2\/types\/page"}],"author":[{"embeddable":true,"href":"https:\/\/elfsight.com\/pl\/wp-json\/wp\/v2\/users\/13"}],"replies":[{"embeddable":true,"href":"https:\/\/elfsight.com\/pl\/wp-json\/wp\/v2\/comments?post=2521"}],"version-history":[{"count":6,"href":"https:\/\/elfsight.com\/pl\/wp-json\/wp\/v2\/pages\/2521\/revisions"}],"predecessor-version":[{"id":7563,"href":"https:\/\/elfsight.com\/pl\/wp-json\/wp\/v2\/pages\/2521\/revisions\/7563"}],"up":[{"embeddable":true,"href":"https:\/\/elfsight.com\/pl\/wp-json\/wp\/v2\/pages\/2503"}],"wp:attachment":[{"href":"https:\/\/elfsight.com\/pl\/wp-json\/wp\/v2\/media?parent=2521"}],"curies":[{"name":"wp","href":"https:\/\/api.w.org\/{rel}","templated":true}]}}