{"id":2485,"date":"2021-03-10T14:22:33","date_gmt":"2021-03-10T14:22:33","guid":{"rendered":"https:\/\/elfsight.com\/pl\/?page_id=2485"},"modified":"2021-08-31T06:11:57","modified_gmt":"2021-08-31T06:11:57","slug":"examples","status":"publish","type":"page","link":"https:\/\/elfsight.com\/pl\/slider-widget\/examples\/","title":{"rendered":"Slider &#8211; Examples"},"content":{"rendered":"\n<div class=\"application-examples-item application-examples-item-loading\">\n                            <div class=\"col-row\">\n                                <div class=\"col-6 col-m-8 col-s-12\"><h3 class=\"application-examples-item-title\">Przyk\u0142ad 1: Slider Artyku\u0142\u00f3w<\/h3><div class=\"application-examples-item-description\">Slider to nowy spos\u00f3b reprezentowania artyku\u0142\u00f3w publikowanych na stronie lub promowania wyr\u00f3\u017cnionej kolumny magazynu lub gazety. Stylowy obraz t\u0142a z efektem powi\u0119kszenia dodaje wyrazisto\u015bci wygl\u0105dowi. Elementy tekstowe slajdu maj\u0105 r\u00f3\u017cne rozmiary czcionek, dzi\u0119ki czemu slajdy wygl\u0105daj\u0105 na uporz\u0105dkowane i dynamiczne.<\/div><\/div>\n                <\/div>\n\n                <div class=\"application-examples-item-iframe-container browser-frame\">\n                    <div class=\"application-examples-item-iframe-wrapper\">\n                        <iframe class=\"application-examples-item-iframe\" data-src=\"https:\/\/elfsight.com\/examples?widget_id=ba5823ef-c712-4080-a09e-2399aef67d53&padding=28px+0+28px+0\" width=\"100%\" allow=\"autoplay; fullscreen\"><\/iframe>\n                    <\/div>\n\n                    <div class=\"application-examples-item-loader\"><\/div>\n                <\/div>\n            <\/div>\n\n\n<div class=\"application-examples-item application-examples-item-loading\">\n                            <div class=\"col-row\">\n                                <div class=\"col-6 col-m-8 col-s-12\"><h3 class=\"application-examples-item-title\">Przyk\u0142ad 2: Fitness Slider<\/h3><div class=\"application-examples-item-description\">Je\u015bli chcesz szczeg\u00f3\u0142owo pokaza\u0107 wn\u0119trza swojego lokalu lub pozwoli\u0107 u\u017cytkownikom przyjrze\u0107 si\u0119 bli\u017cej Twoim produktom lub us\u0142ugom, nie ma nic lepszego ni\u017c seria atrakcyjnych zdj\u0119\u0107. Po prostu za\u0142aduj swoje zdj\u0119cia i ustaw Automatyczne obracanie, aby u\u017cytkownicy \u201eutkn\u0119li\u201d w ogl\u0105daniu i zobaczyli je wszystkie.<\/div><\/div>\n                <\/div>\n\n                <div class=\"application-examples-item-iframe-container browser-frame\">\n                    <div class=\"application-examples-item-iframe-wrapper\">\n                        <iframe class=\"application-examples-item-iframe\" data-src=\"https:\/\/elfsight.com\/examples?widget_id=8dfb12fb-b823-4046-95ef-8c66953eec5d&padding=28px+0+28px+0\" width=\"100%\" allow=\"autoplay; fullscreen\"><\/iframe>\n                    <\/div>\n\n                    <div class=\"application-examples-item-loader\"><\/div>\n                <\/div>\n            <\/div>\n\n\n<div class=\"application-examples-item application-examples-item-loading\">\n                            <div class=\"col-row\">\n                                <div class=\"col-6 col-m-8 col-s-12\"><h3 class=\"application-examples-item-title\">Przyk\u0142ad 3: Slider Jedzenia on-line<\/h3><div class=\"application-examples-item-description\">Masz banery w stylu niestandardowym, kt\u00f3re promuj\u0105 Twoje oferty specjalne i polecane produkty? Po prostu dodaj je do suwaka, a \u017caden go\u015b\u0107 ich nie przegapi! To doskona\u0142y spos\u00f3b na przyci\u0105gni\u0119cie nowych sprzeda\u017cy poprzez reklam\u0119. Miniatury slajd\u00f3w s\u0142u\u017c\u0105 jako elementy nawigacyjne - u\u017cytkownicy mog\u0105 je klika\u0107, aby prze\u0142\u0105cza\u0107 si\u0119 mi\u0119dzy slajdami - i wy\u015bwietla\u0107 pasek post\u0119pu.<\/div><\/div>\n                <\/div>\n\n                <div class=\"application-examples-item-iframe-container browser-frame\">\n                    <div class=\"application-examples-item-iframe-wrapper\">\n                        <iframe class=\"application-examples-item-iframe\" data-src=\"https:\/\/elfsight.com\/examples?widget_id=e7967712-e104-4c53-897d-f47f7c1c4ce0&padding=28px+0+28px+0\" width=\"100%\" allow=\"autoplay; fullscreen\"><\/iframe>\n                    <\/div>\n\n                    <div class=\"application-examples-item-loader\"><\/div>\n                <\/div>\n            <\/div>\n\n\n<div class=\"application-examples-item application-examples-item-loading\">\n                            <div class=\"col-row\">\n                                <div class=\"col-6 col-m-8 col-s-12\"><h3 class=\"application-examples-item-title\">Przyk\u0142ad 4: Slider Mody<\/h3><div class=\"application-examples-item-description\">Jaki mo\u017ce by\u0107 lepszy spos\u00f3b na przekierowanie odwiedzaj\u0105cych na stron\u0119 zakupu ni\u017c u\u017cycie przycisku wezwania do dzia\u0142ania? Przyci\u0105gnij ich, og\u0142aszaj\u0105c na suwaku wyprzeda\u017ce i rabaty. Wybierz kusz\u0105ce obrazki i napisz motywuj\u0105ce teksty, kt\u00f3re sprawi\u0105, \u017ce u\u017cytkownicy ch\u0119tnie sprawdz\u0105 Twoje oferty. I tutaj najlepiej sprawdzi si\u0119 przycisk wezwania do dzia\u0142ania - po\u0142\u0105cz go z odpowiedni\u0105 stron\u0105 i spodziewaj si\u0119 nowych sprzeda\u017cy!<\/div><\/div>\n                <\/div>\n\n                <div class=\"application-examples-item-iframe-container browser-frame\">\n                    <div class=\"application-examples-item-iframe-wrapper\">\n                        <iframe class=\"application-examples-item-iframe\" data-src=\"https:\/\/elfsight.com\/examples?widget_id=46e6024e-fee8-45d9-b1b4-8f796f5f8018&padding=28px+0+28px+0\" width=\"100%\" allow=\"autoplay; fullscreen\"><\/iframe>\n                    <\/div>\n\n                    <div class=\"application-examples-item-loader\"><\/div>\n                <\/div>\n            <\/div>\n\n\n<div class=\"application-examples-item application-examples-item-loading\">\n                            <div class=\"col-row\">\n                                <div class=\"col-6 col-m-8 col-s-12\"><h3 class=\"application-examples-item-title\">Przyk\u0142ad 5: Slider Produkt\u00f3w<\/h3><div class=\"application-examples-item-description\">Zaprezentuj swoje oferty z wielk\u0105 pomp\u0105! Dzi\u0119ki zdj\u0119ciom w zbli\u017ceniu mo\u017cesz \u0142atwo zwizualizowa\u0107 wszystkie najlepsze cechy swoich produkt\u00f3w lub us\u0142ug. Efekt paralaksa na zdj\u0119ciach slajd\u00f3w sprawia, \u017ce wygl\u0105daj\u0105 fajnie i przyci\u0105gaj\u0105 wzrok! Mo\u017cesz zmieni\u0107 uk\u0142ad tekstu i obrazu na ka\u017cdym slajdzie, a nawet r\u0119cznie ustawi\u0107 po\u0142o\u017cenie tre\u015bci, aby uzyska\u0107 najlepszy wygl\u0105d.<\/div><\/div>\n                <\/div>\n\n                <div class=\"application-examples-item-iframe-container browser-frame\">\n                    <div class=\"application-examples-item-iframe-wrapper\">\n                        <iframe class=\"application-examples-item-iframe\" data-src=\"https:\/\/elfsight.com\/examples?widget_id=4395b7f9-800c-4b3c-aacd-7bfc7ad546d7&padding=28px+0+28px+0\" width=\"100%\" allow=\"autoplay; fullscreen\"><\/iframe>\n                    <\/div>\n\n                    <div class=\"application-examples-item-loader\"><\/div>\n                <\/div>\n            <\/div>\n\n\n<div class=\"application-examples-item application-examples-item-loading\">\n                            <div class=\"col-row\">\n                                <div class=\"col-6 col-m-8 col-s-12\"><h3 class=\"application-examples-item-title\">Przyk\u0142ad 6: Slider Potraw<\/h3><div class=\"application-examples-item-description\">Spraw, aby Twoje arcydzie\u0142a kuchni wygl\u0105da\u0142y ol\u015bniewaj\u0105co! U\u017cytkownicy b\u0119d\u0105 skazani na zam\u00f3wienie, gdy ich wzrok przyci\u0105gn\u0105 zdj\u0119cia Twoich smakowitych potraw. Mo\u017cesz umie\u015bci\u0107 wszystkie zdj\u0119cia na tle, aby potrawy wygl\u0105da\u0142y tak, jak w prawdziwym \u017cyciu. U\u017cytkownicy ch\u0119tnie sprawdz\u0105 je wszystkie, jeden po drugim, prze\u0142\u0105czaj\u0105c si\u0119 mi\u0119dzy slajdami za pomoc\u0105 strza\u0142ek lub przeci\u0105gania.<\/div><\/div>\n                <\/div>\n\n                <div class=\"application-examples-item-iframe-container browser-frame\">\n                    <div class=\"application-examples-item-iframe-wrapper\">\n                        <iframe class=\"application-examples-item-iframe\" data-src=\"https:\/\/elfsight.com\/examples?widget_id=09a8fe64-92d0-4e28-9600-dac0f08792a9&padding=28px+0+28px+0\" width=\"100%\" allow=\"autoplay; fullscreen\"><\/iframe>\n                    <\/div>\n\n                    <div class=\"application-examples-item-loader\"><\/div>\n                <\/div>\n            <\/div>\n\n\n<div class=\"application-examples-item application-examples-item-loading\">\n                            <div class=\"col-row\">\n                                <div class=\"col-6 col-m-8 col-s-12\"><h3 class=\"application-examples-item-title\">Przyk\u0142ad 7: Slider Rezerwacji<\/h3><div class=\"application-examples-item-description\">Uzyskaj wspania\u0142y suwak dla swojej witryny, kt\u00f3ry wype\u0142nia ca\u0142\u0105 przestrze\u0144 obszaru tre\u015bci dzi\u0119ki opcji automatycznej szeroko\u015bci. Obraz nak\u0142adki zas\u0142oni t\u0142o serwisu i skupi uwag\u0119 u\u017cytkownik\u00f3w na tre\u015bci slajdu. Na przyk\u0142ad stanowi on doskona\u0142e miejsce do pokazania opinii klient\u00f3w lub opisania cech Twoich ofert. Mo\u017cesz umie\u015bci\u0107 elementy nawigacyjne wewn\u0105trz lub na zewn\u0105trz suwaka i wybra\u0107 wyr\u00f3wnanie.<\/div><\/div>\n                <\/div>\n\n                <div class=\"application-examples-item-iframe-container browser-frame\">\n                    <div class=\"application-examples-item-iframe-wrapper\">\n                        <iframe class=\"application-examples-item-iframe\" data-src=\"https:\/\/elfsight.com\/examples?widget_id=ff36e138-3274-4cc2-abbc-41bc356ea407&padding=28px+0+28px+0\" width=\"100%\" allow=\"autoplay; fullscreen\"><\/iframe>\n                    <\/div>\n\n                    <div class=\"application-examples-item-loader\"><\/div>\n                <\/div>\n            <\/div>\n\n\n<div class=\"application-examples-item application-examples-item-loading\">\n                            <div class=\"col-row\">\n                                <div class=\"col-6 col-m-8 col-s-12\"><h3 class=\"application-examples-item-title\">Przyk\u0142ad 8: Slider Wyprzeda\u017cy sezonowej<\/h3><div class=\"application-examples-item-description\">Zapowiadasz Czarny pi\u0105tek, wyprzeda\u017c \u015bwi\u0105teczn\u0105 lub inn\u0105 wspania\u0142\u0105 wyprzeda\u017c? Slider pomo\u017ce zrobi\u0107 j\u0105 maksymalnie wydajn\u0105! Gotowe do u\u017cycia, przyci\u0105gaj\u0105ce wzrok szablony wymagaj\u0105 tylko kilku wierszy w\u0142asnego tekstu - i baner jest gotowy! Dodaj przycisk wezwania do dzia\u0142ania, kt\u00f3ry znacznie skr\u00f3ci proces zakupu. Tw\u00f3j slider b\u0119dzie wygl\u0105da\u0142 idealnie na wszystkich urz\u0105dzeniach - mo\u017cesz to sprawdzi\u0107 bezpo\u015brednio w edytorze.<\/div><\/div>\n                <\/div>\n\n                <div class=\"application-examples-item-iframe-container browser-frame\">\n                    <div class=\"application-examples-item-iframe-wrapper\">\n                        <iframe class=\"application-examples-item-iframe\" data-src=\"https:\/\/elfsight.com\/examples?widget_id=b7d8dc16-65b0-4da1-b8f7-6be537c384c5&padding=28px+0+28px+0\" width=\"100%\" allow=\"autoplay; fullscreen\"><\/iframe>\n                    <\/div>\n\n                    <div class=\"application-examples-item-loader\"><\/div>\n                <\/div>\n            <\/div>\n\n\n<!--[application_example title=\"Przyk\u0142ad 9: Slider Wideo\" description=\"Uwa\u017casz, \u017ce suwak nie jest dobrym miejscem na filmy? Nast\u0119pnie sprawd\u017a ten przyk\u0142ad. To idealne po\u0142\u0105czenie element\u00f3w, kt\u00f3re pozwala u\u017cytkownikom sprawdzi\u0107 film i kupi\u0107 bilety w\u0142a\u015bnie tam. Mo\u017cesz tak\u017ce utworzy\u0107 suwak z wideo instrukcjami krok po kroku. U\u017cytkownicy mog\u0105 zobaczy\u0107, co b\u0119dzie dalej dzi\u0119ki miniaturom i jednym klikni\u0119ciem przechodzi\u0107 do przodu lub do ty\u0142u.\" padding=\"28px 0 28px 0\" link=\"https:\/\/elfsight.com\/examples?widget_id=743aa673-28e9-475d-9fa8-6b2646464880\"]-->\n","protected":false},"excerpt":{"rendered":"","protected":false},"author":13,"featured_media":0,"parent":2470,"menu_order":0,"comment_status":"closed","ping_status":"closed","template":"templates\/template-application-examples.php","meta":{"publish_to_discourse":"","publish_post_category":"","wpdc_auto_publish_overridden":"","wpdc_topic_tags":"","wpdc_pin_topic":"","wpdc_pin_until":"","discourse_post_id":"","discourse_permalink":"","wpdc_publishing_response":"","wpdc_publishing_error":"","footnotes":""},"class_list":["post-2485","page","type-page","status-publish","hentry"],"yoast_head":"<!-- This site is optimized with the Yoast SEO plugin v25.3.1 - https:\/\/yoast.com\/wordpress\/plugins\/seo\/ -->\n<title>TOP 9 przyk\u0142ad\u00f3w wid\u017cetu Slidera Foto i Wideo (2026)<\/title>\n<meta name=\"description\" content=\"TOP 9 przyk\u0142ad\u00f3w Slidera na stronie: Artyku\u0142y, Moda, Produkty, Dania, Rezerwacje, Wyprzeda\u017ce sezonowe, Wideo i inne wid\u017cety na Twoj\u0105 stron\u0119.\" \/>\n<meta name=\"robots\" content=\"index, follow, max-snippet:-1, max-image-preview:large, max-video-preview:-1\" \/>\n<link rel=\"canonical\" href=\"https:\/\/elfsight.com\/pl\/slider-widget\/examples\/\" \/>\n<meta property=\"og:locale\" content=\"pl_PL\" \/>\n<meta property=\"og:type\" content=\"article\" \/>\n<meta property=\"og:title\" content=\"TOP 9 przyk\u0142ad\u00f3w wid\u017cetu Slidera Foto i Wideo (2026)\" \/>\n<meta property=\"og:description\" content=\"TOP 9 przyk\u0142ad\u00f3w Slidera na stronie: Artyku\u0142y, Moda, Produkty, Dania, Rezerwacje, Wyprzeda\u017ce sezonowe, Wideo i inne wid\u017cety na Twoj\u0105 stron\u0119.\" \/>\n<meta property=\"og:url\" content=\"https:\/\/elfsight.com\/pl\/slider-widget\/examples\/\" \/>\n<meta property=\"og:site_name\" content=\"Elfsight PL\" \/>\n<meta property=\"article:modified_time\" content=\"2021-08-31T06:11:57+00:00\" \/>\n<meta name=\"twitter:card\" content=\"summary_large_image\" \/>\n<meta name=\"twitter:label1\" content=\"Szacowany czas czytania\" \/>\n\t<meta name=\"twitter:data1\" content=\"3 minuty\" \/>\n<!-- \/ Yoast SEO plugin. -->","yoast_head_json":{"title":"TOP 9 przyk\u0142ad\u00f3w wid\u017cetu Slidera Foto i Wideo (2026)","description":"TOP 9 przyk\u0142ad\u00f3w Slidera na stronie: Artyku\u0142y, Moda, Produkty, Dania, Rezerwacje, Wyprzeda\u017ce sezonowe, Wideo i inne wid\u017cety na Twoj\u0105 stron\u0119.","robots":{"index":"index","follow":"follow","max-snippet":"max-snippet:-1","max-image-preview":"max-image-preview:large","max-video-preview":"max-video-preview:-1"},"canonical":"https:\/\/elfsight.com\/pl\/slider-widget\/examples\/","og_locale":"pl_PL","og_type":"article","og_title":"TOP 9 przyk\u0142ad\u00f3w wid\u017cetu Slidera Foto i Wideo (2026)","og_description":"TOP 9 przyk\u0142ad\u00f3w Slidera na stronie: Artyku\u0142y, Moda, Produkty, Dania, Rezerwacje, Wyprzeda\u017ce sezonowe, Wideo i inne wid\u017cety na Twoj\u0105 stron\u0119.","og_url":"https:\/\/elfsight.com\/pl\/slider-widget\/examples\/","og_site_name":"Elfsight PL","article_modified_time":"2021-08-31T06:11:57+00:00","twitter_card":"summary_large_image","twitter_misc":{"Szacowany czas czytania":"3 minuty"},"schema":{"@context":"https:\/\/schema.org","@graph":[{"@type":"WebPage","@id":"https:\/\/elfsight.com\/pl\/slider-widget\/examples\/","url":"https:\/\/elfsight.com\/pl\/slider-widget\/examples\/","name":"TOP 9 przyk\u0142ad\u00f3w wid\u017cetu Slidera Foto i Wideo (2026)","isPartOf":{"@id":"https:\/\/elfsight.com\/pl\/#website"},"datePublished":"2021-03-10T14:22:33+00:00","dateModified":"2021-08-31T06:11:57+00:00","description":"TOP 9 przyk\u0142ad\u00f3w Slidera na stronie: Artyku\u0142y, Moda, Produkty, Dania, Rezerwacje, Wyprzeda\u017ce sezonowe, Wideo i inne wid\u017cety na Twoj\u0105 stron\u0119.","breadcrumb":{"@id":"https:\/\/elfsight.com\/pl\/slider-widget\/examples\/#breadcrumb"},"inLanguage":"pl-PL","potentialAction":[{"@type":"ReadAction","target":["https:\/\/elfsight.com\/pl\/slider-widget\/examples\/"]}]},{"@type":"BreadcrumbList","@id":"https:\/\/elfsight.com\/pl\/slider-widget\/examples\/#breadcrumb","itemListElement":[{"@type":"ListItem","position":1,"name":"Home","item":"https:\/\/elfsight.com\/pl\/"},{"@type":"ListItem","position":2,"name":"Slider","item":"https:\/\/elfsight.com\/pl\/slider-widget\/"},{"@type":"ListItem","position":3,"name":"Slider &#8211; Examples"}]},{"@type":"WebSite","@id":"https:\/\/elfsight.com\/pl\/#website","url":"https:\/\/elfsight.com\/pl\/","name":"Elfsight PL","description":"Just another Elfsight Sites site","potentialAction":[{"@type":"SearchAction","target":{"@type":"EntryPoint","urlTemplate":"https:\/\/elfsight.com\/pl\/?s={search_term_string}"},"query-input":{"@type":"PropertyValueSpecification","valueRequired":true,"valueName":"search_term_string"}}],"inLanguage":"pl-PL"}]}},"meta_box":{"industry":"","seo_heading":"","heading":"","description":"","cta_heading":"","cta_description":"","application":"2469","h1":"","h1_caption":"","application_category":[],"applications_title":"","applications_request_title":"","applications_request_button_text":"","hero_text":"","hero_video":"","hero_video_schema_markup":"","selling_points_title":"","selling_points_caption":"","selling_points":[],"selling_points_cta_text":"","features_title":"","features":"","ed_cta_examples_text":"","ed_cta_examples_hidden":"","ed_cta_demo_text":"","ed_cta_demo_hidden":"","why_caption":"","why_editor_title":"","why_editor_text":"","why_team_title":"","why_team_text":"","why_service_title":"","why_service_text":"","template_catalog_visible":"","template_catalog_title":"","template_catalog_text":"","template_catalog_categories_visible":"","demo_title":"","demo_caption":"","default_faq_hidden":"","app_template_category":[],"platform":"","template_public_id":"","codecanyon_url":"","codecanyon_item_id":"","codecanyon_price":"","pricing_caption":"","pricing_elfsight_apps_hide_column":"","pricing_elfsight_apps_url":"","pricing_codecanyon_price_caption":"","integration_category":[],"integration_request_title":"","integration_request_cta":"","integration_platform":"","integrations":[],"platform_category":[],"video_schema_markup":"","price":"","trial":"","benefits":[],"button_url":"","button_target_blank":"","button_nofollow":"","attributes":[],"tags":[],"tags_disable_links":"","hide_more_platforms":"","video_object":"","demo_hide_cta":"","demo_hide_cloud_options":"","pricing_title":"","pricing":[],"related_apps_title":"","related_apps_hidden":"","author":"","image":[],"title":"","job":"","social_networks":[]},"_links":{"self":[{"href":"https:\/\/elfsight.com\/pl\/wp-json\/wp\/v2\/pages\/2485","targetHints":{"allow":["GET"]}}],"collection":[{"href":"https:\/\/elfsight.com\/pl\/wp-json\/wp\/v2\/pages"}],"about":[{"href":"https:\/\/elfsight.com\/pl\/wp-json\/wp\/v2\/types\/page"}],"author":[{"embeddable":true,"href":"https:\/\/elfsight.com\/pl\/wp-json\/wp\/v2\/users\/13"}],"replies":[{"embeddable":true,"href":"https:\/\/elfsight.com\/pl\/wp-json\/wp\/v2\/comments?post=2485"}],"version-history":[{"count":8,"href":"https:\/\/elfsight.com\/pl\/wp-json\/wp\/v2\/pages\/2485\/revisions"}],"predecessor-version":[{"id":2493,"href":"https:\/\/elfsight.com\/pl\/wp-json\/wp\/v2\/pages\/2485\/revisions\/2493"}],"up":[{"embeddable":true,"href":"https:\/\/elfsight.com\/pl\/wp-json\/wp\/v2\/pages\/2470"}],"wp:attachment":[{"href":"https:\/\/elfsight.com\/pl\/wp-json\/wp\/v2\/media?parent=2485"}],"curies":[{"name":"wp","href":"https:\/\/api.w.org\/{rel}","templated":true}]}}