{"id":2426,"date":"2021-03-05T14:44:41","date_gmt":"2021-03-05T14:44:41","guid":{"rendered":"https:\/\/elfsight.com\/pl\/?page_id=2426"},"modified":"2021-03-09T06:13:26","modified_gmt":"2021-03-09T06:13:26","slug":"examples","status":"publish","type":"page","link":"https:\/\/elfsight.com\/pl\/vimeo-video-gallery-widget\/examples\/","title":{"rendered":"Vimeo Gallery &#8211; Examples"},"content":{"rendered":"\n<div class=\"application-examples-item application-examples-item-loading\">\n                            <div class=\"col-row\">\n                                <div class=\"col-6 col-m-8 col-s-12\"><h3 class=\"application-examples-item-title\">Przyk\u0142ad 1: Prezentacja Wideo<\/h3><div class=\"application-examples-item-description\">Mo\u017cesz u\u0142o\u017cy\u0107 swoje filmy w uporz\u0105dkowan\u0105 kolekcj\u0119 na swojej stronie internetowej. Odtwarzanie typu playback u\u0142atwia ogl\u0105danie ka\u017cdego filmu bezpo\u015brednio tam, z mo\u017cliwo\u015bci\u0105 jednoczesnego zobaczenia, co b\u0119dzie dalej na playli\u015bcie. U\u017cytkownicy mog\u0105 przesuwa\u0107 si\u0119 za pomoc\u0105 przeci\u0105gania lub strza\u0142ek i prze\u0142\u0105cza\u0107 si\u0119 mi\u0119dzy filmami jednym klikni\u0119ciem.<\/div><\/div>\n                <\/div>\n\n                <div class=\"application-examples-item-iframe-container browser-frame\">\n                    <div class=\"application-examples-item-iframe-wrapper\">\n                        <iframe class=\"application-examples-item-iframe application-examples-item-iframe-fixed-height\" data-src=\"https:\/\/elfsight.com\/examples?widget_id=1526d102-08b5-4c8b-b2ff-22bb2097effe&padding=28px+40px+40px\" width=\"100%\" height=\"850\" allow=\"autoplay; fullscreen\"><\/iframe>\n                    <\/div>\n\n                    <div class=\"application-examples-item-loader\"><\/div>\n                <\/div>\n            <\/div>\n\n<div class=\"application-examples-item application-examples-item-loading\">\n                            <div class=\"col-row\">\n                                <div class=\"col-6 col-m-8 col-s-12\"><h3 class=\"application-examples-item-title\">Przyk\u0142ad 2: Widget U\u017cytkownika<\/h3><div class=\"application-examples-item-description\">Mo\u017cesz promowa\u0107 swoje konto Vimeo i przyci\u0105ga\u0107 nowych obserwuj\u0105cych, je\u015bli inteligentnie zintegrujesz je ze swoj\u0105 witryn\u0105. W tym przyk\u0142adzie filmy s\u0105 u\u0142o\u017cone w siatce 2x2, a wid\u017cet ma nag\u0142\u00f3wek, w kt\u00f3rym u\u017cytkownicy mog\u0105 zobaczy\u0107 nazw\u0119 kana\u0142u i subskrybowa\u0107 si\u0119. Ka\u017cdy film otwiera si\u0119 w wyskakuj\u0105cym okienku, aby zapewni\u0107 wci\u0105gaj\u0105ce wra\u017cenia.<\/div><\/div>\n                <\/div>\n\n                <div class=\"application-examples-item-iframe-container browser-frame\">\n                    <div class=\"application-examples-item-iframe-wrapper\">\n                        <iframe class=\"application-examples-item-iframe application-examples-item-iframe-fixed-height\" data-src=\"https:\/\/elfsight.com\/examples?widget_id=6489a64f-ce80-41c2-8ed1-906f4739805f&padding=28px+40px+40px\" width=\"100%\" height=\"850\" allow=\"autoplay; fullscreen\"><\/iframe>\n                    <\/div>\n\n                    <div class=\"application-examples-item-loader\"><\/div>\n                <\/div>\n            <\/div>\n\n<div class=\"application-examples-item application-examples-item-loading\">\n                            <div class=\"col-row\">\n                                <div class=\"col-6 col-m-8 col-s-12\"><h3 class=\"application-examples-item-title\">Przyk\u0142ad 3: Karuzela Wideo<\/h3><div class=\"application-examples-item-description\">Oto doskona\u0142y wariant integracji kolekcji film\u00f3w w strefie tre\u015bci. Ten wid\u017cet wygl\u0105da na czysty, a wszystkie dodatkowe elementy s\u0105 wy\u0142\u0105czone. Pokazuje tylko filmy z nazwami na suwaku, kt\u00f3ry mo\u017cna przesuwa\u0107, przeci\u0105gaj\u0105c lub strza\u0142kami. U\u017cytkownicy mog\u0105 ogl\u0105da\u0107 filmy w wyskakuj\u0105cym okienku bezpo\u015brednio na stronie.<\/div><\/div>\n                <\/div>\n\n                <div class=\"application-examples-item-iframe-container browser-frame\">\n                    <div class=\"application-examples-item-iframe-wrapper\">\n                        <iframe class=\"application-examples-item-iframe application-examples-item-iframe-fixed-height\" data-src=\"https:\/\/elfsight.com\/examples?widget_id=38ca8a9a-5537-439b-a172-a8c848d04032&padding=28px+40px+40px\" width=\"100%\" height=\"500\" allow=\"autoplay; fullscreen\"><\/iframe>\n                    <\/div>\n\n                    <div class=\"application-examples-item-loader\"><\/div>\n                <\/div>\n            <\/div>\n\n<div class=\"application-examples-item application-examples-item-loading\">\n                            <div class=\"col-row\">\n                                <div class=\"col-6 col-m-8 col-s-12\"><h3 class=\"application-examples-item-title\">Przyk\u0142ad 4: Lista Wideo<\/h3><div class=\"application-examples-item-description\">Ten przyk\u0142ad pokazuje, jak mo\u017cesz umie\u015bci\u0107 swoj\u0105 kolekcj\u0119 wideo w widocznym miejscu strony internetowej i sprawi\u0107, by by\u0142a schludna i czysta. Uk\u0142ad siatki umo\u017cliwia uk\u0142adanie film\u00f3w jeden po drugim na li\u015bcie, kt\u00f3r\u0105 u\u017cytkownicy mog\u0105 przewija\u0107. Nazwa wid\u017cetu odbija istot\u0119 kolekcji.<\/div><\/div>\n                <\/div>\n\n                <div class=\"application-examples-item-iframe-container browser-frame\">\n                    <div class=\"application-examples-item-iframe-wrapper\">\n                        <iframe class=\"application-examples-item-iframe application-examples-item-iframe-fixed-height\" data-src=\"https:\/\/elfsight.com\/examples?widget_id=32d2bff3-07d4-4417-b1d1-4bab7014b50f&padding=28px+40px+40px\" width=\"100%\" height=\"850\" allow=\"autoplay; fullscreen\"><\/iframe>\n                    <\/div>\n\n                    <div class=\"application-examples-item-loader\"><\/div>\n                <\/div>\n            <\/div>\n\n<div class=\"application-examples-item application-examples-item-loading\">\n                            <div class=\"col-row\">\n                                <div class=\"col-6 col-m-8 col-s-12\"><h3 class=\"application-examples-item-title\">Przyk\u0142ad 5: Odtwarzacz playlisty<\/h3><div class=\"application-examples-item-description\">Je\u015bli potrzebujesz utworzy\u0107 list\u0119 odtwarzania, kt\u00f3ra przeprowadzi u\u017cytkownik\u00f3w przez niekt\u00f3re etapy lub poka\u017ce jak\u0105kolwiek chronologi\u0119, uk\u0142ad listy odtwarzania jest najlepsz\u0105 opcj\u0105. Wy\u015bwietli uporz\u0105dkowan\u0105 list\u0119 film\u00f3w z numerami, a u\u017cytkownicy mog\u0105 \u015bledzi\u0107 sekwencj\u0119. W po\u0142\u0105czeniu z trybem odtwarzania Inline ten uk\u0142ad tworzy wid\u017cet idealny do prezentowania instrukcji lub kilkustopniowej narracji.<\/div><\/div>\n                <\/div>\n\n                <div class=\"application-examples-item-iframe-container browser-frame\">\n                    <div class=\"application-examples-item-iframe-wrapper\">\n                        <iframe class=\"application-examples-item-iframe application-examples-item-iframe-fixed-height\" data-src=\"https:\/\/elfsight.com\/examples?widget_id=70ae497f-b6ad-4c4a-82cc-b70e886f96e0&padding=28px+40px+40px\" width=\"100%\" height=\"600\" allow=\"autoplay; fullscreen\"><\/iframe>\n                    <\/div>\n\n                    <div class=\"application-examples-item-loader\"><\/div>\n                <\/div>\n            <\/div>\n\n<div class=\"application-cta-create\">\n                    <div class=\"application-cta-create-bg\">\n                        <div class=\"application-cta-create-bg-left\"><\/div>\n\n                        <div class=\"application-cta-create-bg-right\">\n                            <img decoding=\"async\" src=\"https:\/\/elfsight.com\/pl\/wp-content\/themes\/elfsight\/frontend\/assets\/img\/application-cta-create.jpg\" alt=\"Zacznij od stworzenia swojego wid\u017cetu\">\n                        <\/div>\n                    <\/div>\n\n                    <div class=\"application-cta-create-content inner\">\n                        <div class=\"application-cta-create-content-inner\">\n                            <div class=\"application-cta-create-content-icon\">\n                                <svg viewBox=\"0 0 25 25\" width=\"100%\" height=\"100%\">\n                                    <use xlink:href=\"#icon-settings\"><\/use>\n                                <\/svg>\n                            <\/div>\n\n                            <div class=\"application-cta-create-content-title\">Zacznij od stworzenia swojego wid\u017cetu<\/div>\n\n                            <div class=\"application-cta-create-content-text\">Szybko. \u0141atwo. Bez kodowania.<\/div>\n\n                            <a class=\"application-cta-create-content-button button-48 button-has-right-icon button-black button\" href=\"\">\n                                <span class=\"button-label\">Utw\u00f3rz wid\u017cet<\/span>\n\n                                <svg class=\"button-icon\">\n                                    <use xlink:href=\"#icon-arrow-link\"><\/use>\n                                <\/svg>\n                            <\/a>\n                        <\/div>\n                    <\/div>\n                <\/div>\n\n<div class=\"application-examples-item application-examples-item-loading\">\n                            <div class=\"col-row\">\n                                <div class=\"col-6 col-m-8 col-s-12\"><h3 class=\"application-examples-item-title\">Przyk\u0142ad 6: Portfolio<\/h3><div class=\"application-examples-item-description\">Galeria Vimeo firmy Elfsight pomo\u017ce Ci wyeksponowa\u0107 najlepsze z Twoich projekt\u00f3w i pokaza\u0107 je w minimalistyczny, ale efektowny spos\u00f3b. Za pomoc\u0105 uk\u0142adu siatki mo\u017cesz podzieli\u0107 ca\u0142\u0105 stron\u0119 na s\u0105siaduj\u0105c\u0105 z filmami, a nawet zmienia\u0107 przestrze\u0144, aby starannie je sformatowa\u0107. B\u0119dzie to doskona\u0142y spos\u00f3b na zaprezentowanie Twojego portfolio na stronie g\u0142\u00f3wnej.<\/div><\/div>\n                <\/div>\n\n                <div class=\"application-examples-item-iframe-container browser-frame\">\n                    <div class=\"application-examples-item-iframe-wrapper\">\n                        <iframe class=\"application-examples-item-iframe application-examples-item-iframe-fixed-height\" data-src=\"https:\/\/elfsight.com\/examples?widget_id=f936c50a-875a-450f-810f-7f1bedc2733d&padding=28px+40px+40px\" width=\"100%\" height=\"850\" allow=\"autoplay; fullscreen\"><\/iframe>\n                    <\/div>\n\n                    <div class=\"application-examples-item-loader\"><\/div>\n                <\/div>\n            <\/div>\n\n<div class=\"application-examples-item application-examples-item-loading\">\n                            <div class=\"col-row\">\n                                <div class=\"col-6 col-m-8 col-s-12\"><h3 class=\"application-examples-item-title\">Przyk\u0142ad 7: Pojedynczy Film<\/h3><div class=\"application-examples-item-description\">Osadzaj\u0105c jedyne wideo, mo\u017cesz tak\u017ce zmienia\u0107 jego rozmiar i tryb odtwarzania. Tutaj zajmuje poczesne miejsce na stronie i zawiera ikony do reagowania i udost\u0119pniania. Film jest odtwarzany bezpo\u015brednio w wid\u017cecie i pasek post\u0119pu jest tutaj, aby umo\u017cliwi\u0107 wszystkie zwyk\u0142e opcje odtwarzacza Vimeo tutaj.<\/div><\/div>\n                <\/div>\n\n                <div class=\"application-examples-item-iframe-container browser-frame\">\n                    <div class=\"application-examples-item-iframe-wrapper\">\n                        <iframe class=\"application-examples-item-iframe application-examples-item-iframe-fixed-height\" data-src=\"https:\/\/elfsight.com\/examples?widget_id=4da0efea-82d9-4942-9188-31dcc6a6f4cb&padding=28px+40px+40px\" width=\"100%\" height=\"600\" allow=\"autoplay; fullscreen\"><\/iframe>\n                    <\/div>\n\n                    <div class=\"application-examples-item-loader\"><\/div>\n                <\/div>\n            <\/div>\n\n<div class=\"application-examples-item application-examples-item-loading\">\n                            <div class=\"col-row\">\n                                <div class=\"col-6 col-m-8 col-s-12\"><h3 class=\"application-examples-item-title\">Przyk\u0142ad 8: Widget Kana\u0142u<\/h3><div class=\"application-examples-item-description\">Oto imponuj\u0105cy przyk\u0142ad integracji ca\u0142ego kana\u0142u Vimeo na stronie internetowej. Oryginalny projekt kolorystyczny kana\u0142u jest w pe\u0142ni zachowany za pomoc\u0105 element\u00f3w interfejsu, kt\u00f3re mo\u017cna malowa\u0107. Tryb Player umo\u017cliwia ogl\u0105danie ka\u017cdego wideo bezpo\u015brednio w wid\u017cecie. U\u017cytkownicy mog\u0105 sprawdzi\u0107 opis i statystyki, polubi\u0107 i udost\u0119pnia\u0107 oraz subskrybowa\u0107 si\u0119 do kana\u0142u.<\/div><\/div>\n                <\/div>\n\n                <div class=\"application-examples-item-iframe-container browser-frame\">\n                    <div class=\"application-examples-item-iframe-wrapper\">\n                        <iframe class=\"application-examples-item-iframe application-examples-item-iframe-fixed-height\" data-src=\"https:\/\/elfsight.com\/examples?widget_id=4a60b669-6af6-4206-ad55-78926f56b2ce&padding=28px+40px+40px\" width=\"100%\" height=\"1600\" allow=\"autoplay; fullscreen\"><\/iframe>\n                    <\/div>\n\n                    <div class=\"application-examples-item-loader\"><\/div>\n                <\/div>\n            <\/div>\n\n<div class=\"application-examples-item application-examples-item-loading\">\n                            <div class=\"col-row\">\n                                <div class=\"col-6 col-m-8 col-s-12\"><h3 class=\"application-examples-item-title\">Przyk\u0142ad 9: Slideshow Wideo<\/h3><div class=\"application-examples-item-description\">Utw\u00f3rz prawdziwy pokaz slajd\u00f3w ze swoich film\u00f3w i zaprezentuj je w swojej witrynie za pomoc\u0105 wci\u0105gaj\u0105cego suwaka. Tylko filmy, bez nag\u0142\u00f3wka lub dodatkowych informacji - w ten spos\u00f3b skupiasz uwag\u0119 na tre\u015bci i sprawiasz, \u017ce projekt jest czysty. Automatyczne przesuwanie lub strza\u0142ki s\u0142u\u017c\u0105 do nawigacji mi\u0119dzy filmami i s\u0105 odtwarzane bezpo\u015brednio na stronie w trybie Inline.<\/div><\/div>\n                <\/div>\n\n                <div class=\"application-examples-item-iframe-container browser-frame\">\n                    <div class=\"application-examples-item-iframe-wrapper\">\n                        <iframe class=\"application-examples-item-iframe application-examples-item-iframe-fixed-height\" data-src=\"https:\/\/elfsight.com\/examples?widget_id=6f2c1216-b59d-4640-9a64-cb227880a6a5&padding=28px+40px+40px\" width=\"100%\" height=\"700\" allow=\"autoplay; fullscreen\"><\/iframe>\n                    <\/div>\n\n                    <div class=\"application-examples-item-loader\"><\/div>\n                <\/div>\n            <\/div>\n","protected":false},"excerpt":{"rendered":"","protected":false},"author":13,"featured_media":0,"parent":2409,"menu_order":0,"comment_status":"closed","ping_status":"closed","template":"templates\/template-application-examples.php","meta":{"publish_to_discourse":"","publish_post_category":"","wpdc_auto_publish_overridden":"","wpdc_topic_tags":"","wpdc_pin_topic":"","wpdc_pin_until":"","discourse_post_id":"","discourse_permalink":"","wpdc_publishing_response":"","wpdc_publishing_error":"","footnotes":""},"class_list":["post-2426","page","type-page","status-publish","hentry"],"yoast_head":"<!-- This site is optimized with the Yoast SEO plugin v25.3.1 - https:\/\/yoast.com\/wordpress\/plugins\/seo\/ -->\n<title>Najlepsze przyk\u0142ady Galerji Vimeo na stronie internetowej (Prezentacja)<\/title>\n<meta name=\"description\" content=\"TOP 9 Przyk\u0142ad\u00f3w Vimeo Gallery: Karuzela, Playlista, Pokaz slajd\u00f3w, Pojedyncze wideo itd. Przobny widget Vimeo dla Twojej strony.\" \/>\n<meta name=\"robots\" content=\"index, follow, max-snippet:-1, max-image-preview:large, max-video-preview:-1\" \/>\n<link rel=\"canonical\" href=\"https:\/\/elfsight.com\/pl\/vimeo-video-gallery-widget\/examples\/\" \/>\n<meta property=\"og:locale\" content=\"pl_PL\" \/>\n<meta property=\"og:type\" content=\"article\" \/>\n<meta property=\"og:title\" content=\"Najlepsze przyk\u0142ady Galerji Vimeo na stronie internetowej (Prezentacja)\" \/>\n<meta property=\"og:description\" content=\"TOP 9 Przyk\u0142ad\u00f3w Vimeo Gallery: Karuzela, Playlista, Pokaz slajd\u00f3w, Pojedyncze wideo itd. Przobny widget Vimeo dla Twojej strony.\" \/>\n<meta property=\"og:url\" content=\"https:\/\/elfsight.com\/pl\/vimeo-video-gallery-widget\/examples\/\" \/>\n<meta property=\"og:site_name\" content=\"Elfsight PL\" \/>\n<meta property=\"article:modified_time\" content=\"2021-03-09T06:13:26+00:00\" \/>\n<meta name=\"twitter:card\" content=\"summary_large_image\" \/>\n<meta name=\"twitter:label1\" content=\"Szacowany czas czytania\" \/>\n\t<meta name=\"twitter:data1\" content=\"4 minuty\" \/>\n<!-- \/ Yoast SEO plugin. -->","yoast_head_json":{"title":"Najlepsze przyk\u0142ady Galerji Vimeo na stronie internetowej (Prezentacja)","description":"TOP 9 Przyk\u0142ad\u00f3w Vimeo Gallery: Karuzela, Playlista, Pokaz slajd\u00f3w, Pojedyncze wideo itd. Przobny widget Vimeo dla Twojej strony.","robots":{"index":"index","follow":"follow","max-snippet":"max-snippet:-1","max-image-preview":"max-image-preview:large","max-video-preview":"max-video-preview:-1"},"canonical":"https:\/\/elfsight.com\/pl\/vimeo-video-gallery-widget\/examples\/","og_locale":"pl_PL","og_type":"article","og_title":"Najlepsze przyk\u0142ady Galerji Vimeo na stronie internetowej (Prezentacja)","og_description":"TOP 9 Przyk\u0142ad\u00f3w Vimeo Gallery: Karuzela, Playlista, Pokaz slajd\u00f3w, Pojedyncze wideo itd. Przobny widget Vimeo dla Twojej strony.","og_url":"https:\/\/elfsight.com\/pl\/vimeo-video-gallery-widget\/examples\/","og_site_name":"Elfsight PL","article_modified_time":"2021-03-09T06:13:26+00:00","twitter_card":"summary_large_image","twitter_misc":{"Szacowany czas czytania":"4 minuty"},"schema":{"@context":"https:\/\/schema.org","@graph":[{"@type":"WebPage","@id":"https:\/\/elfsight.com\/pl\/vimeo-video-gallery-widget\/examples\/","url":"https:\/\/elfsight.com\/pl\/vimeo-video-gallery-widget\/examples\/","name":"Najlepsze przyk\u0142ady Galerji Vimeo na stronie internetowej (Prezentacja)","isPartOf":{"@id":"https:\/\/elfsight.com\/pl\/#website"},"datePublished":"2021-03-05T14:44:41+00:00","dateModified":"2021-03-09T06:13:26+00:00","description":"TOP 9 Przyk\u0142ad\u00f3w Vimeo Gallery: Karuzela, Playlista, Pokaz slajd\u00f3w, Pojedyncze wideo itd. Przobny widget Vimeo dla Twojej strony.","breadcrumb":{"@id":"https:\/\/elfsight.com\/pl\/vimeo-video-gallery-widget\/examples\/#breadcrumb"},"inLanguage":"pl-PL","potentialAction":[{"@type":"ReadAction","target":["https:\/\/elfsight.com\/pl\/vimeo-video-gallery-widget\/examples\/"]}]},{"@type":"BreadcrumbList","@id":"https:\/\/elfsight.com\/pl\/vimeo-video-gallery-widget\/examples\/#breadcrumb","itemListElement":[{"@type":"ListItem","position":1,"name":"Home","item":"https:\/\/elfsight.com\/pl\/"},{"@type":"ListItem","position":2,"name":"Vimeo Gallery","item":"https:\/\/elfsight.com\/pl\/vimeo-video-gallery-widget\/"},{"@type":"ListItem","position":3,"name":"Vimeo Gallery &#8211; Examples"}]},{"@type":"WebSite","@id":"https:\/\/elfsight.com\/pl\/#website","url":"https:\/\/elfsight.com\/pl\/","name":"Elfsight PL","description":"Just another Elfsight Sites site","potentialAction":[{"@type":"SearchAction","target":{"@type":"EntryPoint","urlTemplate":"https:\/\/elfsight.com\/pl\/?s={search_term_string}"},"query-input":{"@type":"PropertyValueSpecification","valueRequired":true,"valueName":"search_term_string"}}],"inLanguage":"pl-PL"}]}},"meta_box":{"industry":"","seo_heading":"","heading":"","description":"","cta_heading":"","cta_description":"","application":"2408","h1":"","h1_caption":"","application_category":[],"applications_title":"","applications_request_title":"","applications_request_button_text":"","hero_text":"","hero_video":"","hero_video_schema_markup":"","selling_points_title":"","selling_points_caption":"","selling_points":[],"selling_points_cta_text":"","features_title":"","features":"","ed_cta_examples_text":"","ed_cta_examples_hidden":"","ed_cta_demo_text":"","ed_cta_demo_hidden":"","why_caption":"","why_editor_title":"","why_editor_text":"","why_team_title":"","why_team_text":"","why_service_title":"","why_service_text":"","template_catalog_visible":"","template_catalog_title":"","template_catalog_text":"","template_catalog_categories_visible":"","demo_title":"","demo_caption":"","default_faq_hidden":"","app_template_category":[],"platform":"","template_public_id":"","codecanyon_url":"","codecanyon_item_id":"","codecanyon_price":"","pricing_caption":"","pricing_elfsight_apps_hide_column":"","pricing_elfsight_apps_url":"","pricing_codecanyon_price_caption":"","integration_category":[],"integration_request_title":"","integration_request_cta":"","integration_platform":"","integrations":[],"platform_category":[],"video_schema_markup":"","price":"","trial":"","benefits":[],"button_url":"","button_target_blank":"","button_nofollow":"","attributes":[],"tags":[],"tags_disable_links":"","hide_more_platforms":"","video_object":"","demo_hide_cta":"","demo_hide_cloud_options":"","pricing_title":"","pricing":[],"related_apps_title":"","related_apps_hidden":"","author":"","image":[],"title":"","job":"","social_networks":[]},"_links":{"self":[{"href":"https:\/\/elfsight.com\/pl\/wp-json\/wp\/v2\/pages\/2426","targetHints":{"allow":["GET"]}}],"collection":[{"href":"https:\/\/elfsight.com\/pl\/wp-json\/wp\/v2\/pages"}],"about":[{"href":"https:\/\/elfsight.com\/pl\/wp-json\/wp\/v2\/types\/page"}],"author":[{"embeddable":true,"href":"https:\/\/elfsight.com\/pl\/wp-json\/wp\/v2\/users\/13"}],"replies":[{"embeddable":true,"href":"https:\/\/elfsight.com\/pl\/wp-json\/wp\/v2\/comments?post=2426"}],"version-history":[{"count":3,"href":"https:\/\/elfsight.com\/pl\/wp-json\/wp\/v2\/pages\/2426\/revisions"}],"predecessor-version":[{"id":2429,"href":"https:\/\/elfsight.com\/pl\/wp-json\/wp\/v2\/pages\/2426\/revisions\/2429"}],"up":[{"embeddable":true,"href":"https:\/\/elfsight.com\/pl\/wp-json\/wp\/v2\/pages\/2409"}],"wp:attachment":[{"href":"https:\/\/elfsight.com\/pl\/wp-json\/wp\/v2\/media?parent=2426"}],"curies":[{"name":"wp","href":"https:\/\/api.w.org\/{rel}","templated":true}]}}