{"id":2383,"date":"2021-03-04T07:53:37","date_gmt":"2021-03-04T07:53:37","guid":{"rendered":"https:\/\/elfsight.com\/pl\/?page_id=2383"},"modified":"2021-03-04T08:28:36","modified_gmt":"2021-03-04T08:28:36","slug":"examples","status":"publish","type":"page","link":"https:\/\/elfsight.com\/pl\/team-showcase-widget\/examples\/","title":{"rendered":"Team Showcase &#8211; Examples"},"content":{"rendered":"\n<div class=\"application-examples-item application-examples-item-loading\">\n                            <div class=\"col-row\">\n                                <div class=\"col-6 col-m-8 col-s-12\"><h3 class=\"application-examples-item-title\">Przyk\u0142ad 1: Struktura firmy<\/h3><div class=\"application-examples-item-description\">Dzi\u0119ki wid\u017cetowi Elfsight \u0142atwo jest zademonstrowa\u0107 swoj\u0105 firm\u0119 w uporz\u0105dkowany i przejrzysty spos\u00f3b, nawet je\u015bli ma ona rozbudowan\u0105 struktur\u0119. W tym przyk\u0142adzie wszyscy pracownicy s\u0105 rozmieszczeni w czterech wydzia\u0142ach wymienionych na stronie. Uk\u0142ad siatki pokazuje tylko minimum danych kontaktowych, reszt\u0119 mo\u017cna wy\u015bwietli\u0107 w wyskakuj\u0105cym okienku.<\/div><\/div>\n                <\/div>\n\n                <div class=\"application-examples-item-iframe-container browser-frame\">\n                    <div class=\"application-examples-item-iframe-wrapper\">\n                        <iframe class=\"application-examples-item-iframe\" data-src=\"https:\/\/elfsight.com\/examples?widget_id=0f53c6d6-1166-487e-b9c9-0d3847dcf2fe&padding=28px+40px+40px\" width=\"100%\" allow=\"autoplay; fullscreen\"><\/iframe>\n                    <\/div>\n\n                    <div class=\"application-examples-item-loader\"><\/div>\n                <\/div>\n            <\/div>\n\n<div class=\"application-examples-item application-examples-item-loading\">\n                            <div class=\"col-row\">\n                                <div class=\"col-6 col-m-8 col-s-12\"><h3 class=\"application-examples-item-title\">Przyk\u0142ad 2: Ma\u0142y zesp\u00f3\u0142<\/h3><div class=\"application-examples-item-description\">Bez wzgl\u0119du na wielko\u015b\u0107 Twojego zespo\u0142u - mo\u017cesz znale\u017a\u0107 dobry spos\u00f3b na jego zaprezentowanie. Tutaj uk\u0142ad kart pomaga pokaza\u0107 do\u015b\u0107 zwarty zesp\u00f3\u0142, ale w znacz\u0105cy spos\u00f3b. Widzowie mog\u0105 zobaczy\u0107 du\u017ce zdj\u0119cia Twoich ludzi, ich imiona i nazwiska oraz stanowiska. Wezwanie do dzia\u0142ania zaprasza u\u017cytkownik\u00f3w do do\u0142\u0105czenia do zespo\u0142u, a po klikni\u0119ciu przycisku mog\u0105 zobaczy\u0107 oferty pracy.<\/div><\/div>\n                <\/div>\n\n                <div class=\"application-examples-item-iframe-container browser-frame\">\n                    <div class=\"application-examples-item-iframe-wrapper\">\n                        <iframe class=\"application-examples-item-iframe\" data-src=\"https:\/\/elfsight.com\/examples?widget_id=2e589563-683d-4a0b-95c4-7aa6b0a429da&padding=28px+40px+40px\" width=\"100%\" allow=\"autoplay; fullscreen\"><\/iframe>\n                    <\/div>\n\n                    <div class=\"application-examples-item-loader\"><\/div>\n                <\/div>\n            <\/div> \n\n<div class=\"application-examples-item application-examples-item-loading\">\n                            <div class=\"col-row\">\n                                <div class=\"col-6 col-m-8 col-s-12\"><h3 class=\"application-examples-item-title\">Przyk\u0142ad 3:  Dedykowana dru\u017cyna<\/h3><div class=\"application-examples-item-description\">W tym przyk\u0142adzie mo\u017cesz zobaczy\u0107, jak nasz wid\u017cet u\u0142atwia odwiedzaj\u0105cym znalezienie swojego mened\u017cera. Wszyscy mened\u017cerowie s\u0105 podzieleni na cztery grupy - w zale\u017cno\u015bci od miasta. Menu w nag\u0142\u00f3wku wid\u017cetu umo\u017cliwia u\u017cytkownikom prze\u0142\u0105czanie si\u0119 mi\u0119dzy dost\u0119pnymi miastami i przegl\u0105danie mened\u017cer\u00f3w lub wy\u015bwietlanie ich wszystkich w siatce.<\/div><\/div>\n                <\/div>\n\n                <div class=\"application-examples-item-iframe-container browser-frame\">\n                    <div class=\"application-examples-item-iframe-wrapper\">\n                        <iframe class=\"application-examples-item-iframe\" data-src=\"https:\/\/elfsight.com\/examples?widget_id=1b1f0b42-5076-48f6-a8ae-e5edd1746660&padding=28px+40px+40px\" width=\"100%\" allow=\"autoplay; fullscreen\"><\/iframe>\n                    <\/div>\n\n                    <div class=\"application-examples-item-loader\"><\/div>\n                <\/div>\n            <\/div>\n\n<div class=\"application-examples-item application-examples-item-loading\">\n                            <div class=\"col-row\">\n                                <div class=\"col-6 col-m-8 col-s-12\"><h3 class=\"application-examples-item-title\">Przyk\u0142ad 4: Zesp\u00f3\u0142 muzyczny<\/h3><div class=\"application-examples-item-description\">Zobacz, jak \u0142atwo mo\u017cna ustawi\u0107 wid\u017cet tak, aby pokazywa\u0142 cz\u0142onk\u00f3w zespo\u0142u muzycznego. Istnieje niestandardowy wyb\u00f3r koloru t\u0142a, kt\u00f3ry sprawia, \u017ce wid\u017cet pasuje do koncepcji kolor\u00f3w witryny. Uk\u0142ad galerii przedstawia du\u017ce zdj\u0119cia muzyk\u00f3w i ich nazwiska. Po najechaniu kursorem animacja ujawni ikony medi\u00f3w spo\u0142eczno\u015bciowych i zaoferuje wi\u0119cej informacji w wyskakuj\u0105cym okienku.<\/div><\/div>\n                <\/div>\n\n                <div class=\"application-examples-item-iframe-container browser-frame\">\n                    <div class=\"application-examples-item-iframe-wrapper\">\n                        <iframe class=\"application-examples-item-iframe\" data-src=\"https:\/\/elfsight.com\/examples?widget_id=fb39f784-a561-4c9f-a2e5-f815740e24c4&padding=28px+40px+40px\" width=\"100%\" allow=\"autoplay; fullscreen\"><\/iframe>\n                    <\/div>\n\n                    <div class=\"application-examples-item-loader\"><\/div>\n                <\/div>\n            <\/div>\n\n<div class=\"application-examples-item application-examples-item-loading\">\n                            <div class=\"col-row\">\n                                <div class=\"col-6 col-m-8 col-s-12\"><h3 class=\"application-examples-item-title\">Przyk\u0142ad 5: Sk\u0142ad dru\u017cyny<\/h3><div class=\"application-examples-item-description\">W tym przyk\u0142adzie wid\u017cet s\u0142u\u017cy do tworzenia siatki z cz\u0142onkami dru\u017cyny koszyk\u00f3wki. Karty informacyjne ka\u017cdego gracza i t\u0142o s\u0105 pomalowane kolorami dru\u017cyny. Jest tylko imi\u0119 i nazwisko oraz pozycja w grze ka\u017cdego cz\u0142onka zespo\u0142u.<\/div><\/div>\n                <\/div>\n\n                <div class=\"application-examples-item-iframe-container browser-frame\">\n                    <div class=\"application-examples-item-iframe-wrapper\">\n                        <iframe class=\"application-examples-item-iframe\" data-src=\"https:\/\/elfsight.com\/examples?widget_id=dc5840e7-789d-42df-878f-a39285b335f3&padding=28px+40px+40px\" width=\"100%\" allow=\"autoplay; fullscreen\"><\/iframe>\n                    <\/div>\n\n                    <div class=\"application-examples-item-loader\"><\/div>\n                <\/div>\n            <\/div>\n\n<div class=\"application-cta-create\">\n                    <div class=\"application-cta-create-bg\">\n                        <div class=\"application-cta-create-bg-left\"><\/div>\n\n                        <div class=\"application-cta-create-bg-right\">\n                            <img decoding=\"async\" src=\"https:\/\/elfsight.com\/pl\/wp-content\/themes\/elfsight\/frontend\/assets\/img\/application-cta-create.jpg\" alt=\"Zacznij od stworzenia swojego wid\u017cetu\">\n                        <\/div>\n                    <\/div>\n\n                    <div class=\"application-cta-create-content inner\">\n                        <div class=\"application-cta-create-content-inner\">\n                            <div class=\"application-cta-create-content-icon\">\n                                <svg viewBox=\"0 0 25 25\" width=\"100%\" height=\"100%\">\n                                    <use xlink:href=\"#icon-settings\"><\/use>\n                                <\/svg>\n                            <\/div>\n\n                            <div class=\"application-cta-create-content-title\">Zacznij od stworzenia swojego wid\u017cetu<\/div>\n\n                            <div class=\"application-cta-create-content-text\">Szybko. \u0141atwo. Bez kodowania.<\/div>\n\n                            <a class=\"application-cta-create-content-button button-48 button-has-right-icon button-black button\" href=\"\">\n                                <span class=\"button-label\">Utw\u00f3rz wid\u017cet<\/span>\n\n                                <svg class=\"button-icon\">\n                                    <use xlink:href=\"#icon-arrow-link\"><\/use>\n                                <\/svg>\n                            <\/a>\n                        <\/div>\n                    <\/div>\n                <\/div>\n\n<div class=\"application-examples-item application-examples-item-loading\">\n                            <div class=\"col-row\">\n                                <div class=\"col-6 col-m-8 col-s-12\"><h3 class=\"application-examples-item-title\">Przyk\u0142ad 6: Nasi nauczyciele<\/h3><div class=\"application-examples-item-description\">Nasz widget pomo\u017ce Ci pokaza\u0107 kadr\u0119 akademick\u0105, aby zdoby\u0142a zaufanie odbiorc\u00f3w serwisu. Mo\u017cesz zobaczy\u0107, \u017ce ka\u017cdy nauczyciel jest przedstawiony na zdj\u0119ciu, kt\u00f3re pokazuje kr\u00f3tk\u0105 biografi\u0119 i cechy osobiste w wyskakuj\u0105cym okienku. Automatyczna opcja rozmiaru sprawia, \u017ce wid\u017cet wype\u0142nia ca\u0142e dost\u0119pne miejsce na stronie.<\/div><\/div>\n                <\/div>\n\n                <div class=\"application-examples-item-iframe-container browser-frame\">\n                    <div class=\"application-examples-item-iframe-wrapper\">\n                        <iframe class=\"application-examples-item-iframe\" data-src=\"https:\/\/elfsight.com\/examples?widget_id=ff988b05-6de8-4bd7-9f8e-0ac90f96da2c&padding=28px+40px+40px\" width=\"100%\" allow=\"autoplay; fullscreen\"><\/iframe>\n                    <\/div>\n\n                    <div class=\"application-examples-item-loader\"><\/div>\n                <\/div>\n            <\/div>\n\n<div class=\"application-examples-item application-examples-item-loading\">\n                            <div class=\"col-row\">\n                                <div class=\"col-6 col-m-8 col-s-12\"><h3 class=\"application-examples-item-title\">Przyk\u0142ad 7: Fitness<\/h3><div class=\"application-examples-item-description\">Oto dobry spos\u00f3b, aby opowiedzie\u0107 o trenerach pracuj\u0105cych w klubie sportowym i pokaza\u0107 swoje umiej\u0119tno\u015bci motywacyjne. Korzystaj\u0105c z uk\u0142adu listy, mo\u017cesz wy\u015bwietla\u0107 wiele informacji tekstowych obok zdj\u0119cia. Tutaj mo\u017cesz przeczyta\u0107 szczeg\u00f3\u0142owe informacje na temat ka\u017cdego trenera oraz zapozna\u0107 si\u0119 z jego filozofi\u0105 treningu i ulubionym mottem motywacyjnym dotycz\u0105cym treningu sportowego.<\/div><\/div>\n                <\/div>\n\n                <div class=\"application-examples-item-iframe-container browser-frame\">\n                    <div class=\"application-examples-item-iframe-wrapper\">\n                        <iframe class=\"application-examples-item-iframe\" data-src=\"https:\/\/elfsight.com\/examples?widget_id=98653925-04cd-401a-a575-bb4a89b0346a&padding=28px+40px+40px\" width=\"100%\" allow=\"autoplay; fullscreen\"><\/iframe>\n                    <\/div>\n\n                    <div class=\"application-examples-item-loader\"><\/div>\n                <\/div>\n            <\/div>\n\n<div class=\"application-examples-item application-examples-item-loading\">\n                            <div class=\"col-row\">\n                                <div class=\"col-6 col-m-8 col-s-12\"><h3 class=\"application-examples-item-title\">Przyk\u0142ad 8: Fryzjerzy<\/h3><div class=\"application-examples-item-description\">Uniemo\u017cliwi\u0107 u\u017cytkownikowi opuszczenie strony bez wcze\u015bniejszego um\u00f3wienia si\u0119 na spotkanie. W tym przyk\u0142adzie us\u0142ugi fryzjerskie s\u0105 przedstawione w naprawd\u0119 przekonuj\u0105cy spos\u00f3b. Dzi\u0119ki uk\u0142adowi galerii zdj\u0119cia s\u0105 ogromne, czyste i przyci\u0105gaj\u0105 wzrok. Wszystkie dodatkowe informacje s\u0105 ukryte w wyskakuj\u0105cym okienku. Unikalne wezwanie do dzia\u0142ania i przycisk umo\u017cliwiaj\u0105cy um\u00f3wienie spotkania pomagaj\u0105 przyci\u0105gn\u0105\u0107 nowych klient\u00f3w.<\/div><\/div>\n                <\/div>\n\n                <div class=\"application-examples-item-iframe-container browser-frame\">\n                    <div class=\"application-examples-item-iframe-wrapper\">\n                        <iframe class=\"application-examples-item-iframe\" data-src=\"https:\/\/elfsight.com\/examples?widget_id=a078d1e1-94f4-455e-ae1d-9407c0415692&padding=28px+40px+40px\" width=\"100%\" allow=\"autoplay; fullscreen\"><\/iframe>\n                    <\/div>\n\n                    <div class=\"application-examples-item-loader\"><\/div>\n                <\/div>\n            <\/div>\n\n<div class=\"application-examples-item application-examples-item-loading\">\n                            <div class=\"col-row\">\n                                <div class=\"col-6 col-m-8 col-s-12\"><h3 class=\"application-examples-item-title\">Przyk\u0142ad 9: Lekarze<\/h3><div class=\"application-examples-item-description\">Kolejny przyk\u0142ad tego, co potrafi nasz widget. Tutaj przekszta\u0142ca si\u0119 w wizyt\u00f3wk\u0119 personelu medycznego. Czysty i surowy wygl\u0105d zapewnia uk\u0142ad listy i niestandardowy dob\u00f3r kolor\u00f3w, kt\u00f3re s\u0105 kojarzone z medycyn\u0105. Karty informacyjne du\u017co m\u00f3wi\u0105 o ka\u017cdym lekarzu i istnieje mo\u017cliwo\u015b\u0107 um\u00f3wienia si\u0119 na wizyt\u0119 za pomoc\u0105 aktywnego przycisku.<\/div><\/div>\n                <\/div>\n\n                <div class=\"application-examples-item-iframe-container browser-frame\">\n                    <div class=\"application-examples-item-iframe-wrapper\">\n                        <iframe class=\"application-examples-item-iframe\" data-src=\"https:\/\/elfsight.com\/examples?widget_id=fcf657e5-4aa5-41da-bebc-b447df12508a&padding=28px+40px+40px\" width=\"100%\" allow=\"autoplay; fullscreen\"><\/iframe>\n                    <\/div>\n\n                    <div class=\"application-examples-item-loader\"><\/div>\n                <\/div>\n            <\/div>\n","protected":false},"excerpt":{"rendered":"","protected":false},"author":13,"featured_media":0,"parent":2366,"menu_order":0,"comment_status":"closed","ping_status":"closed","template":"templates\/template-application-examples.php","meta":{"publish_to_discourse":"","publish_post_category":"","wpdc_auto_publish_overridden":"","wpdc_topic_tags":"","wpdc_pin_topic":"","wpdc_pin_until":"","discourse_post_id":"","discourse_permalink":"","wpdc_publishing_response":"","wpdc_publishing_error":"","footnotes":""},"class_list":["post-2383","page","type-page","status-publish","hentry"],"yoast_head":"<!-- This site is optimized with the Yoast SEO plugin v25.3.1 - https:\/\/yoast.com\/wordpress\/plugins\/seo\/ -->\n<title>Najlepsze przyk\u0142ady Prezentacji zespo\u0142u na stronie firmowej (Showcase)<\/title>\n<meta name=\"description\" content=\"TOP 9 Przyk\u0142ady prezentacji zespo\u0142u: struktura firmy, zesp\u00f3\u0142 muzyczny, sk\u0142ad zespo\u0142u, itp. Przobny widget zespo\u0142u pracownik\u00f3w na stron\u0119 www.\" \/>\n<meta name=\"robots\" content=\"index, follow, max-snippet:-1, max-image-preview:large, max-video-preview:-1\" \/>\n<link rel=\"canonical\" href=\"https:\/\/elfsight.com\/pl\/team-showcase-widget\/examples\/\" \/>\n<meta property=\"og:locale\" content=\"pl_PL\" \/>\n<meta property=\"og:type\" content=\"article\" \/>\n<meta property=\"og:title\" content=\"Najlepsze przyk\u0142ady Prezentacji zespo\u0142u na stronie firmowej (Showcase)\" \/>\n<meta property=\"og:description\" content=\"TOP 9 Przyk\u0142ady prezentacji zespo\u0142u: struktura firmy, zesp\u00f3\u0142 muzyczny, sk\u0142ad zespo\u0142u, itp. Przobny widget zespo\u0142u pracownik\u00f3w na stron\u0119 www.\" \/>\n<meta property=\"og:url\" content=\"https:\/\/elfsight.com\/pl\/team-showcase-widget\/examples\/\" \/>\n<meta property=\"og:site_name\" content=\"Elfsight PL\" \/>\n<meta property=\"article:modified_time\" content=\"2021-03-04T08:28:36+00:00\" \/>\n<meta name=\"twitter:card\" content=\"summary_large_image\" \/>\n<meta name=\"twitter:label1\" content=\"Szacowany czas czytania\" \/>\n\t<meta name=\"twitter:data1\" content=\"4 minuty\" \/>\n<!-- \/ Yoast SEO plugin. -->","yoast_head_json":{"title":"Najlepsze przyk\u0142ady Prezentacji zespo\u0142u na stronie firmowej (Showcase)","description":"TOP 9 Przyk\u0142ady prezentacji zespo\u0142u: struktura firmy, zesp\u00f3\u0142 muzyczny, sk\u0142ad zespo\u0142u, itp. Przobny widget zespo\u0142u pracownik\u00f3w na stron\u0119 www.","robots":{"index":"index","follow":"follow","max-snippet":"max-snippet:-1","max-image-preview":"max-image-preview:large","max-video-preview":"max-video-preview:-1"},"canonical":"https:\/\/elfsight.com\/pl\/team-showcase-widget\/examples\/","og_locale":"pl_PL","og_type":"article","og_title":"Najlepsze przyk\u0142ady Prezentacji zespo\u0142u na stronie firmowej (Showcase)","og_description":"TOP 9 Przyk\u0142ady prezentacji zespo\u0142u: struktura firmy, zesp\u00f3\u0142 muzyczny, sk\u0142ad zespo\u0142u, itp. Przobny widget zespo\u0142u pracownik\u00f3w na stron\u0119 www.","og_url":"https:\/\/elfsight.com\/pl\/team-showcase-widget\/examples\/","og_site_name":"Elfsight PL","article_modified_time":"2021-03-04T08:28:36+00:00","twitter_card":"summary_large_image","twitter_misc":{"Szacowany czas czytania":"4 minuty"},"schema":{"@context":"https:\/\/schema.org","@graph":[{"@type":"WebPage","@id":"https:\/\/elfsight.com\/pl\/team-showcase-widget\/examples\/","url":"https:\/\/elfsight.com\/pl\/team-showcase-widget\/examples\/","name":"Najlepsze przyk\u0142ady Prezentacji zespo\u0142u na stronie firmowej (Showcase)","isPartOf":{"@id":"https:\/\/elfsight.com\/pl\/#website"},"datePublished":"2021-03-04T07:53:37+00:00","dateModified":"2021-03-04T08:28:36+00:00","description":"TOP 9 Przyk\u0142ady prezentacji zespo\u0142u: struktura firmy, zesp\u00f3\u0142 muzyczny, sk\u0142ad zespo\u0142u, itp. Przobny widget zespo\u0142u pracownik\u00f3w na stron\u0119 www.","breadcrumb":{"@id":"https:\/\/elfsight.com\/pl\/team-showcase-widget\/examples\/#breadcrumb"},"inLanguage":"pl-PL","potentialAction":[{"@type":"ReadAction","target":["https:\/\/elfsight.com\/pl\/team-showcase-widget\/examples\/"]}]},{"@type":"BreadcrumbList","@id":"https:\/\/elfsight.com\/pl\/team-showcase-widget\/examples\/#breadcrumb","itemListElement":[{"@type":"ListItem","position":1,"name":"Home","item":"https:\/\/elfsight.com\/pl\/"},{"@type":"ListItem","position":2,"name":"Team Showcase","item":"https:\/\/elfsight.com\/pl\/team-showcase-widget\/"},{"@type":"ListItem","position":3,"name":"Team Showcase &#8211; Examples"}]},{"@type":"WebSite","@id":"https:\/\/elfsight.com\/pl\/#website","url":"https:\/\/elfsight.com\/pl\/","name":"Elfsight PL","description":"Just another Elfsight Sites site","potentialAction":[{"@type":"SearchAction","target":{"@type":"EntryPoint","urlTemplate":"https:\/\/elfsight.com\/pl\/?s={search_term_string}"},"query-input":{"@type":"PropertyValueSpecification","valueRequired":true,"valueName":"search_term_string"}}],"inLanguage":"pl-PL"}]}},"meta_box":{"industry":"","seo_heading":"","heading":"","description":"","cta_heading":"","cta_description":"","application":"2365","h1":"","h1_caption":"","application_category":[],"applications_title":"","applications_request_title":"","applications_request_button_text":"","hero_text":"","hero_video":"","hero_video_schema_markup":"","selling_points_title":"","selling_points_caption":"","selling_points":[],"selling_points_cta_text":"","features_title":"","features":"","ed_cta_examples_text":"","ed_cta_examples_hidden":"","ed_cta_demo_text":"","ed_cta_demo_hidden":"","why_caption":"","why_editor_title":"","why_editor_text":"","why_team_title":"","why_team_text":"","why_service_title":"","why_service_text":"","template_catalog_visible":"","template_catalog_title":"","template_catalog_text":"","template_catalog_categories_visible":"","demo_title":"","demo_caption":"","default_faq_hidden":"","app_template_category":[],"platform":"","template_public_id":"","codecanyon_url":"","codecanyon_item_id":"","codecanyon_price":"","pricing_caption":"","pricing_elfsight_apps_hide_column":"","pricing_elfsight_apps_url":"","pricing_codecanyon_price_caption":"","integration_category":[],"integration_request_title":"","integration_request_cta":"","integration_platform":"","integrations":[],"platform_category":[],"video_schema_markup":"","price":"","trial":"","benefits":[],"button_url":"","button_target_blank":"","button_nofollow":"","attributes":[],"tags":[],"tags_disable_links":"","hide_more_platforms":"","video_object":"","demo_hide_cta":"","demo_hide_cloud_options":"","pricing_title":"","pricing":[],"related_apps_title":"","related_apps_hidden":"","author":"","image":[],"title":"","job":"","social_networks":[]},"_links":{"self":[{"href":"https:\/\/elfsight.com\/pl\/wp-json\/wp\/v2\/pages\/2383","targetHints":{"allow":["GET"]}}],"collection":[{"href":"https:\/\/elfsight.com\/pl\/wp-json\/wp\/v2\/pages"}],"about":[{"href":"https:\/\/elfsight.com\/pl\/wp-json\/wp\/v2\/types\/page"}],"author":[{"embeddable":true,"href":"https:\/\/elfsight.com\/pl\/wp-json\/wp\/v2\/users\/13"}],"replies":[{"embeddable":true,"href":"https:\/\/elfsight.com\/pl\/wp-json\/wp\/v2\/comments?post=2383"}],"version-history":[{"count":15,"href":"https:\/\/elfsight.com\/pl\/wp-json\/wp\/v2\/pages\/2383\/revisions"}],"predecessor-version":[{"id":2406,"href":"https:\/\/elfsight.com\/pl\/wp-json\/wp\/v2\/pages\/2383\/revisions\/2406"}],"up":[{"embeddable":true,"href":"https:\/\/elfsight.com\/pl\/wp-json\/wp\/v2\/pages\/2366"}],"wp:attachment":[{"href":"https:\/\/elfsight.com\/pl\/wp-json\/wp\/v2\/media?parent=2383"}],"curies":[{"name":"wp","href":"https:\/\/api.w.org\/{rel}","templated":true}]}}