{"id":238,"date":"2020-11-16T13:33:05","date_gmt":"2020-11-16T13:33:05","guid":{"rendered":"https:\/\/elfsight.com\/pl\/?page_id=238"},"modified":"2021-04-21T13:37:16","modified_gmt":"2021-04-21T13:37:16","slug":"cs-cart-addons","status":"publish","type":"page","link":"https:\/\/elfsight.com\/pl\/cs-cart-addons\/","title":{"rendered":"Cs Cart addons"},"content":{"rendered":"\n<h2>Najdoskonalsze rozwi\u0105zania Elfsight dla wszystkich potrzeb\u00f3w twojej witryny internetowej Cs Cart<\/h2>\n\n<p>Przez kilka lat nasz team programist\u00f3w Elfsight stwarza \u0142atwe w u\u017cyciu i modyfikowalne pluginy chmurowe dla Twojej dzia\u0142alno\u015bci. Elfsight zapewnia najwy\u017cszej klasy pomoc techniczn\u0105 i szybkie \u0142adowanie. Narz\u0119dzia Elfsight wspomagaj\u0105 w\u0142a\u015bcicielom witryn online, edukacyjnych oraz wielu innym z ca\u0142ego \u015bwiata poradzi\u0107 sobie z g\u0142\u00f3wnymi dzia\u0142aniami efektywniej. \n<\/p>\n\n<p>Mo\u017cesz powi\u0119kszy\u0107 liczb\u0119 lead\u00f3w, pokaza\u0107 pozytywne referencje na Pa\u0144stwa oferty, zwi\u0119kszy\u0107 zaufanie do swojej marki, wystarczy zainstalowa\u0107 wtyczku do Pa\u0144stwa serwisu www. Nasze plany abonamentowe s\u0105 w zakresie od bezp\u0142atnych do premium. \u0141atwo doda\u0107 dowolnie wybrane dodatki korzystaj\u0105c z naszej wersji Live Demo i zobacz jak bardzo mo\u017ce to by\u0107 istotne w kwestii rozwoju witryny Twojego przedsi\u0119biorstwa. <\/p>\n\n<h2>Co czyni nasze pluginy Cs Cart s\u0105 jednymi z najlepszych rozwi\u0105zaniami dla was? <\/h2>\n\n<p> Poznaj list\u0119 g\u0142\u00f3wny charakterystyk naszych rozszerze\u0144, kt\u00f3re pomagaj\u0105 nam wyprzedzi\u0107 konkurencj\u0119: <\/p>\n\n\n<ul>\n<li> Bezp\u0142atna i sprawna pomoc przy wbudowaniu lub personalizacji aplikacji; <\/li>\n<li> Zdolne do adaptacji do wszystkich rozdzielczo\u015bci witryn internetowych i dostosowane do urz\u0105dze\u0144 mobilnych; <\/li>\n<li> Nie musisz prosi\u0107 o pomoc programisty; <\/li>\n<li> Bogaty wyb\u00f3r ustawie\u0144 dostosowywania; <\/li>\n<li> Przechowywanie danych chmurze pomagaj\u0105 zwi\u0119kszy\u0107 pr\u0119dko\u015b\u0107 strony; <\/li>\n<li> Wszystkie przysz\u0142e poprawki s\u0105 gratisowe i regularne; <\/li>\n<li> Sprawiedliwe ceny; <\/li>\n<li> Szybka pomoc z problemami klient\u00f3w. <\/li>\n<\/ul>\n\n<p> Poznaj wolne wersje Lite naszych wid\u017cet\u00f3w i wykorzystaj jej potencja\u0142 lub zainstaluj dowolne wymagane wtyczk\u0119 z 20% zni\u017ck\u0105. <\/p>\n\n\n<h2> W jaki spos\u00f3b umie\u015bci\u0107 dodatki Elfsight na stronie Web Cs Cart <\/h2>\n\n<p> A\u017ceby umie\u015bci\u0107 nasze wtyczki, zoba\u0107 kroki z \u0142atwej wskaz\u00f3wki: <\/p>\n\n\n<ol>\n<li> Wybierz przydatny widget; <\/li>\n<li> Dostosuj wszystkie potrzebne konfiguracji; <\/li>\n<li> Nie zapomnijcie, aby zapisa\u0107 zmiany; <\/li>\n<li> Skopiuj otrzymany kod; <\/li>\n<li> Zainstaluj go w przydatnym miejscu swojej witryny lub szablonu; <\/li>\n<li> Zrobione! Zainstalowa\u0142e\u015b widget. <\/li>\n<\/ol>\n\n<p> Je\u015bli b\u0119dziesz potrzebowa\u0142 pomocy, nie wahaj si\u0119 poinformowa\u0107 o tym zespo\u0142u wspieraj\u0105cego Elfsight. <\/p>\n","protected":false},"excerpt":{"rendered":"Najdoskonalsze rozwi\u0105zania Elfsight dla wszystkich potrzeb\u00f3w twojej witryny internetowej Cs Cart Przez kilka lat nasz team programist\u00f3w Elfsight stwarza \u0142atwe w u\u017cyciu i modyfikowalne pluginy chmurowe dla Twojej dzia\u0142alno\u015bci. Elfsight zapewnia najwy\u017cszej klasy pomoc techniczn\u0105 i szybkie \u0142adowanie. Narz\u0119dzia Elfsight wspomagaj\u0105 w\u0142a\u015bcicielom witryn online, edukacyjnych oraz wielu innym z ca\u0142ego&#8230;","protected":false},"author":13,"featured_media":0,"parent":0,"menu_order":0,"comment_status":"closed","ping_status":"closed","template":"templates\/template-platform.php","meta":{"publish_to_discourse":"","publish_post_category":"","wpdc_auto_publish_overridden":"","wpdc_topic_tags":"","wpdc_pin_topic":"","wpdc_pin_until":"","discourse_post_id":"","discourse_permalink":"","wpdc_publishing_response":"","wpdc_publishing_error":"","footnotes":""},"class_list":["post-238","page","type-page","status-publish","hentry"],"yoast_head":"<!-- This site is optimized with the Yoast SEO plugin v25.3.1 - https:\/\/yoast.com\/wordpress\/plugins\/seo\/ -->\n<title>Ponad 80 najlepszych darmowych Cs Cart addons dla strony internetowej<\/title>\n<meta name=\"description\" content=\"Zestaw wypr\u00f3bowanych gratisowych aplikacji pierwszej klasy dla twojej strony www Cs Cart. Pom\u00f3c przy dostosowanie i szeroka gama opcji.\" \/>\n<meta name=\"robots\" content=\"index, follow, max-snippet:-1, max-image-preview:large, max-video-preview:-1\" \/>\n<link rel=\"canonical\" href=\"https:\/\/elfsight.com\/pl\/cs-cart-addons\/\" \/>\n<meta property=\"og:locale\" content=\"pl_PL\" \/>\n<meta property=\"og:type\" content=\"article\" \/>\n<meta property=\"og:title\" content=\"Ponad 80 najlepszych darmowych Cs Cart addons dla strony internetowej\" \/>\n<meta property=\"og:description\" content=\"Zestaw wypr\u00f3bowanych gratisowych aplikacji pierwszej klasy dla twojej strony www Cs Cart. Pom\u00f3c przy dostosowanie i szeroka gama opcji.\" \/>\n<meta property=\"og:url\" content=\"https:\/\/elfsight.com\/pl\/cs-cart-addons\/\" \/>\n<meta property=\"og:site_name\" content=\"Elfsight PL\" \/>\n<meta property=\"article:modified_time\" content=\"2021-04-21T13:37:16+00:00\" \/>\n<meta name=\"twitter:card\" content=\"summary_large_image\" \/>\n<meta name=\"twitter:label1\" content=\"Szacowany czas czytania\" \/>\n\t<meta name=\"twitter:data1\" content=\"2 minuty\" \/>\n<!-- \/ Yoast SEO plugin. -->","yoast_head_json":{"title":"Ponad 80 najlepszych darmowych Cs Cart addons dla strony internetowej","description":"Zestaw wypr\u00f3bowanych gratisowych aplikacji pierwszej klasy dla twojej strony www Cs Cart. Pom\u00f3c przy dostosowanie i szeroka gama opcji.","robots":{"index":"index","follow":"follow","max-snippet":"max-snippet:-1","max-image-preview":"max-image-preview:large","max-video-preview":"max-video-preview:-1"},"canonical":"https:\/\/elfsight.com\/pl\/cs-cart-addons\/","og_locale":"pl_PL","og_type":"article","og_title":"Ponad 80 najlepszych darmowych Cs Cart addons dla strony internetowej","og_description":"Zestaw wypr\u00f3bowanych gratisowych aplikacji pierwszej klasy dla twojej strony www Cs Cart. Pom\u00f3c przy dostosowanie i szeroka gama opcji.","og_url":"https:\/\/elfsight.com\/pl\/cs-cart-addons\/","og_site_name":"Elfsight PL","article_modified_time":"2021-04-21T13:37:16+00:00","twitter_card":"summary_large_image","twitter_misc":{"Szacowany czas czytania":"2 minuty"},"schema":{"@context":"https:\/\/schema.org","@graph":[{"@type":"WebPage","@id":"https:\/\/elfsight.com\/pl\/cs-cart-addons\/","url":"https:\/\/elfsight.com\/pl\/cs-cart-addons\/","name":"Ponad 80 najlepszych darmowych Cs Cart addons dla strony internetowej","isPartOf":{"@id":"https:\/\/elfsight.com\/pl\/#website"},"datePublished":"2020-11-16T13:33:05+00:00","dateModified":"2021-04-21T13:37:16+00:00","description":"Zestaw wypr\u00f3bowanych gratisowych aplikacji pierwszej klasy dla twojej strony www Cs Cart. Pom\u00f3c przy dostosowanie i szeroka gama opcji.","breadcrumb":{"@id":"https:\/\/elfsight.com\/pl\/cs-cart-addons\/#breadcrumb"},"inLanguage":"pl-PL","potentialAction":[{"@type":"ReadAction","target":["https:\/\/elfsight.com\/pl\/cs-cart-addons\/"]}]},{"@type":"BreadcrumbList","@id":"https:\/\/elfsight.com\/pl\/cs-cart-addons\/#breadcrumb","itemListElement":[{"@type":"ListItem","position":1,"name":"Home","item":"https:\/\/elfsight.com\/pl\/"},{"@type":"ListItem","position":2,"name":"Cs Cart addons"}]},{"@type":"WebSite","@id":"https:\/\/elfsight.com\/pl\/#website","url":"https:\/\/elfsight.com\/pl\/","name":"Elfsight PL","description":"Just another Elfsight Sites site","potentialAction":[{"@type":"SearchAction","target":{"@type":"EntryPoint","urlTemplate":"https:\/\/elfsight.com\/pl\/?s={search_term_string}"},"query-input":{"@type":"PropertyValueSpecification","valueRequired":true,"valueName":"search_term_string"}}],"inLanguage":"pl-PL"}]}},"meta_box":{"industry":"","seo_heading":"","heading":"","description":"","cta_heading":"","cta_description":"","application":"","h1":"Najlepsze Cs Cart addons","h1_caption":"Gratisowy odbi\u00f3r rewelacyjnych element\u00f3w interfejsu pierwszej klasy z szerokim zakresem mo\u017cliwo\u015bci dla powi\u0119kszania sprzeda\u017cy oraz osi\u0105gni\u0119cia wszystkich podstawowych cel\u00f3w biznesowych. Szybka integracja, obszerny asortyment opcji dostosowywania a tak\u017ce kompetentne wsparcie klienta.","application_category":[],"applications_title":"Przetestuj najlepszi dopasowania dla twojej witryny sieci Web w\u015br\u00f3d wszystkich widget\u00f3w gratisowych w wersji demonstracyjnej","applications_request_title":"Nie mo\u017cesz znale\u017a\u0107 odpowiedni addon?","applications_request_button_text":"Zam\u00f3w addon","hero_text":"","hero_video":"","hero_video_schema_markup":"","selling_points_title":"","selling_points_caption":"","selling_points":[],"selling_points_cta_text":"","features_title":"","features":"","ed_cta_examples_text":"","ed_cta_examples_hidden":"","ed_cta_demo_text":"","ed_cta_demo_hidden":"","why_caption":"","why_editor_title":"","why_editor_text":"","why_team_title":"","why_team_text":"","why_service_title":"","why_service_text":"","template_catalog_visible":"","template_catalog_title":"","template_catalog_text":"","template_catalog_categories_visible":"","demo_title":"","demo_caption":"","default_faq_hidden":"","app_template_category":[],"platform":"235","template_public_id":"","codecanyon_url":"","codecanyon_item_id":"","codecanyon_price":"","pricing_caption":"","pricing_elfsight_apps_hide_column":"","pricing_elfsight_apps_url":"","pricing_codecanyon_price_caption":"","integration_category":[],"integration_request_title":"","integration_request_cta":"","integration_platform":"","integrations":[],"platform_category":[],"video_schema_markup":"","price":"","trial":"","benefits":[],"button_url":"","button_target_blank":"","button_nofollow":"","attributes":[],"tags":[],"tags_disable_links":"","hide_more_platforms":"","video_object":"","demo_hide_cta":"","demo_hide_cloud_options":"","pricing_title":"","pricing":[],"related_apps_title":"","related_apps_hidden":"","author":"","image":[],"title":"","job":"","social_networks":[]},"_links":{"self":[{"href":"https:\/\/elfsight.com\/pl\/wp-json\/wp\/v2\/pages\/238","targetHints":{"allow":["GET"]}}],"collection":[{"href":"https:\/\/elfsight.com\/pl\/wp-json\/wp\/v2\/pages"}],"about":[{"href":"https:\/\/elfsight.com\/pl\/wp-json\/wp\/v2\/types\/page"}],"author":[{"embeddable":true,"href":"https:\/\/elfsight.com\/pl\/wp-json\/wp\/v2\/users\/13"}],"replies":[{"embeddable":true,"href":"https:\/\/elfsight.com\/pl\/wp-json\/wp\/v2\/comments?post=238"}],"version-history":[{"count":2,"href":"https:\/\/elfsight.com\/pl\/wp-json\/wp\/v2\/pages\/238\/revisions"}],"predecessor-version":[{"id":240,"href":"https:\/\/elfsight.com\/pl\/wp-json\/wp\/v2\/pages\/238\/revisions\/240"}],"wp:attachment":[{"href":"https:\/\/elfsight.com\/pl\/wp-json\/wp\/v2\/media?parent=238"}],"curies":[{"name":"wp","href":"https:\/\/api.w.org\/{rel}","templated":true}]}}