{"id":2346,"date":"2021-03-01T09:06:31","date_gmt":"2021-03-01T09:06:31","guid":{"rendered":"https:\/\/elfsight.com\/pl\/?page_id=2346"},"modified":"2024-07-17T13:00:20","modified_gmt":"2024-07-17T13:00:20","slug":"examples","status":"publish","type":"page","link":"https:\/\/elfsight.com\/pl\/event-calendar-widget\/examples\/","title":{"rendered":"Event Calendar &#8211; Examples"},"content":{"rendered":"\n<div class=\"application-examples-item application-examples-item-loading\">\n                            <div class=\"col-row\">\n                                <div class=\"col-6 col-m-8 col-s-12\"><h3 class=\"application-examples-item-title\">Przyk\u0142ad 1. Mecze dru\u017cyny<\/h3><div class=\"application-examples-item-description\">Zaprezentuj nadchodz\u0105ce wydarzenia w najbardziej imponuj\u0105cy spos\u00f3b. Lista wydarze\u0144 tutaj s\u0142u\u017cy do zademonstrowania wszystkich wa\u017cnych szczeg\u00f3\u0142\u00f3w bez nadawania kalendarzy zbyt ci\u0119\u017ckiego wygl\u0105du. Gry u siebie i na wyje\u017adzie maj\u0105 r\u00f3\u017cne kolory t\u0142a, aby u\u0142atwi\u0107 u\u017cytkownikom znalezienie tego, czego szukaj\u0105. A przycisk CTA umo\u017cliwia zakup bilet\u00f3w, co jest niezwykle wygodne dla u\u017cytkownik\u00f3w, poniewa\u017c nie musz\u0105 opuszcza\u0107 strony internetowej, aby samodzielnie znale\u017a\u0107 bilety. .<\/div><\/div>\n                <\/div>\n\n                <div class=\"application-examples-item-iframe-container browser-frame\">\n                    <div class=\"application-examples-item-iframe-wrapper\">\n                        <iframe class=\"application-examples-item-iframe\" data-src=\"https:\/\/elfsight.com\/examples?widget_id=43f2336e-48d2-4c7c-b17f-003f045e20ce\" width=\"100%\" allow=\"autoplay; fullscreen\"><\/iframe>\n                    <\/div>\n\n                    <div class=\"application-examples-item-loader\"><\/div>\n                <\/div>\n            <\/div>\n\n<div class=\"application-examples-item application-examples-item-loading\">\n                            <div class=\"col-row\">\n                                <div class=\"col-6 col-m-8 col-s-12\"><h3 class=\"application-examples-item-title\">Przyk\u0142ad 2. Nadchodz\u0105ce wydarzenia<\/h3><div class=\"application-examples-item-description\">Ten kalendarz jest zaprojektowany w minimalistycznym stylu i pokazuje tylko daty i nazwy nadchodz\u0105cych wydarze\u0144. Wszystkie dodatkowe informacje s\u0105 ukryte w wyskakuj\u0105cym okienku, kt\u00f3re otwiera si\u0119 po klikni\u0119ciu wydarzenia. To dobry wyb\u00f3r dla tych, kt\u00f3rzy maj\u0105 ograniczon\u0105 przestrze\u0144 na stronie.<\/div><\/div>\n                <\/div>\n\n                <div class=\"application-examples-item-iframe-container browser-frame\">\n                    <div class=\"application-examples-item-iframe-wrapper\">\n                        <iframe class=\"application-examples-item-iframe\" data-src=\"https:\/\/elfsight.com\/examples?widget_id=da4fbdc1-5e26-4388-93e5-f00e6c75567d\" width=\"100%\" allow=\"autoplay; fullscreen\"><\/iframe>\n                    <\/div>\n\n                    <div class=\"application-examples-item-loader\"><\/div>\n                <\/div>\n            <\/div>\n\n<div class=\"application-examples-item application-examples-item-loading\">\n                            <div class=\"col-row\">\n                                <div class=\"col-6 col-m-8 col-s-12\"><h3 class=\"application-examples-item-title\">Przyk\u0142ad 3. Nadchodz\u0105ce webinary<\/h3><div class=\"application-examples-item-description\">Wydarzenia tworz\u0105 tutaj siatk\u0119, kt\u00f3ra wygl\u0105da g\u0142adko i mo\u017cna j\u0105 idealnie zintegrowa\u0107 ze stref\u0105 tre\u015bci. Ka\u017cde wydarzenie zawiera aktywny przycisk umo\u017cliwiaj\u0105cy rejestracj\u0119, dat\u0119, nazwisko prelegenta i czas trwania wydarzenia. Karty wydarze\u0144 zawieraj\u0105 wszystkie niezb\u0119dne informacje, aby u\u017cytkownicy mogli szybko zdecydowa\u0107, czy chc\u0105 wzi\u0105\u0107 udzia\u0142 w kt\u00f3rymkolwiek z nich.<\/div><\/div>\n                <\/div>\n\n                <div class=\"application-examples-item-iframe-container browser-frame\">\n                    <div class=\"application-examples-item-iframe-wrapper\">\n                        <iframe class=\"application-examples-item-iframe\" data-src=\"https:\/\/elfsight.com\/examples?widget_id=19443857-bcd1-4d27-8bfa-efe39acf826d\" width=\"100%\" allow=\"autoplay; fullscreen\"><\/iframe>\n                    <\/div>\n\n                    <div class=\"application-examples-item-loader\"><\/div>\n                <\/div>\n            <\/div>\n\n<div class=\"application-examples-item application-examples-item-loading\">\n                            <div class=\"col-row\">\n                                <div class=\"col-6 col-m-8 col-s-12\"><h3 class=\"application-examples-item-title\">Przyk\u0142ad 4. Wydarzenia uniwersyteckie<\/h3><div class=\"application-examples-item-description\">Promujesz aktywno\u015bci na kampusie uniwersyteckim? Informacyjna lista wydarze\u0144 jest tutaj najlepszym rozwi\u0105zaniem. Ten kalendarz jest pomalowany na czarno-bia\u0142o i wygl\u0105da \u017cywio\u0142owo i stylowo. Brak zdj\u0119\u0107 daje mo\u017cliwo\u015b\u0107 zaakcentowania uwagi u\u017cytkownik\u00f3w na nazwach wymienionych wydarze\u0144, a kolorowe podpisy wskazuj\u0105 na rodzaj wydarzenia. <\/div><\/div>\n                <\/div>\n\n                <div class=\"application-examples-item-iframe-container browser-frame\">\n                    <div class=\"application-examples-item-iframe-wrapper\">\n                        <iframe class=\"application-examples-item-iframe\" data-src=\"https:\/\/elfsight.com\/examples?widget_id=da5222c1-bfaa-4058-b8cb-7f8a545aad26\" width=\"100%\" allow=\"autoplay; fullscreen\"><\/iframe>\n                    <\/div>\n\n                    <div class=\"application-examples-item-loader\"><\/div>\n                <\/div>\n            <\/div>\n\n<div class=\"application-examples-item application-examples-item-loading\">\n                            <div class=\"col-row\">\n                                <div class=\"col-6 col-m-8 col-s-12\"><h3 class=\"application-examples-item-title\">Przyk\u0142ad 5. Nadchodz\u0105ce zaj\u0119cia<\/h3><div class=\"application-examples-item-description\">Mimo minimalistycznego designu, ten kalendarz zawiera wszystkie niezb\u0119dne informacje o nadchodz\u0105cych wydarzeniach. U\u017cytkownicy mog\u0105 sortowa\u0107 wydarzenia wed\u0142ug typu, wybieraj\u0105c te, kt\u00f3rych potrzebuj\u0105. Przyciski CTA s\u0105 pomalowane na czarno, aby kontrastowa\u0142 z bia\u0142ym t\u0142em, a podpis pokazuje cen\u0119 i u\u0142atwia u\u017cytkownikom podj\u0119cie decyzji o zakupie.<\/div><\/div>\n                <\/div>\n\n                <div class=\"application-examples-item-iframe-container browser-frame\">\n                    <div class=\"application-examples-item-iframe-wrapper\">\n                        <iframe class=\"application-examples-item-iframe\" data-src=\"https:\/\/elfsight.com\/examples?widget_id=264e97b0-6d51-4c4c-9bb0-c4a1d0a0abeb\" width=\"100%\" allow=\"autoplay; fullscreen\"><\/iframe>\n                    <\/div>\n\n                    <div class=\"application-examples-item-loader\"><\/div>\n                <\/div>\n            <\/div>\n\n<div class=\"application-examples-item application-examples-item-loading\">\n                            <div class=\"col-row\">\n                                <div class=\"col-6 col-m-8 col-s-12\"><h3 class=\"application-examples-item-title\">Przyk\u0142ad 6. Wydarzenia w mie\u015bcie<\/h3><div class=\"application-examples-item-description\">Chcesz, aby Tw\u00f3j kalendarz wygl\u0105da\u0142 umiarkowanie, ale nadal anga\u017cowa\u0142? W takim razie ten wariant jest dla Ciebie. Ka\u017cde wydarzenie ma tutaj podpis wskazuj\u0105cy na jego rodzaj oraz miniatur\u0119, kt\u00f3ra przyci\u0105ga uwag\u0119 publiczno\u015bci. Wszystkie wydarzenia s\u0105 podzielone na kategorie, a do ka\u017cdej kategorii przypisane s\u0105 r\u00f3\u017cne kolory. U\u0142atwia u\u017cytkownikom zrozumienie, kt\u00f3re wydarzenia warto odwiedzi\u0107.<\/div><\/div>\n                <\/div>\n\n                <div class=\"application-examples-item-iframe-container browser-frame\">\n                    <div class=\"application-examples-item-iframe-wrapper\">\n                        <iframe class=\"application-examples-item-iframe\" data-src=\"https:\/\/elfsight.com\/examples?widget_id=aa869490-314c-4713-b58e-0e6b8277bd95\" width=\"100%\" allow=\"autoplay; fullscreen\"><\/iframe>\n                    <\/div>\n\n                    <div class=\"application-examples-item-loader\"><\/div>\n                <\/div>\n            <\/div>\n\n<div class=\"application-cta-create\">\n                    <div class=\"application-cta-create-bg\">\n                        <div class=\"application-cta-create-bg-left\"><\/div>\n\n                        <div class=\"application-cta-create-bg-right\">\n                            <img decoding=\"async\" src=\"https:\/\/elfsight.com\/pl\/wp-content\/themes\/elfsight\/frontend\/assets\/img\/application-cta-create.jpg\" alt=\"Zacznij od stworzenia swojego wid\u017cetu\">\n                        <\/div>\n                    <\/div>\n\n                    <div class=\"application-cta-create-content inner\">\n                        <div class=\"application-cta-create-content-inner\">\n                            <div class=\"application-cta-create-content-icon\">\n                                <svg viewBox=\"0 0 25 25\" width=\"100%\" height=\"100%\">\n                                    <use xlink:href=\"#icon-settings\"><\/use>\n                                <\/svg>\n                            <\/div>\n\n                            <div class=\"application-cta-create-content-title\">Zacznij od stworzenia swojego wid\u017cetu<\/div>\n\n                            <div class=\"application-cta-create-content-text\">Szybko. \u0141atwo. Bez kodowania.<\/div>\n\n                            <a class=\"application-cta-create-content-button button-48 button-has-right-icon button-black button\" href=\"\">\n                                <span class=\"button-label\">Utw\u00f3rz wid\u017cet<\/span>\n\n                                <svg class=\"button-icon\">\n                                    <use xlink:href=\"#icon-arrow-link\"><\/use>\n                                <\/svg>\n                            <\/a>\n                        <\/div>\n                    <\/div>\n                <\/div>\n\n<div class=\"application-examples-item application-examples-item-loading\">\n                            <div class=\"col-row\">\n                                <div class=\"col-6 col-m-8 col-s-12\"><h3 class=\"application-examples-item-title\">Przyk\u0142ad 7. Muzeum<\/h3><div class=\"application-examples-item-description\">Stw\u00f3rz wspania\u0142y kalendarz, kt\u00f3ry b\u0119dzie idealnie pasowa\u0142 do projektu Twojej strony i bez wysi\u0142ku przyci\u0105gnie uwag\u0119 u\u017cytkownik\u00f3w. Korzystaj\u0105c z uk\u0142adu Siatki, mo\u017cesz \u0142atwo zaprezentowa\u0107 wszystkie wydarzenia zgromadzone w jednym miejscu. Dla wi\u0119kszej wygody u\u017cytkownik\u00f3w mo\u017cesz przypisa\u0107 kolor do ka\u017cdej kategorii zdarze\u0144. Kolorowy blok zajmuje wi\u0119ksz\u0105 cz\u0119\u015b\u0107 karty wydarzenia i przykuwa uwag\u0119.<\/div><\/div>\n                <\/div>\n\n                <div class=\"application-examples-item-iframe-container browser-frame\">\n                    <div class=\"application-examples-item-iframe-wrapper\">\n                        <iframe class=\"application-examples-item-iframe\" data-src=\"https:\/\/elfsight.com\/examples?widget_id=3febd190-ad8a-4211-8373-ab57df1cc6da\" width=\"100%\" allow=\"autoplay; fullscreen\"><\/iframe>\n                    <\/div>\n\n                    <div class=\"application-examples-item-loader\"><\/div>\n                <\/div>\n            <\/div>\n\n<div class=\"application-examples-item application-examples-item-loading\">\n                            <div class=\"col-row\">\n                                <div class=\"col-6 col-m-8 col-s-12\"><h3 class=\"application-examples-item-title\">Przyk\u0142ad 8. Programy hotelowe i plan rozrywkowy<\/h3><div class=\"application-examples-item-description\">Uk\u0142ad murarski jest idealnym wyborem do demonstracji imprez rozrywkowych. Skupienie si\u0119 na datach pomalowanych na \u017c\u00f3\u0142to i czarno oraz jasnym obrazie nie pozwoli u\u017cytkownikom przegapi\u0107 imprezy. Wszystkie wydarzenia s\u0105 ustawione w optymalnej pozycji w zale\u017cno\u015bci od dost\u0119pnej przestrzeni pionowej. Taki uk\u0142ad blok\u00f3w wygl\u0105da nietypowo i przyci\u0105ga wzrok.<\/div><\/div>\n                <\/div>\n\n                <div class=\"application-examples-item-iframe-container browser-frame\">\n                    <div class=\"application-examples-item-iframe-wrapper\">\n                        <iframe class=\"application-examples-item-iframe\" data-src=\"https:\/\/elfsight.com\/examples?widget_id=b2c7c63b-cb9f-4db8-a985-927f3556e501\" width=\"100%\" allow=\"autoplay; fullscreen\"><\/iframe>\n                    <\/div>\n\n                    <div class=\"application-examples-item-loader\"><\/div>\n                <\/div>\n            <\/div>\n\n<div class=\"application-examples-item application-examples-item-loading\">\n                            <div class=\"col-row\">\n                                <div class=\"col-6 col-m-8 col-s-12\"><h3 class=\"application-examples-item-title\">Przyk\u0142ad 9. Imprezy klubowe<\/h3><div class=\"application-examples-item-description\">Stw\u00f3rz sw\u00f3j stylowy kalendarz kilkoma klikni\u0119ciami. Wszystko, co musisz zrobi\u0107, to wybra\u0107 obraz t\u0142a, aby wyr\u00f3\u017cni\u0107 wydarzenia zaprojektowane w tym samym stylu. Kalendarz zawiera dat\u0119 w kolorze czerwonym, nag\u0142\u00f3wek i godzin\u0119. Wszystkie te szczeg\u00f3\u0142y pomagaj\u0105 u\u017cytkownikom szybko zdecydowa\u0107, czy wzi\u0105\u0107 udzia\u0142 w wydarzeniu.<\/div><\/div>\n                <\/div>\n\n                <div class=\"application-examples-item-iframe-container browser-frame\">\n                    <div class=\"application-examples-item-iframe-wrapper\">\n                        <iframe class=\"application-examples-item-iframe\" data-src=\"https:\/\/elfsight.com\/examples?widget_id=1eb02c9d-601b-44dd-adab-488fe2c05115\" width=\"100%\" allow=\"autoplay; fullscreen\"><\/iframe>\n                    <\/div>\n\n                    <div class=\"application-examples-item-loader\"><\/div>\n                <\/div>\n            <\/div>\n\n<div class=\"application-examples-item application-examples-item-loading\">\n                            <div class=\"col-row\">\n                                <div class=\"col-6 col-m-8 col-s-12\"><h3 class=\"application-examples-item-title\">Przyk\u0142ad 10. Sk\u0142ad festiwalu<\/h3><div class=\"application-examples-item-description\">Ten kalendarz u\u017cywa wyblak\u0142ych kolor\u00f3w do oznaczenia etap\u00f3w. To prosty i intuicyjny spos\u00f3b, kt\u00f3ry nadal wygl\u0105da niesamowicie imponuj\u0105co. Za pomoc\u0105 specjalnego przycisku u\u017cytkownicy mog\u0105 r\u00f3wnie\u017c filtrowa\u0107 zdarzenia i wybiera\u0107 te, kt\u00f3re ich najbardziej interesuj\u0105.<\/div><\/div>\n                <\/div>\n\n                <div class=\"application-examples-item-iframe-container browser-frame\">\n                    <div class=\"application-examples-item-iframe-wrapper\">\n                        <iframe class=\"application-examples-item-iframe\" data-src=\"https:\/\/elfsight.com\/examples?widget_id=bac4aee8-7256-482b-b942-5a8c45364011\" width=\"100%\" allow=\"autoplay; fullscreen\"><\/iframe>\n                    <\/div>\n\n                    <div class=\"application-examples-item-loader\"><\/div>\n                <\/div>\n            <\/div>\n\n<div class=\"application-examples-item application-examples-item-loading\">\n                            <div class=\"col-row\">\n                                <div class=\"col-6 col-m-8 col-s-12\"><h3 class=\"application-examples-item-title\">Przyk\u0142ad 11. Sala koncertowa<\/h3><div class=\"application-examples-item-description\">Oto przyk\u0142ad doskonale zaaran\u017cowanego kalendarza sali koncertowej. Wszystkie wydarzenia mo\u017cna sortowa\u0107 wed\u0142ug daty. Na ka\u017cdym z nich znajduje si\u0119 zdj\u0119cie, data i przycisk CTA oferuj\u0105cy zakup bilet\u00f3w i prowadz\u0105cy do strony kasy. Korzystanie z kalendarza jest niezwykle proste, poniewa\u017c wszystkie wydarzenia s\u0105 uporz\u0105dkowane chronologicznie.<\/div><\/div>\n                <\/div>\n\n                <div class=\"application-examples-item-iframe-container browser-frame\">\n                    <div class=\"application-examples-item-iframe-wrapper\">\n                        <iframe class=\"application-examples-item-iframe\" data-src=\"https:\/\/elfsight.com\/examples?widget_id=a3b46df8-9ae5-4961-bc39-35743ab3e55d\" width=\"100%\" allow=\"autoplay; fullscreen\"><\/iframe>\n                    <\/div>\n\n                    <div class=\"application-examples-item-loader\"><\/div>\n                <\/div>\n            <\/div>\n\n<div class=\"application-examples-item application-examples-item-loading\">\n                            <div class=\"col-row\">\n                                <div class=\"col-6 col-m-8 col-s-12\"><h3 class=\"application-examples-item-title\">Przyk\u0142ad 12. Slider-exhibition<\/h3><div class=\"application-examples-item-description\">Slider is a great option for those who has limited space on the page or can\u2019t offer plenty of events all at once. Here we see three slides, each of them is of a new color. Clicking on the CTA button, users can proceed to the checkout page and buy tickets. The slider will fit perfectly into the content area of the website and will not require too much space.<\/div><\/div>\n                <\/div>\n\n                <div class=\"application-examples-item-iframe-container browser-frame\">\n                    <div class=\"application-examples-item-iframe-wrapper\">\n                        <iframe class=\"application-examples-item-iframe\" data-src=\"https:\/\/elfsight.com\/examples?widget_id=decff575-2b28-4fc6-9ab9-ff8663d22d81\" width=\"100%\" allow=\"autoplay; fullscreen\"><\/iframe>\n                    <\/div>\n\n                    <div class=\"application-examples-item-loader\"><\/div>\n                <\/div>\n            <\/div>\n\n<div class=\"application-examples-item application-examples-item-loading\">\n                            <div class=\"col-row\">\n                                <div class=\"col-6 col-m-8 col-s-12\"><h3 class=\"application-examples-item-title\">Example 13. Convention Center<\/h3><div class=\"application-examples-item-description\">This calendar is painted black and yellow and looks incredibly stylish. Masonry layout is used here to make the content look engaging and appealing. Bright CTA buttons encourage users to buy tickets. For each event a caption with a discount information can be added.<\/div><\/div>\n                <\/div>\n\n                <div class=\"application-examples-item-iframe-container browser-frame\">\n                    <div class=\"application-examples-item-iframe-wrapper\">\n                        <iframe class=\"application-examples-item-iframe\" data-src=\"https:\/\/elfsight.com\/examples?widget_id=1cb5abc2-11ae-451c-891f-ae9c864fbb17\" width=\"100%\" allow=\"autoplay; fullscreen\"><\/iframe>\n                    <\/div>\n\n                    <div class=\"application-examples-item-loader\"><\/div>\n                <\/div>\n            <\/div>\n","protected":false},"excerpt":{"rendered":"","protected":false},"author":13,"featured_media":0,"parent":2321,"menu_order":0,"comment_status":"closed","ping_status":"closed","template":"templates\/template-application-examples.php","meta":{"publish_to_discourse":"","publish_post_category":"","wpdc_auto_publish_overridden":"","wpdc_topic_tags":"","wpdc_pin_topic":"","wpdc_pin_until":"","discourse_post_id":"","discourse_permalink":"","wpdc_publishing_response":"","wpdc_publishing_error":"","footnotes":""},"class_list":["post-2346","page","type-page","status-publish","hentry"],"yoast_head":"<!-- This site is optimized with the Yoast SEO plugin v25.3.1 - https:\/\/yoast.com\/wordpress\/plugins\/seo\/ -->\n<title>Najlepsze wzory Kalendarza Wydarze\u0144 na stronie internetowej (Showcase)<\/title>\n<meta name=\"description\" content=\"TOP 13 przyk\u0142ad\u00f3w kalendarza wydarze\u0144 na stronie: harmonogram mecz\u00f3w, nadchodz\u0105ce wydarzenia, sk\u0142ad festiwalu i inne szablony dla strony www.\" \/>\n<meta name=\"robots\" content=\"index, follow, max-snippet:-1, max-image-preview:large, max-video-preview:-1\" \/>\n<link rel=\"canonical\" href=\"https:\/\/elfsight.com\/pl\/event-calendar-widget\/examples\/\" \/>\n<meta property=\"og:locale\" content=\"pl_PL\" \/>\n<meta property=\"og:type\" content=\"article\" \/>\n<meta property=\"og:title\" content=\"Najlepsze wzory Kalendarza Wydarze\u0144 na stronie internetowej (Showcase)\" \/>\n<meta property=\"og:description\" content=\"TOP 13 przyk\u0142ad\u00f3w kalendarza wydarze\u0144 na stronie: harmonogram mecz\u00f3w, nadchodz\u0105ce wydarzenia, sk\u0142ad festiwalu i inne szablony dla strony www.\" \/>\n<meta property=\"og:url\" content=\"https:\/\/elfsight.com\/pl\/event-calendar-widget\/examples\/\" \/>\n<meta property=\"og:site_name\" content=\"Elfsight PL\" \/>\n<meta property=\"article:modified_time\" content=\"2024-07-17T13:00:20+00:00\" \/>\n<meta name=\"twitter:card\" content=\"summary_large_image\" \/>\n<meta name=\"twitter:label1\" content=\"Szacowany czas czytania\" \/>\n\t<meta name=\"twitter:data1\" content=\"5 minut\" \/>\n<!-- \/ Yoast SEO plugin. -->","yoast_head_json":{"title":"Najlepsze wzory Kalendarza Wydarze\u0144 na stronie internetowej (Showcase)","description":"TOP 13 przyk\u0142ad\u00f3w kalendarza wydarze\u0144 na stronie: harmonogram mecz\u00f3w, nadchodz\u0105ce wydarzenia, sk\u0142ad festiwalu i inne szablony dla strony www.","robots":{"index":"index","follow":"follow","max-snippet":"max-snippet:-1","max-image-preview":"max-image-preview:large","max-video-preview":"max-video-preview:-1"},"canonical":"https:\/\/elfsight.com\/pl\/event-calendar-widget\/examples\/","og_locale":"pl_PL","og_type":"article","og_title":"Najlepsze wzory Kalendarza Wydarze\u0144 na stronie internetowej (Showcase)","og_description":"TOP 13 przyk\u0142ad\u00f3w kalendarza wydarze\u0144 na stronie: harmonogram mecz\u00f3w, nadchodz\u0105ce wydarzenia, sk\u0142ad festiwalu i inne szablony dla strony www.","og_url":"https:\/\/elfsight.com\/pl\/event-calendar-widget\/examples\/","og_site_name":"Elfsight PL","article_modified_time":"2024-07-17T13:00:20+00:00","twitter_card":"summary_large_image","twitter_misc":{"Szacowany czas czytania":"5 minut"},"schema":{"@context":"https:\/\/schema.org","@graph":[{"@type":"WebPage","@id":"https:\/\/elfsight.com\/pl\/event-calendar-widget\/examples\/","url":"https:\/\/elfsight.com\/pl\/event-calendar-widget\/examples\/","name":"Najlepsze wzory Kalendarza Wydarze\u0144 na stronie internetowej (Showcase)","isPartOf":{"@id":"https:\/\/elfsight.com\/pl\/#website"},"datePublished":"2021-03-01T09:06:31+00:00","dateModified":"2024-07-17T13:00:20+00:00","description":"TOP 13 przyk\u0142ad\u00f3w kalendarza wydarze\u0144 na stronie: harmonogram mecz\u00f3w, nadchodz\u0105ce wydarzenia, sk\u0142ad festiwalu i inne szablony dla strony www.","breadcrumb":{"@id":"https:\/\/elfsight.com\/pl\/event-calendar-widget\/examples\/#breadcrumb"},"inLanguage":"pl-PL","potentialAction":[{"@type":"ReadAction","target":["https:\/\/elfsight.com\/pl\/event-calendar-widget\/examples\/"]}]},{"@type":"BreadcrumbList","@id":"https:\/\/elfsight.com\/pl\/event-calendar-widget\/examples\/#breadcrumb","itemListElement":[{"@type":"ListItem","position":1,"name":"Home","item":"https:\/\/elfsight.com\/pl\/"},{"@type":"ListItem","position":2,"name":"Event Calendar","item":"https:\/\/elfsight.com\/pl\/event-calendar-widget\/"},{"@type":"ListItem","position":3,"name":"Event Calendar &#8211; Examples"}]},{"@type":"WebSite","@id":"https:\/\/elfsight.com\/pl\/#website","url":"https:\/\/elfsight.com\/pl\/","name":"Elfsight PL","description":"Just another Elfsight Sites site","potentialAction":[{"@type":"SearchAction","target":{"@type":"EntryPoint","urlTemplate":"https:\/\/elfsight.com\/pl\/?s={search_term_string}"},"query-input":{"@type":"PropertyValueSpecification","valueRequired":true,"valueName":"search_term_string"}}],"inLanguage":"pl-PL"}]}},"meta_box":{"industry":"","seo_heading":"","heading":"","description":"","cta_heading":"","cta_description":"","application":"2320","h1":"","h1_caption":"","application_category":[],"applications_title":"","applications_request_title":"","applications_request_button_text":"","hero_text":"","hero_video":"","hero_video_schema_markup":"","selling_points_title":"","selling_points_caption":"","selling_points":[],"selling_points_cta_text":"","features_title":"","features":"","ed_cta_examples_text":"","ed_cta_examples_hidden":"","ed_cta_demo_text":"","ed_cta_demo_hidden":"","why_caption":"","why_editor_title":"","why_editor_text":"","why_team_title":"","why_team_text":"","why_service_title":"","why_service_text":"","template_catalog_visible":"","template_catalog_title":"","template_catalog_text":"","template_catalog_categories_visible":"","demo_title":"","demo_caption":"","default_faq_hidden":"","app_template_category":[],"platform":"","template_public_id":"","codecanyon_url":"","codecanyon_item_id":"","codecanyon_price":"","pricing_caption":"","pricing_elfsight_apps_hide_column":"","pricing_elfsight_apps_url":"","pricing_codecanyon_price_caption":"","integration_category":[],"integration_request_title":"","integration_request_cta":"","integration_platform":"","integrations":[],"platform_category":[],"video_schema_markup":"","price":"","trial":"","benefits":[],"button_url":"","button_target_blank":"","button_nofollow":"","attributes":[],"tags":[],"tags_disable_links":"","hide_more_platforms":"","video_object":"","demo_hide_cta":"","demo_hide_cloud_options":"","pricing_title":"","pricing":[],"related_apps_title":"","related_apps_hidden":"","author":"","image":[],"title":"","job":"","social_networks":[]},"_links":{"self":[{"href":"https:\/\/elfsight.com\/pl\/wp-json\/wp\/v2\/pages\/2346","targetHints":{"allow":["GET"]}}],"collection":[{"href":"https:\/\/elfsight.com\/pl\/wp-json\/wp\/v2\/pages"}],"about":[{"href":"https:\/\/elfsight.com\/pl\/wp-json\/wp\/v2\/types\/page"}],"author":[{"embeddable":true,"href":"https:\/\/elfsight.com\/pl\/wp-json\/wp\/v2\/users\/13"}],"replies":[{"embeddable":true,"href":"https:\/\/elfsight.com\/pl\/wp-json\/wp\/v2\/comments?post=2346"}],"version-history":[{"count":10,"href":"https:\/\/elfsight.com\/pl\/wp-json\/wp\/v2\/pages\/2346\/revisions"}],"predecessor-version":[{"id":7559,"href":"https:\/\/elfsight.com\/pl\/wp-json\/wp\/v2\/pages\/2346\/revisions\/7559"}],"up":[{"embeddable":true,"href":"https:\/\/elfsight.com\/pl\/wp-json\/wp\/v2\/pages\/2321"}],"wp:attachment":[{"href":"https:\/\/elfsight.com\/pl\/wp-json\/wp\/v2\/media?parent=2346"}],"curies":[{"name":"wp","href":"https:\/\/api.w.org\/{rel}","templated":true}]}}