{"id":232,"date":"2020-11-16T13:24:40","date_gmt":"2020-11-16T13:24:40","guid":{"rendered":"https:\/\/elfsight.com\/pl\/?page_id=232"},"modified":"2021-04-21T13:37:04","modified_gmt":"2021-04-21T13:37:04","slug":"expressionengine-plugins","status":"publish","type":"page","link":"https:\/\/elfsight.com\/pl\/expressionengine-plugins\/","title":{"rendered":"ExpressionEngine plugins"},"content":{"rendered":"\n<h2>Najbardziej optymalne wtyczki Elfsight dla unowocze\u015bnienia twojej strony www ExpressionEngine<\/h2>\n\n<p>Od szeregu lat nasz team profesjonalist\u00f3w Elfsight konstruuje korzystne i modyfikowalne rozwi\u0105zania chmurowe dla Twojej strony www. Nasz zesp\u00f3\u0142 gwarantuj\u0105 us\u0142ugi wsparcia i szybkie \u0142adowanie. Wid\u017cety Elfsight wespraj\u0105 w\u0142a\u015bcicielom stron e-commerce, edukacyjnych i innym z ca\u0142ego \u015bwiata sprosta\u0107 r\u00f3\u017cnymi zadaniami wydajniej. \n<\/p>\n\n<p>Mo\u017cesz powi\u0119kszy\u0107 sprzeda\u017c, wykaza\u0107 pozytywne odzewy na Twoje oferty, zwi\u0119kszy\u0107 zaufanie do swojej marki, po prostu dodaj\u0105c widget do Pa\u0144stwa strony internetowej. Nasze plany subskrypcji wahaj\u0105 si\u0119 od bezp\u0142atnych do premium. Spr\u00f3buj wbudowa\u0107 wszelkie wybrane pluginy przy u\u017cyciu naszej demonstracji i zobacz jak bardzo mo\u017ce to by\u0107 korzystne w kwestii rozwoju serwisu www Twojego biznesu. <\/p>\n\n<h2>Co sprawia, \u017ce dodatki Elfsight s\u0105 wyj\u0105tkowymi instrumentami dla Twojej witryny? <\/h2>\n\n<p> Zobacz list\u0119 g\u0142\u00f3wny jako\u015bci naszych plugin\u00f3w, kt\u00f3re umo\u017cliwiaj\u0105 nam by\u0107 lepszymi, ni\u017c nasi konkurenci: <\/p>\n\n\n<ul>\n<li> Darmowa i szybka pomoc przy instalacje lub personalizacji plugin\u00f3w; <\/li>\n<li> Zdolne do adaptacji do wszystkich rozdzielczo\u015bci stron internetowych i dostosowane do urz\u0105dze\u0144 mobilnych; <\/li>\n<li> Nie trzeba umiej\u0119tno\u015bci programowania; <\/li>\n<li> Szeroka oferta mo\u017cliwo\u015bci personalizacji; <\/li>\n<li> Przechowywanie danych chmurze pomagaj\u0105 zwi\u0119kszy\u0107 pr\u0119dko\u015b\u0107 \u0142adowania strony; <\/li>\n<li> Wszystkie dost\u0119pne poprawki s\u0105 gratisowe i regularne; <\/li>\n<li> Przyst\u0119pne ceny; <\/li>\n<li> Profesjonalna pomoc z problemami klient\u00f3w. <\/li>\n<\/ul>\n\n<p> Poznaj bezp\u0142atne opcje naszych plugin\u00f3w i zastosuj jej potencja\u0142 lub zainstaluj dowolne wymagane wtyczk\u0119 z 20% obni\u017ck\u0105. <\/p>\n\n\n<h2> Jak doda\u0107 pluginy na swojej witrynie ExpressionEngine <\/h2>\n\n<p> A\u017ceby doda\u0107 nasze aplikacji, zoba\u0107 nast\u0119pnie czynno\u015bci z kr\u00f3tkiej instrukcji: <\/p>\n\n\n<ol>\n<li> Wybierz odpowiedni\u0105 wtyczk\u0119; <\/li>\n<li> Dostosuj wszystkie wymagane zmiany; <\/li>\n<li> Zapisz zmiany; <\/li>\n<li> Otrzymaj wygenerowany kod; <\/li>\n<li> Zainstaluj go w odpowiednim miejscu Twojej strony lub szablonu; <\/li>\n<li> Gotowe! Zainstalowa\u0142e\u015b dodatek. <\/li>\n<\/ol>\n\n<p> Je\u015bli b\u0119dziesz potrzebowa\u0142 pomocy, prosimy poinformowa\u0107 o tym zespo\u0142u wsparcia Elfsight. <\/p>\n","protected":false},"excerpt":{"rendered":"Najbardziej optymalne wtyczki Elfsight dla unowocze\u015bnienia twojej strony www ExpressionEngine Od szeregu lat nasz team profesjonalist\u00f3w Elfsight konstruuje korzystne i modyfikowalne rozwi\u0105zania chmurowe dla Twojej strony www. Nasz zesp\u00f3\u0142 gwarantuj\u0105 us\u0142ugi wsparcia i szybkie \u0142adowanie. Wid\u017cety Elfsight wespraj\u0105 w\u0142a\u015bcicielom stron e-commerce, edukacyjnych i innym z ca\u0142ego \u015bwiata sprosta\u0107 r\u00f3\u017cnymi zadaniami&#8230;","protected":false},"author":13,"featured_media":0,"parent":0,"menu_order":0,"comment_status":"closed","ping_status":"closed","template":"templates\/template-platform.php","meta":{"publish_to_discourse":"","publish_post_category":"","wpdc_auto_publish_overridden":"","wpdc_topic_tags":"","wpdc_pin_topic":"","wpdc_pin_until":"","discourse_post_id":"","discourse_permalink":"","wpdc_publishing_response":"","wpdc_publishing_error":"","footnotes":""},"class_list":["post-232","page","type-page","status-publish","hentry"],"yoast_head":"<!-- This site is optimized with the Yoast SEO plugin v25.3.1 - https:\/\/yoast.com\/wordpress\/plugins\/seo\/ -->\n<title>Ponad 80 darmowych ExpressionEngine plugin\u00f3w dla strony internetowej<\/title>\n<meta name=\"description\" content=\"Zestaw wypr\u00f3bowanych rozszerze\u0144 dla twojej strony internetowej ExpressionEngine. Pom\u00f3c z dostosowywaniem oraz bogata gama mo\u017cliwo\u015bci.\" \/>\n<meta name=\"robots\" content=\"index, follow, max-snippet:-1, max-image-preview:large, max-video-preview:-1\" \/>\n<link rel=\"canonical\" href=\"https:\/\/elfsight.com\/pl\/expressionengine-plugins\/\" \/>\n<meta property=\"og:locale\" content=\"pl_PL\" \/>\n<meta property=\"og:type\" content=\"article\" \/>\n<meta property=\"og:title\" content=\"Ponad 80 darmowych ExpressionEngine plugin\u00f3w dla strony internetowej\" \/>\n<meta property=\"og:description\" content=\"Zestaw wypr\u00f3bowanych rozszerze\u0144 dla twojej strony internetowej ExpressionEngine. Pom\u00f3c z dostosowywaniem oraz bogata gama mo\u017cliwo\u015bci.\" \/>\n<meta property=\"og:url\" content=\"https:\/\/elfsight.com\/pl\/expressionengine-plugins\/\" \/>\n<meta property=\"og:site_name\" content=\"Elfsight PL\" \/>\n<meta property=\"article:modified_time\" content=\"2021-04-21T13:37:04+00:00\" \/>\n<meta name=\"twitter:card\" content=\"summary_large_image\" \/>\n<meta name=\"twitter:label1\" content=\"Szacowany czas czytania\" \/>\n\t<meta name=\"twitter:data1\" content=\"1 minuta\" \/>\n<!-- \/ Yoast SEO plugin. -->","yoast_head_json":{"title":"Ponad 80 darmowych ExpressionEngine plugin\u00f3w dla strony internetowej","description":"Zestaw wypr\u00f3bowanych rozszerze\u0144 dla twojej strony internetowej ExpressionEngine. Pom\u00f3c z dostosowywaniem oraz bogata gama mo\u017cliwo\u015bci.","robots":{"index":"index","follow":"follow","max-snippet":"max-snippet:-1","max-image-preview":"max-image-preview:large","max-video-preview":"max-video-preview:-1"},"canonical":"https:\/\/elfsight.com\/pl\/expressionengine-plugins\/","og_locale":"pl_PL","og_type":"article","og_title":"Ponad 80 darmowych ExpressionEngine plugin\u00f3w dla strony internetowej","og_description":"Zestaw wypr\u00f3bowanych rozszerze\u0144 dla twojej strony internetowej ExpressionEngine. Pom\u00f3c z dostosowywaniem oraz bogata gama mo\u017cliwo\u015bci.","og_url":"https:\/\/elfsight.com\/pl\/expressionengine-plugins\/","og_site_name":"Elfsight PL","article_modified_time":"2021-04-21T13:37:04+00:00","twitter_card":"summary_large_image","twitter_misc":{"Szacowany czas czytania":"1 minuta"},"schema":{"@context":"https:\/\/schema.org","@graph":[{"@type":"WebPage","@id":"https:\/\/elfsight.com\/pl\/expressionengine-plugins\/","url":"https:\/\/elfsight.com\/pl\/expressionengine-plugins\/","name":"Ponad 80 darmowych ExpressionEngine plugin\u00f3w dla strony internetowej","isPartOf":{"@id":"https:\/\/elfsight.com\/pl\/#website"},"datePublished":"2020-11-16T13:24:40+00:00","dateModified":"2021-04-21T13:37:04+00:00","description":"Zestaw wypr\u00f3bowanych rozszerze\u0144 dla twojej strony internetowej ExpressionEngine. Pom\u00f3c z dostosowywaniem oraz bogata gama mo\u017cliwo\u015bci.","breadcrumb":{"@id":"https:\/\/elfsight.com\/pl\/expressionengine-plugins\/#breadcrumb"},"inLanguage":"pl-PL","potentialAction":[{"@type":"ReadAction","target":["https:\/\/elfsight.com\/pl\/expressionengine-plugins\/"]}]},{"@type":"BreadcrumbList","@id":"https:\/\/elfsight.com\/pl\/expressionengine-plugins\/#breadcrumb","itemListElement":[{"@type":"ListItem","position":1,"name":"Home","item":"https:\/\/elfsight.com\/pl\/"},{"@type":"ListItem","position":2,"name":"ExpressionEngine plugins"}]},{"@type":"WebSite","@id":"https:\/\/elfsight.com\/pl\/#website","url":"https:\/\/elfsight.com\/pl\/","name":"Elfsight PL","description":"Just another Elfsight Sites site","potentialAction":[{"@type":"SearchAction","target":{"@type":"EntryPoint","urlTemplate":"https:\/\/elfsight.com\/pl\/?s={search_term_string}"},"query-input":{"@type":"PropertyValueSpecification","valueRequired":true,"valueName":"search_term_string"}}],"inLanguage":"pl-PL"}]}},"meta_box":{"industry":"","seo_heading":"","heading":"","description":"","cta_heading":"","cta_description":"","application":"","h1":"Najlepsze pluginy ExpressionEngine","h1_caption":"Gratisowy spis Plug&Play plugin\u00f3w pierwszej klasy z szerok\u0105 gam\u0105 funkcjonalno\u015bci dla zwi\u0119kszenia zapotrzebowania u\u017cytkownik\u00f3w oraz wype\u0142nienia wszystkich r\u00f3\u017cnych zada\u0144 biznesowych. \u0141atwe integrowanie, szeroka oferta mo\u017cliwo\u015bci dostosowywania a tak\u017ce kompetentne wsparcie klienta.","application_category":[],"applications_title":"Spotkaj najlepsze pluginy dla twojej witryny internetowej w\u015br\u00f3d wszystkich dodatk\u00f3w darmowych w demonstracje online","applications_request_title":"Nie mo\u017cesz znale\u017a\u0107 odpowiedniego plugina?","applications_request_button_text":"Zam\u00f3w plugin","hero_text":"","hero_video":"","hero_video_schema_markup":"","selling_points_title":"","selling_points_caption":"","selling_points":[],"selling_points_cta_text":"","features_title":"","features":"","ed_cta_examples_text":"","ed_cta_examples_hidden":"","ed_cta_demo_text":"","ed_cta_demo_hidden":"","why_caption":"","why_editor_title":"","why_editor_text":"","why_team_title":"","why_team_text":"","why_service_title":"","why_service_text":"","template_catalog_visible":"","template_catalog_title":"","template_catalog_text":"","template_catalog_categories_visible":"","demo_title":"","demo_caption":"","default_faq_hidden":"","app_template_category":[],"platform":"229","template_public_id":"","codecanyon_url":"","codecanyon_item_id":"","codecanyon_price":"","pricing_caption":"","pricing_elfsight_apps_hide_column":"","pricing_elfsight_apps_url":"","pricing_codecanyon_price_caption":"","integration_category":[],"integration_request_title":"","integration_request_cta":"","integration_platform":"","integrations":[],"platform_category":[],"video_schema_markup":"","price":"","trial":"","benefits":[],"button_url":"","button_target_blank":"","button_nofollow":"","attributes":[],"tags":[],"tags_disable_links":"","hide_more_platforms":"","video_object":"","demo_hide_cta":"","demo_hide_cloud_options":"","pricing_title":"","pricing":[],"related_apps_title":"","related_apps_hidden":"","author":"","image":[],"title":"","job":"","social_networks":[]},"_links":{"self":[{"href":"https:\/\/elfsight.com\/pl\/wp-json\/wp\/v2\/pages\/232","targetHints":{"allow":["GET"]}}],"collection":[{"href":"https:\/\/elfsight.com\/pl\/wp-json\/wp\/v2\/pages"}],"about":[{"href":"https:\/\/elfsight.com\/pl\/wp-json\/wp\/v2\/types\/page"}],"author":[{"embeddable":true,"href":"https:\/\/elfsight.com\/pl\/wp-json\/wp\/v2\/users\/13"}],"replies":[{"embeddable":true,"href":"https:\/\/elfsight.com\/pl\/wp-json\/wp\/v2\/comments?post=232"}],"version-history":[{"count":2,"href":"https:\/\/elfsight.com\/pl\/wp-json\/wp\/v2\/pages\/232\/revisions"}],"predecessor-version":[{"id":234,"href":"https:\/\/elfsight.com\/pl\/wp-json\/wp\/v2\/pages\/232\/revisions\/234"}],"wp:attachment":[{"href":"https:\/\/elfsight.com\/pl\/wp-json\/wp\/v2\/media?parent=232"}],"curies":[{"name":"wp","href":"https:\/\/api.w.org\/{rel}","templated":true}]}}