{"id":2296,"date":"2021-02-26T07:41:51","date_gmt":"2021-02-26T07:41:51","guid":{"rendered":"https:\/\/elfsight.com\/pl\/?page_id=2296"},"modified":"2021-02-26T07:59:43","modified_gmt":"2021-02-26T07:59:43","slug":"examples","status":"publish","type":"page","link":"https:\/\/elfsight.com\/pl\/contact-form-widget\/examples\/","title":{"rendered":"Contact Form &#8211; examples"},"content":{"rendered":"\n<div class=\"application-examples-item application-examples-item-loading\">\n                            <div class=\"col-row\">\n                                <div class=\"col-6 col-m-8 col-s-12\"><h3 class=\"application-examples-item-title\">Przyk\u0142ad 1. Prosty Formularz<\/h3><div class=\"application-examples-item-description\">Oto przyk\u0142ad uniwersalnego i \u0142atwego w u\u017cyciu formularza kontaktowego do otrzymywania wiadomo\u015bci od u\u017cytkownik\u00f3w. Ma minimum p\u00f3l, dzi\u0119ki czemu jest nieskomplikowany i szybki do wype\u0142nienia. Dzi\u0119ki klasycznemu stylowi wygl\u0105da czysto i b\u0119dzie pasowa\u0107 do prawie ka\u017cdego projektu strony internetowej, wystarczy zmieni\u0107 kolor przycisku i ikony.<\/div><\/div>\n                <\/div>\n\n                <div class=\"application-examples-item-iframe-container browser-frame\">\n                    <div class=\"application-examples-item-iframe-wrapper\">\n                        <iframe class=\"application-examples-item-iframe\" data-src=\"https:\/\/elfsight.com\/examples?widget_id=486d9284-4c39-467a-800c-34850f4c03ad&padding=28px+40px+40px\" width=\"100%\" allow=\"autoplay; fullscreen\"><\/iframe>\n                    <\/div>\n\n                    <div class=\"application-examples-item-loader\"><\/div>\n                <\/div>\n            <\/div>\n\n<div class=\"application-examples-item application-examples-item-loading\">\n                            <div class=\"col-row\">\n                                <div class=\"col-6 col-m-8 col-s-12\"><h3 class=\"application-examples-item-title\">Przyk\u0142ad 2. Email Formularz<\/h3><div class=\"application-examples-item-description\">Ten formularz e-mail wygl\u0105da tak p\u0142ynnie dzi\u0119ki stylowi Flat Rounded. Formularz zawiera tylko pola niezb\u0119dne do wys\u0142ania e-maila, pozosta\u0142e s\u0105 po prostu wy\u0142\u0105czone. Pola s\u0105 u\u0142o\u017cone w jedn\u0105 kolumn\u0119, aby uzyska\u0107 zwart\u0105 konstrukcj\u0119, a wymagane pola s\u0105 oznaczone znakiem *. Czerwony kolor przycisku Wy\u015blij sprawia, \u017ce przyci\u0105ga wzrok.<\/div><\/div>\n                <\/div>\n\n                <div class=\"application-examples-item-iframe-container browser-frame\">\n                    <div class=\"application-examples-item-iframe-wrapper\">\n                        <iframe class=\"application-examples-item-iframe\" data-src=\"https:\/\/elfsight.com\/examples?widget_id=03afc87f-33aa-4a7a-acb5-18ed83e4bbd0&padding=28px+40px+40px\" width=\"100%\" allow=\"autoplay; fullscreen\"><\/iframe>\n                    <\/div>\n\n                    <div class=\"application-examples-item-loader\"><\/div>\n                <\/div>\n            <\/div>\n\n<div class=\"application-examples-item application-examples-item-loading\">\n                            <div class=\"col-row\">\n                                <div class=\"col-6 col-m-8 col-s-12\"><h3 class=\"application-examples-item-title\">Przyk\u0142ad 3. Rozszerzony Formularz<\/h3><div class=\"application-examples-item-description\">Dodanie kilku p\u00f3l sprawia, \u017ce ten formularz jest do\u015b\u0107 obszerny. Sekcja Adres zawiera kilka p\u00f3l i s\u0105 one u\u0142o\u017cone kafelkami, aby zaoszcz\u0119dzi\u0107 miejsce. Formularz zawiera r\u00f3wnie\u017c pole wyboru oferuj\u0105ce mo\u017cliwo\u015b\u0107 subskrypcji oraz pole tekstowe. Nag\u0142\u00f3wek zawiera niestandardowy tytu\u0142 i tekst podpisu.<\/div><\/div>\n                <\/div>\n\n                <div class=\"application-examples-item-iframe-container browser-frame\">\n                    <div class=\"application-examples-item-iframe-wrapper\">\n                        <iframe class=\"application-examples-item-iframe\" data-src=\"https:\/\/elfsight.com\/examples?widget_id=b031c3a3-1acf-4d2e-9771-eee3e8e04672&padding=28px+40px+40px\" width=\"100%\" allow=\"autoplay; fullscreen\"><\/iframe>\n                    <\/div>\n\n                    <div class=\"application-examples-item-loader\"><\/div>\n                <\/div>\n            <\/div>\n\n<div class=\"application-examples-item application-examples-item-loading\">\n                            <div class=\"col-row\">\n                                <div class=\"col-6 col-m-8 col-s-12\"><h3 class=\"application-examples-item-title\">Przyk\u0142ad 4. P\u0142ywaj\u0105cy Formularz<\/h3><div class=\"application-examples-item-description\">P\u0142ywaj\u0105cy uk\u0142ad mo\u017ce by\u0107 bardzo przydatny, je\u015bli chcesz doda\u0107 formularz kontaktowy do wszystkich stron serwisu. Formularz zostanie wy\u015bwietlony jako ma\u0142y b\u0105belek, ruchomy z przewijaniem  odwiedzaj\u0105cych, i rozwija si\u0119 po klikni\u0119ciu. To dobra alternatywa dla czat\u00f3w online, je\u015bli chcesz otrzymywa\u0107 wiadomo\u015bci od klient\u00f3w. W tym przyk\u0142adzie p\u0142ywaj\u0105cy formularz ma zach\u0119caj\u0105cy tytu\u0142 i tylko trzy pola, aby u\u0142atwi\u0107 rozpocz\u0119cie rozmowy.<\/div><\/div>\n                <\/div>\n\n                <div class=\"application-examples-item-iframe-container browser-frame\">\n                    <div class=\"application-examples-item-iframe-wrapper\">\n                        <iframe class=\"application-examples-item-iframe application-examples-item-iframe-fixed-height\" data-src=\"https:\/\/elfsight.com\/examples?widget_id=65831acf-24ce-4fcd-9f7b-7b8566f3d2d4&padding=28px+40px+40px\" width=\"100%\" height=\"720px\" allow=\"autoplay; fullscreen\"><\/iframe>\n                    <\/div>\n\n                    <div class=\"application-examples-item-loader\"><\/div>\n                <\/div>\n            <\/div>\n\n<div class=\"application-examples-item application-examples-item-loading\">\n                            <div class=\"col-row\">\n                                <div class=\"col-6 col-m-8 col-s-12\"><h3 class=\"application-examples-item-title\">Przyk\u0142ad 5. Pro\u015bba o Wsparcie<\/h3><div class=\"application-examples-item-description\">Je\u015bli chcesz, aby u\u017cytkownicy zwracali si\u0119 do Ciebie w celu uzyskania pomocy za po\u015brednictwem formularza kontaktowego, mo\u017cesz \u0142atwo to zorganizowa\u0107. Pole wyboru pomo\u017ce u\u017cytkownikom wybra\u0107 rodzaj problemu, a pole tekstowe s\u0142u\u017cy do wpisania opisu problemu. U\u017cytkownicy mog\u0105 r\u00f3wnie\u017c przes\u0142a\u0107 plik, aby zademonstrowa\u0107 problem. Klasyczny styl sprawia, \u017ce formularz jest czysty, a w nag\u0142\u00f3wku znajduje si\u0119 ikona motywu, kt\u00f3ra zapewnia \u017cywy wygl\u0105d.<\/div><\/div>\n                <\/div>\n\n                <div class=\"application-examples-item-iframe-container browser-frame\">\n                    <div class=\"application-examples-item-iframe-wrapper\">\n                        <iframe class=\"application-examples-item-iframe\" data-src=\"https:\/\/elfsight.com\/examples?widget_id=b72f1bf4-3438-4149-9821-c3178148ed02&padding=28px+40px+40px\" width=\"100%\" allow=\"autoplay; fullscreen\"><\/iframe>\n                    <\/div>\n\n                    <div class=\"application-examples-item-loader\"><\/div>\n                <\/div>\n            <\/div>\n\n<div class=\"application-examples-item application-examples-item-loading\">\n                            <div class=\"col-row\">\n                                <div class=\"col-6 col-m-8 col-s-12\"><h3 class=\"application-examples-item-title\">Przyk\u0142ad 6. Pro\u015bba o Telefon<\/h3><div class=\"application-examples-item-description\">W tym przyk\u0142adzie formularz kontaktowy s\u0142u\u017cy jako narz\u0119dzie, kt\u00f3re pomaga odwiedzaj\u0105cym poprosi\u0107 Ci\u0119 o telefon. Po klikni\u0119ciu otworzy si\u0119 p\u0142ywaj\u0105ca ikona, pokazuj\u0105ca minimum p\u00f3l: imi\u0119 i nazwisko, numer telefonu oraz preferowan\u0105 dat\u0119 i godzin\u0119 po\u0142\u0105czenia. Ikona i przycisk s\u0105 pomalowane na fioletowo i mo\u017cna \u0142atwo zmieni\u0107 kolor na dowolny. <\/div><\/div>\n                <\/div>\n\n                <div class=\"application-examples-item-iframe-container browser-frame\">\n                    <div class=\"application-examples-item-iframe-wrapper\">\n                        <iframe class=\"application-examples-item-iframe application-examples-item-iframe-fixed-height\" data-src=\"https:\/\/elfsight.com\/examples?widget_id=703298a5-fdd0-46e4-9af4-2ac372687e87&padding=28px+40px+40px\" width=\"100%\" height=\"720px\" allow=\"autoplay; fullscreen\"><\/iframe>\n                    <\/div>\n\n                    <div class=\"application-examples-item-loader\"><\/div>\n                <\/div>\n            <\/div>\n\n<div class=\"application-examples-item application-examples-item-loading\">\n                            <div class=\"col-row\">\n                                <div class=\"col-6 col-m-8 col-s-12\"><h3 class=\"application-examples-item-title\">Przyk\u0142ad 7. Pusty Formularz<\/h3><div class=\"application-examples-item-description\">To wariant dla tych, kt\u00f3rzy chc\u0105 stworzy\u0107 od podstaw w\u0142asny, niestandardowy formularz kontaktowy. Nie musisz modyfikowa\u0107 istniej\u0105cych szablon\u00f3w, po prostu dodaj to, czego potrzebujesz, ustaw rozmiar, wybierz styl - jednym s\u0142owem - ciesz si\u0119 pe\u0142n\u0105 swobod\u0105. Stw\u00f3rz idealny formularz kontaktowy do swojego zadania!<\/div><\/div>\n                <\/div>\n\n                <div class=\"application-examples-item-iframe-container browser-frame\">\n                    <div class=\"application-examples-item-iframe-wrapper\">\n                        <iframe class=\"application-examples-item-iframe application-examples-item-iframe-fixed-height\" data-src=\"https:\/\/elfsight.com\/examples?widget_id=87a56538-71bc-4b55-82c6-3b0805c546d4&padding=28px+40px+40px\" width=\"100%\" height=\"720px\" allow=\"autoplay; fullscreen\"><\/iframe>\n                    <\/div>\n\n                    <div class=\"application-examples-item-loader\"><\/div>\n                <\/div>\n            <\/div>\n","protected":false},"excerpt":{"rendered":"","protected":false},"author":13,"featured_media":0,"parent":2289,"menu_order":0,"comment_status":"closed","ping_status":"closed","template":"templates\/template-application-examples.php","meta":{"publish_to_discourse":"","publish_post_category":"","wpdc_auto_publish_overridden":"","wpdc_topic_tags":"","wpdc_pin_topic":"","wpdc_pin_until":"","discourse_post_id":"","discourse_permalink":"","wpdc_publishing_response":"","wpdc_publishing_error":"","footnotes":""},"class_list":["post-2296","page","type-page","status-publish","hentry"],"yoast_head":"<!-- This site is optimized with the Yoast SEO plugin v25.3.1 - https:\/\/yoast.com\/wordpress\/plugins\/seo\/ -->\n<title>Najlepsze wz\u00f3ry formularzy kontaktowych na stronie www (Showcase)<\/title>\n<meta name=\"description\" content=\"TOP 7 przyk\u0142ad\u00f3w formularza kontaktowego na stronie internetowej: osobisty, p\u0142ywaj\u0105cy, pro\u015bba o telefon. Probny formularz kontaktowy.\" \/>\n<meta name=\"robots\" content=\"index, follow, max-snippet:-1, max-image-preview:large, max-video-preview:-1\" \/>\n<link rel=\"canonical\" href=\"https:\/\/elfsight.com\/pl\/contact-form-widget\/examples\/\" \/>\n<meta property=\"og:locale\" content=\"pl_PL\" \/>\n<meta property=\"og:type\" content=\"article\" \/>\n<meta property=\"og:title\" content=\"Najlepsze wz\u00f3ry formularzy kontaktowych na stronie www (Showcase)\" \/>\n<meta property=\"og:description\" content=\"TOP 7 przyk\u0142ad\u00f3w formularza kontaktowego na stronie internetowej: osobisty, p\u0142ywaj\u0105cy, pro\u015bba o telefon. Probny formularz kontaktowy.\" \/>\n<meta property=\"og:url\" content=\"https:\/\/elfsight.com\/pl\/contact-form-widget\/examples\/\" \/>\n<meta property=\"og:site_name\" content=\"Elfsight PL\" \/>\n<meta property=\"article:modified_time\" content=\"2021-02-26T07:59:43+00:00\" \/>\n<meta name=\"twitter:card\" content=\"summary_large_image\" \/>\n<meta name=\"twitter:label1\" content=\"Szacowany czas czytania\" \/>\n\t<meta name=\"twitter:data1\" content=\"3 minuty\" \/>\n<!-- \/ Yoast SEO plugin. -->","yoast_head_json":{"title":"Najlepsze wz\u00f3ry formularzy kontaktowych na stronie www (Showcase)","description":"TOP 7 przyk\u0142ad\u00f3w formularza kontaktowego na stronie internetowej: osobisty, p\u0142ywaj\u0105cy, pro\u015bba o telefon. Probny formularz kontaktowy.","robots":{"index":"index","follow":"follow","max-snippet":"max-snippet:-1","max-image-preview":"max-image-preview:large","max-video-preview":"max-video-preview:-1"},"canonical":"https:\/\/elfsight.com\/pl\/contact-form-widget\/examples\/","og_locale":"pl_PL","og_type":"article","og_title":"Najlepsze wz\u00f3ry formularzy kontaktowych na stronie www (Showcase)","og_description":"TOP 7 przyk\u0142ad\u00f3w formularza kontaktowego na stronie internetowej: osobisty, p\u0142ywaj\u0105cy, pro\u015bba o telefon. Probny formularz kontaktowy.","og_url":"https:\/\/elfsight.com\/pl\/contact-form-widget\/examples\/","og_site_name":"Elfsight PL","article_modified_time":"2021-02-26T07:59:43+00:00","twitter_card":"summary_large_image","twitter_misc":{"Szacowany czas czytania":"3 minuty"},"schema":{"@context":"https:\/\/schema.org","@graph":[{"@type":"WebPage","@id":"https:\/\/elfsight.com\/pl\/contact-form-widget\/examples\/","url":"https:\/\/elfsight.com\/pl\/contact-form-widget\/examples\/","name":"Najlepsze wz\u00f3ry formularzy kontaktowych na stronie www (Showcase)","isPartOf":{"@id":"https:\/\/elfsight.com\/pl\/#website"},"datePublished":"2021-02-26T07:41:51+00:00","dateModified":"2021-02-26T07:59:43+00:00","description":"TOP 7 przyk\u0142ad\u00f3w formularza kontaktowego na stronie internetowej: osobisty, p\u0142ywaj\u0105cy, pro\u015bba o telefon. Probny formularz kontaktowy.","breadcrumb":{"@id":"https:\/\/elfsight.com\/pl\/contact-form-widget\/examples\/#breadcrumb"},"inLanguage":"pl-PL","potentialAction":[{"@type":"ReadAction","target":["https:\/\/elfsight.com\/pl\/contact-form-widget\/examples\/"]}]},{"@type":"BreadcrumbList","@id":"https:\/\/elfsight.com\/pl\/contact-form-widget\/examples\/#breadcrumb","itemListElement":[{"@type":"ListItem","position":1,"name":"Home","item":"https:\/\/elfsight.com\/pl\/"},{"@type":"ListItem","position":2,"name":"Contact Form","item":"https:\/\/elfsight.com\/pl\/contact-form-widget\/"},{"@type":"ListItem","position":3,"name":"Contact Form &#8211; examples"}]},{"@type":"WebSite","@id":"https:\/\/elfsight.com\/pl\/#website","url":"https:\/\/elfsight.com\/pl\/","name":"Elfsight PL","description":"Just another Elfsight Sites site","potentialAction":[{"@type":"SearchAction","target":{"@type":"EntryPoint","urlTemplate":"https:\/\/elfsight.com\/pl\/?s={search_term_string}"},"query-input":{"@type":"PropertyValueSpecification","valueRequired":true,"valueName":"search_term_string"}}],"inLanguage":"pl-PL"}]}},"meta_box":{"industry":"","seo_heading":"","heading":"","description":"","cta_heading":"","cta_description":"","application":"2288","h1":"","h1_caption":"","application_category":[],"applications_title":"","applications_request_title":"","applications_request_button_text":"","hero_text":"","hero_video":"","hero_video_schema_markup":"","selling_points_title":"","selling_points_caption":"","selling_points":[],"selling_points_cta_text":"","features_title":"","features":"","ed_cta_examples_text":"","ed_cta_examples_hidden":"","ed_cta_demo_text":"","ed_cta_demo_hidden":"","why_caption":"","why_editor_title":"","why_editor_text":"","why_team_title":"","why_team_text":"","why_service_title":"","why_service_text":"","template_catalog_visible":"","template_catalog_title":"","template_catalog_text":"","template_catalog_categories_visible":"","demo_title":"","demo_caption":"","default_faq_hidden":"","app_template_category":[],"platform":"","template_public_id":"","codecanyon_url":"","codecanyon_item_id":"","codecanyon_price":"","pricing_caption":"","pricing_elfsight_apps_hide_column":"","pricing_elfsight_apps_url":"","pricing_codecanyon_price_caption":"","integration_category":[],"integration_request_title":"","integration_request_cta":"","integration_platform":"","integrations":[],"platform_category":[],"video_schema_markup":"","price":"","trial":"","benefits":[],"button_url":"","button_target_blank":"","button_nofollow":"","attributes":[],"tags":[],"tags_disable_links":"","hide_more_platforms":"","video_object":"","demo_hide_cta":"","demo_hide_cloud_options":"","pricing_title":"","pricing":[],"related_apps_title":"","related_apps_hidden":"","author":"","image":[],"title":"","job":"","social_networks":[]},"_links":{"self":[{"href":"https:\/\/elfsight.com\/pl\/wp-json\/wp\/v2\/pages\/2296","targetHints":{"allow":["GET"]}}],"collection":[{"href":"https:\/\/elfsight.com\/pl\/wp-json\/wp\/v2\/pages"}],"about":[{"href":"https:\/\/elfsight.com\/pl\/wp-json\/wp\/v2\/types\/page"}],"author":[{"embeddable":true,"href":"https:\/\/elfsight.com\/pl\/wp-json\/wp\/v2\/users\/13"}],"replies":[{"embeddable":true,"href":"https:\/\/elfsight.com\/pl\/wp-json\/wp\/v2\/comments?post=2296"}],"version-history":[{"count":6,"href":"https:\/\/elfsight.com\/pl\/wp-json\/wp\/v2\/pages\/2296\/revisions"}],"predecessor-version":[{"id":2302,"href":"https:\/\/elfsight.com\/pl\/wp-json\/wp\/v2\/pages\/2296\/revisions\/2302"}],"up":[{"embeddable":true,"href":"https:\/\/elfsight.com\/pl\/wp-json\/wp\/v2\/pages\/2289"}],"wp:attachment":[{"href":"https:\/\/elfsight.com\/pl\/wp-json\/wp\/v2\/media?parent=2296"}],"curies":[{"name":"wp","href":"https:\/\/api.w.org\/{rel}","templated":true}]}}