{"id":2272,"date":"2021-02-24T16:13:41","date_gmt":"2021-02-24T16:13:41","guid":{"rendered":"https:\/\/elfsight.com\/pl\/?page_id=2272"},"modified":"2024-04-23T16:13:14","modified_gmt":"2024-04-23T16:13:14","slug":"examples","status":"publish","type":"page","link":"https:\/\/elfsight.com\/pl\/social-media-share-buttons\/examples\/","title":{"rendered":"Social Share Buttons &#8211; examples"},"content":{"rendered":"\n<div class=\"application-examples-item application-examples-item-loading\">\n                            <div class=\"col-row\">\n                                <div class=\"col-6 col-m-8 col-s-12\"><h3 class=\"application-examples-item-title\">Przyk\u0142ad 1: Przyciski wbudowane<\/h3><div class=\"application-examples-item-description\">Ten przypadek u\u017cycia zawiera cztery prostok\u0105tne przyciski s\u0142u\u017c\u0105ce do udost\u0119pniania informacji w najpopularniejszych mediach. Zachowali autentyczne kolory i pokazuj\u0105 nazwy i symbole medi\u00f3w. Jest to dobry przyk\u0142ad dostosowywania w przypadkach, w kt\u00f3rych chcesz, aby przyciski zosta\u0142y umieszczone w strefie zawarto\u015bci, na przyk\u0142ad w artykule.<\/div><\/div>\n                <\/div>\n\n                <div class=\"application-examples-item-iframe-container browser-frame\">\n                    <div class=\"application-examples-item-iframe-wrapper\">\n                        <iframe class=\"application-examples-item-iframe\" data-src=\"https:\/\/elfsight.com\/examples?widget_id=5671d307-3ca2-43c1-b2bd-a859c1ba5bd8&padding=140px+40px+0\" width=\"100%\" allow=\"autoplay; fullscreen\"><\/iframe>\n                    <\/div>\n\n                    <div class=\"application-examples-item-loader\"><\/div>\n                <\/div>\n            <\/div>\n<div class=\"application-examples-item application-examples-item-loading\">\n                            <div class=\"col-row\">\n                                <div class=\"col-6 col-m-8 col-s-12\"><h3 class=\"application-examples-item-title\">Przyk\u0142ad 2: Przyciski p\u0142ywaj\u0105ce<\/h3><div class=\"application-examples-item-description\">W ten spos\u00f3b tworzysz przyciski przydatne dla wszystkich u\u017cytkownik\u00f3w - uk\u0142ad p\u0142ywaj\u0105cy sprawia, \u017ce pod\u0105\u017caj\u0105 za przewijaniem w g\u00f3r\u0119 iw d\u00f3\u0142 strony i zawsze pozostaj\u0105 pod r\u0119k\u0105. Nie ma szans, \u017ce u\u017cytkownicy przegapi\u0105 je z widoku. Projekt jest minimalistyczny, z kwadratowym kszta\u0142tem i tylko ikonami medi\u00f3w na przyciskach.<\/div><\/div>\n                <\/div>\n\n                <div class=\"application-examples-item-iframe-container browser-frame\">\n                    <div class=\"application-examples-item-iframe-wrapper\">\n                        <iframe class=\"application-examples-item-iframe application-examples-item-iframe-fixed-height\" data-src=\"https:\/\/elfsight.com\/examples?widget_id=da298869-6bdd-43da-b7a8-dcf7da0cd036&padding=0px+40px+0\" width=\"100%\" height=\"300px\" allow=\"autoplay; fullscreen\"><\/iframe>\n                    <\/div>\n\n                    <div class=\"application-examples-item-loader\"><\/div>\n                <\/div>\n            <\/div><div class=\"application-cta-create\">\n                    <div class=\"application-cta-create-bg\">\n                        <div class=\"application-cta-create-bg-left\"><\/div>\n\n                        <div class=\"application-cta-create-bg-right\">\n                            <img decoding=\"async\" src=\"https:\/\/elfsight.com\/pl\/wp-content\/themes\/elfsight\/frontend\/assets\/img\/application-cta-create.jpg\" alt=\"Zacznij od stworzenia swojego wid\u017cetu\">\n                        <\/div>\n                    <\/div>\n\n                    <div class=\"application-cta-create-content inner\">\n                        <div class=\"application-cta-create-content-inner\">\n                            <div class=\"application-cta-create-content-icon\">\n                                <svg viewBox=\"0 0 25 25\" width=\"100%\" height=\"100%\">\n                                    <use xlink:href=\"#icon-settings\"><\/use>\n                                <\/svg>\n                            <\/div>\n\n                            <div class=\"application-cta-create-content-title\">Zacznij od stworzenia swojego wid\u017cetu<\/div>\n\n                            <div class=\"application-cta-create-content-text\">Szybko. \u0141atwo. Bez kodowania.<\/div>\n\n                            <a class=\"application-cta-create-content-button button-48 button-has-right-icon button-black button\" href=\"\">\n                                <span class=\"button-label\">Utw\u00f3rz wid\u017cet<\/span>\n\n                                <svg class=\"button-icon\">\n                                    <use xlink:href=\"#icon-arrow-link\"><\/use>\n                                <\/svg>\n                            <\/a>\n                        <\/div>\n                    <\/div>\n                <\/div>\n<div class=\"application-examples-item application-examples-item-loading\">\n                            <div class=\"col-row\">\n                                <div class=\"col-6 col-m-8 col-s-12\"><h3 class=\"application-examples-item-title\">Przyk\u0142ad 3: Przyciski Czarne<\/h3><div class=\"application-examples-item-description\">Korzystaj\u0105c z opcji dostosowywania, mo\u017cesz uzyska\u0107 w pe\u0142ni unikalny wygl\u0105d wid\u017cetu. Te przyciski zosta\u0142y zaprojektowane tak, aby odzwierciedla\u0142y og\u00f3lny styl i kolory witryny. S\u0105 czarno-bia\u0142e, geometryczne i minimalistyczne dzi\u0119ki posiadaniu na nich samych ikon medi\u00f3w - bez nazw.<\/div><\/div>\n                <\/div>\n\n                <div class=\"application-examples-item-iframe-container browser-frame\">\n                    <div class=\"application-examples-item-iframe-wrapper\">\n                        <iframe class=\"application-examples-item-iframe\" data-src=\"https:\/\/elfsight.com\/examples?widget_id=d391e2d5-fdc3-4f2a-af9b-de2c1459344e&padding=140px+40px+0\" width=\"100%\" allow=\"autoplay; fullscreen\"><\/iframe>\n                    <\/div>\n\n                    <div class=\"application-examples-item-loader\"><\/div>\n                <\/div>\n            <\/div>\n<div class=\"application-examples-item application-examples-item-loading\">\n                            <div class=\"col-row\">\n                                <div class=\"col-6 col-m-8 col-s-12\"><h3 class=\"application-examples-item-title\">Przyk\u0142ad 4: Ikony Udost\u0119pniania<\/h3><div class=\"application-examples-item-description\">Te \u0142adne i ma\u0142e przyciski wygl\u0105daj\u0105 naprawd\u0119 czysto i schludnie na stronie. Maj\u0105 kszta\u0142t ko\u0142a i styl material, pokazuj\u0105c symbole wybranych medi\u00f3w. \u0141adny efekt animacji slajdu po najechaniu kursorem dodaje troch\u0119 \u017cycia do\u015bwiadczeniu u\u017cytkownika. Przyciski s\u0105 wyr\u00f3wnane do \u015brodka, ale mo\u017cesz tak\u017ce wybra\u0107 warianty do lewej i prawej strony.<\/div><\/div>\n                <\/div>\n\n                <div class=\"application-examples-item-iframe-container browser-frame\">\n                    <div class=\"application-examples-item-iframe-wrapper\">\n                        <iframe class=\"application-examples-item-iframe\" data-src=\"https:\/\/elfsight.com\/examples?widget_id=849cc4a2-b5c3-4ec0-a680-3b0e942647cf&padding=140px+40px+0\" width=\"100%\" allow=\"autoplay; fullscreen\"><\/iframe>\n                    <\/div>\n\n                    <div class=\"application-examples-item-loader\"><\/div>\n                <\/div>\n            <\/div>\n<div class=\"application-examples-item application-examples-item-loading\">\n                            <div class=\"col-row\">\n                                <div class=\"col-6 col-m-8 col-s-12\"><h3 class=\"application-examples-item-title\">Przyk\u0142ad 5: Przyciski ma\u0142e<\/h3><div class=\"application-examples-item-description\">Przyciski te maj\u0105 kszta\u0142t okr\u0105g\u0142y, ale dzi\u0119ki responsywnej szeroko\u015bci zmieniono warto\u015b\u0107, aby by\u0142y owalne i bardziej istotne. U\u017cytkownik wybra\u0142 p\u0142aski wariant stylu i pozostawi\u0142 oryginalne kolory medi\u00f3w, ale doda\u0142 czarny kolor i animacj\u0119 odbicia po najechaniu kursorem.<\/div><\/div>\n                <\/div>\n\n                <div class=\"application-examples-item-iframe-container browser-frame\">\n                    <div class=\"application-examples-item-iframe-wrapper\">\n                        <iframe class=\"application-examples-item-iframe\" data-src=\"https:\/\/elfsight.com\/examples?widget_id=0e89866f-132f-4bde-bafc-fd46d8e4f927&padding=140px+40px+0\" width=\"100%\" allow=\"autoplay; fullscreen\"><\/iframe>\n                    <\/div>\n\n                    <div class=\"application-examples-item-loader\"><\/div>\n                <\/div>\n            <\/div>\n<div class=\"application-examples-item application-examples-item-loading\">\n                            <div class=\"col-row\">\n                                <div class=\"col-6 col-m-8 col-s-12\"><h3 class=\"application-examples-item-title\">Przyk\u0142ad 6: Siatka<\/h3><div class=\"application-examples-item-description\">Ikony w kszta\u0142cie prostok\u0105ta s\u0105 \u0142adnie u\u0142o\u017cone w siatk\u0119 i pokazuj\u0105 zar\u00f3wno ikony, jak i tekst z nazwami medi\u00f3w. B\u0119d\u0105 pasowa\u0107 do strefy tre\u015bci, ko\u0144cowej jednostki jakiego\u015b artyku\u0142u lub na dole strony. Atrakcyjna animacja suwaka jest aktywna na symbolach, a ikony staj\u0105 si\u0119 czarne po najechaniu kursorem.<\/div><\/div>\n                <\/div>\n\n                <div class=\"application-examples-item-iframe-container browser-frame\">\n                    <div class=\"application-examples-item-iframe-wrapper\">\n                        <iframe class=\"application-examples-item-iframe\" data-src=\"https:\/\/elfsight.com\/examples?widget_id=db219922-3932-45f0-af28-3f732f3a1e99&padding=140px+40px+0\" width=\"100%\" allow=\"autoplay; fullscreen\"><\/iframe>\n                    <\/div>\n\n                    <div class=\"application-examples-item-loader\"><\/div>\n                <\/div>\n            <\/div>\n<div class=\"application-examples-item application-examples-item-loading\">\n                            <div class=\"col-row\">\n                                <div class=\"col-6 col-m-8 col-s-12\"><h3 class=\"application-examples-item-title\">Przyk\u0142ad 7: Lista udost\u0119pniania<\/h3><div class=\"application-examples-item-description\">Autor edytowa\u0142 etykiety przycisk\u00f3w i do ka\u017cdego z nich doda\u0142 wezwanie do dzia\u0142ania. Nie ma ikon medi\u00f3w - zamiast nich s\u0105 dodawane ich nazwy. T\u0142o przycisk\u00f3w zosta\u0142o zmienione na bia\u0142e, a kolor tekstu jest tym samym oryginalnym dla ka\u017cdego z no\u015bnik\u00f3w, aby stworzy\u0107 wizualne skojarzenie.<\/div><\/div>\n                <\/div>\n\n                <div class=\"application-examples-item-iframe-container browser-frame\">\n                    <div class=\"application-examples-item-iframe-wrapper\">\n                        <iframe class=\"application-examples-item-iframe\" data-src=\"https:\/\/elfsight.com\/examples?widget_id=bfc5305f-e07c-4a15-b058-0ee9513dc973&padding=140px+40px+0\" width=\"100%\" allow=\"autoplay; fullscreen\"><\/iframe>\n                    <\/div>\n\n                    <div class=\"application-examples-item-loader\"><\/div>\n                <\/div>\n            <\/div>\n<div class=\"application-examples-item application-examples-item-loading\">\n                            <div class=\"col-row\">\n                                <div class=\"col-6 col-m-8 col-s-12\"><h3 class=\"application-examples-item-title\">Przyk\u0142ad 8: Komunikatory<\/h3><div class=\"application-examples-item-description\">Aby u\u0142atwi\u0107 u\u017cytkownikom udost\u0119pnianie tre\u015bci, w tym przyk\u0142adzie znajduj\u0105 si\u0119 przyciski dla najpopularniejszych komunikator\u00f3w. Przyciski zachowuj\u0105 oryginalne kolory i pokazuj\u0105 razem nazw\u0119 i ikon\u0119. Maj\u0105 zaokr\u0105glony kszta\u0142t, a dzi\u0119ki szeroko\u015bci Auto wype\u0142niaj\u0105 dok\u0142adnie odpowiedni\u0105 przestrze\u0144 na stronie.<\/div><\/div>\n                <\/div>\n\n                <div class=\"application-examples-item-iframe-container browser-frame\">\n                    <div class=\"application-examples-item-iframe-wrapper\">\n                        <iframe class=\"application-examples-item-iframe\" data-src=\"https:\/\/elfsight.com\/examples?widget_id=87cf5164-3c2c-41f1-9741-b443afee7277&padding=140px+40px+0\" width=\"100%\" allow=\"autoplay; fullscreen\"><\/iframe>\n                    <\/div>\n\n                    <div class=\"application-examples-item-loader\"><\/div>\n                <\/div>\n            <\/div>\n","protected":false},"excerpt":{"rendered":"","protected":false},"author":13,"featured_media":0,"parent":2255,"menu_order":0,"comment_status":"closed","ping_status":"closed","template":"templates\/template-application-examples.php","meta":{"publish_to_discourse":"","publish_post_category":"","wpdc_auto_publish_overridden":"","wpdc_topic_tags":"","wpdc_pin_topic":"","wpdc_pin_until":"","discourse_post_id":"","discourse_permalink":"","wpdc_publishing_response":"","wpdc_publishing_error":"","footnotes":""},"class_list":["post-2272","page","type-page","status-publish","hentry"],"yoast_head":"<!-- This site is optimized with the Yoast SEO plugin v25.3.1 - https:\/\/yoast.com\/wordpress\/plugins\/seo\/ -->\n<title>8 najlepszych przyk\u0142ad\u00f3w przycisk\u00f3w udost\u0119pniania (Prezentacja)<\/title>\n<meta name=\"description\" content=\"TOP 8 przyk\u0142ad\u00f3w przycisk\u00f3w social media: klasyczny inline, floating, szablon medi\u00f3w, animowana siatka i inne szablony na stron\u0119 internetow\u0105.\" \/>\n<meta name=\"robots\" content=\"index, follow, max-snippet:-1, max-image-preview:large, max-video-preview:-1\" \/>\n<link rel=\"canonical\" href=\"https:\/\/elfsight.com\/pl\/social-media-share-buttons\/examples\/\" \/>\n<meta property=\"og:locale\" content=\"pl_PL\" \/>\n<meta property=\"og:type\" content=\"article\" \/>\n<meta property=\"og:title\" content=\"8 najlepszych przyk\u0142ad\u00f3w przycisk\u00f3w udost\u0119pniania (Prezentacja)\" \/>\n<meta property=\"og:description\" content=\"TOP 8 przyk\u0142ad\u00f3w przycisk\u00f3w social media: klasyczny inline, floating, szablon medi\u00f3w, animowana siatka i inne szablony na stron\u0119 internetow\u0105.\" \/>\n<meta property=\"og:url\" content=\"https:\/\/elfsight.com\/pl\/social-media-share-buttons\/examples\/\" \/>\n<meta property=\"og:site_name\" content=\"Elfsight PL\" \/>\n<meta property=\"article:modified_time\" content=\"2024-04-23T16:13:14+00:00\" \/>\n<meta name=\"twitter:card\" content=\"summary_large_image\" \/>\n<meta name=\"twitter:label1\" content=\"Szacowany czas czytania\" \/>\n\t<meta name=\"twitter:data1\" content=\"3 minuty\" \/>\n<!-- \/ Yoast SEO plugin. -->","yoast_head_json":{"title":"8 najlepszych przyk\u0142ad\u00f3w przycisk\u00f3w udost\u0119pniania (Prezentacja)","description":"TOP 8 przyk\u0142ad\u00f3w przycisk\u00f3w social media: klasyczny inline, floating, szablon medi\u00f3w, animowana siatka i inne szablony na stron\u0119 internetow\u0105.","robots":{"index":"index","follow":"follow","max-snippet":"max-snippet:-1","max-image-preview":"max-image-preview:large","max-video-preview":"max-video-preview:-1"},"canonical":"https:\/\/elfsight.com\/pl\/social-media-share-buttons\/examples\/","og_locale":"pl_PL","og_type":"article","og_title":"8 najlepszych przyk\u0142ad\u00f3w przycisk\u00f3w udost\u0119pniania (Prezentacja)","og_description":"TOP 8 przyk\u0142ad\u00f3w przycisk\u00f3w social media: klasyczny inline, floating, szablon medi\u00f3w, animowana siatka i inne szablony na stron\u0119 internetow\u0105.","og_url":"https:\/\/elfsight.com\/pl\/social-media-share-buttons\/examples\/","og_site_name":"Elfsight PL","article_modified_time":"2024-04-23T16:13:14+00:00","twitter_card":"summary_large_image","twitter_misc":{"Szacowany czas czytania":"3 minuty"},"schema":{"@context":"https:\/\/schema.org","@graph":[{"@type":"WebPage","@id":"https:\/\/elfsight.com\/pl\/social-media-share-buttons\/examples\/","url":"https:\/\/elfsight.com\/pl\/social-media-share-buttons\/examples\/","name":"8 najlepszych przyk\u0142ad\u00f3w przycisk\u00f3w udost\u0119pniania (Prezentacja)","isPartOf":{"@id":"https:\/\/elfsight.com\/pl\/#website"},"datePublished":"2021-02-24T16:13:41+00:00","dateModified":"2024-04-23T16:13:14+00:00","description":"TOP 8 przyk\u0142ad\u00f3w przycisk\u00f3w social media: klasyczny inline, floating, szablon medi\u00f3w, animowana siatka i inne szablony na stron\u0119 internetow\u0105.","breadcrumb":{"@id":"https:\/\/elfsight.com\/pl\/social-media-share-buttons\/examples\/#breadcrumb"},"inLanguage":"pl-PL","potentialAction":[{"@type":"ReadAction","target":["https:\/\/elfsight.com\/pl\/social-media-share-buttons\/examples\/"]}]},{"@type":"BreadcrumbList","@id":"https:\/\/elfsight.com\/pl\/social-media-share-buttons\/examples\/#breadcrumb","itemListElement":[{"@type":"ListItem","position":1,"name":"Home","item":"https:\/\/elfsight.com\/pl\/"},{"@type":"ListItem","position":2,"name":"Social Share Buttons","item":"https:\/\/elfsight.com\/pl\/social-media-share-buttons\/"},{"@type":"ListItem","position":3,"name":"Social Share Buttons &#8211; examples"}]},{"@type":"WebSite","@id":"https:\/\/elfsight.com\/pl\/#website","url":"https:\/\/elfsight.com\/pl\/","name":"Elfsight PL","description":"Just another Elfsight Sites site","potentialAction":[{"@type":"SearchAction","target":{"@type":"EntryPoint","urlTemplate":"https:\/\/elfsight.com\/pl\/?s={search_term_string}"},"query-input":{"@type":"PropertyValueSpecification","valueRequired":true,"valueName":"search_term_string"}}],"inLanguage":"pl-PL"}]}},"meta_box":{"industry":"","seo_heading":"","heading":"","description":"","cta_heading":"","cta_description":"","application":"2254","h1":"","h1_caption":"","application_category":[],"applications_title":"","applications_request_title":"","applications_request_button_text":"","hero_text":"","hero_video":"","hero_video_schema_markup":"","selling_points_title":"","selling_points_caption":"","selling_points":[],"selling_points_cta_text":"","features_title":"","features":"","ed_cta_examples_text":"","ed_cta_examples_hidden":"","ed_cta_demo_text":"","ed_cta_demo_hidden":"","why_caption":"","why_editor_title":"","why_editor_text":"","why_team_title":"","why_team_text":"","why_service_title":"","why_service_text":"","template_catalog_visible":"","template_catalog_title":"","template_catalog_text":"","template_catalog_categories_visible":"","demo_title":"","demo_caption":"","default_faq_hidden":"","app_template_category":[],"platform":"","template_public_id":"","codecanyon_url":"","codecanyon_item_id":"","codecanyon_price":"","pricing_caption":"","pricing_elfsight_apps_hide_column":"","pricing_elfsight_apps_url":"","pricing_codecanyon_price_caption":"","integration_category":[],"integration_request_title":"","integration_request_cta":"","integration_platform":"","integrations":[],"platform_category":[],"video_schema_markup":"","price":"","trial":"","benefits":[],"button_url":"","button_target_blank":"","button_nofollow":"","attributes":[],"tags":[],"tags_disable_links":"","hide_more_platforms":"","video_object":"","demo_hide_cta":"","demo_hide_cloud_options":"","pricing_title":"","pricing":[],"related_apps_title":"","related_apps_hidden":"","author":"","image":[],"title":"","job":"","social_networks":[]},"_links":{"self":[{"href":"https:\/\/elfsight.com\/pl\/wp-json\/wp\/v2\/pages\/2272","targetHints":{"allow":["GET"]}}],"collection":[{"href":"https:\/\/elfsight.com\/pl\/wp-json\/wp\/v2\/pages"}],"about":[{"href":"https:\/\/elfsight.com\/pl\/wp-json\/wp\/v2\/types\/page"}],"author":[{"embeddable":true,"href":"https:\/\/elfsight.com\/pl\/wp-json\/wp\/v2\/users\/13"}],"replies":[{"embeddable":true,"href":"https:\/\/elfsight.com\/pl\/wp-json\/wp\/v2\/comments?post=2272"}],"version-history":[{"count":7,"href":"https:\/\/elfsight.com\/pl\/wp-json\/wp\/v2\/pages\/2272\/revisions"}],"predecessor-version":[{"id":2279,"href":"https:\/\/elfsight.com\/pl\/wp-json\/wp\/v2\/pages\/2272\/revisions\/2279"}],"up":[{"embeddable":true,"href":"https:\/\/elfsight.com\/pl\/wp-json\/wp\/v2\/pages\/2255"}],"wp:attachment":[{"href":"https:\/\/elfsight.com\/pl\/wp-json\/wp\/v2\/media?parent=2272"}],"curies":[{"name":"wp","href":"https:\/\/api.w.org\/{rel}","templated":true}]}}