{"id":226,"date":"2020-11-16T13:14:16","date_gmt":"2020-11-16T13:14:16","guid":{"rendered":"https:\/\/elfsight.com\/pl\/?page_id=226"},"modified":"2021-04-21T13:36:55","modified_gmt":"2021-04-21T13:36:55","slug":"bootstrap-plugins","status":"publish","type":"page","link":"https:\/\/elfsight.com\/pl\/bootstrap-plugins\/","title":{"rendered":"Bootstrap plugins"},"content":{"rendered":"\n<h2>Najbardziej optymalne pluginy Elfsight dla udoskonalenia twojej witryny Bootstrap<\/h2>\n\n<p>Przez kilka lat nasz team specjalist\u00f3w Elfsight wytwarza proste i modyfikowalne pluginy chmurowe dla Twojej strony internetowej. Zapewniamy profesjonalne wsparcie oraz du\u017c\u0105 szybko\u015b\u0107 \u0142adowania. Us\u0142ugi aplikacyjne Elfsight pomagaj\u0105 w\u0142a\u015bcicielom serwis\u00f3w online, niekomercyjnych i wielu innym z r\u00f3\u017cnych cz\u0119\u015bci \u015bwiata sprosta\u0107 r\u00f3\u017cnymi kwestiami bardziej wydajnie. \n<\/p>\n\n<p>Aby podnie\u015b\u0107 liczb\u0119 lead\u00f3w, przedstawi\u0107 pozytywne referencje na Pa\u0144stwa oferty, zwi\u0119kszy\u0107 zaufanie do swojej marki, poprzez zainstalowanie rozwi\u0105zania do Pa\u0144stwa strony Web. Nasze plany taryfowe s\u0105 w zakresie od bezp\u0142atnych do premium. \u0141atwo wbudowa\u0107 dowolnie wybrane aplikacji u\u017cywaj\u0105c naszej wersji demonstracyjnej i sprawd\u017a jak bardzo to b\u0119dzie po\u017cyteczne w kwestii rozwoju serwisu www Twojego biznesu. <\/p>\n\n<h2>Dlaczego nasze rozszerzenia Bootstrap s\u0105 tak wyj\u0105tkowymi instrumentami dla Twojej strony www? <\/h2>\n\n<p> Zobacz list\u0119 podstawowych charakterystyk naszych wtyczek, kt\u00f3re pomagaj\u0105 nam wyprzedzi\u0107 konkurencj\u0119: <\/p>\n\n\n<ul>\n<li> Darmowa i szybka pomoc przy instalacje lub customizacji wtyczek; <\/li>\n<li> Zdolne do adaptacji do wszystkich rozdzielczo\u015bci witryn internetowych i przyjazne dla urz\u0105dze\u0144 mobilnych; <\/li>\n<li> Nie musicie zatrudnia\u0107 deweloper\u00f3w; <\/li>\n<li> Bogata oferta opcji dostosowywania; <\/li>\n<li> Przechowywanie danych chmurze pomagaj\u0105 zwi\u0119kszy\u0107 szybko\u015b\u0107 \u0142adowania serwisu; <\/li>\n<li> Wszystkie dost\u0119pne aktualizacje s\u0105 darmowe i regularne; <\/li>\n<li> Przyst\u0119pne ceny; <\/li>\n<li> Szybka pomoc w przypadku problem\u00f3w. <\/li>\n<\/ul>\n\n<p> Poznaj bezp\u0142atne opcje naszych widget\u00f3w i u\u017cywaj jej potencja\u0142 lub kup dowolne wymagane rozwi\u0105zanie z 20% obni\u017ck\u0105. <\/p>\n\n\n<h2> W jaki spos\u00f3b do\u0142\u0105czy\u0107 Pa\u0144stwa wtyczki na Pa\u0144stwa stronie internetowej Bootstrap <\/h2>\n\n<p> Aby wstawi\u0107 dodatki, zoba\u0107 kroki z \u0142atwej instrukcji: <\/p>\n\n\n<ol>\n<li> Kliknij odpowiedni wid\u017cet; <\/li>\n<li> Dostosuj niekt\u00f3re odpowiednie ustawienia; <\/li>\n<li> Nie zapomnijcie, aby zapisa\u0107 zmiany; <\/li>\n<li> Skopiuj wygenerowany kod; <\/li>\n<li> Zainstaluj go w wymaganym miejscu swojej witryny lub szablonu; <\/li>\n<li> Zrobione! Uda\u0142o Ci si\u0119 zintegrowa\u0107 dodatek. <\/li>\n<\/ol>\n\n<p> Je\u015bli potrzebujesz doradztwa, prosimy poinformowa\u0107 o tym zespo\u0142u wsparcia Elfsight. <\/p>\n","protected":false},"excerpt":{"rendered":"Najbardziej optymalne pluginy Elfsight dla udoskonalenia twojej witryny Bootstrap Przez kilka lat nasz team specjalist\u00f3w Elfsight wytwarza proste i modyfikowalne pluginy chmurowe dla Twojej strony internetowej. Zapewniamy profesjonalne wsparcie oraz du\u017c\u0105 szybko\u015b\u0107 \u0142adowania. Us\u0142ugi aplikacyjne Elfsight pomagaj\u0105 w\u0142a\u015bcicielom serwis\u00f3w online, niekomercyjnych i wielu innym z r\u00f3\u017cnych cz\u0119\u015bci \u015bwiata sprosta\u0107 r\u00f3\u017cnymi&#8230;","protected":false},"author":13,"featured_media":0,"parent":0,"menu_order":0,"comment_status":"closed","ping_status":"closed","template":"templates\/template-platform.php","meta":{"publish_to_discourse":"","publish_post_category":"","wpdc_auto_publish_overridden":"","wpdc_topic_tags":"","wpdc_pin_topic":"","wpdc_pin_until":"","discourse_post_id":"","discourse_permalink":"","wpdc_publishing_response":"","wpdc_publishing_error":"","footnotes":""},"class_list":["post-226","page","type-page","status-publish","hentry"],"yoast_head":"<!-- This site is optimized with the Yoast SEO plugin v25.3.1 - https:\/\/yoast.com\/wordpress\/plugins\/seo\/ -->\n<title>Ponad 80 darmowych Bootstrap plugin\u00f3w dla strony internetowej<\/title>\n<meta name=\"description\" content=\"Zestaw sprawdzonych wtyczek pierwszej klasy dla twojej witryny internetowej Bootstrap. Pom\u00f3c z dostosowaniem oraz bogata gama mo\u017cliwo\u015bci.\" \/>\n<meta name=\"robots\" content=\"index, follow, max-snippet:-1, max-image-preview:large, max-video-preview:-1\" \/>\n<link rel=\"canonical\" href=\"https:\/\/elfsight.com\/pl\/bootstrap-plugins\/\" \/>\n<meta property=\"og:locale\" content=\"pl_PL\" \/>\n<meta property=\"og:type\" content=\"article\" \/>\n<meta property=\"og:title\" content=\"Ponad 80 darmowych Bootstrap plugin\u00f3w dla strony internetowej\" \/>\n<meta property=\"og:description\" content=\"Zestaw sprawdzonych wtyczek pierwszej klasy dla twojej witryny internetowej Bootstrap. Pom\u00f3c z dostosowaniem oraz bogata gama mo\u017cliwo\u015bci.\" \/>\n<meta property=\"og:url\" content=\"https:\/\/elfsight.com\/pl\/bootstrap-plugins\/\" \/>\n<meta property=\"og:site_name\" content=\"Elfsight PL\" \/>\n<meta property=\"article:modified_time\" content=\"2021-04-21T13:36:55+00:00\" \/>\n<meta name=\"twitter:card\" content=\"summary_large_image\" \/>\n<meta name=\"twitter:label1\" content=\"Szacowany czas czytania\" \/>\n\t<meta name=\"twitter:data1\" content=\"1 minuta\" \/>\n<!-- \/ Yoast SEO plugin. -->","yoast_head_json":{"title":"Ponad 80 darmowych Bootstrap plugin\u00f3w dla strony internetowej","description":"Zestaw sprawdzonych wtyczek pierwszej klasy dla twojej witryny internetowej Bootstrap. Pom\u00f3c z dostosowaniem oraz bogata gama mo\u017cliwo\u015bci.","robots":{"index":"index","follow":"follow","max-snippet":"max-snippet:-1","max-image-preview":"max-image-preview:large","max-video-preview":"max-video-preview:-1"},"canonical":"https:\/\/elfsight.com\/pl\/bootstrap-plugins\/","og_locale":"pl_PL","og_type":"article","og_title":"Ponad 80 darmowych Bootstrap plugin\u00f3w dla strony internetowej","og_description":"Zestaw sprawdzonych wtyczek pierwszej klasy dla twojej witryny internetowej Bootstrap. Pom\u00f3c z dostosowaniem oraz bogata gama mo\u017cliwo\u015bci.","og_url":"https:\/\/elfsight.com\/pl\/bootstrap-plugins\/","og_site_name":"Elfsight PL","article_modified_time":"2021-04-21T13:36:55+00:00","twitter_card":"summary_large_image","twitter_misc":{"Szacowany czas czytania":"1 minuta"},"schema":{"@context":"https:\/\/schema.org","@graph":[{"@type":"WebPage","@id":"https:\/\/elfsight.com\/pl\/bootstrap-plugins\/","url":"https:\/\/elfsight.com\/pl\/bootstrap-plugins\/","name":"Ponad 80 darmowych Bootstrap plugin\u00f3w dla strony internetowej","isPartOf":{"@id":"https:\/\/elfsight.com\/pl\/#website"},"datePublished":"2020-11-16T13:14:16+00:00","dateModified":"2021-04-21T13:36:55+00:00","description":"Zestaw sprawdzonych wtyczek pierwszej klasy dla twojej witryny internetowej Bootstrap. Pom\u00f3c z dostosowaniem oraz bogata gama mo\u017cliwo\u015bci.","breadcrumb":{"@id":"https:\/\/elfsight.com\/pl\/bootstrap-plugins\/#breadcrumb"},"inLanguage":"pl-PL","potentialAction":[{"@type":"ReadAction","target":["https:\/\/elfsight.com\/pl\/bootstrap-plugins\/"]}]},{"@type":"BreadcrumbList","@id":"https:\/\/elfsight.com\/pl\/bootstrap-plugins\/#breadcrumb","itemListElement":[{"@type":"ListItem","position":1,"name":"Home","item":"https:\/\/elfsight.com\/pl\/"},{"@type":"ListItem","position":2,"name":"Bootstrap plugins"}]},{"@type":"WebSite","@id":"https:\/\/elfsight.com\/pl\/#website","url":"https:\/\/elfsight.com\/pl\/","name":"Elfsight PL","description":"Just another Elfsight Sites site","potentialAction":[{"@type":"SearchAction","target":{"@type":"EntryPoint","urlTemplate":"https:\/\/elfsight.com\/pl\/?s={search_term_string}"},"query-input":{"@type":"PropertyValueSpecification","valueRequired":true,"valueName":"search_term_string"}}],"inLanguage":"pl-PL"}]}},"meta_box":{"industry":"","seo_heading":"","heading":"","description":"","cta_heading":"","cta_description":"","application":"","h1":"Najlepsze pluginy Bootstrap","h1_caption":"Nieodp\u0142atny spis rewelacyjnych plugin\u00f3w pierwszej klasy z szerok\u0105 gam\u0105 mo\u017cliwo\u015bci dla zwi\u0119kszenia sprzeda\u017cy oraz dokonania wszystkich pozosta\u0142ych zada\u0144 promocyjnych. Szybkie w\u0142\u0105czanie, obszerny asortyment mo\u017cliwo\u015bci personalizacji oraz profesjonalne wsparcie klienta.","application_category":[],"applications_title":"Przetestuj najbardziej odpowiednie pluginy dla twojej strony internetowej w\u015br\u00f3d wszystkich dodatk\u00f3w nieodp\u0142atnych w wersji Live Demo","applications_request_title":"Nie mo\u017cesz znale\u017a\u0107 odpowiedniego plugina?","applications_request_button_text":"Zam\u00f3w plugin","hero_text":"","hero_video":"","hero_video_schema_markup":"","selling_points_title":"","selling_points_caption":"","selling_points":[],"selling_points_cta_text":"","features_title":"","features":"","ed_cta_examples_text":"","ed_cta_examples_hidden":"","ed_cta_demo_text":"","ed_cta_demo_hidden":"","why_caption":"","why_editor_title":"","why_editor_text":"","why_team_title":"","why_team_text":"","why_service_title":"","why_service_text":"","template_catalog_visible":"","template_catalog_title":"","template_catalog_text":"","template_catalog_categories_visible":"","demo_title":"","demo_caption":"","default_faq_hidden":"","app_template_category":[],"platform":"223","template_public_id":"","codecanyon_url":"","codecanyon_item_id":"","codecanyon_price":"","pricing_caption":"","pricing_elfsight_apps_hide_column":"","pricing_elfsight_apps_url":"","pricing_codecanyon_price_caption":"","integration_category":[],"integration_request_title":"","integration_request_cta":"","integration_platform":"","integrations":[],"platform_category":[],"video_schema_markup":"","price":"","trial":"","benefits":[],"button_url":"","button_target_blank":"","button_nofollow":"","attributes":[],"tags":[],"tags_disable_links":"","hide_more_platforms":"","video_object":"","demo_hide_cta":"","demo_hide_cloud_options":"","pricing_title":"","pricing":[],"related_apps_title":"","related_apps_hidden":"","author":"","image":[],"title":"","job":"","social_networks":[]},"_links":{"self":[{"href":"https:\/\/elfsight.com\/pl\/wp-json\/wp\/v2\/pages\/226","targetHints":{"allow":["GET"]}}],"collection":[{"href":"https:\/\/elfsight.com\/pl\/wp-json\/wp\/v2\/pages"}],"about":[{"href":"https:\/\/elfsight.com\/pl\/wp-json\/wp\/v2\/types\/page"}],"author":[{"embeddable":true,"href":"https:\/\/elfsight.com\/pl\/wp-json\/wp\/v2\/users\/13"}],"replies":[{"embeddable":true,"href":"https:\/\/elfsight.com\/pl\/wp-json\/wp\/v2\/comments?post=226"}],"version-history":[{"count":2,"href":"https:\/\/elfsight.com\/pl\/wp-json\/wp\/v2\/pages\/226\/revisions"}],"predecessor-version":[{"id":228,"href":"https:\/\/elfsight.com\/pl\/wp-json\/wp\/v2\/pages\/226\/revisions\/228"}],"wp:attachment":[{"href":"https:\/\/elfsight.com\/pl\/wp-json\/wp\/v2\/media?parent=226"}],"curies":[{"name":"wp","href":"https:\/\/api.w.org\/{rel}","templated":true}]}}