{"id":220,"date":"2020-11-16T12:04:17","date_gmt":"2020-11-16T12:04:17","guid":{"rendered":"https:\/\/elfsight.com\/pl\/?page_id=220"},"modified":"2021-04-21T13:36:45","modified_gmt":"2021-04-21T13:36:45","slug":"bitrix-apps","status":"publish","type":"page","link":"https:\/\/elfsight.com\/pl\/bitrix-apps\/","title":{"rendered":"Bitrix apps"},"content":{"rendered":"\n<h2>Najdoskonalsze dodatki Elfsight dla aktualizacji twojej witryny internetowej Bitrix<\/h2>\n\n<p>W ci\u0105gu szeregu lat nasz team programist\u00f3w Elfsight buduje \u0142atwe w u\u017cyciu i personalizowane aplikacji chmurowe dla Twojej strony www. Posiadamy zesp\u00f3\u0142 zapewniaj\u0105cy profesjonalne wsparcie oraz szybkie \u0142adowanie. Rozwi\u0105zania Elfsight wspomagaj\u0105 w\u0142a\u015bcicielom stron www, niekomercyjnych oraz wielu innym z ca\u0142ego \u015bwiata upora\u0107 si\u0119 z g\u0142\u00f3wnymi zadaniami skuteczniej. \n<\/p>\n\n<p>A\u017ceby zwi\u0119kszy\u0107 sprzeda\u017c, wykaza\u0107 5-gwiazdkow\u0105 ocen\u0119 na Twoje oferty, zwi\u0119kszy\u0107 zaufanie do swojej marki, poprzez zainstalowanie rozwi\u0105zania do Pa\u0144stwa strony Web. Nasze plany abonamentowe wahaj\u0105 si\u0119 od bezp\u0142atnych do premium. Szybko zintegrowa\u0107 dowolnie odpowiednie elementy interfejsu u\u017cywaj\u0105c naszej demonstracji i spotkaj jak bardzo to b\u0119dzie korzystne w kwestii rozwoju witryny Twojego przedsi\u0119biorstwa. <\/p>\n\n<h2>Co sprawia, \u017ce nasze aplikacji Elfsight s\u0105 wyj\u0105tkowymi narz\u0119dziami dla Twojej witryny? <\/h2>\n\n<p> Poznaj spis istotnych jako\u015bci naszych wid\u017cet\u00f3w, kt\u00f3re umo\u017cliwiaj\u0105 nam by\u0107 lepszymi, ni\u017c nasi konkurenci: <\/p>\n\n\n<ul>\n<li> Nieodp\u0142atna i natychmiastowa wsparcie przy wbudowaniu lub customizacji rozszerze\u0144; <\/li>\n<li> Zdolno\u015b\u0107 dostosowywania do wszystkich rozdzielczo\u015bci stron internetowych i dostosowane do urz\u0105dze\u0144 mobilnych; <\/li>\n<li> Nie musisz mie\u0107 \u015brodk\u00f3w programowania lub umiej\u0119tno\u015bci; <\/li>\n<li> Szeroki wyb\u00f3r funkcji stylizacji; <\/li>\n<li> Oparte na chmurze widgety pomagaj\u0105 zwi\u0119kszy\u0107 szybko\u015b\u0107 \u0142adowania witryny; <\/li>\n<li> Wszystkie aktualizacje s\u0105 nieodp\u0142atne i regularne; <\/li>\n<li> Sprawiedliwe ceny; <\/li>\n<li> Kompetentna pomoc w przypadku problem\u00f3w. <\/li>\n<\/ul>\n\n<p> Poznaj bezp\u0142atne opcje naszych aplikacji i u\u017cywaj jej potencja\u0142 lub zainstaluj dowolne wymagane aplikacje z 20% obni\u017ck\u0105. <\/p>\n\n\n<h2> W jaki spos\u00f3b wstawi\u0107 Pa\u0144stwa wtyczki na Pa\u0144stwa serwisie www Bitrix <\/h2>\n\n<p> Mo\u017cesz wstawi\u0107 wid\u017cety, zobaczy\u0107 poni\u017csze etapy z kr\u00f3tkiej wskaz\u00f3wki: <\/p>\n\n\n<ol>\n<li> Wybierz wymagany widget; <\/li>\n<li> Zmodyfikuj niekt\u00f3re odpowiednie ustawienia; <\/li>\n<li> Zapisz zmiany; <\/li>\n<li> Otrzymaj otrzymany kod; <\/li>\n<li> Zainstaluj ten kod instalacji w potrzebnym miejscu Twojej witryny lub szablonu; <\/li>\n<li> Gotowe! Uda\u0142o Ci si\u0119 zintegrowa\u0107 wid\u017cet. <\/li>\n<\/ol>\n\n<p> Je\u015bli chcesz uzyska\u0107 pomoc, nie wahaj si\u0119 zwr\u00f3ci\u0107 si\u0119 do zespo\u0142u obs\u0142ugi Elfsight. <\/p>\n","protected":false},"excerpt":{"rendered":"Najdoskonalsze dodatki Elfsight dla aktualizacji twojej witryny internetowej Bitrix W ci\u0105gu szeregu lat nasz team programist\u00f3w Elfsight buduje \u0142atwe w u\u017cyciu i personalizowane aplikacji chmurowe dla Twojej strony www. Posiadamy zesp\u00f3\u0142 zapewniaj\u0105cy profesjonalne wsparcie oraz szybkie \u0142adowanie. Rozwi\u0105zania Elfsight wspomagaj\u0105 w\u0142a\u015bcicielom stron www, niekomercyjnych oraz wielu innym z ca\u0142ego \u015bwiata&#8230;","protected":false},"author":13,"featured_media":0,"parent":0,"menu_order":0,"comment_status":"closed","ping_status":"closed","template":"templates\/template-platform.php","meta":{"publish_to_discourse":"","publish_post_category":"","wpdc_auto_publish_overridden":"","wpdc_topic_tags":"","wpdc_pin_topic":"","wpdc_pin_until":"","discourse_post_id":"","discourse_permalink":"","wpdc_publishing_response":"","wpdc_publishing_error":"","footnotes":""},"class_list":["post-220","page","type-page","status-publish","hentry"],"yoast_head":"<!-- This site is optimized with the Yoast SEO plugin v25.3.1 - https:\/\/yoast.com\/wordpress\/plugins\/seo\/ -->\n<title>Ponad 80 najlepszych darmowych Bitrix apps dla strony internetowej<\/title>\n<meta name=\"description\" content=\"Zestaw wypr\u00f3bowanych nieodp\u0142atnych aplikacji dla twojej witryny sieci Web Bitrix. Pom\u00f3c przy personalizacji i szeroka funkcjonalno\u015b\u0107.\" \/>\n<meta name=\"robots\" content=\"index, follow, max-snippet:-1, max-image-preview:large, max-video-preview:-1\" \/>\n<link rel=\"canonical\" href=\"https:\/\/elfsight.com\/pl\/bitrix-apps\/\" \/>\n<meta property=\"og:locale\" content=\"pl_PL\" \/>\n<meta property=\"og:type\" content=\"article\" \/>\n<meta property=\"og:title\" content=\"Ponad 80 najlepszych darmowych Bitrix apps dla strony internetowej\" \/>\n<meta property=\"og:description\" content=\"Zestaw wypr\u00f3bowanych nieodp\u0142atnych aplikacji dla twojej witryny sieci Web Bitrix. Pom\u00f3c przy personalizacji i szeroka funkcjonalno\u015b\u0107.\" \/>\n<meta property=\"og:url\" content=\"https:\/\/elfsight.com\/pl\/bitrix-apps\/\" \/>\n<meta property=\"og:site_name\" content=\"Elfsight PL\" \/>\n<meta property=\"article:modified_time\" content=\"2021-04-21T13:36:45+00:00\" \/>\n<meta name=\"twitter:card\" content=\"summary_large_image\" \/>\n<meta name=\"twitter:label1\" content=\"Szacowany czas czytania\" \/>\n\t<meta name=\"twitter:data1\" content=\"2 minuty\" \/>\n<!-- \/ Yoast SEO plugin. -->","yoast_head_json":{"title":"Ponad 80 najlepszych darmowych Bitrix apps dla strony internetowej","description":"Zestaw wypr\u00f3bowanych nieodp\u0142atnych aplikacji dla twojej witryny sieci Web Bitrix. Pom\u00f3c przy personalizacji i szeroka funkcjonalno\u015b\u0107.","robots":{"index":"index","follow":"follow","max-snippet":"max-snippet:-1","max-image-preview":"max-image-preview:large","max-video-preview":"max-video-preview:-1"},"canonical":"https:\/\/elfsight.com\/pl\/bitrix-apps\/","og_locale":"pl_PL","og_type":"article","og_title":"Ponad 80 najlepszych darmowych Bitrix apps dla strony internetowej","og_description":"Zestaw wypr\u00f3bowanych nieodp\u0142atnych aplikacji dla twojej witryny sieci Web Bitrix. Pom\u00f3c przy personalizacji i szeroka funkcjonalno\u015b\u0107.","og_url":"https:\/\/elfsight.com\/pl\/bitrix-apps\/","og_site_name":"Elfsight PL","article_modified_time":"2021-04-21T13:36:45+00:00","twitter_card":"summary_large_image","twitter_misc":{"Szacowany czas czytania":"2 minuty"},"schema":{"@context":"https:\/\/schema.org","@graph":[{"@type":"WebPage","@id":"https:\/\/elfsight.com\/pl\/bitrix-apps\/","url":"https:\/\/elfsight.com\/pl\/bitrix-apps\/","name":"Ponad 80 najlepszych darmowych Bitrix apps dla strony internetowej","isPartOf":{"@id":"https:\/\/elfsight.com\/pl\/#website"},"datePublished":"2020-11-16T12:04:17+00:00","dateModified":"2021-04-21T13:36:45+00:00","description":"Zestaw wypr\u00f3bowanych nieodp\u0142atnych aplikacji dla twojej witryny sieci Web Bitrix. Pom\u00f3c przy personalizacji i szeroka funkcjonalno\u015b\u0107.","breadcrumb":{"@id":"https:\/\/elfsight.com\/pl\/bitrix-apps\/#breadcrumb"},"inLanguage":"pl-PL","potentialAction":[{"@type":"ReadAction","target":["https:\/\/elfsight.com\/pl\/bitrix-apps\/"]}]},{"@type":"BreadcrumbList","@id":"https:\/\/elfsight.com\/pl\/bitrix-apps\/#breadcrumb","itemListElement":[{"@type":"ListItem","position":1,"name":"Home","item":"https:\/\/elfsight.com\/pl\/"},{"@type":"ListItem","position":2,"name":"Bitrix apps"}]},{"@type":"WebSite","@id":"https:\/\/elfsight.com\/pl\/#website","url":"https:\/\/elfsight.com\/pl\/","name":"Elfsight PL","description":"Just another Elfsight Sites site","potentialAction":[{"@type":"SearchAction","target":{"@type":"EntryPoint","urlTemplate":"https:\/\/elfsight.com\/pl\/?s={search_term_string}"},"query-input":{"@type":"PropertyValueSpecification","valueRequired":true,"valueName":"search_term_string"}}],"inLanguage":"pl-PL"}]}},"meta_box":{"industry":"","seo_heading":"","heading":"","description":"","cta_heading":"","cta_description":"","application":"","h1":"Najlepsze aplikacje Bitrix","h1_caption":"Gratisowy pakiet rewelacyjnych plugin\u00f3w pierwszej klasy z szerok\u0105 gam\u0105 mo\u017cliwo\u015bci dla zwi\u0119kszenia zaanga\u017cowania u\u017cytkownika oraz wykonania wszystkich r\u00f3\u017cnych cel\u00f3w w zakresie rozwoju komercyjnego. Nieskomplikowana integracja, bogata oferta mo\u017cliwo\u015bci dostosowywania oraz wysoko wykwalifikowany serwis pomocy klienta.","application_category":[],"applications_title":"Obczaj najlepsze aplikacji dla twojej strony internetowej w\u015br\u00f3d wszystkich aplikacji darmowych w edytorze internetowym","applications_request_title":"Nie mo\u017cesz znale\u017a\u0107 odpowiedniej aplikacji?","applications_request_button_text":"Zam\u00f3w aplikacje","hero_text":"","hero_video":"","hero_video_schema_markup":"","selling_points_title":"","selling_points_caption":"","selling_points":[],"selling_points_cta_text":"","features_title":"","features":"","ed_cta_examples_text":"","ed_cta_examples_hidden":"","ed_cta_demo_text":"","ed_cta_demo_hidden":"","why_caption":"","why_editor_title":"","why_editor_text":"","why_team_title":"","why_team_text":"","why_service_title":"","why_service_text":"","template_catalog_visible":"","template_catalog_title":"","template_catalog_text":"","template_catalog_categories_visible":"","demo_title":"","demo_caption":"","default_faq_hidden":"","app_template_category":[],"platform":"217","template_public_id":"","codecanyon_url":"","codecanyon_item_id":"","codecanyon_price":"","pricing_caption":"","pricing_elfsight_apps_hide_column":"","pricing_elfsight_apps_url":"","pricing_codecanyon_price_caption":"","integration_category":[],"integration_request_title":"","integration_request_cta":"","integration_platform":"","integrations":[],"platform_category":[],"video_schema_markup":"","price":"","trial":"","benefits":[],"button_url":"","button_target_blank":"","button_nofollow":"","attributes":[],"tags":[],"tags_disable_links":"","hide_more_platforms":"","video_object":"","demo_hide_cta":"","demo_hide_cloud_options":"","pricing_title":"","pricing":[],"related_apps_title":"","related_apps_hidden":"","author":"","image":[],"title":"","job":"","social_networks":[]},"_links":{"self":[{"href":"https:\/\/elfsight.com\/pl\/wp-json\/wp\/v2\/pages\/220","targetHints":{"allow":["GET"]}}],"collection":[{"href":"https:\/\/elfsight.com\/pl\/wp-json\/wp\/v2\/pages"}],"about":[{"href":"https:\/\/elfsight.com\/pl\/wp-json\/wp\/v2\/types\/page"}],"author":[{"embeddable":true,"href":"https:\/\/elfsight.com\/pl\/wp-json\/wp\/v2\/users\/13"}],"replies":[{"embeddable":true,"href":"https:\/\/elfsight.com\/pl\/wp-json\/wp\/v2\/comments?post=220"}],"version-history":[{"count":2,"href":"https:\/\/elfsight.com\/pl\/wp-json\/wp\/v2\/pages\/220\/revisions"}],"predecessor-version":[{"id":222,"href":"https:\/\/elfsight.com\/pl\/wp-json\/wp\/v2\/pages\/220\/revisions\/222"}],"wp:attachment":[{"href":"https:\/\/elfsight.com\/pl\/wp-json\/wp\/v2\/media?parent=220"}],"curies":[{"name":"wp","href":"https:\/\/api.w.org\/{rel}","templated":true}]}}