{"id":2178,"date":"2021-02-16T14:41:26","date_gmt":"2021-02-16T14:41:26","guid":{"rendered":"https:\/\/elfsight.com\/pl\/?page_id=2178"},"modified":"2021-02-16T14:49:05","modified_gmt":"2021-02-16T14:49:05","slug":"examples","status":"publish","type":"page","link":"https:\/\/elfsight.com\/pl\/cookie-consent-widget\/examples\/","title":{"rendered":"Cookie Consent &#8211; Examples"},"content":{"rendered":"\n<div class=\"application-examples-item application-examples-item-loading\">\n                            <div class=\"col-row\">\n                                <div class=\"col-6 col-m-8 col-s-12\"><h3 class=\"application-examples-item-title\">Przyk\u0142ad 1: G\u00f3rny baner<\/h3><div class=\"application-examples-item-description\">W tym przyk\u0142adzie powiadomienie o plikach cookie jest umieszczone na g\u00f3rze strony jako baner. W tym przypadku powiadomienie o cookies jest umieszczone na g\u00f3rze strony jako baner. Przycisk OK s\u0142u\u017cy do zamkni\u0119cia banera po przeczytaniu tre\u015bci przez u\u017cytkownik\u00f3w. Aby poprawi\u0107 wygl\u0105d, obok tekstu znajduje si\u0119 \u0142adna ikona pliku cookie.<\/div><\/div>\n                <\/div>\n\n                <div class=\"application-examples-item-iframe-container browser-frame\">\n                    <div class=\"application-examples-item-iframe-wrapper\">\n                        <iframe class=\"application-examples-item-iframe\" data-src=\"https:\/\/elfsight.com\/examples?widget_id=6be6b5ff-40c2-4261-9ac2-56a7570836d2&padding=28px+40px+40px\" width=\"100%\" allow=\"autoplay; fullscreen\"><\/iframe>\n                    <\/div>\n\n                    <div class=\"application-examples-item-loader\"><\/div>\n                <\/div>\n            <\/div>\n\n<div class=\"application-examples-item application-examples-item-loading\">\n                            <div class=\"col-row\">\n                                <div class=\"col-6 col-m-8 col-s-12\"><h3 class=\"application-examples-item-title\">Przyk\u0142ad 2: Prawe pole p\u0142ywaj\u0105ce<\/h3><div class=\"application-examples-item-description\">Nie ma szans na przeoczenie powiadomienia o ruchomym polu, poniewa\u017c przesuwa si\u0119 ono wraz ze zwojem u\u017cytkownika i pozostaje widoczne przez ca\u0142y czas. Mo\u017cesz zobaczy\u0107, \u017ce okno ma dwa przyciski - Allow i Decline i oferuje u\u017cytkownikom wyra\u017cenie zgody na pliki cookie.<\/div><\/div>\n                <\/div>\n\n                <div class=\"application-examples-item-iframe-container browser-frame\">\n                    <div class=\"application-examples-item-iframe-wrapper\">\n                        <iframe class=\"application-examples-item-iframe\" data-src=\"https:\/\/elfsight.com\/examples?widget_id=52d099b5-48ce-4d31-bcbb-bf23f8116e5a&padding=28px+40px+40px\" width=\"100%\" allow=\"autoplay; fullscreen\"><\/iframe>\n                    <\/div>\n\n                    <div class=\"application-examples-item-loader\"><\/div>\n                <\/div>\n            <\/div>\n\n<div class=\"application-examples-item application-examples-item-loading\">\n                            <div class=\"col-row\">\n                                <div class=\"col-6 col-m-8 col-s-12\"><h3 class=\"application-examples-item-title\">Przyk\u0142ad 3: \u015arodkowe pole p\u0142ywaj\u0105ce<\/h3><div class=\"application-examples-item-description\">To jest naj\u0142atwiejszy i najpopularniejszy rodzaj powiadomienia o plikach cookie - wy\u015brodkowany pasek umieszczony na dole strony. Jest tylko kr\u00f3tki tekst powiadamiaj\u0105cy, bez przycisk\u00f3w ani dodatkowych element\u00f3w. Aby zamkn\u0105\u0107 okno, u\u017cytkownicy musz\u0105 po prostu klikn\u0105\u0107 krzy\u017cyk w prawym g\u00f3rnym rogu.<\/div><\/div>\n                <\/div>\n\n                <div class=\"application-examples-item-iframe-container browser-frame\">\n                    <div class=\"application-examples-item-iframe-wrapper\">\n                        <iframe class=\"application-examples-item-iframe\" data-src=\"https:\/\/elfsight.com\/examples?widget_id=c4139600-1d39-458f-9ec5-6c540c65531f&padding=28px+40px+40px\" width=\"100%\" allow=\"autoplay; fullscreen\"><\/iframe>\n                    <\/div>\n\n                    <div class=\"application-examples-item-loader\"><\/div>\n                <\/div>\n            <\/div>\n\n<div class=\"application-cta-create\">\n                    <div class=\"application-cta-create-bg\">\n                        <div class=\"application-cta-create-bg-left\"><\/div>\n\n                        <div class=\"application-cta-create-bg-right\">\n                            <img decoding=\"async\" src=\"https:\/\/elfsight.com\/pl\/wp-content\/themes\/elfsight\/frontend\/assets\/img\/application-cta-create.jpg\" alt=\"Zacznij od stworzenia swojego wid\u017cetu\">\n                        <\/div>\n                    <\/div>\n\n                    <div class=\"application-cta-create-content inner\">\n                        <div class=\"application-cta-create-content-inner\">\n                            <div class=\"application-cta-create-content-icon\">\n                                <svg viewBox=\"0 0 25 25\" width=\"100%\" height=\"100%\">\n                                    <use xlink:href=\"#icon-settings\"><\/use>\n                                <\/svg>\n                            <\/div>\n\n                            <div class=\"application-cta-create-content-title\">Zacznij od stworzenia swojego wid\u017cetu<\/div>\n\n                            <div class=\"application-cta-create-content-text\">Szybko. \u0141atwo. Bez kodowania.<\/div>\n\n                            <a class=\"application-cta-create-content-button button-48 button-has-right-icon button-black button\" href=\"\">\n                                <span class=\"button-label\">Utw\u00f3rz wid\u017cet<\/span>\n\n                                <svg class=\"button-icon\">\n                                    <use xlink:href=\"#icon-arrow-link\"><\/use>\n                                <\/svg>\n                            <\/a>\n                        <\/div>\n                    <\/div>\n                <\/div>\n\n<div class=\"application-examples-item application-examples-item-loading\">\n                            <div class=\"col-row\">\n                                <div class=\"col-6 col-m-8 col-s-12\"><h3 class=\"application-examples-item-title\">Przyk\u0142ad 4: Lewe pole p\u0142ywaj\u0105ce<\/h3><div class=\"application-examples-item-description\">Zobacz, jak mo\u017cesz ustawi\u0107 kompaktowe powiadomienie o plikach cookie, kt\u00f3re jest jednak do\u015b\u0107 tre\u015bciwe. To okno zawiera nie tylko tekst powiadomienia, ale tak\u017ce aktywny link do warunk\u00f3w korzystania z witryny. Tekst linku jest koloru niebieskiego, aby wskaza\u0107, \u017ce mo\u017cna go klikn\u0105\u0107.<\/div><\/div>\n                <\/div>\n\n                <div class=\"application-examples-item-iframe-container browser-frame\">\n                    <div class=\"application-examples-item-iframe-wrapper\">\n                        <iframe class=\"application-examples-item-iframe\" data-src=\"https:\/\/elfsight.com\/examples?widget_id=1ea10a66-e0c9-449c-ba43-9c8bed9fd096&padding=28px+40px+40px\" width=\"100%\" allow=\"autoplay; fullscreen\"><\/iframe>\n                    <\/div>\n\n                    <div class=\"application-examples-item-loader\"><\/div>\n                <\/div>\n            <\/div>\n\n<div class=\"application-examples-item application-examples-item-loading\">\n                            <div class=\"col-row\">\n                                <div class=\"col-6 col-m-8 col-s-12\"><h3 class=\"application-examples-item-title\">Przyk\u0142ad 5: Dolny baner<\/h3><div class=\"application-examples-item-description\">Mo\u017cesz ustawi\u0107 maksymalny kontrast okna powiadomienia o plikach cookie, u\u017cywaj\u0105c odpowiednich kolor\u00f3w. Tutaj t\u0142o jest czarne, a tekst powiadomienia bia\u0142y, a przycisk odwrotnie - z bia\u0142ym t\u0142em i czarn\u0105 etykiet\u0105. Tekst powiadomienia mo\u017cna \u0142atwo zmieni\u0107 w ustawieniach.<\/div><\/div>\n                <\/div>\n\n                <div class=\"application-examples-item-iframe-container browser-frame\">\n                    <div class=\"application-examples-item-iframe-wrapper\">\n                        <iframe class=\"application-examples-item-iframe\" data-src=\"https:\/\/elfsight.com\/examples?widget_id=60d75247-4026-4b20-aa40-89c0783399e0&padding=28px+40px+40px\" width=\"100%\" allow=\"autoplay; fullscreen\"><\/iframe>\n                    <\/div>\n\n                    <div class=\"application-examples-item-loader\"><\/div>\n                <\/div>\n            <\/div>\n","protected":false},"excerpt":{"rendered":"","protected":false},"author":13,"featured_media":0,"parent":2167,"menu_order":0,"comment_status":"closed","ping_status":"closed","template":"templates\/template-application-examples.php","meta":{"publish_to_discourse":"","publish_post_category":"","wpdc_auto_publish_overridden":"","wpdc_topic_tags":"","wpdc_pin_topic":"","wpdc_pin_until":"","discourse_post_id":"","discourse_permalink":"","wpdc_publishing_response":"","wpdc_publishing_error":"","footnotes":""},"class_list":["post-2178","page","type-page","status-publish","hentry"],"yoast_head":"<!-- This site is optimized with the Yoast SEO plugin v25.3.1 - https:\/\/yoast.com\/wordpress\/plugins\/seo\/ -->\n<title>5 najlepszych wzor\u00f3w Zgody na Cookies na stronach internetowych (2025)<\/title>\n<meta name=\"description\" content=\"TOP 5 przyk\u0142ad\u00f3w jak wstawi\u0107 na stron\u0119 informacj\u0119 o plikach cookies: g\u00f3rny baner, ruchome pole, dolny baner i inne szablony dla strony www.\" \/>\n<meta name=\"robots\" content=\"index, follow, max-snippet:-1, max-image-preview:large, max-video-preview:-1\" \/>\n<link rel=\"canonical\" href=\"https:\/\/elfsight.com\/pl\/cookie-consent-widget\/examples\/\" \/>\n<meta property=\"og:locale\" content=\"pl_PL\" \/>\n<meta property=\"og:type\" content=\"article\" \/>\n<meta property=\"og:title\" content=\"5 najlepszych wzor\u00f3w Zgody na Cookies na stronach internetowych (2025)\" \/>\n<meta property=\"og:description\" content=\"TOP 5 przyk\u0142ad\u00f3w jak wstawi\u0107 na stron\u0119 informacj\u0119 o plikach cookies: g\u00f3rny baner, ruchome pole, dolny baner i inne szablony dla strony www.\" \/>\n<meta property=\"og:url\" content=\"https:\/\/elfsight.com\/pl\/cookie-consent-widget\/examples\/\" \/>\n<meta property=\"og:site_name\" content=\"Elfsight PL\" \/>\n<meta property=\"article:modified_time\" content=\"2021-02-16T14:49:05+00:00\" \/>\n<meta name=\"twitter:card\" content=\"summary_large_image\" \/>\n<meta name=\"twitter:label1\" content=\"Szacowany czas czytania\" \/>\n\t<meta name=\"twitter:data1\" content=\"2 minuty\" \/>\n<!-- \/ Yoast SEO plugin. -->","yoast_head_json":{"title":"5 najlepszych wzor\u00f3w Zgody na Cookies na stronach internetowych (2025)","description":"TOP 5 przyk\u0142ad\u00f3w jak wstawi\u0107 na stron\u0119 informacj\u0119 o plikach cookies: g\u00f3rny baner, ruchome pole, dolny baner i inne szablony dla strony www.","robots":{"index":"index","follow":"follow","max-snippet":"max-snippet:-1","max-image-preview":"max-image-preview:large","max-video-preview":"max-video-preview:-1"},"canonical":"https:\/\/elfsight.com\/pl\/cookie-consent-widget\/examples\/","og_locale":"pl_PL","og_type":"article","og_title":"5 najlepszych wzor\u00f3w Zgody na Cookies na stronach internetowych (2025)","og_description":"TOP 5 przyk\u0142ad\u00f3w jak wstawi\u0107 na stron\u0119 informacj\u0119 o plikach cookies: g\u00f3rny baner, ruchome pole, dolny baner i inne szablony dla strony www.","og_url":"https:\/\/elfsight.com\/pl\/cookie-consent-widget\/examples\/","og_site_name":"Elfsight PL","article_modified_time":"2021-02-16T14:49:05+00:00","twitter_card":"summary_large_image","twitter_misc":{"Szacowany czas czytania":"2 minuty"},"schema":{"@context":"https:\/\/schema.org","@graph":[{"@type":"WebPage","@id":"https:\/\/elfsight.com\/pl\/cookie-consent-widget\/examples\/","url":"https:\/\/elfsight.com\/pl\/cookie-consent-widget\/examples\/","name":"5 najlepszych wzor\u00f3w Zgody na Cookies na stronach internetowych (2025)","isPartOf":{"@id":"https:\/\/elfsight.com\/pl\/#website"},"datePublished":"2021-02-16T14:41:26+00:00","dateModified":"2021-02-16T14:49:05+00:00","description":"TOP 5 przyk\u0142ad\u00f3w jak wstawi\u0107 na stron\u0119 informacj\u0119 o plikach cookies: g\u00f3rny baner, ruchome pole, dolny baner i inne szablony dla strony www.","breadcrumb":{"@id":"https:\/\/elfsight.com\/pl\/cookie-consent-widget\/examples\/#breadcrumb"},"inLanguage":"pl-PL","potentialAction":[{"@type":"ReadAction","target":["https:\/\/elfsight.com\/pl\/cookie-consent-widget\/examples\/"]}]},{"@type":"BreadcrumbList","@id":"https:\/\/elfsight.com\/pl\/cookie-consent-widget\/examples\/#breadcrumb","itemListElement":[{"@type":"ListItem","position":1,"name":"Home","item":"https:\/\/elfsight.com\/pl\/"},{"@type":"ListItem","position":2,"name":"Cookie Consent","item":"https:\/\/elfsight.com\/pl\/cookie-consent-widget\/"},{"@type":"ListItem","position":3,"name":"Cookie Consent &#8211; Examples"}]},{"@type":"WebSite","@id":"https:\/\/elfsight.com\/pl\/#website","url":"https:\/\/elfsight.com\/pl\/","name":"Elfsight PL","description":"Just another Elfsight Sites site","potentialAction":[{"@type":"SearchAction","target":{"@type":"EntryPoint","urlTemplate":"https:\/\/elfsight.com\/pl\/?s={search_term_string}"},"query-input":{"@type":"PropertyValueSpecification","valueRequired":true,"valueName":"search_term_string"}}],"inLanguage":"pl-PL"}]}},"meta_box":{"industry":"","seo_heading":"","heading":"","description":"","cta_heading":"","cta_description":"","application":"2166","h1":"","h1_caption":"","application_category":[],"applications_title":"","applications_request_title":"","applications_request_button_text":"","hero_text":"","hero_video":"","hero_video_schema_markup":"","selling_points_title":"","selling_points_caption":"","selling_points":[],"selling_points_cta_text":"","features_title":"","features":"","ed_cta_examples_text":"","ed_cta_examples_hidden":"","ed_cta_demo_text":"","ed_cta_demo_hidden":"","why_caption":"","why_editor_title":"","why_editor_text":"","why_team_title":"","why_team_text":"","why_service_title":"","why_service_text":"","template_catalog_visible":"","template_catalog_title":"","template_catalog_text":"","template_catalog_categories_visible":"","demo_title":"","demo_caption":"","default_faq_hidden":"","app_template_category":[],"platform":"","template_public_id":"","codecanyon_url":"","codecanyon_item_id":"","codecanyon_price":"","pricing_caption":"","pricing_elfsight_apps_hide_column":"","pricing_elfsight_apps_url":"","pricing_codecanyon_price_caption":"","integration_category":[],"integration_request_title":"","integration_request_cta":"","integration_platform":"","integrations":[],"platform_category":[],"video_schema_markup":"","price":"","trial":"","benefits":[],"button_url":"","button_target_blank":"","button_nofollow":"","attributes":[],"tags":[],"tags_disable_links":"","hide_more_platforms":"","video_object":"","demo_hide_cta":"","demo_hide_cloud_options":"","pricing_title":"","pricing":[],"related_apps_title":"","related_apps_hidden":"","author":"","image":[],"title":"","job":"","social_networks":[]},"_links":{"self":[{"href":"https:\/\/elfsight.com\/pl\/wp-json\/wp\/v2\/pages\/2178","targetHints":{"allow":["GET"]}}],"collection":[{"href":"https:\/\/elfsight.com\/pl\/wp-json\/wp\/v2\/pages"}],"about":[{"href":"https:\/\/elfsight.com\/pl\/wp-json\/wp\/v2\/types\/page"}],"author":[{"embeddable":true,"href":"https:\/\/elfsight.com\/pl\/wp-json\/wp\/v2\/users\/13"}],"replies":[{"embeddable":true,"href":"https:\/\/elfsight.com\/pl\/wp-json\/wp\/v2\/comments?post=2178"}],"version-history":[{"count":2,"href":"https:\/\/elfsight.com\/pl\/wp-json\/wp\/v2\/pages\/2178\/revisions"}],"predecessor-version":[{"id":2180,"href":"https:\/\/elfsight.com\/pl\/wp-json\/wp\/v2\/pages\/2178\/revisions\/2180"}],"up":[{"embeddable":true,"href":"https:\/\/elfsight.com\/pl\/wp-json\/wp\/v2\/pages\/2167"}],"wp:attachment":[{"href":"https:\/\/elfsight.com\/pl\/wp-json\/wp\/v2\/media?parent=2178"}],"curies":[{"name":"wp","href":"https:\/\/api.w.org\/{rel}","templated":true}]}}