{"id":2116,"date":"2021-02-11T16:17:12","date_gmt":"2021-02-11T16:17:12","guid":{"rendered":"https:\/\/elfsight.com\/pl\/?page_id=2116"},"modified":"2021-02-11T16:28:53","modified_gmt":"2021-02-11T16:28:53","slug":"examples","status":"publish","type":"page","link":"https:\/\/elfsight.com\/pl\/twitter-feed-widget\/examples\/","title":{"rendered":"Twitter Feed &#8211; Examples"},"content":{"rendered":"\n<div class=\"application-examples-item application-examples-item-loading\">\n                            <div class=\"col-row\">\n                                <div class=\"col-6 col-m-8 col-s-12\"><h3 class=\"application-examples-item-title\">Przyk\u0142ad 1: Chronologia profilu<\/h3><div class=\"application-examples-item-description\">Zademonstruj sw\u00f3j profil na Twitterze na stronie, zachowuj\u0105c jego oryginalny styl i wygl\u0105d. Wy\u015bwietli nag\u0142\u00f3wek ze wszystkimi licznikami i przycisk Follow oraz oznaczy Twoje konto specjalnym symbolem, je\u015bli zosta\u0142o zweryfikowane.<\/div><\/div>\n                <\/div>\n\n                <div class=\"application-examples-item-iframe-container browser-frame\">\n                    <div class=\"application-examples-item-iframe-wrapper\">\n                        <iframe class=\"application-examples-item-iframe\" data-src=\"https:\/\/elfsight.com\/examples?widget_id=d52b7ceb-a4d8-4564-93b4-6f1e6fdec1e9&padding=20px\" width=\"100%\" allow=\"autoplay; fullscreen\"><\/iframe>\n                    <\/div>\n\n                    <div class=\"application-examples-item-loader\"><\/div>\n                <\/div>\n            <\/div>\n\n\n<div class=\"application-examples-item application-examples-item-loading\">\n                            <div class=\"col-row\">\n                                <div class=\"col-6 col-m-8 col-s-12\"><h3 class=\"application-examples-item-title\">Przyk\u0142ad 2: Hashtag Feed<\/h3><div class=\"application-examples-item-description\">Zbieraj tweety wed\u0142ug hashtag\u00f3w, kt\u00f3rych potrzebujesz, aby stworzy\u0107 eleganck\u0105 galeri\u0119. Nag\u0142\u00f3wek jest wy\u0142\u0105czony, aby uzyska\u0107 czysty wygl\u0105d, a tre\u015b\u0107 jest podzielona na dwie kolumny. Tutaj wid\u017cet ma w\u0142asne proporcje: szeroko\u015b\u0107 i wysoko\u015b\u0107.<\/div><\/div>\n                <\/div>\n\n                <div class=\"application-examples-item-iframe-container browser-frame\">\n                    <div class=\"application-examples-item-iframe-wrapper\">\n                        <iframe class=\"application-examples-item-iframe\" data-src=\"https:\/\/elfsight.com\/examples?widget_id=8ae82660-4fa4-495e-b532-a1971f7f4f8f&padding=20px\" width=\"100%\" allow=\"autoplay; fullscreen\"><\/iframe>\n                    <\/div>\n\n                    <div class=\"application-examples-item-loader\"><\/div>\n                <\/div>\n            <\/div>\n\n\n<div class=\"application-cta-create\">\n                    <div class=\"application-cta-create-bg\">\n                        <div class=\"application-cta-create-bg-left\"><\/div>\n\n                        <div class=\"application-cta-create-bg-right\">\n                            <img decoding=\"async\" src=\"https:\/\/elfsight.com\/pl\/wp-content\/themes\/elfsight\/frontend\/assets\/img\/application-cta-create.jpg\" alt=\"Zacznij od stworzenia swojego wid\u017cetu\">\n                        <\/div>\n                    <\/div>\n\n                    <div class=\"application-cta-create-content inner\">\n                        <div class=\"application-cta-create-content-inner\">\n                            <div class=\"application-cta-create-content-icon\">\n                                <svg viewBox=\"0 0 25 25\" width=\"100%\" height=\"100%\">\n                                    <use xlink:href=\"#icon-settings\"><\/use>\n                                <\/svg>\n                            <\/div>\n\n                            <div class=\"application-cta-create-content-title\">Zacznij od stworzenia swojego wid\u017cetu<\/div>\n\n                            <div class=\"application-cta-create-content-text\">Szybko. \u0141atwo. Bez kodowania.<\/div>\n\n                            <a class=\"application-cta-create-content-button button-48 button-has-right-icon button-black button\" href=\"\">\n                                <span class=\"button-label\">Utw\u00f3rz wid\u017cet<\/span>\n\n                                <svg class=\"button-icon\">\n                                    <use xlink:href=\"#icon-arrow-link\"><\/use>\n                                <\/svg>\n                            <\/a>\n                        <\/div>\n                    <\/div>\n                <\/div>\n\n\n<div class=\"application-examples-item application-examples-item-loading\">\n                            <div class=\"col-row\">\n                                <div class=\"col-6 col-m-8 col-s-12\"><h3 class=\"application-examples-item-title\">Przyk\u0142ad 3: Referencje<\/h3><div class=\"application-examples-item-description\">Doskona\u0142y spos\u00f3b na zaprezentowanie opinii klient\u00f3w z Twittera i zwi\u0119kszenie zaufania do Twojej firmy. Znajd\u017a najlepsze tweety i dodaj je przez adresu URL do wid\u017cetu. Poka\u017ce to wyb\u00f3r post\u00f3w klient\u00f3w z ocenami gwiazdkowymi.<\/div><\/div>\n                <\/div>\n\n                <div class=\"application-examples-item-iframe-container browser-frame\">\n                    <div class=\"application-examples-item-iframe-wrapper\">\n                        <iframe class=\"application-examples-item-iframe\" data-src=\"https:\/\/elfsight.com\/examples?widget_id=2f75fb30-44d9-4446-bdf7-0eaf25711f4f&padding=20px\" width=\"100%\" allow=\"autoplay; fullscreen\"><\/iframe>\n                    <\/div>\n\n                    <div class=\"application-examples-item-loader\"><\/div>\n                <\/div>\n            <\/div>\n\n\n<div class=\"application-examples-item application-examples-item-loading\">\n                            <div class=\"col-row\">\n                                <div class=\"col-6 col-m-8 col-s-12\"><h3 class=\"application-examples-item-title\">Przyk\u0142ad 4: Sidebar Widget<\/h3><div class=\"application-examples-item-description\">Feed w  pasku bocznym to jest dobry spos\u00f3b na zintegrowanie Twittera ze swoj\u0105 stron\u0105. Mo\u017cesz \u0142atwo zmieni\u0107 proporcje wid\u017cetu, aby pasowa\u0142 do paska bocznego. Opcje kolor\u00f3w pomog\u0105 Ci znale\u017a\u0107 idealne dopasowanie do designu strony internetowej.<\/div><\/div>\n                <\/div>\n\n                <div class=\"application-examples-item-iframe-container browser-frame\">\n                    <div class=\"application-examples-item-iframe-wrapper\">\n                        <iframe class=\"application-examples-item-iframe\" data-src=\"https:\/\/elfsight.com\/examples?widget_id=3787ae64-7651-430f-a78e-06d97502778d&padding=20px\" width=\"100%\" allow=\"autoplay; fullscreen\"><\/iframe>\n                    <\/div>\n\n                    <div class=\"application-examples-item-loader\"><\/div>\n                <\/div>\n            <\/div>\n\n\n<div class=\"application-examples-item application-examples-item-loading\">\n                            <div class=\"col-row\">\n                                <div class=\"col-6 col-m-8 col-s-12\"><h3 class=\"application-examples-item-title\">Przyk\u0142ad 5: Siatka Tweet\u00f3w<\/h3><div class=\"application-examples-item-description\">Tworzenie naprawd\u0119 imponuj\u0105cej siatki tweet\u00f3w jest \u0142atwe. Kilkoma klikni\u0119ciami zwi\u0119ksz rozmiar wid\u017cetu, aby wy\u015bwietla\u0107 du\u017ce zdj\u0119cia, wy\u0142\u0105cz nag\u0142\u00f3wek i pozostaw aktywnymi tylko najwa\u017cniejsze elementy postu. To bardzo szybkie, aby przyci\u0105gn\u0105\u0107 uwag\u0119 widza do Twojego Feeda.<\/div><\/div>\n                <\/div>\n\n                <div class=\"application-examples-item-iframe-container browser-frame\">\n                    <div class=\"application-examples-item-iframe-wrapper\">\n                        <iframe class=\"application-examples-item-iframe\" data-src=\"https:\/\/elfsight.com\/examples?widget_id=b9c63d66-d8bb-4851-b307-5b07cf152ce1&padding=20px\" width=\"100%\" allow=\"autoplay; fullscreen\"><\/iframe>\n                    <\/div>\n\n                    <div class=\"application-examples-item-loader\"><\/div>\n                <\/div>\n            <\/div>\n","protected":false},"excerpt":{"rendered":"","protected":false},"author":13,"featured_media":0,"parent":2100,"menu_order":0,"comment_status":"closed","ping_status":"closed","template":"templates\/template-application-examples.php","meta":{"publish_to_discourse":"","publish_post_category":"","wpdc_auto_publish_overridden":"","wpdc_topic_tags":"","wpdc_pin_topic":"","wpdc_pin_until":"","discourse_post_id":"","discourse_permalink":"","wpdc_publishing_response":"","wpdc_publishing_error":"","footnotes":""},"class_list":["post-2116","page","type-page","status-publish","hentry"],"yoast_head":"<!-- This site is optimized with the Yoast SEO plugin v25.3.1 - https:\/\/yoast.com\/wordpress\/plugins\/seo\/ -->\n<title>Wtyczka Twitter - przyk\u0142ady Twitter Feed na stronie internetowej<\/title>\n<meta name=\"description\" content=\"TOP 5 przyk\u0142ad\u00f3w widgetu Twitter Feed: chronologia profil, hashtag feed, referencje, widget paska bocznego, siatka tweet\u00f3w i inne szablony.\" \/>\n<meta name=\"robots\" content=\"index, follow, max-snippet:-1, max-image-preview:large, max-video-preview:-1\" \/>\n<link rel=\"canonical\" href=\"https:\/\/elfsight.com\/pl\/twitter-feed-widget\/examples\/\" \/>\n<meta property=\"og:locale\" content=\"pl_PL\" \/>\n<meta property=\"og:type\" content=\"article\" \/>\n<meta property=\"og:title\" content=\"Wtyczka Twitter - przyk\u0142ady Twitter Feed na stronie internetowej\" \/>\n<meta property=\"og:description\" content=\"TOP 5 przyk\u0142ad\u00f3w widgetu Twitter Feed: chronologia profil, hashtag feed, referencje, widget paska bocznego, siatka tweet\u00f3w i inne szablony.\" \/>\n<meta property=\"og:url\" content=\"https:\/\/elfsight.com\/pl\/twitter-feed-widget\/examples\/\" \/>\n<meta property=\"og:site_name\" content=\"Elfsight PL\" \/>\n<meta property=\"article:modified_time\" content=\"2021-02-11T16:28:53+00:00\" \/>\n<meta name=\"twitter:card\" content=\"summary_large_image\" \/>\n<meta name=\"twitter:label1\" content=\"Szacowany czas czytania\" \/>\n\t<meta name=\"twitter:data1\" content=\"2 minuty\" \/>\n<!-- \/ Yoast SEO plugin. -->","yoast_head_json":{"title":"Wtyczka Twitter - przyk\u0142ady Twitter Feed na stronie internetowej","description":"TOP 5 przyk\u0142ad\u00f3w widgetu Twitter Feed: chronologia profil, hashtag feed, referencje, widget paska bocznego, siatka tweet\u00f3w i inne szablony.","robots":{"index":"index","follow":"follow","max-snippet":"max-snippet:-1","max-image-preview":"max-image-preview:large","max-video-preview":"max-video-preview:-1"},"canonical":"https:\/\/elfsight.com\/pl\/twitter-feed-widget\/examples\/","og_locale":"pl_PL","og_type":"article","og_title":"Wtyczka Twitter - przyk\u0142ady Twitter Feed na stronie internetowej","og_description":"TOP 5 przyk\u0142ad\u00f3w widgetu Twitter Feed: chronologia profil, hashtag feed, referencje, widget paska bocznego, siatka tweet\u00f3w i inne szablony.","og_url":"https:\/\/elfsight.com\/pl\/twitter-feed-widget\/examples\/","og_site_name":"Elfsight PL","article_modified_time":"2021-02-11T16:28:53+00:00","twitter_card":"summary_large_image","twitter_misc":{"Szacowany czas czytania":"2 minuty"},"schema":{"@context":"https:\/\/schema.org","@graph":[{"@type":"WebPage","@id":"https:\/\/elfsight.com\/pl\/twitter-feed-widget\/examples\/","url":"https:\/\/elfsight.com\/pl\/twitter-feed-widget\/examples\/","name":"Wtyczka Twitter - przyk\u0142ady Twitter Feed na stronie internetowej","isPartOf":{"@id":"https:\/\/elfsight.com\/pl\/#website"},"datePublished":"2021-02-11T16:17:12+00:00","dateModified":"2021-02-11T16:28:53+00:00","description":"TOP 5 przyk\u0142ad\u00f3w widgetu Twitter Feed: chronologia profil, hashtag feed, referencje, widget paska bocznego, siatka tweet\u00f3w i inne szablony.","breadcrumb":{"@id":"https:\/\/elfsight.com\/pl\/twitter-feed-widget\/examples\/#breadcrumb"},"inLanguage":"pl-PL","potentialAction":[{"@type":"ReadAction","target":["https:\/\/elfsight.com\/pl\/twitter-feed-widget\/examples\/"]}]},{"@type":"BreadcrumbList","@id":"https:\/\/elfsight.com\/pl\/twitter-feed-widget\/examples\/#breadcrumb","itemListElement":[{"@type":"ListItem","position":1,"name":"Home","item":"https:\/\/elfsight.com\/pl\/"},{"@type":"ListItem","position":2,"name":"Twitter Feed","item":"https:\/\/elfsight.com\/pl\/twitter-feed-widget\/"},{"@type":"ListItem","position":3,"name":"Twitter Feed &#8211; Examples"}]},{"@type":"WebSite","@id":"https:\/\/elfsight.com\/pl\/#website","url":"https:\/\/elfsight.com\/pl\/","name":"Elfsight PL","description":"Just another Elfsight Sites site","potentialAction":[{"@type":"SearchAction","target":{"@type":"EntryPoint","urlTemplate":"https:\/\/elfsight.com\/pl\/?s={search_term_string}"},"query-input":{"@type":"PropertyValueSpecification","valueRequired":true,"valueName":"search_term_string"}}],"inLanguage":"pl-PL"}]}},"meta_box":{"industry":"","seo_heading":"","heading":"","description":"","cta_heading":"","cta_description":"","application":"2099","h1":"","h1_caption":"","application_category":[],"applications_title":"","applications_request_title":"","applications_request_button_text":"","hero_text":"","hero_video":"","hero_video_schema_markup":"","selling_points_title":"","selling_points_caption":"","selling_points":[],"selling_points_cta_text":"","features_title":"","features":"","ed_cta_examples_text":"","ed_cta_examples_hidden":"","ed_cta_demo_text":"","ed_cta_demo_hidden":"","why_caption":"","why_editor_title":"","why_editor_text":"","why_team_title":"","why_team_text":"","why_service_title":"","why_service_text":"","template_catalog_visible":"","template_catalog_title":"","template_catalog_text":"","template_catalog_categories_visible":"","demo_title":"","demo_caption":"","default_faq_hidden":"","app_template_category":[],"platform":"","template_public_id":"","codecanyon_url":"","codecanyon_item_id":"","codecanyon_price":"","pricing_caption":"","pricing_elfsight_apps_hide_column":"","pricing_elfsight_apps_url":"","pricing_codecanyon_price_caption":"","integration_category":[],"integration_request_title":"","integration_request_cta":"","integration_platform":"","integrations":[],"platform_category":[],"video_schema_markup":"","price":"","trial":"","benefits":[],"button_url":"","button_target_blank":"","button_nofollow":"","attributes":[],"tags":[],"tags_disable_links":"","hide_more_platforms":"","video_object":"","demo_hide_cta":"","demo_hide_cloud_options":"","pricing_title":"","pricing":[],"related_apps_title":"","related_apps_hidden":"","author":"","image":[],"title":"","job":"","social_networks":[]},"_links":{"self":[{"href":"https:\/\/elfsight.com\/pl\/wp-json\/wp\/v2\/pages\/2116","targetHints":{"allow":["GET"]}}],"collection":[{"href":"https:\/\/elfsight.com\/pl\/wp-json\/wp\/v2\/pages"}],"about":[{"href":"https:\/\/elfsight.com\/pl\/wp-json\/wp\/v2\/types\/page"}],"author":[{"embeddable":true,"href":"https:\/\/elfsight.com\/pl\/wp-json\/wp\/v2\/users\/13"}],"replies":[{"embeddable":true,"href":"https:\/\/elfsight.com\/pl\/wp-json\/wp\/v2\/comments?post=2116"}],"version-history":[{"count":5,"href":"https:\/\/elfsight.com\/pl\/wp-json\/wp\/v2\/pages\/2116\/revisions"}],"predecessor-version":[{"id":2121,"href":"https:\/\/elfsight.com\/pl\/wp-json\/wp\/v2\/pages\/2116\/revisions\/2121"}],"up":[{"embeddable":true,"href":"https:\/\/elfsight.com\/pl\/wp-json\/wp\/v2\/pages\/2100"}],"wp:attachment":[{"href":"https:\/\/elfsight.com\/pl\/wp-json\/wp\/v2\/media?parent=2116"}],"curies":[{"name":"wp","href":"https:\/\/api.w.org\/{rel}","templated":true}]}}