{"id":209,"date":"2020-11-16T10:27:28","date_gmt":"2020-11-16T10:27:28","guid":{"rendered":"https:\/\/elfsight.com\/pl\/?page_id=209"},"modified":"2021-04-21T13:36:25","modified_gmt":"2021-04-21T13:36:25","slug":"visual-composer-widgets","status":"publish","type":"page","link":"https:\/\/elfsight.com\/pl\/visual-composer-widgets\/","title":{"rendered":"Visual Composer widgets"},"content":{"rendered":"\n<h2>Najskuteczniejsze widgety Elfsight dla aktualizacji twojej witryny internetowej Visual Composer<\/h2>\n\n<p>Na przestrzeni szeregu lat nasz team programist\u00f3w Elfsight projektuje przyjazne dla u\u017cytkownika i wszechstronne rozszerzenia chmurowe dla Twojej witryny internetowej. Nasz zesp\u00f3\u0142 gwarantuj\u0105 najwy\u017cszej klasy pomoc techniczn\u0105 i szybko\u015b\u0107 wczytywania. Us\u0142ugi aplikacyjne Elfsight pomagaj\u0105 w\u0142a\u015bcicielom sklep\u00f3w www, niekomercyjnych oraz wielu innym z r\u00f3\u017cnych kraj\u00f3w \u015bwiata upora\u0107 si\u0119 z r\u00f3\u017cnymi problemami bardziej racjonalnie. \n<\/p>\n\n<p>Aby powi\u0119kszy\u0107 sprzeda\u017c, wykaza\u0107 pozytywne referencje na Pa\u0144stwa oferty, zwi\u0119kszy\u0107 zaufanie do swojej marki, wystarczy zainstalowa\u0107 dodatek do Twojej strony Web. Nasze plany subskrypcji wahaj\u0105 si\u0119 od bezp\u0142atnych do premium. Spr\u00f3buj w\u0142\u0105czy\u0107 wszelkie odpowiednie dodatki przy u\u017cyciu naszej demonstracji i zobacz jak bardzo to b\u0119dzie wa\u017cne w kwestii rozwoju witryny Twojego biznesu. <\/p>\n\n<h2>Dlaczego nasze dodatki Elfsight s\u0105 tak wyj\u0105tkowymi instrumentami dla Twojej strony www? <\/h2>\n\n<p> Tu jest spis istotnych jako\u015bci naszych plugin\u00f3w, kt\u00f3re umo\u017cliwiaj\u0105 nam wyprzedzi\u0107 konkurencj\u0119: <\/p>\n\n\n<ul>\n<li> Nieodp\u0142atna i szybka wsparcie przy dodaniu lub dostosowywanie dodatk\u00f3w; <\/li>\n<li> Adaptacja do wszystkich rozdzielczo\u015bci witryn internetowych i dostosowane do urz\u0105dze\u0144 mobilnych; <\/li>\n<li> Nie musicie uczysz si\u0119 kodowania; <\/li>\n<li> Bogata oferta mo\u017cliwo\u015bci personalizacji; <\/li>\n<li> Przechowywanie danych chmurze pomagaj\u0105 zwi\u0119kszy\u0107 szybko\u015b\u0107 \u0142adowania serwisu; <\/li>\n<li> Wszystkie dost\u0119pne poprawki s\u0105 nieodp\u0142atne i regularne; <\/li>\n<li> Przyst\u0119pne ceny; <\/li>\n<li> Szybka pomoc z problemami klient\u00f3w. <\/li>\n<\/ul>\n\n<p> Sprawd\u017a bezp\u0142atne opcje naszych wid\u017cet\u00f3w i osi\u0105gnij jej potencja\u0142 lub kup dowolne wymagane rozwi\u0105zanie z 20% zni\u017ck\u0105. <\/p>\n\n\n<h2> Jak do\u0142\u0105czy\u0107 Pa\u0144stwa wtyczki Elfsight na stronie internetowej Visual Composer <\/h2>\n\n<p> Mo\u017cesz do\u0142\u0105czy\u0107 pluginy, wykonaj nast\u0119pnie etapy z \u0142atwej wskaz\u00f3wki: <\/p>\n\n\n<ol>\n<li> Kliknij na przydatn\u0105 wtyczk\u0119; <\/li>\n<li> Dostosuj przydatne konfiguracji; <\/li>\n<li> Kliknij przycisk &#8222;Zapisz Zmiany&#8221;; <\/li>\n<li> Skopiuj generowany kod; <\/li>\n<li> Zainstaluj ten kod instalacyjny w odpowiednim miejscu swojej witryny lub szablonu; <\/li>\n<li> Gotowe! Z powodzeniem doda\u0142e\u015b dodatek. <\/li>\n<\/ol>\n\n<p> Je\u015bli chcesz uzyska\u0107 pomoc, prosimy zwr\u00f3ci\u0107 si\u0119 do zespo\u0142u wspieraj\u0105cego Elfsight. <\/p>\n","protected":false},"excerpt":{"rendered":"Najskuteczniejsze widgety Elfsight dla aktualizacji twojej witryny internetowej Visual Composer Na przestrzeni szeregu lat nasz team programist\u00f3w Elfsight projektuje przyjazne dla u\u017cytkownika i wszechstronne rozszerzenia chmurowe dla Twojej witryny internetowej. Nasz zesp\u00f3\u0142 gwarantuj\u0105 najwy\u017cszej klasy pomoc techniczn\u0105 i szybko\u015b\u0107 wczytywania. Us\u0142ugi aplikacyjne Elfsight pomagaj\u0105 w\u0142a\u015bcicielom sklep\u00f3w www, niekomercyjnych oraz wielu&#8230;","protected":false},"author":13,"featured_media":0,"parent":0,"menu_order":0,"comment_status":"closed","ping_status":"closed","template":"templates\/template-platform.php","meta":{"publish_to_discourse":"","publish_post_category":"","wpdc_auto_publish_overridden":"","wpdc_topic_tags":"","wpdc_pin_topic":"","wpdc_pin_until":"","discourse_post_id":"","discourse_permalink":"","wpdc_publishing_response":"","wpdc_publishing_error":"","footnotes":""},"class_list":["post-209","page","type-page","status-publish","hentry"],"yoast_head":"<!-- This site is optimized with the Yoast SEO plugin v25.3.1 - https:\/\/yoast.com\/wordpress\/plugins\/seo\/ -->\n<title>Ponad 80 najlepszych Visual composer wid\u017cet\u00f3w dla strony internetowej<\/title>\n<meta name=\"description\" content=\"Kolekcja gratisowych wtyczek pierwszej klasy dla twojej strony www Visual Composer. Pom\u00f3c z personalizacj\u0105 a tak\u017ce szeroka gama mo\u017cliwo\u015bci.\" \/>\n<meta name=\"robots\" content=\"index, follow, max-snippet:-1, max-image-preview:large, max-video-preview:-1\" \/>\n<link rel=\"canonical\" href=\"https:\/\/elfsight.com\/pl\/visual-composer-widgets\/\" \/>\n<meta property=\"og:locale\" content=\"pl_PL\" \/>\n<meta property=\"og:type\" content=\"article\" \/>\n<meta property=\"og:title\" content=\"Ponad 80 najlepszych Visual composer wid\u017cet\u00f3w dla strony internetowej\" \/>\n<meta property=\"og:description\" content=\"Kolekcja gratisowych wtyczek pierwszej klasy dla twojej strony www Visual Composer. Pom\u00f3c z personalizacj\u0105 a tak\u017ce szeroka gama mo\u017cliwo\u015bci.\" \/>\n<meta property=\"og:url\" content=\"https:\/\/elfsight.com\/pl\/visual-composer-widgets\/\" \/>\n<meta property=\"og:site_name\" content=\"Elfsight PL\" \/>\n<meta property=\"article:modified_time\" content=\"2021-04-21T13:36:25+00:00\" \/>\n<meta name=\"twitter:card\" content=\"summary_large_image\" \/>\n<meta name=\"twitter:label1\" content=\"Szacowany czas czytania\" \/>\n\t<meta name=\"twitter:data1\" content=\"2 minuty\" \/>\n<!-- \/ Yoast SEO plugin. -->","yoast_head_json":{"title":"Ponad 80 najlepszych Visual composer wid\u017cet\u00f3w dla strony internetowej","description":"Kolekcja gratisowych wtyczek pierwszej klasy dla twojej strony www Visual Composer. Pom\u00f3c z personalizacj\u0105 a tak\u017ce szeroka gama mo\u017cliwo\u015bci.","robots":{"index":"index","follow":"follow","max-snippet":"max-snippet:-1","max-image-preview":"max-image-preview:large","max-video-preview":"max-video-preview:-1"},"canonical":"https:\/\/elfsight.com\/pl\/visual-composer-widgets\/","og_locale":"pl_PL","og_type":"article","og_title":"Ponad 80 najlepszych Visual composer wid\u017cet\u00f3w dla strony internetowej","og_description":"Kolekcja gratisowych wtyczek pierwszej klasy dla twojej strony www Visual Composer. Pom\u00f3c z personalizacj\u0105 a tak\u017ce szeroka gama mo\u017cliwo\u015bci.","og_url":"https:\/\/elfsight.com\/pl\/visual-composer-widgets\/","og_site_name":"Elfsight PL","article_modified_time":"2021-04-21T13:36:25+00:00","twitter_card":"summary_large_image","twitter_misc":{"Szacowany czas czytania":"2 minuty"},"schema":{"@context":"https:\/\/schema.org","@graph":[{"@type":"WebPage","@id":"https:\/\/elfsight.com\/pl\/visual-composer-widgets\/","url":"https:\/\/elfsight.com\/pl\/visual-composer-widgets\/","name":"Ponad 80 najlepszych Visual composer wid\u017cet\u00f3w dla strony internetowej","isPartOf":{"@id":"https:\/\/elfsight.com\/pl\/#website"},"datePublished":"2020-11-16T10:27:28+00:00","dateModified":"2021-04-21T13:36:25+00:00","description":"Kolekcja gratisowych wtyczek pierwszej klasy dla twojej strony www Visual Composer. Pom\u00f3c z personalizacj\u0105 a tak\u017ce szeroka gama mo\u017cliwo\u015bci.","breadcrumb":{"@id":"https:\/\/elfsight.com\/pl\/visual-composer-widgets\/#breadcrumb"},"inLanguage":"pl-PL","potentialAction":[{"@type":"ReadAction","target":["https:\/\/elfsight.com\/pl\/visual-composer-widgets\/"]}]},{"@type":"BreadcrumbList","@id":"https:\/\/elfsight.com\/pl\/visual-composer-widgets\/#breadcrumb","itemListElement":[{"@type":"ListItem","position":1,"name":"Home","item":"https:\/\/elfsight.com\/pl\/"},{"@type":"ListItem","position":2,"name":"Visual Composer widgets"}]},{"@type":"WebSite","@id":"https:\/\/elfsight.com\/pl\/#website","url":"https:\/\/elfsight.com\/pl\/","name":"Elfsight PL","description":"Just another Elfsight Sites site","potentialAction":[{"@type":"SearchAction","target":{"@type":"EntryPoint","urlTemplate":"https:\/\/elfsight.com\/pl\/?s={search_term_string}"},"query-input":{"@type":"PropertyValueSpecification","valueRequired":true,"valueName":"search_term_string"}}],"inLanguage":"pl-PL"}]}},"meta_box":{"industry":"","seo_heading":"","heading":"","description":"","cta_heading":"","cta_description":"","application":"","h1":"Najlepsze widgety Visual Composer","h1_caption":"Gratisowy katalog gotowych do u\u017cycia element\u00f3w interfejsu wysokiej klasy z szerok\u0105 gam\u0105 funkcjonalno\u015bci dla powi\u0119kszania sprzeda\u017cy i realizacji wszystkich r\u00f3\u017cnych zada\u0144 w zakresie rozwoju komercyjnego. \u0141atwa integracja, obszerny wyb\u00f3r mo\u017cliwo\u015bci personalizacji oraz do\u017cywotnia obs\u0142uga klienta.","application_category":[],"applications_title":"Spotkaj najlepsze wtyczki dla twojej witryny internetowej w\u015br\u00f3d wszystkich wid\u017cet\u00f3w gratisowych w edytorze internetowym","applications_request_title":"Nie mo\u017cesz znale\u017a\u0107 odpowiedniego widgeta?","applications_request_button_text":"Zam\u00f3w widget","hero_text":"","hero_video":"","hero_video_schema_markup":"","selling_points_title":"","selling_points_caption":"","selling_points":[],"selling_points_cta_text":"","features_title":"","features":"","ed_cta_examples_text":"","ed_cta_examples_hidden":"","ed_cta_demo_text":"","ed_cta_demo_hidden":"","why_caption":"","why_editor_title":"","why_editor_text":"","why_team_title":"","why_team_text":"","why_service_title":"","why_service_text":"","template_catalog_visible":"","template_catalog_title":"","template_catalog_text":"","template_catalog_categories_visible":"","demo_title":"","demo_caption":"","default_faq_hidden":"","app_template_category":[],"platform":"206","template_public_id":"","codecanyon_url":"","codecanyon_item_id":"","codecanyon_price":"","pricing_caption":"","pricing_elfsight_apps_hide_column":"","pricing_elfsight_apps_url":"","pricing_codecanyon_price_caption":"","integration_category":[],"integration_request_title":"","integration_request_cta":"","integration_platform":"","integrations":[],"platform_category":[],"video_schema_markup":"","price":"","trial":"","benefits":[],"button_url":"","button_target_blank":"","button_nofollow":"","attributes":[],"tags":[],"tags_disable_links":"","hide_more_platforms":"","video_object":"","demo_hide_cta":"","demo_hide_cloud_options":"","pricing_title":"","pricing":[],"related_apps_title":"","related_apps_hidden":"","author":"","image":[],"title":"","job":"","social_networks":[]},"_links":{"self":[{"href":"https:\/\/elfsight.com\/pl\/wp-json\/wp\/v2\/pages\/209","targetHints":{"allow":["GET"]}}],"collection":[{"href":"https:\/\/elfsight.com\/pl\/wp-json\/wp\/v2\/pages"}],"about":[{"href":"https:\/\/elfsight.com\/pl\/wp-json\/wp\/v2\/types\/page"}],"author":[{"embeddable":true,"href":"https:\/\/elfsight.com\/pl\/wp-json\/wp\/v2\/users\/13"}],"replies":[{"embeddable":true,"href":"https:\/\/elfsight.com\/pl\/wp-json\/wp\/v2\/comments?post=209"}],"version-history":[{"count":2,"href":"https:\/\/elfsight.com\/pl\/wp-json\/wp\/v2\/pages\/209\/revisions"}],"predecessor-version":[{"id":211,"href":"https:\/\/elfsight.com\/pl\/wp-json\/wp\/v2\/pages\/209\/revisions\/211"}],"wp:attachment":[{"href":"https:\/\/elfsight.com\/pl\/wp-json\/wp\/v2\/media?parent=209"}],"curies":[{"name":"wp","href":"https:\/\/api.w.org\/{rel}","templated":true}]}}