{"id":2082,"date":"2021-02-08T12:39:51","date_gmt":"2021-02-08T12:39:51","guid":{"rendered":"https:\/\/elfsight.com\/pl\/?page_id=2082"},"modified":"2021-02-08T12:47:57","modified_gmt":"2021-02-08T12:47:57","slug":"examples","status":"publish","type":"page","link":"https:\/\/elfsight.com\/pl\/accordion-faq-widget\/examples\/","title":{"rendered":"FAQ &#8211; Examples"},"content":{"rendered":"\n<div class=\"application-examples-item application-examples-item-loading\">\n                            <div class=\"col-row\">\n                                <div class=\"col-6 col-m-8 col-s-12\"><h3 class=\"application-examples-item-title\">1: Przyk\u0142ad Harmonika FAQ<\/h3><div class=\"application-examples-item-description\">Uk\u0142ad harmonijki ma ukryte wszystkie odpowiedzi i wy\u015bwietla odpowied\u017a po klikni\u0119ciu pytania. Dzi\u0119ki temu wid\u017cet jest kompaktowy i przejrzysty, a Ty mo\u017cesz tworzy\u0107 d\u0142ugie szczeg\u00f3\u0142owe odpowiedzi i unika\u0107 ba\u0142aganu na stronie.<\/div><\/div>\n                <\/div>\n\n                <div class=\"application-examples-item-iframe-container browser-frame\">\n                    <div class=\"application-examples-item-iframe-wrapper\">\n                        <iframe class=\"application-examples-item-iframe\" data-src=\"https:\/\/elfsight.com\/examples?widget_id=fee2873a-0c2b-4f96-8b32-7a5d55e58f87&padding=20px+40px+40px\" width=\"100%\" allow=\"autoplay; fullscreen\"><\/iframe>\n                    <\/div>\n\n                    <div class=\"application-examples-item-loader\"><\/div>\n                <\/div>\n            <\/div>\n<div class=\"application-examples-item application-examples-item-loading\">\n                            <div class=\"col-row\">\n                                <div class=\"col-6 col-m-8 col-s-12\"><h3 class=\"application-examples-item-title\">2: Przyk\u0142ad Kategorii<\/h3><div class=\"application-examples-item-description\">Podzia\u0142 pyta\u0144 na kategorie nadaje struktur\u0119 i u\u0142atwia odwiedzaj\u0105cym stron\u0119 znalezienie potrzebnych informacji. Nazwy kategorii mo\u017cna edytowa\u0107 i kolorowa\u0107. Mo\u017cesz tak\u017ce wybra\u0107 dla nich ikony.<\/div><\/div>\n                <\/div>\n\n                <div class=\"application-examples-item-iframe-container browser-frame\">\n                    <div class=\"application-examples-item-iframe-wrapper\">\n                        <iframe class=\"application-examples-item-iframe\" data-src=\"https:\/\/elfsight.com\/examples?widget_id=049a0bad-30cf-45a8-8548-1d5e9b68cfeb&padding=20px+40px+40px\" width=\"100%\" allow=\"autoplay; fullscreen\"><\/iframe>\n                    <\/div>\n\n                    <div class=\"application-examples-item-loader\"><\/div>\n                <\/div>\n            <\/div>\n<div class=\"application-examples-item application-examples-item-loading\">\n                            <div class=\"col-row\">\n                                <div class=\"col-6 col-m-8 col-s-12\"><h3 class=\"application-examples-item-title\">3: Przyk\u0142ad Prostego FAQ<\/h3><div class=\"application-examples-item-description\">Najcz\u0119stszy spos\u00f3b prezentacji FAQ - prosta klasyczna lista pyta\u0144 z odpowiedziami poni\u017cej. Dobry wariant, je\u015bli nie ma du\u017co tekstu, a liczba pyta\u0144 nie jest wielka.<\/div><\/div>\n                <\/div>\n\n                <div class=\"application-examples-item-iframe-container browser-frame\">\n                    <div class=\"application-examples-item-iframe-wrapper\">\n                        <iframe class=\"application-examples-item-iframe\" data-src=\"https:\/\/elfsight.com\/examples?widget_id=477dcc89-ab4d-4143-baa9-2504771312d3&padding=20px+40px+40px\" width=\"100%\" allow=\"autoplay; fullscreen\"><\/iframe>\n                    <\/div>\n\n                    <div class=\"application-examples-item-loader\"><\/div>\n                <\/div>\n            <\/div>\n<div class=\"application-cta-create\">\n                    <div class=\"application-cta-create-bg\">\n                        <div class=\"application-cta-create-bg-left\"><\/div>\n\n                        <div class=\"application-cta-create-bg-right\">\n                            <img decoding=\"async\" src=\"https:\/\/elfsight.com\/pl\/wp-content\/themes\/elfsight\/frontend\/assets\/img\/application-cta-create.jpg\" alt=\"Zacznij od stworzenia swojego wid\u017cetu\">\n                        <\/div>\n                    <\/div>\n\n                    <div class=\"application-cta-create-content inner\">\n                        <div class=\"application-cta-create-content-inner\">\n                            <div class=\"application-cta-create-content-icon\">\n                                <svg viewBox=\"0 0 25 25\" width=\"100%\" height=\"100%\">\n                                    <use xlink:href=\"#icon-settings\"><\/use>\n                                <\/svg>\n                            <\/div>\n\n                            <div class=\"application-cta-create-content-title\">Zacznij od stworzenia swojego wid\u017cetu<\/div>\n\n                            <div class=\"application-cta-create-content-text\">Szybko. \u0141atwo. Bez kodowania.<\/div>\n\n                            <a class=\"application-cta-create-content-button button-48 button-has-right-icon button-black button\" href=\"\">\n                                <span class=\"button-label\">Utw\u00f3rz wid\u017cet<\/span>\n\n                                <svg class=\"button-icon\">\n                                    <use xlink:href=\"#icon-arrow-link\"><\/use>\n                                <\/svg>\n                            <\/a>\n                        <\/div>\n                    <\/div>\n                <\/div>\n<div class=\"application-examples-item application-examples-item-loading\">\n                            <div class=\"col-row\">\n                                <div class=\"col-6 col-m-8 col-s-12\"><h3 class=\"application-examples-item-title\">4: Przyk\u0142ad Wielokolumnowy<\/h3><div class=\"application-examples-item-description\">Roz\u0142o\u017cenie tre\u015bci na kilka kolumn odbywa si\u0119 automatycznie, aby uzyska\u0107 najlepszy wygl\u0105d. Pomaga zaoszcz\u0119dzi\u0107 miejsce na stronie i stworzy\u0107 kompaktowy wid\u017cet. Wszystkie informacje s\u0105 widoczne na pierwszy rzut oka.<\/div><\/div>\n                <\/div>\n\n                <div class=\"application-examples-item-iframe-container browser-frame\">\n                    <div class=\"application-examples-item-iframe-wrapper\">\n                        <iframe class=\"application-examples-item-iframe\" data-src=\"https:\/\/elfsight.com\/examples?widget_id=8efee068-5499-4ccd-968b-90adebff4d1e&padding=20px+40px+40px\" width=\"100%\" allow=\"autoplay; fullscreen\"><\/iframe>\n                    <\/div>\n\n                    <div class=\"application-examples-item-loader\"><\/div>\n                <\/div>\n            <\/div>\n<div class=\"application-examples-item application-examples-item-loading\">\n                            <div class=\"col-row\">\n                                <div class=\"col-6 col-m-8 col-s-12\"><h3 class=\"application-examples-item-title\">5: Przyk\u0142ad Rozwijany<\/h3><div class=\"application-examples-item-description\">Ta modyfikacja uk\u0142adu Harmonijka pokazuje pytania i odpowiedzi z separatorami, ale bez zewn\u0119trznych granic. Strza\u0142ki wskazuj\u0105, \u017ce odpowiedzi s\u0105 ujawniane po klikni\u0119ciu. Ten szablon ma czysty, minimalistyczny wygl\u0105d.<\/div><\/div>\n                <\/div>\n\n                <div class=\"application-examples-item-iframe-container browser-frame\">\n                    <div class=\"application-examples-item-iframe-wrapper\">\n                        <iframe class=\"application-examples-item-iframe\" data-src=\"https:\/\/elfsight.com\/examples?widget_id=2f97b089-2018-48e5-b4a9-05f8097fa52b&padding=20px+40px+40px\" width=\"100%\" allow=\"autoplay; fullscreen\"><\/iframe>\n                    <\/div>\n\n                    <div class=\"application-examples-item-loader\"><\/div>\n                <\/div>\n            <\/div>\n<div class=\"application-examples-item application-examples-item-loading\">\n                            <div class=\"col-row\">\n                                <div class=\"col-6 col-m-8 col-s-12\"><h3 class=\"application-examples-item-title\">6: Przyk\u0142ad Niestandardowych Kolorow<\/h3><div class=\"application-examples-item-description\">Mo\u017cesz dowolnie wybiera\u0107 kolory tekstu pyta\u0144, tekstu odpowiedzi, t\u0142a i nazw kategorii, aby uzyska\u0107 najbardziej zr\u00f3wnowa\u017cony wygl\u0105d wid\u017cetu FAQ. Mo\u017ce on kontrastowa\u0107 z g\u0142\u00f3wnym schematem kolor\u00f3w Twojej strony lub tworzy\u0107 dopasowanie.<\/div><\/div>\n                <\/div>\n\n                <div class=\"application-examples-item-iframe-container browser-frame\">\n                    <div class=\"application-examples-item-iframe-wrapper\">\n                        <iframe class=\"application-examples-item-iframe\" data-src=\"https:\/\/elfsight.com\/examples?widget_id=6a2dc9b7-51d5-4599-a45b-87aff7e8fa1f&padding=20px+40px+40px\" width=\"100%\" allow=\"autoplay; fullscreen\"><\/iframe>\n                    <\/div>\n\n                    <div class=\"application-examples-item-loader\"><\/div>\n                <\/div>\n            <\/div>\n","protected":false},"excerpt":{"rendered":"","protected":false},"author":13,"featured_media":0,"parent":2064,"menu_order":0,"comment_status":"closed","ping_status":"closed","template":"templates\/template-application-examples.php","meta":{"publish_to_discourse":"","publish_post_category":"","wpdc_auto_publish_overridden":"","wpdc_topic_tags":"","wpdc_pin_topic":"","wpdc_pin_until":"","discourse_post_id":"","discourse_permalink":"","wpdc_publishing_response":"","wpdc_publishing_error":"","footnotes":""},"class_list":["post-2082","page","type-page","status-publish","hentry"],"yoast_head":"<!-- This site is optimized with the Yoast SEO plugin v25.3.1 - https:\/\/yoast.com\/wordpress\/plugins\/seo\/ -->\n<title>TOP 6 przyk\u0142ad\u00f3w sekcji FAQ na stronie internetowej (w 2020 r.)<\/title>\n<meta name=\"description\" content=\"TOP 5 przyk\u0142ad\u00f3w FAQ na stronie www: harmonika FAQ, kategorie, prosty, wielokolumnowy, lista rozwijana, i inne szablony.\" \/>\n<meta name=\"robots\" content=\"index, follow, max-snippet:-1, max-image-preview:large, max-video-preview:-1\" \/>\n<link rel=\"canonical\" href=\"https:\/\/elfsight.com\/pl\/accordion-faq-widget\/examples\/\" \/>\n<meta property=\"og:locale\" content=\"pl_PL\" \/>\n<meta property=\"og:type\" content=\"article\" \/>\n<meta property=\"og:title\" content=\"TOP 6 przyk\u0142ad\u00f3w sekcji FAQ na stronie internetowej (w 2020 r.)\" \/>\n<meta property=\"og:description\" content=\"TOP 5 przyk\u0142ad\u00f3w FAQ na stronie www: harmonika FAQ, kategorie, prosty, wielokolumnowy, lista rozwijana, i inne szablony.\" \/>\n<meta property=\"og:url\" content=\"https:\/\/elfsight.com\/pl\/accordion-faq-widget\/examples\/\" \/>\n<meta property=\"og:site_name\" content=\"Elfsight PL\" \/>\n<meta property=\"article:modified_time\" content=\"2021-02-08T12:47:57+00:00\" \/>\n<meta name=\"twitter:card\" content=\"summary_large_image\" \/>\n<meta name=\"twitter:label1\" content=\"Szacowany czas czytania\" \/>\n\t<meta name=\"twitter:data1\" content=\"2 minuty\" \/>\n<!-- \/ Yoast SEO plugin. -->","yoast_head_json":{"title":"TOP 6 przyk\u0142ad\u00f3w sekcji FAQ na stronie internetowej (w 2020 r.)","description":"TOP 5 przyk\u0142ad\u00f3w FAQ na stronie www: harmonika FAQ, kategorie, prosty, wielokolumnowy, lista rozwijana, i inne szablony.","robots":{"index":"index","follow":"follow","max-snippet":"max-snippet:-1","max-image-preview":"max-image-preview:large","max-video-preview":"max-video-preview:-1"},"canonical":"https:\/\/elfsight.com\/pl\/accordion-faq-widget\/examples\/","og_locale":"pl_PL","og_type":"article","og_title":"TOP 6 przyk\u0142ad\u00f3w sekcji FAQ na stronie internetowej (w 2020 r.)","og_description":"TOP 5 przyk\u0142ad\u00f3w FAQ na stronie www: harmonika FAQ, kategorie, prosty, wielokolumnowy, lista rozwijana, i inne szablony.","og_url":"https:\/\/elfsight.com\/pl\/accordion-faq-widget\/examples\/","og_site_name":"Elfsight PL","article_modified_time":"2021-02-08T12:47:57+00:00","twitter_card":"summary_large_image","twitter_misc":{"Szacowany czas czytania":"2 minuty"},"schema":{"@context":"https:\/\/schema.org","@graph":[{"@type":"WebPage","@id":"https:\/\/elfsight.com\/pl\/accordion-faq-widget\/examples\/","url":"https:\/\/elfsight.com\/pl\/accordion-faq-widget\/examples\/","name":"TOP 6 przyk\u0142ad\u00f3w sekcji FAQ na stronie internetowej (w 2020 r.)","isPartOf":{"@id":"https:\/\/elfsight.com\/pl\/#website"},"datePublished":"2021-02-08T12:39:51+00:00","dateModified":"2021-02-08T12:47:57+00:00","description":"TOP 5 przyk\u0142ad\u00f3w FAQ na stronie www: harmonika FAQ, kategorie, prosty, wielokolumnowy, lista rozwijana, i inne szablony.","breadcrumb":{"@id":"https:\/\/elfsight.com\/pl\/accordion-faq-widget\/examples\/#breadcrumb"},"inLanguage":"pl-PL","potentialAction":[{"@type":"ReadAction","target":["https:\/\/elfsight.com\/pl\/accordion-faq-widget\/examples\/"]}]},{"@type":"BreadcrumbList","@id":"https:\/\/elfsight.com\/pl\/accordion-faq-widget\/examples\/#breadcrumb","itemListElement":[{"@type":"ListItem","position":1,"name":"Home","item":"https:\/\/elfsight.com\/pl\/"},{"@type":"ListItem","position":2,"name":"FAQ","item":"https:\/\/elfsight.com\/pl\/accordion-faq-widget\/"},{"@type":"ListItem","position":3,"name":"FAQ &#8211; Examples"}]},{"@type":"WebSite","@id":"https:\/\/elfsight.com\/pl\/#website","url":"https:\/\/elfsight.com\/pl\/","name":"Elfsight PL","description":"Just another Elfsight Sites site","potentialAction":[{"@type":"SearchAction","target":{"@type":"EntryPoint","urlTemplate":"https:\/\/elfsight.com\/pl\/?s={search_term_string}"},"query-input":{"@type":"PropertyValueSpecification","valueRequired":true,"valueName":"search_term_string"}}],"inLanguage":"pl-PL"}]}},"meta_box":{"industry":"","seo_heading":"","heading":"","description":"","cta_heading":"","cta_description":"","application":"2063","h1":"","h1_caption":"","application_category":[],"applications_title":"","applications_request_title":"","applications_request_button_text":"","hero_text":"","hero_video":"","hero_video_schema_markup":"","selling_points_title":"","selling_points_caption":"","selling_points":[],"selling_points_cta_text":"","features_title":"","features":"","ed_cta_examples_text":"","ed_cta_examples_hidden":"","ed_cta_demo_text":"","ed_cta_demo_hidden":"","why_caption":"","why_editor_title":"","why_editor_text":"","why_team_title":"","why_team_text":"","why_service_title":"","why_service_text":"","template_catalog_visible":"","template_catalog_title":"","template_catalog_text":"","template_catalog_categories_visible":"","demo_title":"","demo_caption":"","default_faq_hidden":"","app_template_category":[],"platform":"","template_public_id":"","codecanyon_url":"","codecanyon_item_id":"","codecanyon_price":"","pricing_caption":"","pricing_elfsight_apps_hide_column":"","pricing_elfsight_apps_url":"","pricing_codecanyon_price_caption":"","integration_category":[],"integration_request_title":"","integration_request_cta":"","integration_platform":"","integrations":[],"platform_category":[],"video_schema_markup":"","price":"","trial":"","benefits":[],"button_url":"","button_target_blank":"","button_nofollow":"","attributes":[],"tags":[],"tags_disable_links":"","hide_more_platforms":"","video_object":"","demo_hide_cta":"","demo_hide_cloud_options":"","pricing_title":"","pricing":[],"related_apps_title":"","related_apps_hidden":"","author":"","image":[],"title":"","job":"","social_networks":[]},"_links":{"self":[{"href":"https:\/\/elfsight.com\/pl\/wp-json\/wp\/v2\/pages\/2082","targetHints":{"allow":["GET"]}}],"collection":[{"href":"https:\/\/elfsight.com\/pl\/wp-json\/wp\/v2\/pages"}],"about":[{"href":"https:\/\/elfsight.com\/pl\/wp-json\/wp\/v2\/types\/page"}],"author":[{"embeddable":true,"href":"https:\/\/elfsight.com\/pl\/wp-json\/wp\/v2\/users\/13"}],"replies":[{"embeddable":true,"href":"https:\/\/elfsight.com\/pl\/wp-json\/wp\/v2\/comments?post=2082"}],"version-history":[{"count":7,"href":"https:\/\/elfsight.com\/pl\/wp-json\/wp\/v2\/pages\/2082\/revisions"}],"predecessor-version":[{"id":2089,"href":"https:\/\/elfsight.com\/pl\/wp-json\/wp\/v2\/pages\/2082\/revisions\/2089"}],"up":[{"embeddable":true,"href":"https:\/\/elfsight.com\/pl\/wp-json\/wp\/v2\/pages\/2064"}],"wp:attachment":[{"href":"https:\/\/elfsight.com\/pl\/wp-json\/wp\/v2\/media?parent=2082"}],"curies":[{"name":"wp","href":"https:\/\/api.w.org\/{rel}","templated":true}]}}