{"id":2049,"date":"2021-02-05T08:06:03","date_gmt":"2021-02-05T08:06:03","guid":{"rendered":"https:\/\/elfsight.com\/pl\/?page_id=2049"},"modified":"2021-02-05T08:14:41","modified_gmt":"2021-02-05T08:14:41","slug":"examples","status":"publish","type":"page","link":"https:\/\/elfsight.com\/pl\/pricing-table-plugin\/examples\/","title":{"rendered":"Pricing Table &#8211; Examples"},"content":{"rendered":"\n<div class=\"application-examples-item application-examples-item-loading\">\n                            <div class=\"col-row\">\n                                <div class=\"col-6 col-m-8 col-s-12\"><h3 class=\"application-examples-item-title\">Przyk\u0142ad 1: Cennik Siatka<\/h3><div class=\"application-examples-item-description\">Plany s\u0105 zorganizowane w przedziale od najta\u0144szego do premium, wype\u0142nionego korzy\u015bciami. Uk\u0142ad siatki pomaga uczyni\u0107 j\u0105 kompaktow\u0105 i sp\u00f3jn\u0105. Wyr\u00f3\u017cniona kolumna jest tutaj, aby wskaza\u0107 najbardziej op\u0142acalny plan i ma na sobie wst\u0105\u017ck\u0119.<\/div><\/div>\n                <\/div>\n\n                <div class=\"application-examples-item-iframe-container browser-frame\">\n                    <div class=\"application-examples-item-iframe-wrapper\">\n                        <iframe class=\"application-examples-item-iframe\" data-src=\"https:\/\/elfsight.com\/examples?widget_id=2c5b5f99-73c3-4077-ae93-5864b3340fcf&padding=28px+0+28px+0\" width=\"100%\" allow=\"autoplay; fullscreen\"><\/iframe>\n                    <\/div>\n\n                    <div class=\"application-examples-item-loader\"><\/div>\n                <\/div>\n            <\/div>\n<div class=\"application-examples-item application-examples-item-loading\">\n                            <div class=\"col-row\">\n                                <div class=\"col-6 col-m-8 col-s-12\"><h3 class=\"application-examples-item-title\">Przyk\u0142ad 2: Cennik Kolumny<\/h3><div class=\"application-examples-item-description\">Ta tabela cen pokazuje oddzielne oferty w uk\u0142adzie kolumn i do\u0142\u0105cza do nich zdj\u0119cia w celu lepszej wizualizacji. Ceny zawieraj\u0105 wszystkie dost\u0119pne elementy:  prefix, postfix i symbol waluty. Kolorystyka tabeli dostosowuje si\u0119 do stylu strony.<\/div><\/div>\n                <\/div>\n\n                <div class=\"application-examples-item-iframe-container browser-frame\">\n                    <div class=\"application-examples-item-iframe-wrapper\">\n                        <iframe class=\"application-examples-item-iframe\" data-src=\"https:\/\/elfsight.com\/examples?widget_id=a75f36a2-4dea-4900-becc-f11d28120e3c&padding=28px+0+28px+0\" width=\"100%\" allow=\"autoplay; fullscreen\"><\/iframe>\n                    <\/div>\n\n                    <div class=\"application-examples-item-loader\"><\/div>\n                <\/div>\n            <\/div>\n<div class=\"application-cta-create\">\n                    <div class=\"application-cta-create-bg\">\n                        <div class=\"application-cta-create-bg-left\"><\/div>\n\n                        <div class=\"application-cta-create-bg-right\">\n                            <img decoding=\"async\" src=\"https:\/\/elfsight.com\/pl\/wp-content\/themes\/elfsight\/frontend\/assets\/img\/application-cta-create.jpg\" alt=\"Zacznij od stworzenia swojego wid\u017cetu\">\n                        <\/div>\n                    <\/div>\n\n                    <div class=\"application-cta-create-content inner\">\n                        <div class=\"application-cta-create-content-inner\">\n                            <div class=\"application-cta-create-content-icon\">\n                                <svg viewBox=\"0 0 25 25\" width=\"100%\" height=\"100%\">\n                                    <use xlink:href=\"#icon-settings\"><\/use>\n                                <\/svg>\n                            <\/div>\n\n                            <div class=\"application-cta-create-content-title\">Zacznij od stworzenia swojego wid\u017cetu<\/div>\n\n                            <div class=\"application-cta-create-content-text\">Szybko. \u0141atwo. Bez kodowania.<\/div>\n\n                            <a class=\"application-cta-create-content-button button-48 button-has-right-icon button-black button\" href=\"\">\n                                <span class=\"button-label\">Utw\u00f3rz wid\u017cet<\/span>\n\n                                <svg class=\"button-icon\">\n                                    <use xlink:href=\"#icon-arrow-link\"><\/use>\n                                <\/svg>\n                            <\/a>\n                        <\/div>\n                    <\/div>\n                <\/div>\n<div class=\"application-examples-item application-examples-item-loading\">\n                            <div class=\"col-row\">\n                                <div class=\"col-6 col-m-8 col-s-12\"><h3 class=\"application-examples-item-title\">Przyk\u0142ad 3:  Tabela Por\u00f3wnawcza<\/h3><div class=\"application-examples-item-description\">Ten widget, zorganizowany jako prawdziwa tabela, bardzo u\u0142atwia u\u017cytkownikom por\u00f3wnywanie funkcji wszystkich ofert. Wszystkie cechy planu mo\u017cna por\u00f3wna\u0107 z innymi ofertami. Wybrana sk\u00f3ra sprawia, \u017ce tabela jest minimalistyczna i jasna.<\/div><\/div>\n                <\/div>\n\n                <div class=\"application-examples-item-iframe-container browser-frame\">\n                    <div class=\"application-examples-item-iframe-wrapper\">\n                        <iframe class=\"application-examples-item-iframe\" data-src=\"https:\/\/elfsight.com\/examples?widget_id=20251e8b-e8ba-459f-b9ab-576507562a0b&padding=28px+0+28px+0\" width=\"100%\" allow=\"autoplay; fullscreen\"><\/iframe>\n                    <\/div>\n\n                    <div class=\"application-examples-item-loader\"><\/div>\n                <\/div>\n            <\/div>\n<div class=\"application-examples-item application-examples-item-loading\">\n                            <div class=\"col-row\">\n                                <div class=\"col-6 col-m-8 col-s-12\"><h3 class=\"application-examples-item-title\">Przyk\u0142ad 4:  Plany Serwisowe<\/h3><div class=\"application-examples-item-description\">W tym przyk\u0142adzie dodano jeszcze jedn\u0105 kolumn\u0119, aby wy\u015bwietli\u0107 wszystkie dost\u0119pne plany. Elastyczno\u015b\u0107 ustawie\u0144 pozwoli\u0142a na zmian\u0119 kolejno\u015bci element\u00f3w kolumn, dzi\u0119ki czemu wskazania cenowe wykracza\u0142y poza opis planu. Rozmiar czcionki zosta\u0142 zwi\u0119kszony wraz z grubo\u015bci\u0105, aby ceny wygl\u0105da\u0142y pot\u0119\u017cnie.<\/div><\/div>\n                <\/div>\n\n                <div class=\"application-examples-item-iframe-container browser-frame\">\n                    <div class=\"application-examples-item-iframe-wrapper\">\n                        <iframe class=\"application-examples-item-iframe\" data-src=\"https:\/\/elfsight.com\/examples?widget_id=19d77132-ca80-4a64-9c5b-b4e890c20e48&padding=28px+0+28px+0\" width=\"100%\" allow=\"autoplay; fullscreen\"><\/iframe>\n                    <\/div>\n\n                    <div class=\"application-examples-item-loader\"><\/div>\n                <\/div>\n            <\/div>\n","protected":false},"excerpt":{"rendered":"","protected":false},"author":13,"featured_media":0,"parent":2029,"menu_order":0,"comment_status":"closed","ping_status":"closed","template":"templates\/template-application-examples.php","meta":{"publish_to_discourse":"","publish_post_category":"","wpdc_auto_publish_overridden":"","wpdc_topic_tags":"","wpdc_pin_topic":"","wpdc_pin_until":"","discourse_post_id":"","discourse_permalink":"","wpdc_publishing_response":"","wpdc_publishing_error":"","footnotes":""},"class_list":["post-2049","page","type-page","status-publish","hentry"],"yoast_head":"<!-- This site is optimized with the Yoast SEO plugin v25.3.1 - https:\/\/yoast.com\/wordpress\/plugins\/seo\/ -->\n<title>TOP 4 przyk\u0142ady Cennik\u00f3w na stronie internetowej (2025)<\/title>\n<meta name=\"description\" content=\"TOP 4 Przyk\u0142ady Cennika: tabela cen, kolumny cenowe, tabela por\u00f3wnawcza, plany serwisowe i inne szablony dla Twojej strony www.\" \/>\n<meta name=\"robots\" content=\"index, follow, max-snippet:-1, max-image-preview:large, max-video-preview:-1\" \/>\n<link rel=\"canonical\" href=\"https:\/\/elfsight.com\/pl\/pricing-table-plugin\/examples\/\" \/>\n<meta property=\"og:locale\" content=\"pl_PL\" \/>\n<meta property=\"og:type\" content=\"article\" \/>\n<meta property=\"og:title\" content=\"TOP 4 przyk\u0142ady Cennik\u00f3w na stronie internetowej (2025)\" \/>\n<meta property=\"og:description\" content=\"TOP 4 Przyk\u0142ady Cennika: tabela cen, kolumny cenowe, tabela por\u00f3wnawcza, plany serwisowe i inne szablony dla Twojej strony www.\" \/>\n<meta property=\"og:url\" content=\"https:\/\/elfsight.com\/pl\/pricing-table-plugin\/examples\/\" \/>\n<meta property=\"og:site_name\" content=\"Elfsight PL\" \/>\n<meta property=\"article:modified_time\" content=\"2021-02-05T08:14:41+00:00\" \/>\n<meta name=\"twitter:card\" content=\"summary_large_image\" \/>\n<meta name=\"twitter:label1\" content=\"Szacowany czas czytania\" \/>\n\t<meta name=\"twitter:data1\" content=\"1 minuta\" \/>\n<!-- \/ Yoast SEO plugin. -->","yoast_head_json":{"title":"TOP 4 przyk\u0142ady Cennik\u00f3w na stronie internetowej (2025)","description":"TOP 4 Przyk\u0142ady Cennika: tabela cen, kolumny cenowe, tabela por\u00f3wnawcza, plany serwisowe i inne szablony dla Twojej strony www.","robots":{"index":"index","follow":"follow","max-snippet":"max-snippet:-1","max-image-preview":"max-image-preview:large","max-video-preview":"max-video-preview:-1"},"canonical":"https:\/\/elfsight.com\/pl\/pricing-table-plugin\/examples\/","og_locale":"pl_PL","og_type":"article","og_title":"TOP 4 przyk\u0142ady Cennik\u00f3w na stronie internetowej (2025)","og_description":"TOP 4 Przyk\u0142ady Cennika: tabela cen, kolumny cenowe, tabela por\u00f3wnawcza, plany serwisowe i inne szablony dla Twojej strony www.","og_url":"https:\/\/elfsight.com\/pl\/pricing-table-plugin\/examples\/","og_site_name":"Elfsight PL","article_modified_time":"2021-02-05T08:14:41+00:00","twitter_card":"summary_large_image","twitter_misc":{"Szacowany czas czytania":"1 minuta"},"schema":{"@context":"https:\/\/schema.org","@graph":[{"@type":"WebPage","@id":"https:\/\/elfsight.com\/pl\/pricing-table-plugin\/examples\/","url":"https:\/\/elfsight.com\/pl\/pricing-table-plugin\/examples\/","name":"TOP 4 przyk\u0142ady Cennik\u00f3w na stronie internetowej (2025)","isPartOf":{"@id":"https:\/\/elfsight.com\/pl\/#website"},"datePublished":"2021-02-05T08:06:03+00:00","dateModified":"2021-02-05T08:14:41+00:00","description":"TOP 4 Przyk\u0142ady Cennika: tabela cen, kolumny cenowe, tabela por\u00f3wnawcza, plany serwisowe i inne szablony dla Twojej strony www.","breadcrumb":{"@id":"https:\/\/elfsight.com\/pl\/pricing-table-plugin\/examples\/#breadcrumb"},"inLanguage":"pl-PL","potentialAction":[{"@type":"ReadAction","target":["https:\/\/elfsight.com\/pl\/pricing-table-plugin\/examples\/"]}]},{"@type":"BreadcrumbList","@id":"https:\/\/elfsight.com\/pl\/pricing-table-plugin\/examples\/#breadcrumb","itemListElement":[{"@type":"ListItem","position":1,"name":"Home","item":"https:\/\/elfsight.com\/pl\/"},{"@type":"ListItem","position":2,"name":"Pricing Table","item":"https:\/\/elfsight.com\/pl\/pricing-table-plugin\/"},{"@type":"ListItem","position":3,"name":"Pricing Table &#8211; Examples"}]},{"@type":"WebSite","@id":"https:\/\/elfsight.com\/pl\/#website","url":"https:\/\/elfsight.com\/pl\/","name":"Elfsight PL","description":"Just another Elfsight Sites site","potentialAction":[{"@type":"SearchAction","target":{"@type":"EntryPoint","urlTemplate":"https:\/\/elfsight.com\/pl\/?s={search_term_string}"},"query-input":{"@type":"PropertyValueSpecification","valueRequired":true,"valueName":"search_term_string"}}],"inLanguage":"pl-PL"}]}},"meta_box":{"industry":"","seo_heading":"","heading":"","description":"","cta_heading":"","cta_description":"","application":"2028","h1":"","h1_caption":"","application_category":[],"applications_title":"","applications_request_title":"","applications_request_button_text":"","hero_text":"","hero_video":"","hero_video_schema_markup":"","selling_points_title":"","selling_points_caption":"","selling_points":[],"selling_points_cta_text":"","features_title":"","features":"","ed_cta_examples_text":"","ed_cta_examples_hidden":"","ed_cta_demo_text":"","ed_cta_demo_hidden":"","why_caption":"","why_editor_title":"","why_editor_text":"","why_team_title":"","why_team_text":"","why_service_title":"","why_service_text":"","template_catalog_visible":"","template_catalog_title":"","template_catalog_text":"","template_catalog_categories_visible":"","demo_title":"","demo_caption":"","default_faq_hidden":"","app_template_category":[],"platform":"","template_public_id":"","codecanyon_url":"","codecanyon_item_id":"","codecanyon_price":"","pricing_caption":"","pricing_elfsight_apps_hide_column":"","pricing_elfsight_apps_url":"","pricing_codecanyon_price_caption":"","integration_category":[],"integration_request_title":"","integration_request_cta":"","integration_platform":"","integrations":[],"platform_category":[],"video_schema_markup":"","price":"","trial":"","benefits":[],"button_url":"","button_target_blank":"","button_nofollow":"","attributes":[],"tags":[],"tags_disable_links":"","hide_more_platforms":"","video_object":"","demo_hide_cta":"","demo_hide_cloud_options":"","pricing_title":"","pricing":[],"related_apps_title":"","related_apps_hidden":"","author":"","image":[],"title":"","job":"","social_networks":[]},"_links":{"self":[{"href":"https:\/\/elfsight.com\/pl\/wp-json\/wp\/v2\/pages\/2049","targetHints":{"allow":["GET"]}}],"collection":[{"href":"https:\/\/elfsight.com\/pl\/wp-json\/wp\/v2\/pages"}],"about":[{"href":"https:\/\/elfsight.com\/pl\/wp-json\/wp\/v2\/types\/page"}],"author":[{"embeddable":true,"href":"https:\/\/elfsight.com\/pl\/wp-json\/wp\/v2\/users\/13"}],"replies":[{"embeddable":true,"href":"https:\/\/elfsight.com\/pl\/wp-json\/wp\/v2\/comments?post=2049"}],"version-history":[{"count":4,"href":"https:\/\/elfsight.com\/pl\/wp-json\/wp\/v2\/pages\/2049\/revisions"}],"predecessor-version":[{"id":2053,"href":"https:\/\/elfsight.com\/pl\/wp-json\/wp\/v2\/pages\/2049\/revisions\/2053"}],"up":[{"embeddable":true,"href":"https:\/\/elfsight.com\/pl\/wp-json\/wp\/v2\/pages\/2029"}],"wp:attachment":[{"href":"https:\/\/elfsight.com\/pl\/wp-json\/wp\/v2\/media?parent=2049"}],"curies":[{"name":"wp","href":"https:\/\/api.w.org\/{rel}","templated":true}]}}